{"id":247877,"date":"2025-10-29T16:18:27","date_gmt":"2025-10-29T16:18:27","guid":{"rendered":"https:\/\/dev.tg4.ie\/?page_id=247877"},"modified":"2025-11-14T09:59:53","modified_gmt":"2025-11-14T09:59:53","slug":"nuashonru-maidir-leis-na-haiteanna-ar-feidir-feachaint-ar-cula4","status":"publish","type":"page","link":"https:\/\/dev.tg4.ie\/ga\/eolas\/preas\/nuacht-raitis\/2025-2\/nuashonru-maidir-leis-na-haiteanna-ar-feidir-feachaint-ar-cula4\/","title":{"rendered":"Nuashonr\u00fa maidir leis na h\u00c1iteanna\u00a0ar f\u00e9idir f\u00e9achaint ar C\u00fala4"},"content":{"rendered":"<p><img loading=\"lazy\" decoding=\"async\" width=\"1200\" height=\"675\" src=\"https:\/\/tg4-docs.s3.amazonaws.com\/wp-content\/uploads\/2025\/10\/29153536\/Niamh-Ni-Chroinin-1200_675.png\" alt=\"Niamh N\u00ed Chr\u00f3in\u00edn C\u00fala4\" class=\"alignnone size-full wp-image-247879\" srcset=\"https:\/\/tg4-docs.s3.amazonaws.com\/wp-content\/uploads\/2025\/10\/29153536\/Niamh-Ni-Chroinin-1200_675.png 1200w, https:\/\/tg4-docs.s3.amazonaws.com\/wp-content\/uploads\/2025\/10\/29153536\/Niamh-Ni-Chroinin-1200_675-250x141.png 250w, https:\/\/tg4-docs.s3.amazonaws.com\/wp-content\/uploads\/2025\/10\/29153536\/Niamh-Ni-Chroinin-1200_675-700x394.png 700w, https:\/\/tg4-docs.s3.amazonaws.com\/wp-content\/uploads\/2025\/10\/29153536\/Niamh-Ni-Chroinin-1200_675-252x141.png 252w, https:\/\/tg4-docs.s3.amazonaws.com\/wp-content\/uploads\/2025\/10\/29153536\/Niamh-Ni-Chroinin-1200_675-120x68.png 120w\" sizes=\"(max-width: 1200px) 100vw, 1200px\" \/><br \/>\n&nbsp;<\/p>\n<p><a href=\"https:\/\/www.youtube.com\/watch?v=MVaWpGgGCXo\">Blais\u00edn C\u00fala4<\/a><br \/>\n&nbsp;<\/p>\n<p>Bh\u00ed <strong>C\u00fala4 dh\u00e1 bhliain ar an aer i m\u00ed Mhe\u00e1n F\u00f3mhair 2025<\/strong>, agus rinneadh ceili\u00faradh ar dh\u00e1 bhliain mh\u00f3ra de bheith ag spreagadh an lucht f\u00e9achana \u00f3ig, ag cur oideachais orthu agus ag cur siamsa\u00edochta ar f\u00e1il d\u00f3ibh i nGaeilge. <\/p>\n<p><img loading=\"lazy\" decoding=\"async\" width=\"1200\" height=\"675\" src=\"https:\/\/tg4-docs.s3.amazonaws.com\/wp-content\/uploads\/2025\/10\/29154057\/Laithreoiri-C4_1200_675.jpg\" alt=\"L\u00e1itheoir\u00ed C\u00fala4\" class=\"alignnone size-full wp-image-247880\" srcset=\"https:\/\/tg4-docs.s3.amazonaws.com\/wp-content\/uploads\/2025\/10\/29154057\/Laithreoiri-C4_1200_675.jpg 1200w, https:\/\/tg4-docs.s3.amazonaws.com\/wp-content\/uploads\/2025\/10\/29154057\/Laithreoiri-C4_1200_675-250x141.jpg 250w, https:\/\/tg4-docs.s3.amazonaws.com\/wp-content\/uploads\/2025\/10\/29154057\/Laithreoiri-C4_1200_675-700x394.jpg 700w, https:\/\/tg4-docs.s3.amazonaws.com\/wp-content\/uploads\/2025\/10\/29154057\/Laithreoiri-C4_1200_675-252x141.jpg 252w, https:\/\/tg4-docs.s3.amazonaws.com\/wp-content\/uploads\/2025\/10\/29154057\/Laithreoiri-C4_1200_675-120x68.jpg 120w\" sizes=\"(max-width: 1200px) 100vw, 1200px\" \/><\/p>\n<h4><center>L\u00e1itheoir\u00ed C\u00fala4: (C-D) <strong>S\u00edle N\u00ed Chonghaile, Seosamh Mac Seoin &#038; Nimah N\u00ed Chr\u00f3in\u00edn<\/strong><\/center><\/h4>\n<p>&nbsp;<\/p>\n<p>\u00d3 seoladh an cain\u00e9al i m\u00ed Mhe\u00e1n F\u00f3mhair 2023, is sp\u00e1s br\u00edomhar iontaofa anois \u00e9 C\u00fala4 (cain\u00e9al tiomnaithe do dhaoine \u00f3ga) do leana\u00ed agus do theaghlaigh ar fud na h\u00c9ireann agus b\u00edonn s\u00e9 ar an aer \u00f3 <strong>6am go 8pm<\/strong> gach l\u00e1. Leanann an cain\u00e9al de mheasc\u00e1n spra\u00ed\u00fail agus \u00e9ags\u00fail d&#8217;\u00e1bhar beochana, dr\u00e1ma\u00edochta, siamsa\u00edochta agus oideachais a chur ar f\u00e1il, a bhfuil s\u00e9 d\u2019aidhm aige gr\u00e1 don Ghaeilge a choth\u00fa i measc lucht f\u00e9achana n\u00edos \u00f3ige.<br \/>\n&nbsp;<\/p>\n<p>Mar chuid de nuashonruithe lean\u00fanacha, t\u00e1 TG4 ag cur <strong>uimhreacha nua chain\u00e9il Sky<\/strong> do C\u00fala4 i gcuimhne don lucht f\u00e9achana lena chinnti\u00fa go mbeidh teacht go h\u00e9asca i gc\u00f3na\u00ed ag teaghlaigh ar fud na h\u00c9ireann air.<br \/>\n&nbsp;<\/p>\n<p><center><img loading=\"lazy\" decoding=\"async\" width=\"1080\" height=\"1080\" src=\"https:\/\/tg4-docs.s3.amazonaws.com\/wp-content\/uploads\/2025\/11\/14095920\/Mapa-C4-ceart.png\" alt=\"Eolas C\u00fala4\" class=\"aligncenter size-full wp-image-248029\" srcset=\"https:\/\/tg4-docs.s3.amazonaws.com\/wp-content\/uploads\/2025\/11\/14095920\/Mapa-C4-ceart.png 1080w, https:\/\/tg4-docs.s3.amazonaws.com\/wp-content\/uploads\/2025\/11\/14095920\/Mapa-C4-ceart-250x250.png 250w, https:\/\/tg4-docs.s3.amazonaws.com\/wp-content\/uploads\/2025\/11\/14095920\/Mapa-C4-ceart-700x700.png 700w, https:\/\/tg4-docs.s3.amazonaws.com\/wp-content\/uploads\/2025\/11\/14095920\/Mapa-C4-ceart-141x141.png 141w, https:\/\/tg4-docs.s3.amazonaws.com\/wp-content\/uploads\/2025\/11\/14095920\/Mapa-C4-ceart-120x120.png 120w\" sizes=\"(max-width: 1080px) 100vw, 1080px\" \/><\/center><br \/>\n&nbsp;<\/p>\n<h2><strong><center>C\u00e9n \u00e1it ar f\u00e9idir F\u00e9achaint ar C\u00fala4? &#8211; Eolas Nuashonraithe ar na Cain\u00e9il:<\/center><\/strong><\/h2>\n<ul>\n<li><strong>Sky<\/strong>: Ar <strong>Chain\u00e9al 621<\/strong> anois i bPoblacht na h\u00c9ireann &#038; <strong>Sky: Cain\u00e9al 624<\/strong> i dTuaisceart \u00c9ireann<\/li>\n<li><strong>Sky Glass<\/strong>: i bPoblacht na h\u00c9ireann <strong>202<\/strong> &#038; <strong>214<\/strong> i dTuaisceart \u00c9ireann<\/li>\n<li><strong>Saorview<\/strong>: Cain\u00e9al <strong>18<\/strong><\/li>\n<li><strong>Virgin Media<\/strong>: Cain\u00e9al <strong>602<\/strong><\/li>\n<li><strong>Eir TV<\/strong>: Le f\u00e1il ar ard\u00e1n Eir TV<\/li>\n<li><strong>Android TV<\/strong><\/li>\n<li><strong>Fire TV<\/strong><\/li>\n<li><strong>Sony<\/strong><\/li>\n<li><strong>Vodafone 616<\/strong><\/li>\n<li><strong>Ar L\u00edne<\/strong>: Cula4.com<\/li>\n<li><strong>Aip C\u00fala4<\/strong><\/li>\n<\/ul>\n<p>&nbsp;<\/p>\n<p>Leanann C\u00fala4 ag dul \u00f3 neart go neart agus ag cur cl\u00e1ir ardchaighde\u00e1in ar f\u00e1il a thaca\u00edonn le foghlaim na teanga, leis an gcruthaitheacht agus le br\u00f3d cult\u00fair. \u00a0\u00a0\u00a0\u00a0<br \/>\n&nbsp;<\/p>\n<h2><strong>Lean C\u00fala4 ar L\u00edne<\/strong><\/h2>\n<p>&nbsp;<br \/>\nB\u00ed ar an eolas faoi na cl\u00e1ir, m\u00edreanna agus gn\u00edomha\u00edochta\u00ed is d\u00e9ana\u00ed ar:\u00a0<\/p>\n<ul>\n<li><strong>YouTube<\/strong>:  @C\u00fala4<\/li>\n<li><strong>Instagram<\/strong>:  @cula4_tg4<\/li>\n<li><strong>Facebook<\/strong>:  C\u00fala4<\/li>\n<li><strong>TikTok<\/strong>:  @cula4tg4<br \/>\n&nbsp;<\/p>\n","protected":false},"excerpt":{"rendered":"<p>&nbsp; Blais\u00edn C\u00fala4 &nbsp; Bh\u00ed C\u00fala4 dh\u00e1 bhliain ar an aer i m\u00ed Mhe\u00e1n F\u00f3mhair 2025, agus rinneadh ceili\u00faradh ar dh\u00e1 bhliain mh\u00f3ra de bheith ag spreagadh an lucht f\u00e9achana \u00f3ig, ag cur oideachais orthu agus ag cur siamsa\u00edochta ar f\u00e1il d\u00f3ibh i nGaeilge. L\u00e1itheoir\u00ed C\u00fala4: (C-D) S\u00edle N\u00ed Chonghaile, Seosamh Mac Seoin &#038; Nimah [&hellip;]<\/p>\n","protected":false},"author":876,"featured_media":0,"parent":236807,"menu_order":65,"comment_status":"closed","ping_status":"closed","template":"page-templates\/template-pr.php","meta":{"_acf_changed":false,"footnotes":""},"acf":[],"yoast_head":"<!-- This site is optimized with the Yoast SEO plugin v22.6 - https:\/\/yoast.com\/wordpress\/plugins\/seo\/ -->\n<title>Nuashonr\u00fa maidir leis na h\u00c1iteanna ar f\u00e9idir F\u00e9achaint ar C\u00fala4 | Preasr\u00e1iteas | TG4<\/title>\n<meta name=\"description\" content=\"C\u00e9n \u00e1it ar f\u00e9idir f\u00e9achaint ar C\u00fala4? - Eolas Nuashonraithe ar na Cain\u00e9il\" \/>\n<meta name=\"robots\" content=\"index, follow, max-snippet:-1, max-image-preview:large, max-video-preview:-1\" \/>\n<meta property=\"og:locale\" content=\"en_US\" \/>\n<meta property=\"og:type\" content=\"article\" \/>\n<meta property=\"og:title\" content=\"Nuashonr\u00fa maidir leis na h\u00c1iteanna ar f\u00e9idir F\u00e9achaint ar C\u00fala4 | Preasr\u00e1iteas | TG4\" \/>\n<meta property=\"og:description\" content=\"C\u00e9n \u00e1it ar f\u00e9idir f\u00e9achaint ar C\u00fala4? - Eolas Nuashonraithe ar na Cain\u00e9il\" \/>\n<meta property=\"og:url\" content=\"https:\/\/dev.tg4.ie\/ga\/eolas\/preas\/nuacht-raitis\/2025-2\/nuashonru-maidir-leis-na-haiteanna-ar-feidir-feachaint-ar-cula4\/\" \/>\n<meta property=\"og:site_name\" content=\"TG4\" \/>\n<meta property=\"article:publisher\" content=\"https:\/\/www.facebook.com\/TG4TV\" \/>\n<meta property=\"article:modified_time\" content=\"2025-11-14T09:59:53+00:00\" \/>\n<meta property=\"og:image\" content=\"https:\/\/dev.tg4.ie\/wp-content\/uploads\/2025\/10\/Niamh-Ni-Chroinin-1200_675.png\" \/>\n<meta name=\"twitter:card\" content=\"summary_large_image\" \/>\n<meta name=\"twitter:site\" content=\"@TG4TV\" \/>\n<meta name=\"twitter:label1\" content=\"Est. reading time\" \/>\n\t<meta name=\"twitter:data1\" content=\"2 minutes\" \/>\n<script type=\"application\/ld+json\" class=\"yoast-schema-graph\">{\"@context\":\"https:\/\/schema.org\",\"@graph\":[{\"@type\":\"WebPage\",\"@id\":\"https:\/\/dev.tg4.ie\/ga\/eolas\/preas\/nuacht-raitis\/2025-2\/nuashonru-maidir-leis-na-haiteanna-ar-feidir-feachaint-ar-cula4\/\",\"url\":\"https:\/\/dev.tg4.ie\/ga\/eolas\/preas\/nuacht-raitis\/2025-2\/nuashonru-maidir-leis-na-haiteanna-ar-feidir-feachaint-ar-cula4\/\",\"name\":\"Nuashonr\u00fa maidir leis na h\u00c1iteanna ar f\u00e9idir F\u00e9achaint ar C\u00fala4 | Preasr\u00e1iteas | TG4\",\"isPartOf\":{\"@id\":\"https:\/\/dev.tg4.ie\/en\/#website\"},\"primaryImageOfPage\":{\"@id\":\"https:\/\/dev.tg4.ie\/ga\/eolas\/preas\/nuacht-raitis\/2025-2\/nuashonru-maidir-leis-na-haiteanna-ar-feidir-feachaint-ar-cula4\/#primaryimage\"},\"image\":{\"@id\":\"https:\/\/dev.tg4.ie\/ga\/eolas\/preas\/nuacht-raitis\/2025-2\/nuashonru-maidir-leis-na-haiteanna-ar-feidir-feachaint-ar-cula4\/#primaryimage\"},\"thumbnailUrl\":\"https:\/\/dev.tg4.ie\/wp-content\/uploads\/2025\/10\/Niamh-Ni-Chroinin-1200_675.png\",\"datePublished\":\"2025-10-29T16:18:27+00:00\",\"dateModified\":\"2025-11-14T09:59:53+00:00\",\"description\":\"C\u00e9n \u00e1it ar f\u00e9idir f\u00e9achaint ar C\u00fala4? - Eolas Nuashonraithe ar na Cain\u00e9il\",\"breadcrumb\":{\"@id\":\"https:\/\/dev.tg4.ie\/ga\/eolas\/preas\/nuacht-raitis\/2025-2\/nuashonru-maidir-leis-na-haiteanna-ar-feidir-feachaint-ar-cula4\/#breadcrumb\"},\"inLanguage\":\"ga\",\"potentialAction\":[{\"@type\":\"ReadAction\",\"target\":[\"https:\/\/dev.tg4.ie\/ga\/eolas\/preas\/nuacht-raitis\/2025-2\/nuashonru-maidir-leis-na-haiteanna-ar-feidir-feachaint-ar-cula4\/\"]}]},{\"@type\":\"ImageObject\",\"inLanguage\":\"ga\",\"@id\":\"https:\/\/dev.tg4.ie\/ga\/eolas\/preas\/nuacht-raitis\/2025-2\/nuashonru-maidir-leis-na-haiteanna-ar-feidir-feachaint-ar-cula4\/#primaryimage\",\"url\":\"https:\/\/dev.tg4.ie\/wp-content\/uploads\/2025\/10\/Niamh-Ni-Chroinin-1200_675.png\",\"contentUrl\":\"https:\/\/dev.tg4.ie\/wp-content\/uploads\/2025\/10\/Niamh-Ni-Chroinin-1200_675.png\"},{\"@type\":\"BreadcrumbList\",\"@id\":\"https:\/\/dev.tg4.ie\/ga\/eolas\/preas\/nuacht-raitis\/2025-2\/nuashonru-maidir-leis-na-haiteanna-ar-feidir-feachaint-ar-cula4\/#breadcrumb\",\"itemListElement\":[{\"@type\":\"ListItem\",\"position\":1,\"name\":\"Home\",\"item\":\"https:\/\/dev.tg4.ie\/ga\/\"},{\"@type\":\"ListItem\",\"position\":2,\"name\":\"Eolas\",\"item\":\"https:\/\/dev.tg4.ie\/ga\/eolas\/\"},{\"@type\":\"ListItem\",\"position\":3,\"name\":\"Preas\",\"item\":\"https:\/\/dev.tg4.ie\/ga\/eolas\/preas\/\"},{\"@type\":\"ListItem\",\"position\":4,\"name\":\"Nuacht R\u00e1itis\",\"item\":\"https:\/\/dev.tg4.ie\/ga\/eolas\/preas\/nuacht-raitis\/\"},{\"@type\":\"ListItem\",\"position\":5,\"name\":\"2025\",\"item\":\"https:\/\/dev.tg4.ie\/ga\/eolas\/preas\/nuacht-raitis\/2025-2\/\"},{\"@type\":\"ListItem\",\"position\":6,\"name\":\"Nuashonr\u00fa maidir leis na h\u00c1iteanna\u00a0ar f\u00e9idir f\u00e9achaint ar C\u00fala4\"}]},{\"@type\":\"WebSite\",\"@id\":\"https:\/\/dev.tg4.ie\/en\/#website\",\"url\":\"https:\/\/dev.tg4.ie\/en\/\",\"name\":\"TG4\",\"description\":\"S\u00fail Eile\",\"potentialAction\":[{\"@type\":\"SearchAction\",\"target\":{\"@type\":\"EntryPoint\",\"urlTemplate\":\"https:\/\/dev.tg4.ie\/en\/?s={search_term_string}\"},\"query-input\":\"required name=search_term_string\"}],\"inLanguage\":\"ga\"}]}<\/script>\n<!-- \/ Yoast SEO plugin. -->","yoast_head_json":{"title":"Nuashonr\u00fa maidir leis na h\u00c1iteanna ar f\u00e9idir F\u00e9achaint ar C\u00fala4 | Preasr\u00e1iteas | TG4","description":"C\u00e9n \u00e1it ar f\u00e9idir f\u00e9achaint ar C\u00fala4? - Eolas Nuashonraithe ar na Cain\u00e9il","robots":{"index":"index","follow":"follow","max-snippet":"max-snippet:-1","max-image-preview":"max-image-preview:large","max-video-preview":"max-video-preview:-1"},"og_locale":"en_US","og_type":"article","og_title":"Nuashonr\u00fa maidir leis na h\u00c1iteanna ar f\u00e9idir F\u00e9achaint ar C\u00fala4 | Preasr\u00e1iteas | TG4","og_description":"C\u00e9n \u00e1it ar f\u00e9idir f\u00e9achaint ar C\u00fala4? - Eolas Nuashonraithe ar na Cain\u00e9il","og_url":"https:\/\/dev.tg4.ie\/ga\/eolas\/preas\/nuacht-raitis\/2025-2\/nuashonru-maidir-leis-na-haiteanna-ar-feidir-feachaint-ar-cula4\/","og_site_name":"TG4","article_publisher":"https:\/\/www.facebook.com\/TG4TV","article_modified_time":"2025-11-14T09:59:53+00:00","og_image":[{"url":"https:\/\/dev.tg4.ie\/wp-content\/uploads\/2025\/10\/Niamh-Ni-Chroinin-1200_675.png"}],"twitter_card":"summary_large_image","twitter_site":"@TG4TV","twitter_misc":{"Est. reading time":"2 minutes"},"schema":{"@context":"https:\/\/schema.org","@graph":[{"@type":"WebPage","@id":"https:\/\/dev.tg4.ie\/ga\/eolas\/preas\/nuacht-raitis\/2025-2\/nuashonru-maidir-leis-na-haiteanna-ar-feidir-feachaint-ar-cula4\/","url":"https:\/\/dev.tg4.ie\/ga\/eolas\/preas\/nuacht-raitis\/2025-2\/nuashonru-maidir-leis-na-haiteanna-ar-feidir-feachaint-ar-cula4\/","name":"Nuashonr\u00fa maidir leis na h\u00c1iteanna ar f\u00e9idir F\u00e9achaint ar C\u00fala4 | Preasr\u00e1iteas | TG4","isPartOf":{"@id":"https:\/\/dev.tg4.ie\/en\/#website"},"primaryImageOfPage":{"@id":"https:\/\/dev.tg4.ie\/ga\/eolas\/preas\/nuacht-raitis\/2025-2\/nuashonru-maidir-leis-na-haiteanna-ar-feidir-feachaint-ar-cula4\/#primaryimage"},"image":{"@id":"https:\/\/dev.tg4.ie\/ga\/eolas\/preas\/nuacht-raitis\/2025-2\/nuashonru-maidir-leis-na-haiteanna-ar-feidir-feachaint-ar-cula4\/#primaryimage"},"thumbnailUrl":"https:\/\/dev.tg4.ie\/wp-content\/uploads\/2025\/10\/Niamh-Ni-Chroinin-1200_675.png","datePublished":"2025-10-29T16:18:27+00:00","dateModified":"2025-11-14T09:59:53+00:00","description":"C\u00e9n \u00e1it ar f\u00e9idir f\u00e9achaint ar C\u00fala4? - Eolas Nuashonraithe ar na Cain\u00e9il","breadcrumb":{"@id":"https:\/\/dev.tg4.ie\/ga\/eolas\/preas\/nuacht-raitis\/2025-2\/nuashonru-maidir-leis-na-haiteanna-ar-feidir-feachaint-ar-cula4\/#breadcrumb"},"inLanguage":"ga","potentialAction":[{"@type":"ReadAction","target":["https:\/\/dev.tg4.ie\/ga\/eolas\/preas\/nuacht-raitis\/2025-2\/nuashonru-maidir-leis-na-haiteanna-ar-feidir-feachaint-ar-cula4\/"]}]},{"@type":"ImageObject","inLanguage":"ga","@id":"https:\/\/dev.tg4.ie\/ga\/eolas\/preas\/nuacht-raitis\/2025-2\/nuashonru-maidir-leis-na-haiteanna-ar-feidir-feachaint-ar-cula4\/#primaryimage","url":"https:\/\/dev.tg4.ie\/wp-content\/uploads\/2025\/10\/Niamh-Ni-Chroinin-1200_675.png","contentUrl":"https:\/\/dev.tg4.ie\/wp-content\/uploads\/2025\/10\/Niamh-Ni-Chroinin-1200_675.png"},{"@type":"BreadcrumbList","@id":"https:\/\/dev.tg4.ie\/ga\/eolas\/preas\/nuacht-raitis\/2025-2\/nuashonru-maidir-leis-na-haiteanna-ar-feidir-feachaint-ar-cula4\/#breadcrumb","itemListElement":[{"@type":"ListItem","position":1,"name":"Home","item":"https:\/\/dev.tg4.ie\/ga\/"},{"@type":"ListItem","position":2,"name":"Eolas","item":"https:\/\/dev.tg4.ie\/ga\/eolas\/"},{"@type":"ListItem","position":3,"name":"Preas","item":"https:\/\/dev.tg4.ie\/ga\/eolas\/preas\/"},{"@type":"ListItem","position":4,"name":"Nuacht R\u00e1itis","item":"https:\/\/dev.tg4.ie\/ga\/eolas\/preas\/nuacht-raitis\/"},{"@type":"ListItem","position":5,"name":"2025","item":"https:\/\/dev.tg4.ie\/ga\/eolas\/preas\/nuacht-raitis\/2025-2\/"},{"@type":"ListItem","position":6,"name":"Nuashonr\u00fa maidir leis na h\u00c1iteanna\u00a0ar f\u00e9idir f\u00e9achaint ar C\u00fala4"}]},{"@type":"WebSite","@id":"https:\/\/dev.tg4.ie\/en\/#website","url":"https:\/\/dev.tg4.ie\/en\/","name":"TG4","description":"S\u00fail Eile","potentialAction":[{"@type":"SearchAction","target":{"@type":"EntryPoint","urlTemplate":"https:\/\/dev.tg4.ie\/en\/?s={search_term_string}"},"query-input":"required name=search_term_string"}],"inLanguage":"ga"}]}},"_links":{"self":[{"href":"https:\/\/dev.tg4.ie\/ga\/wp-json\/wp\/v2\/pages\/247877"}],"collection":[{"href":"https:\/\/dev.tg4.ie\/ga\/wp-json\/wp\/v2\/pages"}],"about":[{"href":"https:\/\/dev.tg4.ie\/ga\/wp-json\/wp\/v2\/types\/page"}],"author":[{"embeddable":true,"href":"https:\/\/dev.tg4.ie\/ga\/wp-json\/wp\/v2\/users\/876"}],"replies":[{"embeddable":true,"href":"https:\/\/dev.tg4.ie\/ga\/wp-json\/wp\/v2\/comments?post=247877"}],"version-history":[{"count":0,"href":"https:\/\/dev.tg4.ie\/ga\/wp-json\/wp\/v2\/pages\/247877\/revisions"}],"up":[{"embeddable":true,"href":"https:\/\/dev.tg4.ie\/ga\/wp-json\/wp\/v2\/pages\/236807"}],"wp:attachment":[{"href":"https:\/\/dev.tg4.ie\/ga\/wp-json\/wp\/v2\/media?parent=247877"}],"curies":[{"name":"wp","href":"https:\/\/api.w.org\/{rel}","templated":true}]}}