{"id":247926,"date":"2025-11-06T10:10:17","date_gmt":"2025-11-06T10:10:17","guid":{"rendered":"https:\/\/dev.tg4.ie\/?page_id=247926"},"modified":"2025-11-06T10:13:18","modified_gmt":"2025-11-06T10:13:18","slug":"amhran-nua-na-heireann-do-junior-eurovision-2025","status":"publish","type":"page","link":"https:\/\/dev.tg4.ie\/ga\/eolas\/preas\/nuacht-raitis\/2025-2\/amhran-nua-na-heireann-do-junior-eurovision-2025\/","title":{"rendered":"Amhr\u00e1n Nua na h\u00c9ireann do Junior Eurovision 2025"},"content":{"rendered":"<p><img loading=\"lazy\" decoding=\"async\" width=\"1920\" height=\"1080\" src=\"https:\/\/tg4-docs.s3.amazonaws.com\/wp-content\/uploads\/2025\/10\/20131927\/Junior_Eurovision_Eire_2025_Buaiteoir_2-1920x1080-1.jpg\" alt=\"\" class=\"aligncenter size-full wp-image-247755\" srcset=\"https:\/\/tg4-docs.s3.amazonaws.com\/wp-content\/uploads\/2025\/10\/20131927\/Junior_Eurovision_Eire_2025_Buaiteoir_2-1920x1080-1.jpg 1920w, https:\/\/tg4-docs.s3.amazonaws.com\/wp-content\/uploads\/2025\/10\/20131927\/Junior_Eurovision_Eire_2025_Buaiteoir_2-1920x1080-1-250x141.jpg 250w, https:\/\/tg4-docs.s3.amazonaws.com\/wp-content\/uploads\/2025\/10\/20131927\/Junior_Eurovision_Eire_2025_Buaiteoir_2-1920x1080-1-700x394.jpg 700w, https:\/\/tg4-docs.s3.amazonaws.com\/wp-content\/uploads\/2025\/10\/20131927\/Junior_Eurovision_Eire_2025_Buaiteoir_2-1920x1080-1-252x141.jpg 252w, https:\/\/tg4-docs.s3.amazonaws.com\/wp-content\/uploads\/2025\/10\/20131927\/Junior_Eurovision_Eire_2025_Buaiteoir_2-1920x1080-1-1536x864.jpg 1536w, https:\/\/tg4-docs.s3.amazonaws.com\/wp-content\/uploads\/2025\/10\/20131927\/Junior_Eurovision_Eire_2025_Buaiteoir_2-1920x1080-1-120x68.jpg 120w\" sizes=\"(max-width: 1920px) 100vw, 1920px\" \/><br \/>\n&nbsp;<\/p>\n<p><iframe loading=\"lazy\" width=\"560\" height=\"315\" src=\"https:\/\/www.youtube.com\/embed\/DAEFap0n7Zc?si=YoaUz1yCyvdWjP5g\" title=\"YouTube video player\" frameborder=\"0\" allow=\"accelerometer; autoplay; clipboard-write; encrypted-media; gyroscope; picture-in-picture; web-share\" referrerpolicy=\"strict-origin-when-cross-origin\" allowfullscreen><\/iframe><br \/>\n&nbsp;<\/p>\n<p>Beidh <strong>Lottie O\u2019Driscoll Murray<\/strong> as Contae Chorca\u00ed ag canadh ar son na h\u00c9ireann i gcom\u00f3rtas <strong>Junior Eurovision 2025<\/strong> leis an amhr\u00e1n \u00farnua \u2018<strong>R\u00fain<\/strong>\u2019. Beidh Lottie i measc 18 iomaitheoir a bheidh ag glacadh p\u00e1irt i gcom\u00f3rtas na bliana seo a bheidh ar si\u00fal in Tbilisi sa tSeoirsia. Beidh an \u00f3c\u00e1id mh\u00f3r le feice\u00e1il beo ar TG4, D\u00e9 Sathairn, an 13 Nollaig 2025.<\/p>\n<p>Is f\u00e9idir le lucht f\u00e9achana \u00f3 gach cearn den domhan v\u00f3ta a chaitheamh ar <a href=\"https:\/\/www.jesc.tv\/\" rel=\"noopener\" target=\"_blank\">www.jesc.tv<\/a>. Murab ionann is an com\u00f3rtas sinsearach, is f\u00e9idir le lucht lean\u00fana Junior Eurovision v\u00f3ta a chaitheamh ar son a dt\u00edre f\u00e9in!<\/p>\n<p>Tabhair taca\u00edocht d\u2019\u00c9irinn agus caith v\u00f3ta do Lottie!<\/p>\n<p>T\u00e1 Lottie O\u2019Driscoll Murray ag canadh os comhair sluaite \u00f3 bh\u00ed s\u00ed an-\u00f3g, le taca\u00edocht l\u00e1idir \u00f3na m\u00e1thair Celine agus a mam\u00f3 Charlotte. Ghlac s\u00ed p\u00e1irt sa Late Late Toy Show, chan s\u00ed in \u00c1ras Ceoldr\u00e1ma\u00edochta Chorca\u00ed, agus is minic \u00ed le cloiste\u00e1il ag busc\u00e1il i gCorcaigh le haghaidh feachtais charthanachta.<\/p>\n<p>Shroich Lottie an babhta ceannais anuraidh i Junior Eurovision \u00c9ire ar TG4, ach faraor n\u00edor \u00e9irigh l\u00e9i an bua a bhaint amach an uair sin. I mbliana, \u00e1fach, chuir s\u00ed na molt\u00f3ir\u00ed faoi gheasa lena gl\u00f3r \u00e1lainn agus lena teacht i l\u00e1thair ar an st\u00e1itse, agus d\u2019\u00e9irigh l\u00e9i an l\u00e1 a thabhairt l\u00e9i.<\/p>\n<p>Deir a mam\u00f3 Charlotte: \u201cT\u00e1 s\u00ed ar ais agus n\u00edos fearr n\u00e1 riamh. Beidh an bua aici i mbliana \u2014 t\u00e1im cinnte de sin!\u201d<\/p>\n<p>Is iad Ian James White, Nicky Brennan agus Jenny N\u00ed Ruis\u00e9il a scr\u00edobh an t-amhr\u00e1n \u2018R\u00fain\u2019. T\u00e1 breis is 20 bliain de thaith\u00ed cheoil ag White agus Brennan, agus t\u00e1 an st\u00e1itse roinnte acu le ceolt\u00f3ir\u00ed m\u00f3r le r\u00e1 idirn\u00e1isi\u00fanta.<\/p>\n<p>Beidh an f\u00edse\u00e1n ceoil oifigi\u00fail le feice\u00e1il ar leathanach YouTube TG4, D\u00e9 M\u00e1irt, an 4 Samhain 2025.<\/p>\n<p>I mbliana freisin, beidh \u00c9ire ag ceili\u00faradh 10 mbliana \u00f3 ghlac s\u00ed p\u00e1irt den ch\u00e9ad uair sa Junior Eurovision. Chan Aimee Banks don t\u00edr in 2015, agus \u00f3 shin i leith t\u00e1 tortha\u00ed den scoth bainte amach ag \u00c9irinn &#8211; lena n-\u00e1ir\u00edtear an ceathr\u00fa h\u00e1it do Sophie Lennon in 2022.<\/p>\n<p>Mar chuid den cheili\u00faradh, craolfar cl\u00e1r speisialta ar TG4, D\u00e9 Domhnaigh, an 7 Nollaig, ina mbeidh agallaimh le hiar-ionadaithe uile na h\u00c9ireann sa Junior Eurovision.<\/p>\n<p><strong>B\u00ed linn do chom\u00f3rtas Junior Eurovision 2025 a bheidh beo ar TG4, D\u00e9 Sathairn, an 13 Nollaig 2025 \u2014 agus caith v\u00f3ta ar son na h\u00c9ireann ar <a href=\"https:\/\/www.jesc.tv\/\" rel=\"noopener\" target=\"_blank\">www.jesc.tv<\/a><\/strong><br \/>\n&nbsp;<\/p>\n","protected":false},"excerpt":{"rendered":"<p>&nbsp; &nbsp; Beidh Lottie O\u2019Driscoll Murray as Contae Chorca\u00ed ag canadh ar son na h\u00c9ireann i gcom\u00f3rtas Junior Eurovision 2025 leis an amhr\u00e1n \u00farnua \u2018R\u00fain\u2019. Beidh Lottie i measc 18 iomaitheoir a bheidh ag glacadh p\u00e1irt i gcom\u00f3rtas na bliana seo a bheidh ar si\u00fal in Tbilisi sa tSeoirsia. Beidh an \u00f3c\u00e1id mh\u00f3r le feice\u00e1il [&hellip;]<\/p>\n","protected":false},"author":876,"featured_media":0,"parent":236807,"menu_order":66,"comment_status":"closed","ping_status":"closed","template":"page-templates\/template-pr.php","meta":{"_acf_changed":false,"footnotes":""},"acf":[],"yoast_head":"<!-- This site is optimized with the Yoast SEO plugin v22.6 - https:\/\/yoast.com\/wordpress\/plugins\/seo\/ -->\n<title>Amhr\u00e1n Nua na h\u00c9ireann do Junior Eurovision 2025 | Preasr\u00e1iteas | TG4<\/title>\n<meta name=\"description\" content=\"Beidh Lottie O\u2019Driscoll Murray as Contae Chorca\u00ed ag canadh ar son na h\u00c9ireann i gcom\u00f3rtas Junior Eurovision 2025 leis an amhr\u00e1n \u00farnua \u2018R\u00fain\u2019.\" \/>\n<meta name=\"robots\" content=\"index, follow, max-snippet:-1, max-image-preview:large, max-video-preview:-1\" \/>\n<meta property=\"og:locale\" content=\"en_US\" \/>\n<meta property=\"og:type\" content=\"article\" \/>\n<meta property=\"og:title\" content=\"Amhr\u00e1n Nua na h\u00c9ireann do Junior Eurovision 2025 | Preasr\u00e1iteas | TG4\" \/>\n<meta property=\"og:description\" content=\"Beidh Lottie O\u2019Driscoll Murray as Contae Chorca\u00ed ag canadh ar son na h\u00c9ireann i gcom\u00f3rtas Junior Eurovision 2025 leis an amhr\u00e1n \u00farnua \u2018R\u00fain\u2019.\" \/>\n<meta property=\"og:url\" content=\"https:\/\/dev.tg4.ie\/ga\/eolas\/preas\/nuacht-raitis\/2025-2\/amhran-nua-na-heireann-do-junior-eurovision-2025\/\" \/>\n<meta property=\"og:site_name\" content=\"TG4\" \/>\n<meta property=\"article:publisher\" content=\"https:\/\/www.facebook.com\/TG4TV\" \/>\n<meta property=\"article:modified_time\" content=\"2025-11-06T10:13:18+00:00\" \/>\n<meta property=\"og:image\" content=\"https:\/\/dev.tg4.ie\/wp-content\/uploads\/2025\/10\/Junior_Eurovision_Eire_2025_Buaiteoir_2-1920x1080-1.jpg\" \/>\n<meta name=\"twitter:card\" content=\"summary_large_image\" \/>\n<meta name=\"twitter:site\" content=\"@TG4TV\" \/>\n<meta name=\"twitter:label1\" content=\"Est. reading time\" \/>\n\t<meta name=\"twitter:data1\" content=\"2 minutes\" \/>\n<script type=\"application\/ld+json\" class=\"yoast-schema-graph\">{\"@context\":\"https:\/\/schema.org\",\"@graph\":[{\"@type\":\"WebPage\",\"@id\":\"https:\/\/dev.tg4.ie\/ga\/eolas\/preas\/nuacht-raitis\/2025-2\/amhran-nua-na-heireann-do-junior-eurovision-2025\/\",\"url\":\"https:\/\/dev.tg4.ie\/ga\/eolas\/preas\/nuacht-raitis\/2025-2\/amhran-nua-na-heireann-do-junior-eurovision-2025\/\",\"name\":\"Amhr\u00e1n Nua na h\u00c9ireann do Junior Eurovision 2025 | Preasr\u00e1iteas | TG4\",\"isPartOf\":{\"@id\":\"https:\/\/dev.tg4.ie\/en\/#website\"},\"primaryImageOfPage\":{\"@id\":\"https:\/\/dev.tg4.ie\/ga\/eolas\/preas\/nuacht-raitis\/2025-2\/amhran-nua-na-heireann-do-junior-eurovision-2025\/#primaryimage\"},\"image\":{\"@id\":\"https:\/\/dev.tg4.ie\/ga\/eolas\/preas\/nuacht-raitis\/2025-2\/amhran-nua-na-heireann-do-junior-eurovision-2025\/#primaryimage\"},\"thumbnailUrl\":\"https:\/\/dev.tg4.ie\/wp-content\/uploads\/2025\/10\/Junior_Eurovision_Eire_2025_Buaiteoir_2-1920x1080-1.jpg\",\"datePublished\":\"2025-11-06T10:10:17+00:00\",\"dateModified\":\"2025-11-06T10:13:18+00:00\",\"description\":\"Beidh Lottie O\u2019Driscoll Murray as Contae Chorca\u00ed ag canadh ar son na h\u00c9ireann i gcom\u00f3rtas Junior Eurovision 2025 leis an amhr\u00e1n \u00farnua \u2018R\u00fain\u2019.\",\"breadcrumb\":{\"@id\":\"https:\/\/dev.tg4.ie\/ga\/eolas\/preas\/nuacht-raitis\/2025-2\/amhran-nua-na-heireann-do-junior-eurovision-2025\/#breadcrumb\"},\"inLanguage\":\"ga\",\"potentialAction\":[{\"@type\":\"ReadAction\",\"target\":[\"https:\/\/dev.tg4.ie\/ga\/eolas\/preas\/nuacht-raitis\/2025-2\/amhran-nua-na-heireann-do-junior-eurovision-2025\/\"]}]},{\"@type\":\"ImageObject\",\"inLanguage\":\"ga\",\"@id\":\"https:\/\/dev.tg4.ie\/ga\/eolas\/preas\/nuacht-raitis\/2025-2\/amhran-nua-na-heireann-do-junior-eurovision-2025\/#primaryimage\",\"url\":\"https:\/\/dev.tg4.ie\/wp-content\/uploads\/2025\/10\/Junior_Eurovision_Eire_2025_Buaiteoir_2-1920x1080-1.jpg\",\"contentUrl\":\"https:\/\/dev.tg4.ie\/wp-content\/uploads\/2025\/10\/Junior_Eurovision_Eire_2025_Buaiteoir_2-1920x1080-1.jpg\"},{\"@type\":\"BreadcrumbList\",\"@id\":\"https:\/\/dev.tg4.ie\/ga\/eolas\/preas\/nuacht-raitis\/2025-2\/amhran-nua-na-heireann-do-junior-eurovision-2025\/#breadcrumb\",\"itemListElement\":[{\"@type\":\"ListItem\",\"position\":1,\"name\":\"Home\",\"item\":\"https:\/\/dev.tg4.ie\/ga\/\"},{\"@type\":\"ListItem\",\"position\":2,\"name\":\"Eolas\",\"item\":\"https:\/\/dev.tg4.ie\/ga\/eolas\/\"},{\"@type\":\"ListItem\",\"position\":3,\"name\":\"Preas\",\"item\":\"https:\/\/dev.tg4.ie\/ga\/eolas\/preas\/\"},{\"@type\":\"ListItem\",\"position\":4,\"name\":\"Nuacht R\u00e1itis\",\"item\":\"https:\/\/dev.tg4.ie\/ga\/eolas\/preas\/nuacht-raitis\/\"},{\"@type\":\"ListItem\",\"position\":5,\"name\":\"2025\",\"item\":\"https:\/\/dev.tg4.ie\/ga\/eolas\/preas\/nuacht-raitis\/2025-2\/\"},{\"@type\":\"ListItem\",\"position\":6,\"name\":\"Amhr\u00e1n Nua na h\u00c9ireann do Junior Eurovision 2025\"}]},{\"@type\":\"WebSite\",\"@id\":\"https:\/\/dev.tg4.ie\/en\/#website\",\"url\":\"https:\/\/dev.tg4.ie\/en\/\",\"name\":\"TG4\",\"description\":\"S\u00fail Eile\",\"potentialAction\":[{\"@type\":\"SearchAction\",\"target\":{\"@type\":\"EntryPoint\",\"urlTemplate\":\"https:\/\/dev.tg4.ie\/en\/?s={search_term_string}\"},\"query-input\":\"required name=search_term_string\"}],\"inLanguage\":\"ga\"}]}<\/script>\n<!-- \/ Yoast SEO plugin. -->","yoast_head_json":{"title":"Amhr\u00e1n Nua na h\u00c9ireann do Junior Eurovision 2025 | Preasr\u00e1iteas | TG4","description":"Beidh Lottie O\u2019Driscoll Murray as Contae Chorca\u00ed ag canadh ar son na h\u00c9ireann i gcom\u00f3rtas Junior Eurovision 2025 leis an amhr\u00e1n \u00farnua \u2018R\u00fain\u2019.","robots":{"index":"index","follow":"follow","max-snippet":"max-snippet:-1","max-image-preview":"max-image-preview:large","max-video-preview":"max-video-preview:-1"},"og_locale":"en_US","og_type":"article","og_title":"Amhr\u00e1n Nua na h\u00c9ireann do Junior Eurovision 2025 | Preasr\u00e1iteas | TG4","og_description":"Beidh Lottie O\u2019Driscoll Murray as Contae Chorca\u00ed ag canadh ar son na h\u00c9ireann i gcom\u00f3rtas Junior Eurovision 2025 leis an amhr\u00e1n \u00farnua \u2018R\u00fain\u2019.","og_url":"https:\/\/dev.tg4.ie\/ga\/eolas\/preas\/nuacht-raitis\/2025-2\/amhran-nua-na-heireann-do-junior-eurovision-2025\/","og_site_name":"TG4","article_publisher":"https:\/\/www.facebook.com\/TG4TV","article_modified_time":"2025-11-06T10:13:18+00:00","og_image":[{"url":"https:\/\/dev.tg4.ie\/wp-content\/uploads\/2025\/10\/Junior_Eurovision_Eire_2025_Buaiteoir_2-1920x1080-1.jpg"}],"twitter_card":"summary_large_image","twitter_site":"@TG4TV","twitter_misc":{"Est. reading time":"2 minutes"},"schema":{"@context":"https:\/\/schema.org","@graph":[{"@type":"WebPage","@id":"https:\/\/dev.tg4.ie\/ga\/eolas\/preas\/nuacht-raitis\/2025-2\/amhran-nua-na-heireann-do-junior-eurovision-2025\/","url":"https:\/\/dev.tg4.ie\/ga\/eolas\/preas\/nuacht-raitis\/2025-2\/amhran-nua-na-heireann-do-junior-eurovision-2025\/","name":"Amhr\u00e1n Nua na h\u00c9ireann do Junior Eurovision 2025 | Preasr\u00e1iteas | TG4","isPartOf":{"@id":"https:\/\/dev.tg4.ie\/en\/#website"},"primaryImageOfPage":{"@id":"https:\/\/dev.tg4.ie\/ga\/eolas\/preas\/nuacht-raitis\/2025-2\/amhran-nua-na-heireann-do-junior-eurovision-2025\/#primaryimage"},"image":{"@id":"https:\/\/dev.tg4.ie\/ga\/eolas\/preas\/nuacht-raitis\/2025-2\/amhran-nua-na-heireann-do-junior-eurovision-2025\/#primaryimage"},"thumbnailUrl":"https:\/\/dev.tg4.ie\/wp-content\/uploads\/2025\/10\/Junior_Eurovision_Eire_2025_Buaiteoir_2-1920x1080-1.jpg","datePublished":"2025-11-06T10:10:17+00:00","dateModified":"2025-11-06T10:13:18+00:00","description":"Beidh Lottie O\u2019Driscoll Murray as Contae Chorca\u00ed ag canadh ar son na h\u00c9ireann i gcom\u00f3rtas Junior Eurovision 2025 leis an amhr\u00e1n \u00farnua \u2018R\u00fain\u2019.","breadcrumb":{"@id":"https:\/\/dev.tg4.ie\/ga\/eolas\/preas\/nuacht-raitis\/2025-2\/amhran-nua-na-heireann-do-junior-eurovision-2025\/#breadcrumb"},"inLanguage":"ga","potentialAction":[{"@type":"ReadAction","target":["https:\/\/dev.tg4.ie\/ga\/eolas\/preas\/nuacht-raitis\/2025-2\/amhran-nua-na-heireann-do-junior-eurovision-2025\/"]}]},{"@type":"ImageObject","inLanguage":"ga","@id":"https:\/\/dev.tg4.ie\/ga\/eolas\/preas\/nuacht-raitis\/2025-2\/amhran-nua-na-heireann-do-junior-eurovision-2025\/#primaryimage","url":"https:\/\/dev.tg4.ie\/wp-content\/uploads\/2025\/10\/Junior_Eurovision_Eire_2025_Buaiteoir_2-1920x1080-1.jpg","contentUrl":"https:\/\/dev.tg4.ie\/wp-content\/uploads\/2025\/10\/Junior_Eurovision_Eire_2025_Buaiteoir_2-1920x1080-1.jpg"},{"@type":"BreadcrumbList","@id":"https:\/\/dev.tg4.ie\/ga\/eolas\/preas\/nuacht-raitis\/2025-2\/amhran-nua-na-heireann-do-junior-eurovision-2025\/#breadcrumb","itemListElement":[{"@type":"ListItem","position":1,"name":"Home","item":"https:\/\/dev.tg4.ie\/ga\/"},{"@type":"ListItem","position":2,"name":"Eolas","item":"https:\/\/dev.tg4.ie\/ga\/eolas\/"},{"@type":"ListItem","position":3,"name":"Preas","item":"https:\/\/dev.tg4.ie\/ga\/eolas\/preas\/"},{"@type":"ListItem","position":4,"name":"Nuacht R\u00e1itis","item":"https:\/\/dev.tg4.ie\/ga\/eolas\/preas\/nuacht-raitis\/"},{"@type":"ListItem","position":5,"name":"2025","item":"https:\/\/dev.tg4.ie\/ga\/eolas\/preas\/nuacht-raitis\/2025-2\/"},{"@type":"ListItem","position":6,"name":"Amhr\u00e1n Nua na h\u00c9ireann do Junior Eurovision 2025"}]},{"@type":"WebSite","@id":"https:\/\/dev.tg4.ie\/en\/#website","url":"https:\/\/dev.tg4.ie\/en\/","name":"TG4","description":"S\u00fail Eile","potentialAction":[{"@type":"SearchAction","target":{"@type":"EntryPoint","urlTemplate":"https:\/\/dev.tg4.ie\/en\/?s={search_term_string}"},"query-input":"required name=search_term_string"}],"inLanguage":"ga"}]}},"_links":{"self":[{"href":"https:\/\/dev.tg4.ie\/ga\/wp-json\/wp\/v2\/pages\/247926"}],"collection":[{"href":"https:\/\/dev.tg4.ie\/ga\/wp-json\/wp\/v2\/pages"}],"about":[{"href":"https:\/\/dev.tg4.ie\/ga\/wp-json\/wp\/v2\/types\/page"}],"author":[{"embeddable":true,"href":"https:\/\/dev.tg4.ie\/ga\/wp-json\/wp\/v2\/users\/876"}],"replies":[{"embeddable":true,"href":"https:\/\/dev.tg4.ie\/ga\/wp-json\/wp\/v2\/comments?post=247926"}],"version-history":[{"count":0,"href":"https:\/\/dev.tg4.ie\/ga\/wp-json\/wp\/v2\/pages\/247926\/revisions"}],"up":[{"embeddable":true,"href":"https:\/\/dev.tg4.ie\/ga\/wp-json\/wp\/v2\/pages\/236807"}],"wp:attachment":[{"href":"https:\/\/dev.tg4.ie\/ga\/wp-json\/wp\/v2\/media?parent=247926"}],"curies":[{"name":"wp","href":"https:\/\/api.w.org\/{rel}","templated":true}]}}