{"id":247946,"date":"2025-11-07T15:05:58","date_gmt":"2025-11-07T15:05:58","guid":{"rendered":"https:\/\/dev.tg4.ie\/?page_id=247946"},"modified":"2025-11-07T15:13:03","modified_gmt":"2025-11-07T15:13:03","slug":"ardu-mor-ar-an-lucht-feachana-ar-line-maidir-le-cludach-tg4-ar-oireachtas-na-samhna-2025","status":"publish","type":"page","link":"https:\/\/dev.tg4.ie\/ga\/eolas\/preas\/nuacht-raitis\/2025-2\/ardu-mor-ar-an-lucht-feachana-ar-line-maidir-le-cludach-tg4-ar-oireachtas-na-samhna-2025\/","title":{"rendered":"Ard\u00fa M\u00f3r ar an Lucht F\u00e9achana ar L\u00edne maidir le Cl\u00fadach TG4 ar Oireachtas na Samhna 2025"},"content":{"rendered":"<p><img loading=\"lazy\" decoding=\"async\" width=\"1920\" height=\"1080\" src=\"https:\/\/tg4-docs.s3.amazonaws.com\/wp-content\/uploads\/2025\/11\/07150332\/CornUiRiada2025_Buaiteoiri_1-1920x1080-1.jpg\" alt=\"\" class=\"aligncenter size-full wp-image-247948\" srcset=\"https:\/\/tg4-docs.s3.amazonaws.com\/wp-content\/uploads\/2025\/11\/07150332\/CornUiRiada2025_Buaiteoiri_1-1920x1080-1.jpg 1920w, https:\/\/tg4-docs.s3.amazonaws.com\/wp-content\/uploads\/2025\/11\/07150332\/CornUiRiada2025_Buaiteoiri_1-1920x1080-1-250x141.jpg 250w, https:\/\/tg4-docs.s3.amazonaws.com\/wp-content\/uploads\/2025\/11\/07150332\/CornUiRiada2025_Buaiteoiri_1-1920x1080-1-700x394.jpg 700w, https:\/\/tg4-docs.s3.amazonaws.com\/wp-content\/uploads\/2025\/11\/07150332\/CornUiRiada2025_Buaiteoiri_1-1920x1080-1-252x141.jpg 252w, https:\/\/tg4-docs.s3.amazonaws.com\/wp-content\/uploads\/2025\/11\/07150332\/CornUiRiada2025_Buaiteoiri_1-1920x1080-1-1536x864.jpg 1536w, https:\/\/tg4-docs.s3.amazonaws.com\/wp-content\/uploads\/2025\/11\/07150332\/CornUiRiada2025_Buaiteoiri_1-1920x1080-1-120x68.jpg 120w\" sizes=\"(max-width: 1920px) 100vw, 1920px\" \/><br \/>\n&nbsp;<\/p>\n<p><strong>F\u00e9ach ar chl\u00fadach den Oireachtas anseo:<\/strong> <a href=\"https:\/\/nasc.tg4.tv\/OnaS25\" rel=\"noopener\" target=\"_blank\">https:\/\/nasc.tg4.tv\/OnaS25<\/a><br \/>\n&nbsp;<br \/>\nD\u2019\u00e9irigh thar barr le cl\u00fadach cuimsitheach TG4 ar Oireachtas na Samhna 2025 ar a chuid ard\u00e1n go l\u00e9ir leis an lucht f\u00e9achana ag faire go fonnmhar chun an chuid is fearr de chult\u00far, de chruthaitheacht agus de phobal na h\u00c9ireann a cheili\u00faradh. <\/p>\n<p>Shroich cl\u00e1ir Oireachtas na Samhna beagnach 200,000 duine den lucht sp\u00e9ise ar sheirbh\u00eds l\u00edneach teilif\u00edse TG4, buaicphoint\u00ed ar n\u00f3s Steip, L\u00e1r St\u00e1itse 2025, 7L\u00c1 agus Nuacht TG4 ina measc.  <\/p>\n<p>Bh\u00ed ard\u00fa ollmh\u00f3r ar l\u00edon na sruthanna agus ar an m\u00e9id caidrimh a spreagadh maidir le com\u00f3rtais #OnaS25 ar ard\u00e1in dhigiteacha uile TG4, TG4.ie, YouTube, agus Facebook Live ina measc, i gcompar\u00e1id le 2024.<br \/>\n&nbsp;<br \/>\n<u><strong>NA ME\u00c1IN SH\u00d3ISIALTA<\/strong><\/u><\/p>\n<p>Bh\u00ed ard\u00fa go h\u00e1irithe ar ghn\u00edomha\u00edocht an lucht sp\u00e9ise ar na me\u00e1in sh\u00f3isialta. Bhain \u00e1bhar a bhain leis an Oireachtas ar fud chain\u00e9il sh\u00f3isialta TG4, Molsc\u00e9al, TG4 Trad, C\u00fala4, BLOC, Foghlaim TG4 agus Nuacht TG4 n\u00edos m\u00f3 n\u00e1 900,000 amharc f\u00edse \u00f3 29 Deireadh F\u00f3mhair.<br \/>\n&nbsp;<br \/>\n<center><img loading=\"lazy\" decoding=\"async\" width=\"700\" height=\"394\" src=\"https:\/\/tg4-docs.s3.amazonaws.com\/wp-content\/uploads\/2025\/11\/07150350\/SteipBeo2025_Buaiteoiri_1-1920x1080-1-700x394.jpg\" alt=\"\" class=\"aligncenter size-large wp-image-247949\" srcset=\"https:\/\/tg4-docs.s3.amazonaws.com\/wp-content\/uploads\/2025\/11\/07150350\/SteipBeo2025_Buaiteoiri_1-1920x1080-1-700x394.jpg 700w, https:\/\/tg4-docs.s3.amazonaws.com\/wp-content\/uploads\/2025\/11\/07150350\/SteipBeo2025_Buaiteoiri_1-1920x1080-1-250x141.jpg 250w, https:\/\/tg4-docs.s3.amazonaws.com\/wp-content\/uploads\/2025\/11\/07150350\/SteipBeo2025_Buaiteoiri_1-1920x1080-1-252x141.jpg 252w, https:\/\/tg4-docs.s3.amazonaws.com\/wp-content\/uploads\/2025\/11\/07150350\/SteipBeo2025_Buaiteoiri_1-1920x1080-1-1536x864.jpg 1536w, https:\/\/tg4-docs.s3.amazonaws.com\/wp-content\/uploads\/2025\/11\/07150350\/SteipBeo2025_Buaiteoiri_1-1920x1080-1-120x68.jpg 120w, https:\/\/tg4-docs.s3.amazonaws.com\/wp-content\/uploads\/2025\/11\/07150350\/SteipBeo2025_Buaiteoiri_1-1920x1080-1.jpg 1920w\" sizes=\"(max-width: 700px) 100vw, 700px\" \/><\/center><br \/>\n&nbsp;<br \/>\nIs ar fh\u00edse\u00e1n de Bhuaiteoir an Chom\u00f3rtas Rapcheoil is m\u00f3 a bhfuil faire air go dt\u00ed seo, agus t\u00e1 breathnaithe ag na m\u00edlte daoine ar an bhf\u00edse\u00e1n sin ar leathanach Instagram C\u00fala4: <a href=\"https:\/\/www.instagram.com\/reel\/DQmUqCdDPUX\/\" rel=\"noopener\" target=\"_blank\">https:\/\/www.instagram.com\/reel\/DQmUqCdDPUX\/<\/a><\/p>\n<p>&nbsp;<br \/>\nD\u00fairt <strong>Deirdre N\u00ed Choist\u00edn, Ard-Sti\u00farth\u00f3ir TG4<\/strong>:<br \/>\n<em>\u201cIs \u00f3c\u00e1id th\u00e1bhachtach a bh\u00edonn in Oireachtas na Samhna, ceili\u00faradh bliant\u00fail na Gaeilge agus an chult\u00fair Ghaelaigh, do TG4 gach bliain. Bh\u00ed an-mh\u00f3rtas orainn go rabhamar in ann ceithre l\u00e1 de chl\u00fadach cuimsitheach a chur ar f\u00e1il don lucht f\u00e9achana anseo in \u00c9irinn agus ar fud an domhain. Is l\u00e9iri\u00fa ar an gceangal l\u00e1idir at\u00e1 ag \u00e1r lucht f\u00e9achana le teanga, cult\u00far agus traidisi\u00fain na h\u00c9ireann an f\u00e1s lean\u00fanach at\u00e1 ar ard\u00e1in ar l\u00edne TG4. Ceili\u00faradh br\u00edomhar ar an gcruthaitheacht agus ar luachanna an phobail i gc\u00f3na\u00ed \u00e9 Oireachtas na Samhna, luachanna at\u00e1 cro\u00edl\u00e1rnach i misean TG4 freisin.\u201d<\/em><br \/>\n&nbsp;<br \/>\nChinntigh comhph\u00e1irt\u00edocht TG4 le hOireachtas na Gaeilge ar\u00eds eile gur shroich an fh\u00e9ile lucht f\u00e9achana domhanda, \u00f3 Bh\u00e9al Feirste go Bost\u00fan, tr\u00ed chl\u00fadach beo, caidreamh ar na me\u00e1in sh\u00f3isialta, agus rochtain ar \u00e9ileamh tr\u00ed Sheinnteoir TG4 (<a href=\"https:\/\/dev.tg4.ie\" rel=\"noopener\" target=\"_blank\">TG4.ie<\/a>).<br \/>\n&nbsp;<\/p>\n<p><strong>Na Buaicphoint\u00ed i bhFigi\u00fair\u00ed<\/strong><\/p>\n<ul>\n<li>900,000+ radharc ar fh\u00edse\u00e1in ar fud bhranda\u00ed uile me\u00e1n s\u00f3isialta TG4 \u2013 ard\u00fa 12% ar 2024.<\/li>\n<li><strong>200,000<\/strong> ag f\u00e9achaint ar chain\u00e9al teilif\u00edse TG4.<\/li>\n<li>Caidreamh leis an Lucht F\u00e9achana ar fud Facebook, Instagram agus TikTok.<\/li>\n<li>Ard\u00fa 62% ar shruthanna ar <strong>TG4.ie<\/strong>, <strong>YouTube<\/strong> agus <strong>Facebook Live<\/strong> in \u00e9ineacht.<\/li>\n<\/ul>\n<p>&nbsp;<br \/>\nPicti\u00fair ar f\u00e1il anseo <a href=\"https:\/\/www.flickr.com\/photos\/tg4\/albums\/72177720329810833\/\" rel=\"noopener\" target=\"_blank\">Oireachtas na Samhna 2025<\/a><\/p>\n<p>&nbsp;<\/p>\n","protected":false},"excerpt":{"rendered":"<p>&nbsp; F\u00e9ach ar chl\u00fadach den Oireachtas anseo: https:\/\/nasc.tg4.tv\/OnaS25 &nbsp; D\u2019\u00e9irigh thar barr le cl\u00fadach cuimsitheach TG4 ar Oireachtas na Samhna 2025 ar a chuid ard\u00e1n go l\u00e9ir leis an lucht f\u00e9achana ag faire go fonnmhar chun an chuid is fearr de chult\u00far, de chruthaitheacht agus de phobal na h\u00c9ireann a cheili\u00faradh. Shroich cl\u00e1ir Oireachtas na [&hellip;]<\/p>\n","protected":false},"author":876,"featured_media":0,"parent":236807,"menu_order":67,"comment_status":"closed","ping_status":"closed","template":"page-templates\/template-pr.php","meta":{"_acf_changed":false,"footnotes":""},"acf":[],"yoast_head":"<!-- This site is optimized with the Yoast SEO plugin v22.6 - https:\/\/yoast.com\/wordpress\/plugins\/seo\/ -->\n<title>Ard\u00fa M\u00f3r ar an Lucht F\u00e9achana ar L\u00edne maidir le Cl\u00fadach TG4 ar Oireachtas na Samhna 2025 | Preasr\u00e1iteas | TG4<\/title>\n<meta name=\"description\" content=\"D\u2019\u00e9irigh thar barr le cl\u00fadach cuimsitheach TG4 ar Oireachtas na Samhna 2025 ar a chuid ard\u00e1n go l\u00e9ir leis an lucht f\u00e9achana ag faire go fonnmhar chun an chuid is fearr de chult\u00far, de chruthaitheacht agus de phobal na h\u00c9ireann a cheili\u00faradh.\u00a0\" \/>\n<meta name=\"robots\" content=\"index, follow, max-snippet:-1, max-image-preview:large, max-video-preview:-1\" \/>\n<meta property=\"og:locale\" content=\"en_US\" \/>\n<meta property=\"og:type\" content=\"article\" \/>\n<meta property=\"og:title\" content=\"Ard\u00fa M\u00f3r ar an Lucht F\u00e9achana ar L\u00edne maidir le Cl\u00fadach TG4 ar Oireachtas na Samhna 2025 | Preasr\u00e1iteas | TG4\" \/>\n<meta property=\"og:description\" content=\"D\u2019\u00e9irigh thar barr le cl\u00fadach cuimsitheach TG4 ar Oireachtas na Samhna 2025 ar a chuid ard\u00e1n go l\u00e9ir leis an lucht f\u00e9achana ag faire go fonnmhar chun an chuid is fearr de chult\u00far, de chruthaitheacht agus de phobal na h\u00c9ireann a cheili\u00faradh.\u00a0\" \/>\n<meta property=\"og:url\" content=\"https:\/\/dev.tg4.ie\/ga\/eolas\/preas\/nuacht-raitis\/2025-2\/ardu-mor-ar-an-lucht-feachana-ar-line-maidir-le-cludach-tg4-ar-oireachtas-na-samhna-2025\/\" \/>\n<meta property=\"og:site_name\" content=\"TG4\" \/>\n<meta property=\"article:publisher\" content=\"https:\/\/www.facebook.com\/TG4TV\" \/>\n<meta property=\"article:modified_time\" content=\"2025-11-07T15:13:03+00:00\" \/>\n<meta property=\"og:image\" content=\"https:\/\/dev.tg4.ie\/wp-content\/uploads\/2025\/11\/CornUiRiada2025_Buaiteoiri_1-1920x1080-1.jpg\" \/>\n<meta name=\"twitter:card\" content=\"summary_large_image\" \/>\n<meta name=\"twitter:site\" content=\"@TG4TV\" \/>\n<meta name=\"twitter:label1\" content=\"Est. reading time\" \/>\n\t<meta name=\"twitter:data1\" content=\"3 minutes\" \/>\n<script type=\"application\/ld+json\" class=\"yoast-schema-graph\">{\"@context\":\"https:\/\/schema.org\",\"@graph\":[{\"@type\":\"WebPage\",\"@id\":\"https:\/\/dev.tg4.ie\/ga\/eolas\/preas\/nuacht-raitis\/2025-2\/ardu-mor-ar-an-lucht-feachana-ar-line-maidir-le-cludach-tg4-ar-oireachtas-na-samhna-2025\/\",\"url\":\"https:\/\/dev.tg4.ie\/ga\/eolas\/preas\/nuacht-raitis\/2025-2\/ardu-mor-ar-an-lucht-feachana-ar-line-maidir-le-cludach-tg4-ar-oireachtas-na-samhna-2025\/\",\"name\":\"Ard\u00fa M\u00f3r ar an Lucht F\u00e9achana ar L\u00edne maidir le Cl\u00fadach TG4 ar Oireachtas na Samhna 2025 | Preasr\u00e1iteas | TG4\",\"isPartOf\":{\"@id\":\"https:\/\/dev.tg4.ie\/en\/#website\"},\"primaryImageOfPage\":{\"@id\":\"https:\/\/dev.tg4.ie\/ga\/eolas\/preas\/nuacht-raitis\/2025-2\/ardu-mor-ar-an-lucht-feachana-ar-line-maidir-le-cludach-tg4-ar-oireachtas-na-samhna-2025\/#primaryimage\"},\"image\":{\"@id\":\"https:\/\/dev.tg4.ie\/ga\/eolas\/preas\/nuacht-raitis\/2025-2\/ardu-mor-ar-an-lucht-feachana-ar-line-maidir-le-cludach-tg4-ar-oireachtas-na-samhna-2025\/#primaryimage\"},\"thumbnailUrl\":\"https:\/\/dev.tg4.ie\/wp-content\/uploads\/2025\/11\/CornUiRiada2025_Buaiteoiri_1-1920x1080-1.jpg\",\"datePublished\":\"2025-11-07T15:05:58+00:00\",\"dateModified\":\"2025-11-07T15:13:03+00:00\",\"description\":\"D\u2019\u00e9irigh thar barr le cl\u00fadach cuimsitheach TG4 ar Oireachtas na Samhna 2025 ar a chuid ard\u00e1n go l\u00e9ir leis an lucht f\u00e9achana ag faire go fonnmhar chun an chuid is fearr de chult\u00far, de chruthaitheacht agus de phobal na h\u00c9ireann a cheili\u00faradh.\u00a0\",\"breadcrumb\":{\"@id\":\"https:\/\/dev.tg4.ie\/ga\/eolas\/preas\/nuacht-raitis\/2025-2\/ardu-mor-ar-an-lucht-feachana-ar-line-maidir-le-cludach-tg4-ar-oireachtas-na-samhna-2025\/#breadcrumb\"},\"inLanguage\":\"ga\",\"potentialAction\":[{\"@type\":\"ReadAction\",\"target\":[\"https:\/\/dev.tg4.ie\/ga\/eolas\/preas\/nuacht-raitis\/2025-2\/ardu-mor-ar-an-lucht-feachana-ar-line-maidir-le-cludach-tg4-ar-oireachtas-na-samhna-2025\/\"]}]},{\"@type\":\"ImageObject\",\"inLanguage\":\"ga\",\"@id\":\"https:\/\/dev.tg4.ie\/ga\/eolas\/preas\/nuacht-raitis\/2025-2\/ardu-mor-ar-an-lucht-feachana-ar-line-maidir-le-cludach-tg4-ar-oireachtas-na-samhna-2025\/#primaryimage\",\"url\":\"https:\/\/dev.tg4.ie\/wp-content\/uploads\/2025\/11\/CornUiRiada2025_Buaiteoiri_1-1920x1080-1.jpg\",\"contentUrl\":\"https:\/\/dev.tg4.ie\/wp-content\/uploads\/2025\/11\/CornUiRiada2025_Buaiteoiri_1-1920x1080-1.jpg\"},{\"@type\":\"BreadcrumbList\",\"@id\":\"https:\/\/dev.tg4.ie\/ga\/eolas\/preas\/nuacht-raitis\/2025-2\/ardu-mor-ar-an-lucht-feachana-ar-line-maidir-le-cludach-tg4-ar-oireachtas-na-samhna-2025\/#breadcrumb\",\"itemListElement\":[{\"@type\":\"ListItem\",\"position\":1,\"name\":\"Home\",\"item\":\"https:\/\/dev.tg4.ie\/ga\/\"},{\"@type\":\"ListItem\",\"position\":2,\"name\":\"Eolas\",\"item\":\"https:\/\/dev.tg4.ie\/ga\/eolas\/\"},{\"@type\":\"ListItem\",\"position\":3,\"name\":\"Preas\",\"item\":\"https:\/\/dev.tg4.ie\/ga\/eolas\/preas\/\"},{\"@type\":\"ListItem\",\"position\":4,\"name\":\"Nuacht R\u00e1itis\",\"item\":\"https:\/\/dev.tg4.ie\/ga\/eolas\/preas\/nuacht-raitis\/\"},{\"@type\":\"ListItem\",\"position\":5,\"name\":\"2025\",\"item\":\"https:\/\/dev.tg4.ie\/ga\/eolas\/preas\/nuacht-raitis\/2025-2\/\"},{\"@type\":\"ListItem\",\"position\":6,\"name\":\"Ard\u00fa M\u00f3r ar an Lucht F\u00e9achana ar L\u00edne maidir le Cl\u00fadach TG4 ar Oireachtas na Samhna 2025\"}]},{\"@type\":\"WebSite\",\"@id\":\"https:\/\/dev.tg4.ie\/en\/#website\",\"url\":\"https:\/\/dev.tg4.ie\/en\/\",\"name\":\"TG4\",\"description\":\"S\u00fail Eile\",\"potentialAction\":[{\"@type\":\"SearchAction\",\"target\":{\"@type\":\"EntryPoint\",\"urlTemplate\":\"https:\/\/dev.tg4.ie\/en\/?s={search_term_string}\"},\"query-input\":\"required name=search_term_string\"}],\"inLanguage\":\"ga\"}]}<\/script>\n<!-- \/ Yoast SEO plugin. -->","yoast_head_json":{"title":"Ard\u00fa M\u00f3r ar an Lucht F\u00e9achana ar L\u00edne maidir le Cl\u00fadach TG4 ar Oireachtas na Samhna 2025 | Preasr\u00e1iteas | TG4","description":"D\u2019\u00e9irigh thar barr le cl\u00fadach cuimsitheach TG4 ar Oireachtas na Samhna 2025 ar a chuid ard\u00e1n go l\u00e9ir leis an lucht f\u00e9achana ag faire go fonnmhar chun an chuid is fearr de chult\u00far, de chruthaitheacht agus de phobal na h\u00c9ireann a cheili\u00faradh.\u00a0","robots":{"index":"index","follow":"follow","max-snippet":"max-snippet:-1","max-image-preview":"max-image-preview:large","max-video-preview":"max-video-preview:-1"},"og_locale":"en_US","og_type":"article","og_title":"Ard\u00fa M\u00f3r ar an Lucht F\u00e9achana ar L\u00edne maidir le Cl\u00fadach TG4 ar Oireachtas na Samhna 2025 | Preasr\u00e1iteas | TG4","og_description":"D\u2019\u00e9irigh thar barr le cl\u00fadach cuimsitheach TG4 ar Oireachtas na Samhna 2025 ar a chuid ard\u00e1n go l\u00e9ir leis an lucht f\u00e9achana ag faire go fonnmhar chun an chuid is fearr de chult\u00far, de chruthaitheacht agus de phobal na h\u00c9ireann a cheili\u00faradh.\u00a0","og_url":"https:\/\/dev.tg4.ie\/ga\/eolas\/preas\/nuacht-raitis\/2025-2\/ardu-mor-ar-an-lucht-feachana-ar-line-maidir-le-cludach-tg4-ar-oireachtas-na-samhna-2025\/","og_site_name":"TG4","article_publisher":"https:\/\/www.facebook.com\/TG4TV","article_modified_time":"2025-11-07T15:13:03+00:00","og_image":[{"url":"https:\/\/dev.tg4.ie\/wp-content\/uploads\/2025\/11\/CornUiRiada2025_Buaiteoiri_1-1920x1080-1.jpg"}],"twitter_card":"summary_large_image","twitter_site":"@TG4TV","twitter_misc":{"Est. reading time":"3 minutes"},"schema":{"@context":"https:\/\/schema.org","@graph":[{"@type":"WebPage","@id":"https:\/\/dev.tg4.ie\/ga\/eolas\/preas\/nuacht-raitis\/2025-2\/ardu-mor-ar-an-lucht-feachana-ar-line-maidir-le-cludach-tg4-ar-oireachtas-na-samhna-2025\/","url":"https:\/\/dev.tg4.ie\/ga\/eolas\/preas\/nuacht-raitis\/2025-2\/ardu-mor-ar-an-lucht-feachana-ar-line-maidir-le-cludach-tg4-ar-oireachtas-na-samhna-2025\/","name":"Ard\u00fa M\u00f3r ar an Lucht F\u00e9achana ar L\u00edne maidir le Cl\u00fadach TG4 ar Oireachtas na Samhna 2025 | Preasr\u00e1iteas | TG4","isPartOf":{"@id":"https:\/\/dev.tg4.ie\/en\/#website"},"primaryImageOfPage":{"@id":"https:\/\/dev.tg4.ie\/ga\/eolas\/preas\/nuacht-raitis\/2025-2\/ardu-mor-ar-an-lucht-feachana-ar-line-maidir-le-cludach-tg4-ar-oireachtas-na-samhna-2025\/#primaryimage"},"image":{"@id":"https:\/\/dev.tg4.ie\/ga\/eolas\/preas\/nuacht-raitis\/2025-2\/ardu-mor-ar-an-lucht-feachana-ar-line-maidir-le-cludach-tg4-ar-oireachtas-na-samhna-2025\/#primaryimage"},"thumbnailUrl":"https:\/\/dev.tg4.ie\/wp-content\/uploads\/2025\/11\/CornUiRiada2025_Buaiteoiri_1-1920x1080-1.jpg","datePublished":"2025-11-07T15:05:58+00:00","dateModified":"2025-11-07T15:13:03+00:00","description":"D\u2019\u00e9irigh thar barr le cl\u00fadach cuimsitheach TG4 ar Oireachtas na Samhna 2025 ar a chuid ard\u00e1n go l\u00e9ir leis an lucht f\u00e9achana ag faire go fonnmhar chun an chuid is fearr de chult\u00far, de chruthaitheacht agus de phobal na h\u00c9ireann a cheili\u00faradh.\u00a0","breadcrumb":{"@id":"https:\/\/dev.tg4.ie\/ga\/eolas\/preas\/nuacht-raitis\/2025-2\/ardu-mor-ar-an-lucht-feachana-ar-line-maidir-le-cludach-tg4-ar-oireachtas-na-samhna-2025\/#breadcrumb"},"inLanguage":"ga","potentialAction":[{"@type":"ReadAction","target":["https:\/\/dev.tg4.ie\/ga\/eolas\/preas\/nuacht-raitis\/2025-2\/ardu-mor-ar-an-lucht-feachana-ar-line-maidir-le-cludach-tg4-ar-oireachtas-na-samhna-2025\/"]}]},{"@type":"ImageObject","inLanguage":"ga","@id":"https:\/\/dev.tg4.ie\/ga\/eolas\/preas\/nuacht-raitis\/2025-2\/ardu-mor-ar-an-lucht-feachana-ar-line-maidir-le-cludach-tg4-ar-oireachtas-na-samhna-2025\/#primaryimage","url":"https:\/\/dev.tg4.ie\/wp-content\/uploads\/2025\/11\/CornUiRiada2025_Buaiteoiri_1-1920x1080-1.jpg","contentUrl":"https:\/\/dev.tg4.ie\/wp-content\/uploads\/2025\/11\/CornUiRiada2025_Buaiteoiri_1-1920x1080-1.jpg"},{"@type":"BreadcrumbList","@id":"https:\/\/dev.tg4.ie\/ga\/eolas\/preas\/nuacht-raitis\/2025-2\/ardu-mor-ar-an-lucht-feachana-ar-line-maidir-le-cludach-tg4-ar-oireachtas-na-samhna-2025\/#breadcrumb","itemListElement":[{"@type":"ListItem","position":1,"name":"Home","item":"https:\/\/dev.tg4.ie\/ga\/"},{"@type":"ListItem","position":2,"name":"Eolas","item":"https:\/\/dev.tg4.ie\/ga\/eolas\/"},{"@type":"ListItem","position":3,"name":"Preas","item":"https:\/\/dev.tg4.ie\/ga\/eolas\/preas\/"},{"@type":"ListItem","position":4,"name":"Nuacht R\u00e1itis","item":"https:\/\/dev.tg4.ie\/ga\/eolas\/preas\/nuacht-raitis\/"},{"@type":"ListItem","position":5,"name":"2025","item":"https:\/\/dev.tg4.ie\/ga\/eolas\/preas\/nuacht-raitis\/2025-2\/"},{"@type":"ListItem","position":6,"name":"Ard\u00fa M\u00f3r ar an Lucht F\u00e9achana ar L\u00edne maidir le Cl\u00fadach TG4 ar Oireachtas na Samhna 2025"}]},{"@type":"WebSite","@id":"https:\/\/dev.tg4.ie\/en\/#website","url":"https:\/\/dev.tg4.ie\/en\/","name":"TG4","description":"S\u00fail Eile","potentialAction":[{"@type":"SearchAction","target":{"@type":"EntryPoint","urlTemplate":"https:\/\/dev.tg4.ie\/en\/?s={search_term_string}"},"query-input":"required name=search_term_string"}],"inLanguage":"ga"}]}},"_links":{"self":[{"href":"https:\/\/dev.tg4.ie\/ga\/wp-json\/wp\/v2\/pages\/247946"}],"collection":[{"href":"https:\/\/dev.tg4.ie\/ga\/wp-json\/wp\/v2\/pages"}],"about":[{"href":"https:\/\/dev.tg4.ie\/ga\/wp-json\/wp\/v2\/types\/page"}],"author":[{"embeddable":true,"href":"https:\/\/dev.tg4.ie\/ga\/wp-json\/wp\/v2\/users\/876"}],"replies":[{"embeddable":true,"href":"https:\/\/dev.tg4.ie\/ga\/wp-json\/wp\/v2\/comments?post=247946"}],"version-history":[{"count":0,"href":"https:\/\/dev.tg4.ie\/ga\/wp-json\/wp\/v2\/pages\/247946\/revisions"}],"up":[{"embeddable":true,"href":"https:\/\/dev.tg4.ie\/ga\/wp-json\/wp\/v2\/pages\/236807"}],"wp:attachment":[{"href":"https:\/\/dev.tg4.ie\/ga\/wp-json\/wp\/v2\/media?parent=247946"}],"curies":[{"name":"wp","href":"https:\/\/api.w.org\/{rel}","templated":true}]}}