{"id":248010,"date":"2025-11-12T16:29:04","date_gmt":"2025-11-12T16:29:04","guid":{"rendered":"https:\/\/dev.tg4.ie\/?page_id=248010"},"modified":"2025-11-13T15:30:25","modified_gmt":"2025-11-13T15:30:25","slug":"an-dara-sraith-den-drama-coireachta-cra-coimisiunaithe-ag-tg4-agus-bbc-thuaisceart-eireann","status":"publish","type":"page","link":"https:\/\/dev.tg4.ie\/ga\/eolas\/preas\/nuacht-raitis\/2025-2\/an-dara-sraith-den-drama-coireachta-cra-coimisiunaithe-ag-tg4-agus-bbc-thuaisceart-eireann\/","title":{"rendered":"An dara sraith den dr\u00e1ma coireachta Cr\u00e1 coimisi\u00fanaithe ag TG4 agus BBC Thuaisceart \u00c9ireann"},"content":{"rendered":"<p><img loading=\"lazy\" decoding=\"async\" width=\"1920\" height=\"1080\" src=\"https:\/\/tg4-docs.s3.amazonaws.com\/wp-content\/uploads\/2025\/11\/12162705\/CRA2-1-1920x1080-1.jpg\" alt=\"\" class=\"aligncenter size-full wp-image-248013\" srcset=\"https:\/\/tg4-docs.s3.amazonaws.com\/wp-content\/uploads\/2025\/11\/12162705\/CRA2-1-1920x1080-1.jpg 1920w, https:\/\/tg4-docs.s3.amazonaws.com\/wp-content\/uploads\/2025\/11\/12162705\/CRA2-1-1920x1080-1-250x141.jpg 250w, https:\/\/tg4-docs.s3.amazonaws.com\/wp-content\/uploads\/2025\/11\/12162705\/CRA2-1-1920x1080-1-700x394.jpg 700w, https:\/\/tg4-docs.s3.amazonaws.com\/wp-content\/uploads\/2025\/11\/12162705\/CRA2-1-1920x1080-1-252x141.jpg 252w, https:\/\/tg4-docs.s3.amazonaws.com\/wp-content\/uploads\/2025\/11\/12162705\/CRA2-1-1920x1080-1-1536x864.jpg 1536w, https:\/\/tg4-docs.s3.amazonaws.com\/wp-content\/uploads\/2025\/11\/12162705\/CRA2-1-1920x1080-1-120x68.jpg 120w\" sizes=\"(max-width: 1920px) 100vw, 1920px\" \/><br \/>\n<sup>Pic: C\u00edaran Charles, Karen Kirby, Se\u00e1n \u00d3 Baoill, M\u00e1ire N\u00ed Chonl\u00e1in agus \u00c1ine Walsh ag an Belfast Media Festival (Creidi\u00faint: Phil Smyth Photography)<\/sup><br \/>\n&nbsp;<\/p>\n<p>Ag \u00f3c\u00e1id n\u00edos luaithe inniu le linn Fh\u00e9ile Me\u00e1n Cumars\u00e1ide Bh\u00e9al Feirste, f\u00f3gra\u00edodh go bhfuil an dara sraith de Cr\u00e1, dr\u00e1ma coireachta, coimisi\u00fanaithe ag BBC Thuaisceart \u00c9ireann agus TG4.<\/p>\n<p>Cuirfear t\u00fas leis an scann\u00e1na\u00edocht don tsraith s\u00e9 chl\u00e1r i gContae Dh\u00fan na nGall i dt\u00fas na bliana 2026.<\/p>\n<p>F\u00edb\u00edn Media agus F\u00edb\u00edn Films NI Ltd a l\u00e9ir\u00edonn Cr\u00e1 do TG4 agus do BBC Gaeilge le cabhair airgid \u00f3 Fh\u00eds \u00c9ireann, \u00f3 Chiste Craolt\u00f3ireachta Gaeilge Sc\u00e1ile\u00e1n Thuaisceart \u00c9ireann, \u00f3 Choimisi\u00fan na Me\u00e1n agus \u00f3 na d\u00e1ileoir\u00ed About Premium Content (APC).<br \/>\n&nbsp;<br \/>\nDeir <strong>M\u00e1ire N\u00ed Chonl\u00e1in, Eagarth\u00f3ir Coimisi\u00fanaithe TG4<\/strong>: <em>\u201cIs bre\u00e1 linn Cr\u00e1 a fheice\u00e1il ar ais leis an dara sraith. Fuair an ch\u00e9ad s\u00e9as\u00far greim ar an lucht f\u00e9achana lena chur i l\u00e1thair, sa chruthaitheacht agus i gcine\u00e1l an ghrinn agus le Richie Conroy agus Philip Doherty i mbun mheitheal speisialta cruthaitheachta, t\u00e1 muid cinnte go mbeidh cl\u00e1ir sp\u00e9isi\u00fala dhr\u00e1ma\u00edochta a bhaineann go h\u00e1irithe le h\u00c9irinn le feice\u00e1il ag an lucht f\u00e9achana ar\u00eds leis an dara sraith.&#8221;<\/em><br \/>\n&nbsp;<\/p>\n<p>Deir <strong>Karen Kirby, Feidhmeannach Coimisi\u00fanaithe le BBC Gaeilge<\/strong>: <em>&#8220;Ba \u00e9 Cr\u00e1 an ch\u00e9ad sraith dhr\u00e1ma\u00edochta coirsc\u00e9alta i nGaeilge a craoladh ar BBC One Thuaisceart \u00c9ireann, BBC iPlayer agus BBC Four agus tar \u00e9is moladh chomh m\u00f3r \u00f3n lucht f\u00e9achana, is iontach an sc\u00e9al go bhfuil an dara sraith ar na bac\u00e1in. Is fada liom go bhfeicfidh m\u00e9 an casadh a bheidh sa sc\u00e9al a chuirfear os comhair an lucht f\u00e9achana sa dara sraith.&#8221;<\/em><br \/>\n&nbsp;<\/p>\n<p>Is iad Ciar\u00e1n Charles agus Darach \u00d3 Tuairisg thar ceann F\u00edb\u00edn Media agus M\u00e9abh Nic Alastair thar ceann F\u00edb\u00edn Films NI a l\u00e9ireoidh an dara sraith de Cr\u00e1.<\/p>\n<p>I mbun scr\u00edbhneoireachta don tsraith nua, beidh Richie Conroy (Cr\u00e1 sraith a haon, Leonard &#038; Hungry Paul), Sarah Gordon agus Damian McCann (Aontas) agus Noel McCann (Blue Lights) agus Philip Doherty (Sti\u00farth\u00f3ir Cr\u00e1 sraith a haon), agus t\u00e1 Aoife Nic Ardghail, aisteoir agus bean scann\u00e1na\u00edochta, ag teacht ar an bhfoireann chomh maith.<br \/>\n&nbsp;<\/p>\n<p>Deir <strong>Darach \u00d3 Tuairisg, L\u00e9iritheoir Feidhmi\u00fach\u00e1in<\/strong>: <em>\u201cT\u00e1 F\u00edb\u00edn Media thar a bheith s\u00e1sta Cr\u00e1 a thabhairt ar ais don dara sraith ionas go gcuirtear leis an sp\u00e9is a crutha\u00edodh sa ch\u00e9ad s\u00e9as\u00far. T\u00e1 an-r\u00edm\u00e9ad orainn a bheith ag obair ar\u00eds le cliar iontach aisteoir\u00ed agus le cri\u00fa na ch\u00e9ad sraithe, chomh maith le f\u00e1ilti\u00fa roimh dhaoine nua cumasacha ar an bhfoireann.&#8221;<br \/>\n\u201cChuaigh an saol dorcha faoi leith a crutha\u00edodh i bhfeidhm go m\u00f3r ar an lucht f\u00e9achana agus t\u00e1 muid bu\u00edoch d\u00e1r gcuid p\u00e1irtn\u00e9ir\u00ed uilig as an gc\u00fanamh lean\u00fanach ionas gur f\u00e9idir an dr\u00e1ma saini\u00fail Gaeilge seo a l\u00e9iri\u00fa. T\u00e1 i nd\u00e1n gur m\u00f3 ar\u00eds an t-\u00e1bhar iontais a bhainfidh leis an dara sraith.\u201d<\/em><br \/>\n&nbsp;<\/p>\n<p>Deir <strong>Kate McColgan, Ceannasa\u00ed Teilif\u00edse, F\u00eds \u00c9ireann<\/strong>: <em>\u201cIs iontach an rud \u00e9 Cr\u00e1 a fheice\u00e1il ar ais ar an sc\u00e1ile\u00e1n leis an dara sraith. Is s\u00e1rshaothar teilif\u00edse Gaeilge an tsraith seo a bhuaigh gradaim le scripteanna iontacha, daoine cumasacha os comhair an cheamara agus taobh thiar den cheamara agus l\u00e1ithreacha scann\u00e1na\u00edochta sceirdi\u00fala i nD\u00fan na nGall. Is c\u00fais \u00e1thais d\u00fainn gur f\u00e9idir \u00e9 a fheice\u00e1il anois i 68 dt\u00edr ar fud an domhain. Is \u00e1bhar m\u00f3rtais ag F\u00eds \u00c9ireann cuidi\u00fa le saothar F\u00edb\u00edn Media agus F\u00edb\u00edn Films NI.\u201d<\/em><br \/>\n&nbsp;<\/p>\n<p>Deir <strong>\u00c1ine Walsh, Ceannasa\u00ed Chiste Craolt\u00f3ireachta na Gaeilge le Sc\u00e1ile\u00e1n Thuaisceart \u00c9ireann<\/strong>: <em>\u201cIs c\u00fais r\u00edm\u00e9id ag Ciste Craolt\u00f3ireachta na Gaeilge seasamh leis an dara sraith den dr\u00e1ma gradam\u00fail Cr\u00e1. Tharraing an ch\u00e9ad sraith aird an lucht f\u00e9achana ar TG4 agus ar an BBC, agus i l\u00edon n\u00edos m\u00f3 n\u00e1 60 dl\u00ednse ar fud an domhain, leis na sc\u00e9alta sp\u00e9isi\u00fala agus an taobh t\u00edre sceirdi\u00fail i nD\u00fan na nGall. Is bre\u00e1 an rud \u00e9 for\u00e1s lean\u00fanach ar earn\u00e1il dr\u00e1ma\u00edochta na Gaeilge sa Tuaisceart a fheice\u00e1il agus t\u00e1thar ag tn\u00fath le toradh acmhainn cruthaitheachta na scr\u00edbhneoir\u00ed, na n-aisteoir\u00ed agus na l\u00e9iritheoir\u00ed a fheice\u00e1il ar\u00eds leis an dara sraith.\u201d<\/em><br \/>\n&nbsp;<\/p>\n<p>D\u00fairt <strong>R\u00f3n\u00e1n \u00d3 Domhnaill, an Coimisin\u00e9ir um Fhorbairt na Me\u00e1n i gCoimisi\u00fan na Me\u00e1n<\/strong>: <em>\u201cT\u00e1 an-r\u00edm\u00e9ad orainn an taca\u00edocht lean\u00fanach seo a chur ar f\u00e1il don dara sraith seo de &#8216;Cr\u00e1\u2019 faoi Sc\u00e9im Maoinithe Fuaim &#038; F\u00eds. Cuirfidh an maoini\u00fa seo ar a gcumas dr\u00e1ma\u00edocht Ghaeilge, at\u00e1 cumhachtach, saibhir \u00f3 thaobh cult\u00fair agus a bheidh l\u00e9irithe anseo sa bhaile, a chur ar f\u00e1il a mbainfidh an lucht f\u00e9achana an-sult aisti.\u201d <\/em><br \/>\n&nbsp;<\/p>\n<p>Is iad Darach \u00d3 Tuairisg thar ceann F\u00edb\u00edn Media, Karen Kirby thar ceann BBC Thuaisceart \u00c9ireann agus M\u00e1ire N\u00ed Chonl\u00e1in thar ceann TG4 na L\u00e9iritheoir\u00ed Feidhmi\u00fach\u00e1in.<\/p>\n<p>&nbsp;<\/p>\n","protected":false},"excerpt":{"rendered":"<p>Pic: C\u00edaran Charles, Karen Kirby, Se\u00e1n \u00d3 Baoill, M\u00e1ire N\u00ed Chonl\u00e1in agus \u00c1ine Walsh ag an Belfast Media Festival (Creidi\u00faint: Phil Smyth Photography) &nbsp; Ag \u00f3c\u00e1id n\u00edos luaithe inniu le linn Fh\u00e9ile Me\u00e1n Cumars\u00e1ide Bh\u00e9al Feirste, f\u00f3gra\u00edodh go bhfuil an dara sraith de Cr\u00e1, dr\u00e1ma coireachta, coimisi\u00fanaithe ag BBC Thuaisceart \u00c9ireann agus TG4. Cuirfear t\u00fas [&hellip;]<\/p>\n","protected":false},"author":876,"featured_media":0,"parent":236807,"menu_order":68,"comment_status":"closed","ping_status":"closed","template":"page-templates\/template-pr.php","meta":{"_acf_changed":false,"footnotes":""},"acf":[],"yoast_head":"<!-- This site is optimized with the Yoast SEO plugin v22.6 - https:\/\/yoast.com\/wordpress\/plugins\/seo\/ -->\n<title>An dara sraith den dr\u00e1ma coireachta Cr\u00e1 coimisi\u00fanaithe ag TG4 agus BBC Thuaisceart \u00c9ireann | Preasr\u00e1iteas | TG4<\/title>\n<meta name=\"description\" content=\"Ag \u00f3c\u00e1id n\u00edos luaithe inniu le linn Fh\u00e9ile Me\u00e1n Cumars\u00e1ide Bh\u00e9al Feirste, f\u00f3gra\u00edodh go bhfuil an dara sraith de Cr\u00e1, dr\u00e1ma coireachta, coimisi\u00fanaithe ag BBC Thuaisceart \u00c9ireann agus TG4.\" \/>\n<meta name=\"robots\" content=\"index, follow, max-snippet:-1, max-image-preview:large, max-video-preview:-1\" \/>\n<meta property=\"og:locale\" content=\"en_US\" \/>\n<meta property=\"og:type\" content=\"article\" \/>\n<meta property=\"og:title\" content=\"An dara sraith den dr\u00e1ma coireachta Cr\u00e1 coimisi\u00fanaithe ag TG4 agus BBC Thuaisceart \u00c9ireann | Preasr\u00e1iteas | TG4\" \/>\n<meta property=\"og:description\" content=\"Ag \u00f3c\u00e1id n\u00edos luaithe inniu le linn Fh\u00e9ile Me\u00e1n Cumars\u00e1ide Bh\u00e9al Feirste, f\u00f3gra\u00edodh go bhfuil an dara sraith de Cr\u00e1, dr\u00e1ma coireachta, coimisi\u00fanaithe ag BBC Thuaisceart \u00c9ireann agus TG4.\" \/>\n<meta property=\"og:url\" content=\"https:\/\/dev.tg4.ie\/ga\/eolas\/preas\/nuacht-raitis\/2025-2\/an-dara-sraith-den-drama-coireachta-cra-coimisiunaithe-ag-tg4-agus-bbc-thuaisceart-eireann\/\" \/>\n<meta property=\"og:site_name\" content=\"TG4\" \/>\n<meta property=\"article:publisher\" content=\"https:\/\/www.facebook.com\/TG4TV\" \/>\n<meta property=\"article:modified_time\" content=\"2025-11-13T15:30:25+00:00\" \/>\n<meta property=\"og:image\" content=\"https:\/\/dev.tg4.ie\/wp-content\/uploads\/2025\/11\/CRA2-1-1920x1080-1.jpg\" \/>\n<meta name=\"twitter:card\" content=\"summary_large_image\" \/>\n<meta name=\"twitter:site\" content=\"@TG4TV\" \/>\n<meta name=\"twitter:label1\" content=\"Est. reading time\" \/>\n\t<meta name=\"twitter:data1\" content=\"4 minutes\" \/>\n<script type=\"application\/ld+json\" class=\"yoast-schema-graph\">{\"@context\":\"https:\/\/schema.org\",\"@graph\":[{\"@type\":\"WebPage\",\"@id\":\"https:\/\/dev.tg4.ie\/ga\/eolas\/preas\/nuacht-raitis\/2025-2\/an-dara-sraith-den-drama-coireachta-cra-coimisiunaithe-ag-tg4-agus-bbc-thuaisceart-eireann\/\",\"url\":\"https:\/\/dev.tg4.ie\/ga\/eolas\/preas\/nuacht-raitis\/2025-2\/an-dara-sraith-den-drama-coireachta-cra-coimisiunaithe-ag-tg4-agus-bbc-thuaisceart-eireann\/\",\"name\":\"An dara sraith den dr\u00e1ma coireachta Cr\u00e1 coimisi\u00fanaithe ag TG4 agus BBC Thuaisceart \u00c9ireann | Preasr\u00e1iteas | TG4\",\"isPartOf\":{\"@id\":\"https:\/\/dev.tg4.ie\/en\/#website\"},\"primaryImageOfPage\":{\"@id\":\"https:\/\/dev.tg4.ie\/ga\/eolas\/preas\/nuacht-raitis\/2025-2\/an-dara-sraith-den-drama-coireachta-cra-coimisiunaithe-ag-tg4-agus-bbc-thuaisceart-eireann\/#primaryimage\"},\"image\":{\"@id\":\"https:\/\/dev.tg4.ie\/ga\/eolas\/preas\/nuacht-raitis\/2025-2\/an-dara-sraith-den-drama-coireachta-cra-coimisiunaithe-ag-tg4-agus-bbc-thuaisceart-eireann\/#primaryimage\"},\"thumbnailUrl\":\"https:\/\/dev.tg4.ie\/wp-content\/uploads\/2025\/11\/CRA2-1-1920x1080-1.jpg\",\"datePublished\":\"2025-11-12T16:29:04+00:00\",\"dateModified\":\"2025-11-13T15:30:25+00:00\",\"description\":\"Ag \u00f3c\u00e1id n\u00edos luaithe inniu le linn Fh\u00e9ile Me\u00e1n Cumars\u00e1ide Bh\u00e9al Feirste, f\u00f3gra\u00edodh go bhfuil an dara sraith de Cr\u00e1, dr\u00e1ma coireachta, coimisi\u00fanaithe ag BBC Thuaisceart \u00c9ireann agus TG4.\",\"breadcrumb\":{\"@id\":\"https:\/\/dev.tg4.ie\/ga\/eolas\/preas\/nuacht-raitis\/2025-2\/an-dara-sraith-den-drama-coireachta-cra-coimisiunaithe-ag-tg4-agus-bbc-thuaisceart-eireann\/#breadcrumb\"},\"inLanguage\":\"ga\",\"potentialAction\":[{\"@type\":\"ReadAction\",\"target\":[\"https:\/\/dev.tg4.ie\/ga\/eolas\/preas\/nuacht-raitis\/2025-2\/an-dara-sraith-den-drama-coireachta-cra-coimisiunaithe-ag-tg4-agus-bbc-thuaisceart-eireann\/\"]}]},{\"@type\":\"ImageObject\",\"inLanguage\":\"ga\",\"@id\":\"https:\/\/dev.tg4.ie\/ga\/eolas\/preas\/nuacht-raitis\/2025-2\/an-dara-sraith-den-drama-coireachta-cra-coimisiunaithe-ag-tg4-agus-bbc-thuaisceart-eireann\/#primaryimage\",\"url\":\"https:\/\/dev.tg4.ie\/wp-content\/uploads\/2025\/11\/CRA2-1-1920x1080-1.jpg\",\"contentUrl\":\"https:\/\/dev.tg4.ie\/wp-content\/uploads\/2025\/11\/CRA2-1-1920x1080-1.jpg\"},{\"@type\":\"BreadcrumbList\",\"@id\":\"https:\/\/dev.tg4.ie\/ga\/eolas\/preas\/nuacht-raitis\/2025-2\/an-dara-sraith-den-drama-coireachta-cra-coimisiunaithe-ag-tg4-agus-bbc-thuaisceart-eireann\/#breadcrumb\",\"itemListElement\":[{\"@type\":\"ListItem\",\"position\":1,\"name\":\"Home\",\"item\":\"https:\/\/dev.tg4.ie\/ga\/\"},{\"@type\":\"ListItem\",\"position\":2,\"name\":\"Eolas\",\"item\":\"https:\/\/dev.tg4.ie\/ga\/eolas\/\"},{\"@type\":\"ListItem\",\"position\":3,\"name\":\"Preas\",\"item\":\"https:\/\/dev.tg4.ie\/ga\/eolas\/preas\/\"},{\"@type\":\"ListItem\",\"position\":4,\"name\":\"Nuacht R\u00e1itis\",\"item\":\"https:\/\/dev.tg4.ie\/ga\/eolas\/preas\/nuacht-raitis\/\"},{\"@type\":\"ListItem\",\"position\":5,\"name\":\"2025\",\"item\":\"https:\/\/dev.tg4.ie\/ga\/eolas\/preas\/nuacht-raitis\/2025-2\/\"},{\"@type\":\"ListItem\",\"position\":6,\"name\":\"An dara sraith den dr\u00e1ma coireachta Cr\u00e1 coimisi\u00fanaithe ag TG4 agus BBC Thuaisceart \u00c9ireann\"}]},{\"@type\":\"WebSite\",\"@id\":\"https:\/\/dev.tg4.ie\/en\/#website\",\"url\":\"https:\/\/dev.tg4.ie\/en\/\",\"name\":\"TG4\",\"description\":\"S\u00fail Eile\",\"potentialAction\":[{\"@type\":\"SearchAction\",\"target\":{\"@type\":\"EntryPoint\",\"urlTemplate\":\"https:\/\/dev.tg4.ie\/en\/?s={search_term_string}\"},\"query-input\":\"required name=search_term_string\"}],\"inLanguage\":\"ga\"}]}<\/script>\n<!-- \/ Yoast SEO plugin. -->","yoast_head_json":{"title":"An dara sraith den dr\u00e1ma coireachta Cr\u00e1 coimisi\u00fanaithe ag TG4 agus BBC Thuaisceart \u00c9ireann | Preasr\u00e1iteas | TG4","description":"Ag \u00f3c\u00e1id n\u00edos luaithe inniu le linn Fh\u00e9ile Me\u00e1n Cumars\u00e1ide Bh\u00e9al Feirste, f\u00f3gra\u00edodh go bhfuil an dara sraith de Cr\u00e1, dr\u00e1ma coireachta, coimisi\u00fanaithe ag BBC Thuaisceart \u00c9ireann agus TG4.","robots":{"index":"index","follow":"follow","max-snippet":"max-snippet:-1","max-image-preview":"max-image-preview:large","max-video-preview":"max-video-preview:-1"},"og_locale":"en_US","og_type":"article","og_title":"An dara sraith den dr\u00e1ma coireachta Cr\u00e1 coimisi\u00fanaithe ag TG4 agus BBC Thuaisceart \u00c9ireann | Preasr\u00e1iteas | TG4","og_description":"Ag \u00f3c\u00e1id n\u00edos luaithe inniu le linn Fh\u00e9ile Me\u00e1n Cumars\u00e1ide Bh\u00e9al Feirste, f\u00f3gra\u00edodh go bhfuil an dara sraith de Cr\u00e1, dr\u00e1ma coireachta, coimisi\u00fanaithe ag BBC Thuaisceart \u00c9ireann agus TG4.","og_url":"https:\/\/dev.tg4.ie\/ga\/eolas\/preas\/nuacht-raitis\/2025-2\/an-dara-sraith-den-drama-coireachta-cra-coimisiunaithe-ag-tg4-agus-bbc-thuaisceart-eireann\/","og_site_name":"TG4","article_publisher":"https:\/\/www.facebook.com\/TG4TV","article_modified_time":"2025-11-13T15:30:25+00:00","og_image":[{"url":"https:\/\/dev.tg4.ie\/wp-content\/uploads\/2025\/11\/CRA2-1-1920x1080-1.jpg"}],"twitter_card":"summary_large_image","twitter_site":"@TG4TV","twitter_misc":{"Est. reading time":"4 minutes"},"schema":{"@context":"https:\/\/schema.org","@graph":[{"@type":"WebPage","@id":"https:\/\/dev.tg4.ie\/ga\/eolas\/preas\/nuacht-raitis\/2025-2\/an-dara-sraith-den-drama-coireachta-cra-coimisiunaithe-ag-tg4-agus-bbc-thuaisceart-eireann\/","url":"https:\/\/dev.tg4.ie\/ga\/eolas\/preas\/nuacht-raitis\/2025-2\/an-dara-sraith-den-drama-coireachta-cra-coimisiunaithe-ag-tg4-agus-bbc-thuaisceart-eireann\/","name":"An dara sraith den dr\u00e1ma coireachta Cr\u00e1 coimisi\u00fanaithe ag TG4 agus BBC Thuaisceart \u00c9ireann | Preasr\u00e1iteas | TG4","isPartOf":{"@id":"https:\/\/dev.tg4.ie\/en\/#website"},"primaryImageOfPage":{"@id":"https:\/\/dev.tg4.ie\/ga\/eolas\/preas\/nuacht-raitis\/2025-2\/an-dara-sraith-den-drama-coireachta-cra-coimisiunaithe-ag-tg4-agus-bbc-thuaisceart-eireann\/#primaryimage"},"image":{"@id":"https:\/\/dev.tg4.ie\/ga\/eolas\/preas\/nuacht-raitis\/2025-2\/an-dara-sraith-den-drama-coireachta-cra-coimisiunaithe-ag-tg4-agus-bbc-thuaisceart-eireann\/#primaryimage"},"thumbnailUrl":"https:\/\/dev.tg4.ie\/wp-content\/uploads\/2025\/11\/CRA2-1-1920x1080-1.jpg","datePublished":"2025-11-12T16:29:04+00:00","dateModified":"2025-11-13T15:30:25+00:00","description":"Ag \u00f3c\u00e1id n\u00edos luaithe inniu le linn Fh\u00e9ile Me\u00e1n Cumars\u00e1ide Bh\u00e9al Feirste, f\u00f3gra\u00edodh go bhfuil an dara sraith de Cr\u00e1, dr\u00e1ma coireachta, coimisi\u00fanaithe ag BBC Thuaisceart \u00c9ireann agus TG4.","breadcrumb":{"@id":"https:\/\/dev.tg4.ie\/ga\/eolas\/preas\/nuacht-raitis\/2025-2\/an-dara-sraith-den-drama-coireachta-cra-coimisiunaithe-ag-tg4-agus-bbc-thuaisceart-eireann\/#breadcrumb"},"inLanguage":"ga","potentialAction":[{"@type":"ReadAction","target":["https:\/\/dev.tg4.ie\/ga\/eolas\/preas\/nuacht-raitis\/2025-2\/an-dara-sraith-den-drama-coireachta-cra-coimisiunaithe-ag-tg4-agus-bbc-thuaisceart-eireann\/"]}]},{"@type":"ImageObject","inLanguage":"ga","@id":"https:\/\/dev.tg4.ie\/ga\/eolas\/preas\/nuacht-raitis\/2025-2\/an-dara-sraith-den-drama-coireachta-cra-coimisiunaithe-ag-tg4-agus-bbc-thuaisceart-eireann\/#primaryimage","url":"https:\/\/dev.tg4.ie\/wp-content\/uploads\/2025\/11\/CRA2-1-1920x1080-1.jpg","contentUrl":"https:\/\/dev.tg4.ie\/wp-content\/uploads\/2025\/11\/CRA2-1-1920x1080-1.jpg"},{"@type":"BreadcrumbList","@id":"https:\/\/dev.tg4.ie\/ga\/eolas\/preas\/nuacht-raitis\/2025-2\/an-dara-sraith-den-drama-coireachta-cra-coimisiunaithe-ag-tg4-agus-bbc-thuaisceart-eireann\/#breadcrumb","itemListElement":[{"@type":"ListItem","position":1,"name":"Home","item":"https:\/\/dev.tg4.ie\/ga\/"},{"@type":"ListItem","position":2,"name":"Eolas","item":"https:\/\/dev.tg4.ie\/ga\/eolas\/"},{"@type":"ListItem","position":3,"name":"Preas","item":"https:\/\/dev.tg4.ie\/ga\/eolas\/preas\/"},{"@type":"ListItem","position":4,"name":"Nuacht R\u00e1itis","item":"https:\/\/dev.tg4.ie\/ga\/eolas\/preas\/nuacht-raitis\/"},{"@type":"ListItem","position":5,"name":"2025","item":"https:\/\/dev.tg4.ie\/ga\/eolas\/preas\/nuacht-raitis\/2025-2\/"},{"@type":"ListItem","position":6,"name":"An dara sraith den dr\u00e1ma coireachta Cr\u00e1 coimisi\u00fanaithe ag TG4 agus BBC Thuaisceart \u00c9ireann"}]},{"@type":"WebSite","@id":"https:\/\/dev.tg4.ie\/en\/#website","url":"https:\/\/dev.tg4.ie\/en\/","name":"TG4","description":"S\u00fail Eile","potentialAction":[{"@type":"SearchAction","target":{"@type":"EntryPoint","urlTemplate":"https:\/\/dev.tg4.ie\/en\/?s={search_term_string}"},"query-input":"required name=search_term_string"}],"inLanguage":"ga"}]}},"_links":{"self":[{"href":"https:\/\/dev.tg4.ie\/ga\/wp-json\/wp\/v2\/pages\/248010"}],"collection":[{"href":"https:\/\/dev.tg4.ie\/ga\/wp-json\/wp\/v2\/pages"}],"about":[{"href":"https:\/\/dev.tg4.ie\/ga\/wp-json\/wp\/v2\/types\/page"}],"author":[{"embeddable":true,"href":"https:\/\/dev.tg4.ie\/ga\/wp-json\/wp\/v2\/users\/876"}],"replies":[{"embeddable":true,"href":"https:\/\/dev.tg4.ie\/ga\/wp-json\/wp\/v2\/comments?post=248010"}],"version-history":[{"count":0,"href":"https:\/\/dev.tg4.ie\/ga\/wp-json\/wp\/v2\/pages\/248010\/revisions"}],"up":[{"embeddable":true,"href":"https:\/\/dev.tg4.ie\/ga\/wp-json\/wp\/v2\/pages\/236807"}],"wp:attachment":[{"href":"https:\/\/dev.tg4.ie\/ga\/wp-json\/wp\/v2\/media?parent=248010"}],"curies":[{"name":"wp","href":"https:\/\/api.w.org\/{rel}","templated":true}]}}