{"id":248052,"date":"2025-11-17T17:13:53","date_gmt":"2025-11-17T17:13:53","guid":{"rendered":"https:\/\/dev.tg4.ie\/?page_id=248052"},"modified":"2025-11-17T17:16:27","modified_gmt":"2025-11-17T17:16:27","slug":"treaslaionn-tg4-blianta-fada-fonaimh-ina-priomhfheidhmeannach-ar-chumann-pheil-na-mban-le-helen-orourke-ag-gradaim-realtai-pheil-na-mban-tg4-sula-dteann-si-ar-scor","status":"publish","type":"page","link":"https:\/\/dev.tg4.ie\/ga\/eolas\/preas\/nuacht-raitis\/2025-2\/treaslaionn-tg4-blianta-fada-fonaimh-ina-priomhfheidhmeannach-ar-chumann-pheil-na-mban-le-helen-orourke-ag-gradaim-realtai-pheil-na-mban-tg4-sula-dteann-si-ar-scor\/","title":{"rendered":"Tr\u00e9asla\u00edonn TG4 blianta fada f\u00f3naimh ina Pr\u00edomhfheidhmeannach ar Chumann Pheil na mBan le Helen O\u2019Rourke ag Gradaim R\u00e9alta\u00ed Pheil na mBan TG4 sula dt\u00e9ann s\u00ed ar scor"},"content":{"rendered":"<p><img loading=\"lazy\" decoding=\"async\" width=\"1920\" height=\"1080\" src=\"https:\/\/tg4-docs.s3.amazonaws.com\/wp-content\/uploads\/2025\/11\/17170631\/Bronnadh_-ar_Helen_ORourke_2025_1-1920x1080-1.jpg\" alt=\"\" class=\"aligncenter size-full wp-image-248054\" srcset=\"https:\/\/tg4-docs.s3.amazonaws.com\/wp-content\/uploads\/2025\/11\/17170631\/Bronnadh_-ar_Helen_ORourke_2025_1-1920x1080-1.jpg 1920w, https:\/\/tg4-docs.s3.amazonaws.com\/wp-content\/uploads\/2025\/11\/17170631\/Bronnadh_-ar_Helen_ORourke_2025_1-1920x1080-1-250x141.jpg 250w, https:\/\/tg4-docs.s3.amazonaws.com\/wp-content\/uploads\/2025\/11\/17170631\/Bronnadh_-ar_Helen_ORourke_2025_1-1920x1080-1-700x394.jpg 700w, https:\/\/tg4-docs.s3.amazonaws.com\/wp-content\/uploads\/2025\/11\/17170631\/Bronnadh_-ar_Helen_ORourke_2025_1-1920x1080-1-252x141.jpg 252w, https:\/\/tg4-docs.s3.amazonaws.com\/wp-content\/uploads\/2025\/11\/17170631\/Bronnadh_-ar_Helen_ORourke_2025_1-1920x1080-1-1536x864.jpg 1536w, https:\/\/tg4-docs.s3.amazonaws.com\/wp-content\/uploads\/2025\/11\/17170631\/Bronnadh_-ar_Helen_ORourke_2025_1-1920x1080-1-120x68.jpg 120w\" sizes=\"(max-width: 1920px) 100vw, 1920px\" \/><\/p>\n<p><sup>Pic: Helen O\u2019Rourke &#8211; Pr\u00edomhfheidhmeannach Chumann Pheil na mBan, Deirdre N\u00ed Choist\u00edn &#8211; Ard-Sti\u00farth\u00f3ir TG4 agus R\u00f3n\u00e1n \u00d3 Coisdealbha &#8211; Ceannasa\u00ed Sp\u00f3irt TG4 ag R\u00e9alta\u00ed Pheil na mBan TG4<\/sup><br \/>\n&nbsp;<\/p>\n<p>Thug TG4 \u00f3m\u00f3s D\u00e9 Sathairn do Helen O\u2019Rourke, Pr\u00edomhfheidhmeannach Chumann Pheil na mBan, a bhfuil s\u00e9 f\u00f3gartha aici go mbeidh s\u00ed ag dul ar scor ag deireadh na bliana 2025. Th\u00e1inig an f\u00f3gra ar o\u00edche mh\u00f3r do Pheil na mBan agus Gradaim R\u00e9alta\u00ed Pheil na mBan TG4 2025 \u00e1 gceili\u00faradh ag fle\u00e1 mh\u00f3r in \u00f3st\u00e1n an Bonnington i mBaile \u00c1tha Cliath.<br \/>\n&nbsp;<br \/>\nSa bhliain 1994 a rinneadh Uachtar\u00e1n ar Chumann Pheil na mBan de Helen O\u2019Rourke ar dt\u00fas agus t\u00e1 s\u00ed ina Pr\u00edomhfheidhmeannach \u00f3n mbliain 1997, an Pr\u00edomhfheidhmeannach is faide i mbun f\u00f3naimh le haon eagra\u00edocht sp\u00f3irt in \u00c9irinn. Le beagnach sc\u00f3r go leith bliain anuas, rinne s\u00ed maoirseacht ar r\u00e9 iontach for\u00e1is maidir le Peil na mBan, d\u2019aimsigh s\u00ed socruithe urra\u00edochta le TG4 (2001) agus Lidl Ireland (2016), mh\u00e9adaigh an ballra\u00edocht, agus sti\u00faraigh s\u00ed an Cumann tr\u00e1th a raibh cothrom 50 bliain \u00f3 buna\u00edodh \u00e9 \u00e1 cheili\u00faradh sa bhliain 2024 agus i rith dh\u00fashl\u00e1in phaind\u00e9im Covid-19.<br \/>\n&nbsp;<br \/>\nLe linn di a bheith i gceannas freisin a th\u00e1inig buaicl\u00edon lucht f\u00e9achana ag cluich\u00ed i ndiaidh a ch\u00e9ile, slua 56,114 ag Cluich\u00ed Ceannais Chraobh Uile-\u00c9ireann TG4 2019 i bP\u00e1irc an Chr\u00f3caigh san \u00e1ireamh. Cuireadh bonn faoin m\u00e9ad\u00fa seo agus tharraing Cluich\u00ed Ceannais TG4 2025 n\u00edos m\u00f3 n\u00e1 48,000 duine go P\u00e1irc an Chr\u00f3caigh, an slua is m\u00f3 \u00f3n mbliain 2019, chomh maith le beagnach 490,000 de lucht f\u00e9achana ar ard\u00e1in TG4. Bh\u00ed 16% d\u2019ard\u00fa, le himeacht bliana, ar l\u00edon an lucht f\u00e9achana don Chluiche Ceannais idir \u00c1th Cliath agus Contae na M\u00ed, ard\u00fa 37% maidir le sruthanna craolta ar Sheinnteoir TG4 agus tharraing ard\u00e1in me\u00e1n s\u00f3isialta Sp\u00f3rt TG4 aird n\u00edos m\u00f3 n\u00e1 3.4 milli\u00fan uair i rith sheachtain na gCluich\u00ed Ceannais.<br \/>\n&nbsp;<br \/>\nIs \u00e9 TG4 an craolt\u00f3ir oifigi\u00fail agus an pr\u00edomhurraitheoir agus leantar ag spreagadh for\u00e1is maidir le Peil na mBan le craoladh beo saor \u00f3 th\u00e1ille ar an gCluiche Ceannais S\u00f3isir, Idirmhe\u00e1nach agus Sinsir don lucht f\u00e9achana in \u00c9irinn agus ar fud an domhain. N\u00ed hamh\u00e1in go dtugann an chraolt\u00f3ireacht sin ard\u00fa c\u00e9ime don chluiche, cuirtear an Ghaeilge i gcro\u00edl\u00e1r na gcluich\u00ed Gaelacha freisin.<br \/>\n&nbsp;<br \/>\nRinneadh com\u00f3radh le fle\u00e1 na ho\u00edche ar cheann de na ho\u00edcheanta is t\u00e1bhachta\u00ed den bhliain ag Peil na mBan \u2013 Gradaim R\u00e9alta\u00ed Pheil na mBan TG4 2025. Is iad \u00c1th Cliath, curaidh Chraobh Uile \u00c9ireann na Sinsear don seacht\u00fa huair tar \u00e9is an ceann is fearr a fh\u00e1il ar Chontae na M\u00ed, is m\u00f3 a bhfuil imreoir\u00ed d\u00e1 gcuid (7) ar an liosta 15 imreoir. Bh\u00ed Juliet Murphy, laoch Chorca\u00ed, \u00e1 f\u00f3gairt go hoifigi\u00fail freisin i measc Chuallacht na Laoch ag Cumann Pheil na mBan. Tr\u00e9asla\u00edonn TG4 a gcuid \u00e9achta\u00ed i rith an ts\u00e9as\u00fair le gach imreoir a ainmn\u00edodh agus le buaiteoir\u00ed na ngradam.<br \/>\n&nbsp;<br \/>\nD\u00fairt <strong>Deirdre N\u00ed Choist\u00edn, Ard-Sti\u00farth\u00f3ir TG4<\/strong>:<br \/>\n<em>&#8220;Bhain f\u00e9achaint roimpi le ceannaireacht Helen O\u2019Rourke. Thug s\u00ed athr\u00fa \u00f3 bhonn i dtreis maidir le Peil na mBan ionas go dt\u00e9ann an sp\u00f3rt i bhfeidhm go n\u00e1isi\u00fanta agus go hidirn\u00e1isi\u00fanta. Is c\u00fais mh\u00f3r m\u00f3rtais ag TG4 an comhar p\u00e1irtn\u00e9ireachta at\u00e1 go fada lean\u00fanach idir muid f\u00e9in agus Cumann Pheil na mBan, bunaithe ar dh\u00fathracht gach aon eagra\u00edocht maidir le hard\u00fa c\u00e9ime ag mn\u00e1 i gc\u00farsa\u00ed sp\u00f3irt agus an Ghaeilge a bheith i l\u00e1r an aonaigh go n\u00e1isi\u00fanta agus go hidirn\u00e1isi\u00fanta. D\u00e9antar comhghairdeas freisin, an o\u00edche speisialta seo, le gach duine a bhuaigh Gradam R\u00e9alta\u00ed Pheil na mBan TG4 2025, ar \u00e1bhar spreagtha \u00e9 a gcuid imeartha agus d\u00edograise don ch\u00e9ad ghl\u00fain eile imreoir\u00ed agus lucht lean\u00fana.&#8221;<\/em><br \/>\n&nbsp;<br \/>\nD\u00fairt <strong>R\u00f3n\u00e1n \u00d3 Coisdealbha, Ceannasa\u00ed Sp\u00f3irt TG4<\/strong>:<br \/>\n<em>&#8220;N\u00ed furasta cur s\u00edos a dh\u00e9anamh ar an gcion tairbhe at\u00e1 d\u00e9anta ag Helen O\u2019Rourke maidir le Peil na mBan a thabhairt chun cinn. Is \u00e9 an breathn\u00fa roimpi agus an d\u00edocas at\u00e1 inti a chinntigh go dtabharfa\u00ed an cluiche ar ch\u00e9im eile ar fad, mar a imr\u00edtear \u00e9 ar an bp\u00e1irc agus mar a fheictear \u00e9 don phobal. Ba phribhl\u00e9id do Sp\u00f3rt TG4 oibri\u00fa in \u00e9ineacht le Helen agus le Cumann Pheil na mBan le fiche bliain anuas agus n\u00edos m\u00f3, ag cur sc\u00e9alta, scileanna agus spiorad Pheil na mBan, agus mhn\u00e1 na peile, ar f\u00e1il don lucht f\u00e9achana in \u00c9irinn agus thar s\u00e1ile. Is mian liom, thar ceann lucht Sp\u00f3rt TG4 ar fad, bu\u00edochas \u00f3 chro\u00ed a chur in i\u00fal do Helen as a cuid ceannaireachta agus comhoibre agus is \u00e9 at\u00e1 romhainn anois cur leis an m\u00e9id at\u00e1 f\u00e1gtha le hoidhreacht aicise.&#8221;<\/em><br \/>\n&nbsp;<br \/>\nGabhann TG4 bu\u00edochas le Trina Murray, Uachtar\u00e1n Chumann Pheil na mBan as a cuid maoirseachta, le Helen O\u2019Rourke as an obair \u00e9achtach at\u00e1 s\u00ed a fh\u00e1g\u00e1il le hoidhreacht againn agus le foireann Nemeton as an \u00e1bhar craolta ar scoth an domhain a chuireann siad ar f\u00e1il. Leanfaidh TG4 agus Cumann Pheil na mBan ag tabhairt Pheil na mBan chun cinn le ch\u00e9ile agus ag ceili\u00faradh a bhfuil bainte amach go dt\u00ed seo agus a bhfuil i nd\u00e1n go f\u00f3ill.<\/p>\n<p>&nbsp;<\/p>\n","protected":false},"excerpt":{"rendered":"<p>Pic: Helen O\u2019Rourke &#8211; Pr\u00edomhfheidhmeannach Chumann Pheil na mBan, Deirdre N\u00ed Choist\u00edn &#8211; Ard-Sti\u00farth\u00f3ir TG4 agus R\u00f3n\u00e1n \u00d3 Coisdealbha &#8211; Ceannasa\u00ed Sp\u00f3irt TG4 ag R\u00e9alta\u00ed Pheil na mBan TG4 &nbsp; Thug TG4 \u00f3m\u00f3s D\u00e9 Sathairn do Helen O\u2019Rourke, Pr\u00edomhfheidhmeannach Chumann Pheil na mBan, a bhfuil s\u00e9 f\u00f3gartha aici go mbeidh s\u00ed ag dul ar scor [&hellip;]<\/p>\n","protected":false},"author":876,"featured_media":0,"parent":236807,"menu_order":69,"comment_status":"closed","ping_status":"closed","template":"page-templates\/template-pr.php","meta":{"_acf_changed":false,"footnotes":""},"acf":[],"yoast_head":"<!-- This site is optimized with the Yoast SEO plugin v22.6 - https:\/\/yoast.com\/wordpress\/plugins\/seo\/ -->\n<title>Tr\u00e9asla\u00edonn TG4 blianta fada f\u00f3naimh ina Pr\u00edomhfheidhmeannach ar Chumann Pheil na mBan le Helen O\u2019Rourke ag Gradaim R\u00e9alta\u00ed Pheil na mBan TG4 sula dt\u00e9ann s\u00ed ar scor | Preasr\u00e1iteas | TG4<\/title>\n<meta name=\"description\" content=\"Thug TG4 \u00f3m\u00f3s D\u00e9 Sathairn do Helen O\u2019Rourke, Pr\u00edomhfheidhmeannach Chumann Pheil na mBan, a bhfuil s\u00e9 f\u00f3gartha aici go mbeidh s\u00ed ag dul ar scor ag deireadh na bliana 2025.\" \/>\n<meta name=\"robots\" content=\"index, follow, max-snippet:-1, max-image-preview:large, max-video-preview:-1\" \/>\n<meta property=\"og:locale\" content=\"en_US\" \/>\n<meta property=\"og:type\" content=\"article\" \/>\n<meta property=\"og:title\" content=\"Tr\u00e9asla\u00edonn TG4 blianta fada f\u00f3naimh ina Pr\u00edomhfheidhmeannach ar Chumann Pheil na mBan le Helen O\u2019Rourke ag Gradaim R\u00e9alta\u00ed Pheil na mBan TG4 sula dt\u00e9ann s\u00ed ar scor | Preasr\u00e1iteas | TG4\" \/>\n<meta property=\"og:description\" content=\"Thug TG4 \u00f3m\u00f3s D\u00e9 Sathairn do Helen O\u2019Rourke, Pr\u00edomhfheidhmeannach Chumann Pheil na mBan, a bhfuil s\u00e9 f\u00f3gartha aici go mbeidh s\u00ed ag dul ar scor ag deireadh na bliana 2025.\" \/>\n<meta property=\"og:url\" content=\"https:\/\/dev.tg4.ie\/ga\/eolas\/preas\/nuacht-raitis\/2025-2\/treaslaionn-tg4-blianta-fada-fonaimh-ina-priomhfheidhmeannach-ar-chumann-pheil-na-mban-le-helen-orourke-ag-gradaim-realtai-pheil-na-mban-tg4-sula-dteann-si-ar-scor\/\" \/>\n<meta property=\"og:site_name\" content=\"TG4\" \/>\n<meta property=\"article:publisher\" content=\"https:\/\/www.facebook.com\/TG4TV\" \/>\n<meta property=\"article:modified_time\" content=\"2025-11-17T17:16:27+00:00\" \/>\n<meta property=\"og:image\" content=\"https:\/\/dev.tg4.ie\/wp-content\/uploads\/2025\/11\/Bronnadh_-ar_Helen_ORourke_2025_1-1920x1080-1.jpg\" \/>\n<meta name=\"twitter:card\" content=\"summary_large_image\" \/>\n<meta name=\"twitter:site\" content=\"@TG4TV\" \/>\n<meta name=\"twitter:label1\" content=\"Est. reading time\" \/>\n\t<meta name=\"twitter:data1\" content=\"4 minutes\" \/>\n<script type=\"application\/ld+json\" class=\"yoast-schema-graph\">{\"@context\":\"https:\/\/schema.org\",\"@graph\":[{\"@type\":\"WebPage\",\"@id\":\"https:\/\/dev.tg4.ie\/ga\/eolas\/preas\/nuacht-raitis\/2025-2\/treaslaionn-tg4-blianta-fada-fonaimh-ina-priomhfheidhmeannach-ar-chumann-pheil-na-mban-le-helen-orourke-ag-gradaim-realtai-pheil-na-mban-tg4-sula-dteann-si-ar-scor\/\",\"url\":\"https:\/\/dev.tg4.ie\/ga\/eolas\/preas\/nuacht-raitis\/2025-2\/treaslaionn-tg4-blianta-fada-fonaimh-ina-priomhfheidhmeannach-ar-chumann-pheil-na-mban-le-helen-orourke-ag-gradaim-realtai-pheil-na-mban-tg4-sula-dteann-si-ar-scor\/\",\"name\":\"Tr\u00e9asla\u00edonn TG4 blianta fada f\u00f3naimh ina Pr\u00edomhfheidhmeannach ar Chumann Pheil na mBan le Helen O\u2019Rourke ag Gradaim R\u00e9alta\u00ed Pheil na mBan TG4 sula dt\u00e9ann s\u00ed ar scor | Preasr\u00e1iteas | TG4\",\"isPartOf\":{\"@id\":\"https:\/\/dev.tg4.ie\/en\/#website\"},\"primaryImageOfPage\":{\"@id\":\"https:\/\/dev.tg4.ie\/ga\/eolas\/preas\/nuacht-raitis\/2025-2\/treaslaionn-tg4-blianta-fada-fonaimh-ina-priomhfheidhmeannach-ar-chumann-pheil-na-mban-le-helen-orourke-ag-gradaim-realtai-pheil-na-mban-tg4-sula-dteann-si-ar-scor\/#primaryimage\"},\"image\":{\"@id\":\"https:\/\/dev.tg4.ie\/ga\/eolas\/preas\/nuacht-raitis\/2025-2\/treaslaionn-tg4-blianta-fada-fonaimh-ina-priomhfheidhmeannach-ar-chumann-pheil-na-mban-le-helen-orourke-ag-gradaim-realtai-pheil-na-mban-tg4-sula-dteann-si-ar-scor\/#primaryimage\"},\"thumbnailUrl\":\"https:\/\/dev.tg4.ie\/wp-content\/uploads\/2025\/11\/Bronnadh_-ar_Helen_ORourke_2025_1-1920x1080-1.jpg\",\"datePublished\":\"2025-11-17T17:13:53+00:00\",\"dateModified\":\"2025-11-17T17:16:27+00:00\",\"description\":\"Thug TG4 \u00f3m\u00f3s D\u00e9 Sathairn do Helen O\u2019Rourke, Pr\u00edomhfheidhmeannach Chumann Pheil na mBan, a bhfuil s\u00e9 f\u00f3gartha aici go mbeidh s\u00ed ag dul ar scor ag deireadh na bliana 2025.\",\"breadcrumb\":{\"@id\":\"https:\/\/dev.tg4.ie\/ga\/eolas\/preas\/nuacht-raitis\/2025-2\/treaslaionn-tg4-blianta-fada-fonaimh-ina-priomhfheidhmeannach-ar-chumann-pheil-na-mban-le-helen-orourke-ag-gradaim-realtai-pheil-na-mban-tg4-sula-dteann-si-ar-scor\/#breadcrumb\"},\"inLanguage\":\"ga\",\"potentialAction\":[{\"@type\":\"ReadAction\",\"target\":[\"https:\/\/dev.tg4.ie\/ga\/eolas\/preas\/nuacht-raitis\/2025-2\/treaslaionn-tg4-blianta-fada-fonaimh-ina-priomhfheidhmeannach-ar-chumann-pheil-na-mban-le-helen-orourke-ag-gradaim-realtai-pheil-na-mban-tg4-sula-dteann-si-ar-scor\/\"]}]},{\"@type\":\"ImageObject\",\"inLanguage\":\"ga\",\"@id\":\"https:\/\/dev.tg4.ie\/ga\/eolas\/preas\/nuacht-raitis\/2025-2\/treaslaionn-tg4-blianta-fada-fonaimh-ina-priomhfheidhmeannach-ar-chumann-pheil-na-mban-le-helen-orourke-ag-gradaim-realtai-pheil-na-mban-tg4-sula-dteann-si-ar-scor\/#primaryimage\",\"url\":\"https:\/\/dev.tg4.ie\/wp-content\/uploads\/2025\/11\/Bronnadh_-ar_Helen_ORourke_2025_1-1920x1080-1.jpg\",\"contentUrl\":\"https:\/\/dev.tg4.ie\/wp-content\/uploads\/2025\/11\/Bronnadh_-ar_Helen_ORourke_2025_1-1920x1080-1.jpg\"},{\"@type\":\"BreadcrumbList\",\"@id\":\"https:\/\/dev.tg4.ie\/ga\/eolas\/preas\/nuacht-raitis\/2025-2\/treaslaionn-tg4-blianta-fada-fonaimh-ina-priomhfheidhmeannach-ar-chumann-pheil-na-mban-le-helen-orourke-ag-gradaim-realtai-pheil-na-mban-tg4-sula-dteann-si-ar-scor\/#breadcrumb\",\"itemListElement\":[{\"@type\":\"ListItem\",\"position\":1,\"name\":\"Home\",\"item\":\"https:\/\/dev.tg4.ie\/ga\/\"},{\"@type\":\"ListItem\",\"position\":2,\"name\":\"Eolas\",\"item\":\"https:\/\/dev.tg4.ie\/ga\/eolas\/\"},{\"@type\":\"ListItem\",\"position\":3,\"name\":\"Preas\",\"item\":\"https:\/\/dev.tg4.ie\/ga\/eolas\/preas\/\"},{\"@type\":\"ListItem\",\"position\":4,\"name\":\"Nuacht R\u00e1itis\",\"item\":\"https:\/\/dev.tg4.ie\/ga\/eolas\/preas\/nuacht-raitis\/\"},{\"@type\":\"ListItem\",\"position\":5,\"name\":\"2025\",\"item\":\"https:\/\/dev.tg4.ie\/ga\/eolas\/preas\/nuacht-raitis\/2025-2\/\"},{\"@type\":\"ListItem\",\"position\":6,\"name\":\"Tr\u00e9asla\u00edonn TG4 blianta fada f\u00f3naimh ina Pr\u00edomhfheidhmeannach ar Chumann Pheil na mBan le Helen O\u2019Rourke ag Gradaim R\u00e9alta\u00ed Pheil na mBan TG4 sula dt\u00e9ann s\u00ed ar scor\"}]},{\"@type\":\"WebSite\",\"@id\":\"https:\/\/dev.tg4.ie\/en\/#website\",\"url\":\"https:\/\/dev.tg4.ie\/en\/\",\"name\":\"TG4\",\"description\":\"S\u00fail Eile\",\"potentialAction\":[{\"@type\":\"SearchAction\",\"target\":{\"@type\":\"EntryPoint\",\"urlTemplate\":\"https:\/\/dev.tg4.ie\/en\/?s={search_term_string}\"},\"query-input\":\"required name=search_term_string\"}],\"inLanguage\":\"ga\"}]}<\/script>\n<!-- \/ Yoast SEO plugin. -->","yoast_head_json":{"title":"Tr\u00e9asla\u00edonn TG4 blianta fada f\u00f3naimh ina Pr\u00edomhfheidhmeannach ar Chumann Pheil na mBan le Helen O\u2019Rourke ag Gradaim R\u00e9alta\u00ed Pheil na mBan TG4 sula dt\u00e9ann s\u00ed ar scor | Preasr\u00e1iteas | TG4","description":"Thug TG4 \u00f3m\u00f3s D\u00e9 Sathairn do Helen O\u2019Rourke, Pr\u00edomhfheidhmeannach Chumann Pheil na mBan, a bhfuil s\u00e9 f\u00f3gartha aici go mbeidh s\u00ed ag dul ar scor ag deireadh na bliana 2025.","robots":{"index":"index","follow":"follow","max-snippet":"max-snippet:-1","max-image-preview":"max-image-preview:large","max-video-preview":"max-video-preview:-1"},"og_locale":"en_US","og_type":"article","og_title":"Tr\u00e9asla\u00edonn TG4 blianta fada f\u00f3naimh ina Pr\u00edomhfheidhmeannach ar Chumann Pheil na mBan le Helen O\u2019Rourke ag Gradaim R\u00e9alta\u00ed Pheil na mBan TG4 sula dt\u00e9ann s\u00ed ar scor | Preasr\u00e1iteas | TG4","og_description":"Thug TG4 \u00f3m\u00f3s D\u00e9 Sathairn do Helen O\u2019Rourke, Pr\u00edomhfheidhmeannach Chumann Pheil na mBan, a bhfuil s\u00e9 f\u00f3gartha aici go mbeidh s\u00ed ag dul ar scor ag deireadh na bliana 2025.","og_url":"https:\/\/dev.tg4.ie\/ga\/eolas\/preas\/nuacht-raitis\/2025-2\/treaslaionn-tg4-blianta-fada-fonaimh-ina-priomhfheidhmeannach-ar-chumann-pheil-na-mban-le-helen-orourke-ag-gradaim-realtai-pheil-na-mban-tg4-sula-dteann-si-ar-scor\/","og_site_name":"TG4","article_publisher":"https:\/\/www.facebook.com\/TG4TV","article_modified_time":"2025-11-17T17:16:27+00:00","og_image":[{"url":"https:\/\/dev.tg4.ie\/wp-content\/uploads\/2025\/11\/Bronnadh_-ar_Helen_ORourke_2025_1-1920x1080-1.jpg"}],"twitter_card":"summary_large_image","twitter_site":"@TG4TV","twitter_misc":{"Est. reading time":"4 minutes"},"schema":{"@context":"https:\/\/schema.org","@graph":[{"@type":"WebPage","@id":"https:\/\/dev.tg4.ie\/ga\/eolas\/preas\/nuacht-raitis\/2025-2\/treaslaionn-tg4-blianta-fada-fonaimh-ina-priomhfheidhmeannach-ar-chumann-pheil-na-mban-le-helen-orourke-ag-gradaim-realtai-pheil-na-mban-tg4-sula-dteann-si-ar-scor\/","url":"https:\/\/dev.tg4.ie\/ga\/eolas\/preas\/nuacht-raitis\/2025-2\/treaslaionn-tg4-blianta-fada-fonaimh-ina-priomhfheidhmeannach-ar-chumann-pheil-na-mban-le-helen-orourke-ag-gradaim-realtai-pheil-na-mban-tg4-sula-dteann-si-ar-scor\/","name":"Tr\u00e9asla\u00edonn TG4 blianta fada f\u00f3naimh ina Pr\u00edomhfheidhmeannach ar Chumann Pheil na mBan le Helen O\u2019Rourke ag Gradaim R\u00e9alta\u00ed Pheil na mBan TG4 sula dt\u00e9ann s\u00ed ar scor | Preasr\u00e1iteas | TG4","isPartOf":{"@id":"https:\/\/dev.tg4.ie\/en\/#website"},"primaryImageOfPage":{"@id":"https:\/\/dev.tg4.ie\/ga\/eolas\/preas\/nuacht-raitis\/2025-2\/treaslaionn-tg4-blianta-fada-fonaimh-ina-priomhfheidhmeannach-ar-chumann-pheil-na-mban-le-helen-orourke-ag-gradaim-realtai-pheil-na-mban-tg4-sula-dteann-si-ar-scor\/#primaryimage"},"image":{"@id":"https:\/\/dev.tg4.ie\/ga\/eolas\/preas\/nuacht-raitis\/2025-2\/treaslaionn-tg4-blianta-fada-fonaimh-ina-priomhfheidhmeannach-ar-chumann-pheil-na-mban-le-helen-orourke-ag-gradaim-realtai-pheil-na-mban-tg4-sula-dteann-si-ar-scor\/#primaryimage"},"thumbnailUrl":"https:\/\/dev.tg4.ie\/wp-content\/uploads\/2025\/11\/Bronnadh_-ar_Helen_ORourke_2025_1-1920x1080-1.jpg","datePublished":"2025-11-17T17:13:53+00:00","dateModified":"2025-11-17T17:16:27+00:00","description":"Thug TG4 \u00f3m\u00f3s D\u00e9 Sathairn do Helen O\u2019Rourke, Pr\u00edomhfheidhmeannach Chumann Pheil na mBan, a bhfuil s\u00e9 f\u00f3gartha aici go mbeidh s\u00ed ag dul ar scor ag deireadh na bliana 2025.","breadcrumb":{"@id":"https:\/\/dev.tg4.ie\/ga\/eolas\/preas\/nuacht-raitis\/2025-2\/treaslaionn-tg4-blianta-fada-fonaimh-ina-priomhfheidhmeannach-ar-chumann-pheil-na-mban-le-helen-orourke-ag-gradaim-realtai-pheil-na-mban-tg4-sula-dteann-si-ar-scor\/#breadcrumb"},"inLanguage":"ga","potentialAction":[{"@type":"ReadAction","target":["https:\/\/dev.tg4.ie\/ga\/eolas\/preas\/nuacht-raitis\/2025-2\/treaslaionn-tg4-blianta-fada-fonaimh-ina-priomhfheidhmeannach-ar-chumann-pheil-na-mban-le-helen-orourke-ag-gradaim-realtai-pheil-na-mban-tg4-sula-dteann-si-ar-scor\/"]}]},{"@type":"ImageObject","inLanguage":"ga","@id":"https:\/\/dev.tg4.ie\/ga\/eolas\/preas\/nuacht-raitis\/2025-2\/treaslaionn-tg4-blianta-fada-fonaimh-ina-priomhfheidhmeannach-ar-chumann-pheil-na-mban-le-helen-orourke-ag-gradaim-realtai-pheil-na-mban-tg4-sula-dteann-si-ar-scor\/#primaryimage","url":"https:\/\/dev.tg4.ie\/wp-content\/uploads\/2025\/11\/Bronnadh_-ar_Helen_ORourke_2025_1-1920x1080-1.jpg","contentUrl":"https:\/\/dev.tg4.ie\/wp-content\/uploads\/2025\/11\/Bronnadh_-ar_Helen_ORourke_2025_1-1920x1080-1.jpg"},{"@type":"BreadcrumbList","@id":"https:\/\/dev.tg4.ie\/ga\/eolas\/preas\/nuacht-raitis\/2025-2\/treaslaionn-tg4-blianta-fada-fonaimh-ina-priomhfheidhmeannach-ar-chumann-pheil-na-mban-le-helen-orourke-ag-gradaim-realtai-pheil-na-mban-tg4-sula-dteann-si-ar-scor\/#breadcrumb","itemListElement":[{"@type":"ListItem","position":1,"name":"Home","item":"https:\/\/dev.tg4.ie\/ga\/"},{"@type":"ListItem","position":2,"name":"Eolas","item":"https:\/\/dev.tg4.ie\/ga\/eolas\/"},{"@type":"ListItem","position":3,"name":"Preas","item":"https:\/\/dev.tg4.ie\/ga\/eolas\/preas\/"},{"@type":"ListItem","position":4,"name":"Nuacht R\u00e1itis","item":"https:\/\/dev.tg4.ie\/ga\/eolas\/preas\/nuacht-raitis\/"},{"@type":"ListItem","position":5,"name":"2025","item":"https:\/\/dev.tg4.ie\/ga\/eolas\/preas\/nuacht-raitis\/2025-2\/"},{"@type":"ListItem","position":6,"name":"Tr\u00e9asla\u00edonn TG4 blianta fada f\u00f3naimh ina Pr\u00edomhfheidhmeannach ar Chumann Pheil na mBan le Helen O\u2019Rourke ag Gradaim R\u00e9alta\u00ed Pheil na mBan TG4 sula dt\u00e9ann s\u00ed ar scor"}]},{"@type":"WebSite","@id":"https:\/\/dev.tg4.ie\/en\/#website","url":"https:\/\/dev.tg4.ie\/en\/","name":"TG4","description":"S\u00fail Eile","potentialAction":[{"@type":"SearchAction","target":{"@type":"EntryPoint","urlTemplate":"https:\/\/dev.tg4.ie\/en\/?s={search_term_string}"},"query-input":"required name=search_term_string"}],"inLanguage":"ga"}]}},"_links":{"self":[{"href":"https:\/\/dev.tg4.ie\/ga\/wp-json\/wp\/v2\/pages\/248052"}],"collection":[{"href":"https:\/\/dev.tg4.ie\/ga\/wp-json\/wp\/v2\/pages"}],"about":[{"href":"https:\/\/dev.tg4.ie\/ga\/wp-json\/wp\/v2\/types\/page"}],"author":[{"embeddable":true,"href":"https:\/\/dev.tg4.ie\/ga\/wp-json\/wp\/v2\/users\/876"}],"replies":[{"embeddable":true,"href":"https:\/\/dev.tg4.ie\/ga\/wp-json\/wp\/v2\/comments?post=248052"}],"version-history":[{"count":0,"href":"https:\/\/dev.tg4.ie\/ga\/wp-json\/wp\/v2\/pages\/248052\/revisions"}],"up":[{"embeddable":true,"href":"https:\/\/dev.tg4.ie\/ga\/wp-json\/wp\/v2\/pages\/236807"}],"wp:attachment":[{"href":"https:\/\/dev.tg4.ie\/ga\/wp-json\/wp\/v2\/media?parent=248052"}],"curies":[{"name":"wp","href":"https:\/\/api.w.org\/{rel}","templated":true}]}}