{"id":248060,"date":"2025-11-18T11:50:08","date_gmt":"2025-11-18T11:50:08","guid":{"rendered":"https:\/\/dev.tg4.ie\/?page_id=248060"},"modified":"2025-11-18T11:56:05","modified_gmt":"2025-11-18T11:56:05","slug":"iriseoiri-an-lae-amarach-26","status":"publish","type":"page","link":"https:\/\/dev.tg4.ie\/ga\/eolas\/preas\/nuacht-raitis\/2025-2\/iriseoiri-an-lae-amarach-26\/","title":{"rendered":"Iriseoir\u00ed an Lae Am\u00e1rach \u201826"},"content":{"rendered":"<p><img loading=\"lazy\" decoding=\"async\" width=\"1080\" height=\"1350\" src=\"https:\/\/tg4-docs.s3.amazonaws.com\/wp-content\/uploads\/2025\/11\/18114936\/Iriseoiri_4x5_2026_1080w.jpg\" alt=\"\" class=\"aligncenter size-full wp-image-248062\" srcset=\"https:\/\/tg4-docs.s3.amazonaws.com\/wp-content\/uploads\/2025\/11\/18114936\/Iriseoiri_4x5_2026_1080w.jpg 1080w, https:\/\/tg4-docs.s3.amazonaws.com\/wp-content\/uploads\/2025\/11\/18114936\/Iriseoiri_4x5_2026_1080w-250x313.jpg 250w, https:\/\/tg4-docs.s3.amazonaws.com\/wp-content\/uploads\/2025\/11\/18114936\/Iriseoiri_4x5_2026_1080w-700x875.jpg 700w, https:\/\/tg4-docs.s3.amazonaws.com\/wp-content\/uploads\/2025\/11\/18114936\/Iriseoiri_4x5_2026_1080w-113x141.jpg 113w, https:\/\/tg4-docs.s3.amazonaws.com\/wp-content\/uploads\/2025\/11\/18114936\/Iriseoiri_4x5_2026_1080w-120x150.jpg 120w\" sizes=\"(max-width: 1080px) 100vw, 1080px\" \/><\/p>\n<p>&nbsp;<\/p>\n<p>Beidh deis ag scol\u00e1ir\u00ed Idirbhliana tabhairt faoi ch\u00farsa iriseoireachta ar\u00eds in 2026. Reacht\u00e1lfaidh TG4, an Chomhairle um Oideachas Gaeltachta agus Gaelscola\u00edochta (COGG) agus Ollscoil na Gaillimhe C\u00farsa Iriseoir\u00ed an lae am\u00e1rach i m\u00ed Ean\u00e1ir 2026.<br \/>\n&nbsp;<br \/>\nT\u00e1 an c\u00farsa d\u00edrithe ar scol\u00e1ir\u00ed in Iar-bhunscoileanna Gaeltachta agus L\u00e1n-Ghaeilge ar fud na t\u00edre agus deis ag dalta\u00ed scoile scileanna iriseoireachta a fhoghlaim \u00f3 shaineola\u00ed a bhfuil taith\u00ed na mblianta acu ag obair sna me\u00e1in chumars\u00e1ide.<br \/>\n&nbsp;<br \/>\nAr an l\u00e1 beidh deis ag na scol\u00e1ir\u00ed na scileanna a fhoghlaim at\u00e1 de dh\u00edth chun pac\u00e1iste MOJO a chur le ch\u00e9ile. Is c\u00farsa aon l\u00e1 praitici\u00fail (agus r\u00e9amhch\u00farsa ar l\u00edne) \u00e9 seo ina mbeidh deis ag scol\u00e1ir\u00ed scileanna agallaimh, scileanna ceamara agus scileanna eagarth\u00f3ireachta a fhoghlaim agus a chleachtadh.<br \/>\n&nbsp;<br \/>\nT\u00e1 an c\u00farsa seo urraithe agus COGG agus TG4\u202f ina mbeidh seisi\u00fan amh\u00e1in ar l\u00edne agus ansin 4 l\u00e1 praitici\u00fala eagraithe timpeall na t\u00edre: <\/p>\n<ul>\n<li>D\u00e9 M\u00e1irt 13 Ean\u00e1ir:\u202f<strong>r\u00e9amhch\u00farsa ar l\u00edne<\/strong>\u202f(10\/11\/12 r.n.)<\/li>\n<li>D\u00e9 M\u00e1irt 20 Ean\u00e1ir: The Clanree Hotel, Leitir Ceanainn (10-14:30)<\/li>\n<li>D\u00e9ardaoin, 22 Ean\u00e1ir: Louis Fitzgerald, B\u00c1C (10-14:30)<\/li>\n<li>D\u00e9 Luain, 26 Ean\u00e1ir: The Rose Hotel, Tr\u00e1 L\u00ed<\/li>\n<li>D\u00e9 M\u00e1irt, 27 Ean\u00e1ir: Connemara Coast Hotel, Gaillimh<\/li>\n<\/ul>\n<p>&nbsp;<br \/>\nMhairfidh na laetha traen\u00e1la \u00f3 10:00 go 14:30 ar an l\u00e1thair.<br \/>\n&nbsp;<br \/>\nIarrtar ar scoileanna \u00e1iteanna a chur in \u00e1irithe fr\u00edd an su\u00edomh <a href=\"https:\/\/www.cogg.ie\/iriseoiri-an-lae-amarach\/\" rel=\"noopener\" target=\"_blank\">https:\/\/www.cogg.ie\/iriseoiri-an-lae-amarach\/<\/a> chomh luath agus is f\u00e9idir chun \u00e1iteanna a chinnti\u00fa.<br \/>\n&nbsp;<br \/>\nCuirfear acmhainn\u00ed teagaisc agus foghlama \u2018Iriseoir\u00ed an Lae Am\u00e1rach\u2019, ar f\u00e1il ar an l\u00e1 a bheidh mar ch\u00fanamh sa seomra ranga agus m\u00fainteoir\u00ed agus dalta\u00ed ag iarraidh iarratas a dh\u00e9anamh ar chom\u00f3rtas Iriseoir\u00ed an Lae Am\u00e1rach 2026.<br \/>\n&nbsp;<br \/>\nD\u00fairt <strong>Ardsti\u00farth\u00f3ir TG4, Deirdre N\u00ed Choist\u00edn<\/strong>: <em>\u201cT\u00e1 an iriseoireacht Ghaeilge mar bhunchloch l\u00e1rnach do sheirbh\u00eds TG4 agus cuireann muid f\u00e1ilte roimh an gc\u00farsa nua seo.\u201d<\/em><br \/>\n&nbsp;<br \/>\nAgus \u00ed ag f\u00e1ilti\u00fa roimh Iriseoir\u00ed an lae am\u00e1rach, d\u00fairt <strong>Pr\u00edomhfheidhmheannach COGG, Jacqueline N\u00ed Fheargh\u00fasa<\/strong>, <em>&#8220;Cuirfidh an c\u00farsa nua seo gairm na hiriseoireachta faoi bhr\u00e1id scol\u00e1ir\u00ed na n-iar-bhunscoileanna Gaeltachta agus l\u00e1n-Ghaeilge agus cuirfidh s\u00e9 ar an eolas iad faoi th\u00e1bhacht iriseoireacht ar ardchaighde\u00e1n agus na deiseanna at\u00e1 sna me\u00e1in d\u2019iriseoir\u00ed le Gaeilge.&#8221;<\/em><br \/>\n&nbsp;<br \/>\nIs \u00e9 D\u00e9 hAoine, 28 Samhain 2025 an spriocdh\u00e1ta do scoileanna le cl\u00e1r\u00fa le haghaidh Iriseoir\u00ed an Lae Am\u00e1rach.<br \/>\n&nbsp;<br \/>\nIs f\u00e9idir le scoileanna cl\u00e1r\u00fa ag: <a href=\"https:\/\/www.cogg.ie\/iriseoiri-an-lae-amarach\/\" rel=\"noopener\" target=\"_blank\">https:\/\/www.cogg.ie\/iriseoiri-an-lae-amarach\/<\/a> <\/p>\n<p>&nbsp;<\/p>\n","protected":false},"excerpt":{"rendered":"<p>&nbsp; Beidh deis ag scol\u00e1ir\u00ed Idirbhliana tabhairt faoi ch\u00farsa iriseoireachta ar\u00eds in 2026. Reacht\u00e1lfaidh TG4, an Chomhairle um Oideachas Gaeltachta agus Gaelscola\u00edochta (COGG) agus Ollscoil na Gaillimhe C\u00farsa Iriseoir\u00ed an lae am\u00e1rach i m\u00ed Ean\u00e1ir 2026. &nbsp; T\u00e1 an c\u00farsa d\u00edrithe ar scol\u00e1ir\u00ed in Iar-bhunscoileanna Gaeltachta agus L\u00e1n-Ghaeilge ar fud na t\u00edre agus deis ag [&hellip;]<\/p>\n","protected":false},"author":876,"featured_media":0,"parent":236807,"menu_order":70,"comment_status":"closed","ping_status":"closed","template":"page-templates\/template-pr.php","meta":{"_acf_changed":false,"footnotes":""},"acf":[],"yoast_head":"<!-- This site is optimized with the Yoast SEO plugin v22.6 - https:\/\/yoast.com\/wordpress\/plugins\/seo\/ -->\n<title>Iriseoir\u00ed an Lae Am\u00e1rach \u201826 | Preasr\u00e1iteas | TG4<\/title>\n<meta name=\"description\" content=\"Beidh deis ag scol\u00e1ir\u00ed Idirbhliana tabhairt faoi ch\u00farsa iriseoireachta ar\u00eds in 2026. Reacht\u00e1lfaidh TG4, an Chomhairle um Oideachas Gaeltachta agus Gaelscola\u00edochta (COGG) agus Ollscoil na Gaillimhe C\u00farsa Iriseoir\u00ed an lae am\u00e1rach i m\u00ed Ean\u00e1ir 2026.\" \/>\n<meta name=\"robots\" content=\"index, follow, max-snippet:-1, max-image-preview:large, max-video-preview:-1\" \/>\n<meta property=\"og:locale\" content=\"en_US\" \/>\n<meta property=\"og:type\" content=\"article\" \/>\n<meta property=\"og:title\" content=\"Iriseoir\u00ed an Lae Am\u00e1rach \u201826 | Preasr\u00e1iteas | TG4\" \/>\n<meta property=\"og:description\" content=\"Beidh deis ag scol\u00e1ir\u00ed Idirbhliana tabhairt faoi ch\u00farsa iriseoireachta ar\u00eds in 2026. Reacht\u00e1lfaidh TG4, an Chomhairle um Oideachas Gaeltachta agus Gaelscola\u00edochta (COGG) agus Ollscoil na Gaillimhe C\u00farsa Iriseoir\u00ed an lae am\u00e1rach i m\u00ed Ean\u00e1ir 2026.\" \/>\n<meta property=\"og:url\" content=\"https:\/\/dev.tg4.ie\/ga\/eolas\/preas\/nuacht-raitis\/2025-2\/iriseoiri-an-lae-amarach-26\/\" \/>\n<meta property=\"og:site_name\" content=\"TG4\" \/>\n<meta property=\"article:publisher\" content=\"https:\/\/www.facebook.com\/TG4TV\" \/>\n<meta property=\"article:modified_time\" content=\"2025-11-18T11:56:05+00:00\" \/>\n<meta property=\"og:image\" content=\"https:\/\/tg4-docs.s3.amazonaws.com\/wp-content\/uploads\/2025\/11\/18115520\/Iriseoiri_Crop_1-1920x1080-1.jpg\" \/>\n\t<meta property=\"og:image:width\" content=\"1920\" \/>\n\t<meta property=\"og:image:height\" content=\"1080\" \/>\n\t<meta property=\"og:image:type\" content=\"image\/jpeg\" \/>\n<meta name=\"twitter:card\" content=\"summary_large_image\" \/>\n<meta name=\"twitter:image\" content=\"https:\/\/tg4-docs.s3.amazonaws.com\/wp-content\/uploads\/2025\/11\/18115520\/Iriseoiri_Crop_1-1920x1080-1.jpg\" \/>\n<meta name=\"twitter:site\" content=\"@TG4TV\" \/>\n<meta name=\"twitter:label1\" content=\"Est. reading time\" \/>\n\t<meta name=\"twitter:data1\" content=\"2 minutes\" \/>\n<script type=\"application\/ld+json\" class=\"yoast-schema-graph\">{\"@context\":\"https:\/\/schema.org\",\"@graph\":[{\"@type\":\"WebPage\",\"@id\":\"https:\/\/dev.tg4.ie\/ga\/eolas\/preas\/nuacht-raitis\/2025-2\/iriseoiri-an-lae-amarach-26\/\",\"url\":\"https:\/\/dev.tg4.ie\/ga\/eolas\/preas\/nuacht-raitis\/2025-2\/iriseoiri-an-lae-amarach-26\/\",\"name\":\"Iriseoir\u00ed an Lae Am\u00e1rach \u201826 | Preasr\u00e1iteas | TG4\",\"isPartOf\":{\"@id\":\"https:\/\/dev.tg4.ie\/en\/#website\"},\"primaryImageOfPage\":{\"@id\":\"https:\/\/dev.tg4.ie\/ga\/eolas\/preas\/nuacht-raitis\/2025-2\/iriseoiri-an-lae-amarach-26\/#primaryimage\"},\"image\":{\"@id\":\"https:\/\/dev.tg4.ie\/ga\/eolas\/preas\/nuacht-raitis\/2025-2\/iriseoiri-an-lae-amarach-26\/#primaryimage\"},\"thumbnailUrl\":\"https:\/\/dev.tg4.ie\/wp-content\/uploads\/2025\/11\/Iriseoiri_4x5_2026_1080w.jpg\",\"datePublished\":\"2025-11-18T11:50:08+00:00\",\"dateModified\":\"2025-11-18T11:56:05+00:00\",\"description\":\"Beidh deis ag scol\u00e1ir\u00ed Idirbhliana tabhairt faoi ch\u00farsa iriseoireachta ar\u00eds in 2026. Reacht\u00e1lfaidh TG4, an Chomhairle um Oideachas Gaeltachta agus Gaelscola\u00edochta (COGG) agus Ollscoil na Gaillimhe C\u00farsa Iriseoir\u00ed an lae am\u00e1rach i m\u00ed Ean\u00e1ir 2026.\",\"breadcrumb\":{\"@id\":\"https:\/\/dev.tg4.ie\/ga\/eolas\/preas\/nuacht-raitis\/2025-2\/iriseoiri-an-lae-amarach-26\/#breadcrumb\"},\"inLanguage\":\"ga\",\"potentialAction\":[{\"@type\":\"ReadAction\",\"target\":[\"https:\/\/dev.tg4.ie\/ga\/eolas\/preas\/nuacht-raitis\/2025-2\/iriseoiri-an-lae-amarach-26\/\"]}]},{\"@type\":\"ImageObject\",\"inLanguage\":\"ga\",\"@id\":\"https:\/\/dev.tg4.ie\/ga\/eolas\/preas\/nuacht-raitis\/2025-2\/iriseoiri-an-lae-amarach-26\/#primaryimage\",\"url\":\"https:\/\/dev.tg4.ie\/wp-content\/uploads\/2025\/11\/Iriseoiri_4x5_2026_1080w.jpg\",\"contentUrl\":\"https:\/\/dev.tg4.ie\/wp-content\/uploads\/2025\/11\/Iriseoiri_4x5_2026_1080w.jpg\"},{\"@type\":\"BreadcrumbList\",\"@id\":\"https:\/\/dev.tg4.ie\/ga\/eolas\/preas\/nuacht-raitis\/2025-2\/iriseoiri-an-lae-amarach-26\/#breadcrumb\",\"itemListElement\":[{\"@type\":\"ListItem\",\"position\":1,\"name\":\"Home\",\"item\":\"https:\/\/dev.tg4.ie\/ga\/\"},{\"@type\":\"ListItem\",\"position\":2,\"name\":\"Eolas\",\"item\":\"https:\/\/dev.tg4.ie\/ga\/eolas\/\"},{\"@type\":\"ListItem\",\"position\":3,\"name\":\"Preas\",\"item\":\"https:\/\/dev.tg4.ie\/ga\/eolas\/preas\/\"},{\"@type\":\"ListItem\",\"position\":4,\"name\":\"Nuacht R\u00e1itis\",\"item\":\"https:\/\/dev.tg4.ie\/ga\/eolas\/preas\/nuacht-raitis\/\"},{\"@type\":\"ListItem\",\"position\":5,\"name\":\"2025\",\"item\":\"https:\/\/dev.tg4.ie\/ga\/eolas\/preas\/nuacht-raitis\/2025-2\/\"},{\"@type\":\"ListItem\",\"position\":6,\"name\":\"Iriseoir\u00ed an Lae Am\u00e1rach \u201826\"}]},{\"@type\":\"WebSite\",\"@id\":\"https:\/\/dev.tg4.ie\/en\/#website\",\"url\":\"https:\/\/dev.tg4.ie\/en\/\",\"name\":\"TG4\",\"description\":\"S\u00fail Eile\",\"potentialAction\":[{\"@type\":\"SearchAction\",\"target\":{\"@type\":\"EntryPoint\",\"urlTemplate\":\"https:\/\/dev.tg4.ie\/en\/?s={search_term_string}\"},\"query-input\":\"required name=search_term_string\"}],\"inLanguage\":\"ga\"}]}<\/script>\n<!-- \/ Yoast SEO plugin. -->","yoast_head_json":{"title":"Iriseoir\u00ed an Lae Am\u00e1rach \u201826 | Preasr\u00e1iteas | TG4","description":"Beidh deis ag scol\u00e1ir\u00ed Idirbhliana tabhairt faoi ch\u00farsa iriseoireachta ar\u00eds in 2026. Reacht\u00e1lfaidh TG4, an Chomhairle um Oideachas Gaeltachta agus Gaelscola\u00edochta (COGG) agus Ollscoil na Gaillimhe C\u00farsa Iriseoir\u00ed an lae am\u00e1rach i m\u00ed Ean\u00e1ir 2026.","robots":{"index":"index","follow":"follow","max-snippet":"max-snippet:-1","max-image-preview":"max-image-preview:large","max-video-preview":"max-video-preview:-1"},"og_locale":"en_US","og_type":"article","og_title":"Iriseoir\u00ed an Lae Am\u00e1rach \u201826 | Preasr\u00e1iteas | TG4","og_description":"Beidh deis ag scol\u00e1ir\u00ed Idirbhliana tabhairt faoi ch\u00farsa iriseoireachta ar\u00eds in 2026. Reacht\u00e1lfaidh TG4, an Chomhairle um Oideachas Gaeltachta agus Gaelscola\u00edochta (COGG) agus Ollscoil na Gaillimhe C\u00farsa Iriseoir\u00ed an lae am\u00e1rach i m\u00ed Ean\u00e1ir 2026.","og_url":"https:\/\/dev.tg4.ie\/ga\/eolas\/preas\/nuacht-raitis\/2025-2\/iriseoiri-an-lae-amarach-26\/","og_site_name":"TG4","article_publisher":"https:\/\/www.facebook.com\/TG4TV","article_modified_time":"2025-11-18T11:56:05+00:00","og_image":[{"width":1920,"height":1080,"url":"https:\/\/tg4-docs.s3.amazonaws.com\/wp-content\/uploads\/2025\/11\/18115520\/Iriseoiri_Crop_1-1920x1080-1.jpg","type":"image\/jpeg"}],"twitter_card":"summary_large_image","twitter_image":"https:\/\/tg4-docs.s3.amazonaws.com\/wp-content\/uploads\/2025\/11\/18115520\/Iriseoiri_Crop_1-1920x1080-1.jpg","twitter_site":"@TG4TV","twitter_misc":{"Est. reading time":"2 minutes"},"schema":{"@context":"https:\/\/schema.org","@graph":[{"@type":"WebPage","@id":"https:\/\/dev.tg4.ie\/ga\/eolas\/preas\/nuacht-raitis\/2025-2\/iriseoiri-an-lae-amarach-26\/","url":"https:\/\/dev.tg4.ie\/ga\/eolas\/preas\/nuacht-raitis\/2025-2\/iriseoiri-an-lae-amarach-26\/","name":"Iriseoir\u00ed an Lae Am\u00e1rach \u201826 | Preasr\u00e1iteas | TG4","isPartOf":{"@id":"https:\/\/dev.tg4.ie\/en\/#website"},"primaryImageOfPage":{"@id":"https:\/\/dev.tg4.ie\/ga\/eolas\/preas\/nuacht-raitis\/2025-2\/iriseoiri-an-lae-amarach-26\/#primaryimage"},"image":{"@id":"https:\/\/dev.tg4.ie\/ga\/eolas\/preas\/nuacht-raitis\/2025-2\/iriseoiri-an-lae-amarach-26\/#primaryimage"},"thumbnailUrl":"https:\/\/dev.tg4.ie\/wp-content\/uploads\/2025\/11\/Iriseoiri_4x5_2026_1080w.jpg","datePublished":"2025-11-18T11:50:08+00:00","dateModified":"2025-11-18T11:56:05+00:00","description":"Beidh deis ag scol\u00e1ir\u00ed Idirbhliana tabhairt faoi ch\u00farsa iriseoireachta ar\u00eds in 2026. Reacht\u00e1lfaidh TG4, an Chomhairle um Oideachas Gaeltachta agus Gaelscola\u00edochta (COGG) agus Ollscoil na Gaillimhe C\u00farsa Iriseoir\u00ed an lae am\u00e1rach i m\u00ed Ean\u00e1ir 2026.","breadcrumb":{"@id":"https:\/\/dev.tg4.ie\/ga\/eolas\/preas\/nuacht-raitis\/2025-2\/iriseoiri-an-lae-amarach-26\/#breadcrumb"},"inLanguage":"ga","potentialAction":[{"@type":"ReadAction","target":["https:\/\/dev.tg4.ie\/ga\/eolas\/preas\/nuacht-raitis\/2025-2\/iriseoiri-an-lae-amarach-26\/"]}]},{"@type":"ImageObject","inLanguage":"ga","@id":"https:\/\/dev.tg4.ie\/ga\/eolas\/preas\/nuacht-raitis\/2025-2\/iriseoiri-an-lae-amarach-26\/#primaryimage","url":"https:\/\/dev.tg4.ie\/wp-content\/uploads\/2025\/11\/Iriseoiri_4x5_2026_1080w.jpg","contentUrl":"https:\/\/dev.tg4.ie\/wp-content\/uploads\/2025\/11\/Iriseoiri_4x5_2026_1080w.jpg"},{"@type":"BreadcrumbList","@id":"https:\/\/dev.tg4.ie\/ga\/eolas\/preas\/nuacht-raitis\/2025-2\/iriseoiri-an-lae-amarach-26\/#breadcrumb","itemListElement":[{"@type":"ListItem","position":1,"name":"Home","item":"https:\/\/dev.tg4.ie\/ga\/"},{"@type":"ListItem","position":2,"name":"Eolas","item":"https:\/\/dev.tg4.ie\/ga\/eolas\/"},{"@type":"ListItem","position":3,"name":"Preas","item":"https:\/\/dev.tg4.ie\/ga\/eolas\/preas\/"},{"@type":"ListItem","position":4,"name":"Nuacht R\u00e1itis","item":"https:\/\/dev.tg4.ie\/ga\/eolas\/preas\/nuacht-raitis\/"},{"@type":"ListItem","position":5,"name":"2025","item":"https:\/\/dev.tg4.ie\/ga\/eolas\/preas\/nuacht-raitis\/2025-2\/"},{"@type":"ListItem","position":6,"name":"Iriseoir\u00ed an Lae Am\u00e1rach \u201826"}]},{"@type":"WebSite","@id":"https:\/\/dev.tg4.ie\/en\/#website","url":"https:\/\/dev.tg4.ie\/en\/","name":"TG4","description":"S\u00fail Eile","potentialAction":[{"@type":"SearchAction","target":{"@type":"EntryPoint","urlTemplate":"https:\/\/dev.tg4.ie\/en\/?s={search_term_string}"},"query-input":"required name=search_term_string"}],"inLanguage":"ga"}]}},"_links":{"self":[{"href":"https:\/\/dev.tg4.ie\/ga\/wp-json\/wp\/v2\/pages\/248060"}],"collection":[{"href":"https:\/\/dev.tg4.ie\/ga\/wp-json\/wp\/v2\/pages"}],"about":[{"href":"https:\/\/dev.tg4.ie\/ga\/wp-json\/wp\/v2\/types\/page"}],"author":[{"embeddable":true,"href":"https:\/\/dev.tg4.ie\/ga\/wp-json\/wp\/v2\/users\/876"}],"replies":[{"embeddable":true,"href":"https:\/\/dev.tg4.ie\/ga\/wp-json\/wp\/v2\/comments?post=248060"}],"version-history":[{"count":0,"href":"https:\/\/dev.tg4.ie\/ga\/wp-json\/wp\/v2\/pages\/248060\/revisions"}],"up":[{"embeddable":true,"href":"https:\/\/dev.tg4.ie\/ga\/wp-json\/wp\/v2\/pages\/236807"}],"wp:attachment":[{"href":"https:\/\/dev.tg4.ie\/ga\/wp-json\/wp\/v2\/media?parent=248060"}],"curies":[{"name":"wp","href":"https:\/\/api.w.org\/{rel}","templated":true}]}}