{"id":248165,"date":"2025-11-28T16:37:43","date_gmt":"2025-11-28T16:37:43","guid":{"rendered":"https:\/\/dev.tg4.ie\/?page_id=248165"},"modified":"2025-12-03T10:04:38","modified_gmt":"2025-12-03T10:04:38","slug":"comhphairtiocht-chraolta-nua-dha-bhliain-comhaontaithe-ag-cumann-cispheile-na-heireann-agus-tg4","status":"publish","type":"page","link":"https:\/\/dev.tg4.ie\/ga\/eolas\/preas\/nuacht-raitis\/2025-2\/comhphairtiocht-chraolta-nua-dha-bhliain-comhaontaithe-ag-cumann-cispheile-na-heireann-agus-tg4\/","title":{"rendered":"Comhph\u00e1irt\u00edocht Chraolta Nua Dh\u00e1 Bhliain Comhaontaithe ag Cumann Cispheile na h\u00c9ireann agus TG4"},"content":{"rendered":"<p><img loading=\"lazy\" decoding=\"async\" width=\"1920\" height=\"1080\" src=\"https:\/\/tg4-docs.s3.amazonaws.com\/wp-content\/uploads\/2025\/11\/28164624\/Basketball_Ireland_TG4_2025_2-1920x1080-1.jpg\" alt=\"\" class=\"aligncenter size-full wp-image-248173\" srcset=\"https:\/\/tg4-docs.s3.amazonaws.com\/wp-content\/uploads\/2025\/11\/28164624\/Basketball_Ireland_TG4_2025_2-1920x1080-1.jpg 1920w, https:\/\/tg4-docs.s3.amazonaws.com\/wp-content\/uploads\/2025\/11\/28164624\/Basketball_Ireland_TG4_2025_2-1920x1080-1-250x141.jpg 250w, https:\/\/tg4-docs.s3.amazonaws.com\/wp-content\/uploads\/2025\/11\/28164624\/Basketball_Ireland_TG4_2025_2-1920x1080-1-700x394.jpg 700w, https:\/\/tg4-docs.s3.amazonaws.com\/wp-content\/uploads\/2025\/11\/28164624\/Basketball_Ireland_TG4_2025_2-1920x1080-1-252x141.jpg 252w, https:\/\/tg4-docs.s3.amazonaws.com\/wp-content\/uploads\/2025\/11\/28164624\/Basketball_Ireland_TG4_2025_2-1920x1080-1-1536x864.jpg 1536w, https:\/\/tg4-docs.s3.amazonaws.com\/wp-content\/uploads\/2025\/11\/28164624\/Basketball_Ireland_TG4_2025_2-1920x1080-1-120x68.jpg 120w\" sizes=\"(max-width: 1920px) 100vw, 1920px\" \/><\/p>\n<p>&nbsp;<\/p>\n<p>T\u00e1 comhph\u00e1irt\u00edocht nua chraolta dh\u00e1 bhliain aontaithe ag Cumann Cispheile na h\u00c9ireann le TG4, ina bhfanfaidh an st\u00e1isi\u00fan ina chraolt\u00f3ir oifigi\u00fail ar fhoirne idirn\u00e1isi\u00fanta cispheile na bhfear agus na mban in \u00c9irinn. Beidh cl\u00fadach beo ag an st\u00e1isi\u00fan, at\u00e1 ag craoladh imeachta\u00ed cispheile na h\u00c9ireann \u00f3 2014 i leith, ar Chluich\u00ed Ceannais Chorn N\u00e1isi\u00fanta na bhFear agus na mBan Domino\u2019s i m\u00ed Ean\u00e1ir agus ar Chluich\u00ed Ceannais Ard-Sraith na bhFear agus na mBan Domino&#8217;s i m\u00ed Aibre\u00e1in.<\/p>\n<p>&nbsp;<\/p>\n<p>Craolfar 14 chluiche beo ar TG4 le linn sh\u00e9as\u00far 2025\/26. T\u00e1 an f\u00f3gra seo \u00e1 dh\u00e9anamh roimh sheachtain mh\u00f3r de chluich\u00ed idirn\u00e1isi\u00fanta nuair a chuirfidh foireann n\u00e1isi\u00fanta na bhfear t\u00fas lena dtr\u00e9imhse faoi sti\u00fair an phr\u00edomh-ch\u00f3itse\u00e1la\u00ed nua Michael Bree. Beidh foireann na h\u00c9ireann i Lucsamburg D\u00e9ardaoin d\u00e1 gc\u00e9ad chluiche i R\u00e9amhbhabhta\u00ed C\u00e1ilithe EuroBasket FIBA 2029. Imreoidh siad cluiche ag baile in aghaidh na Macad\u00f3ine Thuaidh ina dhiaidh sin D\u00e9 Domhnaigh sa L\u00e1thair N\u00e1isi\u00fanta Cispheile.<\/p>\n<p>&nbsp;<\/p>\n<p>D\u00fairt <strong>Pr\u00edomhfheidhmeannach Chumann Cispheile na h\u00c9ireann, John Feehan<\/strong>: <em>\u201cT\u00e1 r\u00edm\u00e9ad orm a fheice\u00e1il go bhfuil Cumann Cispheile \u00c9ireann ag lean\u00faint den chomhph\u00e1irt\u00edocht sheanbhunaithe at\u00e1 aige le TG4 \u00f3 2014 i leith. T\u00e1 cl\u00fadach den scoth curtha ar f\u00e1il acu ar \u00e1r bhfoirne idirn\u00e1isi\u00fanta \u00c9ireannacha \u00f3 d\u2019fhilleamar ar EuroBasket FIBA in 2021. T\u00e1 leanta againn leis an gcaidreamh sin agus TG4 ag taispe\u00e1int cluich\u00ed d\u00fashl\u00e1in an tsamhraidh i m\u00ed I\u00fail seo caite i gcoinne na hIorua mar aon le Corn na hEorpa FIBA 3&#215;3 i m\u00ed Mhe\u00e1n F\u00f3mhair. Sin sa bhreis ar an gcraoladh seanbhunaithe a dh\u00e9anann TG4 ar Chluich\u00ed Ceannais an Choirn N\u00e1isi\u00fanta gach m\u00ed Ean\u00e1ir, mar aon le clabhs\u00far an ts\u00e9as\u00fair ag baile &#8211; Cluich\u00ed Ceannais Ard-Sraith na bhFear agus na mBan Domino\u2019s. T\u00e1 f\u00e1s agus forbairt ag teacht ar an gcispheil in \u00c9irinn i gc\u00f3na\u00ed, \u00f3 thaobh imeartha agus rannph\u00e1irt\u00edochta, agus t\u00e1 cl\u00fadach TG4 l\u00e1rnach ansin.\u201d<\/em><\/p>\n<p>&nbsp;<\/p>\n<p>D\u00fairt <strong>R\u00f3n\u00e1n \u00d3 Coisdealbha, Ceannasa\u00ed Sp\u00f3irt TG4<\/strong>: <em>\u201cT\u00e1 an borradh at\u00e1 tagtha faoin sp\u00e9is at\u00e1 ag daoine i gcispheil na h\u00c9ireann feicthe againn ar fad le roinnt blianta anuas agus t\u00e1 l\u00fach\u00e1ir orainn lean\u00faint leis an gcomhph\u00e1irt\u00edocht seo don ch\u00e9ad d\u00e1 sh\u00e9as\u00far eile le Cumann Cispheile na h\u00c9ireann. T\u00e1 roinnt taispe\u00e1ntas den scoth tugtha ag foirne n\u00e1isi\u00fanta na bhfear agus na mban san Eoraip agus t\u00e1 buanna m\u00f3ra faighte acu ar an mbealach. Is iad cluich\u00ed ceannais an Choirn N\u00e1isi\u00fanta f\u00f3s ceann de na himeachta\u00ed s\u00e1rthaispe\u00e1ntais i bhf\u00e9ilire sp\u00f3irt na h\u00c9ireann agus cuirimid deireadh leis an s\u00e9as\u00far ag baile le \u2018S\u00e1r-Chluich\u00ed an Domhnaigh\u2019, ar a gcraoltar cluich\u00ed ceannais Ard-Sraith na bhFear agus na mBan Domino&#8217;s. T\u00e1imid ag tn\u00fath leis an gcuid is fearr de chispheil na h\u00c9ireann a thaispe\u00e1int ar\u00eds.\u201d<\/em><\/p>\n<p>&nbsp;<\/p>\n<p>Is f\u00e9idir tic\u00e9id do chluiche EuroBasket FIBA na h\u00c9ireann leis an Macad\u00f3in Thuaidh D\u00e9 Domhnaigh a cheannach <a href=\"https:\/\/ireland.basketball\/tickets\" rel=\"noopener\" target=\"_blank\">anseo<\/a>.<\/p>\n<p>&nbsp;<\/p>\n<p><center><strong>Craolta\u00ed Beo Cispheile ar TG4 do Sh\u00e9as\u00far 2025\/26<\/strong><\/center><\/p>\n<p><strong><u>Cluich\u00ed R\u00e9amhbhabhta\u00ed EuroBasket FIBA 2029<\/u><\/strong><\/p>\n<p><strong>D\u00e9ardaoin an 27 Samhain, 2025<\/strong><\/p>\n<p>Lucsamburg v \u00c9ire, 18:30, Centre National Sportif &amp; Culturel d\u2019Coque<\/p>\n<p><strong>D\u00e9 Domhnaigh an 30 Samhain, 2025<\/strong><\/p>\n<p>\u00c9ire v An Mhacad\u00f3in Thuaidh, 17:00, An L\u00e1thair N\u00e1isi\u00fanta Cispheile<\/p>\n<p><strong>D\u00e9 hAoine an 27 Feabhra, 2026<\/strong><\/p>\n<p>\u00c9ire v An Asarbaise\u00e1in, 19:30, An L\u00e1thair N\u00e1isi\u00fanta Cispheile<\/p>\n<p><strong>D\u00e9 Luain an 2 M\u00e1rta, 2026<\/strong><\/p>\n<p>\u00c9ire v Lucsamburg, 17:00, An L\u00e1thair N\u00e1isi\u00fanta Cispheile<\/p>\n<p><strong>D\u00e9ardaoin an 2 I\u00fail, 2026<\/strong><\/p>\n<p>An Mhacad\u00f3in Thuaidh v \u00c9ire, ionad\/am le socr\u00fa<\/p>\n<p><strong>D\u00e9 Domhnaigh an 5 I\u00fail, 2026<\/strong><\/p>\n<p>An Asarbaise\u00e1in v \u00c9ire, ionad\/am le socr\u00fa<\/p>\n<p>&nbsp;<\/p>\n<p><strong><u>Babhta\u00ed C\u00e1ilithe EuroBasket FIBA 2027 na mBan<\/u><\/strong><\/p>\n<p><strong>D\u00e9 C\u00e9adaoin an 12 Samhain<\/strong><\/p>\n<p>\u00c9ire v Lucsamburg, 17:00, An L\u00e1thair N\u00e1isi\u00fanta Cispheile<\/p>\n<p><strong>D\u00e9 Sathairn an 15 Samhain<\/strong><\/p>\n<p>\u00c9ire v An Bhoisnia agus an Heirseagaiv\u00e9in, 19:25, An L\u00e1thair N\u00e1isi\u00fanta Cispheile<\/p>\n<p><strong>D\u00e9 C\u00e9adaoin an 11 M\u00e1rta<\/strong><\/p>\n<p>Lucsamburg v \u00c9ire, ionad\/am le socr\u00fa<\/p>\n<p><strong>D\u00e9 Sathairn an 14 M\u00e1rta<\/strong><\/p>\n<p>An Bhoisnia agus an Heirseagaiv\u00e9in v \u00c9ire, ionad\/am le socr\u00fa<\/p>\n<p>&nbsp;<\/p>\n<p><strong><u>Corn N\u00e1isi\u00fanta Domino&#8217;s<\/u><\/strong><\/p>\n<p><strong>Corn N\u00e1isi\u00fanta MSL Domino&#8217;s (Corn Pat Duffy)<\/p>\n<p>D\u00e9 Sathairn an 17 Ean\u00e1ir, 2026<\/strong><\/p>\n<p>TBC v TBC, 20:00, An L\u00e1thair N\u00e1isi\u00fanta Cispheile (TG4 ar an aer ag 19:45)<\/p>\n<p><strong>Corn N\u00e1isi\u00fanta WSL Domino&#8217;s (Corn Paudie O\u2019Connor)<\/p>\n<p>D\u00e9 Domhnaigh an 18 Ean\u00e1ir, 2026<\/strong><\/p>\n<p>TBC v TBC, 17:30, An L\u00e1thair N\u00e1isi\u00fanta Cispheile (TG4 ar an aer ag 17:25)<\/p>\n<p>&nbsp;<\/p>\n<p><strong>Cluich\u00ed Ceannais Ard-Sraitheanna na bhFear agus na mBan<\/p>\n<p>D\u00e9 Domhnaigh an 12 Aibre\u00e1n, 2026<\/strong><\/p>\n<p>Cluiche Ceannais Ard-Sraith na mBan Domino\u2019s, 14:00, An L\u00e1thair N\u00e1isi\u00fanta Cispheile (TG4 ar an aer ag 13:45)<\/p>\n<p>Cluiche Ceannais Ard-Sraith na bhFear Domino\u2019s, 16:30, An L\u00e1thair N\u00e1isi\u00fanta Cispheile<\/p>\n","protected":false},"excerpt":{"rendered":"<p>&nbsp; T\u00e1 comhph\u00e1irt\u00edocht nua chraolta dh\u00e1 bhliain aontaithe ag Cumann Cispheile na h\u00c9ireann le TG4, ina bhfanfaidh an st\u00e1isi\u00fan ina chraolt\u00f3ir oifigi\u00fail ar fhoirne idirn\u00e1isi\u00fanta cispheile na bhfear agus na mban in \u00c9irinn. Beidh cl\u00fadach beo ag an st\u00e1isi\u00fan, at\u00e1 ag craoladh imeachta\u00ed cispheile na h\u00c9ireann \u00f3 2014 i leith, ar Chluich\u00ed Ceannais Chorn N\u00e1isi\u00fanta [&hellip;]<\/p>\n","protected":false},"author":876,"featured_media":0,"parent":236807,"menu_order":72,"comment_status":"closed","ping_status":"closed","template":"page-templates\/template-pr.php","meta":{"_acf_changed":false,"footnotes":""},"acf":[],"yoast_head":"<!-- This site is optimized with the Yoast SEO plugin v22.6 - https:\/\/yoast.com\/wordpress\/plugins\/seo\/ -->\n<title>Comhph\u00e1irt\u00edocht Chraolta Nua Dh\u00e1 Bhliain Comhaontaithe ag Cumann Cispheile na h\u00c9ireann agus TG4 | Preasr\u00e1iteas | TG4<\/title>\n<meta name=\"description\" content=\"T\u00e1 comhph\u00e1irt\u00edocht nua chraolta dh\u00e1 bhliain aontaithe ag Cumann Cispheile na h\u00c9ireann le TG4, ina bhfanfaidh an st\u00e1isi\u00fan ina chraolt\u00f3ir oifigi\u00fail ar fhoirne idirn\u00e1isi\u00fanta cispheile na bhfear agus na mban in \u00c9irinn.\" \/>\n<meta name=\"robots\" content=\"index, follow, max-snippet:-1, max-image-preview:large, max-video-preview:-1\" \/>\n<meta property=\"og:locale\" content=\"en_US\" \/>\n<meta property=\"og:type\" content=\"article\" \/>\n<meta property=\"og:title\" content=\"Comhph\u00e1irt\u00edocht Chraolta Nua Dh\u00e1 Bhliain Comhaontaithe ag Cumann Cispheile na h\u00c9ireann agus TG4 | Preasr\u00e1iteas | TG4\" \/>\n<meta property=\"og:description\" content=\"T\u00e1 comhph\u00e1irt\u00edocht nua chraolta dh\u00e1 bhliain aontaithe ag Cumann Cispheile na h\u00c9ireann le TG4, ina bhfanfaidh an st\u00e1isi\u00fan ina chraolt\u00f3ir oifigi\u00fail ar fhoirne idirn\u00e1isi\u00fanta cispheile na bhfear agus na mban in \u00c9irinn.\" \/>\n<meta property=\"og:url\" content=\"https:\/\/dev.tg4.ie\/ga\/eolas\/preas\/nuacht-raitis\/2025-2\/comhphairtiocht-chraolta-nua-dha-bhliain-comhaontaithe-ag-cumann-cispheile-na-heireann-agus-tg4\/\" \/>\n<meta property=\"og:site_name\" content=\"TG4\" \/>\n<meta property=\"article:publisher\" content=\"https:\/\/www.facebook.com\/TG4TV\" \/>\n<meta property=\"article:modified_time\" content=\"2025-12-03T10:04:38+00:00\" \/>\n<meta property=\"og:image\" content=\"https:\/\/dev.tg4.ie\/wp-content\/uploads\/2025\/11\/Basketball_Ireland_TG4_2025_2-1920x1080-1.jpg\" \/>\n<meta name=\"twitter:card\" content=\"summary_large_image\" \/>\n<meta name=\"twitter:site\" content=\"@TG4TV\" \/>\n<meta name=\"twitter:label1\" content=\"Est. reading time\" \/>\n\t<meta name=\"twitter:data1\" content=\"4 minutes\" \/>\n<script type=\"application\/ld+json\" class=\"yoast-schema-graph\">{\"@context\":\"https:\/\/schema.org\",\"@graph\":[{\"@type\":\"WebPage\",\"@id\":\"https:\/\/dev.tg4.ie\/ga\/eolas\/preas\/nuacht-raitis\/2025-2\/comhphairtiocht-chraolta-nua-dha-bhliain-comhaontaithe-ag-cumann-cispheile-na-heireann-agus-tg4\/\",\"url\":\"https:\/\/dev.tg4.ie\/ga\/eolas\/preas\/nuacht-raitis\/2025-2\/comhphairtiocht-chraolta-nua-dha-bhliain-comhaontaithe-ag-cumann-cispheile-na-heireann-agus-tg4\/\",\"name\":\"Comhph\u00e1irt\u00edocht Chraolta Nua Dh\u00e1 Bhliain Comhaontaithe ag Cumann Cispheile na h\u00c9ireann agus TG4 | Preasr\u00e1iteas | TG4\",\"isPartOf\":{\"@id\":\"https:\/\/dev.tg4.ie\/en\/#website\"},\"primaryImageOfPage\":{\"@id\":\"https:\/\/dev.tg4.ie\/ga\/eolas\/preas\/nuacht-raitis\/2025-2\/comhphairtiocht-chraolta-nua-dha-bhliain-comhaontaithe-ag-cumann-cispheile-na-heireann-agus-tg4\/#primaryimage\"},\"image\":{\"@id\":\"https:\/\/dev.tg4.ie\/ga\/eolas\/preas\/nuacht-raitis\/2025-2\/comhphairtiocht-chraolta-nua-dha-bhliain-comhaontaithe-ag-cumann-cispheile-na-heireann-agus-tg4\/#primaryimage\"},\"thumbnailUrl\":\"https:\/\/dev.tg4.ie\/wp-content\/uploads\/2025\/11\/Basketball_Ireland_TG4_2025_2-1920x1080-1.jpg\",\"datePublished\":\"2025-11-28T16:37:43+00:00\",\"dateModified\":\"2025-12-03T10:04:38+00:00\",\"description\":\"T\u00e1 comhph\u00e1irt\u00edocht nua chraolta dh\u00e1 bhliain aontaithe ag Cumann Cispheile na h\u00c9ireann le TG4, ina bhfanfaidh an st\u00e1isi\u00fan ina chraolt\u00f3ir oifigi\u00fail ar fhoirne idirn\u00e1isi\u00fanta cispheile na bhfear agus na mban in \u00c9irinn.\",\"breadcrumb\":{\"@id\":\"https:\/\/dev.tg4.ie\/ga\/eolas\/preas\/nuacht-raitis\/2025-2\/comhphairtiocht-chraolta-nua-dha-bhliain-comhaontaithe-ag-cumann-cispheile-na-heireann-agus-tg4\/#breadcrumb\"},\"inLanguage\":\"ga\",\"potentialAction\":[{\"@type\":\"ReadAction\",\"target\":[\"https:\/\/dev.tg4.ie\/ga\/eolas\/preas\/nuacht-raitis\/2025-2\/comhphairtiocht-chraolta-nua-dha-bhliain-comhaontaithe-ag-cumann-cispheile-na-heireann-agus-tg4\/\"]}]},{\"@type\":\"ImageObject\",\"inLanguage\":\"ga\",\"@id\":\"https:\/\/dev.tg4.ie\/ga\/eolas\/preas\/nuacht-raitis\/2025-2\/comhphairtiocht-chraolta-nua-dha-bhliain-comhaontaithe-ag-cumann-cispheile-na-heireann-agus-tg4\/#primaryimage\",\"url\":\"https:\/\/dev.tg4.ie\/wp-content\/uploads\/2025\/11\/Basketball_Ireland_TG4_2025_2-1920x1080-1.jpg\",\"contentUrl\":\"https:\/\/dev.tg4.ie\/wp-content\/uploads\/2025\/11\/Basketball_Ireland_TG4_2025_2-1920x1080-1.jpg\"},{\"@type\":\"BreadcrumbList\",\"@id\":\"https:\/\/dev.tg4.ie\/ga\/eolas\/preas\/nuacht-raitis\/2025-2\/comhphairtiocht-chraolta-nua-dha-bhliain-comhaontaithe-ag-cumann-cispheile-na-heireann-agus-tg4\/#breadcrumb\",\"itemListElement\":[{\"@type\":\"ListItem\",\"position\":1,\"name\":\"Home\",\"item\":\"https:\/\/dev.tg4.ie\/ga\/\"},{\"@type\":\"ListItem\",\"position\":2,\"name\":\"Eolas\",\"item\":\"https:\/\/dev.tg4.ie\/ga\/eolas\/\"},{\"@type\":\"ListItem\",\"position\":3,\"name\":\"Preas\",\"item\":\"https:\/\/dev.tg4.ie\/ga\/eolas\/preas\/\"},{\"@type\":\"ListItem\",\"position\":4,\"name\":\"Nuacht R\u00e1itis\",\"item\":\"https:\/\/dev.tg4.ie\/ga\/eolas\/preas\/nuacht-raitis\/\"},{\"@type\":\"ListItem\",\"position\":5,\"name\":\"2025\",\"item\":\"https:\/\/dev.tg4.ie\/ga\/eolas\/preas\/nuacht-raitis\/2025-2\/\"},{\"@type\":\"ListItem\",\"position\":6,\"name\":\"Comhph\u00e1irt\u00edocht Chraolta Nua Dh\u00e1 Bhliain Comhaontaithe ag Cumann Cispheile na h\u00c9ireann agus TG4\"}]},{\"@type\":\"WebSite\",\"@id\":\"https:\/\/dev.tg4.ie\/en\/#website\",\"url\":\"https:\/\/dev.tg4.ie\/en\/\",\"name\":\"TG4\",\"description\":\"S\u00fail Eile\",\"potentialAction\":[{\"@type\":\"SearchAction\",\"target\":{\"@type\":\"EntryPoint\",\"urlTemplate\":\"https:\/\/dev.tg4.ie\/en\/?s={search_term_string}\"},\"query-input\":\"required name=search_term_string\"}],\"inLanguage\":\"ga\"}]}<\/script>\n<!-- \/ Yoast SEO plugin. -->","yoast_head_json":{"title":"Comhph\u00e1irt\u00edocht Chraolta Nua Dh\u00e1 Bhliain Comhaontaithe ag Cumann Cispheile na h\u00c9ireann agus TG4 | Preasr\u00e1iteas | TG4","description":"T\u00e1 comhph\u00e1irt\u00edocht nua chraolta dh\u00e1 bhliain aontaithe ag Cumann Cispheile na h\u00c9ireann le TG4, ina bhfanfaidh an st\u00e1isi\u00fan ina chraolt\u00f3ir oifigi\u00fail ar fhoirne idirn\u00e1isi\u00fanta cispheile na bhfear agus na mban in \u00c9irinn.","robots":{"index":"index","follow":"follow","max-snippet":"max-snippet:-1","max-image-preview":"max-image-preview:large","max-video-preview":"max-video-preview:-1"},"og_locale":"en_US","og_type":"article","og_title":"Comhph\u00e1irt\u00edocht Chraolta Nua Dh\u00e1 Bhliain Comhaontaithe ag Cumann Cispheile na h\u00c9ireann agus TG4 | Preasr\u00e1iteas | TG4","og_description":"T\u00e1 comhph\u00e1irt\u00edocht nua chraolta dh\u00e1 bhliain aontaithe ag Cumann Cispheile na h\u00c9ireann le TG4, ina bhfanfaidh an st\u00e1isi\u00fan ina chraolt\u00f3ir oifigi\u00fail ar fhoirne idirn\u00e1isi\u00fanta cispheile na bhfear agus na mban in \u00c9irinn.","og_url":"https:\/\/dev.tg4.ie\/ga\/eolas\/preas\/nuacht-raitis\/2025-2\/comhphairtiocht-chraolta-nua-dha-bhliain-comhaontaithe-ag-cumann-cispheile-na-heireann-agus-tg4\/","og_site_name":"TG4","article_publisher":"https:\/\/www.facebook.com\/TG4TV","article_modified_time":"2025-12-03T10:04:38+00:00","og_image":[{"url":"https:\/\/dev.tg4.ie\/wp-content\/uploads\/2025\/11\/Basketball_Ireland_TG4_2025_2-1920x1080-1.jpg"}],"twitter_card":"summary_large_image","twitter_site":"@TG4TV","twitter_misc":{"Est. reading time":"4 minutes"},"schema":{"@context":"https:\/\/schema.org","@graph":[{"@type":"WebPage","@id":"https:\/\/dev.tg4.ie\/ga\/eolas\/preas\/nuacht-raitis\/2025-2\/comhphairtiocht-chraolta-nua-dha-bhliain-comhaontaithe-ag-cumann-cispheile-na-heireann-agus-tg4\/","url":"https:\/\/dev.tg4.ie\/ga\/eolas\/preas\/nuacht-raitis\/2025-2\/comhphairtiocht-chraolta-nua-dha-bhliain-comhaontaithe-ag-cumann-cispheile-na-heireann-agus-tg4\/","name":"Comhph\u00e1irt\u00edocht Chraolta Nua Dh\u00e1 Bhliain Comhaontaithe ag Cumann Cispheile na h\u00c9ireann agus TG4 | Preasr\u00e1iteas | TG4","isPartOf":{"@id":"https:\/\/dev.tg4.ie\/en\/#website"},"primaryImageOfPage":{"@id":"https:\/\/dev.tg4.ie\/ga\/eolas\/preas\/nuacht-raitis\/2025-2\/comhphairtiocht-chraolta-nua-dha-bhliain-comhaontaithe-ag-cumann-cispheile-na-heireann-agus-tg4\/#primaryimage"},"image":{"@id":"https:\/\/dev.tg4.ie\/ga\/eolas\/preas\/nuacht-raitis\/2025-2\/comhphairtiocht-chraolta-nua-dha-bhliain-comhaontaithe-ag-cumann-cispheile-na-heireann-agus-tg4\/#primaryimage"},"thumbnailUrl":"https:\/\/dev.tg4.ie\/wp-content\/uploads\/2025\/11\/Basketball_Ireland_TG4_2025_2-1920x1080-1.jpg","datePublished":"2025-11-28T16:37:43+00:00","dateModified":"2025-12-03T10:04:38+00:00","description":"T\u00e1 comhph\u00e1irt\u00edocht nua chraolta dh\u00e1 bhliain aontaithe ag Cumann Cispheile na h\u00c9ireann le TG4, ina bhfanfaidh an st\u00e1isi\u00fan ina chraolt\u00f3ir oifigi\u00fail ar fhoirne idirn\u00e1isi\u00fanta cispheile na bhfear agus na mban in \u00c9irinn.","breadcrumb":{"@id":"https:\/\/dev.tg4.ie\/ga\/eolas\/preas\/nuacht-raitis\/2025-2\/comhphairtiocht-chraolta-nua-dha-bhliain-comhaontaithe-ag-cumann-cispheile-na-heireann-agus-tg4\/#breadcrumb"},"inLanguage":"ga","potentialAction":[{"@type":"ReadAction","target":["https:\/\/dev.tg4.ie\/ga\/eolas\/preas\/nuacht-raitis\/2025-2\/comhphairtiocht-chraolta-nua-dha-bhliain-comhaontaithe-ag-cumann-cispheile-na-heireann-agus-tg4\/"]}]},{"@type":"ImageObject","inLanguage":"ga","@id":"https:\/\/dev.tg4.ie\/ga\/eolas\/preas\/nuacht-raitis\/2025-2\/comhphairtiocht-chraolta-nua-dha-bhliain-comhaontaithe-ag-cumann-cispheile-na-heireann-agus-tg4\/#primaryimage","url":"https:\/\/dev.tg4.ie\/wp-content\/uploads\/2025\/11\/Basketball_Ireland_TG4_2025_2-1920x1080-1.jpg","contentUrl":"https:\/\/dev.tg4.ie\/wp-content\/uploads\/2025\/11\/Basketball_Ireland_TG4_2025_2-1920x1080-1.jpg"},{"@type":"BreadcrumbList","@id":"https:\/\/dev.tg4.ie\/ga\/eolas\/preas\/nuacht-raitis\/2025-2\/comhphairtiocht-chraolta-nua-dha-bhliain-comhaontaithe-ag-cumann-cispheile-na-heireann-agus-tg4\/#breadcrumb","itemListElement":[{"@type":"ListItem","position":1,"name":"Home","item":"https:\/\/dev.tg4.ie\/ga\/"},{"@type":"ListItem","position":2,"name":"Eolas","item":"https:\/\/dev.tg4.ie\/ga\/eolas\/"},{"@type":"ListItem","position":3,"name":"Preas","item":"https:\/\/dev.tg4.ie\/ga\/eolas\/preas\/"},{"@type":"ListItem","position":4,"name":"Nuacht R\u00e1itis","item":"https:\/\/dev.tg4.ie\/ga\/eolas\/preas\/nuacht-raitis\/"},{"@type":"ListItem","position":5,"name":"2025","item":"https:\/\/dev.tg4.ie\/ga\/eolas\/preas\/nuacht-raitis\/2025-2\/"},{"@type":"ListItem","position":6,"name":"Comhph\u00e1irt\u00edocht Chraolta Nua Dh\u00e1 Bhliain Comhaontaithe ag Cumann Cispheile na h\u00c9ireann agus TG4"}]},{"@type":"WebSite","@id":"https:\/\/dev.tg4.ie\/en\/#website","url":"https:\/\/dev.tg4.ie\/en\/","name":"TG4","description":"S\u00fail Eile","potentialAction":[{"@type":"SearchAction","target":{"@type":"EntryPoint","urlTemplate":"https:\/\/dev.tg4.ie\/en\/?s={search_term_string}"},"query-input":"required name=search_term_string"}],"inLanguage":"ga"}]}},"_links":{"self":[{"href":"https:\/\/dev.tg4.ie\/ga\/wp-json\/wp\/v2\/pages\/248165"}],"collection":[{"href":"https:\/\/dev.tg4.ie\/ga\/wp-json\/wp\/v2\/pages"}],"about":[{"href":"https:\/\/dev.tg4.ie\/ga\/wp-json\/wp\/v2\/types\/page"}],"author":[{"embeddable":true,"href":"https:\/\/dev.tg4.ie\/ga\/wp-json\/wp\/v2\/users\/876"}],"replies":[{"embeddable":true,"href":"https:\/\/dev.tg4.ie\/ga\/wp-json\/wp\/v2\/comments?post=248165"}],"version-history":[{"count":0,"href":"https:\/\/dev.tg4.ie\/ga\/wp-json\/wp\/v2\/pages\/248165\/revisions"}],"up":[{"embeddable":true,"href":"https:\/\/dev.tg4.ie\/ga\/wp-json\/wp\/v2\/pages\/236807"}],"wp:attachment":[{"href":"https:\/\/dev.tg4.ie\/ga\/wp-json\/wp\/v2\/media?parent=248165"}],"curies":[{"name":"wp","href":"https:\/\/api.w.org\/{rel}","templated":true}]}}