{"id":248197,"date":"2025-12-03T09:59:37","date_gmt":"2025-12-03T09:59:37","guid":{"rendered":"https:\/\/dev.tg4.ie\/?page_id=248197"},"modified":"2025-12-03T10:03:13","modified_gmt":"2025-12-03T10:03:13","slug":"oiliuint-ghairme-sna-meain-pairtneireacht-idir-tg4-agus-udaras-na-gaeltachta","status":"publish","type":"page","link":"https:\/\/dev.tg4.ie\/ga\/eolas\/preas\/nuacht-raitis\/2025-2\/oiliuint-ghairme-sna-meain-pairtneireacht-idir-tg4-agus-udaras-na-gaeltachta\/","title":{"rendered":"Oili\u00faint Ghairme sna Me\u00e1in &#8211; P\u00e1irtn\u00e9ireacht idir TG4 agus \u00dadar\u00e1s na Gaeltachta: Infheist\u00edocht \u20ac1.2m in aghaidh na bliana le d\u00e9anamh in earn\u00e1il l\u00e9iri\u00fach\u00e1in teilif\u00edse, scann\u00e1in agus me\u00e1in na Gaeilge"},"content":{"rendered":"<p><img loading=\"lazy\" decoding=\"async\" width=\"1920\" height=\"1080\" src=\"https:\/\/tg4-docs.s3.amazonaws.com\/wp-content\/uploads\/2025\/12\/03094517\/TG4_UnaG_Pairtneireacht_2025_1-1920x1080-1.jpg\" alt=\"\" class=\"aligncenter size-full wp-image-248198\" srcset=\"https:\/\/tg4-docs.s3.amazonaws.com\/wp-content\/uploads\/2025\/12\/03094517\/TG4_UnaG_Pairtneireacht_2025_1-1920x1080-1.jpg 1920w, https:\/\/tg4-docs.s3.amazonaws.com\/wp-content\/uploads\/2025\/12\/03094517\/TG4_UnaG_Pairtneireacht_2025_1-1920x1080-1-250x141.jpg 250w, https:\/\/tg4-docs.s3.amazonaws.com\/wp-content\/uploads\/2025\/12\/03094517\/TG4_UnaG_Pairtneireacht_2025_1-1920x1080-1-700x394.jpg 700w, https:\/\/tg4-docs.s3.amazonaws.com\/wp-content\/uploads\/2025\/12\/03094517\/TG4_UnaG_Pairtneireacht_2025_1-1920x1080-1-252x141.jpg 252w, https:\/\/tg4-docs.s3.amazonaws.com\/wp-content\/uploads\/2025\/12\/03094517\/TG4_UnaG_Pairtneireacht_2025_1-1920x1080-1-1536x864.jpg 1536w, https:\/\/tg4-docs.s3.amazonaws.com\/wp-content\/uploads\/2025\/12\/03094517\/TG4_UnaG_Pairtneireacht_2025_1-1920x1080-1-120x68.jpg 120w\" sizes=\"(max-width: 1920px) 100vw, 1920px\" \/><br \/>\n<center><sup>Cathaoirleach TG4, Anna N\u00ed Ghallachair, Ard-Sti\u00farth\u00f3ir TG4, Deirdre N\u00ed Choist\u00edn, Pr\u00edomhfheidhmeannach an \u00dadar\u00e1is, Tom\u00e1s \u00d3 S\u00edoch\u00e1in agus Cathaoirleach \u00dadar\u00e1s na Gaeltachta, Siobh\u00e1n N\u00ed Ghadhra. Creidi\u00faint: Se\u00e1n \u00d3 Mainn\u00edn<\/sup><\/center><br \/>\n&nbsp;<\/p>\n<p>Seoladh comhph\u00e1irt\u00edocht strait\u00e9iseach nua idir TG4 agus \u00dadar\u00e1s na Gaeltachta inniu i gCeann\u00e1ras TG4, comhph\u00e1irt\u00edocht a nd\u00e9anfaidh an d\u00e1 eagra\u00edocht infheist\u00edocht shubstainti\u00fail ar fi\u00fa os cionn \u20ac1.2m \u00ed in aghaidh na bliana inti idir seo agus deireadh 2028, chun oili\u00faint a chur ar dhaoine in earn\u00e1il na l\u00e9iri\u00fach\u00e1n neamhsple\u00e1ch agus an earn\u00e1il sin a fhorbairt.\u202f<br \/>\n&nbsp;<br \/>\nMar chuid den infheist\u00edocht seo, cuirfear cl\u00e1ir forbartha agus oili\u00fana strait\u00e9is\u00ed ar f\u00e1il d\u00f3ibh si\u00fad at\u00e1 ag iarraidh a ngairm sna me\u00e1in a fhorbairt agus do chomhlachta\u00ed at\u00e1 ag cur \u00e1bhar cruthaitheach ar f\u00e1il in earn\u00e1il na me\u00e1n.\u202f Cuirfidh an togra seo le scileanna, c\u00e1il\u00edochta\u00ed agus le cumas ioma\u00edochta na gcomhlachta\u00ed. Ceapfar Bainisteoir Cl\u00e1ir chun an togra agus na cl\u00e1ir oili\u00fana agus forbartha a riar i gcomhar le lucht bainist\u00edocht \u00dadar\u00e1s na Gaeltachta agus TG4.<br \/>\n&nbsp;<\/p>\n<p>Ag labhairt di ag an \u00f3c\u00e1id, d\u00fairt <strong>Deirdre N\u00ed Choist\u00edn, Ard-Sti\u00farth\u00f3ir TG4<\/strong>: <em>\u201cT\u00e1 cumas\u00fa na cruthaitheachta i gcro\u00edl\u00e1r strait\u00e9is TG4 agus t\u00e1 earn\u00e1il na l\u00e9iri\u00fach\u00e1n neamhsple\u00e1ch l\u00e1rnach i bhforbairt na f\u00edse sin.\u202f Tabharfaidh an chomhph\u00e1irt\u00edocht seo le h\u00dadar\u00e1s na Gaeltachta deis d\u00f3ibh d\u00edri\u00fa ar fh\u00e1s agus ar fhorbairt na hearn\u00e1la Gaeilge, ar oili\u00faint ghairmi\u00fail, agus ar scileanna a fhorbairt don todhcha\u00ed ar bhonn strait\u00e9iseach, fadradharcach. D\u00edreoidh an maoini\u00fa breise seo ar bheartais chun tallann chruthaitheach na Gaeilge a chumas\u00fa, ar an gc\u00e9ad ghl\u00fain eile agus ar dheiseanna forbartha do chomhlachta\u00ed at\u00e1 ag feidhmi\u00fa tr\u00ed Ghaeilge.\u201d<\/em><br \/>\n&nbsp;<br \/>\nAg labhairt ag an \u00f3c\u00e1id, d\u00fairt <strong>Tom\u00e1s \u00d3 S\u00edoch\u00e1in, Pr\u00edomhfheidhmeannach \u00dadar\u00e1s na Gaeltachta<\/strong>: <em>\u201cT\u00e1 t\u00e1bhacht teanga agus eacnama\u00edochta le hearn\u00e1il closamhairc na Gaeltachta. Cuirfidh an ph\u00e1irtn\u00e9ireacht seo dl\u00fas faoi fhorbairt an tsrutha tallainne, mar aon le t\u00e9agar a chur ann, agus neart\u00f3idh s\u00ed an cumas at\u00e1 i lucht d\u00e9anta \u00e1bhair agus l\u00e9irithe cl\u00e1r tr\u00ed mhe\u00e1n na Gaeilge. D\u00e9anfaidh s\u00e9 seo ioml\u00e1n\u00fa ar acmhainn na Gaeilge mar bhun\u00e1bhar forbartha na hearn\u00e1la, \u00e1bhar a bheidh l\u00e9irithe tr\u00ed chl\u00e1ir agus \u00e1bhar dhigiteach eile a shol\u00e1thar d\u2019earn\u00e1il agus marga\u00ed na me\u00e1n f\u00edse, p\u00e9 acu ar an teilif\u00eds, mar scann\u00e1in, ar an idirl\u00edon n\u00f3 tr\u00edd na me\u00e1in dhigiteacha.\u201d<\/em><br \/>\n&nbsp;<\/p>\n<p>Chuir TG4 agus \u00dadar\u00e1s na Gaeltachta t\u00fas le sc\u00e9im ph\u00edol\u00f3tach Taith\u00ed Oibre agus Oili\u00fana in 2019 agus bh\u00ed an sc\u00e9im sin ar bun go dt\u00ed 2025.\u202f T\u00e1 an comhfhiontar nua ag tarraingt ar an taith\u00ed a saothra\u00edodh le linn r\u00e9 feidhme na sc\u00e9ime sin.\u202f<br \/>\n&nbsp;<br \/>\nBh\u00ed an sc\u00e9im sin d\u00edrithe ar thac\u00fa le comhlachta\u00ed Gaeltachta \/ Gaeilge agus \u00e9 mar chusp\u00f3ir aici tallann nua a choth\u00fa, scileanna a fhorbairt agus taith\u00ed oibre phraitici\u00fail a chur ar f\u00e1il do dhaoine a bh\u00ed ag tos\u00fa amach san earn\u00e1il closamhairc agus me\u00e1n digiteach na Gaeilge.\u202f Mar chuid de sin, bhain rannph\u00e1irtithe na sc\u00e9ime c\u00e1il\u00edocht acad\u00fail (creidi\u00fanaithe ag leibh\u00e9al 8) amach faoi sti\u00fair Ollscoil Teicneola\u00edochta an Atlantaigh, OTA.<br \/>\n&nbsp;<br \/>\nTh\u00e1inig an chomhph\u00e1irt\u00edocht nua seo chun cinn mar thoradh ar thaighde chuimsitheach a raibh TG4 agus an t\u00dadar\u00e1s ina bhun le blianta beaga anuas.\u202f Mar chuid den taighde sin, chuathas i gcomhar le comhlachta\u00ed, le fiontraithe agus leis na heagrais forbartha st\u00e1it at\u00e1 l\u00e1rnach i bhforbairt na hearn\u00e1la closamhairc.\u202f L\u00e9irigh tortha\u00ed an taighde go bhfuil tuilleadh infheist\u00edochta ag teast\u00e1il chun borradh a chur faoi thraen\u00e1il agus faoi fhorbairt in earn\u00e1il na Me\u00e1n Ghaeilge agus sna comhlachta\u00ed l\u00e9iri\u00fach\u00e1in, mar aon le comhord\u00fa n\u00edos fearr a chinnti\u00fa idir na p\u00e1irtithe leasmhara ar fad at\u00e1 ag feidhmi\u00fa san earn\u00e1il.<br \/>\n&nbsp;<br \/>\nGn\u00e9 ar leith den togra seo is ea go mbeidh cl\u00e1r oili\u00fana ar leith le forbairt a bheidh d\u00edrithe ar na hIar-bhunscoileanna Gaeltachta.\u202f Beidh s\u00e9 mar aidhm ag an gcl\u00e1r eolas a roinnt le dalta\u00ed dara leibh\u00e9al faoi na deiseanna fosta\u00edochta at\u00e1 ar f\u00e1il san earn\u00e1il agus cuidi\u00fa leo tuiscint a fh\u00e1il ar na gairmeacha beatha \u00e9ags\u00fala a bheadh ar f\u00e1il d\u00f3ibh in earn\u00e1il na cruthaitheachta.<br \/>\n&nbsp;<br \/>\n&nbsp;<\/p>\n","protected":false},"excerpt":{"rendered":"<p>Cathaoirleach TG4, Anna N\u00ed Ghallachair, Ard-Sti\u00farth\u00f3ir TG4, Deirdre N\u00ed Choist\u00edn, Pr\u00edomhfheidhmeannach an \u00dadar\u00e1is, Tom\u00e1s \u00d3 S\u00edoch\u00e1in agus Cathaoirleach \u00dadar\u00e1s na Gaeltachta, Siobh\u00e1n N\u00ed Ghadhra. Creidi\u00faint: Se\u00e1n \u00d3 Mainn\u00edn &nbsp; Seoladh comhph\u00e1irt\u00edocht strait\u00e9iseach nua idir TG4 agus \u00dadar\u00e1s na Gaeltachta inniu i gCeann\u00e1ras TG4, comhph\u00e1irt\u00edocht a nd\u00e9anfaidh an d\u00e1 eagra\u00edocht infheist\u00edocht shubstainti\u00fail ar fi\u00fa os cionn [&hellip;]<\/p>\n","protected":false},"author":876,"featured_media":0,"parent":236807,"menu_order":73,"comment_status":"closed","ping_status":"closed","template":"page-templates\/template-pr.php","meta":{"_acf_changed":false,"footnotes":""},"acf":[],"yoast_head":"<!-- This site is optimized with the Yoast SEO plugin v22.6 - https:\/\/yoast.com\/wordpress\/plugins\/seo\/ -->\n<title>Oili\u00faint Ghairme sna Me\u00e1in - P\u00e1irtn\u00e9ireacht idir TG4 agus \u00dadar\u00e1s na Gaeltachta: Infheist\u00edocht \u20ac1.2m in aghaidh na bliana le d\u00e9anamh in earn\u00e1il l\u00e9iri\u00fach\u00e1in teilif\u00edse, scann\u00e1in agus me\u00e1in na Gaeilge | Preasr\u00e1iteas | TG4<\/title>\n<meta name=\"description\" content=\"Seoladh comhph\u00e1irt\u00edocht strait\u00e9iseach nua idir TG4 agus \u00dadar\u00e1s na Gaeltachta inniu i gCeann\u00e1ras TG4, comhph\u00e1irt\u00edocht a nd\u00e9anfaidh an d\u00e1 eagra\u00edocht infheist\u00edocht shubstainti\u00fail ar fi\u00fa os cionn \u20ac1.2m \u00ed in aghaidh na bliana inti idir seo agus deireadh 2028, chun oili\u00faint a chur ar dhaoine in earn\u00e1il na l\u00e9iri\u00fach\u00e1n neamhsple\u00e1ch agus an earn\u00e1il sin a fhorbairt.\" \/>\n<meta name=\"robots\" content=\"index, follow, max-snippet:-1, max-image-preview:large, max-video-preview:-1\" \/>\n<meta property=\"og:locale\" content=\"en_US\" \/>\n<meta property=\"og:type\" content=\"article\" \/>\n<meta property=\"og:title\" content=\"Oili\u00faint Ghairme sna Me\u00e1in - P\u00e1irtn\u00e9ireacht idir TG4 agus \u00dadar\u00e1s na Gaeltachta: Infheist\u00edocht \u20ac1.2m in aghaidh na bliana le d\u00e9anamh in earn\u00e1il l\u00e9iri\u00fach\u00e1in teilif\u00edse, scann\u00e1in agus me\u00e1in na Gaeilge | Preasr\u00e1iteas | TG4\" \/>\n<meta property=\"og:description\" content=\"Seoladh comhph\u00e1irt\u00edocht strait\u00e9iseach nua idir TG4 agus \u00dadar\u00e1s na Gaeltachta inniu i gCeann\u00e1ras TG4, comhph\u00e1irt\u00edocht a nd\u00e9anfaidh an d\u00e1 eagra\u00edocht infheist\u00edocht shubstainti\u00fail ar fi\u00fa os cionn \u20ac1.2m \u00ed in aghaidh na bliana inti idir seo agus deireadh 2028, chun oili\u00faint a chur ar dhaoine in earn\u00e1il na l\u00e9iri\u00fach\u00e1n neamhsple\u00e1ch agus an earn\u00e1il sin a fhorbairt.\" \/>\n<meta property=\"og:url\" content=\"https:\/\/dev.tg4.ie\/ga\/eolas\/preas\/nuacht-raitis\/2025-2\/oiliuint-ghairme-sna-meain-pairtneireacht-idir-tg4-agus-udaras-na-gaeltachta\/\" \/>\n<meta property=\"og:site_name\" content=\"TG4\" \/>\n<meta property=\"article:publisher\" content=\"https:\/\/www.facebook.com\/TG4TV\" \/>\n<meta property=\"article:modified_time\" content=\"2025-12-03T10:03:13+00:00\" \/>\n<meta property=\"og:image\" content=\"https:\/\/dev.tg4.ie\/wp-content\/uploads\/2025\/12\/TG4_UnaG_Pairtneireacht_2025_1-1920x1080-1.jpg\" \/>\n<meta name=\"twitter:card\" content=\"summary_large_image\" \/>\n<meta name=\"twitter:site\" content=\"@TG4TV\" \/>\n<meta name=\"twitter:label1\" content=\"Est. reading time\" \/>\n\t<meta name=\"twitter:data1\" content=\"3 minutes\" \/>\n<script type=\"application\/ld+json\" class=\"yoast-schema-graph\">{\"@context\":\"https:\/\/schema.org\",\"@graph\":[{\"@type\":\"WebPage\",\"@id\":\"https:\/\/dev.tg4.ie\/ga\/eolas\/preas\/nuacht-raitis\/2025-2\/oiliuint-ghairme-sna-meain-pairtneireacht-idir-tg4-agus-udaras-na-gaeltachta\/\",\"url\":\"https:\/\/dev.tg4.ie\/ga\/eolas\/preas\/nuacht-raitis\/2025-2\/oiliuint-ghairme-sna-meain-pairtneireacht-idir-tg4-agus-udaras-na-gaeltachta\/\",\"name\":\"Oili\u00faint Ghairme sna Me\u00e1in - P\u00e1irtn\u00e9ireacht idir TG4 agus \u00dadar\u00e1s na Gaeltachta: Infheist\u00edocht \u20ac1.2m in aghaidh na bliana le d\u00e9anamh in earn\u00e1il l\u00e9iri\u00fach\u00e1in teilif\u00edse, scann\u00e1in agus me\u00e1in na Gaeilge | Preasr\u00e1iteas | TG4\",\"isPartOf\":{\"@id\":\"https:\/\/dev.tg4.ie\/en\/#website\"},\"primaryImageOfPage\":{\"@id\":\"https:\/\/dev.tg4.ie\/ga\/eolas\/preas\/nuacht-raitis\/2025-2\/oiliuint-ghairme-sna-meain-pairtneireacht-idir-tg4-agus-udaras-na-gaeltachta\/#primaryimage\"},\"image\":{\"@id\":\"https:\/\/dev.tg4.ie\/ga\/eolas\/preas\/nuacht-raitis\/2025-2\/oiliuint-ghairme-sna-meain-pairtneireacht-idir-tg4-agus-udaras-na-gaeltachta\/#primaryimage\"},\"thumbnailUrl\":\"https:\/\/dev.tg4.ie\/wp-content\/uploads\/2025\/12\/TG4_UnaG_Pairtneireacht_2025_1-1920x1080-1.jpg\",\"datePublished\":\"2025-12-03T09:59:37+00:00\",\"dateModified\":\"2025-12-03T10:03:13+00:00\",\"description\":\"Seoladh comhph\u00e1irt\u00edocht strait\u00e9iseach nua idir TG4 agus \u00dadar\u00e1s na Gaeltachta inniu i gCeann\u00e1ras TG4, comhph\u00e1irt\u00edocht a nd\u00e9anfaidh an d\u00e1 eagra\u00edocht infheist\u00edocht shubstainti\u00fail ar fi\u00fa os cionn \u20ac1.2m \u00ed in aghaidh na bliana inti idir seo agus deireadh 2028, chun oili\u00faint a chur ar dhaoine in earn\u00e1il na l\u00e9iri\u00fach\u00e1n neamhsple\u00e1ch agus an earn\u00e1il sin a fhorbairt.\",\"breadcrumb\":{\"@id\":\"https:\/\/dev.tg4.ie\/ga\/eolas\/preas\/nuacht-raitis\/2025-2\/oiliuint-ghairme-sna-meain-pairtneireacht-idir-tg4-agus-udaras-na-gaeltachta\/#breadcrumb\"},\"inLanguage\":\"ga\",\"potentialAction\":[{\"@type\":\"ReadAction\",\"target\":[\"https:\/\/dev.tg4.ie\/ga\/eolas\/preas\/nuacht-raitis\/2025-2\/oiliuint-ghairme-sna-meain-pairtneireacht-idir-tg4-agus-udaras-na-gaeltachta\/\"]}]},{\"@type\":\"ImageObject\",\"inLanguage\":\"ga\",\"@id\":\"https:\/\/dev.tg4.ie\/ga\/eolas\/preas\/nuacht-raitis\/2025-2\/oiliuint-ghairme-sna-meain-pairtneireacht-idir-tg4-agus-udaras-na-gaeltachta\/#primaryimage\",\"url\":\"https:\/\/dev.tg4.ie\/wp-content\/uploads\/2025\/12\/TG4_UnaG_Pairtneireacht_2025_1-1920x1080-1.jpg\",\"contentUrl\":\"https:\/\/dev.tg4.ie\/wp-content\/uploads\/2025\/12\/TG4_UnaG_Pairtneireacht_2025_1-1920x1080-1.jpg\"},{\"@type\":\"BreadcrumbList\",\"@id\":\"https:\/\/dev.tg4.ie\/ga\/eolas\/preas\/nuacht-raitis\/2025-2\/oiliuint-ghairme-sna-meain-pairtneireacht-idir-tg4-agus-udaras-na-gaeltachta\/#breadcrumb\",\"itemListElement\":[{\"@type\":\"ListItem\",\"position\":1,\"name\":\"Home\",\"item\":\"https:\/\/dev.tg4.ie\/ga\/\"},{\"@type\":\"ListItem\",\"position\":2,\"name\":\"Eolas\",\"item\":\"https:\/\/dev.tg4.ie\/ga\/eolas\/\"},{\"@type\":\"ListItem\",\"position\":3,\"name\":\"Preas\",\"item\":\"https:\/\/dev.tg4.ie\/ga\/eolas\/preas\/\"},{\"@type\":\"ListItem\",\"position\":4,\"name\":\"Nuacht R\u00e1itis\",\"item\":\"https:\/\/dev.tg4.ie\/ga\/eolas\/preas\/nuacht-raitis\/\"},{\"@type\":\"ListItem\",\"position\":5,\"name\":\"2025\",\"item\":\"https:\/\/dev.tg4.ie\/ga\/eolas\/preas\/nuacht-raitis\/2025-2\/\"},{\"@type\":\"ListItem\",\"position\":6,\"name\":\"Oili\u00faint Ghairme sna Me\u00e1in &#8211; P\u00e1irtn\u00e9ireacht idir TG4 agus \u00dadar\u00e1s na Gaeltachta: Infheist\u00edocht \u20ac1.2m in aghaidh na bliana le d\u00e9anamh in earn\u00e1il l\u00e9iri\u00fach\u00e1in teilif\u00edse, scann\u00e1in agus me\u00e1in na Gaeilge\"}]},{\"@type\":\"WebSite\",\"@id\":\"https:\/\/dev.tg4.ie\/en\/#website\",\"url\":\"https:\/\/dev.tg4.ie\/en\/\",\"name\":\"TG4\",\"description\":\"S\u00fail Eile\",\"potentialAction\":[{\"@type\":\"SearchAction\",\"target\":{\"@type\":\"EntryPoint\",\"urlTemplate\":\"https:\/\/dev.tg4.ie\/en\/?s={search_term_string}\"},\"query-input\":\"required name=search_term_string\"}],\"inLanguage\":\"ga\"}]}<\/script>\n<!-- \/ Yoast SEO plugin. -->","yoast_head_json":{"title":"Oili\u00faint Ghairme sna Me\u00e1in - P\u00e1irtn\u00e9ireacht idir TG4 agus \u00dadar\u00e1s na Gaeltachta: Infheist\u00edocht \u20ac1.2m in aghaidh na bliana le d\u00e9anamh in earn\u00e1il l\u00e9iri\u00fach\u00e1in teilif\u00edse, scann\u00e1in agus me\u00e1in na Gaeilge | Preasr\u00e1iteas | TG4","description":"Seoladh comhph\u00e1irt\u00edocht strait\u00e9iseach nua idir TG4 agus \u00dadar\u00e1s na Gaeltachta inniu i gCeann\u00e1ras TG4, comhph\u00e1irt\u00edocht a nd\u00e9anfaidh an d\u00e1 eagra\u00edocht infheist\u00edocht shubstainti\u00fail ar fi\u00fa os cionn \u20ac1.2m \u00ed in aghaidh na bliana inti idir seo agus deireadh 2028, chun oili\u00faint a chur ar dhaoine in earn\u00e1il na l\u00e9iri\u00fach\u00e1n neamhsple\u00e1ch agus an earn\u00e1il sin a fhorbairt.","robots":{"index":"index","follow":"follow","max-snippet":"max-snippet:-1","max-image-preview":"max-image-preview:large","max-video-preview":"max-video-preview:-1"},"og_locale":"en_US","og_type":"article","og_title":"Oili\u00faint Ghairme sna Me\u00e1in - P\u00e1irtn\u00e9ireacht idir TG4 agus \u00dadar\u00e1s na Gaeltachta: Infheist\u00edocht \u20ac1.2m in aghaidh na bliana le d\u00e9anamh in earn\u00e1il l\u00e9iri\u00fach\u00e1in teilif\u00edse, scann\u00e1in agus me\u00e1in na Gaeilge | Preasr\u00e1iteas | TG4","og_description":"Seoladh comhph\u00e1irt\u00edocht strait\u00e9iseach nua idir TG4 agus \u00dadar\u00e1s na Gaeltachta inniu i gCeann\u00e1ras TG4, comhph\u00e1irt\u00edocht a nd\u00e9anfaidh an d\u00e1 eagra\u00edocht infheist\u00edocht shubstainti\u00fail ar fi\u00fa os cionn \u20ac1.2m \u00ed in aghaidh na bliana inti idir seo agus deireadh 2028, chun oili\u00faint a chur ar dhaoine in earn\u00e1il na l\u00e9iri\u00fach\u00e1n neamhsple\u00e1ch agus an earn\u00e1il sin a fhorbairt.","og_url":"https:\/\/dev.tg4.ie\/ga\/eolas\/preas\/nuacht-raitis\/2025-2\/oiliuint-ghairme-sna-meain-pairtneireacht-idir-tg4-agus-udaras-na-gaeltachta\/","og_site_name":"TG4","article_publisher":"https:\/\/www.facebook.com\/TG4TV","article_modified_time":"2025-12-03T10:03:13+00:00","og_image":[{"url":"https:\/\/dev.tg4.ie\/wp-content\/uploads\/2025\/12\/TG4_UnaG_Pairtneireacht_2025_1-1920x1080-1.jpg"}],"twitter_card":"summary_large_image","twitter_site":"@TG4TV","twitter_misc":{"Est. reading time":"3 minutes"},"schema":{"@context":"https:\/\/schema.org","@graph":[{"@type":"WebPage","@id":"https:\/\/dev.tg4.ie\/ga\/eolas\/preas\/nuacht-raitis\/2025-2\/oiliuint-ghairme-sna-meain-pairtneireacht-idir-tg4-agus-udaras-na-gaeltachta\/","url":"https:\/\/dev.tg4.ie\/ga\/eolas\/preas\/nuacht-raitis\/2025-2\/oiliuint-ghairme-sna-meain-pairtneireacht-idir-tg4-agus-udaras-na-gaeltachta\/","name":"Oili\u00faint Ghairme sna Me\u00e1in - P\u00e1irtn\u00e9ireacht idir TG4 agus \u00dadar\u00e1s na Gaeltachta: Infheist\u00edocht \u20ac1.2m in aghaidh na bliana le d\u00e9anamh in earn\u00e1il l\u00e9iri\u00fach\u00e1in teilif\u00edse, scann\u00e1in agus me\u00e1in na Gaeilge | Preasr\u00e1iteas | TG4","isPartOf":{"@id":"https:\/\/dev.tg4.ie\/en\/#website"},"primaryImageOfPage":{"@id":"https:\/\/dev.tg4.ie\/ga\/eolas\/preas\/nuacht-raitis\/2025-2\/oiliuint-ghairme-sna-meain-pairtneireacht-idir-tg4-agus-udaras-na-gaeltachta\/#primaryimage"},"image":{"@id":"https:\/\/dev.tg4.ie\/ga\/eolas\/preas\/nuacht-raitis\/2025-2\/oiliuint-ghairme-sna-meain-pairtneireacht-idir-tg4-agus-udaras-na-gaeltachta\/#primaryimage"},"thumbnailUrl":"https:\/\/dev.tg4.ie\/wp-content\/uploads\/2025\/12\/TG4_UnaG_Pairtneireacht_2025_1-1920x1080-1.jpg","datePublished":"2025-12-03T09:59:37+00:00","dateModified":"2025-12-03T10:03:13+00:00","description":"Seoladh comhph\u00e1irt\u00edocht strait\u00e9iseach nua idir TG4 agus \u00dadar\u00e1s na Gaeltachta inniu i gCeann\u00e1ras TG4, comhph\u00e1irt\u00edocht a nd\u00e9anfaidh an d\u00e1 eagra\u00edocht infheist\u00edocht shubstainti\u00fail ar fi\u00fa os cionn \u20ac1.2m \u00ed in aghaidh na bliana inti idir seo agus deireadh 2028, chun oili\u00faint a chur ar dhaoine in earn\u00e1il na l\u00e9iri\u00fach\u00e1n neamhsple\u00e1ch agus an earn\u00e1il sin a fhorbairt.","breadcrumb":{"@id":"https:\/\/dev.tg4.ie\/ga\/eolas\/preas\/nuacht-raitis\/2025-2\/oiliuint-ghairme-sna-meain-pairtneireacht-idir-tg4-agus-udaras-na-gaeltachta\/#breadcrumb"},"inLanguage":"ga","potentialAction":[{"@type":"ReadAction","target":["https:\/\/dev.tg4.ie\/ga\/eolas\/preas\/nuacht-raitis\/2025-2\/oiliuint-ghairme-sna-meain-pairtneireacht-idir-tg4-agus-udaras-na-gaeltachta\/"]}]},{"@type":"ImageObject","inLanguage":"ga","@id":"https:\/\/dev.tg4.ie\/ga\/eolas\/preas\/nuacht-raitis\/2025-2\/oiliuint-ghairme-sna-meain-pairtneireacht-idir-tg4-agus-udaras-na-gaeltachta\/#primaryimage","url":"https:\/\/dev.tg4.ie\/wp-content\/uploads\/2025\/12\/TG4_UnaG_Pairtneireacht_2025_1-1920x1080-1.jpg","contentUrl":"https:\/\/dev.tg4.ie\/wp-content\/uploads\/2025\/12\/TG4_UnaG_Pairtneireacht_2025_1-1920x1080-1.jpg"},{"@type":"BreadcrumbList","@id":"https:\/\/dev.tg4.ie\/ga\/eolas\/preas\/nuacht-raitis\/2025-2\/oiliuint-ghairme-sna-meain-pairtneireacht-idir-tg4-agus-udaras-na-gaeltachta\/#breadcrumb","itemListElement":[{"@type":"ListItem","position":1,"name":"Home","item":"https:\/\/dev.tg4.ie\/ga\/"},{"@type":"ListItem","position":2,"name":"Eolas","item":"https:\/\/dev.tg4.ie\/ga\/eolas\/"},{"@type":"ListItem","position":3,"name":"Preas","item":"https:\/\/dev.tg4.ie\/ga\/eolas\/preas\/"},{"@type":"ListItem","position":4,"name":"Nuacht R\u00e1itis","item":"https:\/\/dev.tg4.ie\/ga\/eolas\/preas\/nuacht-raitis\/"},{"@type":"ListItem","position":5,"name":"2025","item":"https:\/\/dev.tg4.ie\/ga\/eolas\/preas\/nuacht-raitis\/2025-2\/"},{"@type":"ListItem","position":6,"name":"Oili\u00faint Ghairme sna Me\u00e1in &#8211; P\u00e1irtn\u00e9ireacht idir TG4 agus \u00dadar\u00e1s na Gaeltachta: Infheist\u00edocht \u20ac1.2m in aghaidh na bliana le d\u00e9anamh in earn\u00e1il l\u00e9iri\u00fach\u00e1in teilif\u00edse, scann\u00e1in agus me\u00e1in na Gaeilge"}]},{"@type":"WebSite","@id":"https:\/\/dev.tg4.ie\/en\/#website","url":"https:\/\/dev.tg4.ie\/en\/","name":"TG4","description":"S\u00fail Eile","potentialAction":[{"@type":"SearchAction","target":{"@type":"EntryPoint","urlTemplate":"https:\/\/dev.tg4.ie\/en\/?s={search_term_string}"},"query-input":"required name=search_term_string"}],"inLanguage":"ga"}]}},"_links":{"self":[{"href":"https:\/\/dev.tg4.ie\/ga\/wp-json\/wp\/v2\/pages\/248197"}],"collection":[{"href":"https:\/\/dev.tg4.ie\/ga\/wp-json\/wp\/v2\/pages"}],"about":[{"href":"https:\/\/dev.tg4.ie\/ga\/wp-json\/wp\/v2\/types\/page"}],"author":[{"embeddable":true,"href":"https:\/\/dev.tg4.ie\/ga\/wp-json\/wp\/v2\/users\/876"}],"replies":[{"embeddable":true,"href":"https:\/\/dev.tg4.ie\/ga\/wp-json\/wp\/v2\/comments?post=248197"}],"version-history":[{"count":0,"href":"https:\/\/dev.tg4.ie\/ga\/wp-json\/wp\/v2\/pages\/248197\/revisions"}],"up":[{"embeddable":true,"href":"https:\/\/dev.tg4.ie\/ga\/wp-json\/wp\/v2\/pages\/236807"}],"wp:attachment":[{"href":"https:\/\/dev.tg4.ie\/ga\/wp-json\/wp\/v2\/media?parent=248197"}],"curies":[{"name":"wp","href":"https:\/\/api.w.org\/{rel}","templated":true}]}}