{"id":248268,"date":"2025-12-05T13:11:56","date_gmt":"2025-12-05T13:11:56","guid":{"rendered":"https:\/\/dev.tg4.ie\/?page_id=248268"},"modified":"2025-12-05T13:11:56","modified_gmt":"2025-12-05T13:11:56","slug":"deich-mbliana-dathru-o-bhonn-agus-dathru-soisialta-faoi-chaibidil-i-gclar-faisneise-nua-ar-tg4","status":"publish","type":"page","link":"https:\/\/dev.tg4.ie\/ga\/eolas\/preas\/nuacht-raitis\/2025-2\/deich-mbliana-dathru-o-bhonn-agus-dathru-soisialta-faoi-chaibidil-i-gclar-faisneise-nua-ar-tg4\/","title":{"rendered":"Deich mBliana d\u2019Athr\u00fa \u00f3 Bhonn agus d\u2019Athr\u00fa S\u00f3isialta faoi chaibidil i gCl\u00e1r Faisn\u00e9ise Nua ar TG4"},"content":{"rendered":"<p><center>T\u00e1 dh\u00e1 leagan den chl\u00e1r ann:<\/center>Taispe\u00e1nfar den ch\u00e9ad uair \u00e9 ag 19:45 D\u00e9 Luain an 22 Nollaig le Teanga Chomhartha\u00edochta na h\u00c9ireann (ISL) agus Tr\u00e1chtaireacht Fuaime ar TG4 agus ar fud an domhain ar TG4.ie<\/p>\n<p>Taispe\u00e1nfar den ch\u00e9ad uair \u00e9 ag 21:00 D\u00e9 M\u00e1irt an 30 Nollaig le Fotheidil Bh\u00e9arla agus Tr\u00e1chtaireacht Fuaime ar TG4 agus ar fud an domhain ar TG4.ie<\/center><br \/>\n&nbsp;<br \/>\n<img loading=\"lazy\" decoding=\"async\" width=\"1920\" height=\"1080\" src=\"https:\/\/tg4-docs.s3.amazonaws.com\/wp-content\/uploads\/2025\/12\/05131129\/GAA_70s-Reabhloid_Shoisialta_1-1920x1080-1.jpg\" alt=\"\" class=\"aligncenter size-full wp-image-248269\" srcset=\"https:\/\/tg4-docs.s3.amazonaws.com\/wp-content\/uploads\/2025\/12\/05131129\/GAA_70s-Reabhloid_Shoisialta_1-1920x1080-1.jpg 1920w, https:\/\/tg4-docs.s3.amazonaws.com\/wp-content\/uploads\/2025\/12\/05131129\/GAA_70s-Reabhloid_Shoisialta_1-1920x1080-1-250x141.jpg 250w, https:\/\/tg4-docs.s3.amazonaws.com\/wp-content\/uploads\/2025\/12\/05131129\/GAA_70s-Reabhloid_Shoisialta_1-1920x1080-1-700x394.jpg 700w, https:\/\/tg4-docs.s3.amazonaws.com\/wp-content\/uploads\/2025\/12\/05131129\/GAA_70s-Reabhloid_Shoisialta_1-1920x1080-1-252x141.jpg 252w, https:\/\/tg4-docs.s3.amazonaws.com\/wp-content\/uploads\/2025\/12\/05131129\/GAA_70s-Reabhloid_Shoisialta_1-1920x1080-1-1536x864.jpg 1536w, https:\/\/tg4-docs.s3.amazonaws.com\/wp-content\/uploads\/2025\/12\/05131129\/GAA_70s-Reabhloid_Shoisialta_1-1920x1080-1-120x68.jpg 120w\" sizes=\"(max-width: 1920px) 100vw, 1920px\" \/><br \/>\n&nbsp;<br \/>\n<iframe loading=\"lazy\" title=\"YouTube video player\" src=\"https:\/\/www.youtube.com\/embed\/6lAqfKZ3vSo?si=dIiciN1mJrQMc-YC\" width=\"560\" height=\"315\" frameborder=\"0\" allowfullscreen=\"allowfullscreen\"><\/iframe><br \/>\n&nbsp;<br \/>\nIs c\u00fais mh\u00f3rtais do TG4 \u00e9<span>\u00a0<\/span><strong><span>GAA 70\u2019s \u2013 R\u00e9abhl\u00f3id Sh\u00f3isialta<\/span><\/strong><span>\u00a0<\/span>(<em><span>GAA 70\u2019s \u2013 A Social Revolution<\/span><\/em>) a chur i l\u00e1thair, cl\u00e1r faisn\u00e9ise fada ceili\u00fartha, dh\u00e1theangach, nua as an bp\u00edosa, ina dtugtar spiorad ceann de na r\u00e9anna ba shonra\u00ed sna Cluich\u00ed Gaelacha agus i socha\u00ed na h\u00c9ireann chun cuimhne. T\u00e1 cuma fh\u00edor\u00e1lainn ar an scann\u00e1n, a taifeadadh i 4K, a l\u00e9irigh<span>\u00a0<\/span><strong><span>Bankos Tales<\/span><\/strong><span>\u00a0<\/span>do TG4 le taca\u00edocht \u00f3<span>\u00a0<\/span><strong><span>Choimisi\u00fan na Me\u00e1n<\/span><\/strong>. Tabharfar l\u00e9argas nach bhfuarthas riamh cheana ar na daoine a bhfuil cl\u00fa agus c\u00e1il orthu as na deich mbliana \u00f3rga sin sa Pheil Ghaelach a mh\u00fanl\u00fa.<br \/>\nSa chl\u00e1r faisn\u00e9ise cineamatach seo, at\u00e1 l\u00e1n-mhoth\u00fach\u00e1nach, tiocfaidh roinnt de na peilead\u00f3ir\u00ed ab fhearr riamh<span>\u00a0<\/span><strong><span>Bhaile \u00c1tha Cliath, na Gaillimhe<\/span><\/strong><span>\u00a0<\/span>agus<span>\u00a0<\/span><strong><span>Chiarra\u00ed<\/span><\/strong><span>\u00a0<\/span>le ch\u00e9ile ar\u00eds i ndathanna a gcontae f\u00e9in chun machnamh a dh\u00e9anamh ar a gcairdeas, ar an gcoimhlint agus ar an aistear go P\u00e1irc an Chr\u00f3caigh. F\u00edtear sc\u00e9al lean\u00fanach bunaithe ar agallaimh dh\u00fathphearsanta sa chl\u00e1r seo le m\u00edreanna scann\u00e1na\u00edochta \u00f3n gcartlann nach bhfeictear go minic, athl\u00e9irithe agus tr\u00e1thanna cinni\u00fanacha i gcluich\u00ed at\u00e1 fanta i gcuimhne na ndaoine.<\/p>\n<p>Tagann sc\u00e9alta n\u00e1r ins\u00edodh riamh cheana chun cinn in \u00e1iteanna ar n\u00f3s ghalfch\u00farsa na Gaillimhe le muintir Bhaile \u00c1tha Cliath agus muintir Chathair na dTreabh ag seanchas gar do Chuan \u00e1lainn na Gaillimhe; agus ar Mh\u00f3rchuaird Chiarra\u00ed, beidh peilead\u00f3ir\u00ed m\u00f3r le r\u00e1 \u00f3n R\u00edocht agus \u00f3n Ardchathair ag cur is ag c\u00faiteamh faoin r\u00e9 a mh\u00fanlaigh CLG an lae inniu.<\/p>\n<p><strong><span>\u00a0 \u00a0 \u00a0 \u00a0 \u00a0 \u00a0 \u00a0 \u00a0 \u00a0 \u00a0 \u00a0 \u00a0 \u00a0 \u00a0 \u00a0 \u00a0 \u00a0 \u00a0 \u00a0 Tommy Joe Gilmore (Gaillimh):<\/span><\/strong><span>\u00a0<\/span>\u201c\u00c9acht ollmh\u00f3r a bh\u00ed i gceapach\u00e1n Kevin Heffernan.\u201d<br \/>\n<strong><span>\u00a0 \u00a0 \u00a0 \u00a0 \u00a0 \u00a0 \u00a0 \u00a0 \u00a0 \u00a0 \u00a0 \u00a0 \u00a0 \u00a0 \u00a0 \u00a0 \u00a0 \u00a0 \u00a0 Johnny Hughes (Gaillimh):<\/span><\/strong><span>\u00a0<\/span>\u201cGo hamaideach rinneamar bot\u00fan, soineantacht a bh\u00ed ann \u00f3 thaobh sin againne de.\u201d<br \/>\n<strong><span>\u00a0 \u00a0 \u00a0 \u00a0 \u00a0 \u00a0 \u00a0 \u00a0 \u00a0 \u00a0 \u00a0 \u00a0 \u00a0 \u00a0 \u00a0 \u00a0 \u00a0 \u00a0 \u00a0 Pat Spillane (Ciarra\u00ed):<\/span><\/strong><span>\u00a0<\/span>\u201cTh\u00e1inig Micko isteach agus l\u00e9imeamar ar an gcairp\u00e9ad dra\u00edochta in \u00e9ineacht leis agus thug s\u00e9 ar thuras dra\u00edochta sinn.\u201d<\/p>\n<p>Tugtar comhth\u00e9acs sa chl\u00e1r faisn\u00e9ise seo ar theacht chun cinn na Peile Gaela\u00ed tr\u00e1th a raibh athruithe s\u00f3isialta n\u00edos leithne ag tarl\u00fa in \u00c9irinn sna 1970\u00ed. Tr\u00edna l\u00e9argas ar leith f\u00e9in, tabharfaidh na rannph\u00e1irtithe chun cuimhne an bealach a ndeachaigh an tr\u00e9imhse athraithe cult\u00fair agus s\u00f3isialta seo i gcion ar an sp\u00f3rt, agus ar an t\u00edr.<\/p>\n<p><strong><span>\u00a0 \u00a0 \u00a0 \u00a0 \u00a0 \u00a0 \u00a0 \u00a0 \u00a0 \u00a0 \u00a0 \u00a0 \u00a0 \u00a0 \u00a0 \u00a0 \u00a0 \u00a0 \u00a0 \u00a0Mickey Ned O\u2019Sullivan (captaen Chiarra\u00ed, 1975):<\/span><\/strong><span>\u00a0<\/span>\u201cD\u2019athraigh 1974 an uile n\u00ed.\u201d<br \/>\n<strong><span>\u00a0 \u00a0 \u00a0 \u00a0 \u00a0 \u00a0 \u00a0 \u00a0 \u00a0 \u00a0 \u00a0 \u00a0 \u00a0 \u00a0 \u00a0 \u00a0 \u00a0 \u00a0 \u00a0 \u00a0Martin \u2018Major\u2019 Joyce (CLG Ghaeil Naomh Criost\u00f3ir):<\/span><\/strong><span>\u00a0<\/span>\u201cIs do Kevin Heffernan at\u00e1 an bu\u00edochas go l\u00e9ir ag dul, rinne s\u00e9 an t-uaf\u00e1s agus chothaigh s\u00e9 go leor inspior\u00e1ide, n\u00ed hamh\u00e1in sa lucht si\u00fail ach i ndaoine socraithe \u00a0 \u00a0 \u00a0 \u00a0 \u00a0 \u00a0 \u00a0 \u00a0 \u00a0 \u00a0 \u00a0 \u00a0 \u00a0 \u00a0 \u00a0 \u00a0 \u00a0 \u00a0 \u00a0 \u00a0 \u00a0 \u00a0 freisin.\u201d<br \/>\n<strong><span>\u00a0 \u00a0 \u00a0 \u00a0 \u00a0 \u00a0 \u00a0 \u00a0 \u00a0 \u00a0 \u00a0 \u00a0 \u00a0 \u00a0 \u00a0 \u00a0 \u00a0 \u00a0 \u00a0 \u00a0Roy Curtis (iriseoir):<\/span><\/strong><span>\u00a0<\/span>\u201cN\u00ed r\u00e9abhl\u00f3id chult\u00fair amh\u00e1in a bh\u00ed i gceist; ba r\u00e9abhl\u00f3id shocheola\u00edoch a bh\u00ed i gceist freisin.\u201d<\/p>\n<p>Tugtar cuairt ar\u00eds ar l\u00e1ithreacha stairi\u00fala lena n-\u00e1ir\u00edtear<strong><span>\u00a0P\u00e1irc an Chr\u00f3caigh, P\u00e1irc Parnell<\/span><\/strong>,<span>\u00a0<\/span><strong><span>Scoil Mhuire Marino<\/span><\/strong>, agus<span>\u00a0<\/span><strong><span>Cumann Naomh Eoin Baile an tSaoir<\/span><\/strong>, ceann den iliomad clubanna a d\u2019eascair as athbheochan sp\u00f3irt na 70\u00ed.<\/p>\n<p>Le linn cheili\u00faradh cuimhneach\u00e1in 1974, tharla rud \u00e9igin nach raibh s\u00fail ar bith leis: Tarraing\u00edodh Baile \u00c1tha Cliath le Gaillimh i gcluiche ceathr\u00fa ceannais Chraobhchom\u00f3rtas 2024. Agus an d\u00e1 fhoireann ag f\u00e9achaint ar an gcluiche le ch\u00e9ile, d\u2019\u00e9irigh le fir na dTreabh \u00e9acht nach raibh d\u00e9anta acu le 90 bliain cheana a dh\u00e9anamh.<\/p>\n<p><strong><span>\u00a0 \u00a0 \u00a0 \u00a0 \u00a0 \u00a0 \u00a0 \u00a0 \u00a0 \u00a0 \u00a0 \u00a0 \u00a0 \u00a0 \u00a0 \u00a0 \u00a0 \u00a0 \u00a0 David Hickey (Baile \u00c1tha Cliath):<\/span><\/strong><span>\u00a0<\/span>\u201cBa \u00ed foireann na Gaillimhe sin \u00f3 na 70\u00ed an fhoireann ab fhearr riamh is d\u00f3igh n\u00e1r \u00e9irigh leo Cluiche Ceannais na h\u00c9ireann a thabhairt leo.\u201d<br \/>\n<strong><span>\u00a0 \u00a0 \u00a0 \u00a0 \u00a0 \u00a0 \u00a0 \u00a0 \u00a0 \u00a0 \u00a0 \u00a0 \u00a0 \u00a0 \u00a0 \u00a0 \u00a0 \u00a0 \u00a0Jimmy Deenihan (Ciarra\u00ed):<\/span><\/strong><span>\u00a0<\/span>\u201cBh\u00ed \u2018Heffo\u2019 ag ard\u00fa an chaighde\u00e1in agus bh\u00ed Ciarra\u00ed ag freagairt.\u201d<br \/>\n<strong><span>\u00a0 \u00a0 \u00a0 \u00a0 \u00a0 \u00a0 \u00a0 \u00a0 \u00a0 \u00a0 \u00a0 \u00a0 \u00a0 \u00a0 \u00a0 \u00a0 \u00a0 \u00a0 \u00a0Jimmy Barry Murphy (Corcaigh):<\/span><\/strong><span>\u00a0<\/span>\u201cBh\u00ed s\u00e9 ar cheann de na coimhlint\u00ed ba mh\u00f3 riamh a th\u00e1inig chun cinn sa sp\u00f3rt in \u00c9irinn.\u201d<\/p>\n<p>Cr\u00edochna\u00edonn an cl\u00e1r faisn\u00e9ise leis an gcoimhlint spreag\u00fail \u00a0sin idir Baile \u00c1tha Cliath agus Ciarra\u00ed a bhfuil \u201can-t\u00f3ir go deo uirthi,\u201d a dh\u00e9anann ceili\u00faradh ar an iubhaile \u00f3rga agus a thugann \u00f3m\u00f3s ag an am c\u00e9anna do chomr\u00e1daithe nach bhfuil linn n\u00edos m\u00f3.<\/p>\n<p><strong><span>\u00a0 \u00a0 \u00a0 \u00a0 \u00a0 \u00a0 \u00a0 \u00a0 \u00a0 \u00a0 \u00a0 \u00a0 \u00a0 \u00a0 \u00a0 \u00a0 \u00a0 \u00a0 \u00a0 Kevin Moran (Iar-Imreoir le foireann idirn\u00e1isi\u00fanta sacair na h\u00c9ireann agus le Foireann Peile Bhaile \u00c1tha Cliath).<\/span><\/strong><span>\u00a0<\/span>\u201cCreid uaimse \u00e9 n\u00ed raibh aon ghean acu ar a ch\u00e9ile ar an bp\u00e1irc\u2026n\u00ed raibh m\u00f3r\u00e1n muintearais ach<\/p>\n<p>an oiread.\u201d<br \/>\n<strong><span>\u00a0 \u00a0 \u00a0 \u00a0 \u00a0 \u00a0 \u00a0 \u00a0 \u00a0 \u00a0 \u00a0 \u00a0 \u00a0 \u00a0 \u00a0 \u00a0 \u00a0 \u00a0 \u00a0 Jarlath Burns (Uachtar\u00e1n CLG):<\/span><\/strong><span>\u00a0<\/span>\u201cMar buachaill\u00edn \u00f3g ag f\u00e1s an\u00edos i nDeisceart Ard Mhacha, ba \u00ed an choimhlint bun agus barr m\u2019\u00f3ige.\u201d<\/p>\n<p>Is cl\u00e1r faisn\u00e9ise \u00e9 GAA 70\u2019s \u2013 R\u00e9abhl\u00f3id Sh\u00f3isialta don uile dhuine, d\u00f3ibh si\u00fad a bh\u00ed beo sna deich mbliana sin agus d\u00f3ibh si\u00fad at\u00e1 ag foghlaim faoi stair na r\u00e9 sin den ch\u00e9ad uair. Caitear s\u00fail siar ar bhun\u00fas na gCluich\u00ed Gaelacha nua-aimseartha, ar chuir chuige nua a cheapadh, na ceangail sh\u00f3isialta a buna\u00edodh tr\u00edd an bpeil agus ar an oidhreacht at\u00e1 f\u00f3s ag spreagadh gl\u00fanta nua \u00ed a imirt.<\/p>\n<p><strong><span>\u00a0 \u00a0 \u00a0 \u00a0 \u00a0 \u00a0 \u00a0 \u00a0 \u00a0 \u00a0 \u00a0 \u00a0 \u00a0 \u00a0 \u00a0 \u00a0 \u00a0 \u00a0 \u00a0Alan Milton (CLG):<\/span><\/strong><span>\u00a0<\/span>\u201cT\u00e1im den tuairim gur thug an r\u00e9 muin\u00edn agus teannt\u00e1s don chumann le triail a bhaint as ruda\u00ed nua agus bogadh chun cinn ar bheala\u00ed nach dtarl\u00f3dh go deo murach an r\u00e9 sin.\u201d<\/p>\n<p>Tarraing\u00edtear aird freisin sa scann\u00e1n ar<span>\u00a0<\/span><strong><span>ch\u00e9ad Chluiche Ceannais cinni\u00fanach Uile-\u00c9ireann na mBan in 1974<\/span><\/strong><span>\u00a0<\/span>mar aon le comhth\u00e9acs r\u00edth\u00e1bhachtach a thabhairt ar theacht chun cinn sp\u00f3rt na mban in \u00c9irinn.<\/p>\n<p><strong><span>\u00a0 \u00a0 \u00a0 \u00a0 \u00a0 \u00a0 \u00a0 \u00a0 \u00a0 \u00a0 \u00a0 \u00a0 \u00a0 \u00a0 \u00a0 \u00a0 \u00a0 \u00a0 Paul Rouse (stara\u00ed):<\/span><\/strong><span>\u00a0<\/span>\u201cBh\u00ed fear ag si\u00fal ar an ngealach sula raibh cead faighte ag na mn\u00e1 peil a imirt i bP\u00e1irc an Chr\u00f3caigh.\u201d<\/p>\n<p>T\u00e1 gr\u00fapa m\u00f3r d\u2019imreoir\u00ed m\u00f3r le r\u00e1 agus daoine a d\u2019imir tionchar p\u00e1irteach sa chl\u00e1r faisn\u00e9ise seo lena n-\u00e1ir\u00edtear:<\/p>\n<p><strong><span>Baile \u00c1tha Cliath:<\/span><\/strong><span>\u00a0<\/span>Tony Hanahoe, Robbie Kelleher, Bobby Doyle, Gay O\u2019Driscoll, Alan Larkin<br \/>\n<strong><span>Gaillimh:<\/span><\/strong><span>\u00a0<\/span>Colie McDonagh, Brendan Colleran, Liam Sammon, Jimmie Duggan<br \/>\n<strong><span>Ciarra\u00ed:<\/span><\/strong><span>\u00a0<\/span>Ogie Moran, Mickey Sheehy, Ger Power, Se\u00e1nie O\u2019Shea (at\u00e1 ag imirt do Chiarra\u00ed faoi l\u00e1thair)<br \/>\n<strong><span>Corcaigh:<\/span><\/strong><span>\u00a0<\/span>Jimmy Barry Murphy<\/p>\n<p>\u00c1ir\u00edtear sa scann\u00e1n freisin<span>\u00a0<\/span><strong><span>an t-agallamh deiridh a ndearnadh taifeadadh air le<\/span><\/strong><span>\u00a0<\/span><strong><span>Se\u00e1n Doherty<\/span><\/strong><span>\u00a0<\/span>agus<span>\u00a0<\/span><strong><span>p\u00edosa scann\u00e1na\u00edochta le Brian Mullins nach bhfacthas<\/span><\/strong><span>\u00a0<\/span>riamh cheana.<\/p>\n<p>&nbsp;<\/p>\n","protected":false},"excerpt":{"rendered":"<p>T\u00e1 dh\u00e1 leagan den chl\u00e1r ann:Taispe\u00e1nfar den ch\u00e9ad uair \u00e9 ag 19:45 D\u00e9 Luain an 22 Nollaig le Teanga Chomhartha\u00edochta na h\u00c9ireann (ISL) agus Tr\u00e1chtaireacht Fuaime ar TG4 agus ar fud an domhain ar TG4.ie Taispe\u00e1nfar den ch\u00e9ad uair \u00e9 ag 21:00 D\u00e9 M\u00e1irt an 30 Nollaig le Fotheidil Bh\u00e9arla agus Tr\u00e1chtaireacht Fuaime ar TG4 [&hellip;]<\/p>\n","protected":false},"author":876,"featured_media":0,"parent":236807,"menu_order":74,"comment_status":"closed","ping_status":"closed","template":"page-templates\/template-pr.php","meta":{"_acf_changed":false,"footnotes":""},"acf":[],"yoast_head":"<!-- This site is optimized with the Yoast SEO plugin v22.6 - https:\/\/yoast.com\/wordpress\/plugins\/seo\/ -->\n<title>Deich mBliana d\u2019Athr\u00fa \u00f3 Bhonn agus d\u2019Athr\u00fa S\u00f3isialta faoi chaibidil i gCl\u00e1r Faisn\u00e9ise Nua ar TG4 | Preasr\u00e1iteas | TG4<\/title>\n<meta name=\"description\" content=\"Is c\u00fais mh\u00f3rtais do TG4 \u00e9 GAA 70\u2019s \u2013 R\u00e9abhl\u00f3id Sh\u00f3isialta (GAA 70\u2019s \u2013 A Social Revolution) a chur i l\u00e1thair, cl\u00e1r faisn\u00e9ise fada ceili\u00fartha, dh\u00e1theangach, nua as an bp\u00edosa, ina dtugtar spiorad ceann de na r\u00e9anna ba shonra\u00ed sna Cluich\u00ed Gaelacha agus i socha\u00ed na h\u00c9ireann chun cuimhne.\" \/>\n<meta name=\"robots\" content=\"index, follow, max-snippet:-1, max-image-preview:large, max-video-preview:-1\" \/>\n<meta property=\"og:locale\" content=\"en_US\" \/>\n<meta property=\"og:type\" content=\"article\" \/>\n<meta property=\"og:title\" content=\"Deich mBliana d\u2019Athr\u00fa \u00f3 Bhonn agus d\u2019Athr\u00fa S\u00f3isialta faoi chaibidil i gCl\u00e1r Faisn\u00e9ise Nua ar TG4 | Preasr\u00e1iteas | TG4\" \/>\n<meta property=\"og:description\" content=\"Is c\u00fais mh\u00f3rtais do TG4 \u00e9 GAA 70\u2019s \u2013 R\u00e9abhl\u00f3id Sh\u00f3isialta (GAA 70\u2019s \u2013 A Social Revolution) a chur i l\u00e1thair, cl\u00e1r faisn\u00e9ise fada ceili\u00fartha, dh\u00e1theangach, nua as an bp\u00edosa, ina dtugtar spiorad ceann de na r\u00e9anna ba shonra\u00ed sna Cluich\u00ed Gaelacha agus i socha\u00ed na h\u00c9ireann chun cuimhne.\" \/>\n<meta property=\"og:url\" content=\"https:\/\/dev.tg4.ie\/ga\/eolas\/preas\/nuacht-raitis\/2025-2\/deich-mbliana-dathru-o-bhonn-agus-dathru-soisialta-faoi-chaibidil-i-gclar-faisneise-nua-ar-tg4\/\" \/>\n<meta property=\"og:site_name\" content=\"TG4\" \/>\n<meta property=\"article:publisher\" content=\"https:\/\/www.facebook.com\/TG4TV\" \/>\n<meta property=\"og:image\" content=\"https:\/\/dev.tg4.ie\/wp-content\/uploads\/2025\/12\/GAA_70s-Reabhloid_Shoisialta_1-1920x1080-1.jpg\" \/>\n<meta name=\"twitter:card\" content=\"summary_large_image\" \/>\n<meta name=\"twitter:site\" content=\"@TG4TV\" \/>\n<meta name=\"twitter:label1\" content=\"Est. reading time\" \/>\n\t<meta name=\"twitter:data1\" content=\"5 minutes\" \/>\n<script type=\"application\/ld+json\" class=\"yoast-schema-graph\">{\"@context\":\"https:\/\/schema.org\",\"@graph\":[{\"@type\":\"WebPage\",\"@id\":\"https:\/\/dev.tg4.ie\/ga\/eolas\/preas\/nuacht-raitis\/2025-2\/deich-mbliana-dathru-o-bhonn-agus-dathru-soisialta-faoi-chaibidil-i-gclar-faisneise-nua-ar-tg4\/\",\"url\":\"https:\/\/dev.tg4.ie\/ga\/eolas\/preas\/nuacht-raitis\/2025-2\/deich-mbliana-dathru-o-bhonn-agus-dathru-soisialta-faoi-chaibidil-i-gclar-faisneise-nua-ar-tg4\/\",\"name\":\"Deich mBliana d\u2019Athr\u00fa \u00f3 Bhonn agus d\u2019Athr\u00fa S\u00f3isialta faoi chaibidil i gCl\u00e1r Faisn\u00e9ise Nua ar TG4 | Preasr\u00e1iteas | TG4\",\"isPartOf\":{\"@id\":\"https:\/\/dev.tg4.ie\/en\/#website\"},\"primaryImageOfPage\":{\"@id\":\"https:\/\/dev.tg4.ie\/ga\/eolas\/preas\/nuacht-raitis\/2025-2\/deich-mbliana-dathru-o-bhonn-agus-dathru-soisialta-faoi-chaibidil-i-gclar-faisneise-nua-ar-tg4\/#primaryimage\"},\"image\":{\"@id\":\"https:\/\/dev.tg4.ie\/ga\/eolas\/preas\/nuacht-raitis\/2025-2\/deich-mbliana-dathru-o-bhonn-agus-dathru-soisialta-faoi-chaibidil-i-gclar-faisneise-nua-ar-tg4\/#primaryimage\"},\"thumbnailUrl\":\"https:\/\/dev.tg4.ie\/wp-content\/uploads\/2025\/12\/GAA_70s-Reabhloid_Shoisialta_1-1920x1080-1.jpg\",\"datePublished\":\"2025-12-05T13:11:56+00:00\",\"dateModified\":\"2025-12-05T13:11:56+00:00\",\"description\":\"Is c\u00fais mh\u00f3rtais do TG4 \u00e9 GAA 70\u2019s \u2013 R\u00e9abhl\u00f3id Sh\u00f3isialta (GAA 70\u2019s \u2013 A Social Revolution) a chur i l\u00e1thair, cl\u00e1r faisn\u00e9ise fada ceili\u00fartha, dh\u00e1theangach, nua as an bp\u00edosa, ina dtugtar spiorad ceann de na r\u00e9anna ba shonra\u00ed sna Cluich\u00ed Gaelacha agus i socha\u00ed na h\u00c9ireann chun cuimhne.\",\"breadcrumb\":{\"@id\":\"https:\/\/dev.tg4.ie\/ga\/eolas\/preas\/nuacht-raitis\/2025-2\/deich-mbliana-dathru-o-bhonn-agus-dathru-soisialta-faoi-chaibidil-i-gclar-faisneise-nua-ar-tg4\/#breadcrumb\"},\"inLanguage\":\"ga\",\"potentialAction\":[{\"@type\":\"ReadAction\",\"target\":[\"https:\/\/dev.tg4.ie\/ga\/eolas\/preas\/nuacht-raitis\/2025-2\/deich-mbliana-dathru-o-bhonn-agus-dathru-soisialta-faoi-chaibidil-i-gclar-faisneise-nua-ar-tg4\/\"]}]},{\"@type\":\"ImageObject\",\"inLanguage\":\"ga\",\"@id\":\"https:\/\/dev.tg4.ie\/ga\/eolas\/preas\/nuacht-raitis\/2025-2\/deich-mbliana-dathru-o-bhonn-agus-dathru-soisialta-faoi-chaibidil-i-gclar-faisneise-nua-ar-tg4\/#primaryimage\",\"url\":\"https:\/\/dev.tg4.ie\/wp-content\/uploads\/2025\/12\/GAA_70s-Reabhloid_Shoisialta_1-1920x1080-1.jpg\",\"contentUrl\":\"https:\/\/dev.tg4.ie\/wp-content\/uploads\/2025\/12\/GAA_70s-Reabhloid_Shoisialta_1-1920x1080-1.jpg\"},{\"@type\":\"BreadcrumbList\",\"@id\":\"https:\/\/dev.tg4.ie\/ga\/eolas\/preas\/nuacht-raitis\/2025-2\/deich-mbliana-dathru-o-bhonn-agus-dathru-soisialta-faoi-chaibidil-i-gclar-faisneise-nua-ar-tg4\/#breadcrumb\",\"itemListElement\":[{\"@type\":\"ListItem\",\"position\":1,\"name\":\"Home\",\"item\":\"https:\/\/dev.tg4.ie\/ga\/\"},{\"@type\":\"ListItem\",\"position\":2,\"name\":\"Eolas\",\"item\":\"https:\/\/dev.tg4.ie\/ga\/eolas\/\"},{\"@type\":\"ListItem\",\"position\":3,\"name\":\"Preas\",\"item\":\"https:\/\/dev.tg4.ie\/ga\/eolas\/preas\/\"},{\"@type\":\"ListItem\",\"position\":4,\"name\":\"Nuacht R\u00e1itis\",\"item\":\"https:\/\/dev.tg4.ie\/ga\/eolas\/preas\/nuacht-raitis\/\"},{\"@type\":\"ListItem\",\"position\":5,\"name\":\"2025\",\"item\":\"https:\/\/dev.tg4.ie\/ga\/eolas\/preas\/nuacht-raitis\/2025-2\/\"},{\"@type\":\"ListItem\",\"position\":6,\"name\":\"Deich mBliana d\u2019Athr\u00fa \u00f3 Bhonn agus d\u2019Athr\u00fa S\u00f3isialta faoi chaibidil i gCl\u00e1r Faisn\u00e9ise Nua ar TG4\"}]},{\"@type\":\"WebSite\",\"@id\":\"https:\/\/dev.tg4.ie\/en\/#website\",\"url\":\"https:\/\/dev.tg4.ie\/en\/\",\"name\":\"TG4\",\"description\":\"S\u00fail Eile\",\"potentialAction\":[{\"@type\":\"SearchAction\",\"target\":{\"@type\":\"EntryPoint\",\"urlTemplate\":\"https:\/\/dev.tg4.ie\/en\/?s={search_term_string}\"},\"query-input\":\"required name=search_term_string\"}],\"inLanguage\":\"ga\"}]}<\/script>\n<!-- \/ Yoast SEO plugin. -->","yoast_head_json":{"title":"Deich mBliana d\u2019Athr\u00fa \u00f3 Bhonn agus d\u2019Athr\u00fa S\u00f3isialta faoi chaibidil i gCl\u00e1r Faisn\u00e9ise Nua ar TG4 | Preasr\u00e1iteas | TG4","description":"Is c\u00fais mh\u00f3rtais do TG4 \u00e9 GAA 70\u2019s \u2013 R\u00e9abhl\u00f3id Sh\u00f3isialta (GAA 70\u2019s \u2013 A Social Revolution) a chur i l\u00e1thair, cl\u00e1r faisn\u00e9ise fada ceili\u00fartha, dh\u00e1theangach, nua as an bp\u00edosa, ina dtugtar spiorad ceann de na r\u00e9anna ba shonra\u00ed sna Cluich\u00ed Gaelacha agus i socha\u00ed na h\u00c9ireann chun cuimhne.","robots":{"index":"index","follow":"follow","max-snippet":"max-snippet:-1","max-image-preview":"max-image-preview:large","max-video-preview":"max-video-preview:-1"},"og_locale":"en_US","og_type":"article","og_title":"Deich mBliana d\u2019Athr\u00fa \u00f3 Bhonn agus d\u2019Athr\u00fa S\u00f3isialta faoi chaibidil i gCl\u00e1r Faisn\u00e9ise Nua ar TG4 | Preasr\u00e1iteas | TG4","og_description":"Is c\u00fais mh\u00f3rtais do TG4 \u00e9 GAA 70\u2019s \u2013 R\u00e9abhl\u00f3id Sh\u00f3isialta (GAA 70\u2019s \u2013 A Social Revolution) a chur i l\u00e1thair, cl\u00e1r faisn\u00e9ise fada ceili\u00fartha, dh\u00e1theangach, nua as an bp\u00edosa, ina dtugtar spiorad ceann de na r\u00e9anna ba shonra\u00ed sna Cluich\u00ed Gaelacha agus i socha\u00ed na h\u00c9ireann chun cuimhne.","og_url":"https:\/\/dev.tg4.ie\/ga\/eolas\/preas\/nuacht-raitis\/2025-2\/deich-mbliana-dathru-o-bhonn-agus-dathru-soisialta-faoi-chaibidil-i-gclar-faisneise-nua-ar-tg4\/","og_site_name":"TG4","article_publisher":"https:\/\/www.facebook.com\/TG4TV","og_image":[{"url":"https:\/\/dev.tg4.ie\/wp-content\/uploads\/2025\/12\/GAA_70s-Reabhloid_Shoisialta_1-1920x1080-1.jpg"}],"twitter_card":"summary_large_image","twitter_site":"@TG4TV","twitter_misc":{"Est. reading time":"5 minutes"},"schema":{"@context":"https:\/\/schema.org","@graph":[{"@type":"WebPage","@id":"https:\/\/dev.tg4.ie\/ga\/eolas\/preas\/nuacht-raitis\/2025-2\/deich-mbliana-dathru-o-bhonn-agus-dathru-soisialta-faoi-chaibidil-i-gclar-faisneise-nua-ar-tg4\/","url":"https:\/\/dev.tg4.ie\/ga\/eolas\/preas\/nuacht-raitis\/2025-2\/deich-mbliana-dathru-o-bhonn-agus-dathru-soisialta-faoi-chaibidil-i-gclar-faisneise-nua-ar-tg4\/","name":"Deich mBliana d\u2019Athr\u00fa \u00f3 Bhonn agus d\u2019Athr\u00fa S\u00f3isialta faoi chaibidil i gCl\u00e1r Faisn\u00e9ise Nua ar TG4 | Preasr\u00e1iteas | TG4","isPartOf":{"@id":"https:\/\/dev.tg4.ie\/en\/#website"},"primaryImageOfPage":{"@id":"https:\/\/dev.tg4.ie\/ga\/eolas\/preas\/nuacht-raitis\/2025-2\/deich-mbliana-dathru-o-bhonn-agus-dathru-soisialta-faoi-chaibidil-i-gclar-faisneise-nua-ar-tg4\/#primaryimage"},"image":{"@id":"https:\/\/dev.tg4.ie\/ga\/eolas\/preas\/nuacht-raitis\/2025-2\/deich-mbliana-dathru-o-bhonn-agus-dathru-soisialta-faoi-chaibidil-i-gclar-faisneise-nua-ar-tg4\/#primaryimage"},"thumbnailUrl":"https:\/\/dev.tg4.ie\/wp-content\/uploads\/2025\/12\/GAA_70s-Reabhloid_Shoisialta_1-1920x1080-1.jpg","datePublished":"2025-12-05T13:11:56+00:00","dateModified":"2025-12-05T13:11:56+00:00","description":"Is c\u00fais mh\u00f3rtais do TG4 \u00e9 GAA 70\u2019s \u2013 R\u00e9abhl\u00f3id Sh\u00f3isialta (GAA 70\u2019s \u2013 A Social Revolution) a chur i l\u00e1thair, cl\u00e1r faisn\u00e9ise fada ceili\u00fartha, dh\u00e1theangach, nua as an bp\u00edosa, ina dtugtar spiorad ceann de na r\u00e9anna ba shonra\u00ed sna Cluich\u00ed Gaelacha agus i socha\u00ed na h\u00c9ireann chun cuimhne.","breadcrumb":{"@id":"https:\/\/dev.tg4.ie\/ga\/eolas\/preas\/nuacht-raitis\/2025-2\/deich-mbliana-dathru-o-bhonn-agus-dathru-soisialta-faoi-chaibidil-i-gclar-faisneise-nua-ar-tg4\/#breadcrumb"},"inLanguage":"ga","potentialAction":[{"@type":"ReadAction","target":["https:\/\/dev.tg4.ie\/ga\/eolas\/preas\/nuacht-raitis\/2025-2\/deich-mbliana-dathru-o-bhonn-agus-dathru-soisialta-faoi-chaibidil-i-gclar-faisneise-nua-ar-tg4\/"]}]},{"@type":"ImageObject","inLanguage":"ga","@id":"https:\/\/dev.tg4.ie\/ga\/eolas\/preas\/nuacht-raitis\/2025-2\/deich-mbliana-dathru-o-bhonn-agus-dathru-soisialta-faoi-chaibidil-i-gclar-faisneise-nua-ar-tg4\/#primaryimage","url":"https:\/\/dev.tg4.ie\/wp-content\/uploads\/2025\/12\/GAA_70s-Reabhloid_Shoisialta_1-1920x1080-1.jpg","contentUrl":"https:\/\/dev.tg4.ie\/wp-content\/uploads\/2025\/12\/GAA_70s-Reabhloid_Shoisialta_1-1920x1080-1.jpg"},{"@type":"BreadcrumbList","@id":"https:\/\/dev.tg4.ie\/ga\/eolas\/preas\/nuacht-raitis\/2025-2\/deich-mbliana-dathru-o-bhonn-agus-dathru-soisialta-faoi-chaibidil-i-gclar-faisneise-nua-ar-tg4\/#breadcrumb","itemListElement":[{"@type":"ListItem","position":1,"name":"Home","item":"https:\/\/dev.tg4.ie\/ga\/"},{"@type":"ListItem","position":2,"name":"Eolas","item":"https:\/\/dev.tg4.ie\/ga\/eolas\/"},{"@type":"ListItem","position":3,"name":"Preas","item":"https:\/\/dev.tg4.ie\/ga\/eolas\/preas\/"},{"@type":"ListItem","position":4,"name":"Nuacht R\u00e1itis","item":"https:\/\/dev.tg4.ie\/ga\/eolas\/preas\/nuacht-raitis\/"},{"@type":"ListItem","position":5,"name":"2025","item":"https:\/\/dev.tg4.ie\/ga\/eolas\/preas\/nuacht-raitis\/2025-2\/"},{"@type":"ListItem","position":6,"name":"Deich mBliana d\u2019Athr\u00fa \u00f3 Bhonn agus d\u2019Athr\u00fa S\u00f3isialta faoi chaibidil i gCl\u00e1r Faisn\u00e9ise Nua ar TG4"}]},{"@type":"WebSite","@id":"https:\/\/dev.tg4.ie\/en\/#website","url":"https:\/\/dev.tg4.ie\/en\/","name":"TG4","description":"S\u00fail Eile","potentialAction":[{"@type":"SearchAction","target":{"@type":"EntryPoint","urlTemplate":"https:\/\/dev.tg4.ie\/en\/?s={search_term_string}"},"query-input":"required name=search_term_string"}],"inLanguage":"ga"}]}},"_links":{"self":[{"href":"https:\/\/dev.tg4.ie\/ga\/wp-json\/wp\/v2\/pages\/248268"}],"collection":[{"href":"https:\/\/dev.tg4.ie\/ga\/wp-json\/wp\/v2\/pages"}],"about":[{"href":"https:\/\/dev.tg4.ie\/ga\/wp-json\/wp\/v2\/types\/page"}],"author":[{"embeddable":true,"href":"https:\/\/dev.tg4.ie\/ga\/wp-json\/wp\/v2\/users\/876"}],"replies":[{"embeddable":true,"href":"https:\/\/dev.tg4.ie\/ga\/wp-json\/wp\/v2\/comments?post=248268"}],"version-history":[{"count":0,"href":"https:\/\/dev.tg4.ie\/ga\/wp-json\/wp\/v2\/pages\/248268\/revisions"}],"up":[{"embeddable":true,"href":"https:\/\/dev.tg4.ie\/ga\/wp-json\/wp\/v2\/pages\/236807"}],"wp:attachment":[{"href":"https:\/\/dev.tg4.ie\/ga\/wp-json\/wp\/v2\/media?parent=248268"}],"curies":[{"name":"wp","href":"https:\/\/api.w.org\/{rel}","templated":true}]}}