{"id":248337,"date":"2025-12-15T16:28:10","date_gmt":"2025-12-15T16:28:10","guid":{"rendered":"https:\/\/dev.tg4.ie\/?page_id=248337"},"modified":"2026-03-02T09:55:52","modified_gmt":"2026-03-02T09:55:52","slug":"babhta-oscailte-do-thograi-comhaoinithe-2026","status":"publish","type":"page","link":"https:\/\/dev.tg4.ie\/ga\/coimisiuin\/baile\/babhta-oscailte-do-thograi-comhaoinithe-2026\/","title":{"rendered":"Babhta Oscailte do Thogra\u00ed C\u00f3mhaoinithe 2026"},"content":{"rendered":"<p>F\u00e1ilteoidh TG4 roimh iarratais do thogra\u00ed c\u00f3mhaonithe le craoladh ar TG4. N\u00ed mh\u00f3r a l\u00e9iri\u00fa go mbeidh \u00e1bhair agus se\u00e1nra na dtogra\u00ed in oiri\u00faint do sceideal agus lucht f\u00e9achana \u00e9ags\u00fala TG4. T\u00e1imid ag lorg smaointe a chuireann s\u00fail eile TG4 chun cinn, at\u00e1 ag teacht le spriocanna cl\u00e1ir agus strait\u00e9ise TG4 agus at\u00e1 d\u00edrithe ar an lucht f\u00e9achana at\u00e1 againn sa Ghaeltacht, ar fud na t\u00edre agus ar fud na cruinne.<\/p>\n<p>N\u00ed m\u00f3r eolas a thabhairt san iarratas faoin \u00fadar a bhfuil taca\u00edocht TG4 ag teast\u00e1il. Beidh eolas faoi na cist\u00ed c\u00f3mhaoinithe eile at\u00e1 p\u00e1irteach sa togra, na c\u00e9atad\u00e1in mhaoinithe at\u00e1 geallta agus an sciar maoinithe at\u00e1 \u00e1 lorg \u00f3 TG4 ag teast\u00e1il freisin.<\/p>\n<p>N\u00ed m\u00f3r gurb \u00e9 TG4 a bheadh ina chraolt\u00f3ir eisiach in \u00c9irinn d\u2019aon smaoineamh at\u00e1 \u00e1 mholadh.<\/p>\n<p><strong>Is riachtanas de chuid TG4 \u00e9 go mbeadh eolas ag comhlacht ar bith a mbronntar coimisi\u00fan\u00fa air ar <a href=\"https:\/\/tg4-docs.s3.amazonaws.com\/wp-content\/uploads\/2025\/08\/26141245\/Caighdeain-agus-Treoirlinte-Iriseoireachta-Chlair-TG4.pdf\" target=\"_blank\" rel=\"noopener\">Chaighde\u00e1in agus Treoirl\u00ednte Iriseoireachta Chl\u00e1ir TG4<\/a>, <a href=\"https:\/\/tg4-docs.s3.amazonaws.com\/wp-content\/uploads\/2025\/08\/21105126\/Polasai-Comhliontachta-TG4.pdf\" target=\"_blank\" rel=\"noopener\">Polasa\u00ed Comhl\u00edontachta TG4<\/a> agus na hoibleag\u00e1id\u00ed reacht\u00fala agus rial\u00e1la at\u00e1 i gceist faoin Acht Craolach\u00e1in 2009 chomh maith le heolas a bheith acu ar Ch\u00f3id agus Rialacha \u00e1bhartha Choimisi\u00fan na Me\u00e1n (CnaM.ie).<\/strong><\/p>\n<p><strong>Sula nd\u00e9antar iarratas:<\/strong><\/p>\n<ul>\n<li>L\u00e9igh <a href=\"https:\/\/tg4-docs.s3.amazonaws.com\/wp-content\/uploads\/2023\/12\/05115229\/Raiteas-Straiteis-TG4-2023-2027-Leagan-Deiridh.pdf\" target=\"_blank\" rel=\"noopener\">Spriocanna Strait\u00e9iseacha TG4<\/a>: (Lch 6) agus l\u00e9irigh go soil\u00e9ir an chaoi a dtaca\u00edonn do mholadh le strait\u00e9is TG4.<\/li>\n<li>Lucht F\u00e9achana: Luaigh go soil\u00e9ir an lucht f\u00e9achana ar a bhfuil do mholadh d\u00edrithe. (P\u00e1ist\u00ed, aoisghr\u00fapa 15-35, 34-54, 55+)<\/li>\n<\/ul>\n<p><strong>Pr\u00edomhphoint\u00ed<\/strong><\/p>\n<p><strong>Ba ch\u00f3ir d\u2019iarratas\u00f3ir\u00ed:<\/strong><\/p>\n<ul>\n<li>Tuiscint l\u00e1idir a bheith acu ar sceideal agus lucht f\u00e9achana TG4.<\/li>\n<li>D\u00e9anfar gearrliosta bunaithe ar \u00e9ags\u00falacht an smaoinimh, riachtanais sceidealaithe agus tosa\u00edochta\u00ed strait\u00e9iseacha TG4. Beidh an gearrliosta curtha i gcr\u00edch roimh an 16\/04\/2026<\/li>\n<li>M\u00e1 roghna\u00edtear d\u2019iarratas, d\u00e9anfaidh an tEagarth\u00f3ir Coimisi\u00fanaithe teagmh\u00e1il leat faoi na ch\u00e9ad ch\u00e9imeanna eile agus faoi iarratas foirme\u00e1lta a dh\u00e9anamh.<\/li>\n<li>Moltar machnamh a dh\u00e9anamh ar she\u00e1nra\u00ed n\u00f3 \u00e1bhar nach bhfuil ag TG4 faoi l\u00e1thair a d\u2019oirfeadh do spriocanna strait\u00e9iseacha agus sceideal TG4.<\/li>\n<li>Pl\u00e9ifear cearta ag an gc\u00e9ad ch\u00e9im eile den phr\u00f3is\u00e9as m\u00e1 \u00e9ir\u00edonn leis an iarratas dul ar aghaidh chuig an ngearrliosta.<\/li>\n<\/ul>\n<p><strong>T\u00e1bhachtach:<\/strong><\/p>\n<p>N\u00edor cheart togra\u00ed a di\u00falta\u00edodh roimhe seo a chur isteach ar\u00eds gan na hathruithe a moladh a dh\u00e9anamh in aiseolas TG4 a bheith d\u00e9anta orthu ar dt\u00fas.<\/p>\n<p><strong>Riachtanais Iarratais:<\/strong><\/p>\n<ul>\n<li>N\u00ed m\u00f3r an t- iarratas a l\u00edonadh isteach ar shu\u00edomh eCoimisi\u00fan TG4.<\/li>\n<li>N\u00ed m\u00f3r plean airgeadais agus liosta de na maoinitheoir\u00ed eile a bheith leis an iarratas agus an c\u00e9atad\u00e1n maoinithe at\u00e1 gach maoinitheoir ag cur ar f\u00e1il chomh maith le cur s\u00edos ar an m\u00e9id at\u00e1 \u00e1 lorg \u00f3 TG4.<\/li>\n<\/ul>\n<p><strong>Cuir san \u00e1ireamh:<\/strong><\/p>\n<ul>\n<li>Cur s\u00edos ar an smaoineamh agus ar an gcur chuige cruthaitheach<\/li>\n<li>Aml\u00edne l\u00e9iri\u00fach\u00e1in \u2013 n\u00ed mh\u00f3r a chinnti\u00fa go mbeidh an togra ar f\u00e1il le craoladh ar TG4 roimh 2028.<\/li>\n<li>Foireann agus taith\u00ed<\/li>\n<li>L\u00e9iri\u00fa ar an gcaoi a bhfuil an togra ag teacht le s\u00fail eile agus strait\u00e9is TG4<\/li>\n<li>Sprioclucht f\u00e9achana<\/li>\n<li>Cur chuige eagarth\u00f3ireachta teangeola\u00edoch don l\u00e9iri\u00fa &#8211; n\u00ed m\u00f3r an cur chuige at\u00e1thar a \u00fas\u00e1id sa chl\u00e1r \/ sa tsraith chun an Ghaeilge agus caighde\u00e1n agus saibhreas na Gaeilge a chinnti\u00fa<\/li>\n<\/ul>\n<p><strong>Gearrliost\u00fa:<\/strong> M\u00e1 chuirtear do thogra ar ghearrliosta, d\u00e9anfar teagmh\u00e1il leat ar r\u00edomhphost an 16 Aibre\u00e1n 2026.<\/p>\n<p><strong>\u00c1bhar Ilard\u00e1in:<\/strong> Beidh TG4 ag s\u00fail go mbeifear in ann roinnt \u00e1bhair a chur ar f\u00e1il ar ard\u00e1in \u00e9ags\u00fala. N\u00ed m\u00f3r a mheas an bhfuil an t-\u00e1bhar oiri\u00fanach do na hard\u00e1in dhigiteacha mar chuid de do chur chuige ach n\u00ed g\u00e1 go mbeadh gach smaoineamh in oiri\u00faint do na hard\u00e1in dhigiteacha.<\/p>\n<p><strong>Taca\u00edocht:<\/strong> Beidh eagarth\u00f3ir\u00ed coimisi\u00fanaithe TG4 ar f\u00e1il le haghaidh cruinnithe le l\u00e9iritheoir\u00ed a bhfuil suim acu sa bhabhta seo. Is f\u00e9idir ceisteanna a chur ar aghaidh n\u00f3 pl\u00e9 tosaigh a eagr\u00fa ach teagmh\u00e1il a dh\u00e9anamh le: <a href=\"mailto:maryellen.ni.chualain@tg4.ie\">maryellen.ni.chualain@tg4.ie<\/a> n\u00f3 <a href=\"mailto:Julieann.ni.fhatharta@tg4.ie\" target=\"_blank\" rel=\"noopener\">Julieann.ni.fhatharta@tg4.ie<\/a>.<\/p>\n<p><strong>Se\u00e1nra\u00ed Inch\u00e1ilithe<\/strong><\/p>\n<p><strong>Siamsa\u00edocht:<\/strong> T\u00e1imid ag lorg smaointe nua d\u00e1na, siams\u00fala a chuirfidh daoine ag caint. Ba mhaith le TG4 coimisi\u00fan\u00fa a dh\u00e9anamh ar shraitheanna siamsa\u00edochta a bhriseann an m\u00fanla; siamsa\u00edocht fh\u00edorasach, teaghlaigh, greann agus a thagann le \u2018s\u00fail eile\u2019 TG4.<\/p>\n<p><strong>F\u00edorasach:<\/strong> \u00d3n stair a mh\u00fanlaigh muid go dt\u00ed saincheisteanna an lae inniu, t\u00e1imid ag lorg cl\u00e1ir agus sraitheanna faisn\u00e9ise a spreagann, a chuireann eolas ar f\u00e1il agus a chuireann ag smaoineamh muid. T\u00e1imid ag lorg smaointe nua do r\u00e9imse leathan cl\u00e1r faisn\u00e9ise \u2014 \u00e1bhar staire, comhaimseartha, reatha agus gach rud idir eatarthu.<\/p>\n<p><strong>Ceol:<\/strong> T\u00e1imid ag lorg smaointe nua do chl\u00e1ir cheoil idir cheolchoirmeacha, \u00f3c\u00e1id\u00ed, shiamsa\u00edocht cheoil agus cheol beo a lu\u00edonn go smior le \u2018s\u00fail eile\u2019 TG4 agus a spreagfaidh an lucht f\u00e9achana.<\/p>\n<p><strong>Eala\u00edon agus Cult\u00far:<\/strong> T\u00e1imid ag lorg cl\u00e1r eala\u00edon agus cult\u00fair ina dtugtar dearca\u00ed nua, ina dtugtar ard\u00e1n d\u2019eala\u00edont\u00f3ir\u00ed agus do lucht cruthaitheacha, agus ina dtugtar faoi chur chuige nu\u00e1lacha, eala\u00edonta agus cruthaitheach i leith na f\u00edsi\u00falachta, na sc\u00e9ala\u00edochta agus an l\u00e9irithe.<\/p>\n<p>\u00d3 chleachtais chruthaitheacha chomhaimseartha go sc\u00e9alta mealltacha cult\u00fair, t\u00e1imid ag lorg smaointe teilif\u00edse a mheallann, a spreagann, agus a thugann ard\u00e1n do ghl\u00f3rtha nach dtugtar aird orthu go minic.<\/p>\n<p>Cl\u00e1ir aonair n\u00f3 sraitheanna don phr\u00edomham f\u00e9achana at\u00e1 \u00e1 lorg.<\/p>\n<p><strong>N\u00f3ta:<\/strong> N\u00ed dh\u00e9anfar iarratais nach gcomhl\u00edonann na riachtanais thuas a mheas.<\/p>\n<p><strong>Eolas Eile d\u2019Iarrth\u00f3ir\u00ed<\/strong><\/p>\n<p>N\u00ed m\u00f3r gach togra a chur ar aghaidh go leictreonach chuig TG4. N\u00ed m\u00f3r do chomhlachta\u00ed l\u00e9iri\u00fach\u00e1in a chinnti\u00fa ar dt\u00fas go bhfuil siad cl\u00e1raithe ar \u00e1r gc\u00f3ras eCoimisi\u00fain <a href=\"https:\/\/ecoimisiuin.tg4.ie\" target=\"_blank\" rel=\"noopener\">https:\/\/ecoimisiuin.tg4.ie<\/a>\/<\/p>\n<p>N\u00ed m\u00f3r iarratais a dh\u00e9anamh roimh an spriocam agus iad a chur ar aghaidh tr\u00ed <strong>\u2018Babhta Oscailte do Thogra\u00ed C\u00f3mhaoinithe 2026\u2019<\/strong> a roghn\u00fa \u00f3n roghchl\u00e1r anuas. Cuirfear in i\u00fal duit, go huathoibr\u00edoch, nuair a bheidh do thogra curtha ar aghaidh. N\u00ed ghlacfar le togra\u00ed nuair a bheidh an spriocdh\u00e1ta deiridh molta caite.<\/p>\n<p>Is f\u00e9idir ceist ar bith faoin mbabhta seo agus faoi oiri\u00fanacht an tionscadail a sheoladh chuig <a href=\"mailto:Julieann.ni.fhatharta@tg4.ie\" target=\"_blank\" rel=\"noopener\">Julieann.ni.fhatharta@tg4.ie<\/a>.<\/p>\n<p><em>Glacfar le hiarratas ar an mbonn go gcomhl\u00edonfaidh iarrth\u00f3ir na hoibleag\u00e1id\u00ed reacht\u00fala iomchu\u00ed uile.<\/em><\/p>\n<p><em>N\u00edl dualgas ar TG4 glacadh leis an iarratas is \u00edsle i bpraghas, n\u00e1 le haon iarratas.<\/em><\/p>\n<p><em>Beidh aon chonradh ag brath ar Dheimhni\u00fa Imr\u00e9itigh C\u00e1nach a bheith agat \u00f3 na Coimisin\u00e9ir\u00ed Ioncaim.<\/em><\/p>\n<p><em><strong>An tAcht um Shaor\u00e1il Faisn\u00e9ise:<\/strong> Cuirtear iarrth\u00f3ir\u00ed ar an eolas gur ceadmhach eolas a shol\u00e1thra\u00edtear a nochtadh don phobal faoin Acht um Shaor\u00e1il Faisn\u00e9ise. Ba ch\u00f3ir d\u2019iarrth\u00f3ir\u00ed aird a tharraingt ar aon fhaisn\u00e9is \u00edogair (m\u00e1s ann di) agus an ch\u00fais go bhfuil an fhaisn\u00e9is sin \u00edogair a lua. N\u00ed f\u00e9idir glacadh leis nach mbeidh dualgas ar TG4 faisn\u00e9is a eisi\u00faint, fi\u00fa m\u00e1s d\u00f3igh leis an iarrth\u00f3ir gur faisn\u00e9is \u00edogair \u00ed agus go bhfuil sin curtha in i\u00fal do TG4.<\/em><\/p>\n<p><em>N\u00ed ann d\u2019aon chine\u00e1l ceangail \u2013 conradh n\u00e1 aon chine\u00e1l eile \u2013 go dt\u00ed go mbeidh conradh foirmi\u00fail scr\u00edofa forghn\u00edofa ag n\u00f3 thar ceann TG4.<\/em><\/p>\n","protected":false},"excerpt":{"rendered":"<p>F\u00e1ilteoidh TG4 roimh iarratais do thogra\u00ed c\u00f3mhaonithe le craoladh ar TG4. N\u00ed mh\u00f3r a l\u00e9iri\u00fa go mbeidh \u00e1bhair agus se\u00e1nra na dtogra\u00ed in oiri\u00faint do sceideal agus lucht f\u00e9achana \u00e9ags\u00fala TG4. T\u00e1imid ag lorg smaointe a chuireann s\u00fail eile TG4 chun cinn, at\u00e1 ag teacht le spriocanna cl\u00e1ir agus strait\u00e9ise TG4 agus at\u00e1 d\u00edrithe ar [&hellip;]<\/p>\n","protected":false},"author":999,"featured_media":248744,"parent":248207,"menu_order":0,"comment_status":"closed","ping_status":"closed","template":"page-templates\/template-commission-1.php","meta":{"_acf_changed":false,"footnotes":""},"acf":[],"yoast_head":"<!-- This site is optimized with the Yoast SEO plugin v22.6 - https:\/\/yoast.com\/wordpress\/plugins\/seo\/ -->\n<title>Babhta Oscailte do Thogra\u00ed C\u00f3mhaoinithe 2026 - TG4<\/title>\n<meta name=\"robots\" content=\"index, follow, max-snippet:-1, max-image-preview:large, max-video-preview:-1\" \/>\n<meta property=\"og:locale\" content=\"en_US\" \/>\n<meta property=\"og:type\" content=\"article\" \/>\n<meta property=\"og:title\" content=\"Babhta Oscailte do Thogra\u00ed C\u00f3mhaoinithe 2026 - TG4\" \/>\n<meta property=\"og:description\" content=\"F\u00e1ilteoidh TG4 roimh iarratais do thogra\u00ed c\u00f3mhaonithe le craoladh ar TG4. N\u00ed mh\u00f3r a l\u00e9iri\u00fa go mbeidh \u00e1bhair agus se\u00e1nra na dtogra\u00ed in oiri\u00faint do sceideal agus lucht f\u00e9achana \u00e9ags\u00fala TG4. T\u00e1imid ag lorg smaointe a chuireann s\u00fail eile TG4 chun cinn, at\u00e1 ag teacht le spriocanna cl\u00e1ir agus strait\u00e9ise TG4 agus at\u00e1 d\u00edrithe ar [&hellip;]\" \/>\n<meta property=\"og:url\" content=\"https:\/\/dev.tg4.ie\/ga\/coimisiuin\/baile\/babhta-oscailte-do-thograi-comhaoinithe-2026\/\" \/>\n<meta property=\"og:site_name\" content=\"TG4\" \/>\n<meta property=\"article:publisher\" content=\"https:\/\/www.facebook.com\/TG4TV\" \/>\n<meta property=\"article:modified_time\" content=\"2026-03-02T09:55:52+00:00\" \/>\n<meta property=\"og:image\" content=\"https:\/\/tg4-docs.s3.amazonaws.com\/wp-content\/uploads\/2026\/02\/26102715\/Maoiniu-1.jpg\" \/>\n\t<meta property=\"og:image:width\" content=\"1536\" \/>\n\t<meta property=\"og:image:height\" content=\"650\" \/>\n\t<meta property=\"og:image:type\" content=\"image\/jpeg\" \/>\n<meta name=\"twitter:card\" content=\"summary_large_image\" \/>\n<meta name=\"twitter:site\" content=\"@TG4TV\" \/>\n<meta name=\"twitter:label1\" content=\"Est. reading time\" \/>\n\t<meta name=\"twitter:data1\" content=\"6 minutes\" \/>\n<script type=\"application\/ld+json\" class=\"yoast-schema-graph\">{\"@context\":\"https:\/\/schema.org\",\"@graph\":[{\"@type\":\"WebPage\",\"@id\":\"https:\/\/dev.tg4.ie\/ga\/coimisiuin\/baile\/babhta-oscailte-do-thograi-comhaoinithe-2026\/\",\"url\":\"https:\/\/dev.tg4.ie\/ga\/coimisiuin\/baile\/babhta-oscailte-do-thograi-comhaoinithe-2026\/\",\"name\":\"Babhta Oscailte do Thogra\u00ed C\u00f3mhaoinithe 2026 - TG4\",\"isPartOf\":{\"@id\":\"https:\/\/dev.tg4.ie\/en\/#website\"},\"primaryImageOfPage\":{\"@id\":\"https:\/\/dev.tg4.ie\/ga\/coimisiuin\/baile\/babhta-oscailte-do-thograi-comhaoinithe-2026\/#primaryimage\"},\"image\":{\"@id\":\"https:\/\/dev.tg4.ie\/ga\/coimisiuin\/baile\/babhta-oscailte-do-thograi-comhaoinithe-2026\/#primaryimage\"},\"thumbnailUrl\":\"https:\/\/tg4-docs.s3.amazonaws.com\/wp-content\/uploads\/2026\/02\/26102715\/Maoiniu-1.jpg\",\"datePublished\":\"2025-12-15T16:28:10+00:00\",\"dateModified\":\"2026-03-02T09:55:52+00:00\",\"breadcrumb\":{\"@id\":\"https:\/\/dev.tg4.ie\/ga\/coimisiuin\/baile\/babhta-oscailte-do-thograi-comhaoinithe-2026\/#breadcrumb\"},\"inLanguage\":\"ga\",\"potentialAction\":[{\"@type\":\"ReadAction\",\"target\":[\"https:\/\/dev.tg4.ie\/ga\/coimisiuin\/baile\/babhta-oscailte-do-thograi-comhaoinithe-2026\/\"]}]},{\"@type\":\"ImageObject\",\"inLanguage\":\"ga\",\"@id\":\"https:\/\/dev.tg4.ie\/ga\/coimisiuin\/baile\/babhta-oscailte-do-thograi-comhaoinithe-2026\/#primaryimage\",\"url\":\"https:\/\/tg4-docs.s3.amazonaws.com\/wp-content\/uploads\/2026\/02\/26102715\/Maoiniu-1.jpg\",\"contentUrl\":\"https:\/\/tg4-docs.s3.amazonaws.com\/wp-content\/uploads\/2026\/02\/26102715\/Maoiniu-1.jpg\",\"width\":1536,\"height\":650},{\"@type\":\"BreadcrumbList\",\"@id\":\"https:\/\/dev.tg4.ie\/ga\/coimisiuin\/baile\/babhta-oscailte-do-thograi-comhaoinithe-2026\/#breadcrumb\",\"itemListElement\":[{\"@type\":\"ListItem\",\"position\":1,\"name\":\"Home\",\"item\":\"https:\/\/dev.tg4.ie\/ga\/\"},{\"@type\":\"ListItem\",\"position\":2,\"name\":\"Coimisi\u00fain\",\"item\":\"https:\/\/dev.tg4.ie\/ga\/coimisiuin\/\"},{\"@type\":\"ListItem\",\"position\":3,\"name\":\"Baile\",\"item\":\"https:\/\/dev.tg4.ie\/ga\/coimisiuin\/baile\/\"},{\"@type\":\"ListItem\",\"position\":4,\"name\":\"Babhta Oscailte do Thogra\u00ed C\u00f3mhaoinithe 2026\"}]},{\"@type\":\"WebSite\",\"@id\":\"https:\/\/dev.tg4.ie\/en\/#website\",\"url\":\"https:\/\/dev.tg4.ie\/en\/\",\"name\":\"TG4\",\"description\":\"S\u00fail Eile\",\"potentialAction\":[{\"@type\":\"SearchAction\",\"target\":{\"@type\":\"EntryPoint\",\"urlTemplate\":\"https:\/\/dev.tg4.ie\/en\/?s={search_term_string}\"},\"query-input\":\"required name=search_term_string\"}],\"inLanguage\":\"ga\"}]}<\/script>\n<!-- \/ Yoast SEO plugin. -->","yoast_head_json":{"title":"Babhta Oscailte do Thogra\u00ed C\u00f3mhaoinithe 2026 - TG4","robots":{"index":"index","follow":"follow","max-snippet":"max-snippet:-1","max-image-preview":"max-image-preview:large","max-video-preview":"max-video-preview:-1"},"og_locale":"en_US","og_type":"article","og_title":"Babhta Oscailte do Thogra\u00ed C\u00f3mhaoinithe 2026 - TG4","og_description":"F\u00e1ilteoidh TG4 roimh iarratais do thogra\u00ed c\u00f3mhaonithe le craoladh ar TG4. N\u00ed mh\u00f3r a l\u00e9iri\u00fa go mbeidh \u00e1bhair agus se\u00e1nra na dtogra\u00ed in oiri\u00faint do sceideal agus lucht f\u00e9achana \u00e9ags\u00fala TG4. T\u00e1imid ag lorg smaointe a chuireann s\u00fail eile TG4 chun cinn, at\u00e1 ag teacht le spriocanna cl\u00e1ir agus strait\u00e9ise TG4 agus at\u00e1 d\u00edrithe ar [&hellip;]","og_url":"https:\/\/dev.tg4.ie\/ga\/coimisiuin\/baile\/babhta-oscailte-do-thograi-comhaoinithe-2026\/","og_site_name":"TG4","article_publisher":"https:\/\/www.facebook.com\/TG4TV","article_modified_time":"2026-03-02T09:55:52+00:00","og_image":[{"width":1536,"height":650,"url":"https:\/\/tg4-docs.s3.amazonaws.com\/wp-content\/uploads\/2026\/02\/26102715\/Maoiniu-1.jpg","type":"image\/jpeg"}],"twitter_card":"summary_large_image","twitter_site":"@TG4TV","twitter_misc":{"Est. reading time":"6 minutes"},"schema":{"@context":"https:\/\/schema.org","@graph":[{"@type":"WebPage","@id":"https:\/\/dev.tg4.ie\/ga\/coimisiuin\/baile\/babhta-oscailte-do-thograi-comhaoinithe-2026\/","url":"https:\/\/dev.tg4.ie\/ga\/coimisiuin\/baile\/babhta-oscailte-do-thograi-comhaoinithe-2026\/","name":"Babhta Oscailte do Thogra\u00ed C\u00f3mhaoinithe 2026 - TG4","isPartOf":{"@id":"https:\/\/dev.tg4.ie\/en\/#website"},"primaryImageOfPage":{"@id":"https:\/\/dev.tg4.ie\/ga\/coimisiuin\/baile\/babhta-oscailte-do-thograi-comhaoinithe-2026\/#primaryimage"},"image":{"@id":"https:\/\/dev.tg4.ie\/ga\/coimisiuin\/baile\/babhta-oscailte-do-thograi-comhaoinithe-2026\/#primaryimage"},"thumbnailUrl":"https:\/\/tg4-docs.s3.amazonaws.com\/wp-content\/uploads\/2026\/02\/26102715\/Maoiniu-1.jpg","datePublished":"2025-12-15T16:28:10+00:00","dateModified":"2026-03-02T09:55:52+00:00","breadcrumb":{"@id":"https:\/\/dev.tg4.ie\/ga\/coimisiuin\/baile\/babhta-oscailte-do-thograi-comhaoinithe-2026\/#breadcrumb"},"inLanguage":"ga","potentialAction":[{"@type":"ReadAction","target":["https:\/\/dev.tg4.ie\/ga\/coimisiuin\/baile\/babhta-oscailte-do-thograi-comhaoinithe-2026\/"]}]},{"@type":"ImageObject","inLanguage":"ga","@id":"https:\/\/dev.tg4.ie\/ga\/coimisiuin\/baile\/babhta-oscailte-do-thograi-comhaoinithe-2026\/#primaryimage","url":"https:\/\/tg4-docs.s3.amazonaws.com\/wp-content\/uploads\/2026\/02\/26102715\/Maoiniu-1.jpg","contentUrl":"https:\/\/tg4-docs.s3.amazonaws.com\/wp-content\/uploads\/2026\/02\/26102715\/Maoiniu-1.jpg","width":1536,"height":650},{"@type":"BreadcrumbList","@id":"https:\/\/dev.tg4.ie\/ga\/coimisiuin\/baile\/babhta-oscailte-do-thograi-comhaoinithe-2026\/#breadcrumb","itemListElement":[{"@type":"ListItem","position":1,"name":"Home","item":"https:\/\/dev.tg4.ie\/ga\/"},{"@type":"ListItem","position":2,"name":"Coimisi\u00fain","item":"https:\/\/dev.tg4.ie\/ga\/coimisiuin\/"},{"@type":"ListItem","position":3,"name":"Baile","item":"https:\/\/dev.tg4.ie\/ga\/coimisiuin\/baile\/"},{"@type":"ListItem","position":4,"name":"Babhta Oscailte do Thogra\u00ed C\u00f3mhaoinithe 2026"}]},{"@type":"WebSite","@id":"https:\/\/dev.tg4.ie\/en\/#website","url":"https:\/\/dev.tg4.ie\/en\/","name":"TG4","description":"S\u00fail Eile","potentialAction":[{"@type":"SearchAction","target":{"@type":"EntryPoint","urlTemplate":"https:\/\/dev.tg4.ie\/en\/?s={search_term_string}"},"query-input":"required name=search_term_string"}],"inLanguage":"ga"}]}},"_links":{"self":[{"href":"https:\/\/dev.tg4.ie\/ga\/wp-json\/wp\/v2\/pages\/248337"}],"collection":[{"href":"https:\/\/dev.tg4.ie\/ga\/wp-json\/wp\/v2\/pages"}],"about":[{"href":"https:\/\/dev.tg4.ie\/ga\/wp-json\/wp\/v2\/types\/page"}],"author":[{"embeddable":true,"href":"https:\/\/dev.tg4.ie\/ga\/wp-json\/wp\/v2\/users\/999"}],"replies":[{"embeddable":true,"href":"https:\/\/dev.tg4.ie\/ga\/wp-json\/wp\/v2\/comments?post=248337"}],"version-history":[{"count":7,"href":"https:\/\/dev.tg4.ie\/ga\/wp-json\/wp\/v2\/pages\/248337\/revisions"}],"predecessor-version":[{"id":248836,"href":"https:\/\/dev.tg4.ie\/ga\/wp-json\/wp\/v2\/pages\/248337\/revisions\/248836"}],"up":[{"embeddable":true,"href":"https:\/\/dev.tg4.ie\/ga\/wp-json\/wp\/v2\/pages\/248207"}],"wp:featuredmedia":[{"embeddable":true,"href":"https:\/\/dev.tg4.ie\/ga\/wp-json\/wp\/v2\/media\/248744"}],"wp:attachment":[{"href":"https:\/\/dev.tg4.ie\/ga\/wp-json\/wp\/v2\/media?parent=248337"}],"curies":[{"name":"wp","href":"https:\/\/api.w.org\/{rel}","templated":true}]}}