{"id":248454,"date":"2025-12-11T09:11:03","date_gmt":"2025-12-11T09:11:03","guid":{"rendered":"https:\/\/dev.tg4.ie\/?page_id=248454"},"modified":"2025-12-11T09:11:03","modified_gmt":"2025-12-11T09:11:03","slug":"george-best-i-gcorcaigh-clar-faisneise-ag-insint-sceal-george-best-agus-a-threimhse-le-cork-celtic","status":"publish","type":"page","link":"https:\/\/dev.tg4.ie\/ga\/eolas\/preas\/nuacht-raitis\/2025-2\/george-best-i-gcorcaigh-clar-faisneise-ag-insint-sceal-george-best-agus-a-threimhse-le-cork-celtic\/","title":{"rendered":"George Best i gCorcaigh &#8211; Cl\u00e1r Faisn\u00e9ise ag Insint Sc\u00e9al George Best agus a Thr\u00e9imhse le Cork Celtic"},"content":{"rendered":"<p><strong><center><\/p>\n<h2>George Best i gCorcaigh<\/h2>\n<p><\/center><\/strong><\/p>\n<p><center>TG4 ag 8.15 i.n. L\u00e1 Fh\u00e9ile Stiof\u00e1in<\/center><\/p>\n<p><center>Blais\u00edn YouTube: <a href=\"https:\/\/www.youtube.com\/watch?v=ZHEuobGrzbU\">George Best i gCorcaigh<\/a><\/center><\/p>\n<p>&nbsp;<\/p>\n<p><img loading=\"lazy\" decoding=\"async\" width=\"1920\" height=\"1080\" src=\"https:\/\/tg4-docs.s3.amazonaws.com\/wp-content\/uploads\/2025\/12\/11090927\/George_Best_i_gCorcaigh_1-1920x1080-1.jpg\" alt=\"\" class=\"aligncenter size-full wp-image-248455\" srcset=\"https:\/\/tg4-docs.s3.amazonaws.com\/wp-content\/uploads\/2025\/12\/11090927\/George_Best_i_gCorcaigh_1-1920x1080-1.jpg 1920w, https:\/\/tg4-docs.s3.amazonaws.com\/wp-content\/uploads\/2025\/12\/11090927\/George_Best_i_gCorcaigh_1-1920x1080-1-250x141.jpg 250w, https:\/\/tg4-docs.s3.amazonaws.com\/wp-content\/uploads\/2025\/12\/11090927\/George_Best_i_gCorcaigh_1-1920x1080-1-700x394.jpg 700w, https:\/\/tg4-docs.s3.amazonaws.com\/wp-content\/uploads\/2025\/12\/11090927\/George_Best_i_gCorcaigh_1-1920x1080-1-252x141.jpg 252w, https:\/\/tg4-docs.s3.amazonaws.com\/wp-content\/uploads\/2025\/12\/11090927\/George_Best_i_gCorcaigh_1-1920x1080-1-1536x864.jpg 1536w, https:\/\/tg4-docs.s3.amazonaws.com\/wp-content\/uploads\/2025\/12\/11090927\/George_Best_i_gCorcaigh_1-1920x1080-1-120x68.jpg 120w\" sizes=\"(max-width: 1920px) 100vw, 1920px\" \/><br \/>\n&nbsp;<br \/>\nN\u00ed raibh a sh\u00e1r\u00fa ar domhan mar imreoir sacair. Laoch arbh \u00e1bhar iontais a chuid cumais ar an bp\u00e1irc agus an modh rabairneach maireacht\u00e1la a bh\u00ed aige. Bh\u00ed s\u00e9 ar dhuine de na himreoir\u00ed ab fhearr ag Manchester United ar feadh 11 bhliain agus n\u00ed raibh a fhios ag \u00e9inne c\u00e9ard a bh\u00ed i nd\u00e1n d\u00f3 nuair a d\u2019fh\u00e1g s\u00e9 an club sin. <\/p>\n<p>Mar a tharla, tr\u00e9imhse i gCorcaigh an ch\u00e9ad rud eile a bh\u00ed ina chinni\u00faint. Cothrom 50 bliain \u00f3 tharla an s\u00e1rimreoir cl\u00faiteach a sh\u00edni\u00fa, ins\u00edtear sa chl\u00e1r faisn\u00e9ise seo an sc\u00e9al iontach faoi George Best agus a thr\u00e9imhse le Cork Celtic.<\/p>\n<p>Bh\u00ed Cork Celtic i gcruach\u00e1s sa bhliain 1975. N\u00ed raibh m\u00f3r\u00e1n ag teacht ag faire ar na cluich\u00ed agus nuair is beag an t-airgead a bh\u00ed ag teacht isteach, ba mh\u00f3r an baol go mb\u00e1n\u00f3fa\u00ed an club. Is g\u00e9ar a theastaigh imreoir a tharraingeodh na sluaite agus a chuirfeadh leis an airgead a bh\u00ed \u00e1 th\u00f3g\u00e1il ag an ngeata. D\u2019fh\u00e1g George Best Manchester United an bhliain roimhe sin tar \u00e9is guaim a chailleadh air f\u00e9in go hioml\u00e1n leis an st\u00edl mhaireacht\u00e1la a bh\u00ed \u00e1 chleachtadh aige. Bh\u00ed an t-imreoir ab fhearr ar domhan ag imeacht roimhe anois, ag imirt in aon \u00e1it a dtairgeofa\u00ed obair d\u00f3. Bh\u00ed \u201c\u00edoctar agus imr\u00edtear\u201d de pholasa\u00ed aige agus d\u00e1 n-\u00edocta\u00ed leis an t\u00e1ille a d\u2019\u00e9iligh s\u00e9, bh\u00edodh s\u00e9 ag imirt agus geansa\u00ed an chlub \u00e1 chaitheamh aige. Chuir Cork Celtic Bobby Tambling, a raibh aithne aige ar George Best \u00f3 imirt ina choinne tr\u00e1th a mb\u00edodh s\u00e9 f\u00e9in le Chelsea, anonn go Sasana go bhfeicfeadh s\u00e9 an mbeadh aon suim ag Bestie a theacht anall. Bh\u00ed.<\/p>\n<p>Is sc\u00e9al faoi leith i stair shacar Shraith na h\u00c9ireann ar tharla ina dhiaidh sin.  <\/p>\n<p>Cuirtear agallamh sa chl\u00e1r ar chuid mhaith d\u00e1 chomhimreoir\u00ed ar fhoireann Cork Celtic, leith\u00e9id Alfie McCarthy, Bryan McSweeney, Jerry Myers &#038; John \u201cBlondie\u201d Carroll, agus ar dhaoine den lucht craolt\u00f3ireachta agus lucht leanta ar n\u00f3s John Creedon, Ger Canning &#038; Trevor Welch, agus ar dhaoine eile de leith\u00e9id Mh\u00e9abh De B\u00farca, imreoir le foireann Phoblacht na h\u00c9ireann, agus Jimmy Barry Murphy, imreoir cl\u00faiteach peile agus iom\u00e1na\u00edochta ach iar-imreoir sacair freisin le Cork Celtic, ionas go bhfaightear l\u00e9argas \u00f3n taobh istigh ar sc\u00e9al cheann de na tr\u00e9imhs\u00ed is sp\u00e9isi\u00fala riamh i stair Shraith na h\u00c9ireann.<\/p>\n<p>I gCorcaigh a rinneadh an scann\u00e1na\u00edocht ar fad don chl\u00e1r agus feicfear freisin sean\u00e1bhar scann\u00e1na\u00edochta de George Best ag imirt do Cork Celtic le linn sc\u00e9al iontach an chl\u00e1ir seo, nach bhf\u00e9adfadh tarl\u00fa in aon \u00e1it ach amh\u00e1in in \u00c9irinn, a chur i l\u00e1thair do lucht leanta an chlub, do lucht sp\u00e9ise an sp\u00f3irt agus d\u00f3ibh si\u00fad a chuireann suim i sc\u00e9al maith. Arna l\u00e9iri\u00fa ag Dearg Films.<br \/>\n&nbsp;<\/p>\n","protected":false},"excerpt":{"rendered":"<p>George Best i gCorcaigh TG4 ag 8.15 i.n. L\u00e1 Fh\u00e9ile Stiof\u00e1in Blais\u00edn YouTube: George Best i gCorcaigh &nbsp; &nbsp; N\u00ed raibh a sh\u00e1r\u00fa ar domhan mar imreoir sacair. Laoch arbh \u00e1bhar iontais a chuid cumais ar an bp\u00e1irc agus an modh rabairneach maireacht\u00e1la a bh\u00ed aige. Bh\u00ed s\u00e9 ar dhuine de na himreoir\u00ed ab fhearr [&hellip;]<\/p>\n","protected":false},"author":876,"featured_media":0,"parent":236807,"menu_order":77,"comment_status":"closed","ping_status":"closed","template":"page-templates\/template-pr.php","meta":{"_acf_changed":false,"footnotes":""},"acf":[],"yoast_head":"<!-- This site is optimized with the Yoast SEO plugin v22.6 - https:\/\/yoast.com\/wordpress\/plugins\/seo\/ -->\n<title>George Best i gCorcaigh - Cl\u00e1r Faisn\u00e9ise ag Insint Sc\u00e9al George Best agus a Thr\u00e9imhse le Cork Celtic | Preas R\u00e1iteas | TG4<\/title>\n<meta name=\"description\" content=\"N\u00ed raibh a sh\u00e1r\u00fa ar domhan mar imreoir sacair. Laoch arbh \u00e1bhar iontais a chuid cumais ar an bp\u00e1irc agus an modh rabairneach maireacht\u00e1la a bh\u00ed aige. Bh\u00ed s\u00e9 ar dhuine de na himreoir\u00ed ab fhearr ag Manchester United ar feadh 11 bhliain agus n\u00ed raibh a fhios ag \u00e9inne c\u00e9ard a bh\u00ed i nd\u00e1n d\u00f3 nuair a d\u2019fh\u00e1g s\u00e9 an club sin.\u00a0\" \/>\n<meta name=\"robots\" content=\"index, follow, max-snippet:-1, max-image-preview:large, max-video-preview:-1\" \/>\n<meta property=\"og:locale\" content=\"en_US\" \/>\n<meta property=\"og:type\" content=\"article\" \/>\n<meta property=\"og:title\" content=\"George Best i gCorcaigh - Cl\u00e1r Faisn\u00e9ise ag Insint Sc\u00e9al George Best agus a Thr\u00e9imhse le Cork Celtic | Preas R\u00e1iteas | TG4\" \/>\n<meta property=\"og:description\" content=\"N\u00ed raibh a sh\u00e1r\u00fa ar domhan mar imreoir sacair. Laoch arbh \u00e1bhar iontais a chuid cumais ar an bp\u00e1irc agus an modh rabairneach maireacht\u00e1la a bh\u00ed aige. Bh\u00ed s\u00e9 ar dhuine de na himreoir\u00ed ab fhearr ag Manchester United ar feadh 11 bhliain agus n\u00ed raibh a fhios ag \u00e9inne c\u00e9ard a bh\u00ed i nd\u00e1n d\u00f3 nuair a d\u2019fh\u00e1g s\u00e9 an club sin.\u00a0\" \/>\n<meta property=\"og:url\" content=\"https:\/\/dev.tg4.ie\/ga\/eolas\/preas\/nuacht-raitis\/2025-2\/george-best-i-gcorcaigh-clar-faisneise-ag-insint-sceal-george-best-agus-a-threimhse-le-cork-celtic\/\" \/>\n<meta property=\"og:site_name\" content=\"TG4\" \/>\n<meta property=\"article:publisher\" content=\"https:\/\/www.facebook.com\/TG4TV\" \/>\n<meta property=\"og:image\" content=\"https:\/\/dev.tg4.ie\/wp-content\/uploads\/2025\/12\/George_Best_i_gCorcaigh_1-1920x1080-1.jpg\" \/>\n<meta name=\"twitter:card\" content=\"summary_large_image\" \/>\n<meta name=\"twitter:site\" content=\"@TG4TV\" \/>\n<meta name=\"twitter:label1\" content=\"Est. reading time\" \/>\n\t<meta name=\"twitter:data1\" content=\"3 minutes\" \/>\n<script type=\"application\/ld+json\" class=\"yoast-schema-graph\">{\"@context\":\"https:\/\/schema.org\",\"@graph\":[{\"@type\":\"WebPage\",\"@id\":\"https:\/\/dev.tg4.ie\/ga\/eolas\/preas\/nuacht-raitis\/2025-2\/george-best-i-gcorcaigh-clar-faisneise-ag-insint-sceal-george-best-agus-a-threimhse-le-cork-celtic\/\",\"url\":\"https:\/\/dev.tg4.ie\/ga\/eolas\/preas\/nuacht-raitis\/2025-2\/george-best-i-gcorcaigh-clar-faisneise-ag-insint-sceal-george-best-agus-a-threimhse-le-cork-celtic\/\",\"name\":\"George Best i gCorcaigh - Cl\u00e1r Faisn\u00e9ise ag Insint Sc\u00e9al George Best agus a Thr\u00e9imhse le Cork Celtic | Preas R\u00e1iteas | TG4\",\"isPartOf\":{\"@id\":\"https:\/\/dev.tg4.ie\/en\/#website\"},\"primaryImageOfPage\":{\"@id\":\"https:\/\/dev.tg4.ie\/ga\/eolas\/preas\/nuacht-raitis\/2025-2\/george-best-i-gcorcaigh-clar-faisneise-ag-insint-sceal-george-best-agus-a-threimhse-le-cork-celtic\/#primaryimage\"},\"image\":{\"@id\":\"https:\/\/dev.tg4.ie\/ga\/eolas\/preas\/nuacht-raitis\/2025-2\/george-best-i-gcorcaigh-clar-faisneise-ag-insint-sceal-george-best-agus-a-threimhse-le-cork-celtic\/#primaryimage\"},\"thumbnailUrl\":\"https:\/\/dev.tg4.ie\/wp-content\/uploads\/2025\/12\/George_Best_i_gCorcaigh_1-1920x1080-1.jpg\",\"datePublished\":\"2025-12-11T09:11:03+00:00\",\"dateModified\":\"2025-12-11T09:11:03+00:00\",\"description\":\"N\u00ed raibh a sh\u00e1r\u00fa ar domhan mar imreoir sacair. Laoch arbh \u00e1bhar iontais a chuid cumais ar an bp\u00e1irc agus an modh rabairneach maireacht\u00e1la a bh\u00ed aige. Bh\u00ed s\u00e9 ar dhuine de na himreoir\u00ed ab fhearr ag Manchester United ar feadh 11 bhliain agus n\u00ed raibh a fhios ag \u00e9inne c\u00e9ard a bh\u00ed i nd\u00e1n d\u00f3 nuair a d\u2019fh\u00e1g s\u00e9 an club sin.\u00a0\",\"breadcrumb\":{\"@id\":\"https:\/\/dev.tg4.ie\/ga\/eolas\/preas\/nuacht-raitis\/2025-2\/george-best-i-gcorcaigh-clar-faisneise-ag-insint-sceal-george-best-agus-a-threimhse-le-cork-celtic\/#breadcrumb\"},\"inLanguage\":\"ga\",\"potentialAction\":[{\"@type\":\"ReadAction\",\"target\":[\"https:\/\/dev.tg4.ie\/ga\/eolas\/preas\/nuacht-raitis\/2025-2\/george-best-i-gcorcaigh-clar-faisneise-ag-insint-sceal-george-best-agus-a-threimhse-le-cork-celtic\/\"]}]},{\"@type\":\"ImageObject\",\"inLanguage\":\"ga\",\"@id\":\"https:\/\/dev.tg4.ie\/ga\/eolas\/preas\/nuacht-raitis\/2025-2\/george-best-i-gcorcaigh-clar-faisneise-ag-insint-sceal-george-best-agus-a-threimhse-le-cork-celtic\/#primaryimage\",\"url\":\"https:\/\/dev.tg4.ie\/wp-content\/uploads\/2025\/12\/George_Best_i_gCorcaigh_1-1920x1080-1.jpg\",\"contentUrl\":\"https:\/\/dev.tg4.ie\/wp-content\/uploads\/2025\/12\/George_Best_i_gCorcaigh_1-1920x1080-1.jpg\"},{\"@type\":\"BreadcrumbList\",\"@id\":\"https:\/\/dev.tg4.ie\/ga\/eolas\/preas\/nuacht-raitis\/2025-2\/george-best-i-gcorcaigh-clar-faisneise-ag-insint-sceal-george-best-agus-a-threimhse-le-cork-celtic\/#breadcrumb\",\"itemListElement\":[{\"@type\":\"ListItem\",\"position\":1,\"name\":\"Home\",\"item\":\"https:\/\/dev.tg4.ie\/ga\/\"},{\"@type\":\"ListItem\",\"position\":2,\"name\":\"Eolas\",\"item\":\"https:\/\/dev.tg4.ie\/ga\/eolas\/\"},{\"@type\":\"ListItem\",\"position\":3,\"name\":\"Preas\",\"item\":\"https:\/\/dev.tg4.ie\/ga\/eolas\/preas\/\"},{\"@type\":\"ListItem\",\"position\":4,\"name\":\"Nuacht R\u00e1itis\",\"item\":\"https:\/\/dev.tg4.ie\/ga\/eolas\/preas\/nuacht-raitis\/\"},{\"@type\":\"ListItem\",\"position\":5,\"name\":\"2025\",\"item\":\"https:\/\/dev.tg4.ie\/ga\/eolas\/preas\/nuacht-raitis\/2025-2\/\"},{\"@type\":\"ListItem\",\"position\":6,\"name\":\"George Best i gCorcaigh &#8211; Cl\u00e1r Faisn\u00e9ise ag Insint Sc\u00e9al George Best agus a Thr\u00e9imhse le Cork Celtic\"}]},{\"@type\":\"WebSite\",\"@id\":\"https:\/\/dev.tg4.ie\/en\/#website\",\"url\":\"https:\/\/dev.tg4.ie\/en\/\",\"name\":\"TG4\",\"description\":\"S\u00fail Eile\",\"potentialAction\":[{\"@type\":\"SearchAction\",\"target\":{\"@type\":\"EntryPoint\",\"urlTemplate\":\"https:\/\/dev.tg4.ie\/en\/?s={search_term_string}\"},\"query-input\":\"required name=search_term_string\"}],\"inLanguage\":\"ga\"}]}<\/script>\n<!-- \/ Yoast SEO plugin. -->","yoast_head_json":{"title":"George Best i gCorcaigh - Cl\u00e1r Faisn\u00e9ise ag Insint Sc\u00e9al George Best agus a Thr\u00e9imhse le Cork Celtic | Preas R\u00e1iteas | TG4","description":"N\u00ed raibh a sh\u00e1r\u00fa ar domhan mar imreoir sacair. Laoch arbh \u00e1bhar iontais a chuid cumais ar an bp\u00e1irc agus an modh rabairneach maireacht\u00e1la a bh\u00ed aige. Bh\u00ed s\u00e9 ar dhuine de na himreoir\u00ed ab fhearr ag Manchester United ar feadh 11 bhliain agus n\u00ed raibh a fhios ag \u00e9inne c\u00e9ard a bh\u00ed i nd\u00e1n d\u00f3 nuair a d\u2019fh\u00e1g s\u00e9 an club sin.\u00a0","robots":{"index":"index","follow":"follow","max-snippet":"max-snippet:-1","max-image-preview":"max-image-preview:large","max-video-preview":"max-video-preview:-1"},"og_locale":"en_US","og_type":"article","og_title":"George Best i gCorcaigh - Cl\u00e1r Faisn\u00e9ise ag Insint Sc\u00e9al George Best agus a Thr\u00e9imhse le Cork Celtic | Preas R\u00e1iteas | TG4","og_description":"N\u00ed raibh a sh\u00e1r\u00fa ar domhan mar imreoir sacair. Laoch arbh \u00e1bhar iontais a chuid cumais ar an bp\u00e1irc agus an modh rabairneach maireacht\u00e1la a bh\u00ed aige. Bh\u00ed s\u00e9 ar dhuine de na himreoir\u00ed ab fhearr ag Manchester United ar feadh 11 bhliain agus n\u00ed raibh a fhios ag \u00e9inne c\u00e9ard a bh\u00ed i nd\u00e1n d\u00f3 nuair a d\u2019fh\u00e1g s\u00e9 an club sin.\u00a0","og_url":"https:\/\/dev.tg4.ie\/ga\/eolas\/preas\/nuacht-raitis\/2025-2\/george-best-i-gcorcaigh-clar-faisneise-ag-insint-sceal-george-best-agus-a-threimhse-le-cork-celtic\/","og_site_name":"TG4","article_publisher":"https:\/\/www.facebook.com\/TG4TV","og_image":[{"url":"https:\/\/dev.tg4.ie\/wp-content\/uploads\/2025\/12\/George_Best_i_gCorcaigh_1-1920x1080-1.jpg"}],"twitter_card":"summary_large_image","twitter_site":"@TG4TV","twitter_misc":{"Est. reading time":"3 minutes"},"schema":{"@context":"https:\/\/schema.org","@graph":[{"@type":"WebPage","@id":"https:\/\/dev.tg4.ie\/ga\/eolas\/preas\/nuacht-raitis\/2025-2\/george-best-i-gcorcaigh-clar-faisneise-ag-insint-sceal-george-best-agus-a-threimhse-le-cork-celtic\/","url":"https:\/\/dev.tg4.ie\/ga\/eolas\/preas\/nuacht-raitis\/2025-2\/george-best-i-gcorcaigh-clar-faisneise-ag-insint-sceal-george-best-agus-a-threimhse-le-cork-celtic\/","name":"George Best i gCorcaigh - Cl\u00e1r Faisn\u00e9ise ag Insint Sc\u00e9al George Best agus a Thr\u00e9imhse le Cork Celtic | Preas R\u00e1iteas | TG4","isPartOf":{"@id":"https:\/\/dev.tg4.ie\/en\/#website"},"primaryImageOfPage":{"@id":"https:\/\/dev.tg4.ie\/ga\/eolas\/preas\/nuacht-raitis\/2025-2\/george-best-i-gcorcaigh-clar-faisneise-ag-insint-sceal-george-best-agus-a-threimhse-le-cork-celtic\/#primaryimage"},"image":{"@id":"https:\/\/dev.tg4.ie\/ga\/eolas\/preas\/nuacht-raitis\/2025-2\/george-best-i-gcorcaigh-clar-faisneise-ag-insint-sceal-george-best-agus-a-threimhse-le-cork-celtic\/#primaryimage"},"thumbnailUrl":"https:\/\/dev.tg4.ie\/wp-content\/uploads\/2025\/12\/George_Best_i_gCorcaigh_1-1920x1080-1.jpg","datePublished":"2025-12-11T09:11:03+00:00","dateModified":"2025-12-11T09:11:03+00:00","description":"N\u00ed raibh a sh\u00e1r\u00fa ar domhan mar imreoir sacair. Laoch arbh \u00e1bhar iontais a chuid cumais ar an bp\u00e1irc agus an modh rabairneach maireacht\u00e1la a bh\u00ed aige. Bh\u00ed s\u00e9 ar dhuine de na himreoir\u00ed ab fhearr ag Manchester United ar feadh 11 bhliain agus n\u00ed raibh a fhios ag \u00e9inne c\u00e9ard a bh\u00ed i nd\u00e1n d\u00f3 nuair a d\u2019fh\u00e1g s\u00e9 an club sin.\u00a0","breadcrumb":{"@id":"https:\/\/dev.tg4.ie\/ga\/eolas\/preas\/nuacht-raitis\/2025-2\/george-best-i-gcorcaigh-clar-faisneise-ag-insint-sceal-george-best-agus-a-threimhse-le-cork-celtic\/#breadcrumb"},"inLanguage":"ga","potentialAction":[{"@type":"ReadAction","target":["https:\/\/dev.tg4.ie\/ga\/eolas\/preas\/nuacht-raitis\/2025-2\/george-best-i-gcorcaigh-clar-faisneise-ag-insint-sceal-george-best-agus-a-threimhse-le-cork-celtic\/"]}]},{"@type":"ImageObject","inLanguage":"ga","@id":"https:\/\/dev.tg4.ie\/ga\/eolas\/preas\/nuacht-raitis\/2025-2\/george-best-i-gcorcaigh-clar-faisneise-ag-insint-sceal-george-best-agus-a-threimhse-le-cork-celtic\/#primaryimage","url":"https:\/\/dev.tg4.ie\/wp-content\/uploads\/2025\/12\/George_Best_i_gCorcaigh_1-1920x1080-1.jpg","contentUrl":"https:\/\/dev.tg4.ie\/wp-content\/uploads\/2025\/12\/George_Best_i_gCorcaigh_1-1920x1080-1.jpg"},{"@type":"BreadcrumbList","@id":"https:\/\/dev.tg4.ie\/ga\/eolas\/preas\/nuacht-raitis\/2025-2\/george-best-i-gcorcaigh-clar-faisneise-ag-insint-sceal-george-best-agus-a-threimhse-le-cork-celtic\/#breadcrumb","itemListElement":[{"@type":"ListItem","position":1,"name":"Home","item":"https:\/\/dev.tg4.ie\/ga\/"},{"@type":"ListItem","position":2,"name":"Eolas","item":"https:\/\/dev.tg4.ie\/ga\/eolas\/"},{"@type":"ListItem","position":3,"name":"Preas","item":"https:\/\/dev.tg4.ie\/ga\/eolas\/preas\/"},{"@type":"ListItem","position":4,"name":"Nuacht R\u00e1itis","item":"https:\/\/dev.tg4.ie\/ga\/eolas\/preas\/nuacht-raitis\/"},{"@type":"ListItem","position":5,"name":"2025","item":"https:\/\/dev.tg4.ie\/ga\/eolas\/preas\/nuacht-raitis\/2025-2\/"},{"@type":"ListItem","position":6,"name":"George Best i gCorcaigh &#8211; Cl\u00e1r Faisn\u00e9ise ag Insint Sc\u00e9al George Best agus a Thr\u00e9imhse le Cork Celtic"}]},{"@type":"WebSite","@id":"https:\/\/dev.tg4.ie\/en\/#website","url":"https:\/\/dev.tg4.ie\/en\/","name":"TG4","description":"S\u00fail Eile","potentialAction":[{"@type":"SearchAction","target":{"@type":"EntryPoint","urlTemplate":"https:\/\/dev.tg4.ie\/en\/?s={search_term_string}"},"query-input":"required name=search_term_string"}],"inLanguage":"ga"}]}},"_links":{"self":[{"href":"https:\/\/dev.tg4.ie\/ga\/wp-json\/wp\/v2\/pages\/248454"}],"collection":[{"href":"https:\/\/dev.tg4.ie\/ga\/wp-json\/wp\/v2\/pages"}],"about":[{"href":"https:\/\/dev.tg4.ie\/ga\/wp-json\/wp\/v2\/types\/page"}],"author":[{"embeddable":true,"href":"https:\/\/dev.tg4.ie\/ga\/wp-json\/wp\/v2\/users\/876"}],"replies":[{"embeddable":true,"href":"https:\/\/dev.tg4.ie\/ga\/wp-json\/wp\/v2\/comments?post=248454"}],"version-history":[{"count":0,"href":"https:\/\/dev.tg4.ie\/ga\/wp-json\/wp\/v2\/pages\/248454\/revisions"}],"up":[{"embeddable":true,"href":"https:\/\/dev.tg4.ie\/ga\/wp-json\/wp\/v2\/pages\/236807"}],"wp:attachment":[{"href":"https:\/\/dev.tg4.ie\/ga\/wp-json\/wp\/v2\/media?parent=248454"}],"curies":[{"name":"wp","href":"https:\/\/api.w.org\/{rel}","templated":true}]}}