{"id":248463,"date":"2025-12-11T13:21:36","date_gmt":"2025-12-11T13:21:36","guid":{"rendered":"https:\/\/dev.tg4.ie\/?page_id=248463"},"modified":"2025-12-11T14:28:25","modified_gmt":"2025-12-11T14:28:25","slug":"clar-faisneise-faoi-chlann-na-ngael-agus-comortas-peile-na-gaeltachta-2025-ar-tg4-la-fheile-stiofain","status":"publish","type":"page","link":"https:\/\/dev.tg4.ie\/ga\/eolas\/preas\/nuacht-raitis\/2025-2\/clar-faisneise-faoi-chlann-na-ngael-agus-comortas-peile-na-gaeltachta-2025-ar-tg4-la-fheile-stiofain\/","title":{"rendered":"Cl\u00e1r Faisn\u00e9ise faoi Chlann na nGael agus Com\u00f3rtas Peile na Gaeltachta 2025 ar TG4 L\u00e1 Fh\u00e9ile Stiof\u00e1in"},"content":{"rendered":"<p><center><\/p>\n<h2>Clann na nGael<\/h2>\n<p><\/center><\/p>\n<p><center>Com\u00f3rtas Peile na Gaeltachta 2025<\/center><\/p>\n<p><center>TG4 &#038; <a href=\"https:\/\/dev.tg4.ie\" rel=\"noopener\" target=\"_blank\">TG4.ie<\/a><\/center> <\/p>\n<p><center>26 Nollaig ag 19:15<\/center><br \/>\n&nbsp;<\/p>\n<table>\n<tr>\n<td><img loading=\"lazy\" decoding=\"async\" width=\"1920\" height=\"1080\" src=\"https:\/\/tg4-docs.s3.amazonaws.com\/wp-content\/uploads\/2025\/12\/11132603\/Clann_na_nGael_2-1920x1080-1.jpg\" alt=\"\" class=\"aligncenter size-full wp-image-248512\" srcset=\"https:\/\/tg4-docs.s3.amazonaws.com\/wp-content\/uploads\/2025\/12\/11132603\/Clann_na_nGael_2-1920x1080-1.jpg 1920w, https:\/\/tg4-docs.s3.amazonaws.com\/wp-content\/uploads\/2025\/12\/11132603\/Clann_na_nGael_2-1920x1080-1-250x141.jpg 250w, https:\/\/tg4-docs.s3.amazonaws.com\/wp-content\/uploads\/2025\/12\/11132603\/Clann_na_nGael_2-1920x1080-1-700x394.jpg 700w, https:\/\/tg4-docs.s3.amazonaws.com\/wp-content\/uploads\/2025\/12\/11132603\/Clann_na_nGael_2-1920x1080-1-252x141.jpg 252w, https:\/\/tg4-docs.s3.amazonaws.com\/wp-content\/uploads\/2025\/12\/11132603\/Clann_na_nGael_2-1920x1080-1-1536x864.jpg 1536w, https:\/\/tg4-docs.s3.amazonaws.com\/wp-content\/uploads\/2025\/12\/11132603\/Clann_na_nGael_2-1920x1080-1-120x68.jpg 120w\" sizes=\"(max-width: 1920px) 100vw, 1920px\" \/><\/td>\n<td><img loading=\"lazy\" decoding=\"async\" width=\"1920\" height=\"1080\" src=\"https:\/\/tg4-docs.s3.amazonaws.com\/wp-content\/uploads\/2025\/12\/11132118\/Clann_na_nGael_1-1920x1080-1.jpg\" alt=\"\" class=\"aligncenter size-full wp-image-248509\" srcset=\"https:\/\/tg4-docs.s3.amazonaws.com\/wp-content\/uploads\/2025\/12\/11132118\/Clann_na_nGael_1-1920x1080-1.jpg 1920w, https:\/\/tg4-docs.s3.amazonaws.com\/wp-content\/uploads\/2025\/12\/11132118\/Clann_na_nGael_1-1920x1080-1-250x141.jpg 250w, https:\/\/tg4-docs.s3.amazonaws.com\/wp-content\/uploads\/2025\/12\/11132118\/Clann_na_nGael_1-1920x1080-1-700x394.jpg 700w, https:\/\/tg4-docs.s3.amazonaws.com\/wp-content\/uploads\/2025\/12\/11132118\/Clann_na_nGael_1-1920x1080-1-252x141.jpg 252w, https:\/\/tg4-docs.s3.amazonaws.com\/wp-content\/uploads\/2025\/12\/11132118\/Clann_na_nGael_1-1920x1080-1-1536x864.jpg 1536w, https:\/\/tg4-docs.s3.amazonaws.com\/wp-content\/uploads\/2025\/12\/11132118\/Clann_na_nGael_1-1920x1080-1-120x68.jpg 120w\" sizes=\"(max-width: 1920px) 100vw, 1920px\" \/><\/td>\n<td><img loading=\"lazy\" decoding=\"async\" width=\"1920\" height=\"1080\" src=\"https:\/\/tg4-docs.s3.amazonaws.com\/wp-content\/uploads\/2025\/12\/11132636\/Clann_na_nGael_3-1920x1080-1.jpg\" alt=\"\" class=\"aligncenter size-full wp-image-248513\" srcset=\"https:\/\/tg4-docs.s3.amazonaws.com\/wp-content\/uploads\/2025\/12\/11132636\/Clann_na_nGael_3-1920x1080-1.jpg 1920w, https:\/\/tg4-docs.s3.amazonaws.com\/wp-content\/uploads\/2025\/12\/11132636\/Clann_na_nGael_3-1920x1080-1-250x141.jpg 250w, https:\/\/tg4-docs.s3.amazonaws.com\/wp-content\/uploads\/2025\/12\/11132636\/Clann_na_nGael_3-1920x1080-1-700x394.jpg 700w, https:\/\/tg4-docs.s3.amazonaws.com\/wp-content\/uploads\/2025\/12\/11132636\/Clann_na_nGael_3-1920x1080-1-252x141.jpg 252w, https:\/\/tg4-docs.s3.amazonaws.com\/wp-content\/uploads\/2025\/12\/11132636\/Clann_na_nGael_3-1920x1080-1-1536x864.jpg 1536w, https:\/\/tg4-docs.s3.amazonaws.com\/wp-content\/uploads\/2025\/12\/11132636\/Clann_na_nGael_3-1920x1080-1-120x68.jpg 120w\" sizes=\"(max-width: 1920px) 100vw, 1920px\" \/><\/td>\n<\/tr>\n<\/table>\n<p>&nbsp;<br \/>\n<center><strong>Clann na nGael : D\u00e9antar ceili\u00faradh sa chl\u00e1r ar cheann de na himeachta\u00ed sp\u00f3irt agus s\u00f3isialta is m\u00f3 i bhf\u00e9ilire na Gaeltachta &#8211; Com\u00f3rtas Peile na Gaeltachta<\/strong><\/center><br \/>\n&nbsp;<br \/>\nBeidh cl\u00e1r faisn\u00e9ise nua <strong>Clann na nGael<\/strong> ar TG4 L\u00e1 Fh\u00e9ile Stiof\u00e1in, an 26 Nollaig, ag 19:15. D\u00e9antar ceili\u00faradh sa chl\u00e1r seo ar cheann de na himeachta\u00ed sp\u00f3irt agus s\u00f3isialta is m\u00f3 i bhf\u00e9ilire na Gaeltachta &#8211;  Com\u00f3rtas Peile na Gaeltachta. T\u00e1 f\u00e1s agus forbairt tagtha ar Chom\u00f3rtas Peile na Gaeltachta, a re\u00e1cht\u00e1ladh an ch\u00e9ad l\u00e1 riamh in 1969, \u00f3 bheith ina chom\u00f3rtas beag pobail go dt\u00ed ceann de na himeachta\u00ed bliant\u00fala is m\u00f3 do chlubanna CLG. Tugann s\u00e9 clubanna Gaeltachta agus pobail Ghaeltachta ar fud na t\u00edre le ch\u00e9ile d\u2019fh\u00e9ile pheile, chult\u00fair agus oidhreachta chomhroinnte.<br \/>\n&nbsp;<br \/>\nLe linn dheireadh seachtaine saoire bainc mh\u00ed an Mheithimh 2025, ba ag Cumann Peile Chlann na nGael R\u00e1th Chairn agus \u00c1th Bu\u00ed i nGaeltacht na M\u00ed a bh\u00ed an on\u00f3ir an com\u00f3rtas a re\u00e1cht\u00e1il den dara huair, an ch\u00e9ad uair acu ag re\u00e1cht\u00e1il chom\u00f3rtais ansin \u00f3 1993. T\u00e1 athr\u00fa m\u00f3r tagtha ar an gcom\u00f3rtas le tr\u00edocha bliain agus t\u00e1 m\u00e9ad\u00fa ollmh\u00f3r tagtha ar an gcom\u00f3rtas \u00f3 thaobh sc\u00e1la de agus \u00e9 anois ar cheann de phr\u00edomhchom\u00f3rtais bhliant\u00fala Chumann L\u00fathchleas Gael. Ba ch\u00fais r\u00edm\u00e9id freisin \u00e9 Com\u00f3rtas na bliana seo don phobal \u00e1iti\u00fail agus iad ag ceili\u00faradh 90 bliain \u00f3 buna\u00edodh Gaeltacht na M\u00ed, pobal uath\u00fail de chainteoir\u00ed Gaeilge i gcro\u00edl\u00e1r Laighean.<br \/>\n&nbsp;<br \/>\nLeantar na peilead\u00f3ir\u00ed, na bainisteoir\u00ed agus an lucht lean\u00fana sa gcl\u00e1r faisn\u00e9ise seo agus iad ag iarraidh an beart a dh\u00e9anamh agus a n-\u00e1it f\u00e9in a bhaint amach i mb\u00e9aloideas sp\u00f3irt na Gaeltachta. \u00c1ir\u00edtear ar na foirne a bheidh le feice\u00e1il sa gcl\u00e1r faisn\u00e9ise seo, foirne fear agus ban Chlann na nGael, foirne na Ceathr\u00fan Rua agus Ghr\u00e1inne Mhaoil \u00f3 Ghaillimh, chomh maith le foireann ban Laochra Loch Lao \u00f3 Bh\u00e9al Feirste. Cuirfidh an lucht f\u00e9achana aithne freisin ar lucht eagraithe d\u00edograiseach chumann Chlann na nGael a bhfuil obair na gcapall d\u00e9anta acu lena chinnti\u00fa go gcuirtear an \u00f3c\u00e1id mh\u00f3r chult\u00fair agus sp\u00f3rt seo i gcr\u00edch le m\u00f3rtas, d\u00edograis agus f\u00edordheimhneacht.<br \/>\n&nbsp;<br \/>\nRannph\u00e1irtithe: Aonghus \u00d3 Flatharta, S\u00edofra N\u00ed Loinsigh, Eamonn \u00d3g Mac Donnchadha, Cathal Seoighe, Shane \u00d3 Suilleabh\u00e1in agus James \u00d3 Flatharta<br \/>\n&nbsp;<br \/>\nAniar TV a l\u00e9irigh <strong>Clann na nGael<\/strong> do TG4.<br \/>\n&nbsp;<\/p>\n","protected":false},"excerpt":{"rendered":"<p>Clann na nGael Com\u00f3rtas Peile na Gaeltachta 2025 TG4 &#038; TG4.ie 26 Nollaig ag 19:15 &nbsp; &nbsp; Clann na nGael : D\u00e9antar ceili\u00faradh sa chl\u00e1r ar cheann de na himeachta\u00ed sp\u00f3irt agus s\u00f3isialta is m\u00f3 i bhf\u00e9ilire na Gaeltachta &#8211; Com\u00f3rtas Peile na Gaeltachta &nbsp; Beidh cl\u00e1r faisn\u00e9ise nua Clann na nGael ar TG4 L\u00e1 [&hellip;]<\/p>\n","protected":false},"author":876,"featured_media":0,"parent":236807,"menu_order":78,"comment_status":"closed","ping_status":"closed","template":"page-templates\/template-pr.php","meta":{"_acf_changed":false,"footnotes":""},"acf":[],"yoast_head":"<!-- This site is optimized with the Yoast SEO plugin v22.6 - https:\/\/yoast.com\/wordpress\/plugins\/seo\/ -->\n<title>Cl\u00e1r Faisn\u00e9ise faoi Chlann na nGael agus Com\u00f3rtas Peile na Gaeltachta 2025 ar TG4 L\u00e1 Fh\u00e9ile Stiof\u00e1in | Preas R\u00e1iteas | TG4<\/title>\n<meta name=\"description\" content=\"Beidh cl\u00e1r faisn\u00e9ise nua Clann na nGael ar TG4 L\u00e1 Fh\u00e9ile Stiof\u00e1in, an 26 Nollaig, ag 19:15. D\u00e9antar ceili\u00faradh sa chl\u00e1r seo ar cheann de na himeachta\u00ed sp\u00f3irt agus s\u00f3isialta is m\u00f3 i bhf\u00e9ilire na Gaeltachta - Com\u00f3rtas Peile na Gaeltachta.\" \/>\n<meta name=\"robots\" content=\"index, follow, max-snippet:-1, max-image-preview:large, max-video-preview:-1\" \/>\n<meta property=\"og:locale\" content=\"en_US\" \/>\n<meta property=\"og:type\" content=\"article\" \/>\n<meta property=\"og:title\" content=\"Cl\u00e1r Faisn\u00e9ise faoi Chlann na nGael agus Com\u00f3rtas Peile na Gaeltachta 2025 ar TG4 L\u00e1 Fh\u00e9ile Stiof\u00e1in | Preas R\u00e1iteas | TG4\" \/>\n<meta property=\"og:description\" content=\"Beidh cl\u00e1r faisn\u00e9ise nua Clann na nGael ar TG4 L\u00e1 Fh\u00e9ile Stiof\u00e1in, an 26 Nollaig, ag 19:15. D\u00e9antar ceili\u00faradh sa chl\u00e1r seo ar cheann de na himeachta\u00ed sp\u00f3irt agus s\u00f3isialta is m\u00f3 i bhf\u00e9ilire na Gaeltachta - Com\u00f3rtas Peile na Gaeltachta.\" \/>\n<meta property=\"og:url\" content=\"https:\/\/dev.tg4.ie\/ga\/eolas\/preas\/nuacht-raitis\/2025-2\/clar-faisneise-faoi-chlann-na-ngael-agus-comortas-peile-na-gaeltachta-2025-ar-tg4-la-fheile-stiofain\/\" \/>\n<meta property=\"og:site_name\" content=\"TG4\" \/>\n<meta property=\"article:publisher\" content=\"https:\/\/www.facebook.com\/TG4TV\" \/>\n<meta property=\"article:modified_time\" content=\"2025-12-11T14:28:25+00:00\" \/>\n<meta property=\"og:image\" content=\"https:\/\/dev.tg4.ie\/wp-content\/uploads\/2025\/12\/Clann_na_nGael_2-1920x1080-1.jpg\" \/>\n<meta name=\"twitter:card\" content=\"summary_large_image\" \/>\n<meta name=\"twitter:site\" content=\"@TG4TV\" \/>\n<meta name=\"twitter:label1\" content=\"Est. reading time\" \/>\n\t<meta name=\"twitter:data1\" content=\"3 minutes\" \/>\n<script type=\"application\/ld+json\" class=\"yoast-schema-graph\">{\"@context\":\"https:\/\/schema.org\",\"@graph\":[{\"@type\":\"WebPage\",\"@id\":\"https:\/\/dev.tg4.ie\/ga\/eolas\/preas\/nuacht-raitis\/2025-2\/clar-faisneise-faoi-chlann-na-ngael-agus-comortas-peile-na-gaeltachta-2025-ar-tg4-la-fheile-stiofain\/\",\"url\":\"https:\/\/dev.tg4.ie\/ga\/eolas\/preas\/nuacht-raitis\/2025-2\/clar-faisneise-faoi-chlann-na-ngael-agus-comortas-peile-na-gaeltachta-2025-ar-tg4-la-fheile-stiofain\/\",\"name\":\"Cl\u00e1r Faisn\u00e9ise faoi Chlann na nGael agus Com\u00f3rtas Peile na Gaeltachta 2025 ar TG4 L\u00e1 Fh\u00e9ile Stiof\u00e1in | Preas R\u00e1iteas | TG4\",\"isPartOf\":{\"@id\":\"https:\/\/dev.tg4.ie\/en\/#website\"},\"primaryImageOfPage\":{\"@id\":\"https:\/\/dev.tg4.ie\/ga\/eolas\/preas\/nuacht-raitis\/2025-2\/clar-faisneise-faoi-chlann-na-ngael-agus-comortas-peile-na-gaeltachta-2025-ar-tg4-la-fheile-stiofain\/#primaryimage\"},\"image\":{\"@id\":\"https:\/\/dev.tg4.ie\/ga\/eolas\/preas\/nuacht-raitis\/2025-2\/clar-faisneise-faoi-chlann-na-ngael-agus-comortas-peile-na-gaeltachta-2025-ar-tg4-la-fheile-stiofain\/#primaryimage\"},\"thumbnailUrl\":\"https:\/\/dev.tg4.ie\/wp-content\/uploads\/2025\/12\/Clann_na_nGael_2-1920x1080-1.jpg\",\"datePublished\":\"2025-12-11T13:21:36+00:00\",\"dateModified\":\"2025-12-11T14:28:25+00:00\",\"description\":\"Beidh cl\u00e1r faisn\u00e9ise nua Clann na nGael ar TG4 L\u00e1 Fh\u00e9ile Stiof\u00e1in, an 26 Nollaig, ag 19:15. D\u00e9antar ceili\u00faradh sa chl\u00e1r seo ar cheann de na himeachta\u00ed sp\u00f3irt agus s\u00f3isialta is m\u00f3 i bhf\u00e9ilire na Gaeltachta - Com\u00f3rtas Peile na Gaeltachta.\",\"breadcrumb\":{\"@id\":\"https:\/\/dev.tg4.ie\/ga\/eolas\/preas\/nuacht-raitis\/2025-2\/clar-faisneise-faoi-chlann-na-ngael-agus-comortas-peile-na-gaeltachta-2025-ar-tg4-la-fheile-stiofain\/#breadcrumb\"},\"inLanguage\":\"ga\",\"potentialAction\":[{\"@type\":\"ReadAction\",\"target\":[\"https:\/\/dev.tg4.ie\/ga\/eolas\/preas\/nuacht-raitis\/2025-2\/clar-faisneise-faoi-chlann-na-ngael-agus-comortas-peile-na-gaeltachta-2025-ar-tg4-la-fheile-stiofain\/\"]}]},{\"@type\":\"ImageObject\",\"inLanguage\":\"ga\",\"@id\":\"https:\/\/dev.tg4.ie\/ga\/eolas\/preas\/nuacht-raitis\/2025-2\/clar-faisneise-faoi-chlann-na-ngael-agus-comortas-peile-na-gaeltachta-2025-ar-tg4-la-fheile-stiofain\/#primaryimage\",\"url\":\"https:\/\/dev.tg4.ie\/wp-content\/uploads\/2025\/12\/Clann_na_nGael_2-1920x1080-1.jpg\",\"contentUrl\":\"https:\/\/dev.tg4.ie\/wp-content\/uploads\/2025\/12\/Clann_na_nGael_2-1920x1080-1.jpg\"},{\"@type\":\"BreadcrumbList\",\"@id\":\"https:\/\/dev.tg4.ie\/ga\/eolas\/preas\/nuacht-raitis\/2025-2\/clar-faisneise-faoi-chlann-na-ngael-agus-comortas-peile-na-gaeltachta-2025-ar-tg4-la-fheile-stiofain\/#breadcrumb\",\"itemListElement\":[{\"@type\":\"ListItem\",\"position\":1,\"name\":\"Home\",\"item\":\"https:\/\/dev.tg4.ie\/ga\/\"},{\"@type\":\"ListItem\",\"position\":2,\"name\":\"Eolas\",\"item\":\"https:\/\/dev.tg4.ie\/ga\/eolas\/\"},{\"@type\":\"ListItem\",\"position\":3,\"name\":\"Preas\",\"item\":\"https:\/\/dev.tg4.ie\/ga\/eolas\/preas\/\"},{\"@type\":\"ListItem\",\"position\":4,\"name\":\"Nuacht R\u00e1itis\",\"item\":\"https:\/\/dev.tg4.ie\/ga\/eolas\/preas\/nuacht-raitis\/\"},{\"@type\":\"ListItem\",\"position\":5,\"name\":\"2025\",\"item\":\"https:\/\/dev.tg4.ie\/ga\/eolas\/preas\/nuacht-raitis\/2025-2\/\"},{\"@type\":\"ListItem\",\"position\":6,\"name\":\"Cl\u00e1r Faisn\u00e9ise faoi Chlann na nGael agus Com\u00f3rtas Peile na Gaeltachta 2025 ar TG4 L\u00e1 Fh\u00e9ile Stiof\u00e1in\"}]},{\"@type\":\"WebSite\",\"@id\":\"https:\/\/dev.tg4.ie\/en\/#website\",\"url\":\"https:\/\/dev.tg4.ie\/en\/\",\"name\":\"TG4\",\"description\":\"S\u00fail Eile\",\"potentialAction\":[{\"@type\":\"SearchAction\",\"target\":{\"@type\":\"EntryPoint\",\"urlTemplate\":\"https:\/\/dev.tg4.ie\/en\/?s={search_term_string}\"},\"query-input\":\"required name=search_term_string\"}],\"inLanguage\":\"ga\"}]}<\/script>\n<!-- \/ Yoast SEO plugin. -->","yoast_head_json":{"title":"Cl\u00e1r Faisn\u00e9ise faoi Chlann na nGael agus Com\u00f3rtas Peile na Gaeltachta 2025 ar TG4 L\u00e1 Fh\u00e9ile Stiof\u00e1in | Preas R\u00e1iteas | TG4","description":"Beidh cl\u00e1r faisn\u00e9ise nua Clann na nGael ar TG4 L\u00e1 Fh\u00e9ile Stiof\u00e1in, an 26 Nollaig, ag 19:15. D\u00e9antar ceili\u00faradh sa chl\u00e1r seo ar cheann de na himeachta\u00ed sp\u00f3irt agus s\u00f3isialta is m\u00f3 i bhf\u00e9ilire na Gaeltachta - Com\u00f3rtas Peile na Gaeltachta.","robots":{"index":"index","follow":"follow","max-snippet":"max-snippet:-1","max-image-preview":"max-image-preview:large","max-video-preview":"max-video-preview:-1"},"og_locale":"en_US","og_type":"article","og_title":"Cl\u00e1r Faisn\u00e9ise faoi Chlann na nGael agus Com\u00f3rtas Peile na Gaeltachta 2025 ar TG4 L\u00e1 Fh\u00e9ile Stiof\u00e1in | Preas R\u00e1iteas | TG4","og_description":"Beidh cl\u00e1r faisn\u00e9ise nua Clann na nGael ar TG4 L\u00e1 Fh\u00e9ile Stiof\u00e1in, an 26 Nollaig, ag 19:15. D\u00e9antar ceili\u00faradh sa chl\u00e1r seo ar cheann de na himeachta\u00ed sp\u00f3irt agus s\u00f3isialta is m\u00f3 i bhf\u00e9ilire na Gaeltachta - Com\u00f3rtas Peile na Gaeltachta.","og_url":"https:\/\/dev.tg4.ie\/ga\/eolas\/preas\/nuacht-raitis\/2025-2\/clar-faisneise-faoi-chlann-na-ngael-agus-comortas-peile-na-gaeltachta-2025-ar-tg4-la-fheile-stiofain\/","og_site_name":"TG4","article_publisher":"https:\/\/www.facebook.com\/TG4TV","article_modified_time":"2025-12-11T14:28:25+00:00","og_image":[{"url":"https:\/\/dev.tg4.ie\/wp-content\/uploads\/2025\/12\/Clann_na_nGael_2-1920x1080-1.jpg"}],"twitter_card":"summary_large_image","twitter_site":"@TG4TV","twitter_misc":{"Est. reading time":"3 minutes"},"schema":{"@context":"https:\/\/schema.org","@graph":[{"@type":"WebPage","@id":"https:\/\/dev.tg4.ie\/ga\/eolas\/preas\/nuacht-raitis\/2025-2\/clar-faisneise-faoi-chlann-na-ngael-agus-comortas-peile-na-gaeltachta-2025-ar-tg4-la-fheile-stiofain\/","url":"https:\/\/dev.tg4.ie\/ga\/eolas\/preas\/nuacht-raitis\/2025-2\/clar-faisneise-faoi-chlann-na-ngael-agus-comortas-peile-na-gaeltachta-2025-ar-tg4-la-fheile-stiofain\/","name":"Cl\u00e1r Faisn\u00e9ise faoi Chlann na nGael agus Com\u00f3rtas Peile na Gaeltachta 2025 ar TG4 L\u00e1 Fh\u00e9ile Stiof\u00e1in | Preas R\u00e1iteas | TG4","isPartOf":{"@id":"https:\/\/dev.tg4.ie\/en\/#website"},"primaryImageOfPage":{"@id":"https:\/\/dev.tg4.ie\/ga\/eolas\/preas\/nuacht-raitis\/2025-2\/clar-faisneise-faoi-chlann-na-ngael-agus-comortas-peile-na-gaeltachta-2025-ar-tg4-la-fheile-stiofain\/#primaryimage"},"image":{"@id":"https:\/\/dev.tg4.ie\/ga\/eolas\/preas\/nuacht-raitis\/2025-2\/clar-faisneise-faoi-chlann-na-ngael-agus-comortas-peile-na-gaeltachta-2025-ar-tg4-la-fheile-stiofain\/#primaryimage"},"thumbnailUrl":"https:\/\/dev.tg4.ie\/wp-content\/uploads\/2025\/12\/Clann_na_nGael_2-1920x1080-1.jpg","datePublished":"2025-12-11T13:21:36+00:00","dateModified":"2025-12-11T14:28:25+00:00","description":"Beidh cl\u00e1r faisn\u00e9ise nua Clann na nGael ar TG4 L\u00e1 Fh\u00e9ile Stiof\u00e1in, an 26 Nollaig, ag 19:15. D\u00e9antar ceili\u00faradh sa chl\u00e1r seo ar cheann de na himeachta\u00ed sp\u00f3irt agus s\u00f3isialta is m\u00f3 i bhf\u00e9ilire na Gaeltachta - Com\u00f3rtas Peile na Gaeltachta.","breadcrumb":{"@id":"https:\/\/dev.tg4.ie\/ga\/eolas\/preas\/nuacht-raitis\/2025-2\/clar-faisneise-faoi-chlann-na-ngael-agus-comortas-peile-na-gaeltachta-2025-ar-tg4-la-fheile-stiofain\/#breadcrumb"},"inLanguage":"ga","potentialAction":[{"@type":"ReadAction","target":["https:\/\/dev.tg4.ie\/ga\/eolas\/preas\/nuacht-raitis\/2025-2\/clar-faisneise-faoi-chlann-na-ngael-agus-comortas-peile-na-gaeltachta-2025-ar-tg4-la-fheile-stiofain\/"]}]},{"@type":"ImageObject","inLanguage":"ga","@id":"https:\/\/dev.tg4.ie\/ga\/eolas\/preas\/nuacht-raitis\/2025-2\/clar-faisneise-faoi-chlann-na-ngael-agus-comortas-peile-na-gaeltachta-2025-ar-tg4-la-fheile-stiofain\/#primaryimage","url":"https:\/\/dev.tg4.ie\/wp-content\/uploads\/2025\/12\/Clann_na_nGael_2-1920x1080-1.jpg","contentUrl":"https:\/\/dev.tg4.ie\/wp-content\/uploads\/2025\/12\/Clann_na_nGael_2-1920x1080-1.jpg"},{"@type":"BreadcrumbList","@id":"https:\/\/dev.tg4.ie\/ga\/eolas\/preas\/nuacht-raitis\/2025-2\/clar-faisneise-faoi-chlann-na-ngael-agus-comortas-peile-na-gaeltachta-2025-ar-tg4-la-fheile-stiofain\/#breadcrumb","itemListElement":[{"@type":"ListItem","position":1,"name":"Home","item":"https:\/\/dev.tg4.ie\/ga\/"},{"@type":"ListItem","position":2,"name":"Eolas","item":"https:\/\/dev.tg4.ie\/ga\/eolas\/"},{"@type":"ListItem","position":3,"name":"Preas","item":"https:\/\/dev.tg4.ie\/ga\/eolas\/preas\/"},{"@type":"ListItem","position":4,"name":"Nuacht R\u00e1itis","item":"https:\/\/dev.tg4.ie\/ga\/eolas\/preas\/nuacht-raitis\/"},{"@type":"ListItem","position":5,"name":"2025","item":"https:\/\/dev.tg4.ie\/ga\/eolas\/preas\/nuacht-raitis\/2025-2\/"},{"@type":"ListItem","position":6,"name":"Cl\u00e1r Faisn\u00e9ise faoi Chlann na nGael agus Com\u00f3rtas Peile na Gaeltachta 2025 ar TG4 L\u00e1 Fh\u00e9ile Stiof\u00e1in"}]},{"@type":"WebSite","@id":"https:\/\/dev.tg4.ie\/en\/#website","url":"https:\/\/dev.tg4.ie\/en\/","name":"TG4","description":"S\u00fail Eile","potentialAction":[{"@type":"SearchAction","target":{"@type":"EntryPoint","urlTemplate":"https:\/\/dev.tg4.ie\/en\/?s={search_term_string}"},"query-input":"required name=search_term_string"}],"inLanguage":"ga"}]}},"_links":{"self":[{"href":"https:\/\/dev.tg4.ie\/ga\/wp-json\/wp\/v2\/pages\/248463"}],"collection":[{"href":"https:\/\/dev.tg4.ie\/ga\/wp-json\/wp\/v2\/pages"}],"about":[{"href":"https:\/\/dev.tg4.ie\/ga\/wp-json\/wp\/v2\/types\/page"}],"author":[{"embeddable":true,"href":"https:\/\/dev.tg4.ie\/ga\/wp-json\/wp\/v2\/users\/876"}],"replies":[{"embeddable":true,"href":"https:\/\/dev.tg4.ie\/ga\/wp-json\/wp\/v2\/comments?post=248463"}],"version-history":[{"count":0,"href":"https:\/\/dev.tg4.ie\/ga\/wp-json\/wp\/v2\/pages\/248463\/revisions"}],"up":[{"embeddable":true,"href":"https:\/\/dev.tg4.ie\/ga\/wp-json\/wp\/v2\/pages\/236807"}],"wp:attachment":[{"href":"https:\/\/dev.tg4.ie\/ga\/wp-json\/wp\/v2\/media?parent=248463"}],"curies":[{"name":"wp","href":"https:\/\/api.w.org\/{rel}","templated":true}]}}