{"id":248603,"date":"2025-12-17T10:41:53","date_gmt":"2025-12-17T10:41:53","guid":{"rendered":"https:\/\/dev.tg4.ie\/?page_id=248603"},"modified":"2025-12-17T10:51:01","modified_gmt":"2025-12-17T10:51:01","slug":"trump-agus-na-gaeil-iniuchadh-tg4-de-ceadaoin-17-nollaig-2025-9-30pm-tg4-tg4-ie","status":"publish","type":"page","link":"https:\/\/dev.tg4.ie\/ga\/eolas\/preas\/nuacht-raitis\/2025-2\/trump-agus-na-gaeil-iniuchadh-tg4-de-ceadaoin-17-nollaig-2025-9-30pm-tg4-tg4-ie\/","title":{"rendered":"Trump agus na Gaeil &#8211; Ini\u00fachadh TG4"},"content":{"rendered":"<p><center><\/p>\n<h2><strong>Trump agus na Gaeil &#8211; Ini\u00fachadh TG4<\/strong><\/h2>\n<p><\/center><br \/>\n<center>D\u00e9 C\u00e9adaoin 17 Nollaig 2025 \u2013 9.30pm<\/center><br \/>\n<center>TG4 &#038; <a href=\"https:\/\/dev.tg4.ie\" rel=\"noopener\" target=\"_blank\">TG4.ie<\/a><\/center><br \/>\n&nbsp;<br \/>\n&nbsp;<\/p>\n<table>\n<tr>\n<td><img loading=\"lazy\" decoding=\"async\" width=\"800\" height=\"450\" src=\"https:\/\/tg4-docs.s3.amazonaws.com\/wp-content\/uploads\/2025\/12\/17095827\/Iniuchadh-Trump-1.jpg\" alt=\"Kevin McGee\" class=\"alignnone size-full wp-image-248605\" srcset=\"https:\/\/tg4-docs.s3.amazonaws.com\/wp-content\/uploads\/2025\/12\/17095827\/Iniuchadh-Trump-1.jpg 800w, https:\/\/tg4-docs.s3.amazonaws.com\/wp-content\/uploads\/2025\/12\/17095827\/Iniuchadh-Trump-1-250x141.jpg 250w, https:\/\/tg4-docs.s3.amazonaws.com\/wp-content\/uploads\/2025\/12\/17095827\/Iniuchadh-Trump-1-700x394.jpg 700w, https:\/\/tg4-docs.s3.amazonaws.com\/wp-content\/uploads\/2025\/12\/17095827\/Iniuchadh-Trump-1-252x141.jpg 252w, https:\/\/tg4-docs.s3.amazonaws.com\/wp-content\/uploads\/2025\/12\/17095827\/Iniuchadh-Trump-1-120x68.jpg 120w\" sizes=\"(max-width: 800px) 100vw, 800px\" \/><\/td>\n<td><img loading=\"lazy\" decoding=\"async\" width=\"800\" height=\"450\" src=\"https:\/\/tg4-docs.s3.amazonaws.com\/wp-content\/uploads\/2025\/12\/17095914\/Iniuchadh-Trump-2.jpg\" alt=\"Kevin McGee\" class=\"alignnone size-full wp-image-248606\" srcset=\"https:\/\/tg4-docs.s3.amazonaws.com\/wp-content\/uploads\/2025\/12\/17095914\/Iniuchadh-Trump-2.jpg 800w, https:\/\/tg4-docs.s3.amazonaws.com\/wp-content\/uploads\/2025\/12\/17095914\/Iniuchadh-Trump-2-250x141.jpg 250w, https:\/\/tg4-docs.s3.amazonaws.com\/wp-content\/uploads\/2025\/12\/17095914\/Iniuchadh-Trump-2-700x394.jpg 700w, https:\/\/tg4-docs.s3.amazonaws.com\/wp-content\/uploads\/2025\/12\/17095914\/Iniuchadh-Trump-2-252x141.jpg 252w, https:\/\/tg4-docs.s3.amazonaws.com\/wp-content\/uploads\/2025\/12\/17095914\/Iniuchadh-Trump-2-120x68.jpg 120w\" sizes=\"(max-width: 800px) 100vw, 800px\" \/><\/td>\n<\/tr>\n<\/table>\n<p>&nbsp;<\/p>\n<p><a href=\"https:\/\/www.youtube.com\/watch?v=H7lpmiAe3t8\">Blais\u00edn &#8211; Trump agus na Gaeil &#8211; Ini\u00fachadh TG4<\/a><br \/>\n<a href=\"https:\/\/www.flickr.com\/photos\/tg4\/sets\/72177720330954574\/\">\u00cdomh\u00e1nna &#8211; Trump agus na Gaeil &#8211; Ini\u00fachadh TG4<\/a><br \/>\n&nbsp;<\/p>\n<p>T\u00e1 s\u00e9 \u00e1 mholadh do shaor\u00e1naigh de chuid na h\u00c9ireann a bhfuil c\u00f3na\u00ed orthu gan an ch\u00e1ip\u00e9is\u00edocht chu\u00ed sna St\u00e1it Aontaithe gan a theacht ar ais go h\u00c9irinn le haghaidh na Nollag mar gheall ar imn\u00ed faoi bhearta g\u00e9ara an Uachtar\u00e1in Donald Trump maidir le hinimirce m\u00eddhleathach.<\/p>\n<p>Tugtar rabhadh go bhf\u00e9adfa\u00ed saor\u00e1naigh de chuid na h\u00c9ireann a ghabh\u00e1il n\u00f3 cosc a chur orthu filleadh ar na St\u00e1it Aontaithe in eagr\u00e1n dar teideal \u201c<strong>Trump agus na Gaeil<\/strong>\u201d den chl\u00e1r c\u00farsa\u00ed reatha Ini\u00fachadh TG4 a chraolfar ar TG4 D\u00e9 C\u00e9adaoin an 17 Nollaig ag 9.30 i.n.<\/p>\n<p>Tuairisc\u00edtear ar an gcl\u00e1r chomh maith gur l\u00e9ir \u00f3 fhigi\u00fair\u00ed nua \u00f3n Roinn Gn\u00f3tha\u00ed Eachtracha agus Tr\u00e1d\u00e1la i mBaile \u00c1tha Cliath gur th\u00e1inig ard\u00fa m\u00f3r i mbliana ar l\u00edon na saor\u00e1nach de chuid na h\u00c9ireann a d\u2019iarr c\u00fanamh i nd\u00e1il lena nd\u00edbirt as na St\u00e1it Aontaithe.<\/p>\n<p>Ag labhairt d\u00f3 ar an gcl\u00e1r, deir Brian O\u2019Dwyer, dl\u00edod\u00f3ir iomr\u00e1iteach de chuid Ghaeil Mheirice\u00e1 agus duine de lucht bunaithe na Irish American Democrats, gurb \u00e9 is ciallmhaire a cheart d\u2019\u00c9ireannach nach bhfuil an ch\u00e1ip\u00e9is\u00edocht chu\u00ed aige n\u00e1 fanacht sna St\u00e1it Aonaithe agus gan smaoineamh ar thaisteal abhaile i rith na Nollag.<\/p>\n<p><em>\u201cFaoi mar at\u00e1 c\u00farsa\u00ed, mura bhfuil an ch\u00e1ip\u00e9is\u00edocht acu, n\u00ed f\u00e9idir dul abhaile mar n\u00ed ligfear ar ais isteach iad. Caithfidh siad fanacht as amharc faoi l\u00e1thair le s\u00fail agus go dtiocfaidh maol\u00fa ar ch\u00farsa\u00ed. N\u00edl m\u00e9 in ann comhairle n\u00edos fearr n\u00e1 sin a chur orthu. T\u00e1 an c\u00e1s chomh crua sin, agus chomh cru\u00e1lach. T\u00e1 daoine \u00e1 ngabh\u00e1il acu agus ansin iad \u00e1 gcoinne\u00e1il gan aon gh\u00e1 leis.\u201d<\/em><br \/>\n&nbsp;<\/p>\n<p>N\u00ed fios go cruinn c\u00e1 mh\u00e9ad \u00c9ireannach at\u00e1 sna St\u00e1it Aontaithe gan an ch\u00e1ip\u00e9is\u00edocht chu\u00ed, cloistear meastach\u00e1in idir deich m\u00edle agus caoga m\u00edle duine. A m\u00f3rchuid sin, thabharfa\u00ed \u201coverstayers\u201d orthu, daoine a raibh cead isteach acu go dleathach ach a d\u2018fhan nuair a chuaigh t\u00e9arma an cheada sin i l\u00e9ig.<\/p>\n<p>Sa chl\u00e1r faisn\u00e9ise, tugann Kevin Magee, iriseoir fiosr\u00fach\u00e1in, turas go dt\u00ed na St\u00e1it Aontaithe go bhfeicfidh s\u00e9 an c\u00e1s ina bhfuil na h\u00c9ireannaigh gan ch\u00e1ip\u00e9is\u00ed at\u00e1 s\u00e1innithe ag feachtas dian docht an Uachtar\u00e1in Trump imircigh mh\u00eddhleathacha a dh\u00edbirt, feachtas at\u00e1 \u00e1 chur i bhfeidhm ag oifigigh de chuid an US Immigration &#038; Customs Enforcement, n\u00f3 ICE mar is fearr aithne orthu.<\/p>\n<p>N\u00ed furasta figi\u00fair\u00ed at\u00e1 cruinn agus cothrom le d\u00e1ta a fh\u00e1il \u00f3 ICE faoi l\u00edon na saor\u00e1nach de chuid na h\u00c9ireann at\u00e1 d\u00edbeartha acu ach is l\u00e9ir \u00f3 fhigi\u00fair\u00ed a luaitear ICE mar fhoinse leo gur cuireadh 99 \u00c9ireannach amach as na St\u00e1it Aontaithe idir Ean\u00e1ir agus m\u00ed Mhe\u00e1n F\u00f3mhair i mbliana. De r\u00e9ir ICE, t\u00e1 sin inchom\u00f3rtais le 60 c\u00e1s d\u00edbeartha i rith na bliana roimhe sin, 2024. Is ionann sin agus ard\u00fa 65 faoin gc\u00e9ad in imeacht bliana. Is \u00e9 a thugtar le fios \u00f3na gcuid figi\u00fair\u00ed gur tharla 37 \u00c9ireannach a dh\u00edbirt sa bhliain 2023, 17 sa bhliain 2022 agus deichni\u00far sa bhliain 2021.<\/p>\n<p>De r\u00e9ir na bhfigi\u00fair\u00ed is deireana\u00ed \u00f3n Roinn Gn\u00f3tha\u00ed Eachtracha agus Tr\u00e1d\u00e1la i mBaile \u00c1tha Cliath, is ionann l\u00edon na saor\u00e1nach de chuid na h\u00c9ireann a d\u2019iarr c\u00fanamh consalachta \u00f3 th\u00fas na bliana i nd\u00e1il lena nd\u00edbirt as na St\u00e1it Aontaithe agus 63 duine. Is tobann an t-ard\u00fa sin ar fhigi\u00fair\u00ed na bliana seo caite, sular th\u00e1inig t\u00fas leis an dara t\u00e9arma Uachtar\u00e1nachta ag Donald Trump. B\u2019ionann l\u00edon ioml\u00e1n na ndaoine a d\u2019iarr cabhair \u00f3n Roinn sa bhliain 2024 agus 15, i gcompar\u00e1id le 18 sa bhliain 2023, aon duine dh\u00e9ag sa bhliain 2022 agus c\u00faigear sa bhliain 2021.<\/p>\n<p>\u00c1ir\u00edtear leis na 63 dhuine sin a d\u2019iarr c\u00fanamh, daoine at\u00e1 d\u00edbeartha faoi seo agus daoine at\u00e1 ag dul tr\u00edd an bpr\u00f3iseas d\u00edbeartha faoi l\u00e1thair, pr\u00f3iseas lena mbaineann g\u00e9ibheann go minic in ionaid g\u00e9ibhinn \u00e9ags\u00fala lucht imirce ar fud na St\u00e1t Aontaithe. De r\u00e9ir na Roinne Gn\u00f3tha\u00ed Eachtracha, d\u2019fh\u00e9adfadh gur airde n\u00e1 63 l\u00edon d\u00e1ir\u00edre na saor\u00e1nach de chuid na h\u00c9ireann arna nd\u00edbirt n\u00f3 arna gcoinne\u00e1il ag ICE.<\/p>\n<p><em>\u201cIs ceart a thabhairt faoi deara,\u201d<\/em> arsa urlabhra\u00ed thar ceann na Roinne, <em>\u201cnach dtagann san \u00e1ireamh leis an bhfigi\u00far seo ach c\u00e1sanna inar iarr saor\u00e1nach, n\u00f3 duine de mhuintir an tsaor\u00e1naigh sin, c\u00fanamh consalachta agus nach g\u00e1 go mbeadh gach c\u00e1s i gceist inar tharla d\u00edbirt go h\u00c9irinn n\u00f3 ina bhfuil saor\u00e1nach i ng\u00e9ibheann faoi l\u00e1thair ag ICE.\u201d<\/em><br \/>\n&nbsp;<\/p>\n<p>T\u00e1 an Moins\u00edneoir James Kelly, 88, as Contae Luimnigh \u00f3 dh\u00fachas, ag cuidi\u00fa le daoine den lucht imirce nach bhfuil c\u00e1ip\u00e9is\u00ed acu cead a fh\u00e1il fanacht sna St\u00e1it Aontaithe \u00f3 th\u00e1inig s\u00e9 f\u00e9in go Brooklyn ar dt\u00fas, n\u00edos m\u00f3 n\u00e1 60 bliain \u00f3 shin. Faoi dhianfheachtas an Uachtar\u00e1in Trump in aghaidh lucht imirce m\u00eddhleathach, deir seisean go bhfuil an seans c\u00e9anna le haon imirceach m\u00eddhleathach eile go nd\u00edbreofar \u00c9ireannach faoi l\u00e1thair nach bhfuil na c\u00e1ip\u00e9is\u00ed is g\u00e1 aige n\u00f3 aici.<\/p>\n<p><em>\u201cN\u00edl aon st\u00e1das n\u00edos fearr ag \u00c9ireannach n\u00edos m\u00f3 n\u00e1 mar at\u00e1 ag aon duine eile. Bh\u00ed tr\u00e1th ann a gcait\u00ed go fabhrach leo, ach n\u00edl aon bhunt\u00e1iste mar sin leo anois. N\u00edl iontu anois ach duine de dhream ar n\u00f3s gach uile dhream eile. T\u00e1 cuid mhaith \u00c9ireannach anseo faoi l\u00e1thair nach bhfuil bun f\u00fathu, nach bhfuil st\u00e1das dleathach acu.\u201d<\/em><br \/>\n&nbsp;<\/p>\n<p>Molann an Moins\u00edneoir Kelly freisin d\u2019aon duine at\u00e1 gann c\u00e1ip\u00e9is\u00edocht agus iad ina gc\u00f3na\u00ed sna St\u00e1it Aontaithe gan taisteal go h\u00c9irinn i rith na Nollag ar eagla go ngabhfa\u00ed iad, go nd\u00edbreofa\u00ed iad n\u00f3 nach ligf\u00ed ar ais isteach iad.<\/p>\n<p><em>\u201cCaithfidh daoine a bheith c\u00faramach gan taisteal go h\u00c9irinn. N\u00ed f\u00e9idir le daoine (gan an ch\u00e1ip\u00e9is\u00edocht chu\u00ed) dul abhaile le haghaidh na Nollag m\u00e1 t\u00e1 s\u00fail acu le theacht ar ais ar\u00eds. Ba mh\u00f3r an triobl\u00f3id sin m\u00e1 t\u00e1 post anseo acu, agus teaghlach, agus gan iad in ann a theacht ar ais isteach go furasta.\u201d<\/em><br \/>\n<em>\u201cIs \u00e9 a mholfainnse gan corraigh. Fan socair. Fan bre\u00e1 socair faoi l\u00e1thair. P\u00f3s Meirice\u00e1nach m\u00e1s f\u00e9idir. Athraigh c\u00farsa\u00ed ar an gcaoi sin. Faigh \u201cgreen card\u201d. Teasta\u00edonn an st\u00e1das ceart, agus is \u00e9 an \u201cgreen card\u201d an t-aon chaoi le seasamh ceart a bheith f\u00fat. T\u00e1 na c\u00e9imeanna tosaigh t\u00f3gtha ansin agat le saor\u00e1nacht a fh\u00e1il.\u201d<\/em><br \/>\n&nbsp;<\/p>\n<p>Is deacair tuairisc chruinn thr\u00e1th\u00fail a fh\u00e1il \u00f3 ICE ar l\u00edon ioml\u00e1n na ndaoine at\u00e1 \u00e1 nd\u00edbirt as na St\u00e1it Aontaithe ach d\u2019fh\u00f3gair an Department of Homeland Security i m\u00ed Dheireadh F\u00f3mhair figi\u00fair\u00ed lenar luadh <em>\u201crecord-breaking statistics\u201d<\/em>. Luadh go raibh 527,000 \u201cillegal aliens\u201d tugtha chun bealaigh <em>\u201cunder the leadership of President Donald Trump\u201d<\/em> agus gur measadh go mbeadh 600,000 d\u00edbeartha faoi dheireadh na bliana.<\/p>\n<p>An tr\u00e1th c\u00e9anna a bhfuil lucht riarach\u00e1in an dara r\u00e9 Uachtar\u00e1nachta ag Trump ag gealladh go dtarl\u00f3idh l\u00edon n\u00edos m\u00f3 d\u2019imircigh mh\u00eddhleathacha a dh\u00edbirt as na St\u00e1it Aontaithe n\u00e1 aon bhliain go dt\u00ed seo, is l\u00e9ir \u00f3 fhigi\u00fair\u00ed nua de chuid na Roinne Gn\u00f3tha\u00ed Eachtracha agus Tr\u00e1d\u00e1la go bhfuil ard\u00fa suntasach ar l\u00edon na n-iarratas\u00f3ir\u00ed sna St\u00e1it Aontaithe a chuir isteach ar phas de chuid na h\u00c9ireann. T\u00e1 iarratas ar phas de chuid na h\u00c9ireann d\u00e9anta ag 38,376 duine at\u00e1 lonnaithe sna St\u00e1it Aontaithe go dt\u00ed seo i mbliana. T\u00e1 sin i gcompar\u00e1id le 31,825 anuraidh \u2013 ard\u00fa 21 faoin gc\u00e9ad.\u00a0<br \/>\n&nbsp;<\/p>\n<p>Seo a leanas liosta de na daoine sa chl\u00e1r: <strong>Trump agus na Gaeil &#8211; Ini\u00fachadh TG4<\/strong><\/p>\n<ul>\n<li><strong>Brian O\u2019Dwyer<\/strong> &#8211; Daonlathaithe Gaeil Mheirice\u00e1nacha &#8211; Dl\u00edod\u00f3ir i Nua-Eabhrac agus bunaitheoir na Daonlathaithe Gaeil Mheirice\u00e1nacha (<strong>Irish American Democrats<\/strong>). <\/li>\n<li><strong>An tAthair James Kelly<\/strong> &#8211; Moins\u00edneoir as \u00c1th Dara, Luimneach \u00f3 dh\u00fachas  at\u00e1 lonnaithe i Nua-Eabhrac le 60 bliain. T\u00e1 ionad inimirce aige in Brooklyn.<\/li>\n<li><strong>An tOllamh Brian \u00d3 Broin<\/strong> &#8211; Ollscoil William Patterson.  As Gaillimh \u00f3 dh\u00fachas at\u00e1 ag teagasc na litr\u00edochta agus na teangeola\u00edochta in Ollscoil William Patterson, New Jersey le breis agus 20 bliain.<\/li>\n<li><strong>Siobhan Dennehy<\/strong> &#8211; Emerald Isle Immigration Centre. As Baile \u00c1tha Cliath \u00f3 dh\u00fachas. T\u00e1 s\u00ed mar Sti\u00farth\u00f3ir Feidhmi\u00fach\u00e1in ar an Emerald Isle Immigration Centre agus ag obair leo n\u00edos m\u00f3 na 20 bliain. Bronnadh gradam Irish American of the Year an Irish Echo uirthi don bhliain  2025.<\/li>\n<li><strong>Mike Lawler<\/strong> &#8211; Poblacht\u00e1nach Comhdh\u00e1la. As Pearl River, Nua Eabhrac, t\u00e1 s\u00e9 ina bhall de Chomhdh\u00e1il Rialtas na St\u00e1t Aontaithe.<\/li>\n<li><strong>Frances Mulraney<\/strong> &#8211; Iriseoir. As Cill Dara \u00f3 dh\u00fachas. T\u00e1 s\u00ed ina Ceann Nuachta leis an US Sun.<\/li>\n<li><strong>Richard Reep<\/strong> &#8211; Iar-Ailtire \u00f3 Orlando Florida. Bhog s\u00e9 go D\u00fan Droma, Baile \u00c1tha Cliath sa samhradh lena bhean ch\u00e9ile, Kim, agus a in\u00edon at\u00e1 trasinscneach.<\/li>\n<li><strong>Kim Mathis<\/strong> &#8211; Iar-Mh\u00fainteoir \u00f3 Orlando Florida. Bhog s\u00ed go D\u00fan Droma, Baile \u00c1tha Cliath, sa samhradh lena fhear ch\u00e9ile agus a in\u00edon at\u00e1 trasinscneach.<\/li>\n<li><strong>Domhnall \u00d3 Cath\u00e1in<\/strong> &#8211; Dl\u00edod\u00f3ir. As Corcaigh \u00f3 dh\u00fachas d\u00f3. T\u00e1 s\u00e9 ina ch\u00f3na\u00ed agus ag obair i New Jersey le breis agus 20 bliain. T\u00e1 a bhean ch\u00e9ile agus a bheirt ph\u00e1ist\u00ed thall freisin.<\/li>\n<li><strong>Seoirs\u00edn N\u00ed Mheachair<\/strong> &#8211;  Aistritheoir as Nua Eabhrac.<\/li>\n<li><strong>M\u00e1irt\u00edn \u00d3 Muilleoir<\/strong> &#8211; Foilsitheoir, The Irish Echo. As B\u00e9al Feirste \u00f3 dh\u00fachas. Iar-Mh\u00e9ara Bh\u00e9al Feirste agus Aire le Shinn F\u00e9in. T\u00e1 s\u00e9 ina fhoilsitheoir ar The Irish Echo at\u00e1 lonnaithe i Nua-Eabhrac.<\/li>\n<li><strong>Kevin Rawdon<\/strong> &#8211; Ceolt\u00f3ir as Brooklyn.<\/li>\n<li><strong>Chris Byrne<\/strong> &#8211; Ceolt\u00f3ir as Nua Eabhrac. Comhbhunaitheoir an bhanna Black 47.<\/li>\n<li><strong>Matthew Bray<\/strong> &#8211; Dl\u00edod\u00f3ir Inimirce at\u00e1 lonnaithe i Nua-Eabhrac.<\/li>\n<li><strong>Marie Kiernan<\/strong> &#8211; As an Longfort \u00f3 dh\u00fachas ach ag c\u00f3na\u00ed sna St\u00e1it Aontaithe anois. Taca\u00edonn s\u00ed le Trump.<\/li>\n<li><strong>S\u00e9amus \u00d3 Neachtain<\/strong> &#8211; Lucht taca\u00edochta Trump \u00f3 Long Island, NY.<\/li>\n<li><strong>\u00c9amonn Mac Giolla Bhr\u00edde<\/strong> &#8211; Ceant\u00e1la\u00ed as Gaoth Dobhair.<\/li>\n<\/ul>\n<p>&nbsp;<\/p>\n<p><center>Trump agus na Gaeil &#8211; Ini\u00fachadh TG4 <\/center><\/p>\n<p><center>D\u00e9 C\u00e9adaoin 17 Nollaig 2025 \u2013 9.30pm<\/center><\/p>\n<p><center>TG4 &#038; <a href=\"https:\/\/dev.tg4.ie\" rel=\"noopener\" target=\"_blank\">TG4.ie<\/a><\/center><br \/>\n&nbsp;<\/p>\n","protected":false},"excerpt":{"rendered":"<p>Trump agus na Gaeil &#8211; Ini\u00fachadh TG4 D\u00e9 C\u00e9adaoin 17 Nollaig 2025 \u2013 9.30pm TG4 &#038; TG4.ie &nbsp; &nbsp; &nbsp; Blais\u00edn &#8211; Trump agus na Gaeil &#8211; Ini\u00fachadh TG4 \u00cdomh\u00e1nna &#8211; Trump agus na Gaeil &#8211; Ini\u00fachadh TG4 &nbsp; T\u00e1 s\u00e9 \u00e1 mholadh do shaor\u00e1naigh de chuid na h\u00c9ireann a bhfuil c\u00f3na\u00ed orthu gan an [&hellip;]<\/p>\n","protected":false},"author":876,"featured_media":0,"parent":236807,"menu_order":79,"comment_status":"closed","ping_status":"closed","template":"page-templates\/template-pr.php","meta":{"_acf_changed":false,"footnotes":""},"acf":[],"yoast_head":"<!-- This site is optimized with the Yoast SEO plugin v22.6 - https:\/\/yoast.com\/wordpress\/plugins\/seo\/ -->\n<title>Trump agus na Gaeil - Ini\u00fachadh TG4 D\u00e9 C\u00e9adaoin 17 Nollaig 2025 \u2013 9.30pm TG4 &amp; TG4.ie | Preas R\u00e1iteas | TG4<\/title>\n<meta name=\"robots\" content=\"index, follow, max-snippet:-1, max-image-preview:large, max-video-preview:-1\" \/>\n<meta property=\"og:locale\" content=\"en_US\" \/>\n<meta property=\"og:type\" content=\"article\" \/>\n<meta property=\"og:title\" content=\"Trump agus na Gaeil - Ini\u00fachadh TG4 D\u00e9 C\u00e9adaoin 17 Nollaig 2025 \u2013 9.30pm TG4 &amp; TG4.ie | Preas R\u00e1iteas | TG4\" \/>\n<meta property=\"og:description\" content=\"Trump agus na Gaeil &#8211; Ini\u00fachadh TG4 D\u00e9 C\u00e9adaoin 17 Nollaig 2025 \u2013 9.30pm TG4 &#038; TG4.ie &nbsp; &nbsp; &nbsp; Blais\u00edn &#8211; Trump agus na Gaeil &#8211; Ini\u00fachadh TG4 \u00cdomh\u00e1nna &#8211; Trump agus na Gaeil &#8211; Ini\u00fachadh TG4 &nbsp; T\u00e1 s\u00e9 \u00e1 mholadh do shaor\u00e1naigh de chuid na h\u00c9ireann a bhfuil c\u00f3na\u00ed orthu gan an [&hellip;]\" \/>\n<meta property=\"og:url\" content=\"https:\/\/dev.tg4.ie\/ga\/eolas\/preas\/nuacht-raitis\/2025-2\/trump-agus-na-gaeil-iniuchadh-tg4-de-ceadaoin-17-nollaig-2025-9-30pm-tg4-tg4-ie\/\" \/>\n<meta property=\"og:site_name\" content=\"TG4\" \/>\n<meta property=\"article:publisher\" content=\"https:\/\/www.facebook.com\/TG4TV\" \/>\n<meta property=\"article:modified_time\" content=\"2025-12-17T10:51:01+00:00\" \/>\n<meta property=\"og:image\" content=\"https:\/\/dev.tg4.ie\/wp-content\/uploads\/2025\/12\/Iniuchadh-Trump-1.jpg\" \/>\n<meta name=\"twitter:card\" content=\"summary_large_image\" \/>\n<meta name=\"twitter:site\" content=\"@TG4TV\" \/>\n<meta name=\"twitter:label1\" content=\"Est. reading time\" \/>\n\t<meta name=\"twitter:data1\" content=\"9 minutes\" \/>\n<script type=\"application\/ld+json\" class=\"yoast-schema-graph\">{\"@context\":\"https:\/\/schema.org\",\"@graph\":[{\"@type\":\"WebPage\",\"@id\":\"https:\/\/dev.tg4.ie\/ga\/eolas\/preas\/nuacht-raitis\/2025-2\/trump-agus-na-gaeil-iniuchadh-tg4-de-ceadaoin-17-nollaig-2025-9-30pm-tg4-tg4-ie\/\",\"url\":\"https:\/\/dev.tg4.ie\/ga\/eolas\/preas\/nuacht-raitis\/2025-2\/trump-agus-na-gaeil-iniuchadh-tg4-de-ceadaoin-17-nollaig-2025-9-30pm-tg4-tg4-ie\/\",\"name\":\"Trump agus na Gaeil - Ini\u00fachadh TG4 D\u00e9 C\u00e9adaoin 17 Nollaig 2025 \u2013 9.30pm TG4 & TG4.ie | Preas R\u00e1iteas | TG4\",\"isPartOf\":{\"@id\":\"https:\/\/dev.tg4.ie\/en\/#website\"},\"primaryImageOfPage\":{\"@id\":\"https:\/\/dev.tg4.ie\/ga\/eolas\/preas\/nuacht-raitis\/2025-2\/trump-agus-na-gaeil-iniuchadh-tg4-de-ceadaoin-17-nollaig-2025-9-30pm-tg4-tg4-ie\/#primaryimage\"},\"image\":{\"@id\":\"https:\/\/dev.tg4.ie\/ga\/eolas\/preas\/nuacht-raitis\/2025-2\/trump-agus-na-gaeil-iniuchadh-tg4-de-ceadaoin-17-nollaig-2025-9-30pm-tg4-tg4-ie\/#primaryimage\"},\"thumbnailUrl\":\"https:\/\/dev.tg4.ie\/wp-content\/uploads\/2025\/12\/Iniuchadh-Trump-1.jpg\",\"datePublished\":\"2025-12-17T10:41:53+00:00\",\"dateModified\":\"2025-12-17T10:51:01+00:00\",\"breadcrumb\":{\"@id\":\"https:\/\/dev.tg4.ie\/ga\/eolas\/preas\/nuacht-raitis\/2025-2\/trump-agus-na-gaeil-iniuchadh-tg4-de-ceadaoin-17-nollaig-2025-9-30pm-tg4-tg4-ie\/#breadcrumb\"},\"inLanguage\":\"ga\",\"potentialAction\":[{\"@type\":\"ReadAction\",\"target\":[\"https:\/\/dev.tg4.ie\/ga\/eolas\/preas\/nuacht-raitis\/2025-2\/trump-agus-na-gaeil-iniuchadh-tg4-de-ceadaoin-17-nollaig-2025-9-30pm-tg4-tg4-ie\/\"]}]},{\"@type\":\"ImageObject\",\"inLanguage\":\"ga\",\"@id\":\"https:\/\/dev.tg4.ie\/ga\/eolas\/preas\/nuacht-raitis\/2025-2\/trump-agus-na-gaeil-iniuchadh-tg4-de-ceadaoin-17-nollaig-2025-9-30pm-tg4-tg4-ie\/#primaryimage\",\"url\":\"https:\/\/dev.tg4.ie\/wp-content\/uploads\/2025\/12\/Iniuchadh-Trump-1.jpg\",\"contentUrl\":\"https:\/\/dev.tg4.ie\/wp-content\/uploads\/2025\/12\/Iniuchadh-Trump-1.jpg\"},{\"@type\":\"BreadcrumbList\",\"@id\":\"https:\/\/dev.tg4.ie\/ga\/eolas\/preas\/nuacht-raitis\/2025-2\/trump-agus-na-gaeil-iniuchadh-tg4-de-ceadaoin-17-nollaig-2025-9-30pm-tg4-tg4-ie\/#breadcrumb\",\"itemListElement\":[{\"@type\":\"ListItem\",\"position\":1,\"name\":\"Home\",\"item\":\"https:\/\/dev.tg4.ie\/ga\/\"},{\"@type\":\"ListItem\",\"position\":2,\"name\":\"Eolas\",\"item\":\"https:\/\/dev.tg4.ie\/ga\/eolas\/\"},{\"@type\":\"ListItem\",\"position\":3,\"name\":\"Preas\",\"item\":\"https:\/\/dev.tg4.ie\/ga\/eolas\/preas\/\"},{\"@type\":\"ListItem\",\"position\":4,\"name\":\"Nuacht R\u00e1itis\",\"item\":\"https:\/\/dev.tg4.ie\/ga\/eolas\/preas\/nuacht-raitis\/\"},{\"@type\":\"ListItem\",\"position\":5,\"name\":\"2025\",\"item\":\"https:\/\/dev.tg4.ie\/ga\/eolas\/preas\/nuacht-raitis\/2025-2\/\"},{\"@type\":\"ListItem\",\"position\":6,\"name\":\"Trump agus na Gaeil &#8211; Ini\u00fachadh TG4\"}]},{\"@type\":\"WebSite\",\"@id\":\"https:\/\/dev.tg4.ie\/en\/#website\",\"url\":\"https:\/\/dev.tg4.ie\/en\/\",\"name\":\"TG4\",\"description\":\"S\u00fail Eile\",\"potentialAction\":[{\"@type\":\"SearchAction\",\"target\":{\"@type\":\"EntryPoint\",\"urlTemplate\":\"https:\/\/dev.tg4.ie\/en\/?s={search_term_string}\"},\"query-input\":\"required name=search_term_string\"}],\"inLanguage\":\"ga\"}]}<\/script>\n<!-- \/ Yoast SEO plugin. -->","yoast_head_json":{"title":"Trump agus na Gaeil - Ini\u00fachadh TG4 D\u00e9 C\u00e9adaoin 17 Nollaig 2025 \u2013 9.30pm TG4 & TG4.ie | Preas R\u00e1iteas | TG4","robots":{"index":"index","follow":"follow","max-snippet":"max-snippet:-1","max-image-preview":"max-image-preview:large","max-video-preview":"max-video-preview:-1"},"og_locale":"en_US","og_type":"article","og_title":"Trump agus na Gaeil - Ini\u00fachadh TG4 D\u00e9 C\u00e9adaoin 17 Nollaig 2025 \u2013 9.30pm TG4 & TG4.ie | Preas R\u00e1iteas | TG4","og_description":"Trump agus na Gaeil &#8211; Ini\u00fachadh TG4 D\u00e9 C\u00e9adaoin 17 Nollaig 2025 \u2013 9.30pm TG4 &#038; TG4.ie &nbsp; &nbsp; &nbsp; Blais\u00edn &#8211; Trump agus na Gaeil &#8211; Ini\u00fachadh TG4 \u00cdomh\u00e1nna &#8211; Trump agus na Gaeil &#8211; Ini\u00fachadh TG4 &nbsp; T\u00e1 s\u00e9 \u00e1 mholadh do shaor\u00e1naigh de chuid na h\u00c9ireann a bhfuil c\u00f3na\u00ed orthu gan an [&hellip;]","og_url":"https:\/\/dev.tg4.ie\/ga\/eolas\/preas\/nuacht-raitis\/2025-2\/trump-agus-na-gaeil-iniuchadh-tg4-de-ceadaoin-17-nollaig-2025-9-30pm-tg4-tg4-ie\/","og_site_name":"TG4","article_publisher":"https:\/\/www.facebook.com\/TG4TV","article_modified_time":"2025-12-17T10:51:01+00:00","og_image":[{"url":"https:\/\/dev.tg4.ie\/wp-content\/uploads\/2025\/12\/Iniuchadh-Trump-1.jpg"}],"twitter_card":"summary_large_image","twitter_site":"@TG4TV","twitter_misc":{"Est. reading time":"9 minutes"},"schema":{"@context":"https:\/\/schema.org","@graph":[{"@type":"WebPage","@id":"https:\/\/dev.tg4.ie\/ga\/eolas\/preas\/nuacht-raitis\/2025-2\/trump-agus-na-gaeil-iniuchadh-tg4-de-ceadaoin-17-nollaig-2025-9-30pm-tg4-tg4-ie\/","url":"https:\/\/dev.tg4.ie\/ga\/eolas\/preas\/nuacht-raitis\/2025-2\/trump-agus-na-gaeil-iniuchadh-tg4-de-ceadaoin-17-nollaig-2025-9-30pm-tg4-tg4-ie\/","name":"Trump agus na Gaeil - Ini\u00fachadh TG4 D\u00e9 C\u00e9adaoin 17 Nollaig 2025 \u2013 9.30pm TG4 & TG4.ie | Preas R\u00e1iteas | TG4","isPartOf":{"@id":"https:\/\/dev.tg4.ie\/en\/#website"},"primaryImageOfPage":{"@id":"https:\/\/dev.tg4.ie\/ga\/eolas\/preas\/nuacht-raitis\/2025-2\/trump-agus-na-gaeil-iniuchadh-tg4-de-ceadaoin-17-nollaig-2025-9-30pm-tg4-tg4-ie\/#primaryimage"},"image":{"@id":"https:\/\/dev.tg4.ie\/ga\/eolas\/preas\/nuacht-raitis\/2025-2\/trump-agus-na-gaeil-iniuchadh-tg4-de-ceadaoin-17-nollaig-2025-9-30pm-tg4-tg4-ie\/#primaryimage"},"thumbnailUrl":"https:\/\/dev.tg4.ie\/wp-content\/uploads\/2025\/12\/Iniuchadh-Trump-1.jpg","datePublished":"2025-12-17T10:41:53+00:00","dateModified":"2025-12-17T10:51:01+00:00","breadcrumb":{"@id":"https:\/\/dev.tg4.ie\/ga\/eolas\/preas\/nuacht-raitis\/2025-2\/trump-agus-na-gaeil-iniuchadh-tg4-de-ceadaoin-17-nollaig-2025-9-30pm-tg4-tg4-ie\/#breadcrumb"},"inLanguage":"ga","potentialAction":[{"@type":"ReadAction","target":["https:\/\/dev.tg4.ie\/ga\/eolas\/preas\/nuacht-raitis\/2025-2\/trump-agus-na-gaeil-iniuchadh-tg4-de-ceadaoin-17-nollaig-2025-9-30pm-tg4-tg4-ie\/"]}]},{"@type":"ImageObject","inLanguage":"ga","@id":"https:\/\/dev.tg4.ie\/ga\/eolas\/preas\/nuacht-raitis\/2025-2\/trump-agus-na-gaeil-iniuchadh-tg4-de-ceadaoin-17-nollaig-2025-9-30pm-tg4-tg4-ie\/#primaryimage","url":"https:\/\/dev.tg4.ie\/wp-content\/uploads\/2025\/12\/Iniuchadh-Trump-1.jpg","contentUrl":"https:\/\/dev.tg4.ie\/wp-content\/uploads\/2025\/12\/Iniuchadh-Trump-1.jpg"},{"@type":"BreadcrumbList","@id":"https:\/\/dev.tg4.ie\/ga\/eolas\/preas\/nuacht-raitis\/2025-2\/trump-agus-na-gaeil-iniuchadh-tg4-de-ceadaoin-17-nollaig-2025-9-30pm-tg4-tg4-ie\/#breadcrumb","itemListElement":[{"@type":"ListItem","position":1,"name":"Home","item":"https:\/\/dev.tg4.ie\/ga\/"},{"@type":"ListItem","position":2,"name":"Eolas","item":"https:\/\/dev.tg4.ie\/ga\/eolas\/"},{"@type":"ListItem","position":3,"name":"Preas","item":"https:\/\/dev.tg4.ie\/ga\/eolas\/preas\/"},{"@type":"ListItem","position":4,"name":"Nuacht R\u00e1itis","item":"https:\/\/dev.tg4.ie\/ga\/eolas\/preas\/nuacht-raitis\/"},{"@type":"ListItem","position":5,"name":"2025","item":"https:\/\/dev.tg4.ie\/ga\/eolas\/preas\/nuacht-raitis\/2025-2\/"},{"@type":"ListItem","position":6,"name":"Trump agus na Gaeil &#8211; Ini\u00fachadh TG4"}]},{"@type":"WebSite","@id":"https:\/\/dev.tg4.ie\/en\/#website","url":"https:\/\/dev.tg4.ie\/en\/","name":"TG4","description":"S\u00fail Eile","potentialAction":[{"@type":"SearchAction","target":{"@type":"EntryPoint","urlTemplate":"https:\/\/dev.tg4.ie\/en\/?s={search_term_string}"},"query-input":"required name=search_term_string"}],"inLanguage":"ga"}]}},"_links":{"self":[{"href":"https:\/\/dev.tg4.ie\/ga\/wp-json\/wp\/v2\/pages\/248603"}],"collection":[{"href":"https:\/\/dev.tg4.ie\/ga\/wp-json\/wp\/v2\/pages"}],"about":[{"href":"https:\/\/dev.tg4.ie\/ga\/wp-json\/wp\/v2\/types\/page"}],"author":[{"embeddable":true,"href":"https:\/\/dev.tg4.ie\/ga\/wp-json\/wp\/v2\/users\/876"}],"replies":[{"embeddable":true,"href":"https:\/\/dev.tg4.ie\/ga\/wp-json\/wp\/v2\/comments?post=248603"}],"version-history":[{"count":0,"href":"https:\/\/dev.tg4.ie\/ga\/wp-json\/wp\/v2\/pages\/248603\/revisions"}],"up":[{"embeddable":true,"href":"https:\/\/dev.tg4.ie\/ga\/wp-json\/wp\/v2\/pages\/236807"}],"wp:attachment":[{"href":"https:\/\/dev.tg4.ie\/ga\/wp-json\/wp\/v2\/media?parent=248603"}],"curies":[{"name":"wp","href":"https:\/\/api.w.org\/{rel}","templated":true}]}}