{"id":27700,"date":"2016-08-05T10:51:54","date_gmt":"2016-08-05T09:51:54","guid":{"rendered":"https:\/\/dev.tg4.ie\/corporate\/preas\/press-releases\/2016-2\/04-08-16\/"},"modified":"2019-06-24T16:41:36","modified_gmt":"2019-06-24T15:41:36","slug":"04-08-16","status":"publish","type":"page","link":"https:\/\/dev.tg4.ie\/ga\/eolas\/preas\/nuacht-raitis\/2016-2\/04-08-16\/","title":{"rendered":"04.08.16"},"content":{"rendered":"<h1>TG4 Ardghl\u00e9ine (HD) ar f\u00e1il anois do chustaim\u00e9ir\u00ed Sky in \u00c9irinn<\/h1>\n<p>Beidh teacht feasta ag custaim\u00e9ir\u00ed ardghl\u00e9ine Sky ar fud na h\u00c9ireann ar TG4 HD.\u00a0\u00a0 Dheimhnigh Sky agus an cain\u00e9al teilif\u00edse Gaeilge inniu go bhfuil an leagan ardghl\u00e9ine de TG4 ar f\u00e1il anois do gach custaim\u00e9ir de chuid Sky ar oile\u00e1n na h\u00c9ireann a bhfuil s\u00ednti\u00fas HD aige le Sky.<\/p>\n<p>T\u00e1 TG4 ar f\u00e1il do gach custaim\u00e9ir le Sky in \u00c9irinn \u00f3 1998 agus leanfar leis sin gan aon athr\u00fa.\u00a0 Ach deir saineolaithe go bhfuil an leagan HD de phicti\u00fair teilif\u00edse i bhfad n\u00edos fearr agus n\u00edos gl\u00e9ine n\u00e1 caighde\u00e1n an ghn\u00e1th-phicti\u00fair (SD) agus t\u00e1 gean ar leith ag lucht f\u00e9achana sp\u00f3irt, scann\u00e1n agus faisn\u00e9ise ar chaighde\u00e1n picti\u00fair HD ar an teilif\u00eds.<\/p>\n<p>Cuireann formh\u00f3r na n-ard\u00e1n teilifise at\u00e1 in \u00fas\u00e1id fhorleathan in \u00c9irinn anois\u00a0 (c\u00e1bla, satail\u00edt agus trast\u00edre) rogha HD n\u00f3 SD ar f\u00e1il d\u00e1 gcuid custaim\u00e9ir\u00ed do chuid de na cain\u00e9il is m\u00f3 \u00e9ileamh.\u00a0 Is g\u00e1 teilif\u00edse\u00e1n a bhfuil cumas HD aige chun an leagan HD den phicti\u00fair a ghlacadh.\u00a0 T\u00e1 leagan HD de TG4 ar f\u00e1il do chustaim\u00e9ir\u00ed c\u00e1bla UPC\/Virgin Media le c\u00fapla bliain anuas.<\/p>\n<p>Meastar go bhfuil s\u00ednti\u00fas le Sky ag breis is 40% de na teaghlaigh teilif\u00edse ar oile\u00e1n na\u00a0 h\u00c9ireann faoi l\u00e1thair.\u00a0\u00a0 Is ar chain\u00e9al 104 (sa Phoblacht) agus 163 (sna S\u00e9 Contae) at\u00e1 f\u00e1il ar TG4 ar Sky, cuma an \u00e9 an leagan SD n\u00f3 HD at\u00e1thar a ghlacadh.<\/p>\n<p>Deir P\u00e1dhraic \u00d3 Ciardha, Leascheannasa\u00ed\u00a0TG4\u00a0 gur c\u00e9im chun cinn th\u00e1bhachtach \u00ed seo don tseirbh\u00eds:\u00a0 \u201cAgus muid ag feisti\u00fa do Bhreithl\u00e1 20 bliain faoi Shamhain, is deas linn go mbeadh an rogha HD ar f\u00e1il d\u2019oiread d\u00e1r lucht f\u00e9achana ar fud an oileain agus is f\u00e9idir.\u00a0 Bhain go leor oibre le cumas ardghl\u00e9ine a thabhairt don trealamh ar fad i ngach l\u00fab den slabhra fada a bhaineann le \u00e1bhar teilif\u00edse \u2013 \u00f3n gceamara ar an l\u00e1thair, go dt\u00ed an trealamh eagarth\u00f3ireachta, seachadta agus craolach\u00e1in. Agus sin curtha i gcr\u00edch, bh\u00ed ar \u00e1r gcumas f\u00eds ar chaighde\u00e1n HD a shol\u00e1thar do chustaim\u00e9ir\u00ed c\u00e1bla.\u00a0 Rinne muid sin le custaim\u00e9ir\u00ed c\u00e1bla ar dt\u00fas agus t\u00e1imid \u00e1 dh\u00e9anamh anois ar ard\u00e1n satail\u00edte Sky in \u00c9irinn, an t-ard\u00e1n seachadta teilif\u00edse is m\u00f3 a bhfuil custaim\u00e9ir\u00ed aige ar an oile\u00e1n.\u00a0\u00a0 Is \u00ed seo an <em>ts\u00fail eile<\/em> ardghl\u00e9ine feasta.&#8221;<\/p>\n","protected":false},"excerpt":{"rendered":"<p>TG4 Ardghl\u00e9ine (HD) ar f\u00e1il anois do chustaim\u00e9ir\u00ed Sky in \u00c9irinn Beidh teacht feasta ag custaim\u00e9ir\u00ed ardghl\u00e9ine Sky ar fud na h\u00c9ireann ar TG4 HD.\u00a0\u00a0 Dheimhnigh Sky agus an cain\u00e9al teilif\u00edse Gaeilge inniu go bhfuil an leagan ardghl\u00e9ine de TG4 ar f\u00e1il anois do gach custaim\u00e9ir de chuid Sky ar oile\u00e1n na h\u00c9ireann a bhfuil [&hellip;]<\/p>\n","protected":false},"author":876,"featured_media":0,"parent":6580,"menu_order":23,"comment_status":"closed","ping_status":"closed","template":"page-templates\/template-pr.php","meta":{"_acf_changed":false,"footnotes":""},"acf":[],"yoast_head":"<!-- This site is optimized with the Yoast SEO plugin v22.6 - https:\/\/yoast.com\/wordpress\/plugins\/seo\/ -->\n<title>04.08.16 - TG4<\/title>\n<meta name=\"robots\" content=\"index, follow, max-snippet:-1, max-image-preview:large, max-video-preview:-1\" \/>\n<meta property=\"og:locale\" content=\"en_US\" \/>\n<meta property=\"og:type\" content=\"article\" \/>\n<meta property=\"og:title\" content=\"04.08.16 - TG4\" \/>\n<meta property=\"og:description\" content=\"TG4 Ardghl\u00e9ine (HD) ar f\u00e1il anois do chustaim\u00e9ir\u00ed Sky in \u00c9irinn Beidh teacht feasta ag custaim\u00e9ir\u00ed ardghl\u00e9ine Sky ar fud na h\u00c9ireann ar TG4 HD.\u00a0\u00a0 Dheimhnigh Sky agus an cain\u00e9al teilif\u00edse Gaeilge inniu go bhfuil an leagan ardghl\u00e9ine de TG4 ar f\u00e1il anois do gach custaim\u00e9ir de chuid Sky ar oile\u00e1n na h\u00c9ireann a bhfuil [&hellip;]\" \/>\n<meta property=\"og:url\" content=\"https:\/\/dev.tg4.ie\/ga\/eolas\/preas\/nuacht-raitis\/2016-2\/04-08-16\/\" \/>\n<meta property=\"og:site_name\" content=\"TG4\" \/>\n<meta property=\"article:publisher\" content=\"https:\/\/www.facebook.com\/TG4TV\" \/>\n<meta property=\"article:modified_time\" content=\"2019-06-24T15:41:36+00:00\" \/>\n<meta property=\"og:image\" content=\"https:\/\/tg4-docs.s3.amazonaws.com\/wp-content\/uploads\/2024\/11\/18151812\/TG4_2024_corcra_teal_1-1920x1080-1.jpg\" \/>\n\t<meta property=\"og:image:width\" content=\"1920\" \/>\n\t<meta property=\"og:image:height\" content=\"1080\" \/>\n\t<meta property=\"og:image:type\" content=\"image\/jpeg\" \/>\n<meta name=\"twitter:card\" content=\"summary_large_image\" \/>\n<meta name=\"twitter:site\" content=\"@TG4TV\" \/>\n<meta name=\"twitter:label1\" content=\"Est. reading time\" \/>\n\t<meta name=\"twitter:data1\" content=\"2 minutes\" \/>\n<script type=\"application\/ld+json\" class=\"yoast-schema-graph\">{\"@context\":\"https:\/\/schema.org\",\"@graph\":[{\"@type\":\"WebPage\",\"@id\":\"https:\/\/dev.tg4.ie\/ga\/eolas\/preas\/nuacht-raitis\/2016-2\/04-08-16\/\",\"url\":\"https:\/\/dev.tg4.ie\/ga\/eolas\/preas\/nuacht-raitis\/2016-2\/04-08-16\/\",\"name\":\"04.08.16 - TG4\",\"isPartOf\":{\"@id\":\"https:\/\/dev.tg4.ie\/en\/#website\"},\"datePublished\":\"2016-08-05T09:51:54+00:00\",\"dateModified\":\"2019-06-24T15:41:36+00:00\",\"breadcrumb\":{\"@id\":\"https:\/\/dev.tg4.ie\/ga\/eolas\/preas\/nuacht-raitis\/2016-2\/04-08-16\/#breadcrumb\"},\"inLanguage\":\"ga\",\"potentialAction\":[{\"@type\":\"ReadAction\",\"target\":[\"https:\/\/dev.tg4.ie\/ga\/eolas\/preas\/nuacht-raitis\/2016-2\/04-08-16\/\"]}]},{\"@type\":\"BreadcrumbList\",\"@id\":\"https:\/\/dev.tg4.ie\/ga\/eolas\/preas\/nuacht-raitis\/2016-2\/04-08-16\/#breadcrumb\",\"itemListElement\":[{\"@type\":\"ListItem\",\"position\":1,\"name\":\"Home\",\"item\":\"https:\/\/dev.tg4.ie\/ga\/\"},{\"@type\":\"ListItem\",\"position\":2,\"name\":\"Eolas\",\"item\":\"https:\/\/dev.tg4.ie\/ga\/eolas\/\"},{\"@type\":\"ListItem\",\"position\":3,\"name\":\"Preas\",\"item\":\"https:\/\/dev.tg4.ie\/ga\/eolas\/preas\/\"},{\"@type\":\"ListItem\",\"position\":4,\"name\":\"Nuacht R\u00e1itis\",\"item\":\"https:\/\/dev.tg4.ie\/ga\/eolas\/preas\/nuacht-raitis\/\"},{\"@type\":\"ListItem\",\"position\":5,\"name\":\"2016\",\"item\":\"https:\/\/dev.tg4.ie\/ga\/eolas\/preas\/nuacht-raitis\/2016-2\/\"},{\"@type\":\"ListItem\",\"position\":6,\"name\":\"04.08.16\"}]},{\"@type\":\"WebSite\",\"@id\":\"https:\/\/dev.tg4.ie\/en\/#website\",\"url\":\"https:\/\/dev.tg4.ie\/en\/\",\"name\":\"TG4\",\"description\":\"S\u00fail Eile\",\"potentialAction\":[{\"@type\":\"SearchAction\",\"target\":{\"@type\":\"EntryPoint\",\"urlTemplate\":\"https:\/\/dev.tg4.ie\/en\/?s={search_term_string}\"},\"query-input\":\"required name=search_term_string\"}],\"inLanguage\":\"ga\"}]}<\/script>\n<!-- \/ Yoast SEO plugin. -->","yoast_head_json":{"title":"04.08.16 - TG4","robots":{"index":"index","follow":"follow","max-snippet":"max-snippet:-1","max-image-preview":"max-image-preview:large","max-video-preview":"max-video-preview:-1"},"og_locale":"en_US","og_type":"article","og_title":"04.08.16 - TG4","og_description":"TG4 Ardghl\u00e9ine (HD) ar f\u00e1il anois do chustaim\u00e9ir\u00ed Sky in \u00c9irinn Beidh teacht feasta ag custaim\u00e9ir\u00ed ardghl\u00e9ine Sky ar fud na h\u00c9ireann ar TG4 HD.\u00a0\u00a0 Dheimhnigh Sky agus an cain\u00e9al teilif\u00edse Gaeilge inniu go bhfuil an leagan ardghl\u00e9ine de TG4 ar f\u00e1il anois do gach custaim\u00e9ir de chuid Sky ar oile\u00e1n na h\u00c9ireann a bhfuil [&hellip;]","og_url":"https:\/\/dev.tg4.ie\/ga\/eolas\/preas\/nuacht-raitis\/2016-2\/04-08-16\/","og_site_name":"TG4","article_publisher":"https:\/\/www.facebook.com\/TG4TV","article_modified_time":"2019-06-24T15:41:36+00:00","og_image":[{"width":1920,"height":1080,"url":"https:\/\/tg4-docs.s3.amazonaws.com\/wp-content\/uploads\/2024\/11\/18151812\/TG4_2024_corcra_teal_1-1920x1080-1.jpg","type":"image\/jpeg"}],"twitter_card":"summary_large_image","twitter_site":"@TG4TV","twitter_misc":{"Est. reading time":"2 minutes"},"schema":{"@context":"https:\/\/schema.org","@graph":[{"@type":"WebPage","@id":"https:\/\/dev.tg4.ie\/ga\/eolas\/preas\/nuacht-raitis\/2016-2\/04-08-16\/","url":"https:\/\/dev.tg4.ie\/ga\/eolas\/preas\/nuacht-raitis\/2016-2\/04-08-16\/","name":"04.08.16 - TG4","isPartOf":{"@id":"https:\/\/dev.tg4.ie\/en\/#website"},"datePublished":"2016-08-05T09:51:54+00:00","dateModified":"2019-06-24T15:41:36+00:00","breadcrumb":{"@id":"https:\/\/dev.tg4.ie\/ga\/eolas\/preas\/nuacht-raitis\/2016-2\/04-08-16\/#breadcrumb"},"inLanguage":"ga","potentialAction":[{"@type":"ReadAction","target":["https:\/\/dev.tg4.ie\/ga\/eolas\/preas\/nuacht-raitis\/2016-2\/04-08-16\/"]}]},{"@type":"BreadcrumbList","@id":"https:\/\/dev.tg4.ie\/ga\/eolas\/preas\/nuacht-raitis\/2016-2\/04-08-16\/#breadcrumb","itemListElement":[{"@type":"ListItem","position":1,"name":"Home","item":"https:\/\/dev.tg4.ie\/ga\/"},{"@type":"ListItem","position":2,"name":"Eolas","item":"https:\/\/dev.tg4.ie\/ga\/eolas\/"},{"@type":"ListItem","position":3,"name":"Preas","item":"https:\/\/dev.tg4.ie\/ga\/eolas\/preas\/"},{"@type":"ListItem","position":4,"name":"Nuacht R\u00e1itis","item":"https:\/\/dev.tg4.ie\/ga\/eolas\/preas\/nuacht-raitis\/"},{"@type":"ListItem","position":5,"name":"2016","item":"https:\/\/dev.tg4.ie\/ga\/eolas\/preas\/nuacht-raitis\/2016-2\/"},{"@type":"ListItem","position":6,"name":"04.08.16"}]},{"@type":"WebSite","@id":"https:\/\/dev.tg4.ie\/en\/#website","url":"https:\/\/dev.tg4.ie\/en\/","name":"TG4","description":"S\u00fail Eile","potentialAction":[{"@type":"SearchAction","target":{"@type":"EntryPoint","urlTemplate":"https:\/\/dev.tg4.ie\/en\/?s={search_term_string}"},"query-input":"required name=search_term_string"}],"inLanguage":"ga"}]}},"_links":{"self":[{"href":"https:\/\/dev.tg4.ie\/ga\/wp-json\/wp\/v2\/pages\/27700"}],"collection":[{"href":"https:\/\/dev.tg4.ie\/ga\/wp-json\/wp\/v2\/pages"}],"about":[{"href":"https:\/\/dev.tg4.ie\/ga\/wp-json\/wp\/v2\/types\/page"}],"author":[{"embeddable":true,"href":"https:\/\/dev.tg4.ie\/ga\/wp-json\/wp\/v2\/users\/876"}],"replies":[{"embeddable":true,"href":"https:\/\/dev.tg4.ie\/ga\/wp-json\/wp\/v2\/comments?post=27700"}],"version-history":[{"count":0,"href":"https:\/\/dev.tg4.ie\/ga\/wp-json\/wp\/v2\/pages\/27700\/revisions"}],"up":[{"embeddable":true,"href":"https:\/\/dev.tg4.ie\/ga\/wp-json\/wp\/v2\/pages\/6580"}],"wp:attachment":[{"href":"https:\/\/dev.tg4.ie\/ga\/wp-json\/wp\/v2\/media?parent=27700"}],"curies":[{"name":"wp","href":"https:\/\/api.w.org\/{rel}","templated":true}]}}