{"id":281,"date":"2015-07-06T13:12:20","date_gmt":"2015-07-06T13:12:48","guid":{"rendered":"https:\/\/dev.tg4.ie\/ga\/player\/sport\/"},"modified":"2019-11-13T11:32:24","modified_gmt":"2019-11-13T11:32:24","slug":"sport","status":"publish","type":"page","link":"https:\/\/dev.tg4.ie\/ga\/player\/catagoir\/sport\/","title":{"rendered":"Sp\u00f3rt"},"content":{"rendered":"","protected":false},"excerpt":{"rendered":"","protected":false},"author":876,"featured_media":102873,"parent":102090,"menu_order":3,"comment_status":"closed","ping_status":"closed","template":"page-templates\/template-series.php","meta":{"_acf_changed":false,"footnotes":""},"acf":[],"yoast_head":"<!-- This site is optimized with the Yoast SEO plugin v22.6 - https:\/\/yoast.com\/wordpress\/plugins\/seo\/ -->\n<title>Cl\u00e1racha Sp\u00f3irt is fearr \u00f3n Teilif\u00eds | Seinnteoir TG4 | TG4 TV<\/title>\n<meta name=\"robots\" content=\"index, follow, max-snippet:-1, max-image-preview:large, max-video-preview:-1\" \/>\n<meta property=\"og:locale\" content=\"en_US\" \/>\n<meta property=\"og:type\" content=\"article\" \/>\n<meta property=\"og:title\" content=\"Cl\u00e1racha Sp\u00f3irt is fearr \u00f3n Teilif\u00eds | Seinnteoir TG4 | TG4 TV\" \/>\n<meta property=\"og:url\" content=\"https:\/\/dev.tg4.ie\/ga\/player\/catagoir\/sport\/\" \/>\n<meta property=\"og:site_name\" content=\"TG4\" \/>\n<meta property=\"article:publisher\" content=\"https:\/\/www.facebook.com\/TG4TV\" \/>\n<meta property=\"article:modified_time\" content=\"2019-11-13T11:32:24+00:00\" \/>\n<meta property=\"og:image\" content=\"https:\/\/tg4-docs.s3.amazonaws.com\/tg4-redesign-2015\/wp-content\/uploads\/2019\/08\/TG4-Sport.png\" \/>\n\t<meta property=\"og:image:width\" content=\"500\" \/>\n\t<meta property=\"og:image:height\" content=\"281\" \/>\n\t<meta property=\"og:image:type\" content=\"image\/png\" \/>\n<meta name=\"twitter:card\" content=\"summary_large_image\" \/>\n<meta name=\"twitter:site\" content=\"@TG4TV\" \/>\n<script type=\"application\/ld+json\" class=\"yoast-schema-graph\">{\"@context\":\"https:\/\/schema.org\",\"@graph\":[{\"@type\":\"WebPage\",\"@id\":\"https:\/\/dev.tg4.ie\/ga\/player\/catagoir\/sport\/\",\"url\":\"https:\/\/dev.tg4.ie\/ga\/player\/catagoir\/sport\/\",\"name\":\"Cl\u00e1racha Sp\u00f3irt is fearr \u00f3n Teilif\u00eds | Seinnteoir TG4 | TG4 TV\",\"isPartOf\":{\"@id\":\"https:\/\/dev.tg4.ie\/en\/#website\"},\"primaryImageOfPage\":{\"@id\":\"https:\/\/dev.tg4.ie\/ga\/player\/catagoir\/sport\/#primaryimage\"},\"image\":{\"@id\":\"https:\/\/dev.tg4.ie\/ga\/player\/catagoir\/sport\/#primaryimage\"},\"thumbnailUrl\":\"https:\/\/tg4-docs.s3.amazonaws.com\/tg4-redesign-2015\/wp-content\/uploads\/2019\/08\/TG4-Sport.png\",\"datePublished\":\"2015-07-06T13:12:48+00:00\",\"dateModified\":\"2019-11-13T11:32:24+00:00\",\"breadcrumb\":{\"@id\":\"https:\/\/dev.tg4.ie\/ga\/player\/catagoir\/sport\/#breadcrumb\"},\"inLanguage\":\"ga\",\"potentialAction\":[{\"@type\":\"ReadAction\",\"target\":[\"https:\/\/dev.tg4.ie\/ga\/player\/catagoir\/sport\/\"]}]},{\"@type\":\"ImageObject\",\"inLanguage\":\"ga\",\"@id\":\"https:\/\/dev.tg4.ie\/ga\/player\/catagoir\/sport\/#primaryimage\",\"url\":\"https:\/\/tg4-docs.s3.amazonaws.com\/tg4-redesign-2015\/wp-content\/uploads\/2019\/08\/TG4-Sport.png\",\"contentUrl\":\"https:\/\/tg4-docs.s3.amazonaws.com\/tg4-redesign-2015\/wp-content\/uploads\/2019\/08\/TG4-Sport.png\",\"width\":500,\"height\":281,\"caption\":\"Sp\u00f3rt TG4\"},{\"@type\":\"BreadcrumbList\",\"@id\":\"https:\/\/dev.tg4.ie\/ga\/player\/catagoir\/sport\/#breadcrumb\",\"itemListElement\":[{\"@type\":\"ListItem\",\"position\":1,\"name\":\"Home\",\"item\":\"https:\/\/dev.tg4.ie\/ga\/\"},{\"@type\":\"ListItem\",\"position\":2,\"name\":\"Seinnteoir\",\"item\":\"https:\/\/dev.tg4.ie\/ga\/player\/\"},{\"@type\":\"ListItem\",\"position\":3,\"name\":\"Genre\",\"item\":\"https:\/\/dev.tg4.ie\/ga\/player\/catagoir\/\"},{\"@type\":\"ListItem\",\"position\":4,\"name\":\"Sp\u00f3rt\"}]},{\"@type\":\"WebSite\",\"@id\":\"https:\/\/dev.tg4.ie\/en\/#website\",\"url\":\"https:\/\/dev.tg4.ie\/en\/\",\"name\":\"TG4\",\"description\":\"S\u00fail Eile\",\"potentialAction\":[{\"@type\":\"SearchAction\",\"target\":{\"@type\":\"EntryPoint\",\"urlTemplate\":\"https:\/\/dev.tg4.ie\/en\/?s={search_term_string}\"},\"query-input\":\"required name=search_term_string\"}],\"inLanguage\":\"ga\"}]}<\/script>\n<!-- \/ Yoast SEO plugin. -->","yoast_head_json":{"title":"Cl\u00e1racha Sp\u00f3irt is fearr \u00f3n Teilif\u00eds | Seinnteoir TG4 | TG4 TV","robots":{"index":"index","follow":"follow","max-snippet":"max-snippet:-1","max-image-preview":"max-image-preview:large","max-video-preview":"max-video-preview:-1"},"og_locale":"en_US","og_type":"article","og_title":"Cl\u00e1racha Sp\u00f3irt is fearr \u00f3n Teilif\u00eds | Seinnteoir TG4 | TG4 TV","og_url":"https:\/\/dev.tg4.ie\/ga\/player\/catagoir\/sport\/","og_site_name":"TG4","article_publisher":"https:\/\/www.facebook.com\/TG4TV","article_modified_time":"2019-11-13T11:32:24+00:00","og_image":[{"width":500,"height":281,"url":"https:\/\/tg4-docs.s3.amazonaws.com\/tg4-redesign-2015\/wp-content\/uploads\/2019\/08\/TG4-Sport.png","type":"image\/png"}],"twitter_card":"summary_large_image","twitter_site":"@TG4TV","schema":{"@context":"https:\/\/schema.org","@graph":[{"@type":"WebPage","@id":"https:\/\/dev.tg4.ie\/ga\/player\/catagoir\/sport\/","url":"https:\/\/dev.tg4.ie\/ga\/player\/catagoir\/sport\/","name":"Cl\u00e1racha Sp\u00f3irt is fearr \u00f3n Teilif\u00eds | Seinnteoir TG4 | TG4 TV","isPartOf":{"@id":"https:\/\/dev.tg4.ie\/en\/#website"},"primaryImageOfPage":{"@id":"https:\/\/dev.tg4.ie\/ga\/player\/catagoir\/sport\/#primaryimage"},"image":{"@id":"https:\/\/dev.tg4.ie\/ga\/player\/catagoir\/sport\/#primaryimage"},"thumbnailUrl":"https:\/\/tg4-docs.s3.amazonaws.com\/tg4-redesign-2015\/wp-content\/uploads\/2019\/08\/TG4-Sport.png","datePublished":"2015-07-06T13:12:48+00:00","dateModified":"2019-11-13T11:32:24+00:00","breadcrumb":{"@id":"https:\/\/dev.tg4.ie\/ga\/player\/catagoir\/sport\/#breadcrumb"},"inLanguage":"ga","potentialAction":[{"@type":"ReadAction","target":["https:\/\/dev.tg4.ie\/ga\/player\/catagoir\/sport\/"]}]},{"@type":"ImageObject","inLanguage":"ga","@id":"https:\/\/dev.tg4.ie\/ga\/player\/catagoir\/sport\/#primaryimage","url":"https:\/\/tg4-docs.s3.amazonaws.com\/tg4-redesign-2015\/wp-content\/uploads\/2019\/08\/TG4-Sport.png","contentUrl":"https:\/\/tg4-docs.s3.amazonaws.com\/tg4-redesign-2015\/wp-content\/uploads\/2019\/08\/TG4-Sport.png","width":500,"height":281,"caption":"Sp\u00f3rt TG4"},{"@type":"BreadcrumbList","@id":"https:\/\/dev.tg4.ie\/ga\/player\/catagoir\/sport\/#breadcrumb","itemListElement":[{"@type":"ListItem","position":1,"name":"Home","item":"https:\/\/dev.tg4.ie\/ga\/"},{"@type":"ListItem","position":2,"name":"Seinnteoir","item":"https:\/\/dev.tg4.ie\/ga\/player\/"},{"@type":"ListItem","position":3,"name":"Genre","item":"https:\/\/dev.tg4.ie\/ga\/player\/catagoir\/"},{"@type":"ListItem","position":4,"name":"Sp\u00f3rt"}]},{"@type":"WebSite","@id":"https:\/\/dev.tg4.ie\/en\/#website","url":"https:\/\/dev.tg4.ie\/en\/","name":"TG4","description":"S\u00fail Eile","potentialAction":[{"@type":"SearchAction","target":{"@type":"EntryPoint","urlTemplate":"https:\/\/dev.tg4.ie\/en\/?s={search_term_string}"},"query-input":"required name=search_term_string"}],"inLanguage":"ga"}]}},"_links":{"self":[{"href":"https:\/\/dev.tg4.ie\/ga\/wp-json\/wp\/v2\/pages\/281"}],"collection":[{"href":"https:\/\/dev.tg4.ie\/ga\/wp-json\/wp\/v2\/pages"}],"about":[{"href":"https:\/\/dev.tg4.ie\/ga\/wp-json\/wp\/v2\/types\/page"}],"author":[{"embeddable":true,"href":"https:\/\/dev.tg4.ie\/ga\/wp-json\/wp\/v2\/users\/876"}],"replies":[{"embeddable":true,"href":"https:\/\/dev.tg4.ie\/ga\/wp-json\/wp\/v2\/comments?post=281"}],"version-history":[{"count":0,"href":"https:\/\/dev.tg4.ie\/ga\/wp-json\/wp\/v2\/pages\/281\/revisions"}],"up":[{"embeddable":true,"href":"https:\/\/dev.tg4.ie\/ga\/wp-json\/wp\/v2\/pages\/102090"}],"wp:featuredmedia":[{"embeddable":true,"href":"https:\/\/dev.tg4.ie\/ga\/wp-json\/wp\/v2\/media\/102873"}],"wp:attachment":[{"href":"https:\/\/dev.tg4.ie\/ga\/wp-json\/wp\/v2\/media?parent=281"}],"curies":[{"name":"wp","href":"https:\/\/api.w.org\/{rel}","templated":true}]}}