{"id":28688,"date":"2016-08-30T12:21:33","date_gmt":"2016-08-30T11:21:33","guid":{"rendered":"https:\/\/dev.tg4.ie\/?page_id=28688"},"modified":"2019-06-24T16:42:59","modified_gmt":"2019-06-24T15:42:59","slug":"30-08-16-1","status":"publish","type":"page","link":"https:\/\/dev.tg4.ie\/ga\/eolas\/preas\/nuacht-raitis\/2016-2\/30-08-16-1\/","title":{"rendered":"30.08.16"},"content":{"rendered":"<h1>Spraoi agus Sp\u00f3rt, Ceol agus Comhluadar<\/h1>\n<h3>Sol\u00e1thar don uile mhian sa gCl\u00e1rsceideal F\u00f3mhair<\/h3>\n<p>Agus gan ach c\u00fapla seachtain f\u00e1gtha aige mar dh\u00e9ag\u00f3ir (beidh TG4 fiche bliain d\u2019aois O\u00edche Shamhna) t\u00e1 rogha fhuinni\u00fail fhairsing ilghn\u00e9itheach ar f\u00e1il sa gCl\u00e1rsceideal F\u00f3mhair 2016 at\u00e1 seolta ag an gcain\u00e9al ag nuacht-\u00f3c\u00e1id i mBaile \u00c1tha Cliath inniu.<\/p>\n<p>Ar na nithe is tarraingt\u00ed den sceideal, t\u00e1 sraitheanna faisn\u00e9ise a thugann l\u00e9argas nu\u00e1lach ar ghn\u00e9ithe r\u00fanda agus folaithe de shaol na h\u00c9ireann, (scann\u00e1n seanchais as \u00c1rainn i 1935 ina measc), dr\u00e1ma\u00edocht nua-l\u00e9irithe a leagann m\u00e9ar ar chuisle an phobail, rogha iontach \u00e1bhair do dhaoine \u00f3ga, sp\u00f3rt nach bhfaightear ar aon chain\u00e9al eile agus seirbh\u00eds nuachta agus c\u00farsa\u00ed reatha at\u00e1 \u00e9ags\u00fail, g\u00e9arch\u00faiseach.<\/p>\n<p>I measc na mbuaicphoint\u00ed t\u00e1:<\/p>\n<ul>\n<li><strong>Fir Bolg:<\/strong> Sraithdhr\u00e1ma nua grinn, 6 eagr\u00e1n, a thugann l\u00e9argas nach bhfeictear go minic ar shaol an cheoil traidisi\u00fanta. M\u00e1s f\u00edor an sc\u00e9al, ba ghr\u00fapa aitheanta ceoil ab ea na Fir Bolg, deich mbliana fichead \u00f3 shin. Thuill siad cl\u00fa agus c\u00e1il lena linn \u2013 ach d\u2019imigh sin agus th\u00e1inig seo. Scaradar \u00f3 ch\u00e9ile ach anois \u2013 agus an bunaitheoir b\u00e1saithe \u2013 t\u00e1 caint f\u00fathu ar\u00eds &#8211; agus airgead le d\u00e9anamh. T\u00e1 cliar iontach agus pearsain aitheanta go leora dr\u00e1ma seo<\/li>\n<li><strong>Mr. Robot:<\/strong> Leanann an sraith iomr\u00e1iteach seo sc\u00e9al Elliot,  fear \u00f3g a bhfuil scil aige ag haice\u00e1il r\u00edomhair\u00ed.  N\u00edl an scil c\u00e9anna aige ina chaidrimh le daoine agus \u00fas\u00e1ideann s\u00e9 na r\u00edomhair\u00ed leo si\u00fad a bhfuil cion aige orthu a chosaint.  I ndeireadh na d\u00e1la tugann an haice\u00e1il ar bh\u00f3thar eile \u00e9, ag pl\u00e9 leis an &#8216;F-society&#8217;, eagras faoi cheilt.<\/li>\n<li><strong>Hector Central:<\/strong> Is beag ceard den domhan nach raibh si\u00falta ag fear rua na hUaimhe do TG4 \u2013 ach d\u2019\u00e9irigh le Meirice\u00e1 L\u00e1ir a theacht sl\u00e1n \u2013 go dt\u00ed seo. Seo anois \u00e9 ar ruathar \u00f3 Phanama go Belize. Go bhf\u00f3ire Dia ar na daoine.<\/li>\n<li><strong>Anamnocht:<\/strong> Cl\u00e1ir shubstainti\u00fala faisn\u00e9ise uair an chloig a thugann l\u00e9argas taibhsi\u00fail d\u00fainn ar phearsain, ar ghluaiseachta\u00ed n\u00f3 ar \u00e1iteanna, ina measc comaoin dhearmadta Frank O\u2019Connor ar fhil\u00edocht na Gaeilge, com\u00f3radh ar bhan-amhr\u00e1na\u00ed as Oirialla a bh\u00e1saigh go h\u00f3g, saothar iontach na bhfear d\u00f3ite\u00e1n nua-oilte ar an gCeathr\u00fa Rua, an Cl\u00e1ir\u00edneach as Lios Ceann\u00fair a chruthaigh an fomhuire\u00e1n le cabhair na bhF\u00edn\u00edn\u00ed agus an bhanlaoch as Corcaigh a tharrth\u00e1il na c\u00e9adta \u00f3n mb\u00e1s le linn na coga\u00edochta sa Sp\u00e1inn agus sa bhFrainc 80 bliain \u00f3 shin.<\/li>\n<li><strong>Hup:<\/strong> S\u00e9as\u00far spleodrach eile den tsraith fhuinni\u00fail seo, ceol traidisi\u00fanta taifeadta le gean agus le samhla\u00edocht fh\u00edsi\u00fail ag tobar an d\u00fachais ag na h\u00f3c\u00e1id\u00ed is gaire do chuisle an cheoil. Is iad an ceol, na ceolt\u00f3ir\u00ed agus an t-ionad bun agus barr na gcl\u00e1r, n\u00edl l\u00e1ithreoir n\u00e1 caint i gceist.<\/li>\n<li><strong>Comhr\u00e1:<\/strong> Daoine aitheanta agus neamhaitheanta ag nochtadh a gcro\u00ed agus sc\u00e9al a mbeatha do <strong>Mh\u00e1irt\u00edn Tom She\u00e1in\u00edn<\/strong>. Beidh Uachtar\u00e1n reatha CLG ann, iar Uachtar\u00e1in Chonradh na Gaeilge, polaiteoir deisbh\u00e9alach grinnch\u00faiseach, m\u00fainteoir\u00ed agus spailp\u00edn a cheannaigh leora\u00ed. Uasal n\u00f3 \u00edseal, is mar an ch\u00e9ile do Mh\u00e1irt\u00edn \u00e9.<\/li>\n<li><strong>Tithe Cois Farraige:<\/strong> Sraith nua a chrutha\u00edonn go bhfuil tithe sa t\u00edr seo, idir shean agus nua, at\u00e1 chomh h\u00e1lainn le haon \u00e1ras ar domhan agus radharc na mara acu ar fad.<\/li>\n<li><strong>An R\u00edl Deal:<\/strong> Pearsain aitheanta sp\u00f3irt agus siamsa\u00edochta ag cruth\u00fa nach f\u00edor an sean fhocal gur Dh\u00e1 dtrian den damhsa an chos\u00falacht. B\u00edonn gach tosn\u00fa lag, fi\u00fa m\u00e1s r\u00e9alta sp\u00f3irt th\u00fa.<\/li>\n<li><strong>Laochra Gael:<\/strong> S\u00e9as\u00far eile de chuimhn\u00ed cinn agus \u00f3m\u00f3s do mh\u00f3r-imreoir\u00ed peile agus iom\u00e1na \u00f3n am at\u00e1 caite. Cl\u00e1racha an s\u00e9as\u00far seo ar <strong>Se\u00e1nie McMahon<\/strong> (An Cl\u00e1r), <strong>D\u00f3nal \u00d3g Cusack<\/strong> (Corcaigh), <strong>Pete Finnerty<\/strong> (Gaillimh), <strong>Pat Fox<\/strong> (Tiobraid \u00c1rann), <strong>Tommy Walsh<\/strong> (Cill Chainnigh), <strong>Cl\u00edodhna O\u2019Connor<\/strong> (\u00c1th Cliath), <strong>Na Lowrys<\/strong> (U\u00edbh Fhail\u00ed), <strong>Owen Mulligan<\/strong> (T\u00edr Eoghain), <strong>Dara \u00d3 Cinn\u00e9ide<\/strong> (Ciarra\u00ed) agus <strong>\u00c9amonn O\u2019Hara<\/strong> (Sligeach).<\/li>\n<li><strong>GAA Beo:<\/strong> Beochraoladh eisiach gach deireadh seachtaine ar Chluich\u00ed Ceannais na h\u00c9ireann, Mion\u00fair, Faoi 21, Craobhacha TG4 i bPeil na mBan, Cluich\u00ed Ceannais Contae, Craobh Club AIB agus Sraitheanna N\u00e1isi\u00fanta Allianz.<\/li>\n<li><strong>Imeall:<\/strong> S\u00e9as\u00far nua den tsraith sheachtaini\u00fail ar shaol na n-eala\u00edon agus an chult\u00fair, l\u00e9irmheasanna agus tuairisc\u00ed agus ard\u00e1n d\u2019eala\u00edont\u00f3ir\u00ed agus iad i mbun crutha\u00edochta idir fh\u00eds, fhocal agus eile i gcuideachta <strong>Tristan Rosenstock<\/strong> agus <strong>Ailbhe N\u00ed Ghearbuigh<\/strong>.<\/li>\n<li><strong>Rugba\u00ed Beo:<\/strong> Beochraoladh eisiach ar chluich\u00ed sa gcom\u00f3rtas nua sraithe an Guinness Pro 12 agus buaicphoint\u00ed ar gach l\u00e1 imeartha \u00f3 Chorn na gCuradh.<\/li>\n<li><strong>Daoine \u00d3ga:<\/strong> C\u00fala4 na n\u00d3g &#8211; an z\u00f3n laeth\u00fail do ph\u00e1ist\u00ed r\u00e9amhscoile ag am bricfeasta. Ar na sraitheanna nua i mbliana beidh <strong>Masha agus an B\u00e9ar<\/strong>, <strong>Wussywat<\/strong>, <strong>Astroblast<\/strong> agus seanchairde ar n\u00f3s <strong>Dora<\/strong>, <strong>Pocoyo<\/strong>, <strong>Bia Linn<\/strong>, <strong>Saol Faoi Shr\u00e1id<\/strong>, <strong>Igam Ogam<\/strong> agus <strong>Sc\u00e9al an Lae<\/strong>. San iarn\u00f3in, beidh Miche\u00e1l \u00d3 Ciaraidh ag l\u00e1ithri\u00fa C\u00fala4 ina bhfuil sraitheanna cart\u00fain, dr\u00e1ma\u00edochta agus eile, ina measc na sraitheanna nua-l\u00e9irithe Gaeilge <strong>Is Eola\u00ed M\u00e9<\/strong> agus <strong>Na D\u00falrad\u00f3ir\u00ed<\/strong>.<\/li>\n<li><strong>Nuacht TG4:<\/strong> S\u00fail ar leith ar sc\u00e9alta r\u00e9igi\u00fanacha, \u00e1iti\u00fala agus daonna. D\u00e9antar cl\u00fadach ar leith \u00f3 ch\u00f3sta an iarthair, ar an nGaeltacht agus ar phobal na Gaeilge ar fud na t\u00edre agus n\u00edos faide \u00f3 bhaile. Is \u00ed an duais-chraolt\u00f3ir <strong>Eimear N\u00ed Chonaola<\/strong> an t-ancaire.<\/li>\n<li><strong>F\u00edorsc\u00e9al:<\/strong> Tuilleadh cl\u00e1r faisn\u00e9ise a thugann aghaidh go fuarch\u00faiseach ar mh\u00f3rcheisteanna idirn\u00e1isi\u00fanta tr\u00ed sh\u00faile na l\u00e9iritheoir\u00ed teilif\u00edse is misni\u00fala agus is consp\u00f3id\u00ed ar domhan. Fiosr\u00f3far monaplacht na St\u00e1t Aontaithe ar shatail\u00edt\u00ed GPS in eagr\u00e1n amh\u00e1in.<\/li>\n<li><strong>Na Bail\u00e9id:<\/strong> An Corca\u00edocht si\u00falach, fiosrach <strong>John Spillane<\/strong>, ar th\u00f3ir na sc\u00e9alta as ar fh\u00e1s cuid de na amhr\u00e1in is ansa linn ar fad.<\/li>\n<li><strong>R\u00f3is\u00edn:<\/strong> S\u00e9as\u00far nua den chl\u00e1r cainte agus pl\u00e9 ina bhfuil <strong>R\u00f3is\u00edn N\u00ed Eadhra<\/strong> agus a ha\u00edonna agus iad i mbun anail\u00edse ar cheisteanna teaghlaigh, oideachais agus sl\u00e1inte, \u00f3 chian is \u00f3 ch\u00f3ngar.<\/li>\n<li><strong>Opry an I\u00fair:<\/strong> R\u00e9alta\u00ed m\u00f3ra an cheoil t\u00edre in \u00c9irinn i mbun coirme. Beidh an r\u00ed f\u00e9in, <strong>Daniel O\u2019Donnell<\/strong> ag cabhr\u00fa leo ar\u00eds i mbliana agus amhr\u00e1naithe Gaeilge ag canadh ar an ard\u00e1n leis na r\u00e9alta\u00ed ceol t\u00edre.<\/li>\n<li><strong>Cr\u00e1 sa Chr\u00e9:<\/strong> Sraith ina l\u00e9ir\u00edtear roinnt c\u00e1sanna c\u00fairte a chrutha\u00edonn go bhfuil d\u00fail ar leith ag an \u00c9ireannach sa talamh \u2013 agus gur d\u00fail fhuilteach \u00ed uaireanta.<\/li>\n<li><strong>Junior Eurovision:<\/strong> Anois agus \u00c9ire n\u00e1irithe le blianta beaga sa gcom\u00f3rtas sinsear, t\u00e1 TG4 ag cur chun p\u00e1irce den dara bliain as a ch\u00e9ile sa gcom\u00f3rtas s\u00f3isear f\u00e9achaint le hamhr\u00e1n nua-chumtha Gaeilge a roghn\u00fa le go rachaidh an buaiteoir chuig an gCraobh Eorpach a chraolfar beo as Malta.<\/li>\n<li><strong>Madra\u00ed na nGael:<\/strong> Sraith a chuirfidh led eolas ar roinnt de na p\u00f3ir dh\u00fachasacha is sine d\u00e1 bhfuil againn.<\/li>\n<\/ul>\n<p>Is f\u00e9idir \u00e1bhar TG4 a fh\u00e1il anois, aon am, aon \u00e1it ar domhan. T\u00e1 Aip TG4 ar f\u00e1il anois ar theilif\u00edse\u00e1in chliste agus ar an iPad, t\u00e1 Seinnteoir TG4 <a href=\"https:\/\/dev.tg4.ie\/player\/baile\/\">anseo<\/a>, go leor eile ar an <a href=\"https:\/\/dev.tg4.ie\">Su\u00edomh Gr\u00e9as\u00e1in<\/a> (agus n\u00ed fada uainn Aip Sheinnteoir C\u00fala4).<\/p>\n","protected":false},"excerpt":{"rendered":"<p>Spraoi agus Sp\u00f3rt, Ceol agus Comhluadar Sol\u00e1thar don uile mhian sa gCl\u00e1rsceideal F\u00f3mhair Agus gan ach c\u00fapla seachtain f\u00e1gtha aige mar dh\u00e9ag\u00f3ir (beidh TG4 fiche bliain d\u2019aois O\u00edche Shamhna) t\u00e1 rogha fhuinni\u00fail fhairsing ilghn\u00e9itheach ar f\u00e1il sa gCl\u00e1rsceideal F\u00f3mhair 2016 at\u00e1 seolta ag an gcain\u00e9al ag nuacht-\u00f3c\u00e1id i mBaile \u00c1tha Cliath inniu. Ar na nithe [&hellip;]<\/p>\n","protected":false},"author":4,"featured_media":28729,"parent":6580,"menu_order":24,"comment_status":"closed","ping_status":"closed","template":"page-templates\/template-pr.php","meta":{"_acf_changed":false,"footnotes":""},"acf":[],"yoast_head":"<!-- This site is optimized with the Yoast SEO plugin v22.6 - https:\/\/yoast.com\/wordpress\/plugins\/seo\/ -->\n<title>30.08.16 - TG4<\/title>\n<meta name=\"robots\" content=\"index, follow, max-snippet:-1, max-image-preview:large, max-video-preview:-1\" \/>\n<meta property=\"og:locale\" content=\"en_US\" \/>\n<meta property=\"og:type\" content=\"article\" \/>\n<meta property=\"og:title\" content=\"30.08.16 - TG4\" \/>\n<meta property=\"og:description\" content=\"Spraoi agus Sp\u00f3rt, Ceol agus Comhluadar Sol\u00e1thar don uile mhian sa gCl\u00e1rsceideal F\u00f3mhair Agus gan ach c\u00fapla seachtain f\u00e1gtha aige mar dh\u00e9ag\u00f3ir (beidh TG4 fiche bliain d\u2019aois O\u00edche Shamhna) t\u00e1 rogha fhuinni\u00fail fhairsing ilghn\u00e9itheach ar f\u00e1il sa gCl\u00e1rsceideal F\u00f3mhair 2016 at\u00e1 seolta ag an gcain\u00e9al ag nuacht-\u00f3c\u00e1id i mBaile \u00c1tha Cliath inniu. Ar na nithe [&hellip;]\" \/>\n<meta property=\"og:url\" content=\"https:\/\/dev.tg4.ie\/ga\/eolas\/preas\/nuacht-raitis\/2016-2\/30-08-16-1\/\" \/>\n<meta property=\"og:site_name\" content=\"TG4\" \/>\n<meta property=\"article:publisher\" content=\"https:\/\/www.facebook.com\/TG4TV\" \/>\n<meta property=\"article:modified_time\" content=\"2019-06-24T15:42:59+00:00\" \/>\n<meta property=\"og:image\" content=\"https:\/\/tg4-docs.s3.amazonaws.com\/tg4-redesign-2015\/wp-content\/uploads\/2016\/08\/Hector.jpg\" \/>\n\t<meta property=\"og:image:width\" content=\"1920\" \/>\n\t<meta property=\"og:image:height\" content=\"1080\" \/>\n\t<meta property=\"og:image:type\" content=\"image\/jpeg\" \/>\n<meta name=\"twitter:card\" content=\"summary_large_image\" \/>\n<meta name=\"twitter:site\" content=\"@TG4TV\" \/>\n<meta name=\"twitter:label1\" content=\"Est. reading time\" \/>\n\t<meta name=\"twitter:data1\" content=\"7 minutes\" \/>\n<script type=\"application\/ld+json\" class=\"yoast-schema-graph\">{\"@context\":\"https:\/\/schema.org\",\"@graph\":[{\"@type\":\"WebPage\",\"@id\":\"https:\/\/dev.tg4.ie\/ga\/eolas\/preas\/nuacht-raitis\/2016-2\/30-08-16-1\/\",\"url\":\"https:\/\/dev.tg4.ie\/ga\/eolas\/preas\/nuacht-raitis\/2016-2\/30-08-16-1\/\",\"name\":\"30.08.16 - TG4\",\"isPartOf\":{\"@id\":\"https:\/\/dev.tg4.ie\/en\/#website\"},\"primaryImageOfPage\":{\"@id\":\"https:\/\/dev.tg4.ie\/ga\/eolas\/preas\/nuacht-raitis\/2016-2\/30-08-16-1\/#primaryimage\"},\"image\":{\"@id\":\"https:\/\/dev.tg4.ie\/ga\/eolas\/preas\/nuacht-raitis\/2016-2\/30-08-16-1\/#primaryimage\"},\"thumbnailUrl\":\"https:\/\/tg4-docs.s3.amazonaws.com\/tg4-redesign-2015\/wp-content\/uploads\/2016\/08\/Hector.jpg\",\"datePublished\":\"2016-08-30T11:21:33+00:00\",\"dateModified\":\"2019-06-24T15:42:59+00:00\",\"breadcrumb\":{\"@id\":\"https:\/\/dev.tg4.ie\/ga\/eolas\/preas\/nuacht-raitis\/2016-2\/30-08-16-1\/#breadcrumb\"},\"inLanguage\":\"ga\",\"potentialAction\":[{\"@type\":\"ReadAction\",\"target\":[\"https:\/\/dev.tg4.ie\/ga\/eolas\/preas\/nuacht-raitis\/2016-2\/30-08-16-1\/\"]}]},{\"@type\":\"ImageObject\",\"inLanguage\":\"ga\",\"@id\":\"https:\/\/dev.tg4.ie\/ga\/eolas\/preas\/nuacht-raitis\/2016-2\/30-08-16-1\/#primaryimage\",\"url\":\"https:\/\/tg4-docs.s3.amazonaws.com\/tg4-redesign-2015\/wp-content\/uploads\/2016\/08\/Hector.jpg\",\"contentUrl\":\"https:\/\/tg4-docs.s3.amazonaws.com\/tg4-redesign-2015\/wp-content\/uploads\/2016\/08\/Hector.jpg\",\"width\":1920,\"height\":1080,\"caption\":\"Hector\"},{\"@type\":\"BreadcrumbList\",\"@id\":\"https:\/\/dev.tg4.ie\/ga\/eolas\/preas\/nuacht-raitis\/2016-2\/30-08-16-1\/#breadcrumb\",\"itemListElement\":[{\"@type\":\"ListItem\",\"position\":1,\"name\":\"Home\",\"item\":\"https:\/\/dev.tg4.ie\/ga\/\"},{\"@type\":\"ListItem\",\"position\":2,\"name\":\"Eolas\",\"item\":\"https:\/\/dev.tg4.ie\/ga\/eolas\/\"},{\"@type\":\"ListItem\",\"position\":3,\"name\":\"Preas\",\"item\":\"https:\/\/dev.tg4.ie\/ga\/eolas\/preas\/\"},{\"@type\":\"ListItem\",\"position\":4,\"name\":\"Nuacht R\u00e1itis\",\"item\":\"https:\/\/dev.tg4.ie\/ga\/eolas\/preas\/nuacht-raitis\/\"},{\"@type\":\"ListItem\",\"position\":5,\"name\":\"2016\",\"item\":\"https:\/\/dev.tg4.ie\/ga\/eolas\/preas\/nuacht-raitis\/2016-2\/\"},{\"@type\":\"ListItem\",\"position\":6,\"name\":\"30.08.16\"}]},{\"@type\":\"WebSite\",\"@id\":\"https:\/\/dev.tg4.ie\/en\/#website\",\"url\":\"https:\/\/dev.tg4.ie\/en\/\",\"name\":\"TG4\",\"description\":\"S\u00fail Eile\",\"potentialAction\":[{\"@type\":\"SearchAction\",\"target\":{\"@type\":\"EntryPoint\",\"urlTemplate\":\"https:\/\/dev.tg4.ie\/en\/?s={search_term_string}\"},\"query-input\":\"required name=search_term_string\"}],\"inLanguage\":\"ga\"}]}<\/script>\n<!-- \/ Yoast SEO plugin. -->","yoast_head_json":{"title":"30.08.16 - TG4","robots":{"index":"index","follow":"follow","max-snippet":"max-snippet:-1","max-image-preview":"max-image-preview:large","max-video-preview":"max-video-preview:-1"},"og_locale":"en_US","og_type":"article","og_title":"30.08.16 - TG4","og_description":"Spraoi agus Sp\u00f3rt, Ceol agus Comhluadar Sol\u00e1thar don uile mhian sa gCl\u00e1rsceideal F\u00f3mhair Agus gan ach c\u00fapla seachtain f\u00e1gtha aige mar dh\u00e9ag\u00f3ir (beidh TG4 fiche bliain d\u2019aois O\u00edche Shamhna) t\u00e1 rogha fhuinni\u00fail fhairsing ilghn\u00e9itheach ar f\u00e1il sa gCl\u00e1rsceideal F\u00f3mhair 2016 at\u00e1 seolta ag an gcain\u00e9al ag nuacht-\u00f3c\u00e1id i mBaile \u00c1tha Cliath inniu. Ar na nithe [&hellip;]","og_url":"https:\/\/dev.tg4.ie\/ga\/eolas\/preas\/nuacht-raitis\/2016-2\/30-08-16-1\/","og_site_name":"TG4","article_publisher":"https:\/\/www.facebook.com\/TG4TV","article_modified_time":"2019-06-24T15:42:59+00:00","og_image":[{"width":1920,"height":1080,"url":"https:\/\/tg4-docs.s3.amazonaws.com\/tg4-redesign-2015\/wp-content\/uploads\/2016\/08\/Hector.jpg","type":"image\/jpeg"}],"twitter_card":"summary_large_image","twitter_site":"@TG4TV","twitter_misc":{"Est. reading time":"7 minutes"},"schema":{"@context":"https:\/\/schema.org","@graph":[{"@type":"WebPage","@id":"https:\/\/dev.tg4.ie\/ga\/eolas\/preas\/nuacht-raitis\/2016-2\/30-08-16-1\/","url":"https:\/\/dev.tg4.ie\/ga\/eolas\/preas\/nuacht-raitis\/2016-2\/30-08-16-1\/","name":"30.08.16 - TG4","isPartOf":{"@id":"https:\/\/dev.tg4.ie\/en\/#website"},"primaryImageOfPage":{"@id":"https:\/\/dev.tg4.ie\/ga\/eolas\/preas\/nuacht-raitis\/2016-2\/30-08-16-1\/#primaryimage"},"image":{"@id":"https:\/\/dev.tg4.ie\/ga\/eolas\/preas\/nuacht-raitis\/2016-2\/30-08-16-1\/#primaryimage"},"thumbnailUrl":"https:\/\/tg4-docs.s3.amazonaws.com\/tg4-redesign-2015\/wp-content\/uploads\/2016\/08\/Hector.jpg","datePublished":"2016-08-30T11:21:33+00:00","dateModified":"2019-06-24T15:42:59+00:00","breadcrumb":{"@id":"https:\/\/dev.tg4.ie\/ga\/eolas\/preas\/nuacht-raitis\/2016-2\/30-08-16-1\/#breadcrumb"},"inLanguage":"ga","potentialAction":[{"@type":"ReadAction","target":["https:\/\/dev.tg4.ie\/ga\/eolas\/preas\/nuacht-raitis\/2016-2\/30-08-16-1\/"]}]},{"@type":"ImageObject","inLanguage":"ga","@id":"https:\/\/dev.tg4.ie\/ga\/eolas\/preas\/nuacht-raitis\/2016-2\/30-08-16-1\/#primaryimage","url":"https:\/\/tg4-docs.s3.amazonaws.com\/tg4-redesign-2015\/wp-content\/uploads\/2016\/08\/Hector.jpg","contentUrl":"https:\/\/tg4-docs.s3.amazonaws.com\/tg4-redesign-2015\/wp-content\/uploads\/2016\/08\/Hector.jpg","width":1920,"height":1080,"caption":"Hector"},{"@type":"BreadcrumbList","@id":"https:\/\/dev.tg4.ie\/ga\/eolas\/preas\/nuacht-raitis\/2016-2\/30-08-16-1\/#breadcrumb","itemListElement":[{"@type":"ListItem","position":1,"name":"Home","item":"https:\/\/dev.tg4.ie\/ga\/"},{"@type":"ListItem","position":2,"name":"Eolas","item":"https:\/\/dev.tg4.ie\/ga\/eolas\/"},{"@type":"ListItem","position":3,"name":"Preas","item":"https:\/\/dev.tg4.ie\/ga\/eolas\/preas\/"},{"@type":"ListItem","position":4,"name":"Nuacht R\u00e1itis","item":"https:\/\/dev.tg4.ie\/ga\/eolas\/preas\/nuacht-raitis\/"},{"@type":"ListItem","position":5,"name":"2016","item":"https:\/\/dev.tg4.ie\/ga\/eolas\/preas\/nuacht-raitis\/2016-2\/"},{"@type":"ListItem","position":6,"name":"30.08.16"}]},{"@type":"WebSite","@id":"https:\/\/dev.tg4.ie\/en\/#website","url":"https:\/\/dev.tg4.ie\/en\/","name":"TG4","description":"S\u00fail Eile","potentialAction":[{"@type":"SearchAction","target":{"@type":"EntryPoint","urlTemplate":"https:\/\/dev.tg4.ie\/en\/?s={search_term_string}"},"query-input":"required name=search_term_string"}],"inLanguage":"ga"}]}},"_links":{"self":[{"href":"https:\/\/dev.tg4.ie\/ga\/wp-json\/wp\/v2\/pages\/28688"}],"collection":[{"href":"https:\/\/dev.tg4.ie\/ga\/wp-json\/wp\/v2\/pages"}],"about":[{"href":"https:\/\/dev.tg4.ie\/ga\/wp-json\/wp\/v2\/types\/page"}],"author":[{"embeddable":true,"href":"https:\/\/dev.tg4.ie\/ga\/wp-json\/wp\/v2\/users\/4"}],"replies":[{"embeddable":true,"href":"https:\/\/dev.tg4.ie\/ga\/wp-json\/wp\/v2\/comments?post=28688"}],"version-history":[{"count":0,"href":"https:\/\/dev.tg4.ie\/ga\/wp-json\/wp\/v2\/pages\/28688\/revisions"}],"up":[{"embeddable":true,"href":"https:\/\/dev.tg4.ie\/ga\/wp-json\/wp\/v2\/pages\/6580"}],"wp:featuredmedia":[{"embeddable":true,"href":"https:\/\/dev.tg4.ie\/ga\/wp-json\/wp\/v2\/media\/28729"}],"wp:attachment":[{"href":"https:\/\/dev.tg4.ie\/ga\/wp-json\/wp\/v2\/media?parent=28688"}],"curies":[{"name":"wp","href":"https:\/\/api.w.org\/{rel}","templated":true}]}}