{"id":30394,"date":"2016-09-16T12:13:18","date_gmt":"2016-09-16T11:13:18","guid":{"rendered":"https:\/\/dev.tg4.ie\/?page_id=30394"},"modified":"2019-06-24T16:44:50","modified_gmt":"2019-06-24T15:44:50","slug":"15-09-16","status":"publish","type":"page","link":"https:\/\/dev.tg4.ie\/ga\/eolas\/preas\/nuacht-raitis\/2016-2\/15-09-16\/","title":{"rendered":"26.09.16 &#8211; Peil na mBan"},"content":{"rendered":"<p>Tuairisc\u00edonn mios\u00far Nielsen ar maidin gur fh\u00e9ach 235,000 duine ar an me\u00e1n ar an gCluiche Ceannais Sinsear, inar thug mn\u00e1 cumasacha Chorca\u00ed an Chraobh leo den 6\u00fa uair as a ch\u00e9ile.     D\u2019fh\u00e9ach beagnach 500,000 duine ar cuid \u00e9igin denc chluiche sin agus bh\u00ed  beagnach 27% den lucht f\u00e9achana n\u00e1isi\u00fanta teilif\u00edse in \u00c9irinn lena linn   ti\u00fan\u00e1ilte ar TG4.<\/p>\n<p>T\u00e1 na mios\u00fair sin ar fad d\u00edreach ar chomh-leibh\u00e9al leis na figi\u00fair\u00ed f\u00e9achana is airde a thuill TG4 don chluiche seo \u00f3 thosaigh s\u00e9  \u00e1 bheochraoladh s\u00e9 bliana d\u00e9ag \u00f3 shin.<\/p>\n<p>D\u2019fh\u00e1iltigh Ardsti\u00farth\u00f3ir TG4, P\u00f3l \u00d3 Gallch\u00f3ir roimh na figi\u00fair\u00ed f\u00e9achana inn\u00e9,  \u00e1 r\u00e1 gur cruth\u00fanas eile iad ar bhunt\u00e1ist\u00ed  lean\u00fanacha na comhph\u00e1\u00edrt\u00edochta idir an craolt\u00f3ir Gaeilge agus Cumann Peil Gael na mBan.<\/p>\n","protected":false},"excerpt":{"rendered":"<p>Tuairisc\u00edonn mios\u00far Nielsen ar maidin gur fh\u00e9ach 235,000 duine ar an me\u00e1n ar an gCluiche Ceannais Sinsear, inar thug mn\u00e1 cumasacha Chorca\u00ed an Chraobh leo den 6\u00fa uair as a ch\u00e9ile. D\u2019fh\u00e9ach beagnach 500,000 duine ar cuid \u00e9igin denc chluiche sin agus bh\u00ed beagnach 27% den lucht f\u00e9achana n\u00e1isi\u00fanta teilif\u00edse in \u00c9irinn lena linn ti\u00fan\u00e1ilte [&hellip;]<\/p>\n","protected":false},"author":4,"featured_media":25304,"parent":6580,"menu_order":27,"comment_status":"closed","ping_status":"closed","template":"page-templates\/template-pr.php","meta":{"_acf_changed":false,"footnotes":""},"acf":[],"yoast_head":"<!-- This site is optimized with the Yoast SEO plugin v22.6 - https:\/\/yoast.com\/wordpress\/plugins\/seo\/ -->\n<title>26.09.16 - Peil na mBan - TG4<\/title>\n<meta name=\"robots\" content=\"index, follow, max-snippet:-1, max-image-preview:large, max-video-preview:-1\" \/>\n<meta property=\"og:locale\" content=\"en_US\" \/>\n<meta property=\"og:type\" content=\"article\" \/>\n<meta property=\"og:title\" content=\"26.09.16 - Peil na mBan - TG4\" \/>\n<meta property=\"og:description\" content=\"Tuairisc\u00edonn mios\u00far Nielsen ar maidin gur fh\u00e9ach 235,000 duine ar an me\u00e1n ar an gCluiche Ceannais Sinsear, inar thug mn\u00e1 cumasacha Chorca\u00ed an Chraobh leo den 6\u00fa uair as a ch\u00e9ile. D\u2019fh\u00e9ach beagnach 500,000 duine ar cuid \u00e9igin denc chluiche sin agus bh\u00ed beagnach 27% den lucht f\u00e9achana n\u00e1isi\u00fanta teilif\u00edse in \u00c9irinn lena linn ti\u00fan\u00e1ilte [&hellip;]\" \/>\n<meta property=\"og:url\" content=\"https:\/\/dev.tg4.ie\/ga\/eolas\/preas\/nuacht-raitis\/2016-2\/15-09-16\/\" \/>\n<meta property=\"og:site_name\" content=\"TG4\" \/>\n<meta property=\"article:publisher\" content=\"https:\/\/www.facebook.com\/TG4TV\" \/>\n<meta property=\"article:modified_time\" content=\"2019-06-24T15:44:50+00:00\" \/>\n<meta property=\"og:image\" content=\"https:\/\/tg4-docs.s3.amazonaws.com\/tg4-redesign-2015\/wp-content\/uploads\/2015\/07\/Peil-na-mBan-Beo-2016.jpg\" \/>\n\t<meta property=\"og:image:width\" content=\"1920\" \/>\n\t<meta property=\"og:image:height\" content=\"1080\" \/>\n\t<meta property=\"og:image:type\" content=\"image\/jpeg\" \/>\n<meta name=\"twitter:card\" content=\"summary_large_image\" \/>\n<meta name=\"twitter:site\" content=\"@TG4TV\" \/>\n<meta name=\"twitter:label1\" content=\"Est. reading time\" \/>\n\t<meta name=\"twitter:data1\" content=\"1 minute\" \/>\n<script type=\"application\/ld+json\" class=\"yoast-schema-graph\">{\"@context\":\"https:\/\/schema.org\",\"@graph\":[{\"@type\":\"WebPage\",\"@id\":\"https:\/\/dev.tg4.ie\/ga\/eolas\/preas\/nuacht-raitis\/2016-2\/15-09-16\/\",\"url\":\"https:\/\/dev.tg4.ie\/ga\/eolas\/preas\/nuacht-raitis\/2016-2\/15-09-16\/\",\"name\":\"26.09.16 - Peil na mBan - TG4\",\"isPartOf\":{\"@id\":\"https:\/\/dev.tg4.ie\/en\/#website\"},\"primaryImageOfPage\":{\"@id\":\"https:\/\/dev.tg4.ie\/ga\/eolas\/preas\/nuacht-raitis\/2016-2\/15-09-16\/#primaryimage\"},\"image\":{\"@id\":\"https:\/\/dev.tg4.ie\/ga\/eolas\/preas\/nuacht-raitis\/2016-2\/15-09-16\/#primaryimage\"},\"thumbnailUrl\":\"https:\/\/tg4-docs.s3.amazonaws.com\/tg4-redesign-2015\/wp-content\/uploads\/2015\/07\/Peil-na-mBan-Beo-2016.jpg\",\"datePublished\":\"2016-09-16T11:13:18+00:00\",\"dateModified\":\"2019-06-24T15:44:50+00:00\",\"breadcrumb\":{\"@id\":\"https:\/\/dev.tg4.ie\/ga\/eolas\/preas\/nuacht-raitis\/2016-2\/15-09-16\/#breadcrumb\"},\"inLanguage\":\"ga\",\"potentialAction\":[{\"@type\":\"ReadAction\",\"target\":[\"https:\/\/dev.tg4.ie\/ga\/eolas\/preas\/nuacht-raitis\/2016-2\/15-09-16\/\"]}]},{\"@type\":\"ImageObject\",\"inLanguage\":\"ga\",\"@id\":\"https:\/\/dev.tg4.ie\/ga\/eolas\/preas\/nuacht-raitis\/2016-2\/15-09-16\/#primaryimage\",\"url\":\"https:\/\/tg4-docs.s3.amazonaws.com\/tg4-redesign-2015\/wp-content\/uploads\/2015\/07\/Peil-na-mBan-Beo-2016.jpg\",\"contentUrl\":\"https:\/\/tg4-docs.s3.amazonaws.com\/tg4-redesign-2015\/wp-content\/uploads\/2015\/07\/Peil-na-mBan-Beo-2016.jpg\",\"width\":1920,\"height\":1080,\"caption\":\"Peil na mBan Beo - 2016\"},{\"@type\":\"BreadcrumbList\",\"@id\":\"https:\/\/dev.tg4.ie\/ga\/eolas\/preas\/nuacht-raitis\/2016-2\/15-09-16\/#breadcrumb\",\"itemListElement\":[{\"@type\":\"ListItem\",\"position\":1,\"name\":\"Home\",\"item\":\"https:\/\/dev.tg4.ie\/ga\/\"},{\"@type\":\"ListItem\",\"position\":2,\"name\":\"Eolas\",\"item\":\"https:\/\/dev.tg4.ie\/ga\/eolas\/\"},{\"@type\":\"ListItem\",\"position\":3,\"name\":\"Preas\",\"item\":\"https:\/\/dev.tg4.ie\/ga\/eolas\/preas\/\"},{\"@type\":\"ListItem\",\"position\":4,\"name\":\"Nuacht R\u00e1itis\",\"item\":\"https:\/\/dev.tg4.ie\/ga\/eolas\/preas\/nuacht-raitis\/\"},{\"@type\":\"ListItem\",\"position\":5,\"name\":\"2016\",\"item\":\"https:\/\/dev.tg4.ie\/ga\/eolas\/preas\/nuacht-raitis\/2016-2\/\"},{\"@type\":\"ListItem\",\"position\":6,\"name\":\"26.09.16 &#8211; Peil na mBan\"}]},{\"@type\":\"WebSite\",\"@id\":\"https:\/\/dev.tg4.ie\/en\/#website\",\"url\":\"https:\/\/dev.tg4.ie\/en\/\",\"name\":\"TG4\",\"description\":\"S\u00fail Eile\",\"potentialAction\":[{\"@type\":\"SearchAction\",\"target\":{\"@type\":\"EntryPoint\",\"urlTemplate\":\"https:\/\/dev.tg4.ie\/en\/?s={search_term_string}\"},\"query-input\":\"required name=search_term_string\"}],\"inLanguage\":\"ga\"}]}<\/script>\n<!-- \/ Yoast SEO plugin. -->","yoast_head_json":{"title":"26.09.16 - Peil na mBan - TG4","robots":{"index":"index","follow":"follow","max-snippet":"max-snippet:-1","max-image-preview":"max-image-preview:large","max-video-preview":"max-video-preview:-1"},"og_locale":"en_US","og_type":"article","og_title":"26.09.16 - Peil na mBan - TG4","og_description":"Tuairisc\u00edonn mios\u00far Nielsen ar maidin gur fh\u00e9ach 235,000 duine ar an me\u00e1n ar an gCluiche Ceannais Sinsear, inar thug mn\u00e1 cumasacha Chorca\u00ed an Chraobh leo den 6\u00fa uair as a ch\u00e9ile. D\u2019fh\u00e9ach beagnach 500,000 duine ar cuid \u00e9igin denc chluiche sin agus bh\u00ed beagnach 27% den lucht f\u00e9achana n\u00e1isi\u00fanta teilif\u00edse in \u00c9irinn lena linn ti\u00fan\u00e1ilte [&hellip;]","og_url":"https:\/\/dev.tg4.ie\/ga\/eolas\/preas\/nuacht-raitis\/2016-2\/15-09-16\/","og_site_name":"TG4","article_publisher":"https:\/\/www.facebook.com\/TG4TV","article_modified_time":"2019-06-24T15:44:50+00:00","og_image":[{"width":1920,"height":1080,"url":"https:\/\/tg4-docs.s3.amazonaws.com\/tg4-redesign-2015\/wp-content\/uploads\/2015\/07\/Peil-na-mBan-Beo-2016.jpg","type":"image\/jpeg"}],"twitter_card":"summary_large_image","twitter_site":"@TG4TV","twitter_misc":{"Est. reading time":"1 minute"},"schema":{"@context":"https:\/\/schema.org","@graph":[{"@type":"WebPage","@id":"https:\/\/dev.tg4.ie\/ga\/eolas\/preas\/nuacht-raitis\/2016-2\/15-09-16\/","url":"https:\/\/dev.tg4.ie\/ga\/eolas\/preas\/nuacht-raitis\/2016-2\/15-09-16\/","name":"26.09.16 - Peil na mBan - TG4","isPartOf":{"@id":"https:\/\/dev.tg4.ie\/en\/#website"},"primaryImageOfPage":{"@id":"https:\/\/dev.tg4.ie\/ga\/eolas\/preas\/nuacht-raitis\/2016-2\/15-09-16\/#primaryimage"},"image":{"@id":"https:\/\/dev.tg4.ie\/ga\/eolas\/preas\/nuacht-raitis\/2016-2\/15-09-16\/#primaryimage"},"thumbnailUrl":"https:\/\/tg4-docs.s3.amazonaws.com\/tg4-redesign-2015\/wp-content\/uploads\/2015\/07\/Peil-na-mBan-Beo-2016.jpg","datePublished":"2016-09-16T11:13:18+00:00","dateModified":"2019-06-24T15:44:50+00:00","breadcrumb":{"@id":"https:\/\/dev.tg4.ie\/ga\/eolas\/preas\/nuacht-raitis\/2016-2\/15-09-16\/#breadcrumb"},"inLanguage":"ga","potentialAction":[{"@type":"ReadAction","target":["https:\/\/dev.tg4.ie\/ga\/eolas\/preas\/nuacht-raitis\/2016-2\/15-09-16\/"]}]},{"@type":"ImageObject","inLanguage":"ga","@id":"https:\/\/dev.tg4.ie\/ga\/eolas\/preas\/nuacht-raitis\/2016-2\/15-09-16\/#primaryimage","url":"https:\/\/tg4-docs.s3.amazonaws.com\/tg4-redesign-2015\/wp-content\/uploads\/2015\/07\/Peil-na-mBan-Beo-2016.jpg","contentUrl":"https:\/\/tg4-docs.s3.amazonaws.com\/tg4-redesign-2015\/wp-content\/uploads\/2015\/07\/Peil-na-mBan-Beo-2016.jpg","width":1920,"height":1080,"caption":"Peil na mBan Beo - 2016"},{"@type":"BreadcrumbList","@id":"https:\/\/dev.tg4.ie\/ga\/eolas\/preas\/nuacht-raitis\/2016-2\/15-09-16\/#breadcrumb","itemListElement":[{"@type":"ListItem","position":1,"name":"Home","item":"https:\/\/dev.tg4.ie\/ga\/"},{"@type":"ListItem","position":2,"name":"Eolas","item":"https:\/\/dev.tg4.ie\/ga\/eolas\/"},{"@type":"ListItem","position":3,"name":"Preas","item":"https:\/\/dev.tg4.ie\/ga\/eolas\/preas\/"},{"@type":"ListItem","position":4,"name":"Nuacht R\u00e1itis","item":"https:\/\/dev.tg4.ie\/ga\/eolas\/preas\/nuacht-raitis\/"},{"@type":"ListItem","position":5,"name":"2016","item":"https:\/\/dev.tg4.ie\/ga\/eolas\/preas\/nuacht-raitis\/2016-2\/"},{"@type":"ListItem","position":6,"name":"26.09.16 &#8211; Peil na mBan"}]},{"@type":"WebSite","@id":"https:\/\/dev.tg4.ie\/en\/#website","url":"https:\/\/dev.tg4.ie\/en\/","name":"TG4","description":"S\u00fail Eile","potentialAction":[{"@type":"SearchAction","target":{"@type":"EntryPoint","urlTemplate":"https:\/\/dev.tg4.ie\/en\/?s={search_term_string}"},"query-input":"required name=search_term_string"}],"inLanguage":"ga"}]}},"_links":{"self":[{"href":"https:\/\/dev.tg4.ie\/ga\/wp-json\/wp\/v2\/pages\/30394"}],"collection":[{"href":"https:\/\/dev.tg4.ie\/ga\/wp-json\/wp\/v2\/pages"}],"about":[{"href":"https:\/\/dev.tg4.ie\/ga\/wp-json\/wp\/v2\/types\/page"}],"author":[{"embeddable":true,"href":"https:\/\/dev.tg4.ie\/ga\/wp-json\/wp\/v2\/users\/4"}],"replies":[{"embeddable":true,"href":"https:\/\/dev.tg4.ie\/ga\/wp-json\/wp\/v2\/comments?post=30394"}],"version-history":[{"count":0,"href":"https:\/\/dev.tg4.ie\/ga\/wp-json\/wp\/v2\/pages\/30394\/revisions"}],"up":[{"embeddable":true,"href":"https:\/\/dev.tg4.ie\/ga\/wp-json\/wp\/v2\/pages\/6580"}],"wp:featuredmedia":[{"embeddable":true,"href":"https:\/\/dev.tg4.ie\/ga\/wp-json\/wp\/v2\/media\/25304"}],"wp:attachment":[{"href":"https:\/\/dev.tg4.ie\/ga\/wp-json\/wp\/v2\/media?parent=30394"}],"curies":[{"name":"wp","href":"https:\/\/api.w.org\/{rel}","templated":true}]}}