{"id":31150,"date":"2016-09-26T16:14:58","date_gmt":"2016-09-26T15:14:58","guid":{"rendered":"https:\/\/dev.tg4.ie\/corporate\/preas\/press-releases\/2016-2\/15-09-16-2\/"},"modified":"2019-06-24T16:56:53","modified_gmt":"2019-06-24T15:56:53","slug":"15-09-16-2","status":"publish","type":"page","link":"https:\/\/dev.tg4.ie\/ga\/eolas\/preas\/nuacht-raitis\/2016-2\/15-09-16-2\/","title":{"rendered":"15.09.16 &#8211; IFTA"},"content":{"rendered":"<p>T\u00e1 3 ainmni\u00fach\u00e1n faighte ag EIPIC do na gradaim IFTA sna catag\u00f3ir\u00ed Leana\u00ed agus Daoine \u00d3ga, Sti\u00farth\u00f3ir (Louise N\u00ed Fhiannachta) agus Cl\u00e1ir Ghaeilge. T\u00e1 2 ainmni\u00fach\u00e1n faighte ag Ros na R\u00fan \u2013 pr\u00edomhshraith dr\u00e1ma\u00edochta an st\u00e1isi\u00fain at\u00e1 21 bliain ar an bhf\u00f3d i mbliana agus arb \u00e9 ceann de na cl\u00e1ir is m\u00f3 t\u00f3ir ar TG4 \u00e9.<\/p>\n<p>Ainmn\u00edodh B\u00e1s N\u00f3 Saoirse, arna l\u00e9iri\u00fa ag Tile Films, don ghradam don tSraith Faisn\u00e9ise Is Fearr. Ainmn\u00edodh Nuacht TG4 sa chatag\u00f3ir Nuachta. I measc na gcl\u00e1r a ainmn\u00edodh sa chatag\u00f3ir Cl\u00e1ir Ghaeilge t\u00e1; an tsraith dr\u00e1ma\u00edochta a bhfuil gradaim faighte aici, An Klondike; EIPIC &#8211; sraith dr\u00e1ma\u00edochta faoi ch\u00faigear d\u00e9ag\u00f3ir\u00ed faoin tuath a ghlacann seilbh ar oifig phoist thr\u00e9igthe chun t\u00fas a chur le h\u00e9ir\u00ed amach ceoil in 2016; Fleadh TV , an tsraith cheannr\u00f3da\u00edoch cheoil agus siamsa\u00edochta a l\u00e9ir\u00edonn an chuid is fearr den cheol t\u00edre agus traidisi\u00fanta as Fleadh Cheoil na h\u00c9ireann; agus sobalchl\u00e1r an chain\u00e9il, Ros na R\u00fan.<\/p>\n<p>T\u00e1 Crainn na h\u00c9ireann, sraith cl\u00e1r ina dt\u00e9ann Manch\u00e1n Magan timpeall na h\u00c9ireann ag aithint na gcrann d\u00fachasach, ainmnithe le haghaidh gradam Sainchl\u00e1r F\u00edorasach.<\/p>\n<p>T\u00e1 dh\u00e1 l\u00e9iri\u00fach\u00e1n de chuid TG4 ainmnithe le haghaidh gradaim sa chatag\u00f3ir Fuaime; Hup (Stephen McLoughlin) agus Deoch an Dorais (John Brennan)<\/p>\n<p>Ainmn\u00edodh l\u00e1ithreoir TG4, M\u00e1ire Treasa N\u00ed Dhubhghaill, le haghaidh gradam IFTA sa chatag\u00f3ir R\u00e9alta Teilif\u00edse Nua Gala.<\/p>\n<p>T\u00e1 sonra\u00ed beachta ar ainmni\u00fach\u00e1in TG4 ar ghearrliosta ghradaim IFTA 2016 le f\u00e1il th\u00edos. Is iad na Gradaim IFTA na gradaim is m\u00f3 le r\u00e1 sa tionscal scann\u00e1n agus dr\u00e1ma\u00edochta in \u00c9irinn.<\/p>\n<p>Thr\u00e9aslaigh an tArdsti\u00farth\u00f3ir, P\u00f3l \u00d3 Gallch\u00f3ir, leis na daoine a ainmn\u00edodh do ghradaim IFTA na bliana seo sna r\u00e9ims\u00ed l\u00e9iri\u00fach\u00e1in agus scileanna. \u201cT\u00e1 ainmni\u00fach\u00e1in faighte ag TG4 do Ghradaim IFTA gach bliain \u00f3 th\u00e1inig muid ar an aer\u201d a d\u00fairt s\u00e9. \u201cL\u00e9iri\u00fa ar chaighde\u00e1n uath\u00fail agus nu\u00e1la\u00edoch TG4 a bheith ainmnithe sna catag\u00f3ir\u00ed c\u00e9anna le roinnt den \u00e1bhar teilif\u00edse B\u00e9arla is fearr d\u00e1 bhfuil ann, l\u00e9iri\u00fa a thagann leis an aiseolas rialta a fhaighimid \u00f3n lucht f\u00e9achana agus \u00f3 l\u00e9irmheast\u00f3ir\u00ed\u201d, a d\u00fairt s\u00e9.<\/p>\n<hr \/>\n<h2>Ainmnithe do na Gradaim Teilif\u00edse IFTA Gala 2016<\/h2>\n<ul>\n<li>Sobalchl\u00e1r<br \/>Ros na R\u00fan (arna l\u00e9iri\u00fa ag Tyrone Productions agus Eo Teilif\u00eds)<\/li>\n<li>Leana\u00ed agus Daoine \u00d3ga<br \/>Eipic (arna l\u00e9iri\u00fa ag Magamedia)<\/li>\n<li>Sti\u00farth\u00f3ir &#8211; Sobalchl\u00e1ir agus Cl\u00e1ir Ghrinn<br \/>Louise N\u00ed Fhiannachta &#8211; Eipic (arna l\u00e9iri\u00fa ag Magamedia)<\/li>\n<li>Sraith Faisn\u00e9ise<br \/>B\u00e1s n\u00f3 Saoirse (arna l\u00e9iri\u00fa ag Tile Films)<\/li>\n<li>R\u00e9alta Teilif\u00edse Nua Gala<br \/>M\u00e1ire Treasa N\u00ed Dhubhghaill \u2013 TG4<\/li>\n<li>Nuacht<br \/>Nuacht TG4\n<li>\n<li>Sainchl\u00e1r F\u00edorasach<br \/>Crainn na h\u00c9ireann (arna l\u00e9iri\u00fa ag Ab\u00fa Media)<\/li>\n<li>Cl\u00e1ir Ghaeilge<br \/>An Klondike (arna l\u00e9iri\u00fa ag Ab\u00fa Media)<br \/><Eipic (arna l\u00e9iri\u00fa ag Magamedia)<br \/>Fleadh TV (arna l\u00e9iri\u00fa ag Paul McKay Productions (NI) Ltd TA Gifted Empire Productions)<br \/>Ros na R\u00fan (arna l\u00e9iri\u00fa ag Tyrone Productions agus Eo Teilif\u00eds)<\/li>\n<li>Fuaim<br \/>Deoch an Dorais &#8211; John Brennan (arna l\u00e9iri\u00fa ag Magamedia)<br \/>Hup &#8211; Stephen McLoughlin (arna l\u00e9iri\u00fa ag Redshoe productions)<\/li>\n<\/ul>\n","protected":false},"excerpt":{"rendered":"<p>T\u00e1 3 ainmni\u00fach\u00e1n faighte ag EIPIC do na gradaim IFTA sna catag\u00f3ir\u00ed Leana\u00ed agus Daoine \u00d3ga, Sti\u00farth\u00f3ir (Louise N\u00ed Fhiannachta) agus Cl\u00e1ir Ghaeilge. T\u00e1 2 ainmni\u00fach\u00e1n faighte ag Ros na R\u00fan \u2013 pr\u00edomhshraith dr\u00e1ma\u00edochta an st\u00e1isi\u00fain at\u00e1 21 bliain ar an bhf\u00f3d i mbliana agus arb \u00e9 ceann de na cl\u00e1ir is m\u00f3 t\u00f3ir ar [&hellip;]<\/p>\n","protected":false},"author":4,"featured_media":21033,"parent":6580,"menu_order":26,"comment_status":"closed","ping_status":"closed","template":"page-templates\/template-pr.php","meta":{"_acf_changed":false,"footnotes":""},"acf":[],"yoast_head":"<!-- This site is optimized with the Yoast SEO plugin v22.6 - https:\/\/yoast.com\/wordpress\/plugins\/seo\/ -->\n<title>15.09.16 - IFTA - TG4<\/title>\n<meta name=\"robots\" content=\"index, follow, max-snippet:-1, max-image-preview:large, max-video-preview:-1\" \/>\n<meta property=\"og:locale\" content=\"en_US\" \/>\n<meta property=\"og:type\" content=\"article\" \/>\n<meta property=\"og:title\" content=\"15.09.16 - IFTA - TG4\" \/>\n<meta property=\"og:description\" content=\"T\u00e1 3 ainmni\u00fach\u00e1n faighte ag EIPIC do na gradaim IFTA sna catag\u00f3ir\u00ed Leana\u00ed agus Daoine \u00d3ga, Sti\u00farth\u00f3ir (Louise N\u00ed Fhiannachta) agus Cl\u00e1ir Ghaeilge. T\u00e1 2 ainmni\u00fach\u00e1n faighte ag Ros na R\u00fan \u2013 pr\u00edomhshraith dr\u00e1ma\u00edochta an st\u00e1isi\u00fain at\u00e1 21 bliain ar an bhf\u00f3d i mbliana agus arb \u00e9 ceann de na cl\u00e1ir is m\u00f3 t\u00f3ir ar [&hellip;]\" \/>\n<meta property=\"og:url\" content=\"https:\/\/dev.tg4.ie\/ga\/eolas\/preas\/nuacht-raitis\/2016-2\/15-09-16-2\/\" \/>\n<meta property=\"og:site_name\" content=\"TG4\" \/>\n<meta property=\"article:publisher\" content=\"https:\/\/www.facebook.com\/TG4TV\" \/>\n<meta property=\"article:modified_time\" content=\"2019-06-24T15:56:53+00:00\" \/>\n<meta property=\"og:image\" content=\"https:\/\/tg4-docs.s3.amazonaws.com\/tg4-redesign-2015\/wp-content\/uploads\/2016\/05\/Feilte_MaireTreasa.jpg\" \/>\n\t<meta property=\"og:image:width\" content=\"1920\" \/>\n\t<meta property=\"og:image:height\" content=\"1080\" \/>\n\t<meta property=\"og:image:type\" content=\"image\/jpeg\" \/>\n<meta name=\"twitter:card\" content=\"summary_large_image\" \/>\n<meta name=\"twitter:site\" content=\"@TG4TV\" \/>\n<meta name=\"twitter:label1\" content=\"Est. reading time\" \/>\n\t<meta name=\"twitter:data1\" content=\"3 minutes\" \/>\n<script type=\"application\/ld+json\" class=\"yoast-schema-graph\">{\"@context\":\"https:\/\/schema.org\",\"@graph\":[{\"@type\":\"WebPage\",\"@id\":\"https:\/\/dev.tg4.ie\/ga\/eolas\/preas\/nuacht-raitis\/2016-2\/15-09-16-2\/\",\"url\":\"https:\/\/dev.tg4.ie\/ga\/eolas\/preas\/nuacht-raitis\/2016-2\/15-09-16-2\/\",\"name\":\"15.09.16 - IFTA - TG4\",\"isPartOf\":{\"@id\":\"https:\/\/dev.tg4.ie\/en\/#website\"},\"primaryImageOfPage\":{\"@id\":\"https:\/\/dev.tg4.ie\/ga\/eolas\/preas\/nuacht-raitis\/2016-2\/15-09-16-2\/#primaryimage\"},\"image\":{\"@id\":\"https:\/\/dev.tg4.ie\/ga\/eolas\/preas\/nuacht-raitis\/2016-2\/15-09-16-2\/#primaryimage\"},\"thumbnailUrl\":\"https:\/\/tg4-docs.s3.amazonaws.com\/tg4-redesign-2015\/wp-content\/uploads\/2016\/05\/Feilte_MaireTreasa.jpg\",\"datePublished\":\"2016-09-26T15:14:58+00:00\",\"dateModified\":\"2019-06-24T15:56:53+00:00\",\"breadcrumb\":{\"@id\":\"https:\/\/dev.tg4.ie\/ga\/eolas\/preas\/nuacht-raitis\/2016-2\/15-09-16-2\/#breadcrumb\"},\"inLanguage\":\"ga\",\"potentialAction\":[{\"@type\":\"ReadAction\",\"target\":[\"https:\/\/dev.tg4.ie\/ga\/eolas\/preas\/nuacht-raitis\/2016-2\/15-09-16-2\/\"]}]},{\"@type\":\"ImageObject\",\"inLanguage\":\"ga\",\"@id\":\"https:\/\/dev.tg4.ie\/ga\/eolas\/preas\/nuacht-raitis\/2016-2\/15-09-16-2\/#primaryimage\",\"url\":\"https:\/\/tg4-docs.s3.amazonaws.com\/tg4-redesign-2015\/wp-content\/uploads\/2016\/05\/Feilte_MaireTreasa.jpg\",\"contentUrl\":\"https:\/\/tg4-docs.s3.amazonaws.com\/tg4-redesign-2015\/wp-content\/uploads\/2016\/05\/Feilte_MaireTreasa.jpg\",\"width\":1920,\"height\":1080,\"caption\":\"M\u00e1ire Treasa N\u00ed Dhubhghaill\"},{\"@type\":\"BreadcrumbList\",\"@id\":\"https:\/\/dev.tg4.ie\/ga\/eolas\/preas\/nuacht-raitis\/2016-2\/15-09-16-2\/#breadcrumb\",\"itemListElement\":[{\"@type\":\"ListItem\",\"position\":1,\"name\":\"Home\",\"item\":\"https:\/\/dev.tg4.ie\/ga\/\"},{\"@type\":\"ListItem\",\"position\":2,\"name\":\"Eolas\",\"item\":\"https:\/\/dev.tg4.ie\/ga\/eolas\/\"},{\"@type\":\"ListItem\",\"position\":3,\"name\":\"Preas\",\"item\":\"https:\/\/dev.tg4.ie\/ga\/eolas\/preas\/\"},{\"@type\":\"ListItem\",\"position\":4,\"name\":\"Nuacht R\u00e1itis\",\"item\":\"https:\/\/dev.tg4.ie\/ga\/eolas\/preas\/nuacht-raitis\/\"},{\"@type\":\"ListItem\",\"position\":5,\"name\":\"2016\",\"item\":\"https:\/\/dev.tg4.ie\/ga\/eolas\/preas\/nuacht-raitis\/2016-2\/\"},{\"@type\":\"ListItem\",\"position\":6,\"name\":\"15.09.16 &#8211; IFTA\"}]},{\"@type\":\"WebSite\",\"@id\":\"https:\/\/dev.tg4.ie\/en\/#website\",\"url\":\"https:\/\/dev.tg4.ie\/en\/\",\"name\":\"TG4\",\"description\":\"S\u00fail Eile\",\"potentialAction\":[{\"@type\":\"SearchAction\",\"target\":{\"@type\":\"EntryPoint\",\"urlTemplate\":\"https:\/\/dev.tg4.ie\/en\/?s={search_term_string}\"},\"query-input\":\"required name=search_term_string\"}],\"inLanguage\":\"ga\"}]}<\/script>\n<!-- \/ Yoast SEO plugin. -->","yoast_head_json":{"title":"15.09.16 - IFTA - TG4","robots":{"index":"index","follow":"follow","max-snippet":"max-snippet:-1","max-image-preview":"max-image-preview:large","max-video-preview":"max-video-preview:-1"},"og_locale":"en_US","og_type":"article","og_title":"15.09.16 - IFTA - TG4","og_description":"T\u00e1 3 ainmni\u00fach\u00e1n faighte ag EIPIC do na gradaim IFTA sna catag\u00f3ir\u00ed Leana\u00ed agus Daoine \u00d3ga, Sti\u00farth\u00f3ir (Louise N\u00ed Fhiannachta) agus Cl\u00e1ir Ghaeilge. T\u00e1 2 ainmni\u00fach\u00e1n faighte ag Ros na R\u00fan \u2013 pr\u00edomhshraith dr\u00e1ma\u00edochta an st\u00e1isi\u00fain at\u00e1 21 bliain ar an bhf\u00f3d i mbliana agus arb \u00e9 ceann de na cl\u00e1ir is m\u00f3 t\u00f3ir ar [&hellip;]","og_url":"https:\/\/dev.tg4.ie\/ga\/eolas\/preas\/nuacht-raitis\/2016-2\/15-09-16-2\/","og_site_name":"TG4","article_publisher":"https:\/\/www.facebook.com\/TG4TV","article_modified_time":"2019-06-24T15:56:53+00:00","og_image":[{"width":1920,"height":1080,"url":"https:\/\/tg4-docs.s3.amazonaws.com\/tg4-redesign-2015\/wp-content\/uploads\/2016\/05\/Feilte_MaireTreasa.jpg","type":"image\/jpeg"}],"twitter_card":"summary_large_image","twitter_site":"@TG4TV","twitter_misc":{"Est. reading time":"3 minutes"},"schema":{"@context":"https:\/\/schema.org","@graph":[{"@type":"WebPage","@id":"https:\/\/dev.tg4.ie\/ga\/eolas\/preas\/nuacht-raitis\/2016-2\/15-09-16-2\/","url":"https:\/\/dev.tg4.ie\/ga\/eolas\/preas\/nuacht-raitis\/2016-2\/15-09-16-2\/","name":"15.09.16 - IFTA - TG4","isPartOf":{"@id":"https:\/\/dev.tg4.ie\/en\/#website"},"primaryImageOfPage":{"@id":"https:\/\/dev.tg4.ie\/ga\/eolas\/preas\/nuacht-raitis\/2016-2\/15-09-16-2\/#primaryimage"},"image":{"@id":"https:\/\/dev.tg4.ie\/ga\/eolas\/preas\/nuacht-raitis\/2016-2\/15-09-16-2\/#primaryimage"},"thumbnailUrl":"https:\/\/tg4-docs.s3.amazonaws.com\/tg4-redesign-2015\/wp-content\/uploads\/2016\/05\/Feilte_MaireTreasa.jpg","datePublished":"2016-09-26T15:14:58+00:00","dateModified":"2019-06-24T15:56:53+00:00","breadcrumb":{"@id":"https:\/\/dev.tg4.ie\/ga\/eolas\/preas\/nuacht-raitis\/2016-2\/15-09-16-2\/#breadcrumb"},"inLanguage":"ga","potentialAction":[{"@type":"ReadAction","target":["https:\/\/dev.tg4.ie\/ga\/eolas\/preas\/nuacht-raitis\/2016-2\/15-09-16-2\/"]}]},{"@type":"ImageObject","inLanguage":"ga","@id":"https:\/\/dev.tg4.ie\/ga\/eolas\/preas\/nuacht-raitis\/2016-2\/15-09-16-2\/#primaryimage","url":"https:\/\/tg4-docs.s3.amazonaws.com\/tg4-redesign-2015\/wp-content\/uploads\/2016\/05\/Feilte_MaireTreasa.jpg","contentUrl":"https:\/\/tg4-docs.s3.amazonaws.com\/tg4-redesign-2015\/wp-content\/uploads\/2016\/05\/Feilte_MaireTreasa.jpg","width":1920,"height":1080,"caption":"M\u00e1ire Treasa N\u00ed Dhubhghaill"},{"@type":"BreadcrumbList","@id":"https:\/\/dev.tg4.ie\/ga\/eolas\/preas\/nuacht-raitis\/2016-2\/15-09-16-2\/#breadcrumb","itemListElement":[{"@type":"ListItem","position":1,"name":"Home","item":"https:\/\/dev.tg4.ie\/ga\/"},{"@type":"ListItem","position":2,"name":"Eolas","item":"https:\/\/dev.tg4.ie\/ga\/eolas\/"},{"@type":"ListItem","position":3,"name":"Preas","item":"https:\/\/dev.tg4.ie\/ga\/eolas\/preas\/"},{"@type":"ListItem","position":4,"name":"Nuacht R\u00e1itis","item":"https:\/\/dev.tg4.ie\/ga\/eolas\/preas\/nuacht-raitis\/"},{"@type":"ListItem","position":5,"name":"2016","item":"https:\/\/dev.tg4.ie\/ga\/eolas\/preas\/nuacht-raitis\/2016-2\/"},{"@type":"ListItem","position":6,"name":"15.09.16 &#8211; IFTA"}]},{"@type":"WebSite","@id":"https:\/\/dev.tg4.ie\/en\/#website","url":"https:\/\/dev.tg4.ie\/en\/","name":"TG4","description":"S\u00fail Eile","potentialAction":[{"@type":"SearchAction","target":{"@type":"EntryPoint","urlTemplate":"https:\/\/dev.tg4.ie\/en\/?s={search_term_string}"},"query-input":"required name=search_term_string"}],"inLanguage":"ga"}]}},"_links":{"self":[{"href":"https:\/\/dev.tg4.ie\/ga\/wp-json\/wp\/v2\/pages\/31150"}],"collection":[{"href":"https:\/\/dev.tg4.ie\/ga\/wp-json\/wp\/v2\/pages"}],"about":[{"href":"https:\/\/dev.tg4.ie\/ga\/wp-json\/wp\/v2\/types\/page"}],"author":[{"embeddable":true,"href":"https:\/\/dev.tg4.ie\/ga\/wp-json\/wp\/v2\/users\/4"}],"replies":[{"embeddable":true,"href":"https:\/\/dev.tg4.ie\/ga\/wp-json\/wp\/v2\/comments?post=31150"}],"version-history":[{"count":0,"href":"https:\/\/dev.tg4.ie\/ga\/wp-json\/wp\/v2\/pages\/31150\/revisions"}],"up":[{"embeddable":true,"href":"https:\/\/dev.tg4.ie\/ga\/wp-json\/wp\/v2\/pages\/6580"}],"wp:featuredmedia":[{"embeddable":true,"href":"https:\/\/dev.tg4.ie\/ga\/wp-json\/wp\/v2\/media\/21033"}],"wp:attachment":[{"href":"https:\/\/dev.tg4.ie\/ga\/wp-json\/wp\/v2\/media?parent=31150"}],"curies":[{"name":"wp","href":"https:\/\/api.w.org\/{rel}","templated":true}]}}