{"id":32791,"date":"2016-10-21T10:58:19","date_gmt":"2016-10-21T09:58:19","guid":{"rendered":"https:\/\/dev.tg4.ie\/corporate\/preas\/press-releases\/2016-2\/15-09-16-3\/"},"modified":"2019-06-24T16:45:20","modified_gmt":"2019-06-24T15:45:20","slug":"21-10-16","status":"publish","type":"page","link":"https:\/\/dev.tg4.ie\/ga\/eolas\/preas\/nuacht-raitis\/2016-2\/21-10-16\/","title":{"rendered":"21.10.16 &#8211; TG4 XX"},"content":{"rendered":"<p>Ariamh anall, b\u2019\u00f3c\u00e1id ar leith \u00ed an tSamhain i samhla\u00edocht agus i sa\u00edocht na gCeilteach, tr\u00e1th  ina dtagann an saol seo agus an saol eile le ch\u00e9ile ar feadh o\u00edche amh\u00e1in eisceacht\u00fail.  Roghna\u00edodh an o\u00edche dhra\u00edocht\u00fail seo d\u2019oscailt Theilif\u00eds na Gaeilge i 1996.  Anois, agus an cain\u00e9al fiche bliain ag f\u00e1s ar O\u00edche Shamhna na bliana seo, d\u00e9anfaidh TG4XX Beo  an ceili\u00faradh ceolmhar is cu\u00ed le f\u00e9asta f\u00edsi\u00fail fileata 360\u00ba  ar chult\u00far, ar theanga agus ar amhr\u00e1in na Gaeilge.   Aistri\u00fa an L\u00f3chrainn is t\u00e9ama don cheili\u00faradh, fleadh ina mbeidh na sn\u00e1tha \u00e9ags\u00fala ceoil, amhr\u00e1na\u00edochta, damhsa agus fil\u00edochta fite le ch\u00e9ile go heala\u00edonta soilseach.<\/p>\n<p>L\u00e1rnach \u00f3n t\u00fas ann beidh fiche carachtar dra\u00edocht\u00fail at\u00e1 cruthaithe go speisialta don \u00f3c\u00e1id, iad ar cuairt chugainn \u00f3n saol eile, seans, rud a tharla\u00edonn faoi Shamhain.  Beidh go leor den bheochraoladh ag teacht \u00f3 phuball gloine agus miotail at\u00e1 \u00e1 th\u00f3g\u00e1il sa Quad in Ollscoil na h\u00c9ireann, Gaillimh. Beidh m\u00edreanna beo le feice\u00e1il sa gcraoladh freisin \u00f3 Cheann\u00e1ras TG4 i mBaile na hAbhann, \u00f3 Thigh Pha\u00edd\u00ed U\u00ed Sh\u00e9 i gCorca Dhuibhne agus \u00f3n Ionad Cois Locha i nGaeltacht Dh\u00fan na nGall.  <\/p>\n<p>Is \u00e9 Uachtar\u00e1n na h\u00c9ireann, Miche\u00e1l D \u00d3 hUiginn an t-aoi speisialta ar an o\u00edche, ceannaire a bhfuil gean agus meas ar leith air as a r\u00f3l l\u00e1rnach f\u00e9in i mbun\u00fa Theilif\u00eds na Gaeilge mar Aire Eala\u00edon, Cult\u00fair agus Gaeltachta.  Tabharfaidh an tUachtar\u00e1n aitheasc uaidh le linn an chl\u00e1ir. <\/p>\n<p>Beidh ceol den scoth ar TG4XX Beo \u00f3 oirfidigh a bhfuil c\u00e1il orthu le fada agus d\u00e1imh ar leith acu leis an gcain\u00e9al Gaeilge \u2013 ina measc Hot House Flowers, M\u00e1irt\u00edn O\u2019Connor agus a Bhanna, Prodijig, Duke Special, Ulaid, Iml\u00e9, Maiti\u00fa \u00d3 Casaide, Nell N\u00ed Chr\u00f3in\u00edn,  S\u00e9amus \u00d3 Beaglao\u00edch, Aeons agus Muireann Nic Amhlaoibh &#038; S\u00e9amus Barra \u00d3 S\u00failleabh\u00e1in, P\u00f3lca 4, Kormac &#038; Daith\u00ed agus Liam \u00d3 Maonla\u00ed.  Craolfar freisin  p\u00edosa\u00ed nua-chumtha sain-cheaptha ar th\u00e9ama na o\u00edche \u00f3 fhil\u00ed aitheanta Gaeilge mar aon le comh-oirfideadh speisialta \u00f3 ch\u00f3racha aitheanta Gaeltachta.  Is \u00e9 an comhlacht aitheanta Gifted Empire (FleadhTV) a bheidh i mbun an l\u00e9iri\u00fach\u00e1in.<\/p>\n<p>Deir Ardsti\u00farth\u00f3ir nua-cheaptha TG4 Director Alan Esslemont  go bhfuil s\u00e9 ag s\u00fail go m\u00f3r leis an \u00f3c\u00e1id. \u201cCloch mh\u00edle \u00ed do TG4,\u201d a d\u00fairt s\u00e9  \u201cagus muid ag tabhairt aghaidh ar ch\u00e9im nua d\u00e1r n-aistear le m\u00f3rtas agus le misneach.\u201d<\/p>\n","protected":false},"excerpt":{"rendered":"<p>Ariamh anall, b\u2019\u00f3c\u00e1id ar leith \u00ed an tSamhain i samhla\u00edocht agus i sa\u00edocht na gCeilteach, tr\u00e1th ina dtagann an saol seo agus an saol eile le ch\u00e9ile ar feadh o\u00edche amh\u00e1in eisceacht\u00fail. Roghna\u00edodh an o\u00edche dhra\u00edocht\u00fail seo d\u2019oscailt Theilif\u00eds na Gaeilge i 1996. Anois, agus an cain\u00e9al fiche bliain ag f\u00e1s ar O\u00edche Shamhna na [&hellip;]<\/p>\n","protected":false},"author":4,"featured_media":32413,"parent":6580,"menu_order":28,"comment_status":"closed","ping_status":"closed","template":"page-templates\/template-pr.php","meta":{"_acf_changed":false,"footnotes":""},"acf":[],"yoast_head":"<!-- This site is optimized with the Yoast SEO plugin v22.6 - https:\/\/yoast.com\/wordpress\/plugins\/seo\/ -->\n<title>21.10.16 - TG4 XX - TG4<\/title>\n<meta name=\"robots\" content=\"index, follow, max-snippet:-1, max-image-preview:large, max-video-preview:-1\" \/>\n<meta property=\"og:locale\" content=\"en_US\" \/>\n<meta property=\"og:type\" content=\"article\" \/>\n<meta property=\"og:title\" content=\"21.10.16 - TG4 XX - TG4\" \/>\n<meta property=\"og:description\" content=\"Ariamh anall, b\u2019\u00f3c\u00e1id ar leith \u00ed an tSamhain i samhla\u00edocht agus i sa\u00edocht na gCeilteach, tr\u00e1th ina dtagann an saol seo agus an saol eile le ch\u00e9ile ar feadh o\u00edche amh\u00e1in eisceacht\u00fail. Roghna\u00edodh an o\u00edche dhra\u00edocht\u00fail seo d\u2019oscailt Theilif\u00eds na Gaeilge i 1996. Anois, agus an cain\u00e9al fiche bliain ag f\u00e1s ar O\u00edche Shamhna na [&hellip;]\" \/>\n<meta property=\"og:url\" content=\"https:\/\/dev.tg4.ie\/ga\/eolas\/preas\/nuacht-raitis\/2016-2\/21-10-16\/\" \/>\n<meta property=\"og:site_name\" content=\"TG4\" \/>\n<meta property=\"article:publisher\" content=\"https:\/\/www.facebook.com\/TG4TV\" \/>\n<meta property=\"article:modified_time\" content=\"2019-06-24T15:45:20+00:00\" \/>\n<meta property=\"og:image\" content=\"https:\/\/tg4-docs.s3.amazonaws.com\/tg4-redesign-2015\/wp-content\/uploads\/2016\/10\/TG4XX_La_Breithre.jpg\" \/>\n\t<meta property=\"og:image:width\" content=\"1920\" \/>\n\t<meta property=\"og:image:height\" content=\"1080\" \/>\n\t<meta property=\"og:image:type\" content=\"image\/jpeg\" \/>\n<meta name=\"twitter:card\" content=\"summary_large_image\" \/>\n<meta name=\"twitter:site\" content=\"@TG4TV\" \/>\n<meta name=\"twitter:label1\" content=\"Est. reading time\" \/>\n\t<meta name=\"twitter:data1\" content=\"2 minutes\" \/>\n<script type=\"application\/ld+json\" class=\"yoast-schema-graph\">{\"@context\":\"https:\/\/schema.org\",\"@graph\":[{\"@type\":\"WebPage\",\"@id\":\"https:\/\/dev.tg4.ie\/ga\/eolas\/preas\/nuacht-raitis\/2016-2\/21-10-16\/\",\"url\":\"https:\/\/dev.tg4.ie\/ga\/eolas\/preas\/nuacht-raitis\/2016-2\/21-10-16\/\",\"name\":\"21.10.16 - TG4 XX - TG4\",\"isPartOf\":{\"@id\":\"https:\/\/dev.tg4.ie\/en\/#website\"},\"primaryImageOfPage\":{\"@id\":\"https:\/\/dev.tg4.ie\/ga\/eolas\/preas\/nuacht-raitis\/2016-2\/21-10-16\/#primaryimage\"},\"image\":{\"@id\":\"https:\/\/dev.tg4.ie\/ga\/eolas\/preas\/nuacht-raitis\/2016-2\/21-10-16\/#primaryimage\"},\"thumbnailUrl\":\"https:\/\/tg4-docs.s3.amazonaws.com\/tg4-redesign-2015\/wp-content\/uploads\/2016\/10\/TG4XX_La_Breithre.jpg\",\"datePublished\":\"2016-10-21T09:58:19+00:00\",\"dateModified\":\"2019-06-24T15:45:20+00:00\",\"breadcrumb\":{\"@id\":\"https:\/\/dev.tg4.ie\/ga\/eolas\/preas\/nuacht-raitis\/2016-2\/21-10-16\/#breadcrumb\"},\"inLanguage\":\"ga\",\"potentialAction\":[{\"@type\":\"ReadAction\",\"target\":[\"https:\/\/dev.tg4.ie\/ga\/eolas\/preas\/nuacht-raitis\/2016-2\/21-10-16\/\"]}]},{\"@type\":\"ImageObject\",\"inLanguage\":\"ga\",\"@id\":\"https:\/\/dev.tg4.ie\/ga\/eolas\/preas\/nuacht-raitis\/2016-2\/21-10-16\/#primaryimage\",\"url\":\"https:\/\/tg4-docs.s3.amazonaws.com\/tg4-redesign-2015\/wp-content\/uploads\/2016\/10\/TG4XX_La_Breithre.jpg\",\"contentUrl\":\"https:\/\/tg4-docs.s3.amazonaws.com\/tg4-redesign-2015\/wp-content\/uploads\/2016\/10\/TG4XX_La_Breithre.jpg\",\"width\":1920,\"height\":1080},{\"@type\":\"BreadcrumbList\",\"@id\":\"https:\/\/dev.tg4.ie\/ga\/eolas\/preas\/nuacht-raitis\/2016-2\/21-10-16\/#breadcrumb\",\"itemListElement\":[{\"@type\":\"ListItem\",\"position\":1,\"name\":\"Home\",\"item\":\"https:\/\/dev.tg4.ie\/ga\/\"},{\"@type\":\"ListItem\",\"position\":2,\"name\":\"Eolas\",\"item\":\"https:\/\/dev.tg4.ie\/ga\/eolas\/\"},{\"@type\":\"ListItem\",\"position\":3,\"name\":\"Preas\",\"item\":\"https:\/\/dev.tg4.ie\/ga\/eolas\/preas\/\"},{\"@type\":\"ListItem\",\"position\":4,\"name\":\"Nuacht R\u00e1itis\",\"item\":\"https:\/\/dev.tg4.ie\/ga\/eolas\/preas\/nuacht-raitis\/\"},{\"@type\":\"ListItem\",\"position\":5,\"name\":\"2016\",\"item\":\"https:\/\/dev.tg4.ie\/ga\/eolas\/preas\/nuacht-raitis\/2016-2\/\"},{\"@type\":\"ListItem\",\"position\":6,\"name\":\"21.10.16 &#8211; TG4 XX\"}]},{\"@type\":\"WebSite\",\"@id\":\"https:\/\/dev.tg4.ie\/en\/#website\",\"url\":\"https:\/\/dev.tg4.ie\/en\/\",\"name\":\"TG4\",\"description\":\"S\u00fail Eile\",\"potentialAction\":[{\"@type\":\"SearchAction\",\"target\":{\"@type\":\"EntryPoint\",\"urlTemplate\":\"https:\/\/dev.tg4.ie\/en\/?s={search_term_string}\"},\"query-input\":\"required name=search_term_string\"}],\"inLanguage\":\"ga\"}]}<\/script>\n<!-- \/ Yoast SEO plugin. -->","yoast_head_json":{"title":"21.10.16 - TG4 XX - TG4","robots":{"index":"index","follow":"follow","max-snippet":"max-snippet:-1","max-image-preview":"max-image-preview:large","max-video-preview":"max-video-preview:-1"},"og_locale":"en_US","og_type":"article","og_title":"21.10.16 - TG4 XX - TG4","og_description":"Ariamh anall, b\u2019\u00f3c\u00e1id ar leith \u00ed an tSamhain i samhla\u00edocht agus i sa\u00edocht na gCeilteach, tr\u00e1th ina dtagann an saol seo agus an saol eile le ch\u00e9ile ar feadh o\u00edche amh\u00e1in eisceacht\u00fail. Roghna\u00edodh an o\u00edche dhra\u00edocht\u00fail seo d\u2019oscailt Theilif\u00eds na Gaeilge i 1996. Anois, agus an cain\u00e9al fiche bliain ag f\u00e1s ar O\u00edche Shamhna na [&hellip;]","og_url":"https:\/\/dev.tg4.ie\/ga\/eolas\/preas\/nuacht-raitis\/2016-2\/21-10-16\/","og_site_name":"TG4","article_publisher":"https:\/\/www.facebook.com\/TG4TV","article_modified_time":"2019-06-24T15:45:20+00:00","og_image":[{"width":1920,"height":1080,"url":"https:\/\/tg4-docs.s3.amazonaws.com\/tg4-redesign-2015\/wp-content\/uploads\/2016\/10\/TG4XX_La_Breithre.jpg","type":"image\/jpeg"}],"twitter_card":"summary_large_image","twitter_site":"@TG4TV","twitter_misc":{"Est. reading time":"2 minutes"},"schema":{"@context":"https:\/\/schema.org","@graph":[{"@type":"WebPage","@id":"https:\/\/dev.tg4.ie\/ga\/eolas\/preas\/nuacht-raitis\/2016-2\/21-10-16\/","url":"https:\/\/dev.tg4.ie\/ga\/eolas\/preas\/nuacht-raitis\/2016-2\/21-10-16\/","name":"21.10.16 - TG4 XX - TG4","isPartOf":{"@id":"https:\/\/dev.tg4.ie\/en\/#website"},"primaryImageOfPage":{"@id":"https:\/\/dev.tg4.ie\/ga\/eolas\/preas\/nuacht-raitis\/2016-2\/21-10-16\/#primaryimage"},"image":{"@id":"https:\/\/dev.tg4.ie\/ga\/eolas\/preas\/nuacht-raitis\/2016-2\/21-10-16\/#primaryimage"},"thumbnailUrl":"https:\/\/tg4-docs.s3.amazonaws.com\/tg4-redesign-2015\/wp-content\/uploads\/2016\/10\/TG4XX_La_Breithre.jpg","datePublished":"2016-10-21T09:58:19+00:00","dateModified":"2019-06-24T15:45:20+00:00","breadcrumb":{"@id":"https:\/\/dev.tg4.ie\/ga\/eolas\/preas\/nuacht-raitis\/2016-2\/21-10-16\/#breadcrumb"},"inLanguage":"ga","potentialAction":[{"@type":"ReadAction","target":["https:\/\/dev.tg4.ie\/ga\/eolas\/preas\/nuacht-raitis\/2016-2\/21-10-16\/"]}]},{"@type":"ImageObject","inLanguage":"ga","@id":"https:\/\/dev.tg4.ie\/ga\/eolas\/preas\/nuacht-raitis\/2016-2\/21-10-16\/#primaryimage","url":"https:\/\/tg4-docs.s3.amazonaws.com\/tg4-redesign-2015\/wp-content\/uploads\/2016\/10\/TG4XX_La_Breithre.jpg","contentUrl":"https:\/\/tg4-docs.s3.amazonaws.com\/tg4-redesign-2015\/wp-content\/uploads\/2016\/10\/TG4XX_La_Breithre.jpg","width":1920,"height":1080},{"@type":"BreadcrumbList","@id":"https:\/\/dev.tg4.ie\/ga\/eolas\/preas\/nuacht-raitis\/2016-2\/21-10-16\/#breadcrumb","itemListElement":[{"@type":"ListItem","position":1,"name":"Home","item":"https:\/\/dev.tg4.ie\/ga\/"},{"@type":"ListItem","position":2,"name":"Eolas","item":"https:\/\/dev.tg4.ie\/ga\/eolas\/"},{"@type":"ListItem","position":3,"name":"Preas","item":"https:\/\/dev.tg4.ie\/ga\/eolas\/preas\/"},{"@type":"ListItem","position":4,"name":"Nuacht R\u00e1itis","item":"https:\/\/dev.tg4.ie\/ga\/eolas\/preas\/nuacht-raitis\/"},{"@type":"ListItem","position":5,"name":"2016","item":"https:\/\/dev.tg4.ie\/ga\/eolas\/preas\/nuacht-raitis\/2016-2\/"},{"@type":"ListItem","position":6,"name":"21.10.16 &#8211; TG4 XX"}]},{"@type":"WebSite","@id":"https:\/\/dev.tg4.ie\/en\/#website","url":"https:\/\/dev.tg4.ie\/en\/","name":"TG4","description":"S\u00fail Eile","potentialAction":[{"@type":"SearchAction","target":{"@type":"EntryPoint","urlTemplate":"https:\/\/dev.tg4.ie\/en\/?s={search_term_string}"},"query-input":"required name=search_term_string"}],"inLanguage":"ga"}]}},"_links":{"self":[{"href":"https:\/\/dev.tg4.ie\/ga\/wp-json\/wp\/v2\/pages\/32791"}],"collection":[{"href":"https:\/\/dev.tg4.ie\/ga\/wp-json\/wp\/v2\/pages"}],"about":[{"href":"https:\/\/dev.tg4.ie\/ga\/wp-json\/wp\/v2\/types\/page"}],"author":[{"embeddable":true,"href":"https:\/\/dev.tg4.ie\/ga\/wp-json\/wp\/v2\/users\/4"}],"replies":[{"embeddable":true,"href":"https:\/\/dev.tg4.ie\/ga\/wp-json\/wp\/v2\/comments?post=32791"}],"version-history":[{"count":0,"href":"https:\/\/dev.tg4.ie\/ga\/wp-json\/wp\/v2\/pages\/32791\/revisions"}],"up":[{"embeddable":true,"href":"https:\/\/dev.tg4.ie\/ga\/wp-json\/wp\/v2\/pages\/6580"}],"wp:featuredmedia":[{"embeddable":true,"href":"https:\/\/dev.tg4.ie\/ga\/wp-json\/wp\/v2\/media\/32413"}],"wp:attachment":[{"href":"https:\/\/dev.tg4.ie\/ga\/wp-json\/wp\/v2\/media?parent=32791"}],"curies":[{"name":"wp","href":"https:\/\/api.w.org\/{rel}","templated":true}]}}