{"id":33041,"date":"2016-10-25T13:05:22","date_gmt":"2016-10-25T12:05:22","guid":{"rendered":"https:\/\/dev.tg4.ie\/corporate\/preas\/press-releases\/2016-2\/21-10-16-2-2\/"},"modified":"2022-08-23T14:08:56","modified_gmt":"2022-08-23T13:08:56","slug":"24-10-16","status":"publish","type":"page","link":"https:\/\/dev.tg4.ie\/ga\/eolas\/preas\/nuacht-raitis\/2016-2\/24-10-16\/","title":{"rendered":"24.10.16 &#8211; TG4 Foghlaim"},"content":{"rendered":"<p>T\u00e1 \u00e1is nua fh\u00edsi\u00fail ar f\u00e1il anois do dhalta\u00ed iarbhunscoile at\u00e1 ag ullmh\u00fa do Bh\u00e9altriail Ghaeilge na hArdteistim\u00e9ireachta.\u00a0 Ag Tion\u00f3l Teagaisc an deireadh seachtaine seo caite a seoladh TG4<em> Foghlaim<\/em> le m\u00fainteoir\u00ed Gaeilge na t\u00edre a chur ar an eolas faoina bhfuil ar tairiscint ann d\u00f3ibh: acmhainn nua oideachais chlosamhairc at\u00e1 curtha in oiri\u00faint go h\u00e1irithe do riachtanais na hArdteistim\u00e9ireachta.\u00a0 Is f\u00e9idir le foghlaimeoir\u00ed ag leibh\u00e9al ar bith an t-\u00e1bhar seo a \u00fas\u00e1id lena gcuid scileanna Gaeilge a fhorbairt.\u00a0 T\u00e1 an acmhainn seo ar f\u00e1il saor in aisce do dhalta\u00ed agus d\u2019fhoghlaimeoir\u00ed eile in \u00c9irinn agus ar fud an domhain.<\/p>\n<p>Is furasta an su\u00edomh gr\u00e9as\u00e1in nua a \u00fas\u00e1id agus beidh \u00e1bhar nua \u00e1 chur ar f\u00e1il ann go lean\u00fanach: A<em>g t\u00fas gach seachtaine i rith na scoilbhliana<\/em> cuirfear suas cleachta\u00ed nua at\u00e1 bunaithe ar mh\u00edreanna f\u00edse \u00f3 scoth na gcl\u00e1r ar TG4. T\u00e1 na ceachtanna f\u00e9in bunaithe ar thopaic\u00ed an tSiollabais Ardteistim\u00e9ireachta agus ar f\u00e1il saor in aisce.<\/p>\n<p>Beidh l\u00e9iri\u00fa f\u00edsi\u00fail\u00a0ar bhr\u00ed liteartha agus mheafarach na nd\u00e1nta at\u00e1 ar an Siollabas\u00a0 ar f\u00e1il ann freisin.<\/p>\n<p>Comhph\u00e1irt\u00edocht idir TG4 agus Ollscoil na h\u00c9ireann, Gaillimh \u00e9 an togra seo agus t\u00e1 s\u00fail go rachaidh s\u00e9 chun tairbhe do dhalta\u00ed agus do mh\u00fainteoir\u00ed freisin.<\/p>\n<p>Deir Leascheannasa\u00ed TG4, P\u00e1dhraic \u00d3 Ciardha, go bhfuil an togra seo curtha le ch\u00e9ile mar thoradh ar iarratais go leor at\u00e1 d\u00e9anta ag m\u00fainteoir\u00ed (agus a gcuid dalta\u00ed) ar an gcain\u00e9al le beag\u00e1n blianta.\u00a0 \u201c<em>Agus muid ag teannadh le Breithl\u00e1 20 TG4 an tseachtain seo chugainn<\/em>,\u201d a d\u00fairt s\u00e9, \u201c<em>is c\u00f3ir agus is deas linn togra oideachas\u00fail mar seo a sheoladh mar chruth\u00fanas eile ar an leas poibl\u00ed a dh\u00e9anann TG4 ag cur na Gaeilge chun cinn ar fud na cruinne.\u201d<\/em><\/p>\n<p>T\u00e1 \u00e1bhar ranga ar leith ar f\u00e1il do\u00a0lucht teagaisc ach cl\u00e1r\u00fa <a href=\"https:\/\/foghlaim.tg4.ie\/\" target=\"_New\" rel=\"noopener noreferrer\">anseo<\/a>.<\/p>\n<p>T\u00e1 na sc\u00e9alta is d\u00e9ana\u00ed ar f\u00e1il ar\u00a0<a href=\"https:\/\/twitter.com\/TG4Foghlaim\" target=\"_New\" rel=\"noopener noreferrer\">Twitter<\/a>\u00a0@TG4Foghlaim agus\u00a0<a href=\"https:\/\/www.facebook.com\/tg4foghlaim\/\" target=\"_New\" rel=\"noopener noreferrer\">Facebook<\/a><\/p>\n","protected":false},"excerpt":{"rendered":"<p>T\u00e1 \u00e1is nua fh\u00edsi\u00fail ar f\u00e1il anois do dhalta\u00ed iarbhunscoile at\u00e1 ag ullmh\u00fa do Bh\u00e9altriail Ghaeilge na hArdteistim\u00e9ireachta.\u00a0 Ag Tion\u00f3l Teagaisc an deireadh seachtaine seo caite a seoladh TG4 Foghlaim le m\u00fainteoir\u00ed Gaeilge na t\u00edre a chur ar an eolas faoina bhfuil ar tairiscint ann d\u00f3ibh: acmhainn nua oideachais chlosamhairc at\u00e1 curtha in oiri\u00faint go [&hellip;]<\/p>\n","protected":false},"author":6,"featured_media":32819,"parent":6580,"menu_order":30,"comment_status":"closed","ping_status":"closed","template":"page-templates\/template-pr.php","meta":{"_acf_changed":false,"footnotes":""},"acf":[],"yoast_head":"<!-- This site is optimized with the Yoast SEO plugin v22.6 - https:\/\/yoast.com\/wordpress\/plugins\/seo\/ -->\n<title>24.10.16 - TG4 Foghlaim - TG4<\/title>\n<meta name=\"robots\" content=\"index, follow, max-snippet:-1, max-image-preview:large, max-video-preview:-1\" \/>\n<meta property=\"og:locale\" content=\"en_US\" \/>\n<meta property=\"og:type\" content=\"article\" \/>\n<meta property=\"og:title\" content=\"24.10.16 - TG4 Foghlaim - TG4\" \/>\n<meta property=\"og:description\" content=\"T\u00e1 \u00e1is nua fh\u00edsi\u00fail ar f\u00e1il anois do dhalta\u00ed iarbhunscoile at\u00e1 ag ullmh\u00fa do Bh\u00e9altriail Ghaeilge na hArdteistim\u00e9ireachta.\u00a0 Ag Tion\u00f3l Teagaisc an deireadh seachtaine seo caite a seoladh TG4 Foghlaim le m\u00fainteoir\u00ed Gaeilge na t\u00edre a chur ar an eolas faoina bhfuil ar tairiscint ann d\u00f3ibh: acmhainn nua oideachais chlosamhairc at\u00e1 curtha in oiri\u00faint go [&hellip;]\" \/>\n<meta property=\"og:url\" content=\"https:\/\/dev.tg4.ie\/ga\/eolas\/preas\/nuacht-raitis\/2016-2\/24-10-16\/\" \/>\n<meta property=\"og:site_name\" content=\"TG4\" \/>\n<meta property=\"article:publisher\" content=\"https:\/\/www.facebook.com\/TG4TV\" \/>\n<meta property=\"article:modified_time\" content=\"2022-08-23T13:08:56+00:00\" \/>\n<meta property=\"og:image\" content=\"https:\/\/tg4-docs.s3.amazonaws.com\/tg4-redesign-2015\/wp-content\/uploads\/2016\/10\/Facebook-Cover-TG4-FOGHLAIM-2016.jpg\" \/>\n\t<meta property=\"og:image:width\" content=\"828\" \/>\n\t<meta property=\"og:image:height\" content=\"465\" \/>\n\t<meta property=\"og:image:type\" content=\"image\/jpeg\" \/>\n<meta name=\"twitter:card\" content=\"summary_large_image\" \/>\n<meta name=\"twitter:site\" content=\"@TG4TV\" \/>\n<meta name=\"twitter:label1\" content=\"Est. reading time\" \/>\n\t<meta name=\"twitter:data1\" content=\"2 minutes\" \/>\n<script type=\"application\/ld+json\" class=\"yoast-schema-graph\">{\"@context\":\"https:\/\/schema.org\",\"@graph\":[{\"@type\":\"WebPage\",\"@id\":\"https:\/\/dev.tg4.ie\/ga\/eolas\/preas\/nuacht-raitis\/2016-2\/24-10-16\/\",\"url\":\"https:\/\/dev.tg4.ie\/ga\/eolas\/preas\/nuacht-raitis\/2016-2\/24-10-16\/\",\"name\":\"24.10.16 - TG4 Foghlaim - TG4\",\"isPartOf\":{\"@id\":\"https:\/\/dev.tg4.ie\/en\/#website\"},\"primaryImageOfPage\":{\"@id\":\"https:\/\/dev.tg4.ie\/ga\/eolas\/preas\/nuacht-raitis\/2016-2\/24-10-16\/#primaryimage\"},\"image\":{\"@id\":\"https:\/\/dev.tg4.ie\/ga\/eolas\/preas\/nuacht-raitis\/2016-2\/24-10-16\/#primaryimage\"},\"thumbnailUrl\":\"https:\/\/tg4-docs.s3.amazonaws.com\/tg4-redesign-2015\/wp-content\/uploads\/2016\/10\/Facebook-Cover-TG4-FOGHLAIM-2016.jpg\",\"datePublished\":\"2016-10-25T12:05:22+00:00\",\"dateModified\":\"2022-08-23T13:08:56+00:00\",\"breadcrumb\":{\"@id\":\"https:\/\/dev.tg4.ie\/ga\/eolas\/preas\/nuacht-raitis\/2016-2\/24-10-16\/#breadcrumb\"},\"inLanguage\":\"ga\",\"potentialAction\":[{\"@type\":\"ReadAction\",\"target\":[\"https:\/\/dev.tg4.ie\/ga\/eolas\/preas\/nuacht-raitis\/2016-2\/24-10-16\/\"]}]},{\"@type\":\"ImageObject\",\"inLanguage\":\"ga\",\"@id\":\"https:\/\/dev.tg4.ie\/ga\/eolas\/preas\/nuacht-raitis\/2016-2\/24-10-16\/#primaryimage\",\"url\":\"https:\/\/tg4-docs.s3.amazonaws.com\/tg4-redesign-2015\/wp-content\/uploads\/2016\/10\/Facebook-Cover-TG4-FOGHLAIM-2016.jpg\",\"contentUrl\":\"https:\/\/tg4-docs.s3.amazonaws.com\/tg4-redesign-2015\/wp-content\/uploads\/2016\/10\/Facebook-Cover-TG4-FOGHLAIM-2016.jpg\",\"width\":828,\"height\":465},{\"@type\":\"BreadcrumbList\",\"@id\":\"https:\/\/dev.tg4.ie\/ga\/eolas\/preas\/nuacht-raitis\/2016-2\/24-10-16\/#breadcrumb\",\"itemListElement\":[{\"@type\":\"ListItem\",\"position\":1,\"name\":\"Home\",\"item\":\"https:\/\/dev.tg4.ie\/ga\/\"},{\"@type\":\"ListItem\",\"position\":2,\"name\":\"Eolas\",\"item\":\"https:\/\/dev.tg4.ie\/ga\/eolas\/\"},{\"@type\":\"ListItem\",\"position\":3,\"name\":\"Preas\",\"item\":\"https:\/\/dev.tg4.ie\/ga\/eolas\/preas\/\"},{\"@type\":\"ListItem\",\"position\":4,\"name\":\"Nuacht R\u00e1itis\",\"item\":\"https:\/\/dev.tg4.ie\/ga\/eolas\/preas\/nuacht-raitis\/\"},{\"@type\":\"ListItem\",\"position\":5,\"name\":\"2016\",\"item\":\"https:\/\/dev.tg4.ie\/ga\/eolas\/preas\/nuacht-raitis\/2016-2\/\"},{\"@type\":\"ListItem\",\"position\":6,\"name\":\"24.10.16 &#8211; TG4 Foghlaim\"}]},{\"@type\":\"WebSite\",\"@id\":\"https:\/\/dev.tg4.ie\/en\/#website\",\"url\":\"https:\/\/dev.tg4.ie\/en\/\",\"name\":\"TG4\",\"description\":\"S\u00fail Eile\",\"potentialAction\":[{\"@type\":\"SearchAction\",\"target\":{\"@type\":\"EntryPoint\",\"urlTemplate\":\"https:\/\/dev.tg4.ie\/en\/?s={search_term_string}\"},\"query-input\":\"required name=search_term_string\"}],\"inLanguage\":\"ga\"}]}<\/script>\n<!-- \/ Yoast SEO plugin. -->","yoast_head_json":{"title":"24.10.16 - TG4 Foghlaim - TG4","robots":{"index":"index","follow":"follow","max-snippet":"max-snippet:-1","max-image-preview":"max-image-preview:large","max-video-preview":"max-video-preview:-1"},"og_locale":"en_US","og_type":"article","og_title":"24.10.16 - TG4 Foghlaim - TG4","og_description":"T\u00e1 \u00e1is nua fh\u00edsi\u00fail ar f\u00e1il anois do dhalta\u00ed iarbhunscoile at\u00e1 ag ullmh\u00fa do Bh\u00e9altriail Ghaeilge na hArdteistim\u00e9ireachta.\u00a0 Ag Tion\u00f3l Teagaisc an deireadh seachtaine seo caite a seoladh TG4 Foghlaim le m\u00fainteoir\u00ed Gaeilge na t\u00edre a chur ar an eolas faoina bhfuil ar tairiscint ann d\u00f3ibh: acmhainn nua oideachais chlosamhairc at\u00e1 curtha in oiri\u00faint go [&hellip;]","og_url":"https:\/\/dev.tg4.ie\/ga\/eolas\/preas\/nuacht-raitis\/2016-2\/24-10-16\/","og_site_name":"TG4","article_publisher":"https:\/\/www.facebook.com\/TG4TV","article_modified_time":"2022-08-23T13:08:56+00:00","og_image":[{"width":828,"height":465,"url":"https:\/\/tg4-docs.s3.amazonaws.com\/tg4-redesign-2015\/wp-content\/uploads\/2016\/10\/Facebook-Cover-TG4-FOGHLAIM-2016.jpg","type":"image\/jpeg"}],"twitter_card":"summary_large_image","twitter_site":"@TG4TV","twitter_misc":{"Est. reading time":"2 minutes"},"schema":{"@context":"https:\/\/schema.org","@graph":[{"@type":"WebPage","@id":"https:\/\/dev.tg4.ie\/ga\/eolas\/preas\/nuacht-raitis\/2016-2\/24-10-16\/","url":"https:\/\/dev.tg4.ie\/ga\/eolas\/preas\/nuacht-raitis\/2016-2\/24-10-16\/","name":"24.10.16 - TG4 Foghlaim - TG4","isPartOf":{"@id":"https:\/\/dev.tg4.ie\/en\/#website"},"primaryImageOfPage":{"@id":"https:\/\/dev.tg4.ie\/ga\/eolas\/preas\/nuacht-raitis\/2016-2\/24-10-16\/#primaryimage"},"image":{"@id":"https:\/\/dev.tg4.ie\/ga\/eolas\/preas\/nuacht-raitis\/2016-2\/24-10-16\/#primaryimage"},"thumbnailUrl":"https:\/\/tg4-docs.s3.amazonaws.com\/tg4-redesign-2015\/wp-content\/uploads\/2016\/10\/Facebook-Cover-TG4-FOGHLAIM-2016.jpg","datePublished":"2016-10-25T12:05:22+00:00","dateModified":"2022-08-23T13:08:56+00:00","breadcrumb":{"@id":"https:\/\/dev.tg4.ie\/ga\/eolas\/preas\/nuacht-raitis\/2016-2\/24-10-16\/#breadcrumb"},"inLanguage":"ga","potentialAction":[{"@type":"ReadAction","target":["https:\/\/dev.tg4.ie\/ga\/eolas\/preas\/nuacht-raitis\/2016-2\/24-10-16\/"]}]},{"@type":"ImageObject","inLanguage":"ga","@id":"https:\/\/dev.tg4.ie\/ga\/eolas\/preas\/nuacht-raitis\/2016-2\/24-10-16\/#primaryimage","url":"https:\/\/tg4-docs.s3.amazonaws.com\/tg4-redesign-2015\/wp-content\/uploads\/2016\/10\/Facebook-Cover-TG4-FOGHLAIM-2016.jpg","contentUrl":"https:\/\/tg4-docs.s3.amazonaws.com\/tg4-redesign-2015\/wp-content\/uploads\/2016\/10\/Facebook-Cover-TG4-FOGHLAIM-2016.jpg","width":828,"height":465},{"@type":"BreadcrumbList","@id":"https:\/\/dev.tg4.ie\/ga\/eolas\/preas\/nuacht-raitis\/2016-2\/24-10-16\/#breadcrumb","itemListElement":[{"@type":"ListItem","position":1,"name":"Home","item":"https:\/\/dev.tg4.ie\/ga\/"},{"@type":"ListItem","position":2,"name":"Eolas","item":"https:\/\/dev.tg4.ie\/ga\/eolas\/"},{"@type":"ListItem","position":3,"name":"Preas","item":"https:\/\/dev.tg4.ie\/ga\/eolas\/preas\/"},{"@type":"ListItem","position":4,"name":"Nuacht R\u00e1itis","item":"https:\/\/dev.tg4.ie\/ga\/eolas\/preas\/nuacht-raitis\/"},{"@type":"ListItem","position":5,"name":"2016","item":"https:\/\/dev.tg4.ie\/ga\/eolas\/preas\/nuacht-raitis\/2016-2\/"},{"@type":"ListItem","position":6,"name":"24.10.16 &#8211; TG4 Foghlaim"}]},{"@type":"WebSite","@id":"https:\/\/dev.tg4.ie\/en\/#website","url":"https:\/\/dev.tg4.ie\/en\/","name":"TG4","description":"S\u00fail Eile","potentialAction":[{"@type":"SearchAction","target":{"@type":"EntryPoint","urlTemplate":"https:\/\/dev.tg4.ie\/en\/?s={search_term_string}"},"query-input":"required name=search_term_string"}],"inLanguage":"ga"}]}},"_links":{"self":[{"href":"https:\/\/dev.tg4.ie\/ga\/wp-json\/wp\/v2\/pages\/33041"}],"collection":[{"href":"https:\/\/dev.tg4.ie\/ga\/wp-json\/wp\/v2\/pages"}],"about":[{"href":"https:\/\/dev.tg4.ie\/ga\/wp-json\/wp\/v2\/types\/page"}],"author":[{"embeddable":true,"href":"https:\/\/dev.tg4.ie\/ga\/wp-json\/wp\/v2\/users\/6"}],"replies":[{"embeddable":true,"href":"https:\/\/dev.tg4.ie\/ga\/wp-json\/wp\/v2\/comments?post=33041"}],"version-history":[{"count":0,"href":"https:\/\/dev.tg4.ie\/ga\/wp-json\/wp\/v2\/pages\/33041\/revisions"}],"up":[{"embeddable":true,"href":"https:\/\/dev.tg4.ie\/ga\/wp-json\/wp\/v2\/pages\/6580"}],"wp:featuredmedia":[{"embeddable":true,"href":"https:\/\/dev.tg4.ie\/ga\/wp-json\/wp\/v2\/media\/32819"}],"wp:attachment":[{"href":"https:\/\/dev.tg4.ie\/ga\/wp-json\/wp\/v2\/media?parent=33041"}],"curies":[{"name":"wp","href":"https:\/\/api.w.org\/{rel}","templated":true}]}}