{"id":33936,"date":"2016-11-04T10:19:00","date_gmt":"2016-11-04T10:19:47","guid":{"rendered":"https:\/\/dev.tg4.ie\/corporate\/preas\/press-releases\/2016-2\/24-10-16-2\/"},"modified":"2019-06-24T16:53:11","modified_gmt":"2019-06-24T15:53:11","slug":"11-11-16","status":"publish","type":"page","link":"https:\/\/dev.tg4.ie\/ga\/eolas\/preas\/nuacht-raitis\/2016-2\/11-11-16\/","title":{"rendered":"11.11.16 &#8211; Zena ar a bealach go Malta &#8211; Junior Eurovision 2016"},"content":{"rendered":"<p>Is \u00ed Zena Donnelly, 14 bliain d\u2019aois, \u00f3n gCarraig Dhubh i gCo \u00c1th Cliath a sheasfaidh an f\u00f3d d\u2019\u00c9irinn\u00a0 ag an gCom\u00f3rtas Amhr\u00e1na\u00edochta S\u00f3isearach Eoraf\u00edse i Valletta Malta faoi cheann coic\u00edse. \u00a0Is dalta\u00a0 i gCol\u00e1iste \u00cdosag\u00e1in i Stigh Lorgan i mBaile \u00c1tha Ciath \u00ed\u00a0 Zena.<\/p>\n<p>Br\u00edce Ar Bhr\u00edce\u00a0 is teideal aon amhr\u00e1n\u00a0 a chum s\u00ed f\u00e9in, agus a thug l\u00e9i Craobh na h\u00c9ireann\u00a0 sa gcom\u00f3rtas a craoladh\u00a0 ar TG4 le roinnt seachtain\u00ed.\u00a0 Mar chuid den chom\u00f3rtas sin, bh\u00ed uirthi an t-amhr\u00e1n a chanadh do na molt\u00f3ir\u00ed ag dh\u00e1 \u00e9isteacht\u00a0 r\u00e9amh-ch\u00e1ilithe agus ansin ar an gcl\u00e1r teilif\u00edse sna luath-bhabhta\u00ed agus ar\u00eds sa bhabhta ceannais.<\/p>\n<p>Beidh Zena ag tabhairt aghaidh ar Mhalta ag deireadh na seachtaine seo agus\u00a0 is ar an Domhnach 20 Samhain a bheidh s\u00ed ag glacadh p\u00e1irt sa gCraobh Eorpach.\u00a0\u00a0 Beochraolfar Junior Eurovision ar TG4 ag 6.30pm an o\u00edche sin.<\/p>\n<p>Seo \u00ed an dara bliain ag an t\u00edr seo a bheith p\u00e1irteach sa gcom\u00f3rtas agus mar a tharla\u00edonn, is \u00ed Zena a fuair an dara h\u00e1it sa gcraobh \u00c9ireannach anuraidh, com\u00f3rtas a bhuaigh Aimee Banks as Maigh Cuilinn.<\/p>\n<p>T\u00e1 a cumas l\u00e9irithe go minic ag Zena Donnelly mar gur sheinn s\u00ed ar an Late Late Show \u00a0agus gan\u00a0 \u00ed ach seacht mbliana d\u2019aois agus sheinn s\u00ed ag m\u00f3r-\u00f3c\u00e1id\u00ed eile ina dhiaidh sin sa\u00a0 Wembley Arena,\u00a0 ag C\u00f3isir Sh\u00edoch\u00e1na na N\u00e1isi\u00fan Aontaithe agus le\u00a0 Whitney Houston\u00a0 sa\u00a0 3Arena i mBaile \u00c1tha Cliath sa mbliain 2010.<\/p>\n<p>Is aisteoir cumasach \u00ed freisin.<\/p>\n<p>Beochraolfar Junior Eurovision ar TG4 ag 6.30pm 20 Samhain. Gu\u00edmid gach \u00e1dh ar Zena.<\/p>\n","protected":false},"excerpt":{"rendered":"<p>Is \u00ed Zena Donnelly, 14 bliain d\u2019aois, \u00f3n gCarraig Dhubh i gCo \u00c1th Cliath a sheasfaidh an f\u00f3d d\u2019\u00c9irinn\u00a0 ag an gCom\u00f3rtas Amhr\u00e1na\u00edochta S\u00f3isearach Eoraf\u00edse i Valletta Malta faoi cheann coic\u00edse. \u00a0Is dalta\u00a0 i gCol\u00e1iste \u00cdosag\u00e1in i Stigh Lorgan i mBaile \u00c1tha Ciath \u00ed\u00a0 Zena. Br\u00edce Ar Bhr\u00edce\u00a0 is teideal aon amhr\u00e1n\u00a0 a chum s\u00ed [&hellip;]<\/p>\n","protected":false},"author":999,"featured_media":1704,"parent":6580,"menu_order":32,"comment_status":"closed","ping_status":"closed","template":"page-templates\/template-pr.php","meta":{"_acf_changed":false,"footnotes":""},"acf":[],"yoast_head":"<!-- This site is optimized with the Yoast SEO plugin v22.6 - https:\/\/yoast.com\/wordpress\/plugins\/seo\/ -->\n<title>11.11.16 - Zena ar a bealach go Malta - Junior Eurovision 2016 - TG4<\/title>\n<meta name=\"robots\" content=\"index, follow, max-snippet:-1, max-image-preview:large, max-video-preview:-1\" \/>\n<meta property=\"og:locale\" content=\"en_US\" \/>\n<meta property=\"og:type\" content=\"article\" \/>\n<meta property=\"og:title\" content=\"11.11.16 - Zena ar a bealach go Malta - Junior Eurovision 2016 - TG4\" \/>\n<meta property=\"og:description\" content=\"Is \u00ed Zena Donnelly, 14 bliain d\u2019aois, \u00f3n gCarraig Dhubh i gCo \u00c1th Cliath a sheasfaidh an f\u00f3d d\u2019\u00c9irinn\u00a0 ag an gCom\u00f3rtas Amhr\u00e1na\u00edochta S\u00f3isearach Eoraf\u00edse i Valletta Malta faoi cheann coic\u00edse. \u00a0Is dalta\u00a0 i gCol\u00e1iste \u00cdosag\u00e1in i Stigh Lorgan i mBaile \u00c1tha Ciath \u00ed\u00a0 Zena. Br\u00edce Ar Bhr\u00edce\u00a0 is teideal aon amhr\u00e1n\u00a0 a chum s\u00ed [&hellip;]\" \/>\n<meta property=\"og:url\" content=\"https:\/\/dev.tg4.ie\/ga\/eolas\/preas\/nuacht-raitis\/2016-2\/11-11-16\/\" \/>\n<meta property=\"og:site_name\" content=\"TG4\" \/>\n<meta property=\"article:publisher\" content=\"https:\/\/www.facebook.com\/TG4TV\" \/>\n<meta property=\"article:modified_time\" content=\"2019-06-24T15:53:11+00:00\" \/>\n<meta property=\"og:image\" content=\"https:\/\/tg4-docs.s3.amazonaws.com\/tg4-redesign-2015\/wp-content\/uploads\/2015\/08\/Junior_Eurovision_Song_Contest.jpg\" \/>\n\t<meta property=\"og:image:width\" content=\"1920\" \/>\n\t<meta property=\"og:image:height\" content=\"1080\" \/>\n\t<meta property=\"og:image:type\" content=\"image\/jpeg\" \/>\n<meta name=\"twitter:card\" content=\"summary_large_image\" \/>\n<meta name=\"twitter:site\" content=\"@TG4TV\" \/>\n<meta name=\"twitter:label1\" content=\"Est. reading time\" \/>\n\t<meta name=\"twitter:data1\" content=\"1 minute\" \/>\n<script type=\"application\/ld+json\" class=\"yoast-schema-graph\">{\"@context\":\"https:\/\/schema.org\",\"@graph\":[{\"@type\":\"WebPage\",\"@id\":\"https:\/\/dev.tg4.ie\/ga\/eolas\/preas\/nuacht-raitis\/2016-2\/11-11-16\/\",\"url\":\"https:\/\/dev.tg4.ie\/ga\/eolas\/preas\/nuacht-raitis\/2016-2\/11-11-16\/\",\"name\":\"11.11.16 - Zena ar a bealach go Malta - Junior Eurovision 2016 - TG4\",\"isPartOf\":{\"@id\":\"https:\/\/dev.tg4.ie\/en\/#website\"},\"primaryImageOfPage\":{\"@id\":\"https:\/\/dev.tg4.ie\/ga\/eolas\/preas\/nuacht-raitis\/2016-2\/11-11-16\/#primaryimage\"},\"image\":{\"@id\":\"https:\/\/dev.tg4.ie\/ga\/eolas\/preas\/nuacht-raitis\/2016-2\/11-11-16\/#primaryimage\"},\"thumbnailUrl\":\"https:\/\/tg4-docs.s3.amazonaws.com\/tg4-redesign-2015\/wp-content\/uploads\/2015\/08\/Junior_Eurovision_Song_Contest.jpg\",\"datePublished\":\"2016-11-04T10:19:47+00:00\",\"dateModified\":\"2019-06-24T15:53:11+00:00\",\"breadcrumb\":{\"@id\":\"https:\/\/dev.tg4.ie\/ga\/eolas\/preas\/nuacht-raitis\/2016-2\/11-11-16\/#breadcrumb\"},\"inLanguage\":\"ga\",\"potentialAction\":[{\"@type\":\"ReadAction\",\"target\":[\"https:\/\/dev.tg4.ie\/ga\/eolas\/preas\/nuacht-raitis\/2016-2\/11-11-16\/\"]}]},{\"@type\":\"ImageObject\",\"inLanguage\":\"ga\",\"@id\":\"https:\/\/dev.tg4.ie\/ga\/eolas\/preas\/nuacht-raitis\/2016-2\/11-11-16\/#primaryimage\",\"url\":\"https:\/\/tg4-docs.s3.amazonaws.com\/tg4-redesign-2015\/wp-content\/uploads\/2015\/08\/Junior_Eurovision_Song_Contest.jpg\",\"contentUrl\":\"https:\/\/tg4-docs.s3.amazonaws.com\/tg4-redesign-2015\/wp-content\/uploads\/2015\/08\/Junior_Eurovision_Song_Contest.jpg\",\"width\":1920,\"height\":1080},{\"@type\":\"BreadcrumbList\",\"@id\":\"https:\/\/dev.tg4.ie\/ga\/eolas\/preas\/nuacht-raitis\/2016-2\/11-11-16\/#breadcrumb\",\"itemListElement\":[{\"@type\":\"ListItem\",\"position\":1,\"name\":\"Home\",\"item\":\"https:\/\/dev.tg4.ie\/ga\/\"},{\"@type\":\"ListItem\",\"position\":2,\"name\":\"Eolas\",\"item\":\"https:\/\/dev.tg4.ie\/ga\/eolas\/\"},{\"@type\":\"ListItem\",\"position\":3,\"name\":\"Preas\",\"item\":\"https:\/\/dev.tg4.ie\/ga\/eolas\/preas\/\"},{\"@type\":\"ListItem\",\"position\":4,\"name\":\"Nuacht R\u00e1itis\",\"item\":\"https:\/\/dev.tg4.ie\/ga\/eolas\/preas\/nuacht-raitis\/\"},{\"@type\":\"ListItem\",\"position\":5,\"name\":\"2016\",\"item\":\"https:\/\/dev.tg4.ie\/ga\/eolas\/preas\/nuacht-raitis\/2016-2\/\"},{\"@type\":\"ListItem\",\"position\":6,\"name\":\"11.11.16 &#8211; Zena ar a bealach go Malta &#8211; Junior Eurovision 2016\"}]},{\"@type\":\"WebSite\",\"@id\":\"https:\/\/dev.tg4.ie\/en\/#website\",\"url\":\"https:\/\/dev.tg4.ie\/en\/\",\"name\":\"TG4\",\"description\":\"S\u00fail Eile\",\"potentialAction\":[{\"@type\":\"SearchAction\",\"target\":{\"@type\":\"EntryPoint\",\"urlTemplate\":\"https:\/\/dev.tg4.ie\/en\/?s={search_term_string}\"},\"query-input\":\"required name=search_term_string\"}],\"inLanguage\":\"ga\"}]}<\/script>\n<!-- \/ Yoast SEO plugin. -->","yoast_head_json":{"title":"11.11.16 - Zena ar a bealach go Malta - Junior Eurovision 2016 - TG4","robots":{"index":"index","follow":"follow","max-snippet":"max-snippet:-1","max-image-preview":"max-image-preview:large","max-video-preview":"max-video-preview:-1"},"og_locale":"en_US","og_type":"article","og_title":"11.11.16 - Zena ar a bealach go Malta - Junior Eurovision 2016 - TG4","og_description":"Is \u00ed Zena Donnelly, 14 bliain d\u2019aois, \u00f3n gCarraig Dhubh i gCo \u00c1th Cliath a sheasfaidh an f\u00f3d d\u2019\u00c9irinn\u00a0 ag an gCom\u00f3rtas Amhr\u00e1na\u00edochta S\u00f3isearach Eoraf\u00edse i Valletta Malta faoi cheann coic\u00edse. \u00a0Is dalta\u00a0 i gCol\u00e1iste \u00cdosag\u00e1in i Stigh Lorgan i mBaile \u00c1tha Ciath \u00ed\u00a0 Zena. Br\u00edce Ar Bhr\u00edce\u00a0 is teideal aon amhr\u00e1n\u00a0 a chum s\u00ed [&hellip;]","og_url":"https:\/\/dev.tg4.ie\/ga\/eolas\/preas\/nuacht-raitis\/2016-2\/11-11-16\/","og_site_name":"TG4","article_publisher":"https:\/\/www.facebook.com\/TG4TV","article_modified_time":"2019-06-24T15:53:11+00:00","og_image":[{"width":1920,"height":1080,"url":"https:\/\/tg4-docs.s3.amazonaws.com\/tg4-redesign-2015\/wp-content\/uploads\/2015\/08\/Junior_Eurovision_Song_Contest.jpg","type":"image\/jpeg"}],"twitter_card":"summary_large_image","twitter_site":"@TG4TV","twitter_misc":{"Est. reading time":"1 minute"},"schema":{"@context":"https:\/\/schema.org","@graph":[{"@type":"WebPage","@id":"https:\/\/dev.tg4.ie\/ga\/eolas\/preas\/nuacht-raitis\/2016-2\/11-11-16\/","url":"https:\/\/dev.tg4.ie\/ga\/eolas\/preas\/nuacht-raitis\/2016-2\/11-11-16\/","name":"11.11.16 - Zena ar a bealach go Malta - Junior Eurovision 2016 - TG4","isPartOf":{"@id":"https:\/\/dev.tg4.ie\/en\/#website"},"primaryImageOfPage":{"@id":"https:\/\/dev.tg4.ie\/ga\/eolas\/preas\/nuacht-raitis\/2016-2\/11-11-16\/#primaryimage"},"image":{"@id":"https:\/\/dev.tg4.ie\/ga\/eolas\/preas\/nuacht-raitis\/2016-2\/11-11-16\/#primaryimage"},"thumbnailUrl":"https:\/\/tg4-docs.s3.amazonaws.com\/tg4-redesign-2015\/wp-content\/uploads\/2015\/08\/Junior_Eurovision_Song_Contest.jpg","datePublished":"2016-11-04T10:19:47+00:00","dateModified":"2019-06-24T15:53:11+00:00","breadcrumb":{"@id":"https:\/\/dev.tg4.ie\/ga\/eolas\/preas\/nuacht-raitis\/2016-2\/11-11-16\/#breadcrumb"},"inLanguage":"ga","potentialAction":[{"@type":"ReadAction","target":["https:\/\/dev.tg4.ie\/ga\/eolas\/preas\/nuacht-raitis\/2016-2\/11-11-16\/"]}]},{"@type":"ImageObject","inLanguage":"ga","@id":"https:\/\/dev.tg4.ie\/ga\/eolas\/preas\/nuacht-raitis\/2016-2\/11-11-16\/#primaryimage","url":"https:\/\/tg4-docs.s3.amazonaws.com\/tg4-redesign-2015\/wp-content\/uploads\/2015\/08\/Junior_Eurovision_Song_Contest.jpg","contentUrl":"https:\/\/tg4-docs.s3.amazonaws.com\/tg4-redesign-2015\/wp-content\/uploads\/2015\/08\/Junior_Eurovision_Song_Contest.jpg","width":1920,"height":1080},{"@type":"BreadcrumbList","@id":"https:\/\/dev.tg4.ie\/ga\/eolas\/preas\/nuacht-raitis\/2016-2\/11-11-16\/#breadcrumb","itemListElement":[{"@type":"ListItem","position":1,"name":"Home","item":"https:\/\/dev.tg4.ie\/ga\/"},{"@type":"ListItem","position":2,"name":"Eolas","item":"https:\/\/dev.tg4.ie\/ga\/eolas\/"},{"@type":"ListItem","position":3,"name":"Preas","item":"https:\/\/dev.tg4.ie\/ga\/eolas\/preas\/"},{"@type":"ListItem","position":4,"name":"Nuacht R\u00e1itis","item":"https:\/\/dev.tg4.ie\/ga\/eolas\/preas\/nuacht-raitis\/"},{"@type":"ListItem","position":5,"name":"2016","item":"https:\/\/dev.tg4.ie\/ga\/eolas\/preas\/nuacht-raitis\/2016-2\/"},{"@type":"ListItem","position":6,"name":"11.11.16 &#8211; Zena ar a bealach go Malta &#8211; Junior Eurovision 2016"}]},{"@type":"WebSite","@id":"https:\/\/dev.tg4.ie\/en\/#website","url":"https:\/\/dev.tg4.ie\/en\/","name":"TG4","description":"S\u00fail Eile","potentialAction":[{"@type":"SearchAction","target":{"@type":"EntryPoint","urlTemplate":"https:\/\/dev.tg4.ie\/en\/?s={search_term_string}"},"query-input":"required name=search_term_string"}],"inLanguage":"ga"}]}},"_links":{"self":[{"href":"https:\/\/dev.tg4.ie\/ga\/wp-json\/wp\/v2\/pages\/33936"}],"collection":[{"href":"https:\/\/dev.tg4.ie\/ga\/wp-json\/wp\/v2\/pages"}],"about":[{"href":"https:\/\/dev.tg4.ie\/ga\/wp-json\/wp\/v2\/types\/page"}],"author":[{"embeddable":true,"href":"https:\/\/dev.tg4.ie\/ga\/wp-json\/wp\/v2\/users\/999"}],"replies":[{"embeddable":true,"href":"https:\/\/dev.tg4.ie\/ga\/wp-json\/wp\/v2\/comments?post=33936"}],"version-history":[{"count":0,"href":"https:\/\/dev.tg4.ie\/ga\/wp-json\/wp\/v2\/pages\/33936\/revisions"}],"up":[{"embeddable":true,"href":"https:\/\/dev.tg4.ie\/ga\/wp-json\/wp\/v2\/pages\/6580"}],"wp:featuredmedia":[{"embeddable":true,"href":"https:\/\/dev.tg4.ie\/ga\/wp-json\/wp\/v2\/media\/1704"}],"wp:attachment":[{"href":"https:\/\/dev.tg4.ie\/ga\/wp-json\/wp\/v2\/media?parent=33936"}],"curies":[{"name":"wp","href":"https:\/\/api.w.org\/{rel}","templated":true}]}}