{"id":34363,"date":"2016-11-11T12:47:00","date_gmt":"2016-11-11T12:47:00","guid":{"rendered":"https:\/\/dev.tg4.ie\/?page_id=34363"},"modified":"2019-06-24T16:55:54","modified_gmt":"2019-06-24T15:55:54","slug":"05-11-16","status":"publish","type":"page","link":"https:\/\/dev.tg4.ie\/ga\/eolas\/preas\/nuacht-raitis\/2016-2\/05-11-16\/","title":{"rendered":"05.11.16 &#8211; Aip nua Seinnteoir iOS ag C\u00fala4"},"content":{"rendered":"<p><strong>T\u00e1 forbairt shuntasach d\u00e9anta i sol\u00e1thar Gaeilge TG4 do ph\u00e1ist\u00ed le seoladh an aip nua, \u00a0Seinnteoir C\u00fala4, ag Oireachtas na Gaeilge 2016 i gCill Airne ag an deireadh seachtaine<\/strong>.<\/p>\n<p>T\u00e1 s\u00e9 in oiri\u00faint do ghairis iOS (iPhone, iPad agus iPod) agus deis don lucht f\u00e9achana breathn\u00fa ar chl\u00e1ir <em>C\u00fala4<\/em> aon uair den l\u00e1 no den o\u00edche, de r\u00e9ir mar a oireann d\u00f3ibh (agus d\u00e1 dtuismitheoir\u00ed).\u00a0 T\u00e1 suas le 200 cl\u00e1r ar f\u00e1il ar an Aip, ina measc, cart\u00fain mar <em>Dennis &amp; Gnasher, Peg &amp; Cat, <\/em>agus<em> Masha agus an B\u00e9ar<\/em> mar aon le h\u00e1bhar nua choimisi\u00fanaithe bunaidh Gaeilge mar <em>Is Eola\u00ed M\u00e9<\/em> agus<em> Na D\u00falrad\u00f3ir\u00ed<\/em> agus m\u00edreanna nua-chruthaithe eile faoi na teidil Cluich\u00ed, Sp\u00f3rt agus Cearda\u00edocht.<\/p>\n<p>T\u00e1 dh\u00e1 rann\u00f3g ar an aip, \u00a0 ceann amh\u00e1in ina bhfuil \u00e1bhar don lucht f\u00e9achana faoi\u00a0 bhun 6 bliana d\u2019aois agus an rann\u00f3g eile don lucht f\u00e9achana at\u00e1 n\u00edos sine na sin.<\/p>\n<p>Faoi mar is gn\u00e1ch le h\u00e1bhar teilif\u00edse,\u00a0 de r\u00e9ir na socraithe maidir le cearta, b\u00edonn ioml\u00e1n an \u00e1bhair ar f\u00e1il don lucht f\u00e9achana in \u00c9irinn.\u00a0 Ach ainneoin roinnt srianta orthu, t\u00e1 raon leathan den \u00e1bhar ar an aip seo ar f\u00e1il chomh maith don lucht f\u00e9achana ar fud na cruinne.<\/p>\n<p>T\u00e1 an aip nua seo ar f\u00e1il le \u00edosl\u00f3d\u00e1il saor in aisce \u00f3n App store. (cuardaigh \u201cCula4\u201d.\u00a0 D\u00f3ibh si\u00fad a bhaineann leas as gairis Android, is f\u00e9idir theacht ar \u00e1bhar seo ar fad ar Shu\u00edomh Gr\u00e9as\u00e1in C\u00fala4: <a href=\"http:\/\/www.cula4.com\/ga\/shows\">http:\/\/www.cula4.com\/ga\/shows<\/a>).<\/p>\n<p>Deir Sti\u00farth\u00f3ir Aschuir <em>TG4, L\u00eds N\u00ed Dh\u00e1laigh go bhfuil t\u00e1bhacht ar leith leis an bhforbairt seo.\u00a0 \u201cCinnt\u00edonn an aip nua \u00a0go bhfuil TG4 ag cur leis an tseirbh\u00eds at\u00e1 \u00e1 sol\u00e1thar ag TG4 don \u00f3ige ar fud na t\u00edre agus an domhain, D\u00e9anann an aip freastal ar na n\u00f3sanna f\u00e9achana il\u00e1rd\u00e1n at\u00e1 ag an lucht anois ag an dream \u00f3g agus deimhn\u00edonn s\u00e9 go bhfuil \u00e1bhar Gaeilge ar f\u00e1il agus l\u00e1rnach ar gach \u00e1rd\u00e1n. Is deas linn freisin gur seoladh seo ag an Oireachtas, tion\u00f3l m\u00f3r na Gaeilge, mar chuid d\u00e1r gceili\u00faradh 20 Bliain<\/em>.\u201d<\/p>\n","protected":false},"excerpt":{"rendered":"<p>T\u00e1 forbairt shuntasach d\u00e9anta i sol\u00e1thar Gaeilge TG4 do ph\u00e1ist\u00ed le seoladh an aip nua, \u00a0Seinnteoir C\u00fala4, ag Oireachtas na Gaeilge 2016 i gCill Airne ag an deireadh seachtaine. T\u00e1 s\u00e9 in oiri\u00faint do ghairis iOS (iPhone, iPad agus iPod) agus deis don lucht f\u00e9achana breathn\u00fa ar chl\u00e1ir C\u00fala4 aon uair den l\u00e1 no den [&hellip;]<\/p>\n","protected":false},"author":999,"featured_media":33163,"parent":6580,"menu_order":31,"comment_status":"closed","ping_status":"closed","template":"page-templates\/template-pr.php","meta":{"_acf_changed":false,"footnotes":""},"acf":[],"yoast_head":"<!-- This site is optimized with the Yoast SEO plugin v22.6 - https:\/\/yoast.com\/wordpress\/plugins\/seo\/ -->\n<title>05.11.16 - Aip nua Seinnteoir iOS ag C\u00fala4 - TG4<\/title>\n<meta name=\"robots\" content=\"index, follow, max-snippet:-1, max-image-preview:large, max-video-preview:-1\" \/>\n<meta property=\"og:locale\" content=\"en_US\" \/>\n<meta property=\"og:type\" content=\"article\" \/>\n<meta property=\"og:title\" content=\"05.11.16 - Aip nua Seinnteoir iOS ag C\u00fala4 - TG4\" \/>\n<meta property=\"og:description\" content=\"T\u00e1 forbairt shuntasach d\u00e9anta i sol\u00e1thar Gaeilge TG4 do ph\u00e1ist\u00ed le seoladh an aip nua, \u00a0Seinnteoir C\u00fala4, ag Oireachtas na Gaeilge 2016 i gCill Airne ag an deireadh seachtaine. T\u00e1 s\u00e9 in oiri\u00faint do ghairis iOS (iPhone, iPad agus iPod) agus deis don lucht f\u00e9achana breathn\u00fa ar chl\u00e1ir C\u00fala4 aon uair den l\u00e1 no den [&hellip;]\" \/>\n<meta property=\"og:url\" content=\"https:\/\/dev.tg4.ie\/ga\/eolas\/preas\/nuacht-raitis\/2016-2\/05-11-16\/\" \/>\n<meta property=\"og:site_name\" content=\"TG4\" \/>\n<meta property=\"article:publisher\" content=\"https:\/\/www.facebook.com\/TG4TV\" \/>\n<meta property=\"article:modified_time\" content=\"2019-06-24T15:55:54+00:00\" \/>\n<meta property=\"og:image\" content=\"https:\/\/tg4-docs.s3.amazonaws.com\/tg4-redesign-2015\/wp-content\/uploads\/2016\/10\/Cula4_App.jpg\" \/>\n\t<meta property=\"og:image:width\" content=\"1920\" \/>\n\t<meta property=\"og:image:height\" content=\"1080\" \/>\n\t<meta property=\"og:image:type\" content=\"image\/jpeg\" \/>\n<meta name=\"twitter:card\" content=\"summary_large_image\" \/>\n<meta name=\"twitter:site\" content=\"@TG4TV\" \/>\n<meta name=\"twitter:label1\" content=\"Est. reading time\" \/>\n\t<meta name=\"twitter:data1\" content=\"2 minutes\" \/>\n<script type=\"application\/ld+json\" class=\"yoast-schema-graph\">{\"@context\":\"https:\/\/schema.org\",\"@graph\":[{\"@type\":\"WebPage\",\"@id\":\"https:\/\/dev.tg4.ie\/ga\/eolas\/preas\/nuacht-raitis\/2016-2\/05-11-16\/\",\"url\":\"https:\/\/dev.tg4.ie\/ga\/eolas\/preas\/nuacht-raitis\/2016-2\/05-11-16\/\",\"name\":\"05.11.16 - Aip nua Seinnteoir iOS ag C\u00fala4 - TG4\",\"isPartOf\":{\"@id\":\"https:\/\/dev.tg4.ie\/en\/#website\"},\"primaryImageOfPage\":{\"@id\":\"https:\/\/dev.tg4.ie\/ga\/eolas\/preas\/nuacht-raitis\/2016-2\/05-11-16\/#primaryimage\"},\"image\":{\"@id\":\"https:\/\/dev.tg4.ie\/ga\/eolas\/preas\/nuacht-raitis\/2016-2\/05-11-16\/#primaryimage\"},\"thumbnailUrl\":\"https:\/\/tg4-docs.s3.amazonaws.com\/tg4-redesign-2015\/wp-content\/uploads\/2016\/10\/Cula4_App.jpg\",\"datePublished\":\"2016-11-11T12:47:00+00:00\",\"dateModified\":\"2019-06-24T15:55:54+00:00\",\"breadcrumb\":{\"@id\":\"https:\/\/dev.tg4.ie\/ga\/eolas\/preas\/nuacht-raitis\/2016-2\/05-11-16\/#breadcrumb\"},\"inLanguage\":\"ga\",\"potentialAction\":[{\"@type\":\"ReadAction\",\"target\":[\"https:\/\/dev.tg4.ie\/ga\/eolas\/preas\/nuacht-raitis\/2016-2\/05-11-16\/\"]}]},{\"@type\":\"ImageObject\",\"inLanguage\":\"ga\",\"@id\":\"https:\/\/dev.tg4.ie\/ga\/eolas\/preas\/nuacht-raitis\/2016-2\/05-11-16\/#primaryimage\",\"url\":\"https:\/\/tg4-docs.s3.amazonaws.com\/tg4-redesign-2015\/wp-content\/uploads\/2016\/10\/Cula4_App.jpg\",\"contentUrl\":\"https:\/\/tg4-docs.s3.amazonaws.com\/tg4-redesign-2015\/wp-content\/uploads\/2016\/10\/Cula4_App.jpg\",\"width\":1920,\"height\":1080},{\"@type\":\"BreadcrumbList\",\"@id\":\"https:\/\/dev.tg4.ie\/ga\/eolas\/preas\/nuacht-raitis\/2016-2\/05-11-16\/#breadcrumb\",\"itemListElement\":[{\"@type\":\"ListItem\",\"position\":1,\"name\":\"Home\",\"item\":\"https:\/\/dev.tg4.ie\/ga\/\"},{\"@type\":\"ListItem\",\"position\":2,\"name\":\"Eolas\",\"item\":\"https:\/\/dev.tg4.ie\/ga\/eolas\/\"},{\"@type\":\"ListItem\",\"position\":3,\"name\":\"Preas\",\"item\":\"https:\/\/dev.tg4.ie\/ga\/eolas\/preas\/\"},{\"@type\":\"ListItem\",\"position\":4,\"name\":\"Nuacht R\u00e1itis\",\"item\":\"https:\/\/dev.tg4.ie\/ga\/eolas\/preas\/nuacht-raitis\/\"},{\"@type\":\"ListItem\",\"position\":5,\"name\":\"2016\",\"item\":\"https:\/\/dev.tg4.ie\/ga\/eolas\/preas\/nuacht-raitis\/2016-2\/\"},{\"@type\":\"ListItem\",\"position\":6,\"name\":\"05.11.16 &#8211; Aip nua Seinnteoir iOS ag C\u00fala4\"}]},{\"@type\":\"WebSite\",\"@id\":\"https:\/\/dev.tg4.ie\/en\/#website\",\"url\":\"https:\/\/dev.tg4.ie\/en\/\",\"name\":\"TG4\",\"description\":\"S\u00fail Eile\",\"potentialAction\":[{\"@type\":\"SearchAction\",\"target\":{\"@type\":\"EntryPoint\",\"urlTemplate\":\"https:\/\/dev.tg4.ie\/en\/?s={search_term_string}\"},\"query-input\":\"required name=search_term_string\"}],\"inLanguage\":\"ga\"}]}<\/script>\n<!-- \/ Yoast SEO plugin. -->","yoast_head_json":{"title":"05.11.16 - Aip nua Seinnteoir iOS ag C\u00fala4 - TG4","robots":{"index":"index","follow":"follow","max-snippet":"max-snippet:-1","max-image-preview":"max-image-preview:large","max-video-preview":"max-video-preview:-1"},"og_locale":"en_US","og_type":"article","og_title":"05.11.16 - Aip nua Seinnteoir iOS ag C\u00fala4 - TG4","og_description":"T\u00e1 forbairt shuntasach d\u00e9anta i sol\u00e1thar Gaeilge TG4 do ph\u00e1ist\u00ed le seoladh an aip nua, \u00a0Seinnteoir C\u00fala4, ag Oireachtas na Gaeilge 2016 i gCill Airne ag an deireadh seachtaine. T\u00e1 s\u00e9 in oiri\u00faint do ghairis iOS (iPhone, iPad agus iPod) agus deis don lucht f\u00e9achana breathn\u00fa ar chl\u00e1ir C\u00fala4 aon uair den l\u00e1 no den [&hellip;]","og_url":"https:\/\/dev.tg4.ie\/ga\/eolas\/preas\/nuacht-raitis\/2016-2\/05-11-16\/","og_site_name":"TG4","article_publisher":"https:\/\/www.facebook.com\/TG4TV","article_modified_time":"2019-06-24T15:55:54+00:00","og_image":[{"width":1920,"height":1080,"url":"https:\/\/tg4-docs.s3.amazonaws.com\/tg4-redesign-2015\/wp-content\/uploads\/2016\/10\/Cula4_App.jpg","type":"image\/jpeg"}],"twitter_card":"summary_large_image","twitter_site":"@TG4TV","twitter_misc":{"Est. reading time":"2 minutes"},"schema":{"@context":"https:\/\/schema.org","@graph":[{"@type":"WebPage","@id":"https:\/\/dev.tg4.ie\/ga\/eolas\/preas\/nuacht-raitis\/2016-2\/05-11-16\/","url":"https:\/\/dev.tg4.ie\/ga\/eolas\/preas\/nuacht-raitis\/2016-2\/05-11-16\/","name":"05.11.16 - Aip nua Seinnteoir iOS ag C\u00fala4 - TG4","isPartOf":{"@id":"https:\/\/dev.tg4.ie\/en\/#website"},"primaryImageOfPage":{"@id":"https:\/\/dev.tg4.ie\/ga\/eolas\/preas\/nuacht-raitis\/2016-2\/05-11-16\/#primaryimage"},"image":{"@id":"https:\/\/dev.tg4.ie\/ga\/eolas\/preas\/nuacht-raitis\/2016-2\/05-11-16\/#primaryimage"},"thumbnailUrl":"https:\/\/tg4-docs.s3.amazonaws.com\/tg4-redesign-2015\/wp-content\/uploads\/2016\/10\/Cula4_App.jpg","datePublished":"2016-11-11T12:47:00+00:00","dateModified":"2019-06-24T15:55:54+00:00","breadcrumb":{"@id":"https:\/\/dev.tg4.ie\/ga\/eolas\/preas\/nuacht-raitis\/2016-2\/05-11-16\/#breadcrumb"},"inLanguage":"ga","potentialAction":[{"@type":"ReadAction","target":["https:\/\/dev.tg4.ie\/ga\/eolas\/preas\/nuacht-raitis\/2016-2\/05-11-16\/"]}]},{"@type":"ImageObject","inLanguage":"ga","@id":"https:\/\/dev.tg4.ie\/ga\/eolas\/preas\/nuacht-raitis\/2016-2\/05-11-16\/#primaryimage","url":"https:\/\/tg4-docs.s3.amazonaws.com\/tg4-redesign-2015\/wp-content\/uploads\/2016\/10\/Cula4_App.jpg","contentUrl":"https:\/\/tg4-docs.s3.amazonaws.com\/tg4-redesign-2015\/wp-content\/uploads\/2016\/10\/Cula4_App.jpg","width":1920,"height":1080},{"@type":"BreadcrumbList","@id":"https:\/\/dev.tg4.ie\/ga\/eolas\/preas\/nuacht-raitis\/2016-2\/05-11-16\/#breadcrumb","itemListElement":[{"@type":"ListItem","position":1,"name":"Home","item":"https:\/\/dev.tg4.ie\/ga\/"},{"@type":"ListItem","position":2,"name":"Eolas","item":"https:\/\/dev.tg4.ie\/ga\/eolas\/"},{"@type":"ListItem","position":3,"name":"Preas","item":"https:\/\/dev.tg4.ie\/ga\/eolas\/preas\/"},{"@type":"ListItem","position":4,"name":"Nuacht R\u00e1itis","item":"https:\/\/dev.tg4.ie\/ga\/eolas\/preas\/nuacht-raitis\/"},{"@type":"ListItem","position":5,"name":"2016","item":"https:\/\/dev.tg4.ie\/ga\/eolas\/preas\/nuacht-raitis\/2016-2\/"},{"@type":"ListItem","position":6,"name":"05.11.16 &#8211; Aip nua Seinnteoir iOS ag C\u00fala4"}]},{"@type":"WebSite","@id":"https:\/\/dev.tg4.ie\/en\/#website","url":"https:\/\/dev.tg4.ie\/en\/","name":"TG4","description":"S\u00fail Eile","potentialAction":[{"@type":"SearchAction","target":{"@type":"EntryPoint","urlTemplate":"https:\/\/dev.tg4.ie\/en\/?s={search_term_string}"},"query-input":"required name=search_term_string"}],"inLanguage":"ga"}]}},"_links":{"self":[{"href":"https:\/\/dev.tg4.ie\/ga\/wp-json\/wp\/v2\/pages\/34363"}],"collection":[{"href":"https:\/\/dev.tg4.ie\/ga\/wp-json\/wp\/v2\/pages"}],"about":[{"href":"https:\/\/dev.tg4.ie\/ga\/wp-json\/wp\/v2\/types\/page"}],"author":[{"embeddable":true,"href":"https:\/\/dev.tg4.ie\/ga\/wp-json\/wp\/v2\/users\/999"}],"replies":[{"embeddable":true,"href":"https:\/\/dev.tg4.ie\/ga\/wp-json\/wp\/v2\/comments?post=34363"}],"version-history":[{"count":0,"href":"https:\/\/dev.tg4.ie\/ga\/wp-json\/wp\/v2\/pages\/34363\/revisions"}],"up":[{"embeddable":true,"href":"https:\/\/dev.tg4.ie\/ga\/wp-json\/wp\/v2\/pages\/6580"}],"wp:featuredmedia":[{"embeddable":true,"href":"https:\/\/dev.tg4.ie\/ga\/wp-json\/wp\/v2\/media\/33163"}],"wp:attachment":[{"href":"https:\/\/dev.tg4.ie\/ga\/wp-json\/wp\/v2\/media?parent=34363"}],"curies":[{"name":"wp","href":"https:\/\/api.w.org\/{rel}","templated":true}]}}