{"id":36663,"date":"2016-12-14T08:53:00","date_gmt":"2016-12-14T08:53:00","guid":{"rendered":"https:\/\/dev.tg4.ie\/?page_id=36663"},"modified":"2025-04-08T14:43:33","modified_gmt":"2025-04-08T13:43:33","slug":"gradaim-reatha","status":"publish","type":"page","link":"https:\/\/dev.tg4.ie\/ga\/brandai-eile\/gradam-ceoil\/gradaim-reatha\/","title":{"rendered":"Gradam Ceoil TG4 2025"},"content":{"rendered":"<p>&nbsp;<br \/>\nTugadh buaiteoir\u00ed <strong>Ghradam Ceoil TG4 2025<\/strong> le fios go hoifigi\u00fail ag imeacht speisialta a bh\u00ed ar si\u00fal i dTeach U\u00edbh Eachach, ar c\u00e9im mh\u00f3r eile chun cinn \u00e9 i gceili\u00faradh oidhreacht shaibhir cheoil thraidisi\u00fanta na h\u00c9ireann.<br \/>\n&nbsp;<br \/>\nAnois agus \u00e9 ina 28\u00fa bliain, leanann <strong>Gradam Ceoil TG4<\/strong> d\u2019urraim a thabhairt don scoth ar fad san oirfideacht agus don tionchar cult\u00fair is fearr i seacht gcinn de chatag\u00f3ir\u00ed. \u00d3c\u00e1id th\u00e1bhachtach i bhf\u00e9ilire an cheoil thraidisi\u00fanta is ea an f\u00f3gra, n\u00ed hamh\u00e1in mar gheall go dtugtar aitheantas d\u2019\u00e9achta\u00ed eisceacht\u00fala lucht na ngradam ach go nd\u00e9antar ceili\u00faradh freisin ar bheogacht agus ar \u00e9ags\u00falacht an traidisi\u00fain. Is eiseaml\u00e1ir iad lucht na ngradam seo den d\u00fathracht agus den nu\u00e1la\u00edocht a chinnt\u00edonn go mbeidh rath ar cheol traidisi\u00fanta na h\u00c9ireann do na gl\u00fanta at\u00e1 le teacht.<br \/>\n&nbsp;<br \/>\nIs pain\u00e9al neamhsple\u00e1ch daoine ar bronnadh an gradam roimhe seo orthu agus de dhaoine m\u00f3r le r\u00e1 i bpobal an cheoil thraidisi\u00fanta a thugann faoin pr\u00f3iseas roghn\u00fach\u00e1in. N\u00ed hamh\u00e1in go dtugann <strong>Gradam Ceoil TG4<\/strong> aitheantas do sh\u00e1rmhaitheas eala\u00edne ach cuireann s\u00e9 le rath na mbuaiteoir\u00ed tr\u00edna gcuid ceoil, amhr\u00e1na\u00edochta agus damhsa a chur i l\u00e1thair lucht f\u00e9achana domhanda tr\u00ed ard\u00e1in chraolt\u00f3ireachta fhairsinge TG4.<br \/>\n&nbsp;<br \/>\nI mbliana, cuirtear tuilleadh leis an bhfeasacht dhomhanda ar na gradaim tr\u00ed chomhoibri\u00fa le h\u00c9irinn ag &#8216;Expo 2025&#8217;. Beidh <strong>Gradam Ceoil TG4<\/strong> agus lucht gradam 2025 mar chuid de chl\u00e1r na h\u00c9ireann ag an World Expo a bheidh ar si\u00fal in Osaka sa tSeap\u00e1in.<br \/>\n&nbsp;<\/p>\n<p><u>Is iad seo a leanas buaiteoir\u00ed Ghradam Ceoil TG4 2025:<\/u><\/p>\n<ul>\n<li>Gradam Ceoil TG4 2025 \u2013 <a href=\"https:\/\/dev.tg4.ie\/brandai-eile\/gradam-ceoil\/gradaim-reatha\/gradam-ceoil-tg4\/\" rel=\"noopener\" target=\"_blank\">Siobh\u00e1n Peoples<\/a><\/li>\n<li>Amhr\u00e1na\u00ed TG4 2025 \u2013 <a href=\"https:\/\/dev.tg4.ie\/brandai-eile\/gradam-ceoil\/gradaim-reatha\/amhranai-na-bliana\/\" rel=\"noopener\" target=\"_blank\">Cathy Jordan<\/a><\/li>\n<li>Gradam Saoil TG4 2025 \u2013 <a href=\"https:\/\/dev.tg4.ie\/brandai-eile\/gradam-ceoil\/gradaim-reatha\/gradam-saoil\/\" rel=\"noopener\" target=\"_blank\">Matt Cranitch<\/a><\/li>\n<li>Gr\u00fapa Ceoil TG4 2025 \u2013 <a href=\"https:\/\/dev.tg4.ie\/brandai-eile\/gradam-ceoil\/gradaim-reatha\/grupa-ceoil\/\" rel=\"noopener\" target=\"_blank\">Flook<\/a><\/li>\n<li>Ceolt\u00f3ir \u00d3g TG4 2025 \u2013 <a href=\"https:\/\/dev.tg4.ie\/brandai-eile\/gradam-ceoil\/gradaim-reatha\/ceoltoir-og-na-bliana\/\" rel=\"noopener\" target=\"_blank\">Colm Broderick<\/a><\/li>\n<li>Cumad\u00f3ir TG4 2025 \u2013 <a href=\"https:\/\/dev.tg4.ie\/brandai-eile\/gradam-ceoil\/gradaim-reatha\/cumadoir-na-bliana\/\" rel=\"noopener\" target=\"_blank\">Johnny \u00d3g Connolly<\/a><\/li>\n<li>Gradam Comaoine TG4 2025 \u2013 <a href=\"https:\/\/dev.tg4.ie\/brandai-eile\/gradam-ceoil\/gradaim-reatha\/gradam-comaoine\/\" rel=\"noopener\" target=\"_blank\">\u00c1ine Hensey<\/a><\/li>\n<\/ul>\n<p>&nbsp;<br \/>\nBeidh ceolchoirm agus searmanas bronnta Ghradam Ceoil TG4 2025 ar si\u00fal i gCeol\u00e1ras na hOllscoile, Luimneach, D\u00e9 Domhnaigh, an 4 Bealtaine. Craolfar an t-imeacht seo beo ar TG4 agus ar fud an domhain ar Sheinnteoir TG4, rud a thabharfaidh deis don lucht f\u00e9achana an o\u00edche shuaithinseach de cheol, de cheili\u00faradh agus de shiamsa\u00edocht a fheice\u00e1il. I gcuideachta bhuaiteoir\u00ed na ngradam beidh rogha d\u2019a\u00edonna agus l\u00e1ithreoir\u00ed ceoil speisialta don \u00f3c\u00e1id mh\u00f3r le r\u00e1 seo.  <a href=\"https:\/\/www.uch.ie\/show\/gradam-ceoil-tg4-awards-2025\/\" rel=\"noopener\" target=\"_blank\">Tic\u00e9id : Gradam Ceoil TG4<\/a><\/p>\n<p>&nbsp;<br \/>\n&nbsp;<br \/>\n&nbsp;<\/p>\n","protected":false},"excerpt":{"rendered":"<p>&nbsp; Tugadh buaiteoir\u00ed Ghradam Ceoil TG4 2025 le fios go hoifigi\u00fail ag imeacht speisialta a bh\u00ed ar si\u00fal i dTeach U\u00edbh Eachach, ar c\u00e9im mh\u00f3r eile chun cinn \u00e9 i gceili\u00faradh oidhreacht shaibhir cheoil thraidisi\u00fanta na h\u00c9ireann. &nbsp; Anois agus \u00e9 ina 28\u00fa bliain, leanann Gradam Ceoil TG4 d\u2019urraim a thabhairt don scoth ar fad [&hellip;]<\/p>\n","protected":false},"author":4,"featured_media":242930,"parent":12975,"menu_order":2,"comment_status":"closed","ping_status":"closed","template":"page-templates\/template-corporate.php","meta":{"_acf_changed":false,"footnotes":""},"acf":[],"yoast_head":"<!-- This site is optimized with the Yoast SEO plugin v22.6 - https:\/\/yoast.com\/wordpress\/plugins\/seo\/ -->\n<title>Gradam Ceoil TG4 2025 | Gradaim Reatha | Buaiteoir\u00ed | TG4<\/title>\n<meta name=\"description\" content=\"T\u00e1 buaiteoir\u00ed Ghradam Ceoil na Bliana 2025 f\u00f3gartha ag TG4, gradaim tr\u00edna l\u00e9ir\u00edtear urraim do cheolt\u00f3ir\u00ed a bhfuil an ceol traidisi\u00fanta tugtha chun cinn, neartaithe agus caomhnaithe acu in \u00c9irinn.\" \/>\n<meta name=\"robots\" content=\"index, follow, max-snippet:-1, max-image-preview:large, max-video-preview:-1\" \/>\n<meta property=\"og:locale\" content=\"en_US\" \/>\n<meta property=\"og:type\" content=\"article\" \/>\n<meta property=\"og:title\" content=\"Gradam Ceoil TG4 2025 | Gradaim Reatha | Buaiteoir\u00ed | TG4\" \/>\n<meta property=\"og:description\" content=\"T\u00e1 buaiteoir\u00ed Ghradam Ceoil na Bliana 2025 f\u00f3gartha ag TG4, gradaim tr\u00edna l\u00e9ir\u00edtear urraim do cheolt\u00f3ir\u00ed a bhfuil an ceol traidisi\u00fanta tugtha chun cinn, neartaithe agus caomhnaithe acu in \u00c9irinn.\" \/>\n<meta property=\"og:url\" content=\"https:\/\/dev.tg4.ie\/ga\/brandai-eile\/gradam-ceoil\/gradaim-reatha\/\" \/>\n<meta property=\"og:site_name\" content=\"TG4\" \/>\n<meta property=\"article:publisher\" content=\"https:\/\/www.facebook.com\/TG4TV\" \/>\n<meta property=\"article:modified_time\" content=\"2025-04-08T13:43:33+00:00\" \/>\n<meta property=\"og:image\" content=\"https:\/\/tg4-docs.s3.amazonaws.com\/wp-content\/uploads\/2025\/03\/27095854\/Gradam_Ceoil_2025_1-1920x1080-1.jpg\" \/>\n\t<meta property=\"og:image:width\" content=\"1920\" \/>\n\t<meta property=\"og:image:height\" content=\"1080\" \/>\n\t<meta property=\"og:image:type\" content=\"image\/jpeg\" \/>\n<meta name=\"twitter:card\" content=\"summary_large_image\" \/>\n<meta name=\"twitter:site\" content=\"@TG4TV\" \/>\n<meta name=\"twitter:label1\" content=\"Est. reading time\" \/>\n\t<meta name=\"twitter:data1\" content=\"2 minutes\" \/>\n<script type=\"application\/ld+json\" class=\"yoast-schema-graph\">{\"@context\":\"https:\/\/schema.org\",\"@graph\":[{\"@type\":\"WebPage\",\"@id\":\"https:\/\/dev.tg4.ie\/ga\/brandai-eile\/gradam-ceoil\/gradaim-reatha\/\",\"url\":\"https:\/\/dev.tg4.ie\/ga\/brandai-eile\/gradam-ceoil\/gradaim-reatha\/\",\"name\":\"Gradam Ceoil TG4 2025 | Gradaim Reatha | Buaiteoir\u00ed | TG4\",\"isPartOf\":{\"@id\":\"https:\/\/dev.tg4.ie\/en\/#website\"},\"primaryImageOfPage\":{\"@id\":\"https:\/\/dev.tg4.ie\/ga\/brandai-eile\/gradam-ceoil\/gradaim-reatha\/#primaryimage\"},\"image\":{\"@id\":\"https:\/\/dev.tg4.ie\/ga\/brandai-eile\/gradam-ceoil\/gradaim-reatha\/#primaryimage\"},\"thumbnailUrl\":\"https:\/\/tg4-docs.s3.amazonaws.com\/wp-content\/uploads\/2025\/03\/27095854\/Gradam_Ceoil_2025_1-1920x1080-1.jpg\",\"datePublished\":\"2016-12-14T08:53:00+00:00\",\"dateModified\":\"2025-04-08T13:43:33+00:00\",\"description\":\"T\u00e1 buaiteoir\u00ed Ghradam Ceoil na Bliana 2025 f\u00f3gartha ag TG4, gradaim tr\u00edna l\u00e9ir\u00edtear urraim do cheolt\u00f3ir\u00ed a bhfuil an ceol traidisi\u00fanta tugtha chun cinn, neartaithe agus caomhnaithe acu in \u00c9irinn.\",\"breadcrumb\":{\"@id\":\"https:\/\/dev.tg4.ie\/ga\/brandai-eile\/gradam-ceoil\/gradaim-reatha\/#breadcrumb\"},\"inLanguage\":\"ga\",\"potentialAction\":[{\"@type\":\"ReadAction\",\"target\":[\"https:\/\/dev.tg4.ie\/ga\/brandai-eile\/gradam-ceoil\/gradaim-reatha\/\"]}]},{\"@type\":\"ImageObject\",\"inLanguage\":\"ga\",\"@id\":\"https:\/\/dev.tg4.ie\/ga\/brandai-eile\/gradam-ceoil\/gradaim-reatha\/#primaryimage\",\"url\":\"https:\/\/tg4-docs.s3.amazonaws.com\/wp-content\/uploads\/2025\/03\/27095854\/Gradam_Ceoil_2025_1-1920x1080-1.jpg\",\"contentUrl\":\"https:\/\/tg4-docs.s3.amazonaws.com\/wp-content\/uploads\/2025\/03\/27095854\/Gradam_Ceoil_2025_1-1920x1080-1.jpg\",\"width\":1920,\"height\":1080},{\"@type\":\"BreadcrumbList\",\"@id\":\"https:\/\/dev.tg4.ie\/ga\/brandai-eile\/gradam-ceoil\/gradaim-reatha\/#breadcrumb\",\"itemListElement\":[{\"@type\":\"ListItem\",\"position\":1,\"name\":\"Home\",\"item\":\"https:\/\/dev.tg4.ie\/ga\/\"},{\"@type\":\"ListItem\",\"position\":2,\"name\":\"Branda\u00ed Eile\",\"item\":\"https:\/\/dev.tg4.ie\/ga\/brandai-eile\/\"},{\"@type\":\"ListItem\",\"position\":3,\"name\":\"Gradam Ceoil TG4\",\"item\":\"https:\/\/dev.tg4.ie\/ga\/brandai-eile\/gradam-ceoil\/\"},{\"@type\":\"ListItem\",\"position\":4,\"name\":\"Gradam Ceoil TG4 2025\"}]},{\"@type\":\"WebSite\",\"@id\":\"https:\/\/dev.tg4.ie\/en\/#website\",\"url\":\"https:\/\/dev.tg4.ie\/en\/\",\"name\":\"TG4\",\"description\":\"S\u00fail Eile\",\"potentialAction\":[{\"@type\":\"SearchAction\",\"target\":{\"@type\":\"EntryPoint\",\"urlTemplate\":\"https:\/\/dev.tg4.ie\/en\/?s={search_term_string}\"},\"query-input\":\"required name=search_term_string\"}],\"inLanguage\":\"ga\"}]}<\/script>\n<!-- \/ Yoast SEO plugin. -->","yoast_head_json":{"title":"Gradam Ceoil TG4 2025 | Gradaim Reatha | Buaiteoir\u00ed | TG4","description":"T\u00e1 buaiteoir\u00ed Ghradam Ceoil na Bliana 2025 f\u00f3gartha ag TG4, gradaim tr\u00edna l\u00e9ir\u00edtear urraim do cheolt\u00f3ir\u00ed a bhfuil an ceol traidisi\u00fanta tugtha chun cinn, neartaithe agus caomhnaithe acu in \u00c9irinn.","robots":{"index":"index","follow":"follow","max-snippet":"max-snippet:-1","max-image-preview":"max-image-preview:large","max-video-preview":"max-video-preview:-1"},"og_locale":"en_US","og_type":"article","og_title":"Gradam Ceoil TG4 2025 | Gradaim Reatha | Buaiteoir\u00ed | TG4","og_description":"T\u00e1 buaiteoir\u00ed Ghradam Ceoil na Bliana 2025 f\u00f3gartha ag TG4, gradaim tr\u00edna l\u00e9ir\u00edtear urraim do cheolt\u00f3ir\u00ed a bhfuil an ceol traidisi\u00fanta tugtha chun cinn, neartaithe agus caomhnaithe acu in \u00c9irinn.","og_url":"https:\/\/dev.tg4.ie\/ga\/brandai-eile\/gradam-ceoil\/gradaim-reatha\/","og_site_name":"TG4","article_publisher":"https:\/\/www.facebook.com\/TG4TV","article_modified_time":"2025-04-08T13:43:33+00:00","og_image":[{"width":1920,"height":1080,"url":"https:\/\/tg4-docs.s3.amazonaws.com\/wp-content\/uploads\/2025\/03\/27095854\/Gradam_Ceoil_2025_1-1920x1080-1.jpg","type":"image\/jpeg"}],"twitter_card":"summary_large_image","twitter_site":"@TG4TV","twitter_misc":{"Est. reading time":"2 minutes"},"schema":{"@context":"https:\/\/schema.org","@graph":[{"@type":"WebPage","@id":"https:\/\/dev.tg4.ie\/ga\/brandai-eile\/gradam-ceoil\/gradaim-reatha\/","url":"https:\/\/dev.tg4.ie\/ga\/brandai-eile\/gradam-ceoil\/gradaim-reatha\/","name":"Gradam Ceoil TG4 2025 | Gradaim Reatha | Buaiteoir\u00ed | TG4","isPartOf":{"@id":"https:\/\/dev.tg4.ie\/en\/#website"},"primaryImageOfPage":{"@id":"https:\/\/dev.tg4.ie\/ga\/brandai-eile\/gradam-ceoil\/gradaim-reatha\/#primaryimage"},"image":{"@id":"https:\/\/dev.tg4.ie\/ga\/brandai-eile\/gradam-ceoil\/gradaim-reatha\/#primaryimage"},"thumbnailUrl":"https:\/\/tg4-docs.s3.amazonaws.com\/wp-content\/uploads\/2025\/03\/27095854\/Gradam_Ceoil_2025_1-1920x1080-1.jpg","datePublished":"2016-12-14T08:53:00+00:00","dateModified":"2025-04-08T13:43:33+00:00","description":"T\u00e1 buaiteoir\u00ed Ghradam Ceoil na Bliana 2025 f\u00f3gartha ag TG4, gradaim tr\u00edna l\u00e9ir\u00edtear urraim do cheolt\u00f3ir\u00ed a bhfuil an ceol traidisi\u00fanta tugtha chun cinn, neartaithe agus caomhnaithe acu in \u00c9irinn.","breadcrumb":{"@id":"https:\/\/dev.tg4.ie\/ga\/brandai-eile\/gradam-ceoil\/gradaim-reatha\/#breadcrumb"},"inLanguage":"ga","potentialAction":[{"@type":"ReadAction","target":["https:\/\/dev.tg4.ie\/ga\/brandai-eile\/gradam-ceoil\/gradaim-reatha\/"]}]},{"@type":"ImageObject","inLanguage":"ga","@id":"https:\/\/dev.tg4.ie\/ga\/brandai-eile\/gradam-ceoil\/gradaim-reatha\/#primaryimage","url":"https:\/\/tg4-docs.s3.amazonaws.com\/wp-content\/uploads\/2025\/03\/27095854\/Gradam_Ceoil_2025_1-1920x1080-1.jpg","contentUrl":"https:\/\/tg4-docs.s3.amazonaws.com\/wp-content\/uploads\/2025\/03\/27095854\/Gradam_Ceoil_2025_1-1920x1080-1.jpg","width":1920,"height":1080},{"@type":"BreadcrumbList","@id":"https:\/\/dev.tg4.ie\/ga\/brandai-eile\/gradam-ceoil\/gradaim-reatha\/#breadcrumb","itemListElement":[{"@type":"ListItem","position":1,"name":"Home","item":"https:\/\/dev.tg4.ie\/ga\/"},{"@type":"ListItem","position":2,"name":"Branda\u00ed Eile","item":"https:\/\/dev.tg4.ie\/ga\/brandai-eile\/"},{"@type":"ListItem","position":3,"name":"Gradam Ceoil TG4","item":"https:\/\/dev.tg4.ie\/ga\/brandai-eile\/gradam-ceoil\/"},{"@type":"ListItem","position":4,"name":"Gradam Ceoil TG4 2025"}]},{"@type":"WebSite","@id":"https:\/\/dev.tg4.ie\/en\/#website","url":"https:\/\/dev.tg4.ie\/en\/","name":"TG4","description":"S\u00fail Eile","potentialAction":[{"@type":"SearchAction","target":{"@type":"EntryPoint","urlTemplate":"https:\/\/dev.tg4.ie\/en\/?s={search_term_string}"},"query-input":"required name=search_term_string"}],"inLanguage":"ga"}]}},"_links":{"self":[{"href":"https:\/\/dev.tg4.ie\/ga\/wp-json\/wp\/v2\/pages\/36663"}],"collection":[{"href":"https:\/\/dev.tg4.ie\/ga\/wp-json\/wp\/v2\/pages"}],"about":[{"href":"https:\/\/dev.tg4.ie\/ga\/wp-json\/wp\/v2\/types\/page"}],"author":[{"embeddable":true,"href":"https:\/\/dev.tg4.ie\/ga\/wp-json\/wp\/v2\/users\/4"}],"replies":[{"embeddable":true,"href":"https:\/\/dev.tg4.ie\/ga\/wp-json\/wp\/v2\/comments?post=36663"}],"version-history":[{"count":0,"href":"https:\/\/dev.tg4.ie\/ga\/wp-json\/wp\/v2\/pages\/36663\/revisions"}],"up":[{"embeddable":true,"href":"https:\/\/dev.tg4.ie\/ga\/wp-json\/wp\/v2\/pages\/12975"}],"wp:featuredmedia":[{"embeddable":true,"href":"https:\/\/dev.tg4.ie\/ga\/wp-json\/wp\/v2\/media\/242930"}],"wp:attachment":[{"href":"https:\/\/dev.tg4.ie\/ga\/wp-json\/wp\/v2\/media?parent=36663"}],"curies":[{"name":"wp","href":"https:\/\/api.w.org\/{rel}","templated":true}]}}