{"id":36665,"date":"2017-01-19T14:48:00","date_gmt":"2017-01-19T14:48:12","guid":{"rendered":"https:\/\/dev.tg4.ie\/?page_id=36665"},"modified":"2025-04-07T15:27:11","modified_gmt":"2025-04-07T14:27:11","slug":"ceolchoirm","status":"publish","type":"page","link":"https:\/\/dev.tg4.ie\/ga\/brandai-eile\/gradam-ceoil\/ceolchoirm\/","title":{"rendered":"An Ceolchoirm"},"content":{"rendered":"<h2>Gradam Ceoil TG4 2025 | An Ceolchoirm<\/h2>\n<hr>\n<p>Beidh ceolchoirm agus searmanas bronnta Ghradam Ceoil TG4 2025 ar si\u00fal i gCeol\u00e1ras na hOllscoile, Luimneach, D\u00e9 Domhnaigh, an 4 Bealtaine.<br \/>\nCraolfar an t-imeacht seo beo ar TG4 agus ar fud an domhain ar Sheinnteoir TG4, rud a thabharfaidh deis don lucht f\u00e9achana an o\u00edche shuaithinseach de cheol, de cheili\u00faradh agus de shiamsa\u00edocht a fheice\u00e1il.<br \/>\nI gcuideachta bhuaiteoir\u00ed na ngradam beidh rogha d\u2019a\u00edonna agus l\u00e1ithreoir\u00ed ceoil speisialta don \u00f3c\u00e1id mh\u00f3r le r\u00e1 seo. <\/p>\n<p><a href=\"https:\/\/www.uch.ie\/show\/gradam-ceoil-tg4-awards-2025\/\" rel=\"noopener\" target=\"_blank\">Tic\u00e9id : Gradam Ceoil TG4<\/a><\/p>\n","protected":false},"excerpt":{"rendered":"<p>Gradam Ceoil TG4 2025 | An Ceolchoirm Beidh ceolchoirm agus searmanas bronnta Ghradam Ceoil TG4 2025 ar si\u00fal i gCeol\u00e1ras na hOllscoile, Luimneach, D\u00e9 Domhnaigh, an 4 Bealtaine. Craolfar an t-imeacht seo beo ar TG4 agus ar fud an domhain ar Sheinnteoir TG4, rud a thabharfaidh deis don lucht f\u00e9achana an o\u00edche shuaithinseach de cheol, [&hellip;]<\/p>\n","protected":false},"author":4,"featured_media":213783,"parent":12975,"menu_order":5,"comment_status":"closed","ping_status":"closed","template":"page-templates\/template-corporate.php","meta":{"_acf_changed":false,"footnotes":""},"acf":[],"yoast_head":"<!-- This site is optimized with the Yoast SEO plugin v22.6 - https:\/\/yoast.com\/wordpress\/plugins\/seo\/ -->\n<title>Gradam Ceoil TG4 2025 | An Ceolchoirm | Duaisbhronnadh Beo | TG4<\/title>\n<meta name=\"robots\" content=\"index, follow, max-snippet:-1, max-image-preview:large, max-video-preview:-1\" \/>\n<meta property=\"og:locale\" content=\"en_US\" \/>\n<meta property=\"og:type\" content=\"article\" \/>\n<meta property=\"og:title\" content=\"Gradam Ceoil TG4 2025 | An Ceolchoirm | Duaisbhronnadh Beo | TG4\" \/>\n<meta property=\"og:description\" content=\"Gradam Ceoil TG4 2025 | An Ceolchoirm Beidh ceolchoirm agus searmanas bronnta Ghradam Ceoil TG4 2025 ar si\u00fal i gCeol\u00e1ras na hOllscoile, Luimneach, D\u00e9 Domhnaigh, an 4 Bealtaine. Craolfar an t-imeacht seo beo ar TG4 agus ar fud an domhain ar Sheinnteoir TG4, rud a thabharfaidh deis don lucht f\u00e9achana an o\u00edche shuaithinseach de cheol, [&hellip;]\" \/>\n<meta property=\"og:url\" content=\"https:\/\/dev.tg4.ie\/ga\/brandai-eile\/gradam-ceoil\/ceolchoirm\/\" \/>\n<meta property=\"og:site_name\" content=\"TG4\" \/>\n<meta property=\"article:publisher\" content=\"https:\/\/www.facebook.com\/TG4TV\" \/>\n<meta property=\"article:modified_time\" content=\"2025-04-07T14:27:11+00:00\" \/>\n<meta property=\"og:image\" content=\"https:\/\/tg4-docs.s3.amazonaws.com\/wp-content\/uploads\/2024\/03\/26121050\/Gradam_Ceoil_TG4_glan_1-1920x1080-1.jpg\" \/>\n\t<meta property=\"og:image:width\" content=\"1920\" \/>\n\t<meta property=\"og:image:height\" content=\"1080\" \/>\n\t<meta property=\"og:image:type\" content=\"image\/jpeg\" \/>\n<meta name=\"twitter:card\" content=\"summary_large_image\" \/>\n<meta name=\"twitter:site\" content=\"@TG4TV\" \/>\n<meta name=\"twitter:label1\" content=\"Est. reading time\" \/>\n\t<meta name=\"twitter:data1\" content=\"1 minute\" \/>\n<script type=\"application\/ld+json\" class=\"yoast-schema-graph\">{\"@context\":\"https:\/\/schema.org\",\"@graph\":[{\"@type\":\"WebPage\",\"@id\":\"https:\/\/dev.tg4.ie\/ga\/brandai-eile\/gradam-ceoil\/ceolchoirm\/\",\"url\":\"https:\/\/dev.tg4.ie\/ga\/brandai-eile\/gradam-ceoil\/ceolchoirm\/\",\"name\":\"Gradam Ceoil TG4 2025 | An Ceolchoirm | Duaisbhronnadh Beo | TG4\",\"isPartOf\":{\"@id\":\"https:\/\/dev.tg4.ie\/en\/#website\"},\"primaryImageOfPage\":{\"@id\":\"https:\/\/dev.tg4.ie\/ga\/brandai-eile\/gradam-ceoil\/ceolchoirm\/#primaryimage\"},\"image\":{\"@id\":\"https:\/\/dev.tg4.ie\/ga\/brandai-eile\/gradam-ceoil\/ceolchoirm\/#primaryimage\"},\"thumbnailUrl\":\"https:\/\/tg4-docs.s3.amazonaws.com\/wp-content\/uploads\/2024\/03\/26121050\/Gradam_Ceoil_TG4_glan_1-1920x1080-1.jpg\",\"datePublished\":\"2017-01-19T14:48:12+00:00\",\"dateModified\":\"2025-04-07T14:27:11+00:00\",\"breadcrumb\":{\"@id\":\"https:\/\/dev.tg4.ie\/ga\/brandai-eile\/gradam-ceoil\/ceolchoirm\/#breadcrumb\"},\"inLanguage\":\"ga\",\"potentialAction\":[{\"@type\":\"ReadAction\",\"target\":[\"https:\/\/dev.tg4.ie\/ga\/brandai-eile\/gradam-ceoil\/ceolchoirm\/\"]}]},{\"@type\":\"ImageObject\",\"inLanguage\":\"ga\",\"@id\":\"https:\/\/dev.tg4.ie\/ga\/brandai-eile\/gradam-ceoil\/ceolchoirm\/#primaryimage\",\"url\":\"https:\/\/tg4-docs.s3.amazonaws.com\/wp-content\/uploads\/2024\/03\/26121050\/Gradam_Ceoil_TG4_glan_1-1920x1080-1.jpg\",\"contentUrl\":\"https:\/\/tg4-docs.s3.amazonaws.com\/wp-content\/uploads\/2024\/03\/26121050\/Gradam_Ceoil_TG4_glan_1-1920x1080-1.jpg\",\"width\":1920,\"height\":1080},{\"@type\":\"BreadcrumbList\",\"@id\":\"https:\/\/dev.tg4.ie\/ga\/brandai-eile\/gradam-ceoil\/ceolchoirm\/#breadcrumb\",\"itemListElement\":[{\"@type\":\"ListItem\",\"position\":1,\"name\":\"Home\",\"item\":\"https:\/\/dev.tg4.ie\/ga\/\"},{\"@type\":\"ListItem\",\"position\":2,\"name\":\"Branda\u00ed Eile\",\"item\":\"https:\/\/dev.tg4.ie\/ga\/brandai-eile\/\"},{\"@type\":\"ListItem\",\"position\":3,\"name\":\"Gradam Ceoil TG4\",\"item\":\"https:\/\/dev.tg4.ie\/ga\/brandai-eile\/gradam-ceoil\/\"},{\"@type\":\"ListItem\",\"position\":4,\"name\":\"An Ceolchoirm\"}]},{\"@type\":\"WebSite\",\"@id\":\"https:\/\/dev.tg4.ie\/en\/#website\",\"url\":\"https:\/\/dev.tg4.ie\/en\/\",\"name\":\"TG4\",\"description\":\"S\u00fail Eile\",\"potentialAction\":[{\"@type\":\"SearchAction\",\"target\":{\"@type\":\"EntryPoint\",\"urlTemplate\":\"https:\/\/dev.tg4.ie\/en\/?s={search_term_string}\"},\"query-input\":\"required name=search_term_string\"}],\"inLanguage\":\"ga\"}]}<\/script>\n<!-- \/ Yoast SEO plugin. -->","yoast_head_json":{"title":"Gradam Ceoil TG4 2025 | An Ceolchoirm | Duaisbhronnadh Beo | TG4","robots":{"index":"index","follow":"follow","max-snippet":"max-snippet:-1","max-image-preview":"max-image-preview:large","max-video-preview":"max-video-preview:-1"},"og_locale":"en_US","og_type":"article","og_title":"Gradam Ceoil TG4 2025 | An Ceolchoirm | Duaisbhronnadh Beo | TG4","og_description":"Gradam Ceoil TG4 2025 | An Ceolchoirm Beidh ceolchoirm agus searmanas bronnta Ghradam Ceoil TG4 2025 ar si\u00fal i gCeol\u00e1ras na hOllscoile, Luimneach, D\u00e9 Domhnaigh, an 4 Bealtaine. Craolfar an t-imeacht seo beo ar TG4 agus ar fud an domhain ar Sheinnteoir TG4, rud a thabharfaidh deis don lucht f\u00e9achana an o\u00edche shuaithinseach de cheol, [&hellip;]","og_url":"https:\/\/dev.tg4.ie\/ga\/brandai-eile\/gradam-ceoil\/ceolchoirm\/","og_site_name":"TG4","article_publisher":"https:\/\/www.facebook.com\/TG4TV","article_modified_time":"2025-04-07T14:27:11+00:00","og_image":[{"width":1920,"height":1080,"url":"https:\/\/tg4-docs.s3.amazonaws.com\/wp-content\/uploads\/2024\/03\/26121050\/Gradam_Ceoil_TG4_glan_1-1920x1080-1.jpg","type":"image\/jpeg"}],"twitter_card":"summary_large_image","twitter_site":"@TG4TV","twitter_misc":{"Est. reading time":"1 minute"},"schema":{"@context":"https:\/\/schema.org","@graph":[{"@type":"WebPage","@id":"https:\/\/dev.tg4.ie\/ga\/brandai-eile\/gradam-ceoil\/ceolchoirm\/","url":"https:\/\/dev.tg4.ie\/ga\/brandai-eile\/gradam-ceoil\/ceolchoirm\/","name":"Gradam Ceoil TG4 2025 | An Ceolchoirm | Duaisbhronnadh Beo | TG4","isPartOf":{"@id":"https:\/\/dev.tg4.ie\/en\/#website"},"primaryImageOfPage":{"@id":"https:\/\/dev.tg4.ie\/ga\/brandai-eile\/gradam-ceoil\/ceolchoirm\/#primaryimage"},"image":{"@id":"https:\/\/dev.tg4.ie\/ga\/brandai-eile\/gradam-ceoil\/ceolchoirm\/#primaryimage"},"thumbnailUrl":"https:\/\/tg4-docs.s3.amazonaws.com\/wp-content\/uploads\/2024\/03\/26121050\/Gradam_Ceoil_TG4_glan_1-1920x1080-1.jpg","datePublished":"2017-01-19T14:48:12+00:00","dateModified":"2025-04-07T14:27:11+00:00","breadcrumb":{"@id":"https:\/\/dev.tg4.ie\/ga\/brandai-eile\/gradam-ceoil\/ceolchoirm\/#breadcrumb"},"inLanguage":"ga","potentialAction":[{"@type":"ReadAction","target":["https:\/\/dev.tg4.ie\/ga\/brandai-eile\/gradam-ceoil\/ceolchoirm\/"]}]},{"@type":"ImageObject","inLanguage":"ga","@id":"https:\/\/dev.tg4.ie\/ga\/brandai-eile\/gradam-ceoil\/ceolchoirm\/#primaryimage","url":"https:\/\/tg4-docs.s3.amazonaws.com\/wp-content\/uploads\/2024\/03\/26121050\/Gradam_Ceoil_TG4_glan_1-1920x1080-1.jpg","contentUrl":"https:\/\/tg4-docs.s3.amazonaws.com\/wp-content\/uploads\/2024\/03\/26121050\/Gradam_Ceoil_TG4_glan_1-1920x1080-1.jpg","width":1920,"height":1080},{"@type":"BreadcrumbList","@id":"https:\/\/dev.tg4.ie\/ga\/brandai-eile\/gradam-ceoil\/ceolchoirm\/#breadcrumb","itemListElement":[{"@type":"ListItem","position":1,"name":"Home","item":"https:\/\/dev.tg4.ie\/ga\/"},{"@type":"ListItem","position":2,"name":"Branda\u00ed Eile","item":"https:\/\/dev.tg4.ie\/ga\/brandai-eile\/"},{"@type":"ListItem","position":3,"name":"Gradam Ceoil TG4","item":"https:\/\/dev.tg4.ie\/ga\/brandai-eile\/gradam-ceoil\/"},{"@type":"ListItem","position":4,"name":"An Ceolchoirm"}]},{"@type":"WebSite","@id":"https:\/\/dev.tg4.ie\/en\/#website","url":"https:\/\/dev.tg4.ie\/en\/","name":"TG4","description":"S\u00fail Eile","potentialAction":[{"@type":"SearchAction","target":{"@type":"EntryPoint","urlTemplate":"https:\/\/dev.tg4.ie\/en\/?s={search_term_string}"},"query-input":"required name=search_term_string"}],"inLanguage":"ga"}]}},"_links":{"self":[{"href":"https:\/\/dev.tg4.ie\/ga\/wp-json\/wp\/v2\/pages\/36665"}],"collection":[{"href":"https:\/\/dev.tg4.ie\/ga\/wp-json\/wp\/v2\/pages"}],"about":[{"href":"https:\/\/dev.tg4.ie\/ga\/wp-json\/wp\/v2\/types\/page"}],"author":[{"embeddable":true,"href":"https:\/\/dev.tg4.ie\/ga\/wp-json\/wp\/v2\/users\/4"}],"replies":[{"embeddable":true,"href":"https:\/\/dev.tg4.ie\/ga\/wp-json\/wp\/v2\/comments?post=36665"}],"version-history":[{"count":0,"href":"https:\/\/dev.tg4.ie\/ga\/wp-json\/wp\/v2\/pages\/36665\/revisions"}],"up":[{"embeddable":true,"href":"https:\/\/dev.tg4.ie\/ga\/wp-json\/wp\/v2\/pages\/12975"}],"wp:featuredmedia":[{"embeddable":true,"href":"https:\/\/dev.tg4.ie\/ga\/wp-json\/wp\/v2\/media\/213783"}],"wp:attachment":[{"href":"https:\/\/dev.tg4.ie\/ga\/wp-json\/wp\/v2\/media?parent=36665"}],"curies":[{"name":"wp","href":"https:\/\/api.w.org\/{rel}","templated":true}]}}