{"id":36671,"date":"2016-12-14T08:53:00","date_gmt":"2016-12-14T08:53:11","guid":{"rendered":"https:\/\/dev.tg4.ie\/?page_id=36671"},"modified":"2025-04-08T13:59:30","modified_gmt":"2025-04-08T12:59:30","slug":"gradam-ceoil-tg4","status":"publish","type":"page","link":"https:\/\/dev.tg4.ie\/ga\/brandai-eile\/gradam-ceoil\/gradaim-reatha\/gradam-ceoil-tg4\/","title":{"rendered":"Gradam Ceoil TG4"},"content":{"rendered":"<h3>Beathaisn\u00e9is<\/h3>\n<p>T\u00e1 Siobh\u00e1n Peoples, as Inis i gContae an Chl\u00e1ir, b\u00e1ite sa veidhlead\u00f3ireacht agus sa cheol Gaelach \u00f3 bh\u00ed s\u00ed aon bhliain d\u00e9ag. T\u00e1 cumasc d\u2019oidhreacht Th\u00edr Chonaill agus d\u2019oidhreacht an Chl\u00e1ir ag rith le d\u00fachas an cheoil aici; b\u2019fhidl\u00e9ir iomr\u00e1iteach as D\u00fan na nGall Tommy Peoples, a hathair agus bh\u00edodh Kitty Linnane, a seanmh\u00e1thair, ag casadh pian\u00f3 le Banna C\u00e9il\u00ed Chill Fhionn\u00farach.<\/p>\n<p>T\u00e1 Siobh\u00e1n ina teagasc\u00f3ir d\u00fathrachtach in Ollscoil Luimnigh le fiche bliain agus n\u00edos faide agus taitn\u00edonn l\u00e9i a bheith ag m\u00faineadh ar fud na h\u00c9ireann agus na hEorpa. Is ioma\u00ed ceolt\u00f3ir, go log\u00e1nta, go n\u00e1isi\u00fanta agus go hidirn\u00e1isi\u00fanta arb \u00e9 d\u00edograis Shiobh\u00e1in i mbun teagaisc an spreagadh is m\u00f3 a bh\u00ed acu.<\/p>\n<p>Chomh maith lena cuid m\u00fainteoireachta, is m\u00f3r an tairbhe at\u00e1 d\u00e9anta ag Siobh\u00e1n i saol an cheoil i mbaile Inse. Bh\u00ed p\u00e1irt shuntasach aici in athbheochan Fh\u00e9ile Cheol Traidisi\u00fanta Inse agus rinne s\u00ed f\u00f3namh ar feadh na mblianta ar an gcoiste.<\/p>\n<p>Le teann measa ar a cuid saothair, bronnadh gradam M\u00d3Rgl\u00f3r na bliana 2023 ar Shiobh\u00e1n, mar chom\u00f3radh ar an dua a chaitheann s\u00ed leis an gceol traidisi\u00fanta a chur chun cinn agus a bhfuil bainte amach aici mar a bheadh s\u00ed ina hambasad\u00f3ir maidir leis an eala\u00edn thraidisi\u00fanta i gContae an Chl\u00e1ir.<\/p>\n<p>&nbsp;<\/p>\n","protected":false},"excerpt":{"rendered":"<p>Beathaisn\u00e9is T\u00e1 Siobh\u00e1n Peoples, as Inis i gContae an Chl\u00e1ir, b\u00e1ite sa veidhlead\u00f3ireacht agus sa cheol Gaelach \u00f3 bh\u00ed s\u00ed aon bhliain d\u00e9ag. T\u00e1 cumasc d\u2019oidhreacht Th\u00edr Chonaill agus d\u2019oidhreacht an Chl\u00e1ir ag rith le d\u00fachas an cheoil aici; b\u2019fhidl\u00e9ir iomr\u00e1iteach as D\u00fan na nGall Tommy Peoples, a hathair agus bh\u00edodh Kitty Linnane, a seanmh\u00e1thair, [&hellip;]<\/p>\n","protected":false},"author":4,"featured_media":244279,"parent":36663,"menu_order":0,"comment_status":"closed","ping_status":"closed","template":"page-templates\/template-corporate.php","meta":{"_acf_changed":false,"footnotes":""},"acf":[],"yoast_head":"<!-- This site is optimized with the Yoast SEO plugin v22.6 - https:\/\/yoast.com\/wordpress\/plugins\/seo\/ -->\n<title>Siobh\u00e1n Peoples - Ceolt\u00f3ir na Bliana | Gradam Ceoil TG4 2025 | TG4<\/title>\n<meta name=\"robots\" content=\"index, follow, max-snippet:-1, max-image-preview:large, max-video-preview:-1\" \/>\n<meta property=\"og:locale\" content=\"en_US\" \/>\n<meta property=\"og:type\" content=\"article\" \/>\n<meta property=\"og:title\" content=\"Siobh\u00e1n Peoples - Ceolt\u00f3ir na Bliana | Gradam Ceoil TG4 2025 | TG4\" \/>\n<meta property=\"og:description\" content=\"Beathaisn\u00e9is T\u00e1 Siobh\u00e1n Peoples, as Inis i gContae an Chl\u00e1ir, b\u00e1ite sa veidhlead\u00f3ireacht agus sa cheol Gaelach \u00f3 bh\u00ed s\u00ed aon bhliain d\u00e9ag. T\u00e1 cumasc d\u2019oidhreacht Th\u00edr Chonaill agus d\u2019oidhreacht an Chl\u00e1ir ag rith le d\u00fachas an cheoil aici; b\u2019fhidl\u00e9ir iomr\u00e1iteach as D\u00fan na nGall Tommy Peoples, a hathair agus bh\u00edodh Kitty Linnane, a seanmh\u00e1thair, [&hellip;]\" \/>\n<meta property=\"og:url\" content=\"https:\/\/dev.tg4.ie\/ga\/brandai-eile\/gradam-ceoil\/gradaim-reatha\/gradam-ceoil-tg4\/\" \/>\n<meta property=\"og:site_name\" content=\"TG4\" \/>\n<meta property=\"article:publisher\" content=\"https:\/\/www.facebook.com\/TG4TV\" \/>\n<meta property=\"article:modified_time\" content=\"2025-04-08T12:59:30+00:00\" \/>\n<meta property=\"og:image\" content=\"https:\/\/tg4-docs.s3.amazonaws.com\/wp-content\/uploads\/2025\/04\/08135731\/Siobhan_Peoples_2-1920x1080-1.jpg\" \/>\n\t<meta property=\"og:image:width\" content=\"1920\" \/>\n\t<meta property=\"og:image:height\" content=\"1080\" \/>\n\t<meta property=\"og:image:type\" content=\"image\/jpeg\" \/>\n<meta name=\"twitter:card\" content=\"summary_large_image\" \/>\n<meta name=\"twitter:site\" content=\"@TG4TV\" \/>\n<meta name=\"twitter:label1\" content=\"Est. reading time\" \/>\n\t<meta name=\"twitter:data1\" content=\"2 minutes\" \/>\n<script type=\"application\/ld+json\" class=\"yoast-schema-graph\">{\"@context\":\"https:\/\/schema.org\",\"@graph\":[{\"@type\":\"WebPage\",\"@id\":\"https:\/\/dev.tg4.ie\/ga\/brandai-eile\/gradam-ceoil\/gradaim-reatha\/gradam-ceoil-tg4\/\",\"url\":\"https:\/\/dev.tg4.ie\/ga\/brandai-eile\/gradam-ceoil\/gradaim-reatha\/gradam-ceoil-tg4\/\",\"name\":\"Siobh\u00e1n Peoples - Ceolt\u00f3ir na Bliana | Gradam Ceoil TG4 2025 | TG4\",\"isPartOf\":{\"@id\":\"https:\/\/dev.tg4.ie\/en\/#website\"},\"primaryImageOfPage\":{\"@id\":\"https:\/\/dev.tg4.ie\/ga\/brandai-eile\/gradam-ceoil\/gradaim-reatha\/gradam-ceoil-tg4\/#primaryimage\"},\"image\":{\"@id\":\"https:\/\/dev.tg4.ie\/ga\/brandai-eile\/gradam-ceoil\/gradaim-reatha\/gradam-ceoil-tg4\/#primaryimage\"},\"thumbnailUrl\":\"https:\/\/tg4-docs.s3.amazonaws.com\/wp-content\/uploads\/2025\/04\/08135731\/Siobhan_Peoples_2-1920x1080-1.jpg\",\"datePublished\":\"2016-12-14T08:53:11+00:00\",\"dateModified\":\"2025-04-08T12:59:30+00:00\",\"breadcrumb\":{\"@id\":\"https:\/\/dev.tg4.ie\/ga\/brandai-eile\/gradam-ceoil\/gradaim-reatha\/gradam-ceoil-tg4\/#breadcrumb\"},\"inLanguage\":\"ga\",\"potentialAction\":[{\"@type\":\"ReadAction\",\"target\":[\"https:\/\/dev.tg4.ie\/ga\/brandai-eile\/gradam-ceoil\/gradaim-reatha\/gradam-ceoil-tg4\/\"]}]},{\"@type\":\"ImageObject\",\"inLanguage\":\"ga\",\"@id\":\"https:\/\/dev.tg4.ie\/ga\/brandai-eile\/gradam-ceoil\/gradaim-reatha\/gradam-ceoil-tg4\/#primaryimage\",\"url\":\"https:\/\/tg4-docs.s3.amazonaws.com\/wp-content\/uploads\/2025\/04\/08135731\/Siobhan_Peoples_2-1920x1080-1.jpg\",\"contentUrl\":\"https:\/\/tg4-docs.s3.amazonaws.com\/wp-content\/uploads\/2025\/04\/08135731\/Siobhan_Peoples_2-1920x1080-1.jpg\",\"width\":1920,\"height\":1080},{\"@type\":\"BreadcrumbList\",\"@id\":\"https:\/\/dev.tg4.ie\/ga\/brandai-eile\/gradam-ceoil\/gradaim-reatha\/gradam-ceoil-tg4\/#breadcrumb\",\"itemListElement\":[{\"@type\":\"ListItem\",\"position\":1,\"name\":\"Home\",\"item\":\"https:\/\/dev.tg4.ie\/ga\/\"},{\"@type\":\"ListItem\",\"position\":2,\"name\":\"Branda\u00ed Eile\",\"item\":\"https:\/\/dev.tg4.ie\/ga\/brandai-eile\/\"},{\"@type\":\"ListItem\",\"position\":3,\"name\":\"Gradam Ceoil TG4\",\"item\":\"https:\/\/dev.tg4.ie\/ga\/brandai-eile\/gradam-ceoil\/\"},{\"@type\":\"ListItem\",\"position\":4,\"name\":\"Gradam Ceoil TG4 2025\",\"item\":\"https:\/\/dev.tg4.ie\/ga\/brandai-eile\/gradam-ceoil\/gradaim-reatha\/\"},{\"@type\":\"ListItem\",\"position\":5,\"name\":\"Gradam Ceoil TG4\"}]},{\"@type\":\"WebSite\",\"@id\":\"https:\/\/dev.tg4.ie\/en\/#website\",\"url\":\"https:\/\/dev.tg4.ie\/en\/\",\"name\":\"TG4\",\"description\":\"S\u00fail Eile\",\"potentialAction\":[{\"@type\":\"SearchAction\",\"target\":{\"@type\":\"EntryPoint\",\"urlTemplate\":\"https:\/\/dev.tg4.ie\/en\/?s={search_term_string}\"},\"query-input\":\"required name=search_term_string\"}],\"inLanguage\":\"ga\"}]}<\/script>\n<!-- \/ Yoast SEO plugin. -->","yoast_head_json":{"title":"Siobh\u00e1n Peoples - Ceolt\u00f3ir na Bliana | Gradam Ceoil TG4 2025 | TG4","robots":{"index":"index","follow":"follow","max-snippet":"max-snippet:-1","max-image-preview":"max-image-preview:large","max-video-preview":"max-video-preview:-1"},"og_locale":"en_US","og_type":"article","og_title":"Siobh\u00e1n Peoples - Ceolt\u00f3ir na Bliana | Gradam Ceoil TG4 2025 | TG4","og_description":"Beathaisn\u00e9is T\u00e1 Siobh\u00e1n Peoples, as Inis i gContae an Chl\u00e1ir, b\u00e1ite sa veidhlead\u00f3ireacht agus sa cheol Gaelach \u00f3 bh\u00ed s\u00ed aon bhliain d\u00e9ag. T\u00e1 cumasc d\u2019oidhreacht Th\u00edr Chonaill agus d\u2019oidhreacht an Chl\u00e1ir ag rith le d\u00fachas an cheoil aici; b\u2019fhidl\u00e9ir iomr\u00e1iteach as D\u00fan na nGall Tommy Peoples, a hathair agus bh\u00edodh Kitty Linnane, a seanmh\u00e1thair, [&hellip;]","og_url":"https:\/\/dev.tg4.ie\/ga\/brandai-eile\/gradam-ceoil\/gradaim-reatha\/gradam-ceoil-tg4\/","og_site_name":"TG4","article_publisher":"https:\/\/www.facebook.com\/TG4TV","article_modified_time":"2025-04-08T12:59:30+00:00","og_image":[{"width":1920,"height":1080,"url":"https:\/\/tg4-docs.s3.amazonaws.com\/wp-content\/uploads\/2025\/04\/08135731\/Siobhan_Peoples_2-1920x1080-1.jpg","type":"image\/jpeg"}],"twitter_card":"summary_large_image","twitter_site":"@TG4TV","twitter_misc":{"Est. reading time":"2 minutes"},"schema":{"@context":"https:\/\/schema.org","@graph":[{"@type":"WebPage","@id":"https:\/\/dev.tg4.ie\/ga\/brandai-eile\/gradam-ceoil\/gradaim-reatha\/gradam-ceoil-tg4\/","url":"https:\/\/dev.tg4.ie\/ga\/brandai-eile\/gradam-ceoil\/gradaim-reatha\/gradam-ceoil-tg4\/","name":"Siobh\u00e1n Peoples - Ceolt\u00f3ir na Bliana | Gradam Ceoil TG4 2025 | TG4","isPartOf":{"@id":"https:\/\/dev.tg4.ie\/en\/#website"},"primaryImageOfPage":{"@id":"https:\/\/dev.tg4.ie\/ga\/brandai-eile\/gradam-ceoil\/gradaim-reatha\/gradam-ceoil-tg4\/#primaryimage"},"image":{"@id":"https:\/\/dev.tg4.ie\/ga\/brandai-eile\/gradam-ceoil\/gradaim-reatha\/gradam-ceoil-tg4\/#primaryimage"},"thumbnailUrl":"https:\/\/tg4-docs.s3.amazonaws.com\/wp-content\/uploads\/2025\/04\/08135731\/Siobhan_Peoples_2-1920x1080-1.jpg","datePublished":"2016-12-14T08:53:11+00:00","dateModified":"2025-04-08T12:59:30+00:00","breadcrumb":{"@id":"https:\/\/dev.tg4.ie\/ga\/brandai-eile\/gradam-ceoil\/gradaim-reatha\/gradam-ceoil-tg4\/#breadcrumb"},"inLanguage":"ga","potentialAction":[{"@type":"ReadAction","target":["https:\/\/dev.tg4.ie\/ga\/brandai-eile\/gradam-ceoil\/gradaim-reatha\/gradam-ceoil-tg4\/"]}]},{"@type":"ImageObject","inLanguage":"ga","@id":"https:\/\/dev.tg4.ie\/ga\/brandai-eile\/gradam-ceoil\/gradaim-reatha\/gradam-ceoil-tg4\/#primaryimage","url":"https:\/\/tg4-docs.s3.amazonaws.com\/wp-content\/uploads\/2025\/04\/08135731\/Siobhan_Peoples_2-1920x1080-1.jpg","contentUrl":"https:\/\/tg4-docs.s3.amazonaws.com\/wp-content\/uploads\/2025\/04\/08135731\/Siobhan_Peoples_2-1920x1080-1.jpg","width":1920,"height":1080},{"@type":"BreadcrumbList","@id":"https:\/\/dev.tg4.ie\/ga\/brandai-eile\/gradam-ceoil\/gradaim-reatha\/gradam-ceoil-tg4\/#breadcrumb","itemListElement":[{"@type":"ListItem","position":1,"name":"Home","item":"https:\/\/dev.tg4.ie\/ga\/"},{"@type":"ListItem","position":2,"name":"Branda\u00ed Eile","item":"https:\/\/dev.tg4.ie\/ga\/brandai-eile\/"},{"@type":"ListItem","position":3,"name":"Gradam Ceoil TG4","item":"https:\/\/dev.tg4.ie\/ga\/brandai-eile\/gradam-ceoil\/"},{"@type":"ListItem","position":4,"name":"Gradam Ceoil TG4 2025","item":"https:\/\/dev.tg4.ie\/ga\/brandai-eile\/gradam-ceoil\/gradaim-reatha\/"},{"@type":"ListItem","position":5,"name":"Gradam Ceoil TG4"}]},{"@type":"WebSite","@id":"https:\/\/dev.tg4.ie\/en\/#website","url":"https:\/\/dev.tg4.ie\/en\/","name":"TG4","description":"S\u00fail Eile","potentialAction":[{"@type":"SearchAction","target":{"@type":"EntryPoint","urlTemplate":"https:\/\/dev.tg4.ie\/en\/?s={search_term_string}"},"query-input":"required name=search_term_string"}],"inLanguage":"ga"}]}},"_links":{"self":[{"href":"https:\/\/dev.tg4.ie\/ga\/wp-json\/wp\/v2\/pages\/36671"}],"collection":[{"href":"https:\/\/dev.tg4.ie\/ga\/wp-json\/wp\/v2\/pages"}],"about":[{"href":"https:\/\/dev.tg4.ie\/ga\/wp-json\/wp\/v2\/types\/page"}],"author":[{"embeddable":true,"href":"https:\/\/dev.tg4.ie\/ga\/wp-json\/wp\/v2\/users\/4"}],"replies":[{"embeddable":true,"href":"https:\/\/dev.tg4.ie\/ga\/wp-json\/wp\/v2\/comments?post=36671"}],"version-history":[{"count":0,"href":"https:\/\/dev.tg4.ie\/ga\/wp-json\/wp\/v2\/pages\/36671\/revisions"}],"up":[{"embeddable":true,"href":"https:\/\/dev.tg4.ie\/ga\/wp-json\/wp\/v2\/pages\/36663"}],"wp:featuredmedia":[{"embeddable":true,"href":"https:\/\/dev.tg4.ie\/ga\/wp-json\/wp\/v2\/media\/244279"}],"wp:attachment":[{"href":"https:\/\/dev.tg4.ie\/ga\/wp-json\/wp\/v2\/media?parent=36671"}],"curies":[{"name":"wp","href":"https:\/\/api.w.org\/{rel}","templated":true}]}}