{"id":36673,"date":"2016-12-14T08:53:00","date_gmt":"2016-12-14T08:53:18","guid":{"rendered":"https:\/\/dev.tg4.ie\/?page_id=36673"},"modified":"2025-04-08T14:04:38","modified_gmt":"2025-04-08T13:04:38","slug":"ceoltoir-og-na-bliana","status":"publish","type":"page","link":"https:\/\/dev.tg4.ie\/ga\/brandai-eile\/gradam-ceoil\/gradaim-reatha\/ceoltoir-og-na-bliana\/","title":{"rendered":"Ceolt\u00f3ir \u00d3g na Bliana"},"content":{"rendered":"<h3>Beathaisn\u00e9is<\/h3>\n<p>T\u00e1 Colm Broderick, p\u00edobaire as Contae Cheatharlach, ag dul i bhfeidhm go m\u00f3r ar shaol cheol traidisi\u00fanta na h\u00c9ireann. T\u00e1 duaiseanna Uile-\u00c9ireann gn\u00f3thaithe aige mar gheall ar a chumas agus a dh\u00edograis, mar at\u00e1 Bonn \u00d3ir She\u00e1in U\u00ed Riada.<\/p>\n<p>Seinneann s\u00e9 ag f\u00e9ilte agus \u00f3c\u00e1id\u00ed eile ar fud na h\u00c9ireann agus thar lear, le ceolt\u00f3ir\u00ed agus gr\u00fapa\u00ed iomr\u00e1iteacha go minic. F\u00e1gann a chuid cruinnis agus an tuiscint dhomhain at\u00e1 aige ar dh\u00fachas an cheoil go mb\u00edonn an-ghlaoch air i saol an cheoil in \u00c9irinn.<\/p>\n<p>Chomh maith lena chuid ceolchoirmeacha, t\u00e1 Colm an-tugtha do lean\u00fanachas an traidisi\u00fain. M\u00faineann s\u00e9 ceol do dhaoine ar an l\u00e1thair agus ar an idirl\u00edon, foghlaimeoir\u00ed den uile leibh\u00e9al \u00e1 dteagasc aige. B\u00edonn s\u00e9 ina theagasc\u00f3ir go rialta ag Scoil Samhraidh Willie Clancy agus is minic leis a bheith i l\u00e1thair ag cruinni\u00fa p\u00edobair\u00ed i bhfad \u00f3 bhaile, \u00e9 ag cuidi\u00fa leis an gceol agus an uirlis a chur chun cinn agus a chaomhn\u00fa.<\/p>\n<p>Sa bhliain 2019, chuir Na P\u00edobair\u00ed Uilleann p\u00edb Liam \u00d3ig U\u00ed Fhloinn (nach maireann) faoi choimirce Choilm, aitheantas faoi leith do dh\u00fathracht an fhir \u00f3ig i mbun na ceirde. T\u00e1 oidhreacht faoi leith ag rith leis an bp\u00edb agus t\u00e1 Colm tugtha go hioml\u00e1n d\u00e1 gcoinne\u00e1il i gcaoi mhaith agus d\u00e1 seinm mar is dual.<\/p>\n<p>Leanann Colm, ar i gCiarra\u00ed at\u00e1 a ch\u00f3na\u00ed anois, ag ceol, ag teagasc agus ag f\u00f3namh do thraidisi\u00fan na p\u00edobaireachta ionas go mb\u00edonn rath ar an gc\u00e9ad ghl\u00fain eile ceolt\u00f3ir\u00ed chomh maith.<\/p>\n<p>&nbsp;<\/p>\n","protected":false},"excerpt":{"rendered":"<p>Beathaisn\u00e9is T\u00e1 Colm Broderick, p\u00edobaire as Contae Cheatharlach, ag dul i bhfeidhm go m\u00f3r ar shaol cheol traidisi\u00fanta na h\u00c9ireann. T\u00e1 duaiseanna Uile-\u00c9ireann gn\u00f3thaithe aige mar gheall ar a chumas agus a dh\u00edograis, mar at\u00e1 Bonn \u00d3ir She\u00e1in U\u00ed Riada. Seinneann s\u00e9 ag f\u00e9ilte agus \u00f3c\u00e1id\u00ed eile ar fud na h\u00c9ireann agus thar lear, le [&hellip;]<\/p>\n","protected":false},"author":4,"featured_media":244284,"parent":36663,"menu_order":1,"comment_status":"closed","ping_status":"closed","template":"page-templates\/template-corporate.php","meta":{"_acf_changed":false,"footnotes":""},"acf":[],"yoast_head":"<!-- This site is optimized with the Yoast SEO plugin v22.6 - https:\/\/yoast.com\/wordpress\/plugins\/seo\/ -->\n<title>Ceolt\u00f3ir \u00d3g na Bliana - Colm Broderick | Gradam Ceoil TG4 2025 | TG4<\/title>\n<meta name=\"robots\" content=\"index, follow, max-snippet:-1, max-image-preview:large, max-video-preview:-1\" \/>\n<meta property=\"og:locale\" content=\"en_US\" \/>\n<meta property=\"og:type\" content=\"article\" \/>\n<meta property=\"og:title\" content=\"Ceolt\u00f3ir \u00d3g na Bliana - Colm Broderick | Gradam Ceoil TG4 2025 | TG4\" \/>\n<meta property=\"og:description\" content=\"Beathaisn\u00e9is T\u00e1 Colm Broderick, p\u00edobaire as Contae Cheatharlach, ag dul i bhfeidhm go m\u00f3r ar shaol cheol traidisi\u00fanta na h\u00c9ireann. T\u00e1 duaiseanna Uile-\u00c9ireann gn\u00f3thaithe aige mar gheall ar a chumas agus a dh\u00edograis, mar at\u00e1 Bonn \u00d3ir She\u00e1in U\u00ed Riada. Seinneann s\u00e9 ag f\u00e9ilte agus \u00f3c\u00e1id\u00ed eile ar fud na h\u00c9ireann agus thar lear, le [&hellip;]\" \/>\n<meta property=\"og:url\" content=\"https:\/\/dev.tg4.ie\/ga\/brandai-eile\/gradam-ceoil\/gradaim-reatha\/ceoltoir-og-na-bliana\/\" \/>\n<meta property=\"og:site_name\" content=\"TG4\" \/>\n<meta property=\"article:publisher\" content=\"https:\/\/www.facebook.com\/TG4TV\" \/>\n<meta property=\"article:modified_time\" content=\"2025-04-08T13:04:38+00:00\" \/>\n<meta property=\"og:image\" content=\"https:\/\/tg4-docs.s3.amazonaws.com\/wp-content\/uploads\/2025\/04\/08140407\/Colm_Broderick_1-1920x1080-1.jpg\" \/>\n\t<meta property=\"og:image:width\" content=\"1920\" \/>\n\t<meta property=\"og:image:height\" content=\"1080\" \/>\n\t<meta property=\"og:image:type\" content=\"image\/jpeg\" \/>\n<meta name=\"twitter:card\" content=\"summary_large_image\" \/>\n<meta name=\"twitter:site\" content=\"@TG4TV\" \/>\n<meta name=\"twitter:label1\" content=\"Est. reading time\" \/>\n\t<meta name=\"twitter:data1\" content=\"2 minutes\" \/>\n<script type=\"application\/ld+json\" class=\"yoast-schema-graph\">{\"@context\":\"https:\/\/schema.org\",\"@graph\":[{\"@type\":\"WebPage\",\"@id\":\"https:\/\/dev.tg4.ie\/ga\/brandai-eile\/gradam-ceoil\/gradaim-reatha\/ceoltoir-og-na-bliana\/\",\"url\":\"https:\/\/dev.tg4.ie\/ga\/brandai-eile\/gradam-ceoil\/gradaim-reatha\/ceoltoir-og-na-bliana\/\",\"name\":\"Ceolt\u00f3ir \u00d3g na Bliana - Colm Broderick | Gradam Ceoil TG4 2025 | TG4\",\"isPartOf\":{\"@id\":\"https:\/\/dev.tg4.ie\/en\/#website\"},\"primaryImageOfPage\":{\"@id\":\"https:\/\/dev.tg4.ie\/ga\/brandai-eile\/gradam-ceoil\/gradaim-reatha\/ceoltoir-og-na-bliana\/#primaryimage\"},\"image\":{\"@id\":\"https:\/\/dev.tg4.ie\/ga\/brandai-eile\/gradam-ceoil\/gradaim-reatha\/ceoltoir-og-na-bliana\/#primaryimage\"},\"thumbnailUrl\":\"https:\/\/tg4-docs.s3.amazonaws.com\/wp-content\/uploads\/2025\/04\/08140407\/Colm_Broderick_1-1920x1080-1.jpg\",\"datePublished\":\"2016-12-14T08:53:18+00:00\",\"dateModified\":\"2025-04-08T13:04:38+00:00\",\"breadcrumb\":{\"@id\":\"https:\/\/dev.tg4.ie\/ga\/brandai-eile\/gradam-ceoil\/gradaim-reatha\/ceoltoir-og-na-bliana\/#breadcrumb\"},\"inLanguage\":\"ga\",\"potentialAction\":[{\"@type\":\"ReadAction\",\"target\":[\"https:\/\/dev.tg4.ie\/ga\/brandai-eile\/gradam-ceoil\/gradaim-reatha\/ceoltoir-og-na-bliana\/\"]}]},{\"@type\":\"ImageObject\",\"inLanguage\":\"ga\",\"@id\":\"https:\/\/dev.tg4.ie\/ga\/brandai-eile\/gradam-ceoil\/gradaim-reatha\/ceoltoir-og-na-bliana\/#primaryimage\",\"url\":\"https:\/\/tg4-docs.s3.amazonaws.com\/wp-content\/uploads\/2025\/04\/08140407\/Colm_Broderick_1-1920x1080-1.jpg\",\"contentUrl\":\"https:\/\/tg4-docs.s3.amazonaws.com\/wp-content\/uploads\/2025\/04\/08140407\/Colm_Broderick_1-1920x1080-1.jpg\",\"width\":1920,\"height\":1080},{\"@type\":\"BreadcrumbList\",\"@id\":\"https:\/\/dev.tg4.ie\/ga\/brandai-eile\/gradam-ceoil\/gradaim-reatha\/ceoltoir-og-na-bliana\/#breadcrumb\",\"itemListElement\":[{\"@type\":\"ListItem\",\"position\":1,\"name\":\"Home\",\"item\":\"https:\/\/dev.tg4.ie\/ga\/\"},{\"@type\":\"ListItem\",\"position\":2,\"name\":\"Branda\u00ed Eile\",\"item\":\"https:\/\/dev.tg4.ie\/ga\/brandai-eile\/\"},{\"@type\":\"ListItem\",\"position\":3,\"name\":\"Gradam Ceoil TG4\",\"item\":\"https:\/\/dev.tg4.ie\/ga\/brandai-eile\/gradam-ceoil\/\"},{\"@type\":\"ListItem\",\"position\":4,\"name\":\"Gradam Ceoil TG4 2025\",\"item\":\"https:\/\/dev.tg4.ie\/ga\/brandai-eile\/gradam-ceoil\/gradaim-reatha\/\"},{\"@type\":\"ListItem\",\"position\":5,\"name\":\"Ceolt\u00f3ir \u00d3g na Bliana\"}]},{\"@type\":\"WebSite\",\"@id\":\"https:\/\/dev.tg4.ie\/en\/#website\",\"url\":\"https:\/\/dev.tg4.ie\/en\/\",\"name\":\"TG4\",\"description\":\"S\u00fail Eile\",\"potentialAction\":[{\"@type\":\"SearchAction\",\"target\":{\"@type\":\"EntryPoint\",\"urlTemplate\":\"https:\/\/dev.tg4.ie\/en\/?s={search_term_string}\"},\"query-input\":\"required name=search_term_string\"}],\"inLanguage\":\"ga\"}]}<\/script>\n<!-- \/ Yoast SEO plugin. -->","yoast_head_json":{"title":"Ceolt\u00f3ir \u00d3g na Bliana - Colm Broderick | Gradam Ceoil TG4 2025 | TG4","robots":{"index":"index","follow":"follow","max-snippet":"max-snippet:-1","max-image-preview":"max-image-preview:large","max-video-preview":"max-video-preview:-1"},"og_locale":"en_US","og_type":"article","og_title":"Ceolt\u00f3ir \u00d3g na Bliana - Colm Broderick | Gradam Ceoil TG4 2025 | TG4","og_description":"Beathaisn\u00e9is T\u00e1 Colm Broderick, p\u00edobaire as Contae Cheatharlach, ag dul i bhfeidhm go m\u00f3r ar shaol cheol traidisi\u00fanta na h\u00c9ireann. T\u00e1 duaiseanna Uile-\u00c9ireann gn\u00f3thaithe aige mar gheall ar a chumas agus a dh\u00edograis, mar at\u00e1 Bonn \u00d3ir She\u00e1in U\u00ed Riada. Seinneann s\u00e9 ag f\u00e9ilte agus \u00f3c\u00e1id\u00ed eile ar fud na h\u00c9ireann agus thar lear, le [&hellip;]","og_url":"https:\/\/dev.tg4.ie\/ga\/brandai-eile\/gradam-ceoil\/gradaim-reatha\/ceoltoir-og-na-bliana\/","og_site_name":"TG4","article_publisher":"https:\/\/www.facebook.com\/TG4TV","article_modified_time":"2025-04-08T13:04:38+00:00","og_image":[{"width":1920,"height":1080,"url":"https:\/\/tg4-docs.s3.amazonaws.com\/wp-content\/uploads\/2025\/04\/08140407\/Colm_Broderick_1-1920x1080-1.jpg","type":"image\/jpeg"}],"twitter_card":"summary_large_image","twitter_site":"@TG4TV","twitter_misc":{"Est. reading time":"2 minutes"},"schema":{"@context":"https:\/\/schema.org","@graph":[{"@type":"WebPage","@id":"https:\/\/dev.tg4.ie\/ga\/brandai-eile\/gradam-ceoil\/gradaim-reatha\/ceoltoir-og-na-bliana\/","url":"https:\/\/dev.tg4.ie\/ga\/brandai-eile\/gradam-ceoil\/gradaim-reatha\/ceoltoir-og-na-bliana\/","name":"Ceolt\u00f3ir \u00d3g na Bliana - Colm Broderick | Gradam Ceoil TG4 2025 | TG4","isPartOf":{"@id":"https:\/\/dev.tg4.ie\/en\/#website"},"primaryImageOfPage":{"@id":"https:\/\/dev.tg4.ie\/ga\/brandai-eile\/gradam-ceoil\/gradaim-reatha\/ceoltoir-og-na-bliana\/#primaryimage"},"image":{"@id":"https:\/\/dev.tg4.ie\/ga\/brandai-eile\/gradam-ceoil\/gradaim-reatha\/ceoltoir-og-na-bliana\/#primaryimage"},"thumbnailUrl":"https:\/\/tg4-docs.s3.amazonaws.com\/wp-content\/uploads\/2025\/04\/08140407\/Colm_Broderick_1-1920x1080-1.jpg","datePublished":"2016-12-14T08:53:18+00:00","dateModified":"2025-04-08T13:04:38+00:00","breadcrumb":{"@id":"https:\/\/dev.tg4.ie\/ga\/brandai-eile\/gradam-ceoil\/gradaim-reatha\/ceoltoir-og-na-bliana\/#breadcrumb"},"inLanguage":"ga","potentialAction":[{"@type":"ReadAction","target":["https:\/\/dev.tg4.ie\/ga\/brandai-eile\/gradam-ceoil\/gradaim-reatha\/ceoltoir-og-na-bliana\/"]}]},{"@type":"ImageObject","inLanguage":"ga","@id":"https:\/\/dev.tg4.ie\/ga\/brandai-eile\/gradam-ceoil\/gradaim-reatha\/ceoltoir-og-na-bliana\/#primaryimage","url":"https:\/\/tg4-docs.s3.amazonaws.com\/wp-content\/uploads\/2025\/04\/08140407\/Colm_Broderick_1-1920x1080-1.jpg","contentUrl":"https:\/\/tg4-docs.s3.amazonaws.com\/wp-content\/uploads\/2025\/04\/08140407\/Colm_Broderick_1-1920x1080-1.jpg","width":1920,"height":1080},{"@type":"BreadcrumbList","@id":"https:\/\/dev.tg4.ie\/ga\/brandai-eile\/gradam-ceoil\/gradaim-reatha\/ceoltoir-og-na-bliana\/#breadcrumb","itemListElement":[{"@type":"ListItem","position":1,"name":"Home","item":"https:\/\/dev.tg4.ie\/ga\/"},{"@type":"ListItem","position":2,"name":"Branda\u00ed Eile","item":"https:\/\/dev.tg4.ie\/ga\/brandai-eile\/"},{"@type":"ListItem","position":3,"name":"Gradam Ceoil TG4","item":"https:\/\/dev.tg4.ie\/ga\/brandai-eile\/gradam-ceoil\/"},{"@type":"ListItem","position":4,"name":"Gradam Ceoil TG4 2025","item":"https:\/\/dev.tg4.ie\/ga\/brandai-eile\/gradam-ceoil\/gradaim-reatha\/"},{"@type":"ListItem","position":5,"name":"Ceolt\u00f3ir \u00d3g na Bliana"}]},{"@type":"WebSite","@id":"https:\/\/dev.tg4.ie\/en\/#website","url":"https:\/\/dev.tg4.ie\/en\/","name":"TG4","description":"S\u00fail Eile","potentialAction":[{"@type":"SearchAction","target":{"@type":"EntryPoint","urlTemplate":"https:\/\/dev.tg4.ie\/en\/?s={search_term_string}"},"query-input":"required name=search_term_string"}],"inLanguage":"ga"}]}},"_links":{"self":[{"href":"https:\/\/dev.tg4.ie\/ga\/wp-json\/wp\/v2\/pages\/36673"}],"collection":[{"href":"https:\/\/dev.tg4.ie\/ga\/wp-json\/wp\/v2\/pages"}],"about":[{"href":"https:\/\/dev.tg4.ie\/ga\/wp-json\/wp\/v2\/types\/page"}],"author":[{"embeddable":true,"href":"https:\/\/dev.tg4.ie\/ga\/wp-json\/wp\/v2\/users\/4"}],"replies":[{"embeddable":true,"href":"https:\/\/dev.tg4.ie\/ga\/wp-json\/wp\/v2\/comments?post=36673"}],"version-history":[{"count":0,"href":"https:\/\/dev.tg4.ie\/ga\/wp-json\/wp\/v2\/pages\/36673\/revisions"}],"up":[{"embeddable":true,"href":"https:\/\/dev.tg4.ie\/ga\/wp-json\/wp\/v2\/pages\/36663"}],"wp:featuredmedia":[{"embeddable":true,"href":"https:\/\/dev.tg4.ie\/ga\/wp-json\/wp\/v2\/media\/244284"}],"wp:attachment":[{"href":"https:\/\/dev.tg4.ie\/ga\/wp-json\/wp\/v2\/media?parent=36673"}],"curies":[{"name":"wp","href":"https:\/\/api.w.org\/{rel}","templated":true}]}}