{"id":36675,"date":"2016-12-14T08:53:00","date_gmt":"2016-12-14T08:53:25","guid":{"rendered":"https:\/\/dev.tg4.ie\/?page_id=36675"},"modified":"2025-04-08T14:11:01","modified_gmt":"2025-04-08T13:11:01","slug":"gradam-saoil","status":"publish","type":"page","link":"https:\/\/dev.tg4.ie\/ga\/brandai-eile\/gradam-ceoil\/gradaim-reatha\/gradam-saoil\/","title":{"rendered":"Gradam Saoil"},"content":{"rendered":"<h3>Beathaisn\u00e9is<\/h3>\n<p>As Contae Chorca\u00ed Matt Cranitch veidhlead\u00f3ir a bhfuil c\u00e1il agus iomr\u00e1 air mar gheall ar a chuid m\u00e1istreachta ar st\u00edl Shliabh Luachra. D\u2019fh\u00e1s Matt an\u00edos i dteaghlach ceolmhar agus ba l\u00e9ir a lu\u00ed f\u00e9in leis an gceol \u00f3 bh\u00ed s\u00e9 r\u00ed-\u00f3g. Ba ghearr go raibh c\u00e1il mh\u00f3r air i saol an cheoil in \u00c9irinn. Bhuaigh s\u00e9 duaiseanna Uile-\u00c9ireann ag an bhFleadh Cheoil, chomh maith le duais The Fiddler of Dooney agus Corn an Chrotaigh ag an Oireachtas.<\/p>\n<p>\u00d3 thosaigh s\u00e9 amach i saol an cheoil, sheinn Matt ag ceolchoirmeacha go leor in \u00c9irinn agus ar fud an domhain, ina cheolt\u00f3ir aonair agus i gcomhar le gr\u00fapa\u00ed \u00e9ags\u00fala. Bh\u00ed s\u00e9 tr\u00e1thanna \u00e9ags\u00fala i mbanna\u00ed c\u00e1ili\u00fala de leith\u00e9id Na Fil\u00ed, Any Old Time agus Sliabh Notes agus rinne s\u00e9 cion m\u00f3r tairbhe don cheol Gaelach. Rinne s\u00e9 taifeadadh le gach ceann de na gr\u00fapa\u00ed sin ar albaim ar m\u00f3r an moladh agus an tr\u00e1cht a bh\u00edonn orthu.<\/p>\n<p>Chomh maith leis na coirmeacha ceoil, caitheann Matt dua agus d\u00fathracht le m\u00fainteoireacht agus le scr\u00edbhneoireacht. Meastar go bhfuil leabhar d\u00e1 chuid The Irish Fiddle Book ar cheann de na t\u00e9acsanna teagaisc is uilechuimsith\u00ed at\u00e1 ar f\u00e1il ag an bhfoghlaimeoir maidir le fidl\u00e9ireacht thraidisi\u00fanta na h\u00c9ireann. T\u00e1 s\u00e9 ina shaineola\u00ed ar cheol Shliabh Luachra agus ghn\u00f3thaigh s\u00e9 c\u00e9im Docht\u00faireachta \u00f3 Ollscoil Luimnigh mar gheall ar a chuid l\u00e9inn maidir le fidl\u00e9ireacht an cheantair sin. Is fi\u00fa aird faoi leith a thabhairt ar \u00c9istigh Seal, albam d\u00e1 chuid at\u00e1 d\u00edrithe go hioml\u00e1n ar fhoinn mhalla, chomh maith le The Living Stream agus Rolling On, albaim a rinne s\u00e9 i gcomhar leis an mboscad\u00f3ir Jackie Daly a mb\u00edonn s\u00e9 ag ceol leis go rialta.<\/p>\n<p>&nbsp;<\/p>\n","protected":false},"excerpt":{"rendered":"<p>Beathaisn\u00e9is As Contae Chorca\u00ed Matt Cranitch veidhlead\u00f3ir a bhfuil c\u00e1il agus iomr\u00e1 air mar gheall ar a chuid m\u00e1istreachta ar st\u00edl Shliabh Luachra. D\u2019fh\u00e1s Matt an\u00edos i dteaghlach ceolmhar agus ba l\u00e9ir a lu\u00ed f\u00e9in leis an gceol \u00f3 bh\u00ed s\u00e9 r\u00ed-\u00f3g. Ba ghearr go raibh c\u00e1il mh\u00f3r air i saol an cheoil in \u00c9irinn. [&hellip;]<\/p>\n","protected":false},"author":4,"featured_media":244288,"parent":36663,"menu_order":2,"comment_status":"closed","ping_status":"closed","template":"page-templates\/template-corporate.php","meta":{"_acf_changed":false,"footnotes":""},"acf":[],"yoast_head":"<!-- This site is optimized with the Yoast SEO plugin v22.6 - https:\/\/yoast.com\/wordpress\/plugins\/seo\/ -->\n<title>Gradam Saoil - Matt Cranitch | Gradam Ceoil TG4 2025 | TG4<\/title>\n<meta name=\"robots\" content=\"index, follow, max-snippet:-1, max-image-preview:large, max-video-preview:-1\" \/>\n<meta property=\"og:locale\" content=\"en_US\" \/>\n<meta property=\"og:type\" content=\"article\" \/>\n<meta property=\"og:title\" content=\"Gradam Saoil - Matt Cranitch | Gradam Ceoil TG4 2025 | TG4\" \/>\n<meta property=\"og:description\" content=\"Beathaisn\u00e9is As Contae Chorca\u00ed Matt Cranitch veidhlead\u00f3ir a bhfuil c\u00e1il agus iomr\u00e1 air mar gheall ar a chuid m\u00e1istreachta ar st\u00edl Shliabh Luachra. D\u2019fh\u00e1s Matt an\u00edos i dteaghlach ceolmhar agus ba l\u00e9ir a lu\u00ed f\u00e9in leis an gceol \u00f3 bh\u00ed s\u00e9 r\u00ed-\u00f3g. Ba ghearr go raibh c\u00e1il mh\u00f3r air i saol an cheoil in \u00c9irinn. [&hellip;]\" \/>\n<meta property=\"og:url\" content=\"https:\/\/dev.tg4.ie\/ga\/brandai-eile\/gradam-ceoil\/gradaim-reatha\/gradam-saoil\/\" \/>\n<meta property=\"og:site_name\" content=\"TG4\" \/>\n<meta property=\"article:publisher\" content=\"https:\/\/www.facebook.com\/TG4TV\" \/>\n<meta property=\"article:modified_time\" content=\"2025-04-08T13:11:01+00:00\" \/>\n<meta property=\"og:image\" content=\"https:\/\/tg4-docs.s3.amazonaws.com\/wp-content\/uploads\/2025\/04\/08141035\/Matt_Cranitch_1-1920x1080-1.jpg\" \/>\n\t<meta property=\"og:image:width\" content=\"1920\" \/>\n\t<meta property=\"og:image:height\" content=\"1080\" \/>\n\t<meta property=\"og:image:type\" content=\"image\/jpeg\" \/>\n<meta name=\"twitter:card\" content=\"summary_large_image\" \/>\n<meta name=\"twitter:site\" content=\"@TG4TV\" \/>\n<meta name=\"twitter:label1\" content=\"Est. reading time\" \/>\n\t<meta name=\"twitter:data1\" content=\"2 minutes\" \/>\n<script type=\"application\/ld+json\" class=\"yoast-schema-graph\">{\"@context\":\"https:\/\/schema.org\",\"@graph\":[{\"@type\":\"WebPage\",\"@id\":\"https:\/\/dev.tg4.ie\/ga\/brandai-eile\/gradam-ceoil\/gradaim-reatha\/gradam-saoil\/\",\"url\":\"https:\/\/dev.tg4.ie\/ga\/brandai-eile\/gradam-ceoil\/gradaim-reatha\/gradam-saoil\/\",\"name\":\"Gradam Saoil - Matt Cranitch | Gradam Ceoil TG4 2025 | TG4\",\"isPartOf\":{\"@id\":\"https:\/\/dev.tg4.ie\/en\/#website\"},\"primaryImageOfPage\":{\"@id\":\"https:\/\/dev.tg4.ie\/ga\/brandai-eile\/gradam-ceoil\/gradaim-reatha\/gradam-saoil\/#primaryimage\"},\"image\":{\"@id\":\"https:\/\/dev.tg4.ie\/ga\/brandai-eile\/gradam-ceoil\/gradaim-reatha\/gradam-saoil\/#primaryimage\"},\"thumbnailUrl\":\"https:\/\/tg4-docs.s3.amazonaws.com\/wp-content\/uploads\/2025\/04\/08141035\/Matt_Cranitch_1-1920x1080-1.jpg\",\"datePublished\":\"2016-12-14T08:53:25+00:00\",\"dateModified\":\"2025-04-08T13:11:01+00:00\",\"breadcrumb\":{\"@id\":\"https:\/\/dev.tg4.ie\/ga\/brandai-eile\/gradam-ceoil\/gradaim-reatha\/gradam-saoil\/#breadcrumb\"},\"inLanguage\":\"ga\",\"potentialAction\":[{\"@type\":\"ReadAction\",\"target\":[\"https:\/\/dev.tg4.ie\/ga\/brandai-eile\/gradam-ceoil\/gradaim-reatha\/gradam-saoil\/\"]}]},{\"@type\":\"ImageObject\",\"inLanguage\":\"ga\",\"@id\":\"https:\/\/dev.tg4.ie\/ga\/brandai-eile\/gradam-ceoil\/gradaim-reatha\/gradam-saoil\/#primaryimage\",\"url\":\"https:\/\/tg4-docs.s3.amazonaws.com\/wp-content\/uploads\/2025\/04\/08141035\/Matt_Cranitch_1-1920x1080-1.jpg\",\"contentUrl\":\"https:\/\/tg4-docs.s3.amazonaws.com\/wp-content\/uploads\/2025\/04\/08141035\/Matt_Cranitch_1-1920x1080-1.jpg\",\"width\":1920,\"height\":1080},{\"@type\":\"BreadcrumbList\",\"@id\":\"https:\/\/dev.tg4.ie\/ga\/brandai-eile\/gradam-ceoil\/gradaim-reatha\/gradam-saoil\/#breadcrumb\",\"itemListElement\":[{\"@type\":\"ListItem\",\"position\":1,\"name\":\"Home\",\"item\":\"https:\/\/dev.tg4.ie\/ga\/\"},{\"@type\":\"ListItem\",\"position\":2,\"name\":\"Branda\u00ed Eile\",\"item\":\"https:\/\/dev.tg4.ie\/ga\/brandai-eile\/\"},{\"@type\":\"ListItem\",\"position\":3,\"name\":\"Gradam Ceoil TG4\",\"item\":\"https:\/\/dev.tg4.ie\/ga\/brandai-eile\/gradam-ceoil\/\"},{\"@type\":\"ListItem\",\"position\":4,\"name\":\"Gradam Ceoil TG4 2025\",\"item\":\"https:\/\/dev.tg4.ie\/ga\/brandai-eile\/gradam-ceoil\/gradaim-reatha\/\"},{\"@type\":\"ListItem\",\"position\":5,\"name\":\"Gradam Saoil\"}]},{\"@type\":\"WebSite\",\"@id\":\"https:\/\/dev.tg4.ie\/en\/#website\",\"url\":\"https:\/\/dev.tg4.ie\/en\/\",\"name\":\"TG4\",\"description\":\"S\u00fail Eile\",\"potentialAction\":[{\"@type\":\"SearchAction\",\"target\":{\"@type\":\"EntryPoint\",\"urlTemplate\":\"https:\/\/dev.tg4.ie\/en\/?s={search_term_string}\"},\"query-input\":\"required name=search_term_string\"}],\"inLanguage\":\"ga\"}]}<\/script>\n<!-- \/ Yoast SEO plugin. -->","yoast_head_json":{"title":"Gradam Saoil - Matt Cranitch | Gradam Ceoil TG4 2025 | TG4","robots":{"index":"index","follow":"follow","max-snippet":"max-snippet:-1","max-image-preview":"max-image-preview:large","max-video-preview":"max-video-preview:-1"},"og_locale":"en_US","og_type":"article","og_title":"Gradam Saoil - Matt Cranitch | Gradam Ceoil TG4 2025 | TG4","og_description":"Beathaisn\u00e9is As Contae Chorca\u00ed Matt Cranitch veidhlead\u00f3ir a bhfuil c\u00e1il agus iomr\u00e1 air mar gheall ar a chuid m\u00e1istreachta ar st\u00edl Shliabh Luachra. D\u2019fh\u00e1s Matt an\u00edos i dteaghlach ceolmhar agus ba l\u00e9ir a lu\u00ed f\u00e9in leis an gceol \u00f3 bh\u00ed s\u00e9 r\u00ed-\u00f3g. Ba ghearr go raibh c\u00e1il mh\u00f3r air i saol an cheoil in \u00c9irinn. [&hellip;]","og_url":"https:\/\/dev.tg4.ie\/ga\/brandai-eile\/gradam-ceoil\/gradaim-reatha\/gradam-saoil\/","og_site_name":"TG4","article_publisher":"https:\/\/www.facebook.com\/TG4TV","article_modified_time":"2025-04-08T13:11:01+00:00","og_image":[{"width":1920,"height":1080,"url":"https:\/\/tg4-docs.s3.amazonaws.com\/wp-content\/uploads\/2025\/04\/08141035\/Matt_Cranitch_1-1920x1080-1.jpg","type":"image\/jpeg"}],"twitter_card":"summary_large_image","twitter_site":"@TG4TV","twitter_misc":{"Est. reading time":"2 minutes"},"schema":{"@context":"https:\/\/schema.org","@graph":[{"@type":"WebPage","@id":"https:\/\/dev.tg4.ie\/ga\/brandai-eile\/gradam-ceoil\/gradaim-reatha\/gradam-saoil\/","url":"https:\/\/dev.tg4.ie\/ga\/brandai-eile\/gradam-ceoil\/gradaim-reatha\/gradam-saoil\/","name":"Gradam Saoil - Matt Cranitch | Gradam Ceoil TG4 2025 | TG4","isPartOf":{"@id":"https:\/\/dev.tg4.ie\/en\/#website"},"primaryImageOfPage":{"@id":"https:\/\/dev.tg4.ie\/ga\/brandai-eile\/gradam-ceoil\/gradaim-reatha\/gradam-saoil\/#primaryimage"},"image":{"@id":"https:\/\/dev.tg4.ie\/ga\/brandai-eile\/gradam-ceoil\/gradaim-reatha\/gradam-saoil\/#primaryimage"},"thumbnailUrl":"https:\/\/tg4-docs.s3.amazonaws.com\/wp-content\/uploads\/2025\/04\/08141035\/Matt_Cranitch_1-1920x1080-1.jpg","datePublished":"2016-12-14T08:53:25+00:00","dateModified":"2025-04-08T13:11:01+00:00","breadcrumb":{"@id":"https:\/\/dev.tg4.ie\/ga\/brandai-eile\/gradam-ceoil\/gradaim-reatha\/gradam-saoil\/#breadcrumb"},"inLanguage":"ga","potentialAction":[{"@type":"ReadAction","target":["https:\/\/dev.tg4.ie\/ga\/brandai-eile\/gradam-ceoil\/gradaim-reatha\/gradam-saoil\/"]}]},{"@type":"ImageObject","inLanguage":"ga","@id":"https:\/\/dev.tg4.ie\/ga\/brandai-eile\/gradam-ceoil\/gradaim-reatha\/gradam-saoil\/#primaryimage","url":"https:\/\/tg4-docs.s3.amazonaws.com\/wp-content\/uploads\/2025\/04\/08141035\/Matt_Cranitch_1-1920x1080-1.jpg","contentUrl":"https:\/\/tg4-docs.s3.amazonaws.com\/wp-content\/uploads\/2025\/04\/08141035\/Matt_Cranitch_1-1920x1080-1.jpg","width":1920,"height":1080},{"@type":"BreadcrumbList","@id":"https:\/\/dev.tg4.ie\/ga\/brandai-eile\/gradam-ceoil\/gradaim-reatha\/gradam-saoil\/#breadcrumb","itemListElement":[{"@type":"ListItem","position":1,"name":"Home","item":"https:\/\/dev.tg4.ie\/ga\/"},{"@type":"ListItem","position":2,"name":"Branda\u00ed Eile","item":"https:\/\/dev.tg4.ie\/ga\/brandai-eile\/"},{"@type":"ListItem","position":3,"name":"Gradam Ceoil TG4","item":"https:\/\/dev.tg4.ie\/ga\/brandai-eile\/gradam-ceoil\/"},{"@type":"ListItem","position":4,"name":"Gradam Ceoil TG4 2025","item":"https:\/\/dev.tg4.ie\/ga\/brandai-eile\/gradam-ceoil\/gradaim-reatha\/"},{"@type":"ListItem","position":5,"name":"Gradam Saoil"}]},{"@type":"WebSite","@id":"https:\/\/dev.tg4.ie\/en\/#website","url":"https:\/\/dev.tg4.ie\/en\/","name":"TG4","description":"S\u00fail Eile","potentialAction":[{"@type":"SearchAction","target":{"@type":"EntryPoint","urlTemplate":"https:\/\/dev.tg4.ie\/en\/?s={search_term_string}"},"query-input":"required name=search_term_string"}],"inLanguage":"ga"}]}},"_links":{"self":[{"href":"https:\/\/dev.tg4.ie\/ga\/wp-json\/wp\/v2\/pages\/36675"}],"collection":[{"href":"https:\/\/dev.tg4.ie\/ga\/wp-json\/wp\/v2\/pages"}],"about":[{"href":"https:\/\/dev.tg4.ie\/ga\/wp-json\/wp\/v2\/types\/page"}],"author":[{"embeddable":true,"href":"https:\/\/dev.tg4.ie\/ga\/wp-json\/wp\/v2\/users\/4"}],"replies":[{"embeddable":true,"href":"https:\/\/dev.tg4.ie\/ga\/wp-json\/wp\/v2\/comments?post=36675"}],"version-history":[{"count":0,"href":"https:\/\/dev.tg4.ie\/ga\/wp-json\/wp\/v2\/pages\/36675\/revisions"}],"up":[{"embeddable":true,"href":"https:\/\/dev.tg4.ie\/ga\/wp-json\/wp\/v2\/pages\/36663"}],"wp:featuredmedia":[{"embeddable":true,"href":"https:\/\/dev.tg4.ie\/ga\/wp-json\/wp\/v2\/media\/244288"}],"wp:attachment":[{"href":"https:\/\/dev.tg4.ie\/ga\/wp-json\/wp\/v2\/media?parent=36675"}],"curies":[{"name":"wp","href":"https:\/\/api.w.org\/{rel}","templated":true}]}}