{"id":36682,"date":"2016-12-09T13:31:57","date_gmt":"2016-12-09T13:31:57","guid":{"rendered":"https:\/\/dev.tg4.ie\/corporate\/preas\/press-releases\/2016-2\/24-10-16-2-3\/"},"modified":"2019-06-24T16:55:18","modified_gmt":"2019-06-24T15:55:18","slug":"9-12-16","status":"publish","type":"page","link":"https:\/\/dev.tg4.ie\/ga\/eolas\/preas\/nuacht-raitis\/2016-2\/9-12-16\/","title":{"rendered":"09.12.16 &#8211; Cearta CLG"},"content":{"rendered":"<p>Faoi na socruithe nua at\u00e1 aontaithe,\u00a0 t\u00e1 an scair shuntasach de na cearta teilif\u00edse ar imeachtai CLG a bh\u00ed aige roimhe seo, coinnithe ag TG4 don tr\u00e9imhse 5 bhliana\u00a0 (n\u00edos faide n\u00e1 tr\u00e9imhse aon chonartha cearta le fada an l\u00e1) mar seo a leanas:<\/p>\n<p><strong><em>Na Sraitheanna N\u00e1isi\u00fanta Iom\u00e1na agus Peile<\/em><\/strong><br \/>\nBeo-chearta eisiacha agus cearta iarchraolta gach Domhnach, cluich\u00ed ceannais san \u00e1ireamh. Cearta ioml\u00e1na buaicphoint\u00ed go Bealtaine 2022.<\/p>\n<p><strong><em>Craobh Club Iom\u00e1na agus Peile<\/em><\/strong><br \/>\nBeo-chearta eisiacha agus cearta iarchraolta gach Domhnach ar na craobhacha c\u00faige.\u00a0 Cearta eisiacha ar Chluich\u00ed Leathcheannais agus Ceannais na h\u00c9ireann.\u00a0 Cearta ar na craobhacha contae freisin.<\/p>\n<p><strong><em>Craobh Faoi 21 Iom\u00e1na agus Peile <\/em><\/strong><br \/>\nBeochearta eisiacha ar na Craobhacha C\u00faige agus ar Chluich\u00ed Leathcheannais agus Ceannais na h\u00c9ireann sna craobhacha faoi aois seo agus a gcomharba\u00ed.<\/p>\n<p><strong><em>Craobh na Mion\u00far Iom\u00e1na agus Peile<\/em><\/strong><br \/>\nBeochearta eisiacha gach Domhnach, ar Chluich\u00ed Leathcheannais agus Ceannais na h\u00c9ireann.\u00a0 Cearta buaicphoint\u00ed ar na craobhacha \u00a0faoi aois seo agus a gcomharba\u00ed.<\/p>\n<p><strong><em>Craobhacha\u00a0Iom\u00e1na agus Peile Col\u00e1ist\u00ed\u00a0 (Dara agus Tr\u00ed\u00fa Leibh\u00e9al)<\/em><\/strong><br \/>\nBeochearta eisiacha, cearta ioml\u00e1na buaicphoint\u00ed.<\/p>\n<p>D\u2019fh\u00e1iltigh Ardsti\u00farthoir nua\u00a0 TG4, <strong>Alan Esslemont<\/strong> roimh an gconradh nua: \u201c<em>T\u00e1 f\u00edor-r\u00edm\u00e9ad orainn go bhfuil na cearta seo faighte againn ar\u00eds<\/em>,\u201d a d\u00fairt s\u00e9.\u00a0 \u201c<em>T\u00e1 dea ch\u00e1il bainte amach le fada ag cl\u00fadach cuimsitheach agus ceannr\u00f3d\u00fail TG4 ar na cluich\u00ed Gaelacha, d\u2019fhir is do mhn\u00e1, idir bheo, bhuaicphoint\u00ed agus <\/em>Laochra Gael<em>.\u00a0 Cuireann an conradh nua seo bonn n\u00edos buaine f\u00f3s faoin bp\u00e1irt\u00edocht idir TG4 agus CLG. Mar chraolt\u00f3ir neamhsple\u00e1ch seirbh\u00edse poibl\u00ed, tuigimid go maith an t-\u00e9ileamh at\u00e1 ag an lucht f\u00e9achana ar chl\u00fadach teilif\u00edse saor go haer ar na cluich\u00ed n\u00e1isi\u00fanta agus freastal\u00f3idh muid air le craolta teilif\u00edse agus ar an Seinnteoir ar fud na h\u00c9ireann.\u201d<\/em><\/p>\n","protected":false},"excerpt":{"rendered":"<p>Faoi na socruithe nua at\u00e1 aontaithe,\u00a0 t\u00e1 an scair shuntasach de na cearta teilif\u00edse ar imeachtai CLG a bh\u00ed aige roimhe seo, coinnithe ag TG4 don tr\u00e9imhse 5 bhliana\u00a0 (n\u00edos faide n\u00e1 tr\u00e9imhse aon chonartha cearta le fada an l\u00e1) mar seo a leanas: Na Sraitheanna N\u00e1isi\u00fanta Iom\u00e1na agus Peile Beo-chearta eisiacha agus cearta iarchraolta [&hellip;]<\/p>\n","protected":false},"author":4,"featured_media":36680,"parent":6580,"menu_order":33,"comment_status":"closed","ping_status":"closed","template":"page-templates\/template-pr.php","meta":{"_acf_changed":false,"footnotes":""},"acf":[],"yoast_head":"<!-- This site is optimized with the Yoast SEO plugin v22.6 - https:\/\/yoast.com\/wordpress\/plugins\/seo\/ -->\n<title>09.12.16 - Cearta CLG - TG4<\/title>\n<meta name=\"robots\" content=\"index, follow, max-snippet:-1, max-image-preview:large, max-video-preview:-1\" \/>\n<meta property=\"og:locale\" content=\"en_US\" \/>\n<meta property=\"og:type\" content=\"article\" \/>\n<meta property=\"og:title\" content=\"09.12.16 - Cearta CLG - TG4\" \/>\n<meta property=\"og:description\" content=\"Faoi na socruithe nua at\u00e1 aontaithe,\u00a0 t\u00e1 an scair shuntasach de na cearta teilif\u00edse ar imeachtai CLG a bh\u00ed aige roimhe seo, coinnithe ag TG4 don tr\u00e9imhse 5 bhliana\u00a0 (n\u00edos faide n\u00e1 tr\u00e9imhse aon chonartha cearta le fada an l\u00e1) mar seo a leanas: Na Sraitheanna N\u00e1isi\u00fanta Iom\u00e1na agus Peile Beo-chearta eisiacha agus cearta iarchraolta [&hellip;]\" \/>\n<meta property=\"og:url\" content=\"https:\/\/dev.tg4.ie\/ga\/eolas\/preas\/nuacht-raitis\/2016-2\/9-12-16\/\" \/>\n<meta property=\"og:site_name\" content=\"TG4\" \/>\n<meta property=\"article:publisher\" content=\"https:\/\/www.facebook.com\/TG4TV\" \/>\n<meta property=\"article:modified_time\" content=\"2019-06-24T15:55:18+00:00\" \/>\n<meta property=\"og:image\" content=\"https:\/\/tg4-docs.s3.amazonaws.com\/tg4-redesign-2015\/wp-content\/uploads\/2016\/12\/GAA-Beo.jpg\" \/>\n\t<meta property=\"og:image:width\" content=\"1920\" \/>\n\t<meta property=\"og:image:height\" content=\"1080\" \/>\n\t<meta property=\"og:image:type\" content=\"image\/jpeg\" \/>\n<meta name=\"twitter:card\" content=\"summary_large_image\" \/>\n<meta name=\"twitter:site\" content=\"@TG4TV\" \/>\n<meta name=\"twitter:label1\" content=\"Est. reading time\" \/>\n\t<meta name=\"twitter:data1\" content=\"2 minutes\" \/>\n<script type=\"application\/ld+json\" class=\"yoast-schema-graph\">{\"@context\":\"https:\/\/schema.org\",\"@graph\":[{\"@type\":\"WebPage\",\"@id\":\"https:\/\/dev.tg4.ie\/ga\/eolas\/preas\/nuacht-raitis\/2016-2\/9-12-16\/\",\"url\":\"https:\/\/dev.tg4.ie\/ga\/eolas\/preas\/nuacht-raitis\/2016-2\/9-12-16\/\",\"name\":\"09.12.16 - Cearta CLG - TG4\",\"isPartOf\":{\"@id\":\"https:\/\/dev.tg4.ie\/en\/#website\"},\"primaryImageOfPage\":{\"@id\":\"https:\/\/dev.tg4.ie\/ga\/eolas\/preas\/nuacht-raitis\/2016-2\/9-12-16\/#primaryimage\"},\"image\":{\"@id\":\"https:\/\/dev.tg4.ie\/ga\/eolas\/preas\/nuacht-raitis\/2016-2\/9-12-16\/#primaryimage\"},\"thumbnailUrl\":\"https:\/\/tg4-docs.s3.amazonaws.com\/tg4-redesign-2015\/wp-content\/uploads\/2016\/12\/GAA-Beo.jpg\",\"datePublished\":\"2016-12-09T13:31:57+00:00\",\"dateModified\":\"2019-06-24T15:55:18+00:00\",\"breadcrumb\":{\"@id\":\"https:\/\/dev.tg4.ie\/ga\/eolas\/preas\/nuacht-raitis\/2016-2\/9-12-16\/#breadcrumb\"},\"inLanguage\":\"ga\",\"potentialAction\":[{\"@type\":\"ReadAction\",\"target\":[\"https:\/\/dev.tg4.ie\/ga\/eolas\/preas\/nuacht-raitis\/2016-2\/9-12-16\/\"]}]},{\"@type\":\"ImageObject\",\"inLanguage\":\"ga\",\"@id\":\"https:\/\/dev.tg4.ie\/ga\/eolas\/preas\/nuacht-raitis\/2016-2\/9-12-16\/#primaryimage\",\"url\":\"https:\/\/tg4-docs.s3.amazonaws.com\/tg4-redesign-2015\/wp-content\/uploads\/2016\/12\/GAA-Beo.jpg\",\"contentUrl\":\"https:\/\/tg4-docs.s3.amazonaws.com\/tg4-redesign-2015\/wp-content\/uploads\/2016\/12\/GAA-Beo.jpg\",\"width\":1920,\"height\":1080,\"caption\":\"GAA Beo\"},{\"@type\":\"BreadcrumbList\",\"@id\":\"https:\/\/dev.tg4.ie\/ga\/eolas\/preas\/nuacht-raitis\/2016-2\/9-12-16\/#breadcrumb\",\"itemListElement\":[{\"@type\":\"ListItem\",\"position\":1,\"name\":\"Home\",\"item\":\"https:\/\/dev.tg4.ie\/ga\/\"},{\"@type\":\"ListItem\",\"position\":2,\"name\":\"Eolas\",\"item\":\"https:\/\/dev.tg4.ie\/ga\/eolas\/\"},{\"@type\":\"ListItem\",\"position\":3,\"name\":\"Preas\",\"item\":\"https:\/\/dev.tg4.ie\/ga\/eolas\/preas\/\"},{\"@type\":\"ListItem\",\"position\":4,\"name\":\"Nuacht R\u00e1itis\",\"item\":\"https:\/\/dev.tg4.ie\/ga\/eolas\/preas\/nuacht-raitis\/\"},{\"@type\":\"ListItem\",\"position\":5,\"name\":\"2016\",\"item\":\"https:\/\/dev.tg4.ie\/ga\/eolas\/preas\/nuacht-raitis\/2016-2\/\"},{\"@type\":\"ListItem\",\"position\":6,\"name\":\"09.12.16 &#8211; Cearta CLG\"}]},{\"@type\":\"WebSite\",\"@id\":\"https:\/\/dev.tg4.ie\/en\/#website\",\"url\":\"https:\/\/dev.tg4.ie\/en\/\",\"name\":\"TG4\",\"description\":\"S\u00fail Eile\",\"potentialAction\":[{\"@type\":\"SearchAction\",\"target\":{\"@type\":\"EntryPoint\",\"urlTemplate\":\"https:\/\/dev.tg4.ie\/en\/?s={search_term_string}\"},\"query-input\":\"required name=search_term_string\"}],\"inLanguage\":\"ga\"}]}<\/script>\n<!-- \/ Yoast SEO plugin. -->","yoast_head_json":{"title":"09.12.16 - Cearta CLG - TG4","robots":{"index":"index","follow":"follow","max-snippet":"max-snippet:-1","max-image-preview":"max-image-preview:large","max-video-preview":"max-video-preview:-1"},"og_locale":"en_US","og_type":"article","og_title":"09.12.16 - Cearta CLG - TG4","og_description":"Faoi na socruithe nua at\u00e1 aontaithe,\u00a0 t\u00e1 an scair shuntasach de na cearta teilif\u00edse ar imeachtai CLG a bh\u00ed aige roimhe seo, coinnithe ag TG4 don tr\u00e9imhse 5 bhliana\u00a0 (n\u00edos faide n\u00e1 tr\u00e9imhse aon chonartha cearta le fada an l\u00e1) mar seo a leanas: Na Sraitheanna N\u00e1isi\u00fanta Iom\u00e1na agus Peile Beo-chearta eisiacha agus cearta iarchraolta [&hellip;]","og_url":"https:\/\/dev.tg4.ie\/ga\/eolas\/preas\/nuacht-raitis\/2016-2\/9-12-16\/","og_site_name":"TG4","article_publisher":"https:\/\/www.facebook.com\/TG4TV","article_modified_time":"2019-06-24T15:55:18+00:00","og_image":[{"width":1920,"height":1080,"url":"https:\/\/tg4-docs.s3.amazonaws.com\/tg4-redesign-2015\/wp-content\/uploads\/2016\/12\/GAA-Beo.jpg","type":"image\/jpeg"}],"twitter_card":"summary_large_image","twitter_site":"@TG4TV","twitter_misc":{"Est. reading time":"2 minutes"},"schema":{"@context":"https:\/\/schema.org","@graph":[{"@type":"WebPage","@id":"https:\/\/dev.tg4.ie\/ga\/eolas\/preas\/nuacht-raitis\/2016-2\/9-12-16\/","url":"https:\/\/dev.tg4.ie\/ga\/eolas\/preas\/nuacht-raitis\/2016-2\/9-12-16\/","name":"09.12.16 - Cearta CLG - TG4","isPartOf":{"@id":"https:\/\/dev.tg4.ie\/en\/#website"},"primaryImageOfPage":{"@id":"https:\/\/dev.tg4.ie\/ga\/eolas\/preas\/nuacht-raitis\/2016-2\/9-12-16\/#primaryimage"},"image":{"@id":"https:\/\/dev.tg4.ie\/ga\/eolas\/preas\/nuacht-raitis\/2016-2\/9-12-16\/#primaryimage"},"thumbnailUrl":"https:\/\/tg4-docs.s3.amazonaws.com\/tg4-redesign-2015\/wp-content\/uploads\/2016\/12\/GAA-Beo.jpg","datePublished":"2016-12-09T13:31:57+00:00","dateModified":"2019-06-24T15:55:18+00:00","breadcrumb":{"@id":"https:\/\/dev.tg4.ie\/ga\/eolas\/preas\/nuacht-raitis\/2016-2\/9-12-16\/#breadcrumb"},"inLanguage":"ga","potentialAction":[{"@type":"ReadAction","target":["https:\/\/dev.tg4.ie\/ga\/eolas\/preas\/nuacht-raitis\/2016-2\/9-12-16\/"]}]},{"@type":"ImageObject","inLanguage":"ga","@id":"https:\/\/dev.tg4.ie\/ga\/eolas\/preas\/nuacht-raitis\/2016-2\/9-12-16\/#primaryimage","url":"https:\/\/tg4-docs.s3.amazonaws.com\/tg4-redesign-2015\/wp-content\/uploads\/2016\/12\/GAA-Beo.jpg","contentUrl":"https:\/\/tg4-docs.s3.amazonaws.com\/tg4-redesign-2015\/wp-content\/uploads\/2016\/12\/GAA-Beo.jpg","width":1920,"height":1080,"caption":"GAA Beo"},{"@type":"BreadcrumbList","@id":"https:\/\/dev.tg4.ie\/ga\/eolas\/preas\/nuacht-raitis\/2016-2\/9-12-16\/#breadcrumb","itemListElement":[{"@type":"ListItem","position":1,"name":"Home","item":"https:\/\/dev.tg4.ie\/ga\/"},{"@type":"ListItem","position":2,"name":"Eolas","item":"https:\/\/dev.tg4.ie\/ga\/eolas\/"},{"@type":"ListItem","position":3,"name":"Preas","item":"https:\/\/dev.tg4.ie\/ga\/eolas\/preas\/"},{"@type":"ListItem","position":4,"name":"Nuacht R\u00e1itis","item":"https:\/\/dev.tg4.ie\/ga\/eolas\/preas\/nuacht-raitis\/"},{"@type":"ListItem","position":5,"name":"2016","item":"https:\/\/dev.tg4.ie\/ga\/eolas\/preas\/nuacht-raitis\/2016-2\/"},{"@type":"ListItem","position":6,"name":"09.12.16 &#8211; Cearta CLG"}]},{"@type":"WebSite","@id":"https:\/\/dev.tg4.ie\/en\/#website","url":"https:\/\/dev.tg4.ie\/en\/","name":"TG4","description":"S\u00fail Eile","potentialAction":[{"@type":"SearchAction","target":{"@type":"EntryPoint","urlTemplate":"https:\/\/dev.tg4.ie\/en\/?s={search_term_string}"},"query-input":"required name=search_term_string"}],"inLanguage":"ga"}]}},"_links":{"self":[{"href":"https:\/\/dev.tg4.ie\/ga\/wp-json\/wp\/v2\/pages\/36682"}],"collection":[{"href":"https:\/\/dev.tg4.ie\/ga\/wp-json\/wp\/v2\/pages"}],"about":[{"href":"https:\/\/dev.tg4.ie\/ga\/wp-json\/wp\/v2\/types\/page"}],"author":[{"embeddable":true,"href":"https:\/\/dev.tg4.ie\/ga\/wp-json\/wp\/v2\/users\/4"}],"replies":[{"embeddable":true,"href":"https:\/\/dev.tg4.ie\/ga\/wp-json\/wp\/v2\/comments?post=36682"}],"version-history":[{"count":0,"href":"https:\/\/dev.tg4.ie\/ga\/wp-json\/wp\/v2\/pages\/36682\/revisions"}],"up":[{"embeddable":true,"href":"https:\/\/dev.tg4.ie\/ga\/wp-json\/wp\/v2\/pages\/6580"}],"wp:featuredmedia":[{"embeddable":true,"href":"https:\/\/dev.tg4.ie\/ga\/wp-json\/wp\/v2\/media\/36680"}],"wp:attachment":[{"href":"https:\/\/dev.tg4.ie\/ga\/wp-json\/wp\/v2\/media?parent=36682"}],"curies":[{"name":"wp","href":"https:\/\/api.w.org\/{rel}","templated":true}]}}