{"id":36689,"date":"2016-12-14T08:53:00","date_gmt":"2016-12-14T08:53:34","guid":{"rendered":"https:\/\/dev.tg4.ie\/?page_id=36689"},"modified":"2025-04-08T14:17:33","modified_gmt":"2025-04-08T13:17:33","slug":"cumadoir-na-bliana","status":"publish","type":"page","link":"https:\/\/dev.tg4.ie\/ga\/brandai-eile\/gradam-ceoil\/gradaim-reatha\/cumadoir-na-bliana\/","title":{"rendered":"Cumad\u00f3ir na Bliana"},"content":{"rendered":"<h3>Beathaisn\u00e9is<\/h3>\n<p>As Conamara Johnny \u00d3g Connolly, boscad\u00f3ir s\u00e1rmhaith agus cumad\u00f3ir ceoil a bhfuil c\u00e1il go forleathan air as a bhfuil d\u00e9anta aige i saol an cheoil traidisi\u00fanta. Briseann d\u00fachas a athar, Johnny Phadraic Ph\u00edotair c\u00e1ili\u00fail an mhileoidin (nach maireann), tr\u00ed mh\u00e9aracha Johnny \u00d3g a bhfuil a chl\u00fa f\u00e9in tarraingthe aige air f\u00e9in i measc ceolt\u00f3<\/p>\n<p>St\u00edl bhr\u00edomhar chro\u00ed\u00fail a bh\u00edonn ag Johnny \u00d3g i mbun a chuid ceoil, gn\u00e9ithe de shean-n\u00f3s boscad\u00f3ireachta Chonamara fite fuaite le tr\u00e9ithe ceolmhaireachta na linne seo. Is fada fairsing an ceol at\u00e1 cumtha aige \u00e1 sheinm agus \u00e1 thaifeadadh ag ceolt\u00f3ir\u00ed eile, na<\/p>\n<p>foinn \u00e1 nglacadh go fonnmhar isteach ina st\u00f3r ceoil acu. In on\u00f3ir d\u00e1 mhuintir, d\u00e1 chairde agus do cheolt\u00f3ir\u00ed eile a chum s\u00e9 go leor d\u00e1 chuid saothair.<\/p>\n<p>Ar na ceirn\u00edn\u00ed aonair d\u00e1 chuid a bhfuil roinnt d\u00e1r chum s\u00e9 le cloiste\u00e1il orthu, \u00e1ir\u00edtear Aisling Yoshua (2011, Albam Ceoil Traidisi\u00fanta na Bliana ag an Irish Times), Siar (2016), agus Fear Inis Bearachain (2018). D\u2019eisigh s\u00e9 albaim beirte freisin le Brian McGrath (Dreaming Up the Tunes, 1998) agus le Charlie Lennon nach maireann (Dusk Till Dawn, 2005).<\/p>\n<p>T\u00e1 ceol cumtha aige freisin do dh\u00e1 shraith amhr\u00e1n bunaithe ar fhil\u00edocht Mh\u00e1irt\u00edn U\u00ed Dhire\u00e1in\u2014An tEarrach Thiar, agus Liam \u00d3 Maonla\u00ed le cloiste\u00e1il in \u00e9ineacht leis, agus Fad Saoil (Joe Steve \u00d3 Neachtain), saothar a bhfuil taifeadadh d\u00e9anta air freisin le hAisling N\u00ed Neachtain agus C\u00f3r \u00d3ige Chois Fharraige.<\/p>\n<p>Bronnadh coimisi\u00fan air sa bhliain 2022 \u00f3 Sti\u00faideo Cuan (An Spid\u00e9al) le sraith cheoil a chumadh. An Cos\u00e1n Dra\u00edochta a th\u00e1inig d\u00e1 thoradh sin, saothar ceoil agus amhr\u00e1in i gcuimhne ar Johnny Connolly, a athair, nach maireann.<\/p>\n<p>\u00d3m\u00f3s is teideal don saothar is deireana\u00ed at\u00e1 curtha de aige, sraith ghairid do Scoil Gheimhridh Joe Steve 2025. Ba mhaith le Johnny \u00d3g an c\u00fanamh a admh\u00e1il a thug Eala\u00edn na Gaeltachta agus an Chomhairle Eala\u00edon maidir le roinnt de na saothair sin.<\/p>\n<p>&nbsp;<\/p>\n","protected":false},"excerpt":{"rendered":"<p>Beathaisn\u00e9is As Conamara Johnny \u00d3g Connolly, boscad\u00f3ir s\u00e1rmhaith agus cumad\u00f3ir ceoil a bhfuil c\u00e1il go forleathan air as a bhfuil d\u00e9anta aige i saol an cheoil traidisi\u00fanta. Briseann d\u00fachas a athar, Johnny Phadraic Ph\u00edotair c\u00e1ili\u00fail an mhileoidin (nach maireann), tr\u00ed mh\u00e9aracha Johnny \u00d3g a bhfuil a chl\u00fa f\u00e9in tarraingthe aige air f\u00e9in i measc ceolt\u00f3 [&hellip;]<\/p>\n","protected":false},"author":4,"featured_media":244293,"parent":36663,"menu_order":3,"comment_status":"closed","ping_status":"closed","template":"page-templates\/template-corporate.php","meta":{"_acf_changed":false,"footnotes":""},"acf":[],"yoast_head":"<!-- This site is optimized with the Yoast SEO plugin v22.6 - https:\/\/yoast.com\/wordpress\/plugins\/seo\/ -->\n<title>Cumad\u00f3ir na Bliana - Johnny \u00d3g Connolly | Gradam Ceoil TG4 2025 | TG4<\/title>\n<meta name=\"robots\" content=\"index, follow, max-snippet:-1, max-image-preview:large, max-video-preview:-1\" \/>\n<meta property=\"og:locale\" content=\"en_US\" \/>\n<meta property=\"og:type\" content=\"article\" \/>\n<meta property=\"og:title\" content=\"Cumad\u00f3ir na Bliana - Johnny \u00d3g Connolly | Gradam Ceoil TG4 2025 | TG4\" \/>\n<meta property=\"og:description\" content=\"Beathaisn\u00e9is As Conamara Johnny \u00d3g Connolly, boscad\u00f3ir s\u00e1rmhaith agus cumad\u00f3ir ceoil a bhfuil c\u00e1il go forleathan air as a bhfuil d\u00e9anta aige i saol an cheoil traidisi\u00fanta. Briseann d\u00fachas a athar, Johnny Phadraic Ph\u00edotair c\u00e1ili\u00fail an mhileoidin (nach maireann), tr\u00ed mh\u00e9aracha Johnny \u00d3g a bhfuil a chl\u00fa f\u00e9in tarraingthe aige air f\u00e9in i measc ceolt\u00f3 [&hellip;]\" \/>\n<meta property=\"og:url\" content=\"https:\/\/dev.tg4.ie\/ga\/brandai-eile\/gradam-ceoil\/gradaim-reatha\/cumadoir-na-bliana\/\" \/>\n<meta property=\"og:site_name\" content=\"TG4\" \/>\n<meta property=\"article:publisher\" content=\"https:\/\/www.facebook.com\/TG4TV\" \/>\n<meta property=\"article:modified_time\" content=\"2025-04-08T13:17:33+00:00\" \/>\n<meta property=\"og:image\" content=\"https:\/\/tg4-docs.s3.amazonaws.com\/wp-content\/uploads\/2025\/04\/08141703\/Johnny_Og_Connolly_1-1920x1080-1.jpg\" \/>\n\t<meta property=\"og:image:width\" content=\"1920\" \/>\n\t<meta property=\"og:image:height\" content=\"1080\" \/>\n\t<meta property=\"og:image:type\" content=\"image\/jpeg\" \/>\n<meta name=\"twitter:card\" content=\"summary_large_image\" \/>\n<meta name=\"twitter:site\" content=\"@TG4TV\" \/>\n<meta name=\"twitter:label1\" content=\"Est. reading time\" \/>\n\t<meta name=\"twitter:data1\" content=\"2 minutes\" \/>\n<script type=\"application\/ld+json\" class=\"yoast-schema-graph\">{\"@context\":\"https:\/\/schema.org\",\"@graph\":[{\"@type\":\"WebPage\",\"@id\":\"https:\/\/dev.tg4.ie\/ga\/brandai-eile\/gradam-ceoil\/gradaim-reatha\/cumadoir-na-bliana\/\",\"url\":\"https:\/\/dev.tg4.ie\/ga\/brandai-eile\/gradam-ceoil\/gradaim-reatha\/cumadoir-na-bliana\/\",\"name\":\"Cumad\u00f3ir na Bliana - Johnny \u00d3g Connolly | Gradam Ceoil TG4 2025 | TG4\",\"isPartOf\":{\"@id\":\"https:\/\/dev.tg4.ie\/en\/#website\"},\"primaryImageOfPage\":{\"@id\":\"https:\/\/dev.tg4.ie\/ga\/brandai-eile\/gradam-ceoil\/gradaim-reatha\/cumadoir-na-bliana\/#primaryimage\"},\"image\":{\"@id\":\"https:\/\/dev.tg4.ie\/ga\/brandai-eile\/gradam-ceoil\/gradaim-reatha\/cumadoir-na-bliana\/#primaryimage\"},\"thumbnailUrl\":\"https:\/\/tg4-docs.s3.amazonaws.com\/wp-content\/uploads\/2025\/04\/08141703\/Johnny_Og_Connolly_1-1920x1080-1.jpg\",\"datePublished\":\"2016-12-14T08:53:34+00:00\",\"dateModified\":\"2025-04-08T13:17:33+00:00\",\"breadcrumb\":{\"@id\":\"https:\/\/dev.tg4.ie\/ga\/brandai-eile\/gradam-ceoil\/gradaim-reatha\/cumadoir-na-bliana\/#breadcrumb\"},\"inLanguage\":\"ga\",\"potentialAction\":[{\"@type\":\"ReadAction\",\"target\":[\"https:\/\/dev.tg4.ie\/ga\/brandai-eile\/gradam-ceoil\/gradaim-reatha\/cumadoir-na-bliana\/\"]}]},{\"@type\":\"ImageObject\",\"inLanguage\":\"ga\",\"@id\":\"https:\/\/dev.tg4.ie\/ga\/brandai-eile\/gradam-ceoil\/gradaim-reatha\/cumadoir-na-bliana\/#primaryimage\",\"url\":\"https:\/\/tg4-docs.s3.amazonaws.com\/wp-content\/uploads\/2025\/04\/08141703\/Johnny_Og_Connolly_1-1920x1080-1.jpg\",\"contentUrl\":\"https:\/\/tg4-docs.s3.amazonaws.com\/wp-content\/uploads\/2025\/04\/08141703\/Johnny_Og_Connolly_1-1920x1080-1.jpg\",\"width\":1920,\"height\":1080},{\"@type\":\"BreadcrumbList\",\"@id\":\"https:\/\/dev.tg4.ie\/ga\/brandai-eile\/gradam-ceoil\/gradaim-reatha\/cumadoir-na-bliana\/#breadcrumb\",\"itemListElement\":[{\"@type\":\"ListItem\",\"position\":1,\"name\":\"Home\",\"item\":\"https:\/\/dev.tg4.ie\/ga\/\"},{\"@type\":\"ListItem\",\"position\":2,\"name\":\"Branda\u00ed Eile\",\"item\":\"https:\/\/dev.tg4.ie\/ga\/brandai-eile\/\"},{\"@type\":\"ListItem\",\"position\":3,\"name\":\"Gradam Ceoil TG4\",\"item\":\"https:\/\/dev.tg4.ie\/ga\/brandai-eile\/gradam-ceoil\/\"},{\"@type\":\"ListItem\",\"position\":4,\"name\":\"Gradam Ceoil TG4 2025\",\"item\":\"https:\/\/dev.tg4.ie\/ga\/brandai-eile\/gradam-ceoil\/gradaim-reatha\/\"},{\"@type\":\"ListItem\",\"position\":5,\"name\":\"Cumad\u00f3ir na Bliana\"}]},{\"@type\":\"WebSite\",\"@id\":\"https:\/\/dev.tg4.ie\/en\/#website\",\"url\":\"https:\/\/dev.tg4.ie\/en\/\",\"name\":\"TG4\",\"description\":\"S\u00fail Eile\",\"potentialAction\":[{\"@type\":\"SearchAction\",\"target\":{\"@type\":\"EntryPoint\",\"urlTemplate\":\"https:\/\/dev.tg4.ie\/en\/?s={search_term_string}\"},\"query-input\":\"required name=search_term_string\"}],\"inLanguage\":\"ga\"}]}<\/script>\n<!-- \/ Yoast SEO plugin. -->","yoast_head_json":{"title":"Cumad\u00f3ir na Bliana - Johnny \u00d3g Connolly | Gradam Ceoil TG4 2025 | TG4","robots":{"index":"index","follow":"follow","max-snippet":"max-snippet:-1","max-image-preview":"max-image-preview:large","max-video-preview":"max-video-preview:-1"},"og_locale":"en_US","og_type":"article","og_title":"Cumad\u00f3ir na Bliana - Johnny \u00d3g Connolly | Gradam Ceoil TG4 2025 | TG4","og_description":"Beathaisn\u00e9is As Conamara Johnny \u00d3g Connolly, boscad\u00f3ir s\u00e1rmhaith agus cumad\u00f3ir ceoil a bhfuil c\u00e1il go forleathan air as a bhfuil d\u00e9anta aige i saol an cheoil traidisi\u00fanta. Briseann d\u00fachas a athar, Johnny Phadraic Ph\u00edotair c\u00e1ili\u00fail an mhileoidin (nach maireann), tr\u00ed mh\u00e9aracha Johnny \u00d3g a bhfuil a chl\u00fa f\u00e9in tarraingthe aige air f\u00e9in i measc ceolt\u00f3 [&hellip;]","og_url":"https:\/\/dev.tg4.ie\/ga\/brandai-eile\/gradam-ceoil\/gradaim-reatha\/cumadoir-na-bliana\/","og_site_name":"TG4","article_publisher":"https:\/\/www.facebook.com\/TG4TV","article_modified_time":"2025-04-08T13:17:33+00:00","og_image":[{"width":1920,"height":1080,"url":"https:\/\/tg4-docs.s3.amazonaws.com\/wp-content\/uploads\/2025\/04\/08141703\/Johnny_Og_Connolly_1-1920x1080-1.jpg","type":"image\/jpeg"}],"twitter_card":"summary_large_image","twitter_site":"@TG4TV","twitter_misc":{"Est. reading time":"2 minutes"},"schema":{"@context":"https:\/\/schema.org","@graph":[{"@type":"WebPage","@id":"https:\/\/dev.tg4.ie\/ga\/brandai-eile\/gradam-ceoil\/gradaim-reatha\/cumadoir-na-bliana\/","url":"https:\/\/dev.tg4.ie\/ga\/brandai-eile\/gradam-ceoil\/gradaim-reatha\/cumadoir-na-bliana\/","name":"Cumad\u00f3ir na Bliana - Johnny \u00d3g Connolly | Gradam Ceoil TG4 2025 | TG4","isPartOf":{"@id":"https:\/\/dev.tg4.ie\/en\/#website"},"primaryImageOfPage":{"@id":"https:\/\/dev.tg4.ie\/ga\/brandai-eile\/gradam-ceoil\/gradaim-reatha\/cumadoir-na-bliana\/#primaryimage"},"image":{"@id":"https:\/\/dev.tg4.ie\/ga\/brandai-eile\/gradam-ceoil\/gradaim-reatha\/cumadoir-na-bliana\/#primaryimage"},"thumbnailUrl":"https:\/\/tg4-docs.s3.amazonaws.com\/wp-content\/uploads\/2025\/04\/08141703\/Johnny_Og_Connolly_1-1920x1080-1.jpg","datePublished":"2016-12-14T08:53:34+00:00","dateModified":"2025-04-08T13:17:33+00:00","breadcrumb":{"@id":"https:\/\/dev.tg4.ie\/ga\/brandai-eile\/gradam-ceoil\/gradaim-reatha\/cumadoir-na-bliana\/#breadcrumb"},"inLanguage":"ga","potentialAction":[{"@type":"ReadAction","target":["https:\/\/dev.tg4.ie\/ga\/brandai-eile\/gradam-ceoil\/gradaim-reatha\/cumadoir-na-bliana\/"]}]},{"@type":"ImageObject","inLanguage":"ga","@id":"https:\/\/dev.tg4.ie\/ga\/brandai-eile\/gradam-ceoil\/gradaim-reatha\/cumadoir-na-bliana\/#primaryimage","url":"https:\/\/tg4-docs.s3.amazonaws.com\/wp-content\/uploads\/2025\/04\/08141703\/Johnny_Og_Connolly_1-1920x1080-1.jpg","contentUrl":"https:\/\/tg4-docs.s3.amazonaws.com\/wp-content\/uploads\/2025\/04\/08141703\/Johnny_Og_Connolly_1-1920x1080-1.jpg","width":1920,"height":1080},{"@type":"BreadcrumbList","@id":"https:\/\/dev.tg4.ie\/ga\/brandai-eile\/gradam-ceoil\/gradaim-reatha\/cumadoir-na-bliana\/#breadcrumb","itemListElement":[{"@type":"ListItem","position":1,"name":"Home","item":"https:\/\/dev.tg4.ie\/ga\/"},{"@type":"ListItem","position":2,"name":"Branda\u00ed Eile","item":"https:\/\/dev.tg4.ie\/ga\/brandai-eile\/"},{"@type":"ListItem","position":3,"name":"Gradam Ceoil TG4","item":"https:\/\/dev.tg4.ie\/ga\/brandai-eile\/gradam-ceoil\/"},{"@type":"ListItem","position":4,"name":"Gradam Ceoil TG4 2025","item":"https:\/\/dev.tg4.ie\/ga\/brandai-eile\/gradam-ceoil\/gradaim-reatha\/"},{"@type":"ListItem","position":5,"name":"Cumad\u00f3ir na Bliana"}]},{"@type":"WebSite","@id":"https:\/\/dev.tg4.ie\/en\/#website","url":"https:\/\/dev.tg4.ie\/en\/","name":"TG4","description":"S\u00fail Eile","potentialAction":[{"@type":"SearchAction","target":{"@type":"EntryPoint","urlTemplate":"https:\/\/dev.tg4.ie\/en\/?s={search_term_string}"},"query-input":"required name=search_term_string"}],"inLanguage":"ga"}]}},"_links":{"self":[{"href":"https:\/\/dev.tg4.ie\/ga\/wp-json\/wp\/v2\/pages\/36689"}],"collection":[{"href":"https:\/\/dev.tg4.ie\/ga\/wp-json\/wp\/v2\/pages"}],"about":[{"href":"https:\/\/dev.tg4.ie\/ga\/wp-json\/wp\/v2\/types\/page"}],"author":[{"embeddable":true,"href":"https:\/\/dev.tg4.ie\/ga\/wp-json\/wp\/v2\/users\/4"}],"replies":[{"embeddable":true,"href":"https:\/\/dev.tg4.ie\/ga\/wp-json\/wp\/v2\/comments?post=36689"}],"version-history":[{"count":0,"href":"https:\/\/dev.tg4.ie\/ga\/wp-json\/wp\/v2\/pages\/36689\/revisions"}],"up":[{"embeddable":true,"href":"https:\/\/dev.tg4.ie\/ga\/wp-json\/wp\/v2\/pages\/36663"}],"wp:featuredmedia":[{"embeddable":true,"href":"https:\/\/dev.tg4.ie\/ga\/wp-json\/wp\/v2\/media\/244293"}],"wp:attachment":[{"href":"https:\/\/dev.tg4.ie\/ga\/wp-json\/wp\/v2\/media?parent=36689"}],"curies":[{"name":"wp","href":"https:\/\/api.w.org\/{rel}","templated":true}]}}