{"id":36693,"date":"2016-12-14T08:53:00","date_gmt":"2016-12-14T08:53:42","guid":{"rendered":"https:\/\/dev.tg4.ie\/?page_id=36693"},"modified":"2025-04-08T14:23:17","modified_gmt":"2025-04-08T13:23:17","slug":"amhranai-na-bliana","status":"publish","type":"page","link":"https:\/\/dev.tg4.ie\/ga\/brandai-eile\/gradam-ceoil\/gradaim-reatha\/amhranai-na-bliana\/","title":{"rendered":"Amhr\u00e1na\u00ed na Bliana"},"content":{"rendered":"<h3>Beathaisn\u00e9is<\/h3>\n<p>T\u00e1 Cathy Jordan, as Ros Com\u00e1in \u00f3 dh\u00fachas, ina hamhr\u00e1na\u00ed proifisi\u00fanta leis an mbanna traidisi\u00fanta Dervish le beagnach 30 bliain. D\u2019fhoghlaim s\u00ed d\u00e1 stuaim f\u00e9in leis an ngiot\u00e1r a sheinm agus seinneann s\u00ed an bas\u00faca\u00ed, an bodhr\u00e1n agus na cn\u00e1mha go s\u00e1rmhaith freisin.<\/p>\n<p>Ina pr\u00edomhamhr\u00e1na\u00ed di le Dervish, t\u00e1 an banna sti\u00fartha aici tr\u00ed na m\u00edlte ceolchoirm sna c\u00e9adta cathair ar fud suas le 40 t\u00edr. Ar 14 albam d\u00e9ag de chuid an bhanna, chomh maith le taifeadadh a dh\u00e9anamh aisti f\u00e9in agus le comhghleacaithe eile, bh\u00ed r\u00f3l r\u00edth\u00e1bhachtach aici sa rath at\u00e1 ar an mbanna. Ar na ceolchoirmeacha ba shuntasa\u00ed, bh\u00ed ceann ar Bhalla M\u00f3r na S\u00edne agus ceann ag Rock in Rio, an fh\u00e9ile rac-cheoil is m\u00f3 ar domhan, os comhair 250,000 duine.<\/p>\n<p>T\u00e1 cumas d\u00e9anta amhr\u00e1n in Cathy chomh maith, agus shaothraigh s\u00ed in \u00e9ineacht le Brendan Graham, an t\u00e9 a chum You Raise Me Up, ceann de na hamhr\u00e1in is fearr ar \u00e9irigh leis sa 20\u00fa haois. Chomh maith le Dervish, t\u00e1 s\u00ed sna banna\u00ed Pl\u00fair\u00edn na mBan agus The Unwanted, a ch\u00edorann an ceangal ceoil idir \u00c9irinn agus Meirice\u00e1.<\/p>\n<p>The Crankie Island Song Project an t-albam is deireana\u00ed d\u00e1 cuid f\u00e9in agus is saothar m\u00f3r comharoibre at\u00e1 ann le l\u00edon is m\u00f3 n\u00e1 70 ceolt\u00f3ir agus oirfideach, l\u00e9iri\u00fa ar a thugtha at\u00e1 s\u00ed do lucht cheol traidisi\u00fanta na h\u00c9ireann.<\/p>\n<p>Chomh maith le coirmeacha ceoil, cuireann Cathy cult\u00far na h\u00c9ireann chun cinn i mbun craolt\u00f3ireachta. T\u00e1 s\u00ed \u00f3n mbliain 2014 i leith ina l\u00e1ithreoir ar Fleadh TV le TG4. Feictear go fairsing gur ambasad\u00f3ir \u00ed maidir le ceol na h\u00c9ireann, is ioma\u00ed seanamhr\u00e1n traidisi\u00fanta ar chuidigh s\u00ed lena gcur ar shl\u00ed a s\u00e1bh\u00e1la.<\/p>\n<p>C\u00fait\u00edodh a d\u00fathracht l\u00e9i le gradaim m\u00f3r le r\u00e1, ina measc an BBC Lifetime Achievement Award (2019), Ambasad\u00f3ir Cult\u00fair Shligigh (2018), Gradam Annie McNulty (2014), agus Saoirse Chathair Shligigh (2010).<\/p>\n<p>&nbsp;<\/p>\n","protected":false},"excerpt":{"rendered":"<p>Beathaisn\u00e9is T\u00e1 Cathy Jordan, as Ros Com\u00e1in \u00f3 dh\u00fachas, ina hamhr\u00e1na\u00ed proifisi\u00fanta leis an mbanna traidisi\u00fanta Dervish le beagnach 30 bliain. D\u2019fhoghlaim s\u00ed d\u00e1 stuaim f\u00e9in leis an ngiot\u00e1r a sheinm agus seinneann s\u00ed an bas\u00faca\u00ed, an bodhr\u00e1n agus na cn\u00e1mha go s\u00e1rmhaith freisin. Ina pr\u00edomhamhr\u00e1na\u00ed di le Dervish, t\u00e1 an banna sti\u00fartha aici tr\u00ed [&hellip;]<\/p>\n","protected":false},"author":4,"featured_media":244298,"parent":36663,"menu_order":4,"comment_status":"closed","ping_status":"closed","template":"page-templates\/template-corporate.php","meta":{"_acf_changed":false,"footnotes":""},"acf":[],"yoast_head":"<!-- This site is optimized with the Yoast SEO plugin v22.6 - https:\/\/yoast.com\/wordpress\/plugins\/seo\/ -->\n<title>Amhr\u00e1na\u00ed na Bliana - Cathy Jordan | Gradam Ceoil TG4 2025 | TG4<\/title>\n<meta name=\"robots\" content=\"index, follow, max-snippet:-1, max-image-preview:large, max-video-preview:-1\" \/>\n<meta property=\"og:locale\" content=\"en_US\" \/>\n<meta property=\"og:type\" content=\"article\" \/>\n<meta property=\"og:title\" content=\"Amhr\u00e1na\u00ed na Bliana - Cathy Jordan | Gradam Ceoil TG4 2025 | TG4\" \/>\n<meta property=\"og:description\" content=\"Beathaisn\u00e9is T\u00e1 Cathy Jordan, as Ros Com\u00e1in \u00f3 dh\u00fachas, ina hamhr\u00e1na\u00ed proifisi\u00fanta leis an mbanna traidisi\u00fanta Dervish le beagnach 30 bliain. D\u2019fhoghlaim s\u00ed d\u00e1 stuaim f\u00e9in leis an ngiot\u00e1r a sheinm agus seinneann s\u00ed an bas\u00faca\u00ed, an bodhr\u00e1n agus na cn\u00e1mha go s\u00e1rmhaith freisin. Ina pr\u00edomhamhr\u00e1na\u00ed di le Dervish, t\u00e1 an banna sti\u00fartha aici tr\u00ed [&hellip;]\" \/>\n<meta property=\"og:url\" content=\"https:\/\/dev.tg4.ie\/ga\/brandai-eile\/gradam-ceoil\/gradaim-reatha\/amhranai-na-bliana\/\" \/>\n<meta property=\"og:site_name\" content=\"TG4\" \/>\n<meta property=\"article:publisher\" content=\"https:\/\/www.facebook.com\/TG4TV\" \/>\n<meta property=\"article:modified_time\" content=\"2025-04-08T13:23:17+00:00\" \/>\n<meta property=\"og:image\" content=\"https:\/\/tg4-docs.s3.amazonaws.com\/wp-content\/uploads\/2025\/04\/08142256\/Cathy_Jordan_1-1920x1080-1.jpg\" \/>\n\t<meta property=\"og:image:width\" content=\"1920\" \/>\n\t<meta property=\"og:image:height\" content=\"1080\" \/>\n\t<meta property=\"og:image:type\" content=\"image\/jpeg\" \/>\n<meta name=\"twitter:card\" content=\"summary_large_image\" \/>\n<meta name=\"twitter:site\" content=\"@TG4TV\" \/>\n<meta name=\"twitter:label1\" content=\"Est. reading time\" \/>\n\t<meta name=\"twitter:data1\" content=\"2 minutes\" \/>\n<script type=\"application\/ld+json\" class=\"yoast-schema-graph\">{\"@context\":\"https:\/\/schema.org\",\"@graph\":[{\"@type\":\"WebPage\",\"@id\":\"https:\/\/dev.tg4.ie\/ga\/brandai-eile\/gradam-ceoil\/gradaim-reatha\/amhranai-na-bliana\/\",\"url\":\"https:\/\/dev.tg4.ie\/ga\/brandai-eile\/gradam-ceoil\/gradaim-reatha\/amhranai-na-bliana\/\",\"name\":\"Amhr\u00e1na\u00ed na Bliana - Cathy Jordan | Gradam Ceoil TG4 2025 | TG4\",\"isPartOf\":{\"@id\":\"https:\/\/dev.tg4.ie\/en\/#website\"},\"primaryImageOfPage\":{\"@id\":\"https:\/\/dev.tg4.ie\/ga\/brandai-eile\/gradam-ceoil\/gradaim-reatha\/amhranai-na-bliana\/#primaryimage\"},\"image\":{\"@id\":\"https:\/\/dev.tg4.ie\/ga\/brandai-eile\/gradam-ceoil\/gradaim-reatha\/amhranai-na-bliana\/#primaryimage\"},\"thumbnailUrl\":\"https:\/\/tg4-docs.s3.amazonaws.com\/wp-content\/uploads\/2025\/04\/08142256\/Cathy_Jordan_1-1920x1080-1.jpg\",\"datePublished\":\"2016-12-14T08:53:42+00:00\",\"dateModified\":\"2025-04-08T13:23:17+00:00\",\"breadcrumb\":{\"@id\":\"https:\/\/dev.tg4.ie\/ga\/brandai-eile\/gradam-ceoil\/gradaim-reatha\/amhranai-na-bliana\/#breadcrumb\"},\"inLanguage\":\"ga\",\"potentialAction\":[{\"@type\":\"ReadAction\",\"target\":[\"https:\/\/dev.tg4.ie\/ga\/brandai-eile\/gradam-ceoil\/gradaim-reatha\/amhranai-na-bliana\/\"]}]},{\"@type\":\"ImageObject\",\"inLanguage\":\"ga\",\"@id\":\"https:\/\/dev.tg4.ie\/ga\/brandai-eile\/gradam-ceoil\/gradaim-reatha\/amhranai-na-bliana\/#primaryimage\",\"url\":\"https:\/\/tg4-docs.s3.amazonaws.com\/wp-content\/uploads\/2025\/04\/08142256\/Cathy_Jordan_1-1920x1080-1.jpg\",\"contentUrl\":\"https:\/\/tg4-docs.s3.amazonaws.com\/wp-content\/uploads\/2025\/04\/08142256\/Cathy_Jordan_1-1920x1080-1.jpg\",\"width\":1920,\"height\":1080},{\"@type\":\"BreadcrumbList\",\"@id\":\"https:\/\/dev.tg4.ie\/ga\/brandai-eile\/gradam-ceoil\/gradaim-reatha\/amhranai-na-bliana\/#breadcrumb\",\"itemListElement\":[{\"@type\":\"ListItem\",\"position\":1,\"name\":\"Home\",\"item\":\"https:\/\/dev.tg4.ie\/ga\/\"},{\"@type\":\"ListItem\",\"position\":2,\"name\":\"Branda\u00ed Eile\",\"item\":\"https:\/\/dev.tg4.ie\/ga\/brandai-eile\/\"},{\"@type\":\"ListItem\",\"position\":3,\"name\":\"Gradam Ceoil TG4\",\"item\":\"https:\/\/dev.tg4.ie\/ga\/brandai-eile\/gradam-ceoil\/\"},{\"@type\":\"ListItem\",\"position\":4,\"name\":\"Gradam Ceoil TG4 2025\",\"item\":\"https:\/\/dev.tg4.ie\/ga\/brandai-eile\/gradam-ceoil\/gradaim-reatha\/\"},{\"@type\":\"ListItem\",\"position\":5,\"name\":\"Amhr\u00e1na\u00ed na Bliana\"}]},{\"@type\":\"WebSite\",\"@id\":\"https:\/\/dev.tg4.ie\/en\/#website\",\"url\":\"https:\/\/dev.tg4.ie\/en\/\",\"name\":\"TG4\",\"description\":\"S\u00fail Eile\",\"potentialAction\":[{\"@type\":\"SearchAction\",\"target\":{\"@type\":\"EntryPoint\",\"urlTemplate\":\"https:\/\/dev.tg4.ie\/en\/?s={search_term_string}\"},\"query-input\":\"required name=search_term_string\"}],\"inLanguage\":\"ga\"}]}<\/script>\n<!-- \/ Yoast SEO plugin. -->","yoast_head_json":{"title":"Amhr\u00e1na\u00ed na Bliana - Cathy Jordan | Gradam Ceoil TG4 2025 | TG4","robots":{"index":"index","follow":"follow","max-snippet":"max-snippet:-1","max-image-preview":"max-image-preview:large","max-video-preview":"max-video-preview:-1"},"og_locale":"en_US","og_type":"article","og_title":"Amhr\u00e1na\u00ed na Bliana - Cathy Jordan | Gradam Ceoil TG4 2025 | TG4","og_description":"Beathaisn\u00e9is T\u00e1 Cathy Jordan, as Ros Com\u00e1in \u00f3 dh\u00fachas, ina hamhr\u00e1na\u00ed proifisi\u00fanta leis an mbanna traidisi\u00fanta Dervish le beagnach 30 bliain. D\u2019fhoghlaim s\u00ed d\u00e1 stuaim f\u00e9in leis an ngiot\u00e1r a sheinm agus seinneann s\u00ed an bas\u00faca\u00ed, an bodhr\u00e1n agus na cn\u00e1mha go s\u00e1rmhaith freisin. Ina pr\u00edomhamhr\u00e1na\u00ed di le Dervish, t\u00e1 an banna sti\u00fartha aici tr\u00ed [&hellip;]","og_url":"https:\/\/dev.tg4.ie\/ga\/brandai-eile\/gradam-ceoil\/gradaim-reatha\/amhranai-na-bliana\/","og_site_name":"TG4","article_publisher":"https:\/\/www.facebook.com\/TG4TV","article_modified_time":"2025-04-08T13:23:17+00:00","og_image":[{"width":1920,"height":1080,"url":"https:\/\/tg4-docs.s3.amazonaws.com\/wp-content\/uploads\/2025\/04\/08142256\/Cathy_Jordan_1-1920x1080-1.jpg","type":"image\/jpeg"}],"twitter_card":"summary_large_image","twitter_site":"@TG4TV","twitter_misc":{"Est. reading time":"2 minutes"},"schema":{"@context":"https:\/\/schema.org","@graph":[{"@type":"WebPage","@id":"https:\/\/dev.tg4.ie\/ga\/brandai-eile\/gradam-ceoil\/gradaim-reatha\/amhranai-na-bliana\/","url":"https:\/\/dev.tg4.ie\/ga\/brandai-eile\/gradam-ceoil\/gradaim-reatha\/amhranai-na-bliana\/","name":"Amhr\u00e1na\u00ed na Bliana - Cathy Jordan | Gradam Ceoil TG4 2025 | TG4","isPartOf":{"@id":"https:\/\/dev.tg4.ie\/en\/#website"},"primaryImageOfPage":{"@id":"https:\/\/dev.tg4.ie\/ga\/brandai-eile\/gradam-ceoil\/gradaim-reatha\/amhranai-na-bliana\/#primaryimage"},"image":{"@id":"https:\/\/dev.tg4.ie\/ga\/brandai-eile\/gradam-ceoil\/gradaim-reatha\/amhranai-na-bliana\/#primaryimage"},"thumbnailUrl":"https:\/\/tg4-docs.s3.amazonaws.com\/wp-content\/uploads\/2025\/04\/08142256\/Cathy_Jordan_1-1920x1080-1.jpg","datePublished":"2016-12-14T08:53:42+00:00","dateModified":"2025-04-08T13:23:17+00:00","breadcrumb":{"@id":"https:\/\/dev.tg4.ie\/ga\/brandai-eile\/gradam-ceoil\/gradaim-reatha\/amhranai-na-bliana\/#breadcrumb"},"inLanguage":"ga","potentialAction":[{"@type":"ReadAction","target":["https:\/\/dev.tg4.ie\/ga\/brandai-eile\/gradam-ceoil\/gradaim-reatha\/amhranai-na-bliana\/"]}]},{"@type":"ImageObject","inLanguage":"ga","@id":"https:\/\/dev.tg4.ie\/ga\/brandai-eile\/gradam-ceoil\/gradaim-reatha\/amhranai-na-bliana\/#primaryimage","url":"https:\/\/tg4-docs.s3.amazonaws.com\/wp-content\/uploads\/2025\/04\/08142256\/Cathy_Jordan_1-1920x1080-1.jpg","contentUrl":"https:\/\/tg4-docs.s3.amazonaws.com\/wp-content\/uploads\/2025\/04\/08142256\/Cathy_Jordan_1-1920x1080-1.jpg","width":1920,"height":1080},{"@type":"BreadcrumbList","@id":"https:\/\/dev.tg4.ie\/ga\/brandai-eile\/gradam-ceoil\/gradaim-reatha\/amhranai-na-bliana\/#breadcrumb","itemListElement":[{"@type":"ListItem","position":1,"name":"Home","item":"https:\/\/dev.tg4.ie\/ga\/"},{"@type":"ListItem","position":2,"name":"Branda\u00ed Eile","item":"https:\/\/dev.tg4.ie\/ga\/brandai-eile\/"},{"@type":"ListItem","position":3,"name":"Gradam Ceoil TG4","item":"https:\/\/dev.tg4.ie\/ga\/brandai-eile\/gradam-ceoil\/"},{"@type":"ListItem","position":4,"name":"Gradam Ceoil TG4 2025","item":"https:\/\/dev.tg4.ie\/ga\/brandai-eile\/gradam-ceoil\/gradaim-reatha\/"},{"@type":"ListItem","position":5,"name":"Amhr\u00e1na\u00ed na Bliana"}]},{"@type":"WebSite","@id":"https:\/\/dev.tg4.ie\/en\/#website","url":"https:\/\/dev.tg4.ie\/en\/","name":"TG4","description":"S\u00fail Eile","potentialAction":[{"@type":"SearchAction","target":{"@type":"EntryPoint","urlTemplate":"https:\/\/dev.tg4.ie\/en\/?s={search_term_string}"},"query-input":"required name=search_term_string"}],"inLanguage":"ga"}]}},"_links":{"self":[{"href":"https:\/\/dev.tg4.ie\/ga\/wp-json\/wp\/v2\/pages\/36693"}],"collection":[{"href":"https:\/\/dev.tg4.ie\/ga\/wp-json\/wp\/v2\/pages"}],"about":[{"href":"https:\/\/dev.tg4.ie\/ga\/wp-json\/wp\/v2\/types\/page"}],"author":[{"embeddable":true,"href":"https:\/\/dev.tg4.ie\/ga\/wp-json\/wp\/v2\/users\/4"}],"replies":[{"embeddable":true,"href":"https:\/\/dev.tg4.ie\/ga\/wp-json\/wp\/v2\/comments?post=36693"}],"version-history":[{"count":0,"href":"https:\/\/dev.tg4.ie\/ga\/wp-json\/wp\/v2\/pages\/36693\/revisions"}],"up":[{"embeddable":true,"href":"https:\/\/dev.tg4.ie\/ga\/wp-json\/wp\/v2\/pages\/36663"}],"wp:featuredmedia":[{"embeddable":true,"href":"https:\/\/dev.tg4.ie\/ga\/wp-json\/wp\/v2\/media\/244298"}],"wp:attachment":[{"href":"https:\/\/dev.tg4.ie\/ga\/wp-json\/wp\/v2\/media?parent=36693"}],"curies":[{"name":"wp","href":"https:\/\/api.w.org\/{rel}","templated":true}]}}