{"id":36696,"date":"2016-12-14T08:53:00","date_gmt":"2016-12-14T08:53:49","guid":{"rendered":"https:\/\/dev.tg4.ie\/?page_id=36696"},"modified":"2025-04-08T14:29:57","modified_gmt":"2025-04-08T13:29:57","slug":"gradam-comaoine","status":"publish","type":"page","link":"https:\/\/dev.tg4.ie\/ga\/brandai-eile\/gradam-ceoil\/gradaim-reatha\/gradam-comaoine\/","title":{"rendered":"Gradam Comaoine"},"content":{"rendered":"<h3>Beathaisn\u00e9is<\/h3>\n<p>As Baile \u00c1tha Cliath \u00f3 dh\u00fachas \u00c1ine Hensey c\u00e9 go bhfuil s\u00ed ina c\u00f3na\u00ed in iarthar an Chl\u00e1ir \u00f3 na 1980id\u00ed. Cotha\u00edodh tuiscint dhomhain ar an gceol Gaelach inti \u00f3 bhlianta na h\u00f3ige agus as sin a d\u2019eascair saol oibre faoi ghradam i mbun craolt\u00f3ireachta agus i mbun riarach\u00e1in i r\u00e9imse na heala\u00edne.<\/p>\n<p>Sa bhliain 1979 a thosaigh \u00c1ine amach ar an gcraolt\u00f3ireacht ar dt\u00fas le RT\u00c9 Radio 2 agus chaith s\u00ed tr\u00e9imhs\u00ed ina dhiaidh sin le Radio 1 agus le Clare FM. Thosaigh s\u00ed le Raidi\u00f3 na Gaeltachta sa bhliain 1995 agus t\u00e1 l\u00e9iritheoireacht agus l\u00e1ithreoireacht d\u00e9anta ar chl\u00e1ir \u00e9ags\u00fala cheoil leis an st\u00e1isi\u00fan sin aici, Binneas B\u00e9il agus An Ghealach Ghorm ar an gcuid is deireana\u00ed acu. Ar feadh na mblianta, bh\u00ed aithne agus eolas uirthi ina l\u00e9iritheoir agus ina l\u00e1ithreoir nuair a bh\u00ed craoladh \u00e1 dh\u00e9anamh beo \u00f3 fh\u00e9ilte agus \u00f3c\u00e1id\u00ed \u00e9ags\u00fala, Scoil Samhraidh Willie Clancy agus Oireachtas na Samhna ina measc.<\/p>\n<p>Taobh amuigh den chraolt\u00f3ireacht, t\u00e1 f\u00f3namh d\u00e9anta ag \u00c1ine le gn\u00e9ithe den riarach\u00e1n ar ch\u00farsa\u00ed eala\u00edne agus is m\u00f3r an ph\u00e1irt a bh\u00ed aici i bhf\u00e9ilte de leith\u00e9id Shl\u00f3gadh agus \u00c9igse Mrs Crotty. T\u00e1 s\u00ed na comhsti\u00farth\u00f3ir faoi l\u00e1thair ar Chonsairt\u00edn, an chomhdh\u00e1il n\u00e1isi\u00fanta faoin<\/p>\n<p>gconsairt\u00edn. Saothra\u00edonn s\u00ed gan sc\u00edth gan sos ar son na Gaeilge agus an cheoil thraidisi\u00fanta ar an raidi\u00f3 agus ag imeachta\u00ed poibl\u00ed. Chaith s\u00ed seal ina Cathaoirleach ar Ghael Linn agus t\u00e1 s\u00ed ina Cathaoirleach faoi l\u00e1thair ar Thaisce Cheol D\u00fachais \u00c9ireann.<\/p>\n<p>Chomh maith leis an obair chraolt\u00f3ireachta agus riarach\u00e1in, ghn\u00f3thaigh \u00c1ine c\u00e9im Docht\u00faireachta i stair th\u00fas na nua-aoise \u00f3 Ollscoil Mh\u00e1 Nuad sa bhliain 2012.<\/p>\n<p>Mar gheall ar an bhf\u00f3namh m\u00f3r at\u00e1 d\u00e9anta aici ar mhaithe le ceol agus cult\u00far na h\u00c9ireann, bronntar Gradam Comaoine TG4 na bliana 2025 ar \u00c1ine. Chuaigh a cuid saothair ar son sheancheol na h\u00c9ireann i gcion go dl\u00fath agus go domhain, ar an aer agus in eagra\u00edochta\u00ed cult\u00fair, rud a chinnt\u00edonn go bhfuil oidhreacht cheoil na t\u00edre seo ar f\u00e1il go beo br\u00edomhar ag na gl\u00fanta at\u00e1 le theacht.<br \/>\n&nbsp;<\/p>\n","protected":false},"excerpt":{"rendered":"<p>Beathaisn\u00e9is As Baile \u00c1tha Cliath \u00f3 dh\u00fachas \u00c1ine Hensey c\u00e9 go bhfuil s\u00ed ina c\u00f3na\u00ed in iarthar an Chl\u00e1ir \u00f3 na 1980id\u00ed. Cotha\u00edodh tuiscint dhomhain ar an gceol Gaelach inti \u00f3 bhlianta na h\u00f3ige agus as sin a d\u2019eascair saol oibre faoi ghradam i mbun craolt\u00f3ireachta agus i mbun riarach\u00e1in i r\u00e9imse na heala\u00edne. Sa [&hellip;]<\/p>\n","protected":false},"author":4,"featured_media":244303,"parent":36663,"menu_order":5,"comment_status":"closed","ping_status":"closed","template":"page-templates\/template-corporate.php","meta":{"_acf_changed":false,"footnotes":""},"acf":[],"yoast_head":"<!-- This site is optimized with the Yoast SEO plugin v22.6 - https:\/\/yoast.com\/wordpress\/plugins\/seo\/ -->\n<title>Gradam Comaoine - \u00c1ine Hensey | Gradam Ceoil TG4 2025 | TG4<\/title>\n<meta name=\"robots\" content=\"index, follow, max-snippet:-1, max-image-preview:large, max-video-preview:-1\" \/>\n<meta property=\"og:locale\" content=\"en_US\" \/>\n<meta property=\"og:type\" content=\"article\" \/>\n<meta property=\"og:title\" content=\"Gradam Comaoine - \u00c1ine Hensey | Gradam Ceoil TG4 2025 | TG4\" \/>\n<meta property=\"og:description\" content=\"Beathaisn\u00e9is As Baile \u00c1tha Cliath \u00f3 dh\u00fachas \u00c1ine Hensey c\u00e9 go bhfuil s\u00ed ina c\u00f3na\u00ed in iarthar an Chl\u00e1ir \u00f3 na 1980id\u00ed. Cotha\u00edodh tuiscint dhomhain ar an gceol Gaelach inti \u00f3 bhlianta na h\u00f3ige agus as sin a d\u2019eascair saol oibre faoi ghradam i mbun craolt\u00f3ireachta agus i mbun riarach\u00e1in i r\u00e9imse na heala\u00edne. Sa [&hellip;]\" \/>\n<meta property=\"og:url\" content=\"https:\/\/dev.tg4.ie\/ga\/brandai-eile\/gradam-ceoil\/gradaim-reatha\/gradam-comaoine\/\" \/>\n<meta property=\"og:site_name\" content=\"TG4\" \/>\n<meta property=\"article:publisher\" content=\"https:\/\/www.facebook.com\/TG4TV\" \/>\n<meta property=\"article:modified_time\" content=\"2025-04-08T13:29:57+00:00\" \/>\n<meta property=\"og:image\" content=\"https:\/\/tg4-docs.s3.amazonaws.com\/wp-content\/uploads\/2025\/04\/08142935\/Aine_Hensey_1-1920x1080-1.jpg\" \/>\n\t<meta property=\"og:image:width\" content=\"1920\" \/>\n\t<meta property=\"og:image:height\" content=\"1080\" \/>\n\t<meta property=\"og:image:type\" content=\"image\/jpeg\" \/>\n<meta name=\"twitter:card\" content=\"summary_large_image\" \/>\n<meta name=\"twitter:site\" content=\"@TG4TV\" \/>\n<meta name=\"twitter:label1\" content=\"Est. reading time\" \/>\n\t<meta name=\"twitter:data1\" content=\"2 minutes\" \/>\n<script type=\"application\/ld+json\" class=\"yoast-schema-graph\">{\"@context\":\"https:\/\/schema.org\",\"@graph\":[{\"@type\":\"WebPage\",\"@id\":\"https:\/\/dev.tg4.ie\/ga\/brandai-eile\/gradam-ceoil\/gradaim-reatha\/gradam-comaoine\/\",\"url\":\"https:\/\/dev.tg4.ie\/ga\/brandai-eile\/gradam-ceoil\/gradaim-reatha\/gradam-comaoine\/\",\"name\":\"Gradam Comaoine - \u00c1ine Hensey | Gradam Ceoil TG4 2025 | TG4\",\"isPartOf\":{\"@id\":\"https:\/\/dev.tg4.ie\/en\/#website\"},\"primaryImageOfPage\":{\"@id\":\"https:\/\/dev.tg4.ie\/ga\/brandai-eile\/gradam-ceoil\/gradaim-reatha\/gradam-comaoine\/#primaryimage\"},\"image\":{\"@id\":\"https:\/\/dev.tg4.ie\/ga\/brandai-eile\/gradam-ceoil\/gradaim-reatha\/gradam-comaoine\/#primaryimage\"},\"thumbnailUrl\":\"https:\/\/tg4-docs.s3.amazonaws.com\/wp-content\/uploads\/2025\/04\/08142935\/Aine_Hensey_1-1920x1080-1.jpg\",\"datePublished\":\"2016-12-14T08:53:49+00:00\",\"dateModified\":\"2025-04-08T13:29:57+00:00\",\"breadcrumb\":{\"@id\":\"https:\/\/dev.tg4.ie\/ga\/brandai-eile\/gradam-ceoil\/gradaim-reatha\/gradam-comaoine\/#breadcrumb\"},\"inLanguage\":\"ga\",\"potentialAction\":[{\"@type\":\"ReadAction\",\"target\":[\"https:\/\/dev.tg4.ie\/ga\/brandai-eile\/gradam-ceoil\/gradaim-reatha\/gradam-comaoine\/\"]}]},{\"@type\":\"ImageObject\",\"inLanguage\":\"ga\",\"@id\":\"https:\/\/dev.tg4.ie\/ga\/brandai-eile\/gradam-ceoil\/gradaim-reatha\/gradam-comaoine\/#primaryimage\",\"url\":\"https:\/\/tg4-docs.s3.amazonaws.com\/wp-content\/uploads\/2025\/04\/08142935\/Aine_Hensey_1-1920x1080-1.jpg\",\"contentUrl\":\"https:\/\/tg4-docs.s3.amazonaws.com\/wp-content\/uploads\/2025\/04\/08142935\/Aine_Hensey_1-1920x1080-1.jpg\",\"width\":1920,\"height\":1080},{\"@type\":\"BreadcrumbList\",\"@id\":\"https:\/\/dev.tg4.ie\/ga\/brandai-eile\/gradam-ceoil\/gradaim-reatha\/gradam-comaoine\/#breadcrumb\",\"itemListElement\":[{\"@type\":\"ListItem\",\"position\":1,\"name\":\"Home\",\"item\":\"https:\/\/dev.tg4.ie\/ga\/\"},{\"@type\":\"ListItem\",\"position\":2,\"name\":\"Branda\u00ed Eile\",\"item\":\"https:\/\/dev.tg4.ie\/ga\/brandai-eile\/\"},{\"@type\":\"ListItem\",\"position\":3,\"name\":\"Gradam Ceoil TG4\",\"item\":\"https:\/\/dev.tg4.ie\/ga\/brandai-eile\/gradam-ceoil\/\"},{\"@type\":\"ListItem\",\"position\":4,\"name\":\"Gradam Ceoil TG4 2025\",\"item\":\"https:\/\/dev.tg4.ie\/ga\/brandai-eile\/gradam-ceoil\/gradaim-reatha\/\"},{\"@type\":\"ListItem\",\"position\":5,\"name\":\"Gradam Comaoine\"}]},{\"@type\":\"WebSite\",\"@id\":\"https:\/\/dev.tg4.ie\/en\/#website\",\"url\":\"https:\/\/dev.tg4.ie\/en\/\",\"name\":\"TG4\",\"description\":\"S\u00fail Eile\",\"potentialAction\":[{\"@type\":\"SearchAction\",\"target\":{\"@type\":\"EntryPoint\",\"urlTemplate\":\"https:\/\/dev.tg4.ie\/en\/?s={search_term_string}\"},\"query-input\":\"required name=search_term_string\"}],\"inLanguage\":\"ga\"}]}<\/script>\n<!-- \/ Yoast SEO plugin. -->","yoast_head_json":{"title":"Gradam Comaoine - \u00c1ine Hensey | Gradam Ceoil TG4 2025 | TG4","robots":{"index":"index","follow":"follow","max-snippet":"max-snippet:-1","max-image-preview":"max-image-preview:large","max-video-preview":"max-video-preview:-1"},"og_locale":"en_US","og_type":"article","og_title":"Gradam Comaoine - \u00c1ine Hensey | Gradam Ceoil TG4 2025 | TG4","og_description":"Beathaisn\u00e9is As Baile \u00c1tha Cliath \u00f3 dh\u00fachas \u00c1ine Hensey c\u00e9 go bhfuil s\u00ed ina c\u00f3na\u00ed in iarthar an Chl\u00e1ir \u00f3 na 1980id\u00ed. Cotha\u00edodh tuiscint dhomhain ar an gceol Gaelach inti \u00f3 bhlianta na h\u00f3ige agus as sin a d\u2019eascair saol oibre faoi ghradam i mbun craolt\u00f3ireachta agus i mbun riarach\u00e1in i r\u00e9imse na heala\u00edne. Sa [&hellip;]","og_url":"https:\/\/dev.tg4.ie\/ga\/brandai-eile\/gradam-ceoil\/gradaim-reatha\/gradam-comaoine\/","og_site_name":"TG4","article_publisher":"https:\/\/www.facebook.com\/TG4TV","article_modified_time":"2025-04-08T13:29:57+00:00","og_image":[{"width":1920,"height":1080,"url":"https:\/\/tg4-docs.s3.amazonaws.com\/wp-content\/uploads\/2025\/04\/08142935\/Aine_Hensey_1-1920x1080-1.jpg","type":"image\/jpeg"}],"twitter_card":"summary_large_image","twitter_site":"@TG4TV","twitter_misc":{"Est. reading time":"2 minutes"},"schema":{"@context":"https:\/\/schema.org","@graph":[{"@type":"WebPage","@id":"https:\/\/dev.tg4.ie\/ga\/brandai-eile\/gradam-ceoil\/gradaim-reatha\/gradam-comaoine\/","url":"https:\/\/dev.tg4.ie\/ga\/brandai-eile\/gradam-ceoil\/gradaim-reatha\/gradam-comaoine\/","name":"Gradam Comaoine - \u00c1ine Hensey | Gradam Ceoil TG4 2025 | TG4","isPartOf":{"@id":"https:\/\/dev.tg4.ie\/en\/#website"},"primaryImageOfPage":{"@id":"https:\/\/dev.tg4.ie\/ga\/brandai-eile\/gradam-ceoil\/gradaim-reatha\/gradam-comaoine\/#primaryimage"},"image":{"@id":"https:\/\/dev.tg4.ie\/ga\/brandai-eile\/gradam-ceoil\/gradaim-reatha\/gradam-comaoine\/#primaryimage"},"thumbnailUrl":"https:\/\/tg4-docs.s3.amazonaws.com\/wp-content\/uploads\/2025\/04\/08142935\/Aine_Hensey_1-1920x1080-1.jpg","datePublished":"2016-12-14T08:53:49+00:00","dateModified":"2025-04-08T13:29:57+00:00","breadcrumb":{"@id":"https:\/\/dev.tg4.ie\/ga\/brandai-eile\/gradam-ceoil\/gradaim-reatha\/gradam-comaoine\/#breadcrumb"},"inLanguage":"ga","potentialAction":[{"@type":"ReadAction","target":["https:\/\/dev.tg4.ie\/ga\/brandai-eile\/gradam-ceoil\/gradaim-reatha\/gradam-comaoine\/"]}]},{"@type":"ImageObject","inLanguage":"ga","@id":"https:\/\/dev.tg4.ie\/ga\/brandai-eile\/gradam-ceoil\/gradaim-reatha\/gradam-comaoine\/#primaryimage","url":"https:\/\/tg4-docs.s3.amazonaws.com\/wp-content\/uploads\/2025\/04\/08142935\/Aine_Hensey_1-1920x1080-1.jpg","contentUrl":"https:\/\/tg4-docs.s3.amazonaws.com\/wp-content\/uploads\/2025\/04\/08142935\/Aine_Hensey_1-1920x1080-1.jpg","width":1920,"height":1080},{"@type":"BreadcrumbList","@id":"https:\/\/dev.tg4.ie\/ga\/brandai-eile\/gradam-ceoil\/gradaim-reatha\/gradam-comaoine\/#breadcrumb","itemListElement":[{"@type":"ListItem","position":1,"name":"Home","item":"https:\/\/dev.tg4.ie\/ga\/"},{"@type":"ListItem","position":2,"name":"Branda\u00ed Eile","item":"https:\/\/dev.tg4.ie\/ga\/brandai-eile\/"},{"@type":"ListItem","position":3,"name":"Gradam Ceoil TG4","item":"https:\/\/dev.tg4.ie\/ga\/brandai-eile\/gradam-ceoil\/"},{"@type":"ListItem","position":4,"name":"Gradam Ceoil TG4 2025","item":"https:\/\/dev.tg4.ie\/ga\/brandai-eile\/gradam-ceoil\/gradaim-reatha\/"},{"@type":"ListItem","position":5,"name":"Gradam Comaoine"}]},{"@type":"WebSite","@id":"https:\/\/dev.tg4.ie\/en\/#website","url":"https:\/\/dev.tg4.ie\/en\/","name":"TG4","description":"S\u00fail Eile","potentialAction":[{"@type":"SearchAction","target":{"@type":"EntryPoint","urlTemplate":"https:\/\/dev.tg4.ie\/en\/?s={search_term_string}"},"query-input":"required name=search_term_string"}],"inLanguage":"ga"}]}},"_links":{"self":[{"href":"https:\/\/dev.tg4.ie\/ga\/wp-json\/wp\/v2\/pages\/36696"}],"collection":[{"href":"https:\/\/dev.tg4.ie\/ga\/wp-json\/wp\/v2\/pages"}],"about":[{"href":"https:\/\/dev.tg4.ie\/ga\/wp-json\/wp\/v2\/types\/page"}],"author":[{"embeddable":true,"href":"https:\/\/dev.tg4.ie\/ga\/wp-json\/wp\/v2\/users\/4"}],"replies":[{"embeddable":true,"href":"https:\/\/dev.tg4.ie\/ga\/wp-json\/wp\/v2\/comments?post=36696"}],"version-history":[{"count":0,"href":"https:\/\/dev.tg4.ie\/ga\/wp-json\/wp\/v2\/pages\/36696\/revisions"}],"up":[{"embeddable":true,"href":"https:\/\/dev.tg4.ie\/ga\/wp-json\/wp\/v2\/pages\/36663"}],"wp:featuredmedia":[{"embeddable":true,"href":"https:\/\/dev.tg4.ie\/ga\/wp-json\/wp\/v2\/media\/244303"}],"wp:attachment":[{"href":"https:\/\/dev.tg4.ie\/ga\/wp-json\/wp\/v2\/media?parent=36696"}],"curies":[{"name":"wp","href":"https:\/\/api.w.org\/{rel}","templated":true}]}}