{"id":36702,"date":"2016-12-14T08:54:00","date_gmt":"2016-12-14T08:54:19","guid":{"rendered":"https:\/\/dev.tg4.ie\/?page_id=36702"},"modified":"2024-12-10T11:38:52","modified_gmt":"2024-12-10T11:38:52","slug":"ceoltoir-og-tg4","status":"publish","type":"page","link":"https:\/\/dev.tg4.ie\/ga\/brandai-eile\/gradam-ceoil\/iar-bhuaiteoiri\/ceoltoir-og-tg4\/","title":{"rendered":"Ceolt\u00f3ir \u00d3g TG4"},"content":{"rendered":"<h2>Ceolt\u00f3ir \u00d3g TG4<\/h2>\n<p>Gan cumas, d\u00fathracht agus d\u00edograis \u00e1r gceolt\u00f3ir\u00ed \u00f3ga, is beag a bheadh i nd\u00e1n don cheol Gaelach sna blianta amach romhainn. D&#8217;aithin Gradam Ceoil TG4 \u00e9 seo \u00f3n t\u00fas agus t\u00e1 Gradam don Cheolt\u00f3ir \u00d3g bronnta ar oirfidigh \u00f3 cheann ceann na t\u00edre, sampla beag de na m\u00edlte \u00f3g\u00e1nach ar a bhfuilimid ag brath chun an ceol a sheachadadh chuig an gc\u00e9ad ghl\u00fain eile.<br \/>\n<em>&#8220;Bronnadh Gradam an Cheolt\u00f3ra \u00d3ig orm i 1998. Bh\u00ed me d\u00edreach i ndiaidh albam a eisi\u00faint le S\u00edona, gr\u00fapa ceolt\u00f3ir\u00ed \u00f3ga \u00f3 Shligeach agus \u00f3 Liatroim. Chuir se iontas m\u00f3r orm a bheith roghnaithe don Ghradam seo. Ba mh\u00f3r an on\u00f3ir \u00e9 agus rud ab ea \u00e9 nach dtarl\u00f3idh ach uair amh\u00e1in i do shaol.&#8221;<\/em> <strong>June Nic Cormaic<\/strong><\/p>\n<ul>\n<li>1998 &#8211; <strong>June Nic Cormaic<\/strong>, Co. Shligigh<\/li>\n<li>1999 &#8211; <strong>Aog\u00e1n \u00d3 Loingsigh<\/strong>, Corcaigh<\/li>\n<li>2000 &#8211; <strong>M\u00e9abh O&#8217;Hare<\/strong>, B\u00e9al Feirste<\/li>\n<li>2001 &#8211; <strong>Conor McKeon<\/strong>, Baile \u00c1tha Cliath<\/li>\n<li>2002 &#8211; <strong>Liam O&#8217;Connor<\/strong>, Baile \u00c1tha Cliath<\/li>\n<li>2003 &#8211; <strong>Ciar\u00e1n \u00d3 Maonaigh<\/strong>, D\u00fan na nGall<\/li>\n<li>2004 &#8211; <strong>Edel Fox<\/strong>, Co. an Chl\u00e1ir<\/li>\n<li>2005 &#8211; <strong>Se\u00e1n McKeon<\/strong>, Baile \u00c1tha Cliath<\/li>\n<li>2006 &#8211; <strong>Michelle Mulcahy<\/strong>, Co. Luimnigh<\/li>\n<li>2007 &#8211; <strong>Fiachna \u00d3 Mong\u00e1in<\/strong>, Co. Mhaigh Eo<\/li>\n<li>2008 &#8211; <strong>Martin Tourish<\/strong>, Co. D\u00fan na nGall<\/li>\n<li>2009 &#8211; <strong>Conor McEvoy<\/strong>, Co. na M\u00ed<\/li>\n<li>2010 &#8211; <strong>Aiden O&#8217;Donnell<\/strong>, Co. D\u00fan na nGall<\/li>\n<li>2011 &#8211; <strong>P\u00e1draic Keane<\/strong>, Co. na Gaillimhe<\/li>\n<li>2012 &#8211; <strong>Caoimh\u00edn \u00d3 Fearghail<\/strong>, Co. Phort L\u00e1irge<\/li>\n<li>2013 &#8211; <strong>D\u00f3nal McCague<\/strong>, Co. Mhuineach\u00e1n<\/li>\n<li>2014 &#8211; <strong>Bryan O&#8217;Leary<\/strong>, Co. Ciarra\u00ed<\/li>\n<li>2015 &#8211; <strong>Maiti\u00fa \u00d3 Casaide<\/strong>, Baile \u00c1tha Cliath<\/li>\n<li>2016 &#8211; <strong>\u00d3rlaith McAuliffe<\/strong>, Londain<\/li>\n<li>2017 &#8211; <strong>Liam O&#8217;Brien<\/strong>, Co. Chl\u00e1ir<\/li>\n<li>2018 &#8211; <strong>Clare Friel<\/strong>, Co. D\u00fan na nGall<\/li>\n<li>2019 &#8211; <strong>Conor Connolly<\/strong>, Co. na Gaillimhe<\/li>\n<li>2020 &#8211; <strong>Sharon Howley<\/strong>, Co. an Chl\u00e1ir<\/li>\n<li>2021 &#8211; <strong>Sorcha Costello<\/strong>, Co. an Chl\u00e1ir<\/li>\n<li>2022 &#8211; <strong>Diarmuid \u00d3 Meachair<\/strong>, Co. Chorca\u00ed<\/li>\n<li>2023 &#8211; <strong>M\u00e9abh Smyth<\/strong>, Co. Ard Mhacha<\/li>\n<li>2024 &#8211; <strong>Macdara \u00d3 Faol\u00e1in<\/strong>, Co. Phort L\u00e1irge<\/li>\n<\/ul>\n","protected":false},"excerpt":{"rendered":"<p>Ceolt\u00f3ir \u00d3g TG4 Gan cumas, d\u00fathracht agus d\u00edograis \u00e1r gceolt\u00f3ir\u00ed \u00f3ga, is beag a bheadh i nd\u00e1n don cheol Gaelach sna blianta amach romhainn. D&#8217;aithin Gradam Ceoil TG4 \u00e9 seo \u00f3n t\u00fas agus t\u00e1 Gradam don Cheolt\u00f3ir \u00d3g bronnta ar oirfidigh \u00f3 cheann ceann na t\u00edre, sampla beag de na m\u00edlte \u00f3g\u00e1nach ar a bhfuilimid [&hellip;]<\/p>\n","protected":false},"author":4,"featured_media":37609,"parent":36669,"menu_order":1,"comment_status":"closed","ping_status":"closed","template":"page-templates\/template-corporate.php","meta":{"_acf_changed":false,"footnotes":""},"acf":[],"yoast_head":"<!-- This site is optimized with the Yoast SEO plugin v22.6 - https:\/\/yoast.com\/wordpress\/plugins\/seo\/ -->\n<title>Ceolt\u00f3ir \u00d3g TG4 - TG4<\/title>\n<meta name=\"robots\" content=\"index, follow, max-snippet:-1, max-image-preview:large, max-video-preview:-1\" \/>\n<meta property=\"og:locale\" content=\"en_US\" \/>\n<meta property=\"og:type\" content=\"article\" \/>\n<meta property=\"og:title\" content=\"Ceolt\u00f3ir \u00d3g TG4 - TG4\" \/>\n<meta property=\"og:description\" content=\"Ceolt\u00f3ir \u00d3g TG4 Gan cumas, d\u00fathracht agus d\u00edograis \u00e1r gceolt\u00f3ir\u00ed \u00f3ga, is beag a bheadh i nd\u00e1n don cheol Gaelach sna blianta amach romhainn. D&#8217;aithin Gradam Ceoil TG4 \u00e9 seo \u00f3n t\u00fas agus t\u00e1 Gradam don Cheolt\u00f3ir \u00d3g bronnta ar oirfidigh \u00f3 cheann ceann na t\u00edre, sampla beag de na m\u00edlte \u00f3g\u00e1nach ar a bhfuilimid [&hellip;]\" \/>\n<meta property=\"og:url\" content=\"https:\/\/dev.tg4.ie\/ga\/brandai-eile\/gradam-ceoil\/iar-bhuaiteoiri\/ceoltoir-og-tg4\/\" \/>\n<meta property=\"og:site_name\" content=\"TG4\" \/>\n<meta property=\"article:publisher\" content=\"https:\/\/www.facebook.com\/TG4TV\" \/>\n<meta property=\"article:modified_time\" content=\"2024-12-10T11:38:52+00:00\" \/>\n<meta property=\"og:image\" content=\"https:\/\/tg4-docs.s3.amazonaws.com\/tg4-redesign-2015\/wp-content\/uploads\/2016\/01\/Gradam-Ceoil-TG4-2017.jpg\" \/>\n\t<meta property=\"og:image:width\" content=\"1920\" \/>\n\t<meta property=\"og:image:height\" content=\"1080\" \/>\n\t<meta property=\"og:image:type\" content=\"image\/jpeg\" \/>\n<meta name=\"twitter:card\" content=\"summary_large_image\" \/>\n<meta name=\"twitter:site\" content=\"@TG4TV\" \/>\n<meta name=\"twitter:label1\" content=\"Est. reading time\" \/>\n\t<meta name=\"twitter:data1\" content=\"2 minutes\" \/>\n<script type=\"application\/ld+json\" class=\"yoast-schema-graph\">{\"@context\":\"https:\/\/schema.org\",\"@graph\":[{\"@type\":\"WebPage\",\"@id\":\"https:\/\/dev.tg4.ie\/ga\/brandai-eile\/gradam-ceoil\/iar-bhuaiteoiri\/ceoltoir-og-tg4\/\",\"url\":\"https:\/\/dev.tg4.ie\/ga\/brandai-eile\/gradam-ceoil\/iar-bhuaiteoiri\/ceoltoir-og-tg4\/\",\"name\":\"Ceolt\u00f3ir \u00d3g TG4 - TG4\",\"isPartOf\":{\"@id\":\"https:\/\/dev.tg4.ie\/en\/#website\"},\"primaryImageOfPage\":{\"@id\":\"https:\/\/dev.tg4.ie\/ga\/brandai-eile\/gradam-ceoil\/iar-bhuaiteoiri\/ceoltoir-og-tg4\/#primaryimage\"},\"image\":{\"@id\":\"https:\/\/dev.tg4.ie\/ga\/brandai-eile\/gradam-ceoil\/iar-bhuaiteoiri\/ceoltoir-og-tg4\/#primaryimage\"},\"thumbnailUrl\":\"https:\/\/tg4-docs.s3.amazonaws.com\/tg4-redesign-2015\/wp-content\/uploads\/2016\/01\/Gradam-Ceoil-TG4-2017.jpg\",\"datePublished\":\"2016-12-14T08:54:19+00:00\",\"dateModified\":\"2024-12-10T11:38:52+00:00\",\"breadcrumb\":{\"@id\":\"https:\/\/dev.tg4.ie\/ga\/brandai-eile\/gradam-ceoil\/iar-bhuaiteoiri\/ceoltoir-og-tg4\/#breadcrumb\"},\"inLanguage\":\"ga\",\"potentialAction\":[{\"@type\":\"ReadAction\",\"target\":[\"https:\/\/dev.tg4.ie\/ga\/brandai-eile\/gradam-ceoil\/iar-bhuaiteoiri\/ceoltoir-og-tg4\/\"]}]},{\"@type\":\"ImageObject\",\"inLanguage\":\"ga\",\"@id\":\"https:\/\/dev.tg4.ie\/ga\/brandai-eile\/gradam-ceoil\/iar-bhuaiteoiri\/ceoltoir-og-tg4\/#primaryimage\",\"url\":\"https:\/\/tg4-docs.s3.amazonaws.com\/tg4-redesign-2015\/wp-content\/uploads\/2016\/01\/Gradam-Ceoil-TG4-2017.jpg\",\"contentUrl\":\"https:\/\/tg4-docs.s3.amazonaws.com\/tg4-redesign-2015\/wp-content\/uploads\/2016\/01\/Gradam-Ceoil-TG4-2017.jpg\",\"width\":1920,\"height\":1080,\"caption\":\"Gradam Ceoil TG4 2017\"},{\"@type\":\"BreadcrumbList\",\"@id\":\"https:\/\/dev.tg4.ie\/ga\/brandai-eile\/gradam-ceoil\/iar-bhuaiteoiri\/ceoltoir-og-tg4\/#breadcrumb\",\"itemListElement\":[{\"@type\":\"ListItem\",\"position\":1,\"name\":\"Home\",\"item\":\"https:\/\/dev.tg4.ie\/ga\/\"},{\"@type\":\"ListItem\",\"position\":2,\"name\":\"Branda\u00ed Eile\",\"item\":\"https:\/\/dev.tg4.ie\/ga\/brandai-eile\/\"},{\"@type\":\"ListItem\",\"position\":3,\"name\":\"Gradam Ceoil TG4\",\"item\":\"https:\/\/dev.tg4.ie\/ga\/brandai-eile\/gradam-ceoil\/\"},{\"@type\":\"ListItem\",\"position\":4,\"name\":\"Iar-Bhuaiteoir\u00ed\",\"item\":\"https:\/\/dev.tg4.ie\/ga\/brandai-eile\/gradam-ceoil\/iar-bhuaiteoiri\/\"},{\"@type\":\"ListItem\",\"position\":5,\"name\":\"Ceolt\u00f3ir \u00d3g TG4\"}]},{\"@type\":\"WebSite\",\"@id\":\"https:\/\/dev.tg4.ie\/en\/#website\",\"url\":\"https:\/\/dev.tg4.ie\/en\/\",\"name\":\"TG4\",\"description\":\"S\u00fail Eile\",\"potentialAction\":[{\"@type\":\"SearchAction\",\"target\":{\"@type\":\"EntryPoint\",\"urlTemplate\":\"https:\/\/dev.tg4.ie\/en\/?s={search_term_string}\"},\"query-input\":\"required name=search_term_string\"}],\"inLanguage\":\"ga\"}]}<\/script>\n<!-- \/ Yoast SEO plugin. -->","yoast_head_json":{"title":"Ceolt\u00f3ir \u00d3g TG4 - TG4","robots":{"index":"index","follow":"follow","max-snippet":"max-snippet:-1","max-image-preview":"max-image-preview:large","max-video-preview":"max-video-preview:-1"},"og_locale":"en_US","og_type":"article","og_title":"Ceolt\u00f3ir \u00d3g TG4 - TG4","og_description":"Ceolt\u00f3ir \u00d3g TG4 Gan cumas, d\u00fathracht agus d\u00edograis \u00e1r gceolt\u00f3ir\u00ed \u00f3ga, is beag a bheadh i nd\u00e1n don cheol Gaelach sna blianta amach romhainn. D&#8217;aithin Gradam Ceoil TG4 \u00e9 seo \u00f3n t\u00fas agus t\u00e1 Gradam don Cheolt\u00f3ir \u00d3g bronnta ar oirfidigh \u00f3 cheann ceann na t\u00edre, sampla beag de na m\u00edlte \u00f3g\u00e1nach ar a bhfuilimid [&hellip;]","og_url":"https:\/\/dev.tg4.ie\/ga\/brandai-eile\/gradam-ceoil\/iar-bhuaiteoiri\/ceoltoir-og-tg4\/","og_site_name":"TG4","article_publisher":"https:\/\/www.facebook.com\/TG4TV","article_modified_time":"2024-12-10T11:38:52+00:00","og_image":[{"width":1920,"height":1080,"url":"https:\/\/tg4-docs.s3.amazonaws.com\/tg4-redesign-2015\/wp-content\/uploads\/2016\/01\/Gradam-Ceoil-TG4-2017.jpg","type":"image\/jpeg"}],"twitter_card":"summary_large_image","twitter_site":"@TG4TV","twitter_misc":{"Est. reading time":"2 minutes"},"schema":{"@context":"https:\/\/schema.org","@graph":[{"@type":"WebPage","@id":"https:\/\/dev.tg4.ie\/ga\/brandai-eile\/gradam-ceoil\/iar-bhuaiteoiri\/ceoltoir-og-tg4\/","url":"https:\/\/dev.tg4.ie\/ga\/brandai-eile\/gradam-ceoil\/iar-bhuaiteoiri\/ceoltoir-og-tg4\/","name":"Ceolt\u00f3ir \u00d3g TG4 - TG4","isPartOf":{"@id":"https:\/\/dev.tg4.ie\/en\/#website"},"primaryImageOfPage":{"@id":"https:\/\/dev.tg4.ie\/ga\/brandai-eile\/gradam-ceoil\/iar-bhuaiteoiri\/ceoltoir-og-tg4\/#primaryimage"},"image":{"@id":"https:\/\/dev.tg4.ie\/ga\/brandai-eile\/gradam-ceoil\/iar-bhuaiteoiri\/ceoltoir-og-tg4\/#primaryimage"},"thumbnailUrl":"https:\/\/tg4-docs.s3.amazonaws.com\/tg4-redesign-2015\/wp-content\/uploads\/2016\/01\/Gradam-Ceoil-TG4-2017.jpg","datePublished":"2016-12-14T08:54:19+00:00","dateModified":"2024-12-10T11:38:52+00:00","breadcrumb":{"@id":"https:\/\/dev.tg4.ie\/ga\/brandai-eile\/gradam-ceoil\/iar-bhuaiteoiri\/ceoltoir-og-tg4\/#breadcrumb"},"inLanguage":"ga","potentialAction":[{"@type":"ReadAction","target":["https:\/\/dev.tg4.ie\/ga\/brandai-eile\/gradam-ceoil\/iar-bhuaiteoiri\/ceoltoir-og-tg4\/"]}]},{"@type":"ImageObject","inLanguage":"ga","@id":"https:\/\/dev.tg4.ie\/ga\/brandai-eile\/gradam-ceoil\/iar-bhuaiteoiri\/ceoltoir-og-tg4\/#primaryimage","url":"https:\/\/tg4-docs.s3.amazonaws.com\/tg4-redesign-2015\/wp-content\/uploads\/2016\/01\/Gradam-Ceoil-TG4-2017.jpg","contentUrl":"https:\/\/tg4-docs.s3.amazonaws.com\/tg4-redesign-2015\/wp-content\/uploads\/2016\/01\/Gradam-Ceoil-TG4-2017.jpg","width":1920,"height":1080,"caption":"Gradam Ceoil TG4 2017"},{"@type":"BreadcrumbList","@id":"https:\/\/dev.tg4.ie\/ga\/brandai-eile\/gradam-ceoil\/iar-bhuaiteoiri\/ceoltoir-og-tg4\/#breadcrumb","itemListElement":[{"@type":"ListItem","position":1,"name":"Home","item":"https:\/\/dev.tg4.ie\/ga\/"},{"@type":"ListItem","position":2,"name":"Branda\u00ed Eile","item":"https:\/\/dev.tg4.ie\/ga\/brandai-eile\/"},{"@type":"ListItem","position":3,"name":"Gradam Ceoil TG4","item":"https:\/\/dev.tg4.ie\/ga\/brandai-eile\/gradam-ceoil\/"},{"@type":"ListItem","position":4,"name":"Iar-Bhuaiteoir\u00ed","item":"https:\/\/dev.tg4.ie\/ga\/brandai-eile\/gradam-ceoil\/iar-bhuaiteoiri\/"},{"@type":"ListItem","position":5,"name":"Ceolt\u00f3ir \u00d3g TG4"}]},{"@type":"WebSite","@id":"https:\/\/dev.tg4.ie\/en\/#website","url":"https:\/\/dev.tg4.ie\/en\/","name":"TG4","description":"S\u00fail Eile","potentialAction":[{"@type":"SearchAction","target":{"@type":"EntryPoint","urlTemplate":"https:\/\/dev.tg4.ie\/en\/?s={search_term_string}"},"query-input":"required name=search_term_string"}],"inLanguage":"ga"}]}},"_links":{"self":[{"href":"https:\/\/dev.tg4.ie\/ga\/wp-json\/wp\/v2\/pages\/36702"}],"collection":[{"href":"https:\/\/dev.tg4.ie\/ga\/wp-json\/wp\/v2\/pages"}],"about":[{"href":"https:\/\/dev.tg4.ie\/ga\/wp-json\/wp\/v2\/types\/page"}],"author":[{"embeddable":true,"href":"https:\/\/dev.tg4.ie\/ga\/wp-json\/wp\/v2\/users\/4"}],"replies":[{"embeddable":true,"href":"https:\/\/dev.tg4.ie\/ga\/wp-json\/wp\/v2\/comments?post=36702"}],"version-history":[{"count":0,"href":"https:\/\/dev.tg4.ie\/ga\/wp-json\/wp\/v2\/pages\/36702\/revisions"}],"up":[{"embeddable":true,"href":"https:\/\/dev.tg4.ie\/ga\/wp-json\/wp\/v2\/pages\/36669"}],"wp:featuredmedia":[{"embeddable":true,"href":"https:\/\/dev.tg4.ie\/ga\/wp-json\/wp\/v2\/media\/37609"}],"wp:attachment":[{"href":"https:\/\/dev.tg4.ie\/ga\/wp-json\/wp\/v2\/media?parent=36702"}],"curies":[{"name":"wp","href":"https:\/\/api.w.org\/{rel}","templated":true}]}}