{"id":36708,"date":"2016-12-14T08:54:00","date_gmt":"2016-12-14T08:54:36","guid":{"rendered":"https:\/\/dev.tg4.ie\/?page_id=36708"},"modified":"2024-12-10T11:53:59","modified_gmt":"2024-12-10T11:53:59","slug":"gradam-an-chumadora","status":"publish","type":"page","link":"https:\/\/dev.tg4.ie\/ga\/brandai-eile\/gradam-ceoil\/iar-bhuaiteoiri\/gradam-an-chumadora\/","title":{"rendered":"Gradam an Chumad\u00f3ra"},"content":{"rendered":"<h2>Gradam an Chumad\u00f3ra<\/h2>\n<p>Aithn\u00edonn TG4 an t\u00e1bhacht a bhaineann le h\u00e1bhar \u00far a chur leis an repertoire doimhin den cheol rince tr\u00ed Gradam an Chumad\u00f3ra a bhronnadh go bliant\u00fail. T\u00e1 cuid mhaith de shaothar na gcumad\u00f3ir\u00ed seo mar chuid den traidisi\u00fan cheana f\u00e9in agus \u00e9 le cloiste\u00e1il go rialta ag seisi\u00fain agus ar cheirn\u00edn\u00ed le ceolt\u00f3ir\u00ed eile.<\/p>\n<ul>\n<li>2001 &#8211; <strong>Paddy Fahy<\/strong>, Co. na Gaillimhe<\/li>\n<li>2002 &#8211; <strong>Brendan Tonra<\/strong>, Co. Mhuigh Eo<\/li>\n<li>2003 &#8211; <strong>Vincent Broderick<\/strong>, Co. na Gaillimhe<\/li>\n<li>2004 &#8211; <strong>Richie Dwyer<\/strong>, Co. Chorca\u00ed<\/li>\n<li>2005 &#8211; <strong>Josephine Keegan<\/strong>, Co. Ard Mhacha<\/li>\n<li>2006 &#8211; <strong>Charlie Lennon<\/strong>, Co. Liatroma<\/li>\n<li>2007 &#8211; <strong>Jim McGrath<\/strong>, Co. Fhear Manach<\/li>\n<li>2008 &#8211; <strong>Peadar \u00d3 Riada<\/strong>, Co. \u00c1th Cliath<\/li>\n<li>2009 &#8211; <strong>Con Fada \u00d3 Drisceoil<\/strong>, Co. Corcaigh<\/li>\n<li>2010 &#8211; <strong>John &amp; Finbarr Dwyer<\/strong>, Co. Corcaigh<\/li>\n<li>2011 &#8211; <strong>Liz Carroll<\/strong>, Chicago<\/li>\n<li>2012 &#8211; <strong>Paddy O&#8217;Brien<\/strong>, Co. U\u00edbh Fhail\u00ed<\/li>\n<li>2013 &#8211; <strong>Tommy Peoples<\/strong>, Co. D\u00fan na nGall<\/li>\n<li>2017 &#8211; <strong>Michael Rooney<\/strong>, Co. Muineach\u00e1in<\/li>\n<li>2019 &#8211; <strong>Tr\u00edona N\u00ed Dhomhnaill<\/strong>, Co. na M\u00ed<\/li>\n<li>2020 &#8211; <strong>Josephine Marsh<\/strong>, Co. an Chl\u00e1ir<\/li>\n<li>2021 &#8211; <strong>Steve Cooney<\/strong>, Co. D\u00fan na nGall<\/li>\n<li>2022 &#8211; <strong>Connie O&#8217;Connell<\/strong>, Co. Chorca\u00ed<\/li>\n<li>2023 &#8211; <strong>Maurice Lennon<\/strong>, Co. Liatroim<\/li>\n<li>2024 &#8211; <strong>Ryan Molloy<\/strong>, Co. Th\u00edr Eoghain<\/li>\n<\/ul>\n<h2>Gradam Comharcheoil TG4<\/h2>\n<ul>\n<li>2014 &#8211; <strong>The Goodman Project<\/strong><\/li>\n<li>2015 &#8211; <strong>Ensemble \u00c9riu<\/strong><\/li>\n<li>2016 &#8211; <strong>Our Dear Dark Mountain with the Sky over it<\/strong><\/li>\n<li>2018 &#8211; <strong>CONCERT<\/strong><\/li>\n<\/ul>\n<p>&nbsp;<\/p>\n","protected":false},"excerpt":{"rendered":"<p>Gradam an Chumad\u00f3ra Aithn\u00edonn TG4 an t\u00e1bhacht a bhaineann le h\u00e1bhar \u00far a chur leis an repertoire doimhin den cheol rince tr\u00ed Gradam an Chumad\u00f3ra a bhronnadh go bliant\u00fail. T\u00e1 cuid mhaith de shaothar na gcumad\u00f3ir\u00ed seo mar chuid den traidisi\u00fan cheana f\u00e9in agus \u00e9 le cloiste\u00e1il go rialta ag seisi\u00fain agus ar cheirn\u00edn\u00ed le [&hellip;]<\/p>\n","protected":false},"author":4,"featured_media":37609,"parent":36669,"menu_order":3,"comment_status":"closed","ping_status":"closed","template":"page-templates\/template-corporate.php","meta":{"_acf_changed":false,"footnotes":""},"acf":[],"yoast_head":"<!-- This site is optimized with the Yoast SEO plugin v22.6 - https:\/\/yoast.com\/wordpress\/plugins\/seo\/ -->\n<title>Gradam an Chumad\u00f3ra - TG4<\/title>\n<meta name=\"robots\" content=\"index, follow, max-snippet:-1, max-image-preview:large, max-video-preview:-1\" \/>\n<meta property=\"og:locale\" content=\"en_US\" \/>\n<meta property=\"og:type\" content=\"article\" \/>\n<meta property=\"og:title\" content=\"Gradam an Chumad\u00f3ra - TG4\" \/>\n<meta property=\"og:description\" content=\"Gradam an Chumad\u00f3ra Aithn\u00edonn TG4 an t\u00e1bhacht a bhaineann le h\u00e1bhar \u00far a chur leis an repertoire doimhin den cheol rince tr\u00ed Gradam an Chumad\u00f3ra a bhronnadh go bliant\u00fail. T\u00e1 cuid mhaith de shaothar na gcumad\u00f3ir\u00ed seo mar chuid den traidisi\u00fan cheana f\u00e9in agus \u00e9 le cloiste\u00e1il go rialta ag seisi\u00fain agus ar cheirn\u00edn\u00ed le [&hellip;]\" \/>\n<meta property=\"og:url\" content=\"https:\/\/dev.tg4.ie\/ga\/brandai-eile\/gradam-ceoil\/iar-bhuaiteoiri\/gradam-an-chumadora\/\" \/>\n<meta property=\"og:site_name\" content=\"TG4\" \/>\n<meta property=\"article:publisher\" content=\"https:\/\/www.facebook.com\/TG4TV\" \/>\n<meta property=\"article:modified_time\" content=\"2024-12-10T11:53:59+00:00\" \/>\n<meta property=\"og:image\" content=\"https:\/\/tg4-docs.s3.amazonaws.com\/tg4-redesign-2015\/wp-content\/uploads\/2016\/01\/Gradam-Ceoil-TG4-2017.jpg\" \/>\n\t<meta property=\"og:image:width\" content=\"1920\" \/>\n\t<meta property=\"og:image:height\" content=\"1080\" \/>\n\t<meta property=\"og:image:type\" content=\"image\/jpeg\" \/>\n<meta name=\"twitter:card\" content=\"summary_large_image\" \/>\n<meta name=\"twitter:site\" content=\"@TG4TV\" \/>\n<meta name=\"twitter:label1\" content=\"Est. reading time\" \/>\n\t<meta name=\"twitter:data1\" content=\"2 minutes\" \/>\n<script type=\"application\/ld+json\" class=\"yoast-schema-graph\">{\"@context\":\"https:\/\/schema.org\",\"@graph\":[{\"@type\":\"WebPage\",\"@id\":\"https:\/\/dev.tg4.ie\/ga\/brandai-eile\/gradam-ceoil\/iar-bhuaiteoiri\/gradam-an-chumadora\/\",\"url\":\"https:\/\/dev.tg4.ie\/ga\/brandai-eile\/gradam-ceoil\/iar-bhuaiteoiri\/gradam-an-chumadora\/\",\"name\":\"Gradam an Chumad\u00f3ra - TG4\",\"isPartOf\":{\"@id\":\"https:\/\/dev.tg4.ie\/en\/#website\"},\"primaryImageOfPage\":{\"@id\":\"https:\/\/dev.tg4.ie\/ga\/brandai-eile\/gradam-ceoil\/iar-bhuaiteoiri\/gradam-an-chumadora\/#primaryimage\"},\"image\":{\"@id\":\"https:\/\/dev.tg4.ie\/ga\/brandai-eile\/gradam-ceoil\/iar-bhuaiteoiri\/gradam-an-chumadora\/#primaryimage\"},\"thumbnailUrl\":\"https:\/\/tg4-docs.s3.amazonaws.com\/tg4-redesign-2015\/wp-content\/uploads\/2016\/01\/Gradam-Ceoil-TG4-2017.jpg\",\"datePublished\":\"2016-12-14T08:54:36+00:00\",\"dateModified\":\"2024-12-10T11:53:59+00:00\",\"breadcrumb\":{\"@id\":\"https:\/\/dev.tg4.ie\/ga\/brandai-eile\/gradam-ceoil\/iar-bhuaiteoiri\/gradam-an-chumadora\/#breadcrumb\"},\"inLanguage\":\"ga\",\"potentialAction\":[{\"@type\":\"ReadAction\",\"target\":[\"https:\/\/dev.tg4.ie\/ga\/brandai-eile\/gradam-ceoil\/iar-bhuaiteoiri\/gradam-an-chumadora\/\"]}]},{\"@type\":\"ImageObject\",\"inLanguage\":\"ga\",\"@id\":\"https:\/\/dev.tg4.ie\/ga\/brandai-eile\/gradam-ceoil\/iar-bhuaiteoiri\/gradam-an-chumadora\/#primaryimage\",\"url\":\"https:\/\/tg4-docs.s3.amazonaws.com\/tg4-redesign-2015\/wp-content\/uploads\/2016\/01\/Gradam-Ceoil-TG4-2017.jpg\",\"contentUrl\":\"https:\/\/tg4-docs.s3.amazonaws.com\/tg4-redesign-2015\/wp-content\/uploads\/2016\/01\/Gradam-Ceoil-TG4-2017.jpg\",\"width\":1920,\"height\":1080,\"caption\":\"Gradam Ceoil TG4 2017\"},{\"@type\":\"BreadcrumbList\",\"@id\":\"https:\/\/dev.tg4.ie\/ga\/brandai-eile\/gradam-ceoil\/iar-bhuaiteoiri\/gradam-an-chumadora\/#breadcrumb\",\"itemListElement\":[{\"@type\":\"ListItem\",\"position\":1,\"name\":\"Home\",\"item\":\"https:\/\/dev.tg4.ie\/ga\/\"},{\"@type\":\"ListItem\",\"position\":2,\"name\":\"Branda\u00ed Eile\",\"item\":\"https:\/\/dev.tg4.ie\/ga\/brandai-eile\/\"},{\"@type\":\"ListItem\",\"position\":3,\"name\":\"Gradam Ceoil TG4\",\"item\":\"https:\/\/dev.tg4.ie\/ga\/brandai-eile\/gradam-ceoil\/\"},{\"@type\":\"ListItem\",\"position\":4,\"name\":\"Iar-Bhuaiteoir\u00ed\",\"item\":\"https:\/\/dev.tg4.ie\/ga\/brandai-eile\/gradam-ceoil\/iar-bhuaiteoiri\/\"},{\"@type\":\"ListItem\",\"position\":5,\"name\":\"Gradam an Chumad\u00f3ra\"}]},{\"@type\":\"WebSite\",\"@id\":\"https:\/\/dev.tg4.ie\/en\/#website\",\"url\":\"https:\/\/dev.tg4.ie\/en\/\",\"name\":\"TG4\",\"description\":\"S\u00fail Eile\",\"potentialAction\":[{\"@type\":\"SearchAction\",\"target\":{\"@type\":\"EntryPoint\",\"urlTemplate\":\"https:\/\/dev.tg4.ie\/en\/?s={search_term_string}\"},\"query-input\":\"required name=search_term_string\"}],\"inLanguage\":\"ga\"}]}<\/script>\n<!-- \/ Yoast SEO plugin. -->","yoast_head_json":{"title":"Gradam an Chumad\u00f3ra - TG4","robots":{"index":"index","follow":"follow","max-snippet":"max-snippet:-1","max-image-preview":"max-image-preview:large","max-video-preview":"max-video-preview:-1"},"og_locale":"en_US","og_type":"article","og_title":"Gradam an Chumad\u00f3ra - TG4","og_description":"Gradam an Chumad\u00f3ra Aithn\u00edonn TG4 an t\u00e1bhacht a bhaineann le h\u00e1bhar \u00far a chur leis an repertoire doimhin den cheol rince tr\u00ed Gradam an Chumad\u00f3ra a bhronnadh go bliant\u00fail. T\u00e1 cuid mhaith de shaothar na gcumad\u00f3ir\u00ed seo mar chuid den traidisi\u00fan cheana f\u00e9in agus \u00e9 le cloiste\u00e1il go rialta ag seisi\u00fain agus ar cheirn\u00edn\u00ed le [&hellip;]","og_url":"https:\/\/dev.tg4.ie\/ga\/brandai-eile\/gradam-ceoil\/iar-bhuaiteoiri\/gradam-an-chumadora\/","og_site_name":"TG4","article_publisher":"https:\/\/www.facebook.com\/TG4TV","article_modified_time":"2024-12-10T11:53:59+00:00","og_image":[{"width":1920,"height":1080,"url":"https:\/\/tg4-docs.s3.amazonaws.com\/tg4-redesign-2015\/wp-content\/uploads\/2016\/01\/Gradam-Ceoil-TG4-2017.jpg","type":"image\/jpeg"}],"twitter_card":"summary_large_image","twitter_site":"@TG4TV","twitter_misc":{"Est. reading time":"2 minutes"},"schema":{"@context":"https:\/\/schema.org","@graph":[{"@type":"WebPage","@id":"https:\/\/dev.tg4.ie\/ga\/brandai-eile\/gradam-ceoil\/iar-bhuaiteoiri\/gradam-an-chumadora\/","url":"https:\/\/dev.tg4.ie\/ga\/brandai-eile\/gradam-ceoil\/iar-bhuaiteoiri\/gradam-an-chumadora\/","name":"Gradam an Chumad\u00f3ra - TG4","isPartOf":{"@id":"https:\/\/dev.tg4.ie\/en\/#website"},"primaryImageOfPage":{"@id":"https:\/\/dev.tg4.ie\/ga\/brandai-eile\/gradam-ceoil\/iar-bhuaiteoiri\/gradam-an-chumadora\/#primaryimage"},"image":{"@id":"https:\/\/dev.tg4.ie\/ga\/brandai-eile\/gradam-ceoil\/iar-bhuaiteoiri\/gradam-an-chumadora\/#primaryimage"},"thumbnailUrl":"https:\/\/tg4-docs.s3.amazonaws.com\/tg4-redesign-2015\/wp-content\/uploads\/2016\/01\/Gradam-Ceoil-TG4-2017.jpg","datePublished":"2016-12-14T08:54:36+00:00","dateModified":"2024-12-10T11:53:59+00:00","breadcrumb":{"@id":"https:\/\/dev.tg4.ie\/ga\/brandai-eile\/gradam-ceoil\/iar-bhuaiteoiri\/gradam-an-chumadora\/#breadcrumb"},"inLanguage":"ga","potentialAction":[{"@type":"ReadAction","target":["https:\/\/dev.tg4.ie\/ga\/brandai-eile\/gradam-ceoil\/iar-bhuaiteoiri\/gradam-an-chumadora\/"]}]},{"@type":"ImageObject","inLanguage":"ga","@id":"https:\/\/dev.tg4.ie\/ga\/brandai-eile\/gradam-ceoil\/iar-bhuaiteoiri\/gradam-an-chumadora\/#primaryimage","url":"https:\/\/tg4-docs.s3.amazonaws.com\/tg4-redesign-2015\/wp-content\/uploads\/2016\/01\/Gradam-Ceoil-TG4-2017.jpg","contentUrl":"https:\/\/tg4-docs.s3.amazonaws.com\/tg4-redesign-2015\/wp-content\/uploads\/2016\/01\/Gradam-Ceoil-TG4-2017.jpg","width":1920,"height":1080,"caption":"Gradam Ceoil TG4 2017"},{"@type":"BreadcrumbList","@id":"https:\/\/dev.tg4.ie\/ga\/brandai-eile\/gradam-ceoil\/iar-bhuaiteoiri\/gradam-an-chumadora\/#breadcrumb","itemListElement":[{"@type":"ListItem","position":1,"name":"Home","item":"https:\/\/dev.tg4.ie\/ga\/"},{"@type":"ListItem","position":2,"name":"Branda\u00ed Eile","item":"https:\/\/dev.tg4.ie\/ga\/brandai-eile\/"},{"@type":"ListItem","position":3,"name":"Gradam Ceoil TG4","item":"https:\/\/dev.tg4.ie\/ga\/brandai-eile\/gradam-ceoil\/"},{"@type":"ListItem","position":4,"name":"Iar-Bhuaiteoir\u00ed","item":"https:\/\/dev.tg4.ie\/ga\/brandai-eile\/gradam-ceoil\/iar-bhuaiteoiri\/"},{"@type":"ListItem","position":5,"name":"Gradam an Chumad\u00f3ra"}]},{"@type":"WebSite","@id":"https:\/\/dev.tg4.ie\/en\/#website","url":"https:\/\/dev.tg4.ie\/en\/","name":"TG4","description":"S\u00fail Eile","potentialAction":[{"@type":"SearchAction","target":{"@type":"EntryPoint","urlTemplate":"https:\/\/dev.tg4.ie\/en\/?s={search_term_string}"},"query-input":"required name=search_term_string"}],"inLanguage":"ga"}]}},"_links":{"self":[{"href":"https:\/\/dev.tg4.ie\/ga\/wp-json\/wp\/v2\/pages\/36708"}],"collection":[{"href":"https:\/\/dev.tg4.ie\/ga\/wp-json\/wp\/v2\/pages"}],"about":[{"href":"https:\/\/dev.tg4.ie\/ga\/wp-json\/wp\/v2\/types\/page"}],"author":[{"embeddable":true,"href":"https:\/\/dev.tg4.ie\/ga\/wp-json\/wp\/v2\/users\/4"}],"replies":[{"embeddable":true,"href":"https:\/\/dev.tg4.ie\/ga\/wp-json\/wp\/v2\/comments?post=36708"}],"version-history":[{"count":0,"href":"https:\/\/dev.tg4.ie\/ga\/wp-json\/wp\/v2\/pages\/36708\/revisions"}],"up":[{"embeddable":true,"href":"https:\/\/dev.tg4.ie\/ga\/wp-json\/wp\/v2\/pages\/36669"}],"wp:featuredmedia":[{"embeddable":true,"href":"https:\/\/dev.tg4.ie\/ga\/wp-json\/wp\/v2\/media\/37609"}],"wp:attachment":[{"href":"https:\/\/dev.tg4.ie\/ga\/wp-json\/wp\/v2\/media?parent=36708"}],"curies":[{"name":"wp","href":"https:\/\/api.w.org\/{rel}","templated":true}]}}