{"id":36711,"date":"2016-12-14T08:54:00","date_gmt":"2016-12-14T08:54:44","guid":{"rendered":"https:\/\/dev.tg4.ie\/?page_id=36711"},"modified":"2024-12-10T11:40:47","modified_gmt":"2024-12-10T11:40:47","slug":"amhranai-tg4","status":"publish","type":"page","link":"https:\/\/dev.tg4.ie\/ga\/brandai-eile\/gradam-ceoil\/iar-bhuaiteoiri\/amhranai-tg4\/","title":{"rendered":"Amhr\u00e1na\u00ed TG4"},"content":{"rendered":"<h2>Amhr\u00e1na\u00ed TG4<\/h2>\n<p>T\u00e1 t\u00e1bhacht ar leith ag baint leis an amhr\u00e1na\u00edocht traidisi\u00fanta mar  chuid l\u00e1rnach den\u00e1r gceol d\u00fachasach agus aithn\u00edtear \u00e9 seo le Gradam an  Amhr\u00e1na\u00ed. B\u00edd\u00eds ag canadh i nGaeilge n\u00f3 i mB\u00e9arla, \u00f3n tuath n\u00f3 \u00f3n  chathair, t\u00e1 tuiscint ag na hamhr\u00e1naithe iontacha seo ar an t\u00e1bhacht a  bhaineann len\u00e1r dtraidisi\u00fan b\u00e9il a thabhairt ar aghaidh ag an gc\u00e9ad  ghl\u00fain eile.<\/p>\n<ul>\n<li>2001 &#8211; <strong>Ciar\u00e1n \u00d3 Gealbh\u00e1in<\/strong>, Co. Phort L\u00e1irge<\/li>\n<li>2002 &#8211; <strong>Len Graham<\/strong>, Co. Aontroma<\/li>\n<li>2003 &#8211; <strong>Frank Harte<\/strong>, Baile \u00c1tha Cliath<\/li>\n<li>2004 &#8211; <strong>Rosie Stewart<\/strong>, Co. Fermanagh<\/li>\n<li>2005 &#8211; <strong>Maighread N\u00ed Dhomhnaill<\/strong>, Co. D\u00fan na nGall<\/li>\n<li>2006 &#8211; <strong>Se\u00e1n Garvey<\/strong>, Co. Chiarra\u00ed<\/li>\n<li>2007 &#8211; <strong>Dara B\u00e1n Mac Donnchadha<\/strong>, Gaillimh<\/li>\n<li>2008 &#8211; <strong>Iarla \u00d3 Lion\u00e1ird<\/strong>, Co. Chorcaigh<\/li>\n<li>2009 &#8211; <strong>Sarah Ann O&#8217;Neill<\/strong>, Co. T\u00edr Eoghan<\/li>\n<li>2010 &#8211; <strong>Cathal McConnell<\/strong>, Co. Fear Manach<\/li>\n<li>2011 &#8211; <strong>Muireann Nic Amhlaoibh<\/strong>, Co. Ciarra\u00ed<\/li>\n<li>2012 &#8211; <strong>Nell N\u00ed Chr\u00f3in\u00edn<\/strong>, Co. Corcaigh<\/li>\n<li>2013 &#8211; <strong>S\u00e9amus \u00d3 Beaglaoich<\/strong>, Co. Ciarra\u00ed<\/li>\n<li>2014 &#8211; <strong>Nan Tom Taim\u00edn de B\u00farca<\/strong>, Co. na Gaillimhe<\/li>\n<li>2015 &#8211; <strong>Rois\u00edn White<\/strong>, Co. an D\u00fan<\/li>\n<li>2016 &#8211; <strong>P\u00f3l \u00d3 Ceannabh\u00e1in<\/strong>, Co. na Gaillimhe<\/li>\n<li>2017 &#8211; <strong>Rita Gallagher<\/strong>, Co. D\u00fan na nGall<\/li>\n<li>2018 &#8211; <strong>M\u00e1ire N\u00ed Ch\u00e9ileachair<\/strong>, Co. Chorcaigh<\/li>\n<li>2019 &#8211; <strong>Thomas McCarthy<\/strong>, Londain<\/li>\n<li>2020 &#8211; <strong>Lillis \u00d3 Laoire<\/strong>, D\u00fan na nGall<\/li>\n<li>2021 &#8211; <strong>Niall Hanna<\/strong>, T\u00edr Eoghain<\/li>\n<li>2022 &#8211; <strong>Sarah Ghriallais<\/strong>, Co. na Gaillimhe<\/li>\n<li>2023 &#8211; <strong>S\u00edle Denvir<\/strong>, Co. na Gaillimhe<\/li>\n<li>2024 &#8211; <strong>Eoghan \u00d3 Ceannabh\u00e1in<\/strong>, Co. Bhaile \u00c1tha Cliath<\/li>\n<\/ul>\n<p>&nbsp;<\/p>\n","protected":false},"excerpt":{"rendered":"<p>Amhr\u00e1na\u00ed TG4 T\u00e1 t\u00e1bhacht ar leith ag baint leis an amhr\u00e1na\u00edocht traidisi\u00fanta mar chuid l\u00e1rnach den\u00e1r gceol d\u00fachasach agus aithn\u00edtear \u00e9 seo le Gradam an Amhr\u00e1na\u00ed. B\u00edd\u00eds ag canadh i nGaeilge n\u00f3 i mB\u00e9arla, \u00f3n tuath n\u00f3 \u00f3n chathair, t\u00e1 tuiscint ag na hamhr\u00e1naithe iontacha seo ar an t\u00e1bhacht a bhaineann len\u00e1r dtraidisi\u00fan b\u00e9il a [&hellip;]<\/p>\n","protected":false},"author":4,"featured_media":37609,"parent":36669,"menu_order":4,"comment_status":"closed","ping_status":"closed","template":"page-templates\/template-corporate.php","meta":{"_acf_changed":false,"footnotes":""},"acf":[],"yoast_head":"<!-- This site is optimized with the Yoast SEO plugin v22.6 - https:\/\/yoast.com\/wordpress\/plugins\/seo\/ -->\n<title>Amhr\u00e1na\u00ed TG4 - TG4<\/title>\n<meta name=\"robots\" content=\"index, follow, max-snippet:-1, max-image-preview:large, max-video-preview:-1\" \/>\n<meta property=\"og:locale\" content=\"en_US\" \/>\n<meta property=\"og:type\" content=\"article\" \/>\n<meta property=\"og:title\" content=\"Amhr\u00e1na\u00ed TG4 - TG4\" \/>\n<meta property=\"og:description\" content=\"Amhr\u00e1na\u00ed TG4 T\u00e1 t\u00e1bhacht ar leith ag baint leis an amhr\u00e1na\u00edocht traidisi\u00fanta mar chuid l\u00e1rnach den\u00e1r gceol d\u00fachasach agus aithn\u00edtear \u00e9 seo le Gradam an Amhr\u00e1na\u00ed. B\u00edd\u00eds ag canadh i nGaeilge n\u00f3 i mB\u00e9arla, \u00f3n tuath n\u00f3 \u00f3n chathair, t\u00e1 tuiscint ag na hamhr\u00e1naithe iontacha seo ar an t\u00e1bhacht a bhaineann len\u00e1r dtraidisi\u00fan b\u00e9il a [&hellip;]\" \/>\n<meta property=\"og:url\" content=\"https:\/\/dev.tg4.ie\/ga\/brandai-eile\/gradam-ceoil\/iar-bhuaiteoiri\/amhranai-tg4\/\" \/>\n<meta property=\"og:site_name\" content=\"TG4\" \/>\n<meta property=\"article:publisher\" content=\"https:\/\/www.facebook.com\/TG4TV\" \/>\n<meta property=\"article:modified_time\" content=\"2024-12-10T11:40:47+00:00\" \/>\n<meta property=\"og:image\" content=\"https:\/\/tg4-docs.s3.amazonaws.com\/tg4-redesign-2015\/wp-content\/uploads\/2016\/01\/Gradam-Ceoil-TG4-2017.jpg\" \/>\n\t<meta property=\"og:image:width\" content=\"1920\" \/>\n\t<meta property=\"og:image:height\" content=\"1080\" \/>\n\t<meta property=\"og:image:type\" content=\"image\/jpeg\" \/>\n<meta name=\"twitter:card\" content=\"summary_large_image\" \/>\n<meta name=\"twitter:site\" content=\"@TG4TV\" \/>\n<meta name=\"twitter:label1\" content=\"Est. reading time\" \/>\n\t<meta name=\"twitter:data1\" content=\"2 minutes\" \/>\n<script type=\"application\/ld+json\" class=\"yoast-schema-graph\">{\"@context\":\"https:\/\/schema.org\",\"@graph\":[{\"@type\":\"WebPage\",\"@id\":\"https:\/\/dev.tg4.ie\/ga\/brandai-eile\/gradam-ceoil\/iar-bhuaiteoiri\/amhranai-tg4\/\",\"url\":\"https:\/\/dev.tg4.ie\/ga\/brandai-eile\/gradam-ceoil\/iar-bhuaiteoiri\/amhranai-tg4\/\",\"name\":\"Amhr\u00e1na\u00ed TG4 - TG4\",\"isPartOf\":{\"@id\":\"https:\/\/dev.tg4.ie\/en\/#website\"},\"primaryImageOfPage\":{\"@id\":\"https:\/\/dev.tg4.ie\/ga\/brandai-eile\/gradam-ceoil\/iar-bhuaiteoiri\/amhranai-tg4\/#primaryimage\"},\"image\":{\"@id\":\"https:\/\/dev.tg4.ie\/ga\/brandai-eile\/gradam-ceoil\/iar-bhuaiteoiri\/amhranai-tg4\/#primaryimage\"},\"thumbnailUrl\":\"https:\/\/tg4-docs.s3.amazonaws.com\/tg4-redesign-2015\/wp-content\/uploads\/2016\/01\/Gradam-Ceoil-TG4-2017.jpg\",\"datePublished\":\"2016-12-14T08:54:44+00:00\",\"dateModified\":\"2024-12-10T11:40:47+00:00\",\"breadcrumb\":{\"@id\":\"https:\/\/dev.tg4.ie\/ga\/brandai-eile\/gradam-ceoil\/iar-bhuaiteoiri\/amhranai-tg4\/#breadcrumb\"},\"inLanguage\":\"ga\",\"potentialAction\":[{\"@type\":\"ReadAction\",\"target\":[\"https:\/\/dev.tg4.ie\/ga\/brandai-eile\/gradam-ceoil\/iar-bhuaiteoiri\/amhranai-tg4\/\"]}]},{\"@type\":\"ImageObject\",\"inLanguage\":\"ga\",\"@id\":\"https:\/\/dev.tg4.ie\/ga\/brandai-eile\/gradam-ceoil\/iar-bhuaiteoiri\/amhranai-tg4\/#primaryimage\",\"url\":\"https:\/\/tg4-docs.s3.amazonaws.com\/tg4-redesign-2015\/wp-content\/uploads\/2016\/01\/Gradam-Ceoil-TG4-2017.jpg\",\"contentUrl\":\"https:\/\/tg4-docs.s3.amazonaws.com\/tg4-redesign-2015\/wp-content\/uploads\/2016\/01\/Gradam-Ceoil-TG4-2017.jpg\",\"width\":1920,\"height\":1080,\"caption\":\"Gradam Ceoil TG4 2017\"},{\"@type\":\"BreadcrumbList\",\"@id\":\"https:\/\/dev.tg4.ie\/ga\/brandai-eile\/gradam-ceoil\/iar-bhuaiteoiri\/amhranai-tg4\/#breadcrumb\",\"itemListElement\":[{\"@type\":\"ListItem\",\"position\":1,\"name\":\"Home\",\"item\":\"https:\/\/dev.tg4.ie\/ga\/\"},{\"@type\":\"ListItem\",\"position\":2,\"name\":\"Branda\u00ed Eile\",\"item\":\"https:\/\/dev.tg4.ie\/ga\/brandai-eile\/\"},{\"@type\":\"ListItem\",\"position\":3,\"name\":\"Gradam Ceoil TG4\",\"item\":\"https:\/\/dev.tg4.ie\/ga\/brandai-eile\/gradam-ceoil\/\"},{\"@type\":\"ListItem\",\"position\":4,\"name\":\"Iar-Bhuaiteoir\u00ed\",\"item\":\"https:\/\/dev.tg4.ie\/ga\/brandai-eile\/gradam-ceoil\/iar-bhuaiteoiri\/\"},{\"@type\":\"ListItem\",\"position\":5,\"name\":\"Amhr\u00e1na\u00ed TG4\"}]},{\"@type\":\"WebSite\",\"@id\":\"https:\/\/dev.tg4.ie\/en\/#website\",\"url\":\"https:\/\/dev.tg4.ie\/en\/\",\"name\":\"TG4\",\"description\":\"S\u00fail Eile\",\"potentialAction\":[{\"@type\":\"SearchAction\",\"target\":{\"@type\":\"EntryPoint\",\"urlTemplate\":\"https:\/\/dev.tg4.ie\/en\/?s={search_term_string}\"},\"query-input\":\"required name=search_term_string\"}],\"inLanguage\":\"ga\"}]}<\/script>\n<!-- \/ Yoast SEO plugin. -->","yoast_head_json":{"title":"Amhr\u00e1na\u00ed TG4 - TG4","robots":{"index":"index","follow":"follow","max-snippet":"max-snippet:-1","max-image-preview":"max-image-preview:large","max-video-preview":"max-video-preview:-1"},"og_locale":"en_US","og_type":"article","og_title":"Amhr\u00e1na\u00ed TG4 - TG4","og_description":"Amhr\u00e1na\u00ed TG4 T\u00e1 t\u00e1bhacht ar leith ag baint leis an amhr\u00e1na\u00edocht traidisi\u00fanta mar chuid l\u00e1rnach den\u00e1r gceol d\u00fachasach agus aithn\u00edtear \u00e9 seo le Gradam an Amhr\u00e1na\u00ed. B\u00edd\u00eds ag canadh i nGaeilge n\u00f3 i mB\u00e9arla, \u00f3n tuath n\u00f3 \u00f3n chathair, t\u00e1 tuiscint ag na hamhr\u00e1naithe iontacha seo ar an t\u00e1bhacht a bhaineann len\u00e1r dtraidisi\u00fan b\u00e9il a [&hellip;]","og_url":"https:\/\/dev.tg4.ie\/ga\/brandai-eile\/gradam-ceoil\/iar-bhuaiteoiri\/amhranai-tg4\/","og_site_name":"TG4","article_publisher":"https:\/\/www.facebook.com\/TG4TV","article_modified_time":"2024-12-10T11:40:47+00:00","og_image":[{"width":1920,"height":1080,"url":"https:\/\/tg4-docs.s3.amazonaws.com\/tg4-redesign-2015\/wp-content\/uploads\/2016\/01\/Gradam-Ceoil-TG4-2017.jpg","type":"image\/jpeg"}],"twitter_card":"summary_large_image","twitter_site":"@TG4TV","twitter_misc":{"Est. reading time":"2 minutes"},"schema":{"@context":"https:\/\/schema.org","@graph":[{"@type":"WebPage","@id":"https:\/\/dev.tg4.ie\/ga\/brandai-eile\/gradam-ceoil\/iar-bhuaiteoiri\/amhranai-tg4\/","url":"https:\/\/dev.tg4.ie\/ga\/brandai-eile\/gradam-ceoil\/iar-bhuaiteoiri\/amhranai-tg4\/","name":"Amhr\u00e1na\u00ed TG4 - TG4","isPartOf":{"@id":"https:\/\/dev.tg4.ie\/en\/#website"},"primaryImageOfPage":{"@id":"https:\/\/dev.tg4.ie\/ga\/brandai-eile\/gradam-ceoil\/iar-bhuaiteoiri\/amhranai-tg4\/#primaryimage"},"image":{"@id":"https:\/\/dev.tg4.ie\/ga\/brandai-eile\/gradam-ceoil\/iar-bhuaiteoiri\/amhranai-tg4\/#primaryimage"},"thumbnailUrl":"https:\/\/tg4-docs.s3.amazonaws.com\/tg4-redesign-2015\/wp-content\/uploads\/2016\/01\/Gradam-Ceoil-TG4-2017.jpg","datePublished":"2016-12-14T08:54:44+00:00","dateModified":"2024-12-10T11:40:47+00:00","breadcrumb":{"@id":"https:\/\/dev.tg4.ie\/ga\/brandai-eile\/gradam-ceoil\/iar-bhuaiteoiri\/amhranai-tg4\/#breadcrumb"},"inLanguage":"ga","potentialAction":[{"@type":"ReadAction","target":["https:\/\/dev.tg4.ie\/ga\/brandai-eile\/gradam-ceoil\/iar-bhuaiteoiri\/amhranai-tg4\/"]}]},{"@type":"ImageObject","inLanguage":"ga","@id":"https:\/\/dev.tg4.ie\/ga\/brandai-eile\/gradam-ceoil\/iar-bhuaiteoiri\/amhranai-tg4\/#primaryimage","url":"https:\/\/tg4-docs.s3.amazonaws.com\/tg4-redesign-2015\/wp-content\/uploads\/2016\/01\/Gradam-Ceoil-TG4-2017.jpg","contentUrl":"https:\/\/tg4-docs.s3.amazonaws.com\/tg4-redesign-2015\/wp-content\/uploads\/2016\/01\/Gradam-Ceoil-TG4-2017.jpg","width":1920,"height":1080,"caption":"Gradam Ceoil TG4 2017"},{"@type":"BreadcrumbList","@id":"https:\/\/dev.tg4.ie\/ga\/brandai-eile\/gradam-ceoil\/iar-bhuaiteoiri\/amhranai-tg4\/#breadcrumb","itemListElement":[{"@type":"ListItem","position":1,"name":"Home","item":"https:\/\/dev.tg4.ie\/ga\/"},{"@type":"ListItem","position":2,"name":"Branda\u00ed Eile","item":"https:\/\/dev.tg4.ie\/ga\/brandai-eile\/"},{"@type":"ListItem","position":3,"name":"Gradam Ceoil TG4","item":"https:\/\/dev.tg4.ie\/ga\/brandai-eile\/gradam-ceoil\/"},{"@type":"ListItem","position":4,"name":"Iar-Bhuaiteoir\u00ed","item":"https:\/\/dev.tg4.ie\/ga\/brandai-eile\/gradam-ceoil\/iar-bhuaiteoiri\/"},{"@type":"ListItem","position":5,"name":"Amhr\u00e1na\u00ed TG4"}]},{"@type":"WebSite","@id":"https:\/\/dev.tg4.ie\/en\/#website","url":"https:\/\/dev.tg4.ie\/en\/","name":"TG4","description":"S\u00fail Eile","potentialAction":[{"@type":"SearchAction","target":{"@type":"EntryPoint","urlTemplate":"https:\/\/dev.tg4.ie\/en\/?s={search_term_string}"},"query-input":"required name=search_term_string"}],"inLanguage":"ga"}]}},"_links":{"self":[{"href":"https:\/\/dev.tg4.ie\/ga\/wp-json\/wp\/v2\/pages\/36711"}],"collection":[{"href":"https:\/\/dev.tg4.ie\/ga\/wp-json\/wp\/v2\/pages"}],"about":[{"href":"https:\/\/dev.tg4.ie\/ga\/wp-json\/wp\/v2\/types\/page"}],"author":[{"embeddable":true,"href":"https:\/\/dev.tg4.ie\/ga\/wp-json\/wp\/v2\/users\/4"}],"replies":[{"embeddable":true,"href":"https:\/\/dev.tg4.ie\/ga\/wp-json\/wp\/v2\/comments?post=36711"}],"version-history":[{"count":0,"href":"https:\/\/dev.tg4.ie\/ga\/wp-json\/wp\/v2\/pages\/36711\/revisions"}],"up":[{"embeddable":true,"href":"https:\/\/dev.tg4.ie\/ga\/wp-json\/wp\/v2\/pages\/36669"}],"wp:featuredmedia":[{"embeddable":true,"href":"https:\/\/dev.tg4.ie\/ga\/wp-json\/wp\/v2\/media\/37609"}],"wp:attachment":[{"href":"https:\/\/dev.tg4.ie\/ga\/wp-json\/wp\/v2\/media?parent=36711"}],"curies":[{"name":"wp","href":"https:\/\/api.w.org\/{rel}","templated":true}]}}