{"id":36716,"date":"2016-12-14T08:54:00","date_gmt":"2016-12-14T08:54:52","guid":{"rendered":"https:\/\/dev.tg4.ie\/?page_id=36716"},"modified":"2024-12-10T11:28:38","modified_gmt":"2024-12-10T11:28:38","slug":"gradam-comaoine-tg4","status":"publish","type":"page","link":"https:\/\/dev.tg4.ie\/ga\/brandai-eile\/gradam-ceoil\/iar-bhuaiteoiri\/gradam-comaoine-tg4\/","title":{"rendered":"Gradam Comaoine TG4"},"content":{"rendered":"<h2>Gradam Comaoine TG4<\/h2>\n<p>Bronnadh Gradam na gCeolt\u00f3ir\u00ed den ch\u00e9ad uair i 2006 chun aitheantas a thabhairt don obair \u00e9achtach at\u00e1 d\u00e9anta ag daoine \u00e1irithe leis na blianta chun \u00e1r gceol a chaomhn\u00fa agus a choinne\u00e1il i mb\u00e9al an phobail, ag cinnti\u00fa go mbeidh f\u00e1il ag na gl\u00fanta le teacht ar cheol \u00e1r sinsear agus ar cheol \u00e1r linne.<\/p>\n<ul>\n<li>2006 &#8211; <strong>Proinsias \u00d3 Conluain<\/strong>, Co. Th\u00edr Eoghain<\/li>\n<li>2007 &#8211; <strong>Ciar\u00e1n Mac Math\u00fana<\/strong>, Luimneach<\/li>\n<li>2008 &#8211; <strong>Harry Bradshaw<\/strong>, Co. Chill Mhant\u00e1in<\/li>\n<li>2009 &#8211; <strong>Reg Hall<\/strong>, Kent, Shasana<\/li>\n<li>2010 &#8211; <strong>Muiris \u00d3 R\u00f3ch\u00e1in<\/strong>, Co. Ciarra\u00ed<\/li>\n<li>2011 &#8211; <strong>Miche\u00e1l \u00d3 S\u00failleabh\u00e1in<\/strong>, Co. Thiobraid \u00c1rann<\/li>\n<li>2012 &#8211; <strong>Eithne agus Brian Vallely<\/strong>, Co. Ard Mhacha<\/li>\n<li>2013 &#8211; <strong>Na P\u00edobair\u00ed Uilleann<\/strong><\/li>\n<li>2014 &#8211; <strong>Mick Moloney<\/strong>, Co. Luimneach<\/li>\n<li>2015 &#8211; <strong>Taisce Cheol D\u00fachais \u00c9ireann<\/strong><\/li>\n<li>2016 &#8211; <strong>Cairde na Cruite<\/strong><\/li>\n<li>2017 &#8211; <strong>Mick O&#8217;Connor<\/strong>, \u00c1th Cliath<\/li>\n<li>2018 &#8211; <strong>P\u00e1draig\u00edn N\u00ed Uallach\u00e1in<\/strong>, Co. Ard Mhacha<\/li>\n<li>2019 &#8211; <strong>Brendan Mulkere<\/strong>, Co. an Chl\u00e1ir<\/li>\n<li>2020 &#8211; <strong>Ned Kelly<\/strong>, Co. Thiobraid \u00c1rann<\/li>\n<li>2021 &#8211; <strong>The Glengormley School of Traditional Music<\/strong>, Co. Aontroma<\/li>\n<li>2022 &#8211; <strong>Edwina Guckian<\/strong>, Co. Liatroma<\/li>\n<li>2023 &#8211; <strong>Frank McArdle<\/strong>, Glasch\u00fa<\/li>\n<li>2024 &#8211; <strong>Cairdeas na bhFidil\u00e9ir\u00ed<\/strong>, D\u00fan na nGall<\/li>\n<\/ul>\n<p>&nbsp;<\/p>\n","protected":false},"excerpt":{"rendered":"<p>Gradam Comaoine TG4 Bronnadh Gradam na gCeolt\u00f3ir\u00ed den ch\u00e9ad uair i 2006 chun aitheantas a thabhairt don obair \u00e9achtach at\u00e1 d\u00e9anta ag daoine \u00e1irithe leis na blianta chun \u00e1r gceol a chaomhn\u00fa agus a choinne\u00e1il i mb\u00e9al an phobail, ag cinnti\u00fa go mbeidh f\u00e1il ag na gl\u00fanta le teacht ar cheol \u00e1r sinsear agus ar [&hellip;]<\/p>\n","protected":false},"author":4,"featured_media":37609,"parent":36669,"menu_order":5,"comment_status":"closed","ping_status":"closed","template":"page-templates\/template-corporate.php","meta":{"_acf_changed":false,"footnotes":""},"acf":[],"yoast_head":"<!-- This site is optimized with the Yoast SEO plugin v22.6 - https:\/\/yoast.com\/wordpress\/plugins\/seo\/ -->\n<title>Gradam Comaoine TG4 - TG4<\/title>\n<meta name=\"robots\" content=\"index, follow, max-snippet:-1, max-image-preview:large, max-video-preview:-1\" \/>\n<meta property=\"og:locale\" content=\"en_US\" \/>\n<meta property=\"og:type\" content=\"article\" \/>\n<meta property=\"og:title\" content=\"Gradam Comaoine TG4 - TG4\" \/>\n<meta property=\"og:description\" content=\"Gradam Comaoine TG4 Bronnadh Gradam na gCeolt\u00f3ir\u00ed den ch\u00e9ad uair i 2006 chun aitheantas a thabhairt don obair \u00e9achtach at\u00e1 d\u00e9anta ag daoine \u00e1irithe leis na blianta chun \u00e1r gceol a chaomhn\u00fa agus a choinne\u00e1il i mb\u00e9al an phobail, ag cinnti\u00fa go mbeidh f\u00e1il ag na gl\u00fanta le teacht ar cheol \u00e1r sinsear agus ar [&hellip;]\" \/>\n<meta property=\"og:url\" content=\"https:\/\/dev.tg4.ie\/ga\/brandai-eile\/gradam-ceoil\/iar-bhuaiteoiri\/gradam-comaoine-tg4\/\" \/>\n<meta property=\"og:site_name\" content=\"TG4\" \/>\n<meta property=\"article:publisher\" content=\"https:\/\/www.facebook.com\/TG4TV\" \/>\n<meta property=\"article:modified_time\" content=\"2024-12-10T11:28:38+00:00\" \/>\n<meta property=\"og:image\" content=\"https:\/\/tg4-docs.s3.amazonaws.com\/tg4-redesign-2015\/wp-content\/uploads\/2016\/01\/Gradam-Ceoil-TG4-2017.jpg\" \/>\n\t<meta property=\"og:image:width\" content=\"1920\" \/>\n\t<meta property=\"og:image:height\" content=\"1080\" \/>\n\t<meta property=\"og:image:type\" content=\"image\/jpeg\" \/>\n<meta name=\"twitter:card\" content=\"summary_large_image\" \/>\n<meta name=\"twitter:site\" content=\"@TG4TV\" \/>\n<meta name=\"twitter:label1\" content=\"Est. reading time\" \/>\n\t<meta name=\"twitter:data1\" content=\"1 minute\" \/>\n<script type=\"application\/ld+json\" class=\"yoast-schema-graph\">{\"@context\":\"https:\/\/schema.org\",\"@graph\":[{\"@type\":\"WebPage\",\"@id\":\"https:\/\/dev.tg4.ie\/ga\/brandai-eile\/gradam-ceoil\/iar-bhuaiteoiri\/gradam-comaoine-tg4\/\",\"url\":\"https:\/\/dev.tg4.ie\/ga\/brandai-eile\/gradam-ceoil\/iar-bhuaiteoiri\/gradam-comaoine-tg4\/\",\"name\":\"Gradam Comaoine TG4 - TG4\",\"isPartOf\":{\"@id\":\"https:\/\/dev.tg4.ie\/en\/#website\"},\"primaryImageOfPage\":{\"@id\":\"https:\/\/dev.tg4.ie\/ga\/brandai-eile\/gradam-ceoil\/iar-bhuaiteoiri\/gradam-comaoine-tg4\/#primaryimage\"},\"image\":{\"@id\":\"https:\/\/dev.tg4.ie\/ga\/brandai-eile\/gradam-ceoil\/iar-bhuaiteoiri\/gradam-comaoine-tg4\/#primaryimage\"},\"thumbnailUrl\":\"https:\/\/tg4-docs.s3.amazonaws.com\/tg4-redesign-2015\/wp-content\/uploads\/2016\/01\/Gradam-Ceoil-TG4-2017.jpg\",\"datePublished\":\"2016-12-14T08:54:52+00:00\",\"dateModified\":\"2024-12-10T11:28:38+00:00\",\"breadcrumb\":{\"@id\":\"https:\/\/dev.tg4.ie\/ga\/brandai-eile\/gradam-ceoil\/iar-bhuaiteoiri\/gradam-comaoine-tg4\/#breadcrumb\"},\"inLanguage\":\"ga\",\"potentialAction\":[{\"@type\":\"ReadAction\",\"target\":[\"https:\/\/dev.tg4.ie\/ga\/brandai-eile\/gradam-ceoil\/iar-bhuaiteoiri\/gradam-comaoine-tg4\/\"]}]},{\"@type\":\"ImageObject\",\"inLanguage\":\"ga\",\"@id\":\"https:\/\/dev.tg4.ie\/ga\/brandai-eile\/gradam-ceoil\/iar-bhuaiteoiri\/gradam-comaoine-tg4\/#primaryimage\",\"url\":\"https:\/\/tg4-docs.s3.amazonaws.com\/tg4-redesign-2015\/wp-content\/uploads\/2016\/01\/Gradam-Ceoil-TG4-2017.jpg\",\"contentUrl\":\"https:\/\/tg4-docs.s3.amazonaws.com\/tg4-redesign-2015\/wp-content\/uploads\/2016\/01\/Gradam-Ceoil-TG4-2017.jpg\",\"width\":1920,\"height\":1080,\"caption\":\"Gradam Ceoil TG4 2017\"},{\"@type\":\"BreadcrumbList\",\"@id\":\"https:\/\/dev.tg4.ie\/ga\/brandai-eile\/gradam-ceoil\/iar-bhuaiteoiri\/gradam-comaoine-tg4\/#breadcrumb\",\"itemListElement\":[{\"@type\":\"ListItem\",\"position\":1,\"name\":\"Home\",\"item\":\"https:\/\/dev.tg4.ie\/ga\/\"},{\"@type\":\"ListItem\",\"position\":2,\"name\":\"Branda\u00ed Eile\",\"item\":\"https:\/\/dev.tg4.ie\/ga\/brandai-eile\/\"},{\"@type\":\"ListItem\",\"position\":3,\"name\":\"Gradam Ceoil TG4\",\"item\":\"https:\/\/dev.tg4.ie\/ga\/brandai-eile\/gradam-ceoil\/\"},{\"@type\":\"ListItem\",\"position\":4,\"name\":\"Iar-Bhuaiteoir\u00ed\",\"item\":\"https:\/\/dev.tg4.ie\/ga\/brandai-eile\/gradam-ceoil\/iar-bhuaiteoiri\/\"},{\"@type\":\"ListItem\",\"position\":5,\"name\":\"Gradam Comaoine TG4\"}]},{\"@type\":\"WebSite\",\"@id\":\"https:\/\/dev.tg4.ie\/en\/#website\",\"url\":\"https:\/\/dev.tg4.ie\/en\/\",\"name\":\"TG4\",\"description\":\"S\u00fail Eile\",\"potentialAction\":[{\"@type\":\"SearchAction\",\"target\":{\"@type\":\"EntryPoint\",\"urlTemplate\":\"https:\/\/dev.tg4.ie\/en\/?s={search_term_string}\"},\"query-input\":\"required name=search_term_string\"}],\"inLanguage\":\"ga\"}]}<\/script>\n<!-- \/ Yoast SEO plugin. -->","yoast_head_json":{"title":"Gradam Comaoine TG4 - TG4","robots":{"index":"index","follow":"follow","max-snippet":"max-snippet:-1","max-image-preview":"max-image-preview:large","max-video-preview":"max-video-preview:-1"},"og_locale":"en_US","og_type":"article","og_title":"Gradam Comaoine TG4 - TG4","og_description":"Gradam Comaoine TG4 Bronnadh Gradam na gCeolt\u00f3ir\u00ed den ch\u00e9ad uair i 2006 chun aitheantas a thabhairt don obair \u00e9achtach at\u00e1 d\u00e9anta ag daoine \u00e1irithe leis na blianta chun \u00e1r gceol a chaomhn\u00fa agus a choinne\u00e1il i mb\u00e9al an phobail, ag cinnti\u00fa go mbeidh f\u00e1il ag na gl\u00fanta le teacht ar cheol \u00e1r sinsear agus ar [&hellip;]","og_url":"https:\/\/dev.tg4.ie\/ga\/brandai-eile\/gradam-ceoil\/iar-bhuaiteoiri\/gradam-comaoine-tg4\/","og_site_name":"TG4","article_publisher":"https:\/\/www.facebook.com\/TG4TV","article_modified_time":"2024-12-10T11:28:38+00:00","og_image":[{"width":1920,"height":1080,"url":"https:\/\/tg4-docs.s3.amazonaws.com\/tg4-redesign-2015\/wp-content\/uploads\/2016\/01\/Gradam-Ceoil-TG4-2017.jpg","type":"image\/jpeg"}],"twitter_card":"summary_large_image","twitter_site":"@TG4TV","twitter_misc":{"Est. reading time":"1 minute"},"schema":{"@context":"https:\/\/schema.org","@graph":[{"@type":"WebPage","@id":"https:\/\/dev.tg4.ie\/ga\/brandai-eile\/gradam-ceoil\/iar-bhuaiteoiri\/gradam-comaoine-tg4\/","url":"https:\/\/dev.tg4.ie\/ga\/brandai-eile\/gradam-ceoil\/iar-bhuaiteoiri\/gradam-comaoine-tg4\/","name":"Gradam Comaoine TG4 - TG4","isPartOf":{"@id":"https:\/\/dev.tg4.ie\/en\/#website"},"primaryImageOfPage":{"@id":"https:\/\/dev.tg4.ie\/ga\/brandai-eile\/gradam-ceoil\/iar-bhuaiteoiri\/gradam-comaoine-tg4\/#primaryimage"},"image":{"@id":"https:\/\/dev.tg4.ie\/ga\/brandai-eile\/gradam-ceoil\/iar-bhuaiteoiri\/gradam-comaoine-tg4\/#primaryimage"},"thumbnailUrl":"https:\/\/tg4-docs.s3.amazonaws.com\/tg4-redesign-2015\/wp-content\/uploads\/2016\/01\/Gradam-Ceoil-TG4-2017.jpg","datePublished":"2016-12-14T08:54:52+00:00","dateModified":"2024-12-10T11:28:38+00:00","breadcrumb":{"@id":"https:\/\/dev.tg4.ie\/ga\/brandai-eile\/gradam-ceoil\/iar-bhuaiteoiri\/gradam-comaoine-tg4\/#breadcrumb"},"inLanguage":"ga","potentialAction":[{"@type":"ReadAction","target":["https:\/\/dev.tg4.ie\/ga\/brandai-eile\/gradam-ceoil\/iar-bhuaiteoiri\/gradam-comaoine-tg4\/"]}]},{"@type":"ImageObject","inLanguage":"ga","@id":"https:\/\/dev.tg4.ie\/ga\/brandai-eile\/gradam-ceoil\/iar-bhuaiteoiri\/gradam-comaoine-tg4\/#primaryimage","url":"https:\/\/tg4-docs.s3.amazonaws.com\/tg4-redesign-2015\/wp-content\/uploads\/2016\/01\/Gradam-Ceoil-TG4-2017.jpg","contentUrl":"https:\/\/tg4-docs.s3.amazonaws.com\/tg4-redesign-2015\/wp-content\/uploads\/2016\/01\/Gradam-Ceoil-TG4-2017.jpg","width":1920,"height":1080,"caption":"Gradam Ceoil TG4 2017"},{"@type":"BreadcrumbList","@id":"https:\/\/dev.tg4.ie\/ga\/brandai-eile\/gradam-ceoil\/iar-bhuaiteoiri\/gradam-comaoine-tg4\/#breadcrumb","itemListElement":[{"@type":"ListItem","position":1,"name":"Home","item":"https:\/\/dev.tg4.ie\/ga\/"},{"@type":"ListItem","position":2,"name":"Branda\u00ed Eile","item":"https:\/\/dev.tg4.ie\/ga\/brandai-eile\/"},{"@type":"ListItem","position":3,"name":"Gradam Ceoil TG4","item":"https:\/\/dev.tg4.ie\/ga\/brandai-eile\/gradam-ceoil\/"},{"@type":"ListItem","position":4,"name":"Iar-Bhuaiteoir\u00ed","item":"https:\/\/dev.tg4.ie\/ga\/brandai-eile\/gradam-ceoil\/iar-bhuaiteoiri\/"},{"@type":"ListItem","position":5,"name":"Gradam Comaoine TG4"}]},{"@type":"WebSite","@id":"https:\/\/dev.tg4.ie\/en\/#website","url":"https:\/\/dev.tg4.ie\/en\/","name":"TG4","description":"S\u00fail Eile","potentialAction":[{"@type":"SearchAction","target":{"@type":"EntryPoint","urlTemplate":"https:\/\/dev.tg4.ie\/en\/?s={search_term_string}"},"query-input":"required name=search_term_string"}],"inLanguage":"ga"}]}},"_links":{"self":[{"href":"https:\/\/dev.tg4.ie\/ga\/wp-json\/wp\/v2\/pages\/36716"}],"collection":[{"href":"https:\/\/dev.tg4.ie\/ga\/wp-json\/wp\/v2\/pages"}],"about":[{"href":"https:\/\/dev.tg4.ie\/ga\/wp-json\/wp\/v2\/types\/page"}],"author":[{"embeddable":true,"href":"https:\/\/dev.tg4.ie\/ga\/wp-json\/wp\/v2\/users\/4"}],"replies":[{"embeddable":true,"href":"https:\/\/dev.tg4.ie\/ga\/wp-json\/wp\/v2\/comments?post=36716"}],"version-history":[{"count":0,"href":"https:\/\/dev.tg4.ie\/ga\/wp-json\/wp\/v2\/pages\/36716\/revisions"}],"up":[{"embeddable":true,"href":"https:\/\/dev.tg4.ie\/ga\/wp-json\/wp\/v2\/pages\/36669"}],"wp:featuredmedia":[{"embeddable":true,"href":"https:\/\/dev.tg4.ie\/ga\/wp-json\/wp\/v2\/media\/37609"}],"wp:attachment":[{"href":"https:\/\/dev.tg4.ie\/ga\/wp-json\/wp\/v2\/media?parent=36716"}],"curies":[{"name":"wp","href":"https:\/\/api.w.org\/{rel}","templated":true}]}}