{"id":37566,"date":"2016-12-14T08:54:00","date_gmt":"2016-12-14T08:54:58","guid":{"rendered":"https:\/\/dev.tg4.ie\/?page_id=37566"},"modified":"2024-03-05T12:05:35","modified_gmt":"2024-03-05T12:05:35","slug":"faoin-gradam-ceoil","status":"publish","type":"page","link":"https:\/\/dev.tg4.ie\/ga\/brandai-eile\/gradam-ceoil\/faoin-gradam-ceoil\/","title":{"rendered":"Faoin Gradam Ceoil"},"content":{"rendered":"<h2>Gradam Ceoil TG4<\/h2>\n<p>Buna\u00edodh an Gradam Ceoil sa bhliain 1998 le hom\u00f3s, aitheantas agus bu\u00edochas a thabhairt d\u00f3ibh si\u00fad a bhfuil \u00e9acht d\u00e9anta acu ag coth\u00fa, ag neart\u00fa agus ag buan\u00fa an cheoil traidisi\u00fanta. T\u00e1 an traidisi\u00fan beo ina chuid l\u00e1rnach de chult\u00far agus d\u2019\u00edomh\u00e1 na h\u00c9ireann mar th\u00edr agus mar phobal cruthaitheach, rud a aithn\u00edtear ar fud na cruinne. L\u00e9ir\u00edonn Gradam Ceoil TG4 saibhreas, doimhneas, \u00e1illeacht, spleodar agus fairsinge an cheoil traidisi\u00fanta, agus tarainng\u00edonn s\u00e9 aird an phobail domhanda orthu si\u00fad, idir \u00f3g agus aosta, \u00f3n t\u00edr seo agus \u00f3 th\u00edortha thar lear, a bhfuil a lorg eala\u00edonta \u00e1 fhag\u00e1il ar an mh\u00fanla eala\u00edon seo at\u00e1 \u00e1rsa, comhaoimseartha agus beo foll\u00e1in.<\/p>\n<p>Bronntar na Gradaim go bliant\u00fail ag ceolchoirm mh\u00f3r ina chloistear lucht a mbuaite ag seinm lena gcairde agus lena muintir. Is craoladh beo \u00e9 seo, rud a chuireann go m\u00f3r le h\u00e9ifeacht na ho\u00edche, agus le blianta anuas, tharla\u00edonn mionfh\u00e9ile sa gcathair ina mb\u00edonn an ceolchoirm mh\u00f3r seo. Mar sin, is buaicphointe i gcl\u00e1rsceideal bliant\u00fail TG4 \u00e9 Ceolchoirm na nGradam.<\/p>\n<p>Roghna\u00edonn coiste dheonach na faighteoir\u00ed, agus ceapann TG4 an choiste seo de bharr a gcuid saineolais ar an traidisi\u00fan bheo.<br \/>\nI measc na saineolaithe at\u00e1 ceaptha ag TG4 ar an Choiste Roghnaithe \u00f3 1998 i leith, t\u00e1 Meait\u00ed Joe Sh\u00e9amuis \u00d3 F\u00e1tharta, Fintan Vallely, Pat Ahern, Kevin Crawford, Ann Mulqueen, \u00c1ine Hensey, Cathal Goan, Breannd\u00e1n \u00d3 Beaglaoich, Mary McPartlan, Robbie Hannan, Proinsias N\u00ed Ghr\u00e1inne, Muiris \u00d3 R\u00f3ch\u00e1in, Claire Keville, Liz Doherty, Mary Bergin, Caoimh\u00edn \u00d3 Raghallaigh, Niamh de B\u00farca, Ciar\u00e1n \u00d3 Gealbh\u00e1in, \u00dana Monaghan, Muireann Nic Amhlaoibh, Conor Byrne, Caoimh\u00edn O Fearghail, John Blake, Dermot McLaughlin agus Neansa\u00ed N\u00ed Choisdealbha.<\/p>\n","protected":false},"excerpt":{"rendered":"<p>Gradam Ceoil TG4 Buna\u00edodh an Gradam Ceoil sa bhliain 1998 le hom\u00f3s, aitheantas agus bu\u00edochas a thabhairt d\u00f3ibh si\u00fad a bhfuil \u00e9acht d\u00e9anta acu ag coth\u00fa, ag neart\u00fa agus ag buan\u00fa an cheoil traidisi\u00fanta. T\u00e1 an traidisi\u00fan beo ina chuid l\u00e1rnach de chult\u00far agus d\u2019\u00edomh\u00e1 na h\u00c9ireann mar th\u00edr agus mar phobal cruthaitheach, rud a [&hellip;]<\/p>\n","protected":false},"author":4,"featured_media":37609,"parent":12975,"menu_order":1,"comment_status":"closed","ping_status":"closed","template":"page-templates\/template-corporate.php","meta":{"_acf_changed":false,"footnotes":""},"acf":[],"yoast_head":"<!-- This site is optimized with the Yoast SEO plugin v22.6 - https:\/\/yoast.com\/wordpress\/plugins\/seo\/ -->\n<title>Gradam Ceoil TG4 - Bronnadh Gradaim Ceol Traidisi\u00fanta | TG4<\/title>\n<meta name=\"description\" content=\"Gradam Ceoil TG4 - Gradaim Ceol Traidisi\u00fanta. Na &quot;Oscars&quot; de ceol traidisi\u00fanta in \u00c9irinn agus ar fud an domhan.\" \/>\n<meta name=\"robots\" content=\"index, follow, max-snippet:-1, max-image-preview:large, max-video-preview:-1\" \/>\n<meta property=\"og:locale\" content=\"en_US\" \/>\n<meta property=\"og:type\" content=\"article\" \/>\n<meta property=\"og:title\" content=\"Gradam Ceoil TG4 - Bronnadh Gradaim Ceol Traidisi\u00fanta | TG4\" \/>\n<meta property=\"og:description\" content=\"Gradam Ceoil TG4 - Gradaim Ceol Traidisi\u00fanta. Na &quot;Oscars&quot; de ceol traidisi\u00fanta in \u00c9irinn agus ar fud an domhan.\" \/>\n<meta property=\"og:url\" content=\"https:\/\/dev.tg4.ie\/ga\/brandai-eile\/gradam-ceoil\/faoin-gradam-ceoil\/\" \/>\n<meta property=\"og:site_name\" content=\"TG4\" \/>\n<meta property=\"article:publisher\" content=\"https:\/\/www.facebook.com\/TG4TV\" \/>\n<meta property=\"article:modified_time\" content=\"2024-03-05T12:05:35+00:00\" \/>\n<meta property=\"og:image\" content=\"https:\/\/tg4-docs.s3.amazonaws.com\/tg4-redesign-2015\/wp-content\/uploads\/2016\/01\/Gradam-Ceoil-TG4-2017.jpg\" \/>\n\t<meta property=\"og:image:width\" content=\"1920\" \/>\n\t<meta property=\"og:image:height\" content=\"1080\" \/>\n\t<meta property=\"og:image:type\" content=\"image\/jpeg\" \/>\n<meta name=\"twitter:card\" content=\"summary_large_image\" \/>\n<meta name=\"twitter:site\" content=\"@TG4TV\" \/>\n<meta name=\"twitter:label1\" content=\"Est. reading time\" \/>\n\t<meta name=\"twitter:data1\" content=\"2 minutes\" \/>\n<script type=\"application\/ld+json\" class=\"yoast-schema-graph\">{\"@context\":\"https:\/\/schema.org\",\"@graph\":[{\"@type\":\"WebPage\",\"@id\":\"https:\/\/dev.tg4.ie\/ga\/brandai-eile\/gradam-ceoil\/faoin-gradam-ceoil\/\",\"url\":\"https:\/\/dev.tg4.ie\/ga\/brandai-eile\/gradam-ceoil\/faoin-gradam-ceoil\/\",\"name\":\"Gradam Ceoil TG4 - Bronnadh Gradaim Ceol Traidisi\u00fanta | TG4\",\"isPartOf\":{\"@id\":\"https:\/\/dev.tg4.ie\/en\/#website\"},\"primaryImageOfPage\":{\"@id\":\"https:\/\/dev.tg4.ie\/ga\/brandai-eile\/gradam-ceoil\/faoin-gradam-ceoil\/#primaryimage\"},\"image\":{\"@id\":\"https:\/\/dev.tg4.ie\/ga\/brandai-eile\/gradam-ceoil\/faoin-gradam-ceoil\/#primaryimage\"},\"thumbnailUrl\":\"https:\/\/tg4-docs.s3.amazonaws.com\/tg4-redesign-2015\/wp-content\/uploads\/2016\/01\/Gradam-Ceoil-TG4-2017.jpg\",\"datePublished\":\"2016-12-14T08:54:58+00:00\",\"dateModified\":\"2024-03-05T12:05:35+00:00\",\"description\":\"Gradam Ceoil TG4 - Gradaim Ceol Traidisi\u00fanta. Na \\\"Oscars\\\" de ceol traidisi\u00fanta in \u00c9irinn agus ar fud an domhan.\",\"breadcrumb\":{\"@id\":\"https:\/\/dev.tg4.ie\/ga\/brandai-eile\/gradam-ceoil\/faoin-gradam-ceoil\/#breadcrumb\"},\"inLanguage\":\"ga\",\"potentialAction\":[{\"@type\":\"ReadAction\",\"target\":[\"https:\/\/dev.tg4.ie\/ga\/brandai-eile\/gradam-ceoil\/faoin-gradam-ceoil\/\"]}]},{\"@type\":\"ImageObject\",\"inLanguage\":\"ga\",\"@id\":\"https:\/\/dev.tg4.ie\/ga\/brandai-eile\/gradam-ceoil\/faoin-gradam-ceoil\/#primaryimage\",\"url\":\"https:\/\/tg4-docs.s3.amazonaws.com\/tg4-redesign-2015\/wp-content\/uploads\/2016\/01\/Gradam-Ceoil-TG4-2017.jpg\",\"contentUrl\":\"https:\/\/tg4-docs.s3.amazonaws.com\/tg4-redesign-2015\/wp-content\/uploads\/2016\/01\/Gradam-Ceoil-TG4-2017.jpg\",\"width\":1920,\"height\":1080,\"caption\":\"Gradam Ceoil TG4 2017\"},{\"@type\":\"BreadcrumbList\",\"@id\":\"https:\/\/dev.tg4.ie\/ga\/brandai-eile\/gradam-ceoil\/faoin-gradam-ceoil\/#breadcrumb\",\"itemListElement\":[{\"@type\":\"ListItem\",\"position\":1,\"name\":\"Home\",\"item\":\"https:\/\/dev.tg4.ie\/ga\/\"},{\"@type\":\"ListItem\",\"position\":2,\"name\":\"Branda\u00ed Eile\",\"item\":\"https:\/\/dev.tg4.ie\/ga\/brandai-eile\/\"},{\"@type\":\"ListItem\",\"position\":3,\"name\":\"Gradam Ceoil TG4\",\"item\":\"https:\/\/dev.tg4.ie\/ga\/brandai-eile\/gradam-ceoil\/\"},{\"@type\":\"ListItem\",\"position\":4,\"name\":\"Faoin Gradam Ceoil\"}]},{\"@type\":\"WebSite\",\"@id\":\"https:\/\/dev.tg4.ie\/en\/#website\",\"url\":\"https:\/\/dev.tg4.ie\/en\/\",\"name\":\"TG4\",\"description\":\"S\u00fail Eile\",\"potentialAction\":[{\"@type\":\"SearchAction\",\"target\":{\"@type\":\"EntryPoint\",\"urlTemplate\":\"https:\/\/dev.tg4.ie\/en\/?s={search_term_string}\"},\"query-input\":\"required name=search_term_string\"}],\"inLanguage\":\"ga\"}]}<\/script>\n<!-- \/ Yoast SEO plugin. -->","yoast_head_json":{"title":"Gradam Ceoil TG4 - Bronnadh Gradaim Ceol Traidisi\u00fanta | TG4","description":"Gradam Ceoil TG4 - Gradaim Ceol Traidisi\u00fanta. Na \"Oscars\" de ceol traidisi\u00fanta in \u00c9irinn agus ar fud an domhan.","robots":{"index":"index","follow":"follow","max-snippet":"max-snippet:-1","max-image-preview":"max-image-preview:large","max-video-preview":"max-video-preview:-1"},"og_locale":"en_US","og_type":"article","og_title":"Gradam Ceoil TG4 - Bronnadh Gradaim Ceol Traidisi\u00fanta | TG4","og_description":"Gradam Ceoil TG4 - Gradaim Ceol Traidisi\u00fanta. Na \"Oscars\" de ceol traidisi\u00fanta in \u00c9irinn agus ar fud an domhan.","og_url":"https:\/\/dev.tg4.ie\/ga\/brandai-eile\/gradam-ceoil\/faoin-gradam-ceoil\/","og_site_name":"TG4","article_publisher":"https:\/\/www.facebook.com\/TG4TV","article_modified_time":"2024-03-05T12:05:35+00:00","og_image":[{"width":1920,"height":1080,"url":"https:\/\/tg4-docs.s3.amazonaws.com\/tg4-redesign-2015\/wp-content\/uploads\/2016\/01\/Gradam-Ceoil-TG4-2017.jpg","type":"image\/jpeg"}],"twitter_card":"summary_large_image","twitter_site":"@TG4TV","twitter_misc":{"Est. reading time":"2 minutes"},"schema":{"@context":"https:\/\/schema.org","@graph":[{"@type":"WebPage","@id":"https:\/\/dev.tg4.ie\/ga\/brandai-eile\/gradam-ceoil\/faoin-gradam-ceoil\/","url":"https:\/\/dev.tg4.ie\/ga\/brandai-eile\/gradam-ceoil\/faoin-gradam-ceoil\/","name":"Gradam Ceoil TG4 - Bronnadh Gradaim Ceol Traidisi\u00fanta | TG4","isPartOf":{"@id":"https:\/\/dev.tg4.ie\/en\/#website"},"primaryImageOfPage":{"@id":"https:\/\/dev.tg4.ie\/ga\/brandai-eile\/gradam-ceoil\/faoin-gradam-ceoil\/#primaryimage"},"image":{"@id":"https:\/\/dev.tg4.ie\/ga\/brandai-eile\/gradam-ceoil\/faoin-gradam-ceoil\/#primaryimage"},"thumbnailUrl":"https:\/\/tg4-docs.s3.amazonaws.com\/tg4-redesign-2015\/wp-content\/uploads\/2016\/01\/Gradam-Ceoil-TG4-2017.jpg","datePublished":"2016-12-14T08:54:58+00:00","dateModified":"2024-03-05T12:05:35+00:00","description":"Gradam Ceoil TG4 - Gradaim Ceol Traidisi\u00fanta. Na \"Oscars\" de ceol traidisi\u00fanta in \u00c9irinn agus ar fud an domhan.","breadcrumb":{"@id":"https:\/\/dev.tg4.ie\/ga\/brandai-eile\/gradam-ceoil\/faoin-gradam-ceoil\/#breadcrumb"},"inLanguage":"ga","potentialAction":[{"@type":"ReadAction","target":["https:\/\/dev.tg4.ie\/ga\/brandai-eile\/gradam-ceoil\/faoin-gradam-ceoil\/"]}]},{"@type":"ImageObject","inLanguage":"ga","@id":"https:\/\/dev.tg4.ie\/ga\/brandai-eile\/gradam-ceoil\/faoin-gradam-ceoil\/#primaryimage","url":"https:\/\/tg4-docs.s3.amazonaws.com\/tg4-redesign-2015\/wp-content\/uploads\/2016\/01\/Gradam-Ceoil-TG4-2017.jpg","contentUrl":"https:\/\/tg4-docs.s3.amazonaws.com\/tg4-redesign-2015\/wp-content\/uploads\/2016\/01\/Gradam-Ceoil-TG4-2017.jpg","width":1920,"height":1080,"caption":"Gradam Ceoil TG4 2017"},{"@type":"BreadcrumbList","@id":"https:\/\/dev.tg4.ie\/ga\/brandai-eile\/gradam-ceoil\/faoin-gradam-ceoil\/#breadcrumb","itemListElement":[{"@type":"ListItem","position":1,"name":"Home","item":"https:\/\/dev.tg4.ie\/ga\/"},{"@type":"ListItem","position":2,"name":"Branda\u00ed Eile","item":"https:\/\/dev.tg4.ie\/ga\/brandai-eile\/"},{"@type":"ListItem","position":3,"name":"Gradam Ceoil TG4","item":"https:\/\/dev.tg4.ie\/ga\/brandai-eile\/gradam-ceoil\/"},{"@type":"ListItem","position":4,"name":"Faoin Gradam Ceoil"}]},{"@type":"WebSite","@id":"https:\/\/dev.tg4.ie\/en\/#website","url":"https:\/\/dev.tg4.ie\/en\/","name":"TG4","description":"S\u00fail Eile","potentialAction":[{"@type":"SearchAction","target":{"@type":"EntryPoint","urlTemplate":"https:\/\/dev.tg4.ie\/en\/?s={search_term_string}"},"query-input":"required name=search_term_string"}],"inLanguage":"ga"}]}},"_links":{"self":[{"href":"https:\/\/dev.tg4.ie\/ga\/wp-json\/wp\/v2\/pages\/37566"}],"collection":[{"href":"https:\/\/dev.tg4.ie\/ga\/wp-json\/wp\/v2\/pages"}],"about":[{"href":"https:\/\/dev.tg4.ie\/ga\/wp-json\/wp\/v2\/types\/page"}],"author":[{"embeddable":true,"href":"https:\/\/dev.tg4.ie\/ga\/wp-json\/wp\/v2\/users\/4"}],"replies":[{"embeddable":true,"href":"https:\/\/dev.tg4.ie\/ga\/wp-json\/wp\/v2\/comments?post=37566"}],"version-history":[{"count":0,"href":"https:\/\/dev.tg4.ie\/ga\/wp-json\/wp\/v2\/pages\/37566\/revisions"}],"up":[{"embeddable":true,"href":"https:\/\/dev.tg4.ie\/ga\/wp-json\/wp\/v2\/pages\/12975"}],"wp:featuredmedia":[{"embeddable":true,"href":"https:\/\/dev.tg4.ie\/ga\/wp-json\/wp\/v2\/media\/37609"}],"wp:attachment":[{"href":"https:\/\/dev.tg4.ie\/ga\/wp-json\/wp\/v2\/media?parent=37566"}],"curies":[{"name":"wp","href":"https:\/\/api.w.org\/{rel}","templated":true}]}}