{"id":40348,"date":"2017-01-19T09:56:23","date_gmt":"2017-01-19T09:56:23","guid":{"rendered":"https:\/\/dev.tg4.ie\/?page_id=40348"},"modified":"2019-06-25T09:27:15","modified_gmt":"2019-06-25T08:27:15","slug":"18-01-17","status":"publish","type":"page","link":"https:\/\/dev.tg4.ie\/ga\/eolas\/preas\/nuacht-raitis\/2017-2\/18-01-17\/","title":{"rendered":"18.01.17 &#8211; L\u00e1 na L\u00e9iritheoir\u00ed"},"content":{"rendered":"<p>Beidh luach na milli\u00fan euro leis na conartha\u00ed coimisi\u00fanaithe ollsol\u00e1thair at\u00e1 f\u00f3graithe ag TG4 inniu agus iad ar f\u00e1il i gceithre r\u00e9imse cl\u00e1r (Cl\u00e1racha, Gradam Ceoil TG4, Dr\u00e1ma\u00edocht agus Ild\u00e1na).\u00a0 T\u00e1 tr\u00e9imhse r\u00e1ithe ag an earn\u00e1il neamhspl\u00e9ach le iarratais a dhr\u00e9acht\u00fa agus a bheacht\u00fa sna r\u00e9ims\u00ed at\u00e1 ar tairiscint ag an gcain\u00e9al.\u00a0 T\u00e1 sonra\u00ed faoi na r\u00e9ims\u00ed seo agus treoir maidir le hullmh\u00fa iarratais ar f\u00e1il ag <span><a href=\"https:\/\/dev.tg4.ie\/leiriuchan\/coimisiunu\/\" target=\"_blank\" rel=\"noopener noreferrer\">https:\/\/dev.tg4.ie\/leiriuchan\/coimisiunu\/<\/a><\/span><\/p>\n<p>D\u2019fhreastail suas le 200 ionada\u00ed \u00f3n earn\u00e1il l\u00e9iri\u00fach\u00e1in ar \u00f3c\u00e1id an lae inar chuir an tUasal Esslemont a strait\u00e9is cl\u00e1r i l\u00e1thair na sol\u00e1thraithe agus inar leagadh amach c\u00falra na n-ollsol\u00e1thar at\u00e1 f\u00f3graithe.<\/p>\n<p>Ina chuid cainte leag s\u00e9 b\u00e9im ar an mbonn p\u00e1irt\u00edochta at\u00e1 mar bhun\u00fas le TG4 \u2013 foilsitheoir\/craolt\u00f3ir a fhaigheann a chuir \u00e1bhair \u00f3n earn\u00e1il neamhsple\u00e1ch agus \u00f3 RT\u00c9.\u00a0\u00a0\u00a0 Mheabhraigh s\u00e9 gurb \u00e9 leas an uile ph\u00e1irt\u00ed go mbeadh bonn inmharthana faoin earn\u00e1il neamhsple\u00e1ch, go h\u00e1irithe sa nGaeltacht agus gur le coimisi\u00fain ollsol\u00e1thair m\u00f3rsc\u00e1la, ilbhliana is fearr is f\u00e9idir sin a bhaint amach.\u00a0\u00a0 \u201c<em>Is tr\u00e9imhse chorrach chinni\u00fanach \u00ed seo don chraolach\u00e1n poibl\u00ed agus don earn\u00e1il l\u00e9iri\u00fach\u00e1in in\u00a0\u00a0 \u00c9irinn,<\/em>\u201d a d\u00fairt s\u00e9 \u201c<em>agus leis an gcur chuige seo, t\u00e1 TG4 ag deimhni\u00fa go nd\u00e9anfaimid \u00e1r gcuid f\u00e9in chun bonn seasmhach a chur faoin earn\u00e1il neamhsple\u00e1ch le m\u00fanla a chinnt\u00edonn fosta\u00edocht lean\u00fanach san earn\u00e1il agus a oibr\u00edonnn go maith do na craolt\u00f3ir\u00ed sna t\u00edortha Ceilteacha eile<\/em>\u201d.<\/p>\n<p>Dheimhnigh an tArdsti\u00farth\u00f3ir go mbeidh TG4 ar iarraidh \u00a0ar an Aire Cumars\u00e1ide maoini\u00fa dothanach poibl\u00ed a shol\u00e1thar do TG4, bonn ilibhliana a chur faoin maoini\u00fa, mar at\u00e1 ceadaithe sa reachta\u00edocht agus mar at\u00e1 TG4 a dh\u00e9anamh leis an bpr\u00f3iseas coimisi\u00fanaithe anois.\u00a0 Mhol s\u00e9 freisin go mbeadh an leibh\u00e9al maoinithe a fhaigheann an cain\u00e9al ar aon leibh\u00e9al ar a laghad leis an leibh\u00e9al a bh\u00ed ann sular tharla an c\u00fal\u00fa eacnama\u00edochta.<\/p>\n","protected":false},"excerpt":{"rendered":"<p>Beidh luach na milli\u00fan euro leis na conartha\u00ed coimisi\u00fanaithe ollsol\u00e1thair at\u00e1 f\u00f3graithe ag TG4 inniu agus iad ar f\u00e1il i gceithre r\u00e9imse cl\u00e1r (Cl\u00e1racha, Gradam Ceoil TG4, Dr\u00e1ma\u00edocht agus Ild\u00e1na).\u00a0 T\u00e1 tr\u00e9imhse r\u00e1ithe ag an earn\u00e1il neamhspl\u00e9ach le iarratais a dhr\u00e9acht\u00fa agus a bheacht\u00fa sna r\u00e9ims\u00ed at\u00e1 ar tairiscint ag an gcain\u00e9al.\u00a0 T\u00e1 sonra\u00ed faoi [&hellip;]<\/p>\n","protected":false},"author":4,"featured_media":5139,"parent":40345,"menu_order":0,"comment_status":"closed","ping_status":"closed","template":"page-templates\/template-pr.php","meta":{"_acf_changed":false,"footnotes":""},"acf":[],"yoast_head":"<!-- This site is optimized with the Yoast SEO plugin v22.6 - https:\/\/yoast.com\/wordpress\/plugins\/seo\/ -->\n<title>18.01.17 - L\u00e1 na L\u00e9iritheoir\u00ed - TG4<\/title>\n<meta name=\"robots\" content=\"index, follow, max-snippet:-1, max-image-preview:large, max-video-preview:-1\" \/>\n<meta property=\"og:locale\" content=\"en_US\" \/>\n<meta property=\"og:type\" content=\"article\" \/>\n<meta property=\"og:title\" content=\"18.01.17 - L\u00e1 na L\u00e9iritheoir\u00ed - TG4\" \/>\n<meta property=\"og:description\" content=\"Beidh luach na milli\u00fan euro leis na conartha\u00ed coimisi\u00fanaithe ollsol\u00e1thair at\u00e1 f\u00f3graithe ag TG4 inniu agus iad ar f\u00e1il i gceithre r\u00e9imse cl\u00e1r (Cl\u00e1racha, Gradam Ceoil TG4, Dr\u00e1ma\u00edocht agus Ild\u00e1na).\u00a0 T\u00e1 tr\u00e9imhse r\u00e1ithe ag an earn\u00e1il neamhspl\u00e9ach le iarratais a dhr\u00e9acht\u00fa agus a bheacht\u00fa sna r\u00e9ims\u00ed at\u00e1 ar tairiscint ag an gcain\u00e9al.\u00a0 T\u00e1 sonra\u00ed faoi [&hellip;]\" \/>\n<meta property=\"og:url\" content=\"https:\/\/dev.tg4.ie\/ga\/eolas\/preas\/nuacht-raitis\/2017-2\/18-01-17\/\" \/>\n<meta property=\"og:site_name\" content=\"TG4\" \/>\n<meta property=\"article:publisher\" content=\"https:\/\/www.facebook.com\/TG4TV\" \/>\n<meta property=\"article:modified_time\" content=\"2019-06-25T08:27:15+00:00\" \/>\n<meta property=\"og:image\" content=\"https:\/\/tg4-docs.s3.amazonaws.com\/tg4-redesign-2015\/wp-content\/uploads\/2015\/11\/TG4_building-1.jpg\" \/>\n\t<meta property=\"og:image:width\" content=\"1920\" \/>\n\t<meta property=\"og:image:height\" content=\"1080\" \/>\n\t<meta property=\"og:image:type\" content=\"image\/jpeg\" \/>\n<meta name=\"twitter:card\" content=\"summary_large_image\" \/>\n<meta name=\"twitter:site\" content=\"@TG4TV\" \/>\n<meta name=\"twitter:label1\" content=\"Est. reading time\" \/>\n\t<meta name=\"twitter:data1\" content=\"2 minutes\" \/>\n<script type=\"application\/ld+json\" class=\"yoast-schema-graph\">{\"@context\":\"https:\/\/schema.org\",\"@graph\":[{\"@type\":\"WebPage\",\"@id\":\"https:\/\/dev.tg4.ie\/ga\/eolas\/preas\/nuacht-raitis\/2017-2\/18-01-17\/\",\"url\":\"https:\/\/dev.tg4.ie\/ga\/eolas\/preas\/nuacht-raitis\/2017-2\/18-01-17\/\",\"name\":\"18.01.17 - L\u00e1 na L\u00e9iritheoir\u00ed - TG4\",\"isPartOf\":{\"@id\":\"https:\/\/dev.tg4.ie\/en\/#website\"},\"primaryImageOfPage\":{\"@id\":\"https:\/\/dev.tg4.ie\/ga\/eolas\/preas\/nuacht-raitis\/2017-2\/18-01-17\/#primaryimage\"},\"image\":{\"@id\":\"https:\/\/dev.tg4.ie\/ga\/eolas\/preas\/nuacht-raitis\/2017-2\/18-01-17\/#primaryimage\"},\"thumbnailUrl\":\"https:\/\/tg4-docs.s3.amazonaws.com\/tg4-redesign-2015\/wp-content\/uploads\/2015\/11\/TG4_building-1.jpg\",\"datePublished\":\"2017-01-19T09:56:23+00:00\",\"dateModified\":\"2019-06-25T08:27:15+00:00\",\"breadcrumb\":{\"@id\":\"https:\/\/dev.tg4.ie\/ga\/eolas\/preas\/nuacht-raitis\/2017-2\/18-01-17\/#breadcrumb\"},\"inLanguage\":\"ga\",\"potentialAction\":[{\"@type\":\"ReadAction\",\"target\":[\"https:\/\/dev.tg4.ie\/ga\/eolas\/preas\/nuacht-raitis\/2017-2\/18-01-17\/\"]}]},{\"@type\":\"ImageObject\",\"inLanguage\":\"ga\",\"@id\":\"https:\/\/dev.tg4.ie\/ga\/eolas\/preas\/nuacht-raitis\/2017-2\/18-01-17\/#primaryimage\",\"url\":\"https:\/\/tg4-docs.s3.amazonaws.com\/tg4-redesign-2015\/wp-content\/uploads\/2015\/11\/TG4_building-1.jpg\",\"contentUrl\":\"https:\/\/tg4-docs.s3.amazonaws.com\/tg4-redesign-2015\/wp-content\/uploads\/2015\/11\/TG4_building-1.jpg\",\"width\":1920,\"height\":1080,\"caption\":\"Ceann\u00e1ras TG4\"},{\"@type\":\"BreadcrumbList\",\"@id\":\"https:\/\/dev.tg4.ie\/ga\/eolas\/preas\/nuacht-raitis\/2017-2\/18-01-17\/#breadcrumb\",\"itemListElement\":[{\"@type\":\"ListItem\",\"position\":1,\"name\":\"Home\",\"item\":\"https:\/\/dev.tg4.ie\/ga\/\"},{\"@type\":\"ListItem\",\"position\":2,\"name\":\"Eolas\",\"item\":\"https:\/\/dev.tg4.ie\/ga\/eolas\/\"},{\"@type\":\"ListItem\",\"position\":3,\"name\":\"Preas\",\"item\":\"https:\/\/dev.tg4.ie\/ga\/eolas\/preas\/\"},{\"@type\":\"ListItem\",\"position\":4,\"name\":\"Nuacht R\u00e1itis\",\"item\":\"https:\/\/dev.tg4.ie\/ga\/eolas\/preas\/nuacht-raitis\/\"},{\"@type\":\"ListItem\",\"position\":5,\"name\":\"2017\",\"item\":\"https:\/\/dev.tg4.ie\/ga\/eolas\/preas\/nuacht-raitis\/2017-2\/\"},{\"@type\":\"ListItem\",\"position\":6,\"name\":\"18.01.17 &#8211; L\u00e1 na L\u00e9iritheoir\u00ed\"}]},{\"@type\":\"WebSite\",\"@id\":\"https:\/\/dev.tg4.ie\/en\/#website\",\"url\":\"https:\/\/dev.tg4.ie\/en\/\",\"name\":\"TG4\",\"description\":\"S\u00fail Eile\",\"potentialAction\":[{\"@type\":\"SearchAction\",\"target\":{\"@type\":\"EntryPoint\",\"urlTemplate\":\"https:\/\/dev.tg4.ie\/en\/?s={search_term_string}\"},\"query-input\":\"required name=search_term_string\"}],\"inLanguage\":\"ga\"}]}<\/script>\n<!-- \/ Yoast SEO plugin. -->","yoast_head_json":{"title":"18.01.17 - L\u00e1 na L\u00e9iritheoir\u00ed - TG4","robots":{"index":"index","follow":"follow","max-snippet":"max-snippet:-1","max-image-preview":"max-image-preview:large","max-video-preview":"max-video-preview:-1"},"og_locale":"en_US","og_type":"article","og_title":"18.01.17 - L\u00e1 na L\u00e9iritheoir\u00ed - TG4","og_description":"Beidh luach na milli\u00fan euro leis na conartha\u00ed coimisi\u00fanaithe ollsol\u00e1thair at\u00e1 f\u00f3graithe ag TG4 inniu agus iad ar f\u00e1il i gceithre r\u00e9imse cl\u00e1r (Cl\u00e1racha, Gradam Ceoil TG4, Dr\u00e1ma\u00edocht agus Ild\u00e1na).\u00a0 T\u00e1 tr\u00e9imhse r\u00e1ithe ag an earn\u00e1il neamhspl\u00e9ach le iarratais a dhr\u00e9acht\u00fa agus a bheacht\u00fa sna r\u00e9ims\u00ed at\u00e1 ar tairiscint ag an gcain\u00e9al.\u00a0 T\u00e1 sonra\u00ed faoi [&hellip;]","og_url":"https:\/\/dev.tg4.ie\/ga\/eolas\/preas\/nuacht-raitis\/2017-2\/18-01-17\/","og_site_name":"TG4","article_publisher":"https:\/\/www.facebook.com\/TG4TV","article_modified_time":"2019-06-25T08:27:15+00:00","og_image":[{"width":1920,"height":1080,"url":"https:\/\/tg4-docs.s3.amazonaws.com\/tg4-redesign-2015\/wp-content\/uploads\/2015\/11\/TG4_building-1.jpg","type":"image\/jpeg"}],"twitter_card":"summary_large_image","twitter_site":"@TG4TV","twitter_misc":{"Est. reading time":"2 minutes"},"schema":{"@context":"https:\/\/schema.org","@graph":[{"@type":"WebPage","@id":"https:\/\/dev.tg4.ie\/ga\/eolas\/preas\/nuacht-raitis\/2017-2\/18-01-17\/","url":"https:\/\/dev.tg4.ie\/ga\/eolas\/preas\/nuacht-raitis\/2017-2\/18-01-17\/","name":"18.01.17 - L\u00e1 na L\u00e9iritheoir\u00ed - TG4","isPartOf":{"@id":"https:\/\/dev.tg4.ie\/en\/#website"},"primaryImageOfPage":{"@id":"https:\/\/dev.tg4.ie\/ga\/eolas\/preas\/nuacht-raitis\/2017-2\/18-01-17\/#primaryimage"},"image":{"@id":"https:\/\/dev.tg4.ie\/ga\/eolas\/preas\/nuacht-raitis\/2017-2\/18-01-17\/#primaryimage"},"thumbnailUrl":"https:\/\/tg4-docs.s3.amazonaws.com\/tg4-redesign-2015\/wp-content\/uploads\/2015\/11\/TG4_building-1.jpg","datePublished":"2017-01-19T09:56:23+00:00","dateModified":"2019-06-25T08:27:15+00:00","breadcrumb":{"@id":"https:\/\/dev.tg4.ie\/ga\/eolas\/preas\/nuacht-raitis\/2017-2\/18-01-17\/#breadcrumb"},"inLanguage":"ga","potentialAction":[{"@type":"ReadAction","target":["https:\/\/dev.tg4.ie\/ga\/eolas\/preas\/nuacht-raitis\/2017-2\/18-01-17\/"]}]},{"@type":"ImageObject","inLanguage":"ga","@id":"https:\/\/dev.tg4.ie\/ga\/eolas\/preas\/nuacht-raitis\/2017-2\/18-01-17\/#primaryimage","url":"https:\/\/tg4-docs.s3.amazonaws.com\/tg4-redesign-2015\/wp-content\/uploads\/2015\/11\/TG4_building-1.jpg","contentUrl":"https:\/\/tg4-docs.s3.amazonaws.com\/tg4-redesign-2015\/wp-content\/uploads\/2015\/11\/TG4_building-1.jpg","width":1920,"height":1080,"caption":"Ceann\u00e1ras TG4"},{"@type":"BreadcrumbList","@id":"https:\/\/dev.tg4.ie\/ga\/eolas\/preas\/nuacht-raitis\/2017-2\/18-01-17\/#breadcrumb","itemListElement":[{"@type":"ListItem","position":1,"name":"Home","item":"https:\/\/dev.tg4.ie\/ga\/"},{"@type":"ListItem","position":2,"name":"Eolas","item":"https:\/\/dev.tg4.ie\/ga\/eolas\/"},{"@type":"ListItem","position":3,"name":"Preas","item":"https:\/\/dev.tg4.ie\/ga\/eolas\/preas\/"},{"@type":"ListItem","position":4,"name":"Nuacht R\u00e1itis","item":"https:\/\/dev.tg4.ie\/ga\/eolas\/preas\/nuacht-raitis\/"},{"@type":"ListItem","position":5,"name":"2017","item":"https:\/\/dev.tg4.ie\/ga\/eolas\/preas\/nuacht-raitis\/2017-2\/"},{"@type":"ListItem","position":6,"name":"18.01.17 &#8211; L\u00e1 na L\u00e9iritheoir\u00ed"}]},{"@type":"WebSite","@id":"https:\/\/dev.tg4.ie\/en\/#website","url":"https:\/\/dev.tg4.ie\/en\/","name":"TG4","description":"S\u00fail Eile","potentialAction":[{"@type":"SearchAction","target":{"@type":"EntryPoint","urlTemplate":"https:\/\/dev.tg4.ie\/en\/?s={search_term_string}"},"query-input":"required name=search_term_string"}],"inLanguage":"ga"}]}},"_links":{"self":[{"href":"https:\/\/dev.tg4.ie\/ga\/wp-json\/wp\/v2\/pages\/40348"}],"collection":[{"href":"https:\/\/dev.tg4.ie\/ga\/wp-json\/wp\/v2\/pages"}],"about":[{"href":"https:\/\/dev.tg4.ie\/ga\/wp-json\/wp\/v2\/types\/page"}],"author":[{"embeddable":true,"href":"https:\/\/dev.tg4.ie\/ga\/wp-json\/wp\/v2\/users\/4"}],"replies":[{"embeddable":true,"href":"https:\/\/dev.tg4.ie\/ga\/wp-json\/wp\/v2\/comments?post=40348"}],"version-history":[{"count":0,"href":"https:\/\/dev.tg4.ie\/ga\/wp-json\/wp\/v2\/pages\/40348\/revisions"}],"up":[{"embeddable":true,"href":"https:\/\/dev.tg4.ie\/ga\/wp-json\/wp\/v2\/pages\/40345"}],"wp:featuredmedia":[{"embeddable":true,"href":"https:\/\/dev.tg4.ie\/ga\/wp-json\/wp\/v2\/media\/5139"}],"wp:attachment":[{"href":"https:\/\/dev.tg4.ie\/ga\/wp-json\/wp\/v2\/media?parent=40348"}],"curies":[{"name":"wp","href":"https:\/\/api.w.org\/{rel}","templated":true}]}}