{"id":41885,"date":"2017-02-01T15:59:37","date_gmt":"2017-02-01T15:59:37","guid":{"rendered":"https:\/\/dev.tg4.ie\/corporate\/preas\/press-releases\/2017-2\/20-01-17\/"},"modified":"2019-11-21T17:01:26","modified_gmt":"2019-11-21T17:01:26","slug":"20-01-17","status":"publish","type":"page","link":"https:\/\/dev.tg4.ie\/ga\/eolas\/preas\/nuacht-raitis\/2017-2\/20-01-17\/","title":{"rendered":"20.01.17 &#8211; TG4 Foghlaim"},"content":{"rendered":"<p>Beidh an file cl\u00faiteach as D\u00fan na nGall, <strong>P\u00e1draig Mac Suibhne<\/strong> (\u2018Colscaradh\u2019), ag seoladh an tsu\u00edmh go hoifigi\u00fail an <strong>02 F\u00e9abhra 2017<\/strong> ag <strong>1.30 in \u00c1ras na Gaeilge in Ollscoil na h\u00c9ireann<\/strong>, Gaillimh, i gcuideachta dalta\u00ed Ardteiste \u00f3 Chol\u00e1iste na Coiribe, Gaillimh.  <\/p>\n<p>Is acmhainn nua oideachais closamhairc <strong>TG4 Foghlaim<\/strong>, at\u00e1 curtha in oiri\u00faint do riachtanais dhalta\u00ed na hArdteistim\u00e9ireachta, ach is f\u00e9idir le foghlaimeoir\u00ed ar leibh\u00e9al ar bith an t-\u00e1bhar seo a \u00fas\u00e1id lena gcuid scileanna Gaeilge a fhorbairt. T\u00e1 an acmhainn seo ar f\u00e1il saor in aisce do dhalta\u00ed agus d\u2019fhoghlaimeoir\u00ed eile in \u00c9irinn agus ar fud an domhain.<\/p>\n<p>Is furasta an su\u00edomh gr\u00e9as\u00e1in nua seo a \u00fas\u00e1id agus beidh \u00e1bhar nua \u00e1 chur ar f\u00e1il ann go lean\u00fanach; ag t\u00fas gach seachtaine i rith na scoilbhliana, cuirfear cleachta\u00ed nua in airde ann at\u00e1 bunaithe ar mh\u00edreanna f\u00edse \u00f3 scoth na gcl\u00e1r ar TG4. T\u00e1 na ceachtanna f\u00e9in bunaithe ar thopaic\u00ed an tSiollabais Ardteistim\u00e9ireachta agus ar f\u00e1il saor in aisce.<\/p>\n<p>Lena chois sin, beidh l\u00e9iri\u00fa f\u00edse ar f\u00e1il ar <strong>TG4 Foghlaim<\/strong> ar bhr\u00ed liteartha agus ar bhr\u00ed mheafarach na nd\u00e1nta at\u00e1 ar an Siollabas, mar aon le pr\u00f3if\u00edl ioml\u00e1n ar na fil\u00ed agus cur s\u00edos ar ch\u00falra na nd\u00e1nta.<\/p>\n<p>Is comhph\u00e1irt\u00edocht idir TG4 agus Ollscoil na h\u00c9ireann, Gaillimh an togra seo agus t\u00e1thar ag s\u00fail go rachaidh s\u00e9 chun tairbhe do dhalta\u00ed agus do mh\u00fainteoir\u00ed araon. Deir Leascheannasa\u00ed TG4, P\u00e1dhraic \u00d3 Ciardha, go bhfuil an togra seo curtha le ch\u00e9ile mar thoradh ar iarratais go leor at\u00e1 d\u00e9anta ag m\u00fainteoir\u00ed (agus a gcuid dalta\u00ed) ar an gcain\u00e9al le beag\u00e1n blianta: <\/p>\n<p><em>\u201cIs c\u00f3ir agus is deas linn togra oideachas\u00fail mar seo a sheoladh mar chruth\u00fanas breise ar an leas poibl\u00ed a dh\u00e9anann TG4 ag cur na Gaeilge chun cinn ar fud na cruinne.\u201d<\/em><\/p>\n<p>Leagann Pr\u00edomhfheidhmeannach Acadamh na hOllscola\u00edochta Gaeilge, D\u00f3nall \u00d3 Braon\u00e1in, b\u00e9im ar th\u00e1bhacht an togra: <\/p>\n<p><em>\u201cIs iontach go bhfuil taighde ceannr\u00f3da\u00edoch ar an sealbh\u00fa teanga \u00e1 roinnt ar mh\u00fainteoir\u00ed agus mic l\u00e9inn ardteistim\u00e9ireachta a bhu\u00edochas d\u2019acmhainn\u00ed foghlama den ch\u00e9ad scoth.\u201d<\/em><\/p>\n","protected":false},"excerpt":{"rendered":"<p>Beidh an file cl\u00faiteach as D\u00fan na nGall, P\u00e1draig Mac Suibhne (\u2018Colscaradh\u2019), ag seoladh an tsu\u00edmh go hoifigi\u00fail an 02 F\u00e9abhra 2017 ag 1.30 in \u00c1ras na Gaeilge in Ollscoil na h\u00c9ireann, Gaillimh, i gcuideachta dalta\u00ed Ardteiste \u00f3 Chol\u00e1iste na Coiribe, Gaillimh. Is acmhainn nua oideachais closamhairc TG4 Foghlaim, at\u00e1 curtha in oiri\u00faint do riachtanais [&hellip;]<\/p>\n","protected":false},"author":4,"featured_media":93325,"parent":40345,"menu_order":1,"comment_status":"closed","ping_status":"closed","template":"page-templates\/template-pr.php","meta":{"_acf_changed":false,"footnotes":""},"acf":[],"yoast_head":"<!-- This site is optimized with the Yoast SEO plugin v22.6 - https:\/\/yoast.com\/wordpress\/plugins\/seo\/ -->\n<title>20.01.17 - TG4 Foghlaim - TG4<\/title>\n<meta name=\"robots\" content=\"index, follow, max-snippet:-1, max-image-preview:large, max-video-preview:-1\" \/>\n<meta property=\"og:locale\" content=\"en_US\" \/>\n<meta property=\"og:type\" content=\"article\" \/>\n<meta property=\"og:title\" content=\"20.01.17 - TG4 Foghlaim - TG4\" \/>\n<meta property=\"og:description\" content=\"Beidh an file cl\u00faiteach as D\u00fan na nGall, P\u00e1draig Mac Suibhne (\u2018Colscaradh\u2019), ag seoladh an tsu\u00edmh go hoifigi\u00fail an 02 F\u00e9abhra 2017 ag 1.30 in \u00c1ras na Gaeilge in Ollscoil na h\u00c9ireann, Gaillimh, i gcuideachta dalta\u00ed Ardteiste \u00f3 Chol\u00e1iste na Coiribe, Gaillimh. Is acmhainn nua oideachais closamhairc TG4 Foghlaim, at\u00e1 curtha in oiri\u00faint do riachtanais [&hellip;]\" \/>\n<meta property=\"og:url\" content=\"https:\/\/dev.tg4.ie\/ga\/eolas\/preas\/nuacht-raitis\/2017-2\/20-01-17\/\" \/>\n<meta property=\"og:site_name\" content=\"TG4\" \/>\n<meta property=\"article:publisher\" content=\"https:\/\/www.facebook.com\/TG4TV\" \/>\n<meta property=\"article:modified_time\" content=\"2019-11-21T17:01:26+00:00\" \/>\n<meta property=\"og:image\" content=\"https:\/\/tg4-docs.s3.amazonaws.com\/tg4-redesign-2015\/wp-content\/uploads\/2018\/09\/Geibheann-Caitlin-Maude.jpg\" \/>\n\t<meta property=\"og:image:width\" content=\"1920\" \/>\n\t<meta property=\"og:image:height\" content=\"1080\" \/>\n\t<meta property=\"og:image:type\" content=\"image\/jpeg\" \/>\n<meta name=\"twitter:card\" content=\"summary_large_image\" \/>\n<meta name=\"twitter:site\" content=\"@TG4TV\" \/>\n<meta name=\"twitter:label1\" content=\"Est. reading time\" \/>\n\t<meta name=\"twitter:data1\" content=\"2 minutes\" \/>\n<script type=\"application\/ld+json\" class=\"yoast-schema-graph\">{\"@context\":\"https:\/\/schema.org\",\"@graph\":[{\"@type\":\"WebPage\",\"@id\":\"https:\/\/dev.tg4.ie\/ga\/eolas\/preas\/nuacht-raitis\/2017-2\/20-01-17\/\",\"url\":\"https:\/\/dev.tg4.ie\/ga\/eolas\/preas\/nuacht-raitis\/2017-2\/20-01-17\/\",\"name\":\"20.01.17 - TG4 Foghlaim - TG4\",\"isPartOf\":{\"@id\":\"https:\/\/dev.tg4.ie\/en\/#website\"},\"primaryImageOfPage\":{\"@id\":\"https:\/\/dev.tg4.ie\/ga\/eolas\/preas\/nuacht-raitis\/2017-2\/20-01-17\/#primaryimage\"},\"image\":{\"@id\":\"https:\/\/dev.tg4.ie\/ga\/eolas\/preas\/nuacht-raitis\/2017-2\/20-01-17\/#primaryimage\"},\"thumbnailUrl\":\"https:\/\/tg4-docs.s3.amazonaws.com\/tg4-redesign-2015\/wp-content\/uploads\/2018\/09\/Geibheann-Caitlin-Maude.jpg\",\"datePublished\":\"2017-02-01T15:59:37+00:00\",\"dateModified\":\"2019-11-21T17:01:26+00:00\",\"breadcrumb\":{\"@id\":\"https:\/\/dev.tg4.ie\/ga\/eolas\/preas\/nuacht-raitis\/2017-2\/20-01-17\/#breadcrumb\"},\"inLanguage\":\"ga\",\"potentialAction\":[{\"@type\":\"ReadAction\",\"target\":[\"https:\/\/dev.tg4.ie\/ga\/eolas\/preas\/nuacht-raitis\/2017-2\/20-01-17\/\"]}]},{\"@type\":\"ImageObject\",\"inLanguage\":\"ga\",\"@id\":\"https:\/\/dev.tg4.ie\/ga\/eolas\/preas\/nuacht-raitis\/2017-2\/20-01-17\/#primaryimage\",\"url\":\"https:\/\/tg4-docs.s3.amazonaws.com\/tg4-redesign-2015\/wp-content\/uploads\/2018\/09\/Geibheann-Caitlin-Maude.jpg\",\"contentUrl\":\"https:\/\/tg4-docs.s3.amazonaws.com\/tg4-redesign-2015\/wp-content\/uploads\/2018\/09\/Geibheann-Caitlin-Maude.jpg\",\"width\":1920,\"height\":1080,\"caption\":\"G\u00e9ibheann Caitl\u00edn Maude\"},{\"@type\":\"BreadcrumbList\",\"@id\":\"https:\/\/dev.tg4.ie\/ga\/eolas\/preas\/nuacht-raitis\/2017-2\/20-01-17\/#breadcrumb\",\"itemListElement\":[{\"@type\":\"ListItem\",\"position\":1,\"name\":\"Home\",\"item\":\"https:\/\/dev.tg4.ie\/ga\/\"},{\"@type\":\"ListItem\",\"position\":2,\"name\":\"Eolas\",\"item\":\"https:\/\/dev.tg4.ie\/ga\/eolas\/\"},{\"@type\":\"ListItem\",\"position\":3,\"name\":\"Preas\",\"item\":\"https:\/\/dev.tg4.ie\/ga\/eolas\/preas\/\"},{\"@type\":\"ListItem\",\"position\":4,\"name\":\"Nuacht R\u00e1itis\",\"item\":\"https:\/\/dev.tg4.ie\/ga\/eolas\/preas\/nuacht-raitis\/\"},{\"@type\":\"ListItem\",\"position\":5,\"name\":\"2017\",\"item\":\"https:\/\/dev.tg4.ie\/ga\/eolas\/preas\/nuacht-raitis\/2017-2\/\"},{\"@type\":\"ListItem\",\"position\":6,\"name\":\"20.01.17 &#8211; TG4 Foghlaim\"}]},{\"@type\":\"WebSite\",\"@id\":\"https:\/\/dev.tg4.ie\/en\/#website\",\"url\":\"https:\/\/dev.tg4.ie\/en\/\",\"name\":\"TG4\",\"description\":\"S\u00fail Eile\",\"potentialAction\":[{\"@type\":\"SearchAction\",\"target\":{\"@type\":\"EntryPoint\",\"urlTemplate\":\"https:\/\/dev.tg4.ie\/en\/?s={search_term_string}\"},\"query-input\":\"required name=search_term_string\"}],\"inLanguage\":\"ga\"}]}<\/script>\n<!-- \/ Yoast SEO plugin. -->","yoast_head_json":{"title":"20.01.17 - TG4 Foghlaim - TG4","robots":{"index":"index","follow":"follow","max-snippet":"max-snippet:-1","max-image-preview":"max-image-preview:large","max-video-preview":"max-video-preview:-1"},"og_locale":"en_US","og_type":"article","og_title":"20.01.17 - TG4 Foghlaim - TG4","og_description":"Beidh an file cl\u00faiteach as D\u00fan na nGall, P\u00e1draig Mac Suibhne (\u2018Colscaradh\u2019), ag seoladh an tsu\u00edmh go hoifigi\u00fail an 02 F\u00e9abhra 2017 ag 1.30 in \u00c1ras na Gaeilge in Ollscoil na h\u00c9ireann, Gaillimh, i gcuideachta dalta\u00ed Ardteiste \u00f3 Chol\u00e1iste na Coiribe, Gaillimh. Is acmhainn nua oideachais closamhairc TG4 Foghlaim, at\u00e1 curtha in oiri\u00faint do riachtanais [&hellip;]","og_url":"https:\/\/dev.tg4.ie\/ga\/eolas\/preas\/nuacht-raitis\/2017-2\/20-01-17\/","og_site_name":"TG4","article_publisher":"https:\/\/www.facebook.com\/TG4TV","article_modified_time":"2019-11-21T17:01:26+00:00","og_image":[{"width":1920,"height":1080,"url":"https:\/\/tg4-docs.s3.amazonaws.com\/tg4-redesign-2015\/wp-content\/uploads\/2018\/09\/Geibheann-Caitlin-Maude.jpg","type":"image\/jpeg"}],"twitter_card":"summary_large_image","twitter_site":"@TG4TV","twitter_misc":{"Est. reading time":"2 minutes"},"schema":{"@context":"https:\/\/schema.org","@graph":[{"@type":"WebPage","@id":"https:\/\/dev.tg4.ie\/ga\/eolas\/preas\/nuacht-raitis\/2017-2\/20-01-17\/","url":"https:\/\/dev.tg4.ie\/ga\/eolas\/preas\/nuacht-raitis\/2017-2\/20-01-17\/","name":"20.01.17 - TG4 Foghlaim - TG4","isPartOf":{"@id":"https:\/\/dev.tg4.ie\/en\/#website"},"primaryImageOfPage":{"@id":"https:\/\/dev.tg4.ie\/ga\/eolas\/preas\/nuacht-raitis\/2017-2\/20-01-17\/#primaryimage"},"image":{"@id":"https:\/\/dev.tg4.ie\/ga\/eolas\/preas\/nuacht-raitis\/2017-2\/20-01-17\/#primaryimage"},"thumbnailUrl":"https:\/\/tg4-docs.s3.amazonaws.com\/tg4-redesign-2015\/wp-content\/uploads\/2018\/09\/Geibheann-Caitlin-Maude.jpg","datePublished":"2017-02-01T15:59:37+00:00","dateModified":"2019-11-21T17:01:26+00:00","breadcrumb":{"@id":"https:\/\/dev.tg4.ie\/ga\/eolas\/preas\/nuacht-raitis\/2017-2\/20-01-17\/#breadcrumb"},"inLanguage":"ga","potentialAction":[{"@type":"ReadAction","target":["https:\/\/dev.tg4.ie\/ga\/eolas\/preas\/nuacht-raitis\/2017-2\/20-01-17\/"]}]},{"@type":"ImageObject","inLanguage":"ga","@id":"https:\/\/dev.tg4.ie\/ga\/eolas\/preas\/nuacht-raitis\/2017-2\/20-01-17\/#primaryimage","url":"https:\/\/tg4-docs.s3.amazonaws.com\/tg4-redesign-2015\/wp-content\/uploads\/2018\/09\/Geibheann-Caitlin-Maude.jpg","contentUrl":"https:\/\/tg4-docs.s3.amazonaws.com\/tg4-redesign-2015\/wp-content\/uploads\/2018\/09\/Geibheann-Caitlin-Maude.jpg","width":1920,"height":1080,"caption":"G\u00e9ibheann Caitl\u00edn Maude"},{"@type":"BreadcrumbList","@id":"https:\/\/dev.tg4.ie\/ga\/eolas\/preas\/nuacht-raitis\/2017-2\/20-01-17\/#breadcrumb","itemListElement":[{"@type":"ListItem","position":1,"name":"Home","item":"https:\/\/dev.tg4.ie\/ga\/"},{"@type":"ListItem","position":2,"name":"Eolas","item":"https:\/\/dev.tg4.ie\/ga\/eolas\/"},{"@type":"ListItem","position":3,"name":"Preas","item":"https:\/\/dev.tg4.ie\/ga\/eolas\/preas\/"},{"@type":"ListItem","position":4,"name":"Nuacht R\u00e1itis","item":"https:\/\/dev.tg4.ie\/ga\/eolas\/preas\/nuacht-raitis\/"},{"@type":"ListItem","position":5,"name":"2017","item":"https:\/\/dev.tg4.ie\/ga\/eolas\/preas\/nuacht-raitis\/2017-2\/"},{"@type":"ListItem","position":6,"name":"20.01.17 &#8211; TG4 Foghlaim"}]},{"@type":"WebSite","@id":"https:\/\/dev.tg4.ie\/en\/#website","url":"https:\/\/dev.tg4.ie\/en\/","name":"TG4","description":"S\u00fail Eile","potentialAction":[{"@type":"SearchAction","target":{"@type":"EntryPoint","urlTemplate":"https:\/\/dev.tg4.ie\/en\/?s={search_term_string}"},"query-input":"required name=search_term_string"}],"inLanguage":"ga"}]}},"_links":{"self":[{"href":"https:\/\/dev.tg4.ie\/ga\/wp-json\/wp\/v2\/pages\/41885"}],"collection":[{"href":"https:\/\/dev.tg4.ie\/ga\/wp-json\/wp\/v2\/pages"}],"about":[{"href":"https:\/\/dev.tg4.ie\/ga\/wp-json\/wp\/v2\/types\/page"}],"author":[{"embeddable":true,"href":"https:\/\/dev.tg4.ie\/ga\/wp-json\/wp\/v2\/users\/4"}],"replies":[{"embeddable":true,"href":"https:\/\/dev.tg4.ie\/ga\/wp-json\/wp\/v2\/comments?post=41885"}],"version-history":[{"count":0,"href":"https:\/\/dev.tg4.ie\/ga\/wp-json\/wp\/v2\/pages\/41885\/revisions"}],"up":[{"embeddable":true,"href":"https:\/\/dev.tg4.ie\/ga\/wp-json\/wp\/v2\/pages\/40345"}],"wp:featuredmedia":[{"embeddable":true,"href":"https:\/\/dev.tg4.ie\/ga\/wp-json\/wp\/v2\/media\/93325"}],"wp:attachment":[{"href":"https:\/\/dev.tg4.ie\/ga\/wp-json\/wp\/v2\/media?parent=41885"}],"curies":[{"name":"wp","href":"https:\/\/api.w.org\/{rel}","templated":true}]}}