{"id":4558,"date":"2015-10-23T11:32:08","date_gmt":"2015-10-23T10:32:08","guid":{"rendered":"https:\/\/dev.tg4.ie\/corporate\/preas\/press-releases\/2015-2\/23-10-15\/"},"modified":"2019-06-25T11:30:20","modified_gmt":"2019-06-25T10:30:20","slug":"23-10-15","status":"publish","type":"page","link":"https:\/\/dev.tg4.ie\/ga\/eolas\/preas\/nuacht-raitis\/2015-2\/23-10-15\/","title":{"rendered":"Aitheantas agus duaiseanna go leor \u00f3 IFTA 2015&#8230;"},"content":{"rendered":"<p>D\u2019\u00e9irigh go hiontach le saothar agus ceardaithe TG4 ag duaisbhronnadh IFTA 2015\u00a0 i mBaile \u00c1tha Cliath ar\u00e9ir.\u00a0\u00a0\u00a0\u00a0 Thug TG4 6 dhuais IFTA leis i r\u00e9ims\u00ed na gcl\u00e1r faisn\u00e9ise, sp\u00f3irt agus ceoil, \u00a0ina measc dh\u00e1 dhuais do shain-scileanna na ceirde.\u00a0 Chuimsigh na duaiseoir\u00ed ag TG4 cl\u00e1r ar r\u00f3l na mban in \u00c9ir\u00ed Amach 1916 agus Chogadh na Saoirse, cl\u00e1r cuimhneach\u00e1in ar chapall l\u00e9im-r\u00e1is a thuill gean agus gradam lena linn, beo-chl\u00fadach an chain\u00e9il ar Fhleadh Cheoil na h\u00c9ireann 2015 agus sraith-dhr\u00e1ma dorcha coiri\u00falachta.<\/p>\n<p>Is iad seo a leanas duaiseoir\u00ed <strong>IFTA TG4<\/strong> don bhliain 2015:<\/p>\n<ul>\n<li>SP\u00d3RT:\u00a0\u00a0 <em>Arkle\u00a0\u00a0 <\/em>(Touchline Media)<\/li>\n<li>BEO-IMEACHT: <em>Fleadh TV\u00a0\u00a0 <\/em>(Paul McKay)<\/li>\n<li>F\u00cdORASACH SPEISIALTA<strong>: <\/strong><em>Cumann na mBan \u2013 Mn\u00e1 na R\u00e9abhl\u00f3ide<\/em><strong><em>\u00a0\u00a0 <\/em><\/strong>(Genefile)<\/li>\n<li>GAEILGE :\u00a0 <em>Corp +Anam<\/em>\u00a0 (Magamedia)<\/li>\n<li>FUAIM (TEILIF\u00cdS):\u00a0 \u00a0John Brennan agus Mark Henry, <em>Ceolchuairt <\/em>\u00a0(Magamedia)<\/li>\n<li>CEAMARA (TEILIF\u00cdS):\u00a0 \u00a0Colm Whelan, <em>\u00c1ille an Uaf\u00e1is\u00a0 <\/em>(Tile Films)<\/li>\n<\/ul>\n<p>Is \u00e9 IFTA an duais-sc\u00e9im aitheanta do thionscal na scann\u00e1n agus na teilif\u00edse in \u00c9irinn. Pain\u00e9al saineolaithe \u00f3n tionscal anseo agus thar s\u00e1ile a roghna\u00edonn an saothar is fearr sna catag\u00f3ir \u00e9ags\u00fala.<\/p>\n<p>Thr\u00e9aslaigh an tArdsti\u00farth\u00f3ir,\u00a0 P\u00f3l \u00d3 Gallch\u00f3ir, a gcuid gradam IFTA leo sin a bhuaigh as a saothar do TG4.\u00a0\u00a0\u00a0 D\u00fairt s\u00e9 gur cruth\u00fanas eile ar ardchaighde\u00e1n lean\u00fanach agus ar raon na gcl\u00e1r a bh\u00edonn ag TG4 \u00e9.\u00a0 \u201cThuill TG4 aitheantas, ainmni\u00fach\u00e1in agus duaiseanna \u00f3 IFTA gach bliain \u00f3 buna\u00edodh an sc\u00e9im,\u201d a d\u00fairt s\u00e9. \u201cT\u00e1imid an-bhr\u00f3d\u00fail as na hainmni\u00fach\u00e1in IFTA a fuaireamar n\u00edos t\u00faisce i mbliana agus as na duaiseanna iontacha seo at\u00e1 bronnta orainn anois.\u00a0 Is m\u00f3ide \u00e1r s\u00e1samh gurb iad \u00e1r gcomhghleacaithe gairmi\u00fala i dtionscal na teilif\u00edse agus na scann\u00e1n a rinne an roghn\u00fa,\u201d\u00a0\u00a0 a d\u00fairt an tArdsti\u00farth\u00f3ir.<\/p>\n","protected":false},"excerpt":{"rendered":"<p>D\u2019\u00e9irigh go hiontach le saothar agus ceardaithe TG4 ag duaisbhronnadh IFTA 2015\u00a0 i mBaile \u00c1tha Cliath ar\u00e9ir.\u00a0\u00a0\u00a0\u00a0 Thug TG4 6 dhuais IFTA leis i r\u00e9ims\u00ed na gcl\u00e1r faisn\u00e9ise, sp\u00f3irt agus ceoil, \u00a0ina measc dh\u00e1 dhuais do shain-scileanna na ceirde.\u00a0 Chuimsigh na duaiseoir\u00ed ag TG4 cl\u00e1r ar r\u00f3l na mban in \u00c9ir\u00ed Amach 1916 agus Chogadh [&hellip;]<\/p>\n","protected":false},"author":6,"featured_media":4564,"parent":985,"menu_order":18,"comment_status":"closed","ping_status":"closed","template":"page-templates\/template-pr.php","meta":{"_acf_changed":false,"footnotes":""},"acf":[],"yoast_head":"<!-- This site is optimized with the Yoast SEO plugin v22.6 - https:\/\/yoast.com\/wordpress\/plugins\/seo\/ -->\n<title>Aitheantas agus duaiseanna go leor \u00f3 IFTA 2015... - TG4<\/title>\n<meta name=\"robots\" content=\"index, follow, max-snippet:-1, max-image-preview:large, max-video-preview:-1\" \/>\n<meta property=\"og:locale\" content=\"en_US\" \/>\n<meta property=\"og:type\" content=\"article\" \/>\n<meta property=\"og:title\" content=\"Aitheantas agus duaiseanna go leor \u00f3 IFTA 2015... - TG4\" \/>\n<meta property=\"og:description\" content=\"D\u2019\u00e9irigh go hiontach le saothar agus ceardaithe TG4 ag duaisbhronnadh IFTA 2015\u00a0 i mBaile \u00c1tha Cliath ar\u00e9ir.\u00a0\u00a0\u00a0\u00a0 Thug TG4 6 dhuais IFTA leis i r\u00e9ims\u00ed na gcl\u00e1r faisn\u00e9ise, sp\u00f3irt agus ceoil, \u00a0ina measc dh\u00e1 dhuais do shain-scileanna na ceirde.\u00a0 Chuimsigh na duaiseoir\u00ed ag TG4 cl\u00e1r ar r\u00f3l na mban in \u00c9ir\u00ed Amach 1916 agus Chogadh [&hellip;]\" \/>\n<meta property=\"og:url\" content=\"https:\/\/dev.tg4.ie\/ga\/eolas\/preas\/nuacht-raitis\/2015-2\/23-10-15\/\" \/>\n<meta property=\"og:site_name\" content=\"TG4\" \/>\n<meta property=\"article:publisher\" content=\"https:\/\/www.facebook.com\/TG4TV\" \/>\n<meta property=\"article:modified_time\" content=\"2019-06-25T10:30:20+00:00\" \/>\n<meta property=\"og:image\" content=\"https:\/\/tg4-docs.s3.amazonaws.com\/tg4-redesign-2015\/wp-content\/uploads\/2015\/10\/IFTA.jpg\" \/>\n\t<meta property=\"og:image:width\" content=\"1920\" \/>\n\t<meta property=\"og:image:height\" content=\"1080\" \/>\n\t<meta property=\"og:image:type\" content=\"image\/jpeg\" \/>\n<meta name=\"twitter:card\" content=\"summary_large_image\" \/>\n<meta name=\"twitter:site\" content=\"@TG4TV\" \/>\n<meta name=\"twitter:label1\" content=\"Est. reading time\" \/>\n\t<meta name=\"twitter:data1\" content=\"2 minutes\" \/>\n<script type=\"application\/ld+json\" class=\"yoast-schema-graph\">{\"@context\":\"https:\/\/schema.org\",\"@graph\":[{\"@type\":\"WebPage\",\"@id\":\"https:\/\/dev.tg4.ie\/ga\/eolas\/preas\/nuacht-raitis\/2015-2\/23-10-15\/\",\"url\":\"https:\/\/dev.tg4.ie\/ga\/eolas\/preas\/nuacht-raitis\/2015-2\/23-10-15\/\",\"name\":\"Aitheantas agus duaiseanna go leor \u00f3 IFTA 2015... - TG4\",\"isPartOf\":{\"@id\":\"https:\/\/dev.tg4.ie\/en\/#website\"},\"primaryImageOfPage\":{\"@id\":\"https:\/\/dev.tg4.ie\/ga\/eolas\/preas\/nuacht-raitis\/2015-2\/23-10-15\/#primaryimage\"},\"image\":{\"@id\":\"https:\/\/dev.tg4.ie\/ga\/eolas\/preas\/nuacht-raitis\/2015-2\/23-10-15\/#primaryimage\"},\"thumbnailUrl\":\"https:\/\/tg4-docs.s3.amazonaws.com\/tg4-redesign-2015\/wp-content\/uploads\/2015\/10\/IFTA.jpg\",\"datePublished\":\"2015-10-23T10:32:08+00:00\",\"dateModified\":\"2019-06-25T10:30:20+00:00\",\"breadcrumb\":{\"@id\":\"https:\/\/dev.tg4.ie\/ga\/eolas\/preas\/nuacht-raitis\/2015-2\/23-10-15\/#breadcrumb\"},\"inLanguage\":\"ga\",\"potentialAction\":[{\"@type\":\"ReadAction\",\"target\":[\"https:\/\/dev.tg4.ie\/ga\/eolas\/preas\/nuacht-raitis\/2015-2\/23-10-15\/\"]}]},{\"@type\":\"ImageObject\",\"inLanguage\":\"ga\",\"@id\":\"https:\/\/dev.tg4.ie\/ga\/eolas\/preas\/nuacht-raitis\/2015-2\/23-10-15\/#primaryimage\",\"url\":\"https:\/\/tg4-docs.s3.amazonaws.com\/tg4-redesign-2015\/wp-content\/uploads\/2015\/10\/IFTA.jpg\",\"contentUrl\":\"https:\/\/tg4-docs.s3.amazonaws.com\/tg4-redesign-2015\/wp-content\/uploads\/2015\/10\/IFTA.jpg\",\"width\":1920,\"height\":1080},{\"@type\":\"BreadcrumbList\",\"@id\":\"https:\/\/dev.tg4.ie\/ga\/eolas\/preas\/nuacht-raitis\/2015-2\/23-10-15\/#breadcrumb\",\"itemListElement\":[{\"@type\":\"ListItem\",\"position\":1,\"name\":\"Home\",\"item\":\"https:\/\/dev.tg4.ie\/ga\/\"},{\"@type\":\"ListItem\",\"position\":2,\"name\":\"Eolas\",\"item\":\"https:\/\/dev.tg4.ie\/ga\/eolas\/\"},{\"@type\":\"ListItem\",\"position\":3,\"name\":\"Preas\",\"item\":\"https:\/\/dev.tg4.ie\/ga\/eolas\/preas\/\"},{\"@type\":\"ListItem\",\"position\":4,\"name\":\"Nuacht R\u00e1itis\",\"item\":\"https:\/\/dev.tg4.ie\/ga\/eolas\/preas\/nuacht-raitis\/\"},{\"@type\":\"ListItem\",\"position\":5,\"name\":\"2015\",\"item\":\"https:\/\/dev.tg4.ie\/ga\/eolas\/preas\/nuacht-raitis\/2015-2\/\"},{\"@type\":\"ListItem\",\"position\":6,\"name\":\"Aitheantas agus duaiseanna go leor \u00f3 IFTA 2015&#8230;\"}]},{\"@type\":\"WebSite\",\"@id\":\"https:\/\/dev.tg4.ie\/en\/#website\",\"url\":\"https:\/\/dev.tg4.ie\/en\/\",\"name\":\"TG4\",\"description\":\"S\u00fail Eile\",\"potentialAction\":[{\"@type\":\"SearchAction\",\"target\":{\"@type\":\"EntryPoint\",\"urlTemplate\":\"https:\/\/dev.tg4.ie\/en\/?s={search_term_string}\"},\"query-input\":\"required name=search_term_string\"}],\"inLanguage\":\"ga\"}]}<\/script>\n<!-- \/ Yoast SEO plugin. -->","yoast_head_json":{"title":"Aitheantas agus duaiseanna go leor \u00f3 IFTA 2015... - TG4","robots":{"index":"index","follow":"follow","max-snippet":"max-snippet:-1","max-image-preview":"max-image-preview:large","max-video-preview":"max-video-preview:-1"},"og_locale":"en_US","og_type":"article","og_title":"Aitheantas agus duaiseanna go leor \u00f3 IFTA 2015... - TG4","og_description":"D\u2019\u00e9irigh go hiontach le saothar agus ceardaithe TG4 ag duaisbhronnadh IFTA 2015\u00a0 i mBaile \u00c1tha Cliath ar\u00e9ir.\u00a0\u00a0\u00a0\u00a0 Thug TG4 6 dhuais IFTA leis i r\u00e9ims\u00ed na gcl\u00e1r faisn\u00e9ise, sp\u00f3irt agus ceoil, \u00a0ina measc dh\u00e1 dhuais do shain-scileanna na ceirde.\u00a0 Chuimsigh na duaiseoir\u00ed ag TG4 cl\u00e1r ar r\u00f3l na mban in \u00c9ir\u00ed Amach 1916 agus Chogadh [&hellip;]","og_url":"https:\/\/dev.tg4.ie\/ga\/eolas\/preas\/nuacht-raitis\/2015-2\/23-10-15\/","og_site_name":"TG4","article_publisher":"https:\/\/www.facebook.com\/TG4TV","article_modified_time":"2019-06-25T10:30:20+00:00","og_image":[{"width":1920,"height":1080,"url":"https:\/\/tg4-docs.s3.amazonaws.com\/tg4-redesign-2015\/wp-content\/uploads\/2015\/10\/IFTA.jpg","type":"image\/jpeg"}],"twitter_card":"summary_large_image","twitter_site":"@TG4TV","twitter_misc":{"Est. reading time":"2 minutes"},"schema":{"@context":"https:\/\/schema.org","@graph":[{"@type":"WebPage","@id":"https:\/\/dev.tg4.ie\/ga\/eolas\/preas\/nuacht-raitis\/2015-2\/23-10-15\/","url":"https:\/\/dev.tg4.ie\/ga\/eolas\/preas\/nuacht-raitis\/2015-2\/23-10-15\/","name":"Aitheantas agus duaiseanna go leor \u00f3 IFTA 2015... - TG4","isPartOf":{"@id":"https:\/\/dev.tg4.ie\/en\/#website"},"primaryImageOfPage":{"@id":"https:\/\/dev.tg4.ie\/ga\/eolas\/preas\/nuacht-raitis\/2015-2\/23-10-15\/#primaryimage"},"image":{"@id":"https:\/\/dev.tg4.ie\/ga\/eolas\/preas\/nuacht-raitis\/2015-2\/23-10-15\/#primaryimage"},"thumbnailUrl":"https:\/\/tg4-docs.s3.amazonaws.com\/tg4-redesign-2015\/wp-content\/uploads\/2015\/10\/IFTA.jpg","datePublished":"2015-10-23T10:32:08+00:00","dateModified":"2019-06-25T10:30:20+00:00","breadcrumb":{"@id":"https:\/\/dev.tg4.ie\/ga\/eolas\/preas\/nuacht-raitis\/2015-2\/23-10-15\/#breadcrumb"},"inLanguage":"ga","potentialAction":[{"@type":"ReadAction","target":["https:\/\/dev.tg4.ie\/ga\/eolas\/preas\/nuacht-raitis\/2015-2\/23-10-15\/"]}]},{"@type":"ImageObject","inLanguage":"ga","@id":"https:\/\/dev.tg4.ie\/ga\/eolas\/preas\/nuacht-raitis\/2015-2\/23-10-15\/#primaryimage","url":"https:\/\/tg4-docs.s3.amazonaws.com\/tg4-redesign-2015\/wp-content\/uploads\/2015\/10\/IFTA.jpg","contentUrl":"https:\/\/tg4-docs.s3.amazonaws.com\/tg4-redesign-2015\/wp-content\/uploads\/2015\/10\/IFTA.jpg","width":1920,"height":1080},{"@type":"BreadcrumbList","@id":"https:\/\/dev.tg4.ie\/ga\/eolas\/preas\/nuacht-raitis\/2015-2\/23-10-15\/#breadcrumb","itemListElement":[{"@type":"ListItem","position":1,"name":"Home","item":"https:\/\/dev.tg4.ie\/ga\/"},{"@type":"ListItem","position":2,"name":"Eolas","item":"https:\/\/dev.tg4.ie\/ga\/eolas\/"},{"@type":"ListItem","position":3,"name":"Preas","item":"https:\/\/dev.tg4.ie\/ga\/eolas\/preas\/"},{"@type":"ListItem","position":4,"name":"Nuacht R\u00e1itis","item":"https:\/\/dev.tg4.ie\/ga\/eolas\/preas\/nuacht-raitis\/"},{"@type":"ListItem","position":5,"name":"2015","item":"https:\/\/dev.tg4.ie\/ga\/eolas\/preas\/nuacht-raitis\/2015-2\/"},{"@type":"ListItem","position":6,"name":"Aitheantas agus duaiseanna go leor \u00f3 IFTA 2015&#8230;"}]},{"@type":"WebSite","@id":"https:\/\/dev.tg4.ie\/en\/#website","url":"https:\/\/dev.tg4.ie\/en\/","name":"TG4","description":"S\u00fail Eile","potentialAction":[{"@type":"SearchAction","target":{"@type":"EntryPoint","urlTemplate":"https:\/\/dev.tg4.ie\/en\/?s={search_term_string}"},"query-input":"required name=search_term_string"}],"inLanguage":"ga"}]}},"_links":{"self":[{"href":"https:\/\/dev.tg4.ie\/ga\/wp-json\/wp\/v2\/pages\/4558"}],"collection":[{"href":"https:\/\/dev.tg4.ie\/ga\/wp-json\/wp\/v2\/pages"}],"about":[{"href":"https:\/\/dev.tg4.ie\/ga\/wp-json\/wp\/v2\/types\/page"}],"author":[{"embeddable":true,"href":"https:\/\/dev.tg4.ie\/ga\/wp-json\/wp\/v2\/users\/6"}],"replies":[{"embeddable":true,"href":"https:\/\/dev.tg4.ie\/ga\/wp-json\/wp\/v2\/comments?post=4558"}],"version-history":[{"count":0,"href":"https:\/\/dev.tg4.ie\/ga\/wp-json\/wp\/v2\/pages\/4558\/revisions"}],"up":[{"embeddable":true,"href":"https:\/\/dev.tg4.ie\/ga\/wp-json\/wp\/v2\/pages\/985"}],"wp:featuredmedia":[{"embeddable":true,"href":"https:\/\/dev.tg4.ie\/ga\/wp-json\/wp\/v2\/media\/4564"}],"wp:attachment":[{"href":"https:\/\/dev.tg4.ie\/ga\/wp-json\/wp\/v2\/media?parent=4558"}],"curies":[{"name":"wp","href":"https:\/\/api.w.org\/{rel}","templated":true}]}}