{"id":47522,"date":"2017-03-21T14:54:37","date_gmt":"2017-03-21T14:54:37","guid":{"rendered":"https:\/\/dev.tg4.ie\/corporate\/preas\/press-releases\/2017-2\/20-01-17-2\/"},"modified":"2019-06-25T09:30:58","modified_gmt":"2019-06-25T08:30:58","slug":"21-03-17","status":"publish","type":"page","link":"https:\/\/dev.tg4.ie\/ga\/eolas\/preas\/nuacht-raitis\/2017-2\/21-03-17\/","title":{"rendered":"21.03.17 &#8211; GAA Online Only"},"content":{"rendered":"<p>Cuirfidh an rogha tharraingeach seo go suntasach leis an mbeo-chraoladh teilif\u00edse at\u00e1 ar f\u00e1il cheana f\u00e9in ag TG4 ar na cluich\u00ed Gaelacha ag gach leibh\u00e9al (club, col\u00e1ist\u00ed agus contae).<\/p>\n<p>Is iad Cluich\u00ed Ceannais na Craoibhe Iom\u00e1na Masita do Scoileanna Dara Leibh\u00e9il a imreofar i Staid Semple ar an Satharn seo chugainn an ch\u00e9ad rogha don l\u00edon-chraoladh beo seo agus as seo go ceann r\u00e1ithe beidh scoth na gcluich\u00ed eile ar f\u00e1il go heisiach agus ar fud an domhain ar \u00a0<a href=\"https:\/\/dev.tg4.ie\">www.tg4.ie<\/a>\u00a0 ina measc Cluich\u00ed Ceannais C\u00faige na Craoibhe Peile faoi 21, den ch\u00e9ad uair riamh.<\/p>\n<p>Seo \u00e9 an liosta ioml\u00e1n don L\u00edonchraoladh beo&#8230;<\/p>\n<p><strong>D\u00e9 Sathairn 25 M\u00e1rta<\/strong> \u00a0\u00a0\u00a0\u00a0 Cluich\u00ed Ceannais \u00a0na Craoibhe Iom\u00e1na Masita do Scoileanna Dara Leibh\u00e9il<\/p>\n<p><strong>D\u00e9 C\u00e9adaoin 29 M\u00e1rta<\/strong>\u00a0 \u00a0\u00a0 Cluiche Ceannais Craobh Laighean EirGrid sa Pheil faoi 21<br \/>\n<strong>D\u00e9 C\u00e9adaoin 29 M\u00e1rta<\/strong> \u00a0\u00a0\u00a0Cluiche Ceannais Craobh na Mumhan EirGrid sa Pheil faoi 21<\/p>\n<p><strong>D\u00e9 Sathairn 1 Aibre\u00e1n\u00a0\u00a0\u00a0\u00a0 <\/strong>Cluich\u00ed Ceannais na Craoibhe Peile Masita do Scoileanna Dara Leibh\u00e9il<\/p>\n<p><strong>D\u00e9 Sathairn 1 Aibre\u00e1n<\/strong>\u00a0\u00a0\u00a0\u00a0 Cluiche Ceannais Craobh Chonnacht EirGrid sa Pheil faoi 21<br \/>\n<strong>D\u00e9 C\u00e9adaoin 5 Aibre\u00e1n<\/strong> \u00a0 Cluiche Ceannais Craobh Uladh EirGrid sa Pheil faoi 21<\/p>\n<p>Chomh maith leis an L\u00edon-chraoladh beo, iar-chraolfaidh TG4 buaic-phoint\u00ed na gcluich\u00ed seo ar an gcain\u00e9al teilif\u00edse ar an o\u00edche imeartha.<\/p>\n<p>Deir Eagra\u00ed Sp\u00f3irt TG4, R\u00f3n\u00e1n \u00d3 Coisdealbha gur forbairt shuntasach \u00ed seo: \u00a0\u201cT\u00e1 a fhios againn le fada go bhfuil \u00e9ileamh ar chl\u00fadach ard-chaighde\u00e1in ar na com\u00f3rtais seo\u201d, a d\u00fairt s\u00e9, \u201cagus is eol d\u00fainn freisin nach in \u00c9irinn amh\u00e1in at\u00e1 an t-\u00e9ileamh seo.\u00a0 T\u00e1 go leor leor daoine, in \u00c9irinn agus ar fud an domhain \u201cag baint leas as an Idirl\u00edon chun a mianta f\u00e9achana, idir chl\u00fadach sp\u00f3irt agus eile, a sh\u00e1samh agus is bre\u00e1 linn an deis a bheidh againn freastal ar an bpobal f\u00e9achana sin leis an sol\u00e1thar seo.<em>\u201d<\/em><\/p>\n","protected":false},"excerpt":{"rendered":"<p>Cuirfidh an rogha tharraingeach seo go suntasach leis an mbeo-chraoladh teilif\u00edse at\u00e1 ar f\u00e1il cheana f\u00e9in ag TG4 ar na cluich\u00ed Gaelacha ag gach leibh\u00e9al (club, col\u00e1ist\u00ed agus contae). Is iad Cluich\u00ed Ceannais na Craoibhe Iom\u00e1na Masita do Scoileanna Dara Leibh\u00e9il a imreofar i Staid Semple ar an Satharn seo chugainn an ch\u00e9ad rogha don [&hellip;]<\/p>\n","protected":false},"author":4,"featured_media":26607,"parent":40345,"menu_order":2,"comment_status":"closed","ping_status":"closed","template":"page-templates\/template-pr.php","meta":{"_acf_changed":false,"footnotes":""},"acf":[],"yoast_head":"<!-- This site is optimized with the Yoast SEO plugin v22.6 - https:\/\/yoast.com\/wordpress\/plugins\/seo\/ -->\n<title>21.03.17 - GAA Online Only - TG4<\/title>\n<meta name=\"robots\" content=\"index, follow, max-snippet:-1, max-image-preview:large, max-video-preview:-1\" \/>\n<meta property=\"og:locale\" content=\"en_US\" \/>\n<meta property=\"og:type\" content=\"article\" \/>\n<meta property=\"og:title\" content=\"21.03.17 - GAA Online Only - TG4\" \/>\n<meta property=\"og:description\" content=\"Cuirfidh an rogha tharraingeach seo go suntasach leis an mbeo-chraoladh teilif\u00edse at\u00e1 ar f\u00e1il cheana f\u00e9in ag TG4 ar na cluich\u00ed Gaelacha ag gach leibh\u00e9al (club, col\u00e1ist\u00ed agus contae). Is iad Cluich\u00ed Ceannais na Craoibhe Iom\u00e1na Masita do Scoileanna Dara Leibh\u00e9il a imreofar i Staid Semple ar an Satharn seo chugainn an ch\u00e9ad rogha don [&hellip;]\" \/>\n<meta property=\"og:url\" content=\"https:\/\/dev.tg4.ie\/ga\/eolas\/preas\/nuacht-raitis\/2017-2\/21-03-17\/\" \/>\n<meta property=\"og:site_name\" content=\"TG4\" \/>\n<meta property=\"article:publisher\" content=\"https:\/\/www.facebook.com\/TG4TV\" \/>\n<meta property=\"article:modified_time\" content=\"2019-06-25T08:30:58+00:00\" \/>\n<meta property=\"og:image\" content=\"https:\/\/tg4-docs.s3.amazonaws.com\/tg4-redesign-2015\/wp-content\/uploads\/2015\/07\/GAA_Iomaint.jpg\" \/>\n\t<meta property=\"og:image:width\" content=\"1920\" \/>\n\t<meta property=\"og:image:height\" content=\"1080\" \/>\n\t<meta property=\"og:image:type\" content=\"image\/jpeg\" \/>\n<meta name=\"twitter:card\" content=\"summary_large_image\" \/>\n<meta name=\"twitter:site\" content=\"@TG4TV\" \/>\n<meta name=\"twitter:label1\" content=\"Est. reading time\" \/>\n\t<meta name=\"twitter:data1\" content=\"2 minutes\" \/>\n<script type=\"application\/ld+json\" class=\"yoast-schema-graph\">{\"@context\":\"https:\/\/schema.org\",\"@graph\":[{\"@type\":\"WebPage\",\"@id\":\"https:\/\/dev.tg4.ie\/ga\/eolas\/preas\/nuacht-raitis\/2017-2\/21-03-17\/\",\"url\":\"https:\/\/dev.tg4.ie\/ga\/eolas\/preas\/nuacht-raitis\/2017-2\/21-03-17\/\",\"name\":\"21.03.17 - GAA Online Only - TG4\",\"isPartOf\":{\"@id\":\"https:\/\/dev.tg4.ie\/en\/#website\"},\"primaryImageOfPage\":{\"@id\":\"https:\/\/dev.tg4.ie\/ga\/eolas\/preas\/nuacht-raitis\/2017-2\/21-03-17\/#primaryimage\"},\"image\":{\"@id\":\"https:\/\/dev.tg4.ie\/ga\/eolas\/preas\/nuacht-raitis\/2017-2\/21-03-17\/#primaryimage\"},\"thumbnailUrl\":\"https:\/\/tg4-docs.s3.amazonaws.com\/tg4-redesign-2015\/wp-content\/uploads\/2015\/07\/GAA_Iomaint.jpg\",\"datePublished\":\"2017-03-21T14:54:37+00:00\",\"dateModified\":\"2019-06-25T08:30:58+00:00\",\"breadcrumb\":{\"@id\":\"https:\/\/dev.tg4.ie\/ga\/eolas\/preas\/nuacht-raitis\/2017-2\/21-03-17\/#breadcrumb\"},\"inLanguage\":\"ga\",\"potentialAction\":[{\"@type\":\"ReadAction\",\"target\":[\"https:\/\/dev.tg4.ie\/ga\/eolas\/preas\/nuacht-raitis\/2017-2\/21-03-17\/\"]}]},{\"@type\":\"ImageObject\",\"inLanguage\":\"ga\",\"@id\":\"https:\/\/dev.tg4.ie\/ga\/eolas\/preas\/nuacht-raitis\/2017-2\/21-03-17\/#primaryimage\",\"url\":\"https:\/\/tg4-docs.s3.amazonaws.com\/tg4-redesign-2015\/wp-content\/uploads\/2015\/07\/GAA_Iomaint.jpg\",\"contentUrl\":\"https:\/\/tg4-docs.s3.amazonaws.com\/tg4-redesign-2015\/wp-content\/uploads\/2015\/07\/GAA_Iomaint.jpg\",\"width\":1920,\"height\":1080,\"caption\":\"GAA Iom\u00e1int\"},{\"@type\":\"BreadcrumbList\",\"@id\":\"https:\/\/dev.tg4.ie\/ga\/eolas\/preas\/nuacht-raitis\/2017-2\/21-03-17\/#breadcrumb\",\"itemListElement\":[{\"@type\":\"ListItem\",\"position\":1,\"name\":\"Home\",\"item\":\"https:\/\/dev.tg4.ie\/ga\/\"},{\"@type\":\"ListItem\",\"position\":2,\"name\":\"Eolas\",\"item\":\"https:\/\/dev.tg4.ie\/ga\/eolas\/\"},{\"@type\":\"ListItem\",\"position\":3,\"name\":\"Preas\",\"item\":\"https:\/\/dev.tg4.ie\/ga\/eolas\/preas\/\"},{\"@type\":\"ListItem\",\"position\":4,\"name\":\"Nuacht R\u00e1itis\",\"item\":\"https:\/\/dev.tg4.ie\/ga\/eolas\/preas\/nuacht-raitis\/\"},{\"@type\":\"ListItem\",\"position\":5,\"name\":\"2017\",\"item\":\"https:\/\/dev.tg4.ie\/ga\/eolas\/preas\/nuacht-raitis\/2017-2\/\"},{\"@type\":\"ListItem\",\"position\":6,\"name\":\"21.03.17 &#8211; GAA Online Only\"}]},{\"@type\":\"WebSite\",\"@id\":\"https:\/\/dev.tg4.ie\/en\/#website\",\"url\":\"https:\/\/dev.tg4.ie\/en\/\",\"name\":\"TG4\",\"description\":\"S\u00fail Eile\",\"potentialAction\":[{\"@type\":\"SearchAction\",\"target\":{\"@type\":\"EntryPoint\",\"urlTemplate\":\"https:\/\/dev.tg4.ie\/en\/?s={search_term_string}\"},\"query-input\":\"required name=search_term_string\"}],\"inLanguage\":\"ga\"}]}<\/script>\n<!-- \/ Yoast SEO plugin. -->","yoast_head_json":{"title":"21.03.17 - GAA Online Only - TG4","robots":{"index":"index","follow":"follow","max-snippet":"max-snippet:-1","max-image-preview":"max-image-preview:large","max-video-preview":"max-video-preview:-1"},"og_locale":"en_US","og_type":"article","og_title":"21.03.17 - GAA Online Only - TG4","og_description":"Cuirfidh an rogha tharraingeach seo go suntasach leis an mbeo-chraoladh teilif\u00edse at\u00e1 ar f\u00e1il cheana f\u00e9in ag TG4 ar na cluich\u00ed Gaelacha ag gach leibh\u00e9al (club, col\u00e1ist\u00ed agus contae). Is iad Cluich\u00ed Ceannais na Craoibhe Iom\u00e1na Masita do Scoileanna Dara Leibh\u00e9il a imreofar i Staid Semple ar an Satharn seo chugainn an ch\u00e9ad rogha don [&hellip;]","og_url":"https:\/\/dev.tg4.ie\/ga\/eolas\/preas\/nuacht-raitis\/2017-2\/21-03-17\/","og_site_name":"TG4","article_publisher":"https:\/\/www.facebook.com\/TG4TV","article_modified_time":"2019-06-25T08:30:58+00:00","og_image":[{"width":1920,"height":1080,"url":"https:\/\/tg4-docs.s3.amazonaws.com\/tg4-redesign-2015\/wp-content\/uploads\/2015\/07\/GAA_Iomaint.jpg","type":"image\/jpeg"}],"twitter_card":"summary_large_image","twitter_site":"@TG4TV","twitter_misc":{"Est. reading time":"2 minutes"},"schema":{"@context":"https:\/\/schema.org","@graph":[{"@type":"WebPage","@id":"https:\/\/dev.tg4.ie\/ga\/eolas\/preas\/nuacht-raitis\/2017-2\/21-03-17\/","url":"https:\/\/dev.tg4.ie\/ga\/eolas\/preas\/nuacht-raitis\/2017-2\/21-03-17\/","name":"21.03.17 - GAA Online Only - TG4","isPartOf":{"@id":"https:\/\/dev.tg4.ie\/en\/#website"},"primaryImageOfPage":{"@id":"https:\/\/dev.tg4.ie\/ga\/eolas\/preas\/nuacht-raitis\/2017-2\/21-03-17\/#primaryimage"},"image":{"@id":"https:\/\/dev.tg4.ie\/ga\/eolas\/preas\/nuacht-raitis\/2017-2\/21-03-17\/#primaryimage"},"thumbnailUrl":"https:\/\/tg4-docs.s3.amazonaws.com\/tg4-redesign-2015\/wp-content\/uploads\/2015\/07\/GAA_Iomaint.jpg","datePublished":"2017-03-21T14:54:37+00:00","dateModified":"2019-06-25T08:30:58+00:00","breadcrumb":{"@id":"https:\/\/dev.tg4.ie\/ga\/eolas\/preas\/nuacht-raitis\/2017-2\/21-03-17\/#breadcrumb"},"inLanguage":"ga","potentialAction":[{"@type":"ReadAction","target":["https:\/\/dev.tg4.ie\/ga\/eolas\/preas\/nuacht-raitis\/2017-2\/21-03-17\/"]}]},{"@type":"ImageObject","inLanguage":"ga","@id":"https:\/\/dev.tg4.ie\/ga\/eolas\/preas\/nuacht-raitis\/2017-2\/21-03-17\/#primaryimage","url":"https:\/\/tg4-docs.s3.amazonaws.com\/tg4-redesign-2015\/wp-content\/uploads\/2015\/07\/GAA_Iomaint.jpg","contentUrl":"https:\/\/tg4-docs.s3.amazonaws.com\/tg4-redesign-2015\/wp-content\/uploads\/2015\/07\/GAA_Iomaint.jpg","width":1920,"height":1080,"caption":"GAA Iom\u00e1int"},{"@type":"BreadcrumbList","@id":"https:\/\/dev.tg4.ie\/ga\/eolas\/preas\/nuacht-raitis\/2017-2\/21-03-17\/#breadcrumb","itemListElement":[{"@type":"ListItem","position":1,"name":"Home","item":"https:\/\/dev.tg4.ie\/ga\/"},{"@type":"ListItem","position":2,"name":"Eolas","item":"https:\/\/dev.tg4.ie\/ga\/eolas\/"},{"@type":"ListItem","position":3,"name":"Preas","item":"https:\/\/dev.tg4.ie\/ga\/eolas\/preas\/"},{"@type":"ListItem","position":4,"name":"Nuacht R\u00e1itis","item":"https:\/\/dev.tg4.ie\/ga\/eolas\/preas\/nuacht-raitis\/"},{"@type":"ListItem","position":5,"name":"2017","item":"https:\/\/dev.tg4.ie\/ga\/eolas\/preas\/nuacht-raitis\/2017-2\/"},{"@type":"ListItem","position":6,"name":"21.03.17 &#8211; GAA Online Only"}]},{"@type":"WebSite","@id":"https:\/\/dev.tg4.ie\/en\/#website","url":"https:\/\/dev.tg4.ie\/en\/","name":"TG4","description":"S\u00fail Eile","potentialAction":[{"@type":"SearchAction","target":{"@type":"EntryPoint","urlTemplate":"https:\/\/dev.tg4.ie\/en\/?s={search_term_string}"},"query-input":"required name=search_term_string"}],"inLanguage":"ga"}]}},"_links":{"self":[{"href":"https:\/\/dev.tg4.ie\/ga\/wp-json\/wp\/v2\/pages\/47522"}],"collection":[{"href":"https:\/\/dev.tg4.ie\/ga\/wp-json\/wp\/v2\/pages"}],"about":[{"href":"https:\/\/dev.tg4.ie\/ga\/wp-json\/wp\/v2\/types\/page"}],"author":[{"embeddable":true,"href":"https:\/\/dev.tg4.ie\/ga\/wp-json\/wp\/v2\/users\/4"}],"replies":[{"embeddable":true,"href":"https:\/\/dev.tg4.ie\/ga\/wp-json\/wp\/v2\/comments?post=47522"}],"version-history":[{"count":0,"href":"https:\/\/dev.tg4.ie\/ga\/wp-json\/wp\/v2\/pages\/47522\/revisions"}],"up":[{"embeddable":true,"href":"https:\/\/dev.tg4.ie\/ga\/wp-json\/wp\/v2\/pages\/40345"}],"wp:featuredmedia":[{"embeddable":true,"href":"https:\/\/dev.tg4.ie\/ga\/wp-json\/wp\/v2\/media\/26607"}],"wp:attachment":[{"href":"https:\/\/dev.tg4.ie\/ga\/wp-json\/wp\/v2\/media?parent=47522"}],"curies":[{"name":"wp","href":"https:\/\/api.w.org\/{rel}","templated":true}]}}