{"id":48039,"date":"2017-03-27T10:47:00","date_gmt":"2017-03-27T09:47:38","guid":{"rendered":"https:\/\/dev.tg4.ie\/?page_id=48039\/"},"modified":"2025-10-14T11:36:41","modified_gmt":"2025-10-14T10:36:41","slug":"tairiscinti","status":"publish","type":"page","link":"https:\/\/dev.tg4.ie\/ga\/corporate\/tairiscinti\/","title":{"rendered":"Tairiscint\u00ed"},"content":{"rendered":"<p><!--h2>Seirbh\u00eds Aimsire TG4<\/h2>\n\n\nCuirfear f\u00e1ilte roimh iarratais ar shol\u00e1thar Seirbh\u00eds\u00ed Aimsire do TG4.\n\n10 Meitheamh 2025 an spriocd\u00e1ta.\n\nT\u00e1 gach eolas ar f\u00e1il anseo\n<a href=\"https:\/\/www.etenders.gov.ie\/epps\/cft\/prepareViewCfTWS.do?resourceId=5614266\" rel=\"noopener\" target=\"_blank\">https:\/\/www.etenders.gov.ie\/epps\/cft\/prepareViewCfTWS.do?resourceId=5614266<\/a--><br \/>\n&nbsp;<br \/>\n&nbsp;<\/p>\n<hr \/>\n<p><!--\n\n\n\n<h2>Seirbh\u00eds\u00ed Fotheideal TG4<\/h2>\n\n\nF\u00e1ilteoidh TG4 roimh iarratais \u00f3 chomhlachta\u00ed c\u00e1ilithe chun na seirbh\u00eds\u00ed seo a leanas a shol\u00e1thar do thr\u00e9imhse tr\u00ed bliana \u00f3 th\u00fas mh\u00ed Bealtaine 2024.\n\nA:     Fotheidil d\u00f3ibh sin ar bheag\u00e1n Gaeilge\nB:     Fotheidil do dhaoine a bhfuil lag\u00fa \u00e9isteachta ag dul d\u00f3ibh \nC:     Fotheidil ar chraolta\u00ed beo   \nD:     Fotheidil i nGaeilge agus i mB\u00e9arla araon\nE:     Fotheidil i nGaeilge d\u2019fhoghlaimeoir\u00ed \nF:     Fotheidil i nGaeilge &\/n\u00f3 i mB\u00e9arla d\u2019\u00e1bhar neamhl\u00edneach\n\n\nMar chabhair d\u2019iarrth\u00f3ir\u00ed, beidh f\u00e1il, ach \u00e9 a iarraidh, ar mheastach\u00e1n den l\u00edon uaireanta an chloig agus aicm\u00ed cl\u00e1r do gach aicme A-F. \n\nN\u00ed g\u00e1 gur ionann an meastach\u00e1n sin agus an l\u00edon uaireanta a bheidh i gceist in aon chonradh a thairgf\u00ed de thoradh na tairisceana seo.\n\nIarrtar ar chomhlachta\u00ed ar suim leo an tseirbh\u00eds seo, an sol\u00e1thar ioml\u00e1n n\u00f3 aon chuid de agus at\u00e1 in ann a chruth\u00fa go bhfuil an scil agus an tsaintaith\u00ed acu lena dh\u00e9anamh, iarratais i scr\u00edbhinn a shol\u00e1thar. N\u00ed fol\u00e1ir buis\u00e9ad ina sonra\u00edtear miondeal\u00fa ar an gcostas san uair an chloig a chur ar f\u00e1il mar chuid den iarratas mar aon le sonra\u00ed ar aon lascaine a bheadh ar f\u00e1il de r\u00e9ir ollsol\u00e1thair.\n&nbsp;\n<strong>Iarratais:<\/strong> \nCaithfear na hiarratais a chur isteach go leictreonach, tr\u00e1th nach d\u00e9ana\u00ed n\u00e1 6pm D\u00e9 C\u00e9adaoin, an 10 Aibre\u00e1n 2024.\n \nMura bhfuil an comhlacht cl\u00e1raithe, caithfear cl\u00e1r\u00fa ar dt\u00fas ar an su\u00edomh eCoimisi\u00fain <a href=\"https:\/\/ecomm.tg4.ie\" rel=\"noopener\" target=\"_blank\">https:\/\/ecomm.tg4.ie<\/a>, agus an t-iarratas a uasl\u00f3d\u00e1il roimh an sprioc-am tr\u00edd an rogha, \u2018Babhta Fotheideal\u2019, \u00f3n roghchl\u00e1r anuas a roghn\u00fa.  Tiocfaidh admh\u00e1il chugat go leictreonach go huathoibr\u00edoch.  N\u00ed ghlacfar le hiarratais tar \u00e9is an sprioc-ama agus caithfidh na comhlachta\u00ed iad f\u00e9in a chinnti\u00fa go bhfuil na hiarratais seachadta.  \n&nbsp;\n<strong>Tuilleadh eolais <\/strong>\nIs f\u00e9idir tuileadh eolais agus meastach\u00e1n den l\u00edon uaireanta an chloig maidir leis an iarratas seo a fh\u00e1il tr\u00ed r\u00edomhphost a sheoladh chuig Joan N\u00ed Eanach\u00e1in \u2013 joan.ni.eanachain@dev.tg4.ie\n\nM\u00e1 bh\u00edonn aon cheist agat maidir leis an bpr\u00f3iseas leictreonach seachadta, cuir r-phost chuig Majella Nic Dhonnacha <<a href=\"mailto:Majella.Nic.Dhonnacha@dev.tg4.ie\" rel=\"noopener\" target=\"_blank\">Majella.Nic.Dhonnacha@dev.tg4.ie<\/a>>\n\n\n<em>Is conradh 3 bliana \u00ed seo, le rogha ag TG4 s\u00edneadh suas go 2 bhliain breise a chuir leis an chonradh sin.\nGlacfar le hiarratas ar an mbonn go gcomhl\u00edonfaidh iarrth\u00f3ir na hoibleag\u00e1id\u00ed reacht\u00fala iomchu\u00ed uile.   \nN\u00edl dualgas ar TG4 glacadh leis an iarratas is \u00edsle praghas n\u00e1 le haon iarratas.\nBeidh aon chonradh ag brath ar Dheimhni\u00fa Imr\u00e9itigh C\u00e1nach \u00f3 na Coimisin\u00e9ir Ioncaim.\nFaoin gconradh seo, beidh cearta ioml\u00e1na ag TG4 ar na fotheidil.\nAn tAcht um Shaor\u00e1il Faisn\u00e9ise: Cuirtear iarrth\u00f3ir\u00ed ar an eolas gur ceadmhach eolas a shol\u00e1thra\u00edtear a nochtadh don phobal faoin Acht um Shaor\u00e1il Faisn\u00e9ise.  Ba ch\u00f3ir d\u2019iarrth\u00f3ir\u00ed aird a tharraingt ar aon eolas \u00edogair (m\u00e1s ann) agus an ch\u00fais gur eolas \u00edogair \u00e9 a chur in i\u00fal.  N\u00ed f\u00e9idir glacadh leis nach gcuirfear iallach ar TG4 eolas a eisi\u00faint, fi\u00fa m\u00e1s d\u00f3igh leis an iarrth\u00f3ir gur eolas \u00edogair \u00e9 agus go bhfuil sin curtha in i\u00fal aige do TG4.<\/em>\n&nbsp;\n<a href=\"https:\/\/tg4-docs.s3.amazonaws.com\/wp-content\/uploads\/2024\/03\/14093159\/TG4-Fogra-Iarrtais-Fotheideal2024.pdf\">>>> Doicim\u00e9id<\/a>\n&nbsp;\n\n\n\n&nbsp;\n&nbsp;\n\n\n\n<hr \/>\n\n\n--><\/p>\n<p><strong>Services &#038; Goods Contract &#8211;<\/strong> <a href=\"https:\/\/tg4-docs.s3.amazonaws.com\/tg4-redesign-2015\/wp-content\/uploads\/2021\/12\/services-and-goods-contract-template-TG4-samhain-2021.pdf\" target=\"_New\" rel=\"noopener noreferrer\"> Eolas Anseo<\/a><\/p>\n<p><strong>Services Contract &#8211;<\/strong> <a href=\"https:\/\/tg4-docs.s3.amazonaws.com\/tg4-redesign-2015\/wp-content\/uploads\/2021\/12\/services-contract-template-TG4-samhain-2021.pdf\" target=\"_New\" rel=\"noopener noreferrer\"> Eolas Anseo<\/a><\/p>\n<p><strong>Goods Contract &#8211;<\/strong> <a href=\"https:\/\/tg4-docs.s3.amazonaws.com\/tg4-redesign-2015\/wp-content\/uploads\/2021\/12\/goods-contract-template-TG4-samhain-2021.pdf\" target=\"_New\" rel=\"noopener noreferrer\"> Eolas Anseo<\/a><br \/>\n&nbsp;<\/p>\n<p><!--h2>N\u00edl aon tairiscint\u00ed againn faoi l\u00e1thair.<\/h2-->\n","protected":false},"excerpt":{"rendered":"<p>&nbsp; &nbsp; Services &#038; Goods Contract &#8211; Eolas Anseo Services Contract &#8211; Eolas Anseo Goods Contract &#8211; Eolas Anseo &nbsp;<\/p>\n","protected":false},"author":4,"featured_media":0,"parent":660,"menu_order":5,"comment_status":"closed","ping_status":"closed","template":"page-templates\/template-corporate.php","meta":{"_acf_changed":false,"footnotes":""},"acf":[],"yoast_head":"<!-- This site is optimized with the Yoast SEO plugin v22.6 - https:\/\/yoast.com\/wordpress\/plugins\/seo\/ -->\n<title>Tairiscint\u00ed - TG4<\/title>\n<meta name=\"robots\" content=\"index, follow, max-snippet:-1, max-image-preview:large, max-video-preview:-1\" \/>\n<meta property=\"og:locale\" content=\"en_US\" \/>\n<meta property=\"og:type\" content=\"article\" \/>\n<meta property=\"og:title\" content=\"Tairiscint\u00ed - TG4\" \/>\n<meta property=\"og:description\" content=\"&nbsp; &nbsp; Services &#038; Goods Contract &#8211; Eolas Anseo Services Contract &#8211; Eolas Anseo Goods Contract &#8211; Eolas Anseo &nbsp;\" \/>\n<meta property=\"og:url\" content=\"https:\/\/dev.tg4.ie\/ga\/corporate\/tairiscinti\/\" \/>\n<meta property=\"og:site_name\" content=\"TG4\" \/>\n<meta property=\"article:publisher\" content=\"https:\/\/www.facebook.com\/TG4TV\" \/>\n<meta property=\"article:modified_time\" content=\"2025-10-14T10:36:41+00:00\" \/>\n<meta property=\"og:image\" content=\"https:\/\/tg4-docs.s3.amazonaws.com\/wp-content\/uploads\/2024\/11\/18151812\/TG4_2024_corcra_teal_1-1920x1080-1.jpg\" \/>\n\t<meta property=\"og:image:width\" content=\"1920\" \/>\n\t<meta property=\"og:image:height\" content=\"1080\" \/>\n\t<meta property=\"og:image:type\" content=\"image\/jpeg\" \/>\n<meta name=\"twitter:card\" content=\"summary_large_image\" \/>\n<meta name=\"twitter:site\" content=\"@TG4TV\" \/>\n<meta name=\"twitter:label1\" content=\"Est. reading time\" \/>\n\t<meta name=\"twitter:data1\" content=\"1 minute\" \/>\n<script type=\"application\/ld+json\" class=\"yoast-schema-graph\">{\"@context\":\"https:\/\/schema.org\",\"@graph\":[{\"@type\":\"WebPage\",\"@id\":\"https:\/\/dev.tg4.ie\/ga\/corporate\/tairiscinti\/\",\"url\":\"https:\/\/dev.tg4.ie\/ga\/corporate\/tairiscinti\/\",\"name\":\"Tairiscint\u00ed - TG4\",\"isPartOf\":{\"@id\":\"https:\/\/dev.tg4.ie\/en\/#website\"},\"datePublished\":\"2017-03-27T09:47:38+00:00\",\"dateModified\":\"2025-10-14T10:36:41+00:00\",\"breadcrumb\":{\"@id\":\"https:\/\/dev.tg4.ie\/ga\/corporate\/tairiscinti\/#breadcrumb\"},\"inLanguage\":\"ga\",\"potentialAction\":[{\"@type\":\"ReadAction\",\"target\":[\"https:\/\/dev.tg4.ie\/ga\/corporate\/tairiscinti\/\"]}]},{\"@type\":\"BreadcrumbList\",\"@id\":\"https:\/\/dev.tg4.ie\/ga\/corporate\/tairiscinti\/#breadcrumb\",\"itemListElement\":[{\"@type\":\"ListItem\",\"position\":1,\"name\":\"Home\",\"item\":\"https:\/\/dev.tg4.ie\/ga\/\"},{\"@type\":\"ListItem\",\"position\":2,\"name\":\"Corpar\u00e1ideach\",\"item\":\"https:\/\/dev.tg4.ie\/ga\/corporate\/\"},{\"@type\":\"ListItem\",\"position\":3,\"name\":\"Tairiscint\u00ed\"}]},{\"@type\":\"WebSite\",\"@id\":\"https:\/\/dev.tg4.ie\/en\/#website\",\"url\":\"https:\/\/dev.tg4.ie\/en\/\",\"name\":\"TG4\",\"description\":\"S\u00fail Eile\",\"potentialAction\":[{\"@type\":\"SearchAction\",\"target\":{\"@type\":\"EntryPoint\",\"urlTemplate\":\"https:\/\/dev.tg4.ie\/en\/?s={search_term_string}\"},\"query-input\":\"required name=search_term_string\"}],\"inLanguage\":\"ga\"}]}<\/script>\n<!-- \/ Yoast SEO plugin. -->","yoast_head_json":{"title":"Tairiscint\u00ed - TG4","robots":{"index":"index","follow":"follow","max-snippet":"max-snippet:-1","max-image-preview":"max-image-preview:large","max-video-preview":"max-video-preview:-1"},"og_locale":"en_US","og_type":"article","og_title":"Tairiscint\u00ed - TG4","og_description":"&nbsp; &nbsp; Services &#038; Goods Contract &#8211; Eolas Anseo Services Contract &#8211; Eolas Anseo Goods Contract &#8211; Eolas Anseo &nbsp;","og_url":"https:\/\/dev.tg4.ie\/ga\/corporate\/tairiscinti\/","og_site_name":"TG4","article_publisher":"https:\/\/www.facebook.com\/TG4TV","article_modified_time":"2025-10-14T10:36:41+00:00","og_image":[{"width":1920,"height":1080,"url":"https:\/\/tg4-docs.s3.amazonaws.com\/wp-content\/uploads\/2024\/11\/18151812\/TG4_2024_corcra_teal_1-1920x1080-1.jpg","type":"image\/jpeg"}],"twitter_card":"summary_large_image","twitter_site":"@TG4TV","twitter_misc":{"Est. reading time":"1 minute"},"schema":{"@context":"https:\/\/schema.org","@graph":[{"@type":"WebPage","@id":"https:\/\/dev.tg4.ie\/ga\/corporate\/tairiscinti\/","url":"https:\/\/dev.tg4.ie\/ga\/corporate\/tairiscinti\/","name":"Tairiscint\u00ed - TG4","isPartOf":{"@id":"https:\/\/dev.tg4.ie\/en\/#website"},"datePublished":"2017-03-27T09:47:38+00:00","dateModified":"2025-10-14T10:36:41+00:00","breadcrumb":{"@id":"https:\/\/dev.tg4.ie\/ga\/corporate\/tairiscinti\/#breadcrumb"},"inLanguage":"ga","potentialAction":[{"@type":"ReadAction","target":["https:\/\/dev.tg4.ie\/ga\/corporate\/tairiscinti\/"]}]},{"@type":"BreadcrumbList","@id":"https:\/\/dev.tg4.ie\/ga\/corporate\/tairiscinti\/#breadcrumb","itemListElement":[{"@type":"ListItem","position":1,"name":"Home","item":"https:\/\/dev.tg4.ie\/ga\/"},{"@type":"ListItem","position":2,"name":"Corpar\u00e1ideach","item":"https:\/\/dev.tg4.ie\/ga\/corporate\/"},{"@type":"ListItem","position":3,"name":"Tairiscint\u00ed"}]},{"@type":"WebSite","@id":"https:\/\/dev.tg4.ie\/en\/#website","url":"https:\/\/dev.tg4.ie\/en\/","name":"TG4","description":"S\u00fail Eile","potentialAction":[{"@type":"SearchAction","target":{"@type":"EntryPoint","urlTemplate":"https:\/\/dev.tg4.ie\/en\/?s={search_term_string}"},"query-input":"required name=search_term_string"}],"inLanguage":"ga"}]}},"_links":{"self":[{"href":"https:\/\/dev.tg4.ie\/ga\/wp-json\/wp\/v2\/pages\/48039"}],"collection":[{"href":"https:\/\/dev.tg4.ie\/ga\/wp-json\/wp\/v2\/pages"}],"about":[{"href":"https:\/\/dev.tg4.ie\/ga\/wp-json\/wp\/v2\/types\/page"}],"author":[{"embeddable":true,"href":"https:\/\/dev.tg4.ie\/ga\/wp-json\/wp\/v2\/users\/4"}],"replies":[{"embeddable":true,"href":"https:\/\/dev.tg4.ie\/ga\/wp-json\/wp\/v2\/comments?post=48039"}],"version-history":[{"count":0,"href":"https:\/\/dev.tg4.ie\/ga\/wp-json\/wp\/v2\/pages\/48039\/revisions"}],"up":[{"embeddable":true,"href":"https:\/\/dev.tg4.ie\/ga\/wp-json\/wp\/v2\/pages\/660"}],"wp:attachment":[{"href":"https:\/\/dev.tg4.ie\/ga\/wp-json\/wp\/v2\/media?parent=48039"}],"curies":[{"name":"wp","href":"https:\/\/api.w.org\/{rel}","templated":true}]}}