{"id":49402,"date":"2017-05-03T16:53:11","date_gmt":"2017-05-03T15:53:11","guid":{"rendered":"https:\/\/dev.tg4.ie\/?page_id=49402"},"modified":"2019-06-25T09:31:56","modified_gmt":"2019-06-25T08:31:56","slug":"03-05-17","status":"publish","type":"page","link":"https:\/\/dev.tg4.ie\/ga\/eolas\/preas\/nuacht-raitis\/2017-2\/03-05-17\/","title":{"rendered":"03.05.17 &#8211; Cine4 Seolta"},"content":{"rendered":"<p>Spreagfaidh Cine4, sc\u00e9ala\u00edocht l\u00e1idir, samhla\u00edocht fh\u00edsi\u00fail agus luachanna arda l\u00e9irithe san m\u00f3rscann\u00e1in a thiocfaidh as. Cuirfear cist\u00edocht fhorbartha suas le \u20ac25k ar f\u00e1il do ch\u00faig thogra nua gach bliain agus astu sin roghn\u00f3far p\u00e9ire le l\u00e9iri\u00fa. Beidh buis\u00e9ad de suas le \u20ac1.2 milli\u00fan ag na tionscnaimh a l\u00e9ireofar agus sula gcraoltar ar TG4 iad, beidh \u2018tr\u00e9imhse phicti\u00farlanna\u2019 ag na scann\u00e1in a l\u00e9ir\u00edtear faoin sc\u00e9im, seal ina mbeidh siad p\u00e1irteach i bhf\u00e9ilte scann\u00e1n agus ar taispe\u00e1int i bpicti\u00farlanna.<\/p>\n<p>Re\u00e1cht\u00e1lfar sc\u00e9im fhorbartha Cine4 ar bhun\u00fas trialach i 2017-18 agus t\u00e1 s\u00e9 mar aidhm an sc\u00e9im a re\u00e1cht\u00e1il ar bhun\u00fas bliant\u00fail ina dhiaidh sin, rud a chiall\u00f3dh go l\u00e9ireofa\u00ed dh\u00e1 scann\u00e1n i nGaeilge gach bliain sna ceithre bhliana at\u00e1 romhainn.<\/p>\n<p>T\u00e1 an sc\u00e9im oscailte do chomhlachta\u00ed clos-amhairc leis an taith\u00ed chu\u00ed agus at\u00e1 in ann a chruth\u00fa go bhfuil cearta soil\u00e9ire acu ar gach cuid den \u00e1bhar at\u00e1thar a fhorbairt do l\u00e9iri\u00fa don sc\u00e1ile\u00e1n m\u00f3r.<\/p>\n<p>Tabharfar tosa\u00edocht do chomhlachta\u00ed l\u00e9irithe a bhfuil polasa\u00ed soil\u00e9ir acu an Ghaeilge a fhorbairt mar theanga oibre l\u00e9iri\u00fach\u00e1in, a bhfuil s\u00e9 mar aidhm th\u00e1bhachtach acu cothroma\u00edocht inscne a bhaint amach sa bhfoireann chruthaitheach a roghna\u00edonn siad agus do chomhlachta\u00ed a bhfuil cult\u00far iontu i bhfabhar comhl\u00e9irithe agus idirn\u00e1isi\u00fanaithe.<\/p>\n<p>T\u00e1 sonra\u00ed uile na sc\u00e9im, t\u00e9arma\u00ed agus coinn\u00edollacha ar f\u00e1il ag <a href=\"https:\/\/dev.tg4.ie\/leiriuchan\/coimisiunu\/\">Leathanach Coimisi\u00fan\u00fa TG4<\/a>.<\/p>\n<p>Seoladh an sc\u00e9im inniu ag F\u00e9ile na Me\u00e1n Ceilteach 2107 at\u00e1 ar bun i nDoolish, Oile\u00e1n Mhanainn, tion\u00f3l bliant\u00fail na hearn\u00e1la closamharc sna n\u00e1isi\u00fain Cheilteacha. T\u00e1 suas le 250 toscaire \u00f3na t\u00edortha \u00e9ags\u00fala ag freastal ar an bhF\u00e9ile, ag a mb\u00edonn seisi\u00fain comhdh\u00e1la, ceardlanna agus l\u00e9achta\u00ed. Bronntar duaiseanna freisin sa gcom\u00f3rtas aitheanta a eagra\u00edonn an Fh\u00e9ile do scoth an tsaothair raidi\u00f3, teilif\u00edse, ar-l\u00edne agus scann\u00e1n.<\/p>\n<p>D\u2019fh\u00e1iltigh Ardsti\u00farth\u00f3ir TG4 Alan Esslemont roimh an tionscnamh nua Cine4: <em>\u201cT\u00e1 an dr\u00e1ma\u00edocht Ghaeilge i gcro\u00ed-l\u00e1r TG4 \u00f3 buna\u00edodh an tseirbh\u00eds,\u201d a d\u00fairt s\u00e9 \u201cagus is ioma\u00ed sin duais agus gradam n\u00e1isi\u00fanta agus idirn\u00e1isi\u00fanta buaite ag dr\u00e1ma\u00ed teilif\u00edse an chain\u00e9il \u00f3 buna\u00edodh \u00e9. Cuireann an togra nua seo ar \u00e1r gcumas bonn seasmhach a chur faoin gc\u00e9ad ch\u00e9im eile sa bhforbairt seo \u2013 an scann\u00e1n fada Gaeilge. Is l\u00e9ir go bhfuil an talann ar f\u00e1il chuige agus t\u00e1 \u00e9ileamh ar thogha na scann\u00e1n ar fud an domhain, beag beann ar an teanga at\u00e1 in \u00fas\u00e1id iontu.\u201d<\/em><\/p>\n<p>Dar le James Hickey, Pr\u00edomhfheidhmeannach Bhord Scann\u00e1n na h\u00c9ireann tagann an fhorbairt nua go deas le strait\u00e9is an eagrais sin. <em>\u201cCreidimid go bhfuil s\u00e9 thar a bheith t\u00e1bhachtach go nd\u00e9anfadh an earn\u00e1il chraolach\u00e1in phoibl\u00ed infheist\u00edocht i dtallann cruthaitheach na scann\u00e1n in \u00c9irinn,\u201d a d\u00fairt s\u00e9. \u201cT\u00e1im ag s\u00fail go m\u00f3r leis na scann\u00e1in Ghaeilge a l\u00e9ireofar faoi sc\u00e1th na sc\u00e9ime seo agus a bheidh ar taispe\u00e1int ag f\u00e9ilte, i bpicti\u00farlanna agus ar TG4 sna blianta amach romhainn.&#8221;<\/em><\/p>\n<p>Mhol Michael O\u2019Keeffe, Pr\u00edomhfheidhmeannach \u00dadar\u00e1s Craolach\u00e1in na h\u00c9ireann an sc\u00e9im freisin. <em>\u201cTaca\u00edonn an t\u00dadar\u00e1s leis an sc\u00e9im seo\u201d a d\u00fairt s\u00e9 \u201cmar gur mian linn an t-\u00e1bhar Gaeilge at\u00e1 ar f\u00e1il don lucht f\u00e9achana a choth\u00fa agus a chur chun cinn. Is cruth\u00fanas ar th\u00e1bhacht na p\u00e1irt\u00edochta go bhfuilimid f\u00e9in, BS\u00c9 agus TG4 tagtha le ch\u00e9ile chun an sc\u00e9im nu\u00e1lach seo a bhun\u00fa.\u201d<\/em><\/p>\n","protected":false},"excerpt":{"rendered":"<p>Spreagfaidh Cine4, sc\u00e9ala\u00edocht l\u00e1idir, samhla\u00edocht fh\u00edsi\u00fail agus luachanna arda l\u00e9irithe san m\u00f3rscann\u00e1in a thiocfaidh as. Cuirfear cist\u00edocht fhorbartha suas le \u20ac25k ar f\u00e1il do ch\u00faig thogra nua gach bliain agus astu sin roghn\u00f3far p\u00e9ire le l\u00e9iri\u00fa. Beidh buis\u00e9ad de suas le \u20ac1.2 milli\u00fan ag na tionscnaimh a l\u00e9ireofar agus sula gcraoltar ar TG4 iad, beidh [&hellip;]<\/p>\n","protected":false},"author":4,"featured_media":51710,"parent":40345,"menu_order":4,"comment_status":"closed","ping_status":"closed","template":"page-templates\/template-pr.php","meta":{"_acf_changed":false,"footnotes":""},"acf":[],"yoast_head":"<!-- This site is optimized with the Yoast SEO plugin v22.6 - https:\/\/yoast.com\/wordpress\/plugins\/seo\/ -->\n<title>03.05.17 - Cine4 Seolta - TG4<\/title>\n<meta name=\"robots\" content=\"index, follow, max-snippet:-1, max-image-preview:large, max-video-preview:-1\" \/>\n<meta property=\"og:locale\" content=\"en_US\" \/>\n<meta property=\"og:type\" content=\"article\" \/>\n<meta property=\"og:title\" content=\"03.05.17 - Cine4 Seolta - TG4\" \/>\n<meta property=\"og:description\" content=\"Spreagfaidh Cine4, sc\u00e9ala\u00edocht l\u00e1idir, samhla\u00edocht fh\u00edsi\u00fail agus luachanna arda l\u00e9irithe san m\u00f3rscann\u00e1in a thiocfaidh as. Cuirfear cist\u00edocht fhorbartha suas le \u20ac25k ar f\u00e1il do ch\u00faig thogra nua gach bliain agus astu sin roghn\u00f3far p\u00e9ire le l\u00e9iri\u00fa. Beidh buis\u00e9ad de suas le \u20ac1.2 milli\u00fan ag na tionscnaimh a l\u00e9ireofar agus sula gcraoltar ar TG4 iad, beidh [&hellip;]\" \/>\n<meta property=\"og:url\" content=\"https:\/\/dev.tg4.ie\/ga\/eolas\/preas\/nuacht-raitis\/2017-2\/03-05-17\/\" \/>\n<meta property=\"og:site_name\" content=\"TG4\" \/>\n<meta property=\"article:publisher\" content=\"https:\/\/www.facebook.com\/TG4TV\" \/>\n<meta property=\"article:modified_time\" content=\"2019-06-25T08:31:56+00:00\" \/>\n<meta property=\"og:image\" content=\"https:\/\/tg4-docs.s3.amazonaws.com\/tg4-redesign-2015\/wp-content\/uploads\/2017\/05\/Cine4-Dorcha-Cropped.png\" \/>\n\t<meta property=\"og:image:width\" content=\"1157\" \/>\n\t<meta property=\"og:image:height\" content=\"642\" \/>\n\t<meta property=\"og:image:type\" content=\"image\/png\" \/>\n<meta name=\"twitter:card\" content=\"summary_large_image\" \/>\n<meta name=\"twitter:site\" content=\"@TG4TV\" \/>\n<meta name=\"twitter:label1\" content=\"Est. reading time\" \/>\n\t<meta name=\"twitter:data1\" content=\"3 minutes\" \/>\n<script type=\"application\/ld+json\" class=\"yoast-schema-graph\">{\"@context\":\"https:\/\/schema.org\",\"@graph\":[{\"@type\":\"WebPage\",\"@id\":\"https:\/\/dev.tg4.ie\/ga\/eolas\/preas\/nuacht-raitis\/2017-2\/03-05-17\/\",\"url\":\"https:\/\/dev.tg4.ie\/ga\/eolas\/preas\/nuacht-raitis\/2017-2\/03-05-17\/\",\"name\":\"03.05.17 - Cine4 Seolta - TG4\",\"isPartOf\":{\"@id\":\"https:\/\/dev.tg4.ie\/en\/#website\"},\"primaryImageOfPage\":{\"@id\":\"https:\/\/dev.tg4.ie\/ga\/eolas\/preas\/nuacht-raitis\/2017-2\/03-05-17\/#primaryimage\"},\"image\":{\"@id\":\"https:\/\/dev.tg4.ie\/ga\/eolas\/preas\/nuacht-raitis\/2017-2\/03-05-17\/#primaryimage\"},\"thumbnailUrl\":\"https:\/\/tg4-docs.s3.amazonaws.com\/tg4-redesign-2015\/wp-content\/uploads\/2017\/05\/Cine4-Dorcha-Cropped.png\",\"datePublished\":\"2017-05-03T15:53:11+00:00\",\"dateModified\":\"2019-06-25T08:31:56+00:00\",\"breadcrumb\":{\"@id\":\"https:\/\/dev.tg4.ie\/ga\/eolas\/preas\/nuacht-raitis\/2017-2\/03-05-17\/#breadcrumb\"},\"inLanguage\":\"ga\",\"potentialAction\":[{\"@type\":\"ReadAction\",\"target\":[\"https:\/\/dev.tg4.ie\/ga\/eolas\/preas\/nuacht-raitis\/2017-2\/03-05-17\/\"]}]},{\"@type\":\"ImageObject\",\"inLanguage\":\"ga\",\"@id\":\"https:\/\/dev.tg4.ie\/ga\/eolas\/preas\/nuacht-raitis\/2017-2\/03-05-17\/#primaryimage\",\"url\":\"https:\/\/tg4-docs.s3.amazonaws.com\/tg4-redesign-2015\/wp-content\/uploads\/2017\/05\/Cine4-Dorcha-Cropped.png\",\"contentUrl\":\"https:\/\/tg4-docs.s3.amazonaws.com\/tg4-redesign-2015\/wp-content\/uploads\/2017\/05\/Cine4-Dorcha-Cropped.png\",\"width\":1157,\"height\":642,\"caption\":\"Cine4\"},{\"@type\":\"BreadcrumbList\",\"@id\":\"https:\/\/dev.tg4.ie\/ga\/eolas\/preas\/nuacht-raitis\/2017-2\/03-05-17\/#breadcrumb\",\"itemListElement\":[{\"@type\":\"ListItem\",\"position\":1,\"name\":\"Home\",\"item\":\"https:\/\/dev.tg4.ie\/ga\/\"},{\"@type\":\"ListItem\",\"position\":2,\"name\":\"Eolas\",\"item\":\"https:\/\/dev.tg4.ie\/ga\/eolas\/\"},{\"@type\":\"ListItem\",\"position\":3,\"name\":\"Preas\",\"item\":\"https:\/\/dev.tg4.ie\/ga\/eolas\/preas\/\"},{\"@type\":\"ListItem\",\"position\":4,\"name\":\"Nuacht R\u00e1itis\",\"item\":\"https:\/\/dev.tg4.ie\/ga\/eolas\/preas\/nuacht-raitis\/\"},{\"@type\":\"ListItem\",\"position\":5,\"name\":\"2017\",\"item\":\"https:\/\/dev.tg4.ie\/ga\/eolas\/preas\/nuacht-raitis\/2017-2\/\"},{\"@type\":\"ListItem\",\"position\":6,\"name\":\"03.05.17 &#8211; Cine4 Seolta\"}]},{\"@type\":\"WebSite\",\"@id\":\"https:\/\/dev.tg4.ie\/en\/#website\",\"url\":\"https:\/\/dev.tg4.ie\/en\/\",\"name\":\"TG4\",\"description\":\"S\u00fail Eile\",\"potentialAction\":[{\"@type\":\"SearchAction\",\"target\":{\"@type\":\"EntryPoint\",\"urlTemplate\":\"https:\/\/dev.tg4.ie\/en\/?s={search_term_string}\"},\"query-input\":\"required name=search_term_string\"}],\"inLanguage\":\"ga\"}]}<\/script>\n<!-- \/ Yoast SEO plugin. -->","yoast_head_json":{"title":"03.05.17 - Cine4 Seolta - TG4","robots":{"index":"index","follow":"follow","max-snippet":"max-snippet:-1","max-image-preview":"max-image-preview:large","max-video-preview":"max-video-preview:-1"},"og_locale":"en_US","og_type":"article","og_title":"03.05.17 - Cine4 Seolta - TG4","og_description":"Spreagfaidh Cine4, sc\u00e9ala\u00edocht l\u00e1idir, samhla\u00edocht fh\u00edsi\u00fail agus luachanna arda l\u00e9irithe san m\u00f3rscann\u00e1in a thiocfaidh as. Cuirfear cist\u00edocht fhorbartha suas le \u20ac25k ar f\u00e1il do ch\u00faig thogra nua gach bliain agus astu sin roghn\u00f3far p\u00e9ire le l\u00e9iri\u00fa. Beidh buis\u00e9ad de suas le \u20ac1.2 milli\u00fan ag na tionscnaimh a l\u00e9ireofar agus sula gcraoltar ar TG4 iad, beidh [&hellip;]","og_url":"https:\/\/dev.tg4.ie\/ga\/eolas\/preas\/nuacht-raitis\/2017-2\/03-05-17\/","og_site_name":"TG4","article_publisher":"https:\/\/www.facebook.com\/TG4TV","article_modified_time":"2019-06-25T08:31:56+00:00","og_image":[{"width":1157,"height":642,"url":"https:\/\/tg4-docs.s3.amazonaws.com\/tg4-redesign-2015\/wp-content\/uploads\/2017\/05\/Cine4-Dorcha-Cropped.png","type":"image\/png"}],"twitter_card":"summary_large_image","twitter_site":"@TG4TV","twitter_misc":{"Est. reading time":"3 minutes"},"schema":{"@context":"https:\/\/schema.org","@graph":[{"@type":"WebPage","@id":"https:\/\/dev.tg4.ie\/ga\/eolas\/preas\/nuacht-raitis\/2017-2\/03-05-17\/","url":"https:\/\/dev.tg4.ie\/ga\/eolas\/preas\/nuacht-raitis\/2017-2\/03-05-17\/","name":"03.05.17 - Cine4 Seolta - TG4","isPartOf":{"@id":"https:\/\/dev.tg4.ie\/en\/#website"},"primaryImageOfPage":{"@id":"https:\/\/dev.tg4.ie\/ga\/eolas\/preas\/nuacht-raitis\/2017-2\/03-05-17\/#primaryimage"},"image":{"@id":"https:\/\/dev.tg4.ie\/ga\/eolas\/preas\/nuacht-raitis\/2017-2\/03-05-17\/#primaryimage"},"thumbnailUrl":"https:\/\/tg4-docs.s3.amazonaws.com\/tg4-redesign-2015\/wp-content\/uploads\/2017\/05\/Cine4-Dorcha-Cropped.png","datePublished":"2017-05-03T15:53:11+00:00","dateModified":"2019-06-25T08:31:56+00:00","breadcrumb":{"@id":"https:\/\/dev.tg4.ie\/ga\/eolas\/preas\/nuacht-raitis\/2017-2\/03-05-17\/#breadcrumb"},"inLanguage":"ga","potentialAction":[{"@type":"ReadAction","target":["https:\/\/dev.tg4.ie\/ga\/eolas\/preas\/nuacht-raitis\/2017-2\/03-05-17\/"]}]},{"@type":"ImageObject","inLanguage":"ga","@id":"https:\/\/dev.tg4.ie\/ga\/eolas\/preas\/nuacht-raitis\/2017-2\/03-05-17\/#primaryimage","url":"https:\/\/tg4-docs.s3.amazonaws.com\/tg4-redesign-2015\/wp-content\/uploads\/2017\/05\/Cine4-Dorcha-Cropped.png","contentUrl":"https:\/\/tg4-docs.s3.amazonaws.com\/tg4-redesign-2015\/wp-content\/uploads\/2017\/05\/Cine4-Dorcha-Cropped.png","width":1157,"height":642,"caption":"Cine4"},{"@type":"BreadcrumbList","@id":"https:\/\/dev.tg4.ie\/ga\/eolas\/preas\/nuacht-raitis\/2017-2\/03-05-17\/#breadcrumb","itemListElement":[{"@type":"ListItem","position":1,"name":"Home","item":"https:\/\/dev.tg4.ie\/ga\/"},{"@type":"ListItem","position":2,"name":"Eolas","item":"https:\/\/dev.tg4.ie\/ga\/eolas\/"},{"@type":"ListItem","position":3,"name":"Preas","item":"https:\/\/dev.tg4.ie\/ga\/eolas\/preas\/"},{"@type":"ListItem","position":4,"name":"Nuacht R\u00e1itis","item":"https:\/\/dev.tg4.ie\/ga\/eolas\/preas\/nuacht-raitis\/"},{"@type":"ListItem","position":5,"name":"2017","item":"https:\/\/dev.tg4.ie\/ga\/eolas\/preas\/nuacht-raitis\/2017-2\/"},{"@type":"ListItem","position":6,"name":"03.05.17 &#8211; Cine4 Seolta"}]},{"@type":"WebSite","@id":"https:\/\/dev.tg4.ie\/en\/#website","url":"https:\/\/dev.tg4.ie\/en\/","name":"TG4","description":"S\u00fail Eile","potentialAction":[{"@type":"SearchAction","target":{"@type":"EntryPoint","urlTemplate":"https:\/\/dev.tg4.ie\/en\/?s={search_term_string}"},"query-input":"required name=search_term_string"}],"inLanguage":"ga"}]}},"_links":{"self":[{"href":"https:\/\/dev.tg4.ie\/ga\/wp-json\/wp\/v2\/pages\/49402"}],"collection":[{"href":"https:\/\/dev.tg4.ie\/ga\/wp-json\/wp\/v2\/pages"}],"about":[{"href":"https:\/\/dev.tg4.ie\/ga\/wp-json\/wp\/v2\/types\/page"}],"author":[{"embeddable":true,"href":"https:\/\/dev.tg4.ie\/ga\/wp-json\/wp\/v2\/users\/4"}],"replies":[{"embeddable":true,"href":"https:\/\/dev.tg4.ie\/ga\/wp-json\/wp\/v2\/comments?post=49402"}],"version-history":[{"count":0,"href":"https:\/\/dev.tg4.ie\/ga\/wp-json\/wp\/v2\/pages\/49402\/revisions"}],"up":[{"embeddable":true,"href":"https:\/\/dev.tg4.ie\/ga\/wp-json\/wp\/v2\/pages\/40345"}],"wp:featuredmedia":[{"embeddable":true,"href":"https:\/\/dev.tg4.ie\/ga\/wp-json\/wp\/v2\/media\/51710"}],"wp:attachment":[{"href":"https:\/\/dev.tg4.ie\/ga\/wp-json\/wp\/v2\/media?parent=49402"}],"curies":[{"name":"wp","href":"https:\/\/api.w.org\/{rel}","templated":true}]}}