{"id":4991,"date":"2015-11-10T16:07:59","date_gmt":"2015-11-10T16:07:59","guid":{"rendered":"https:\/\/dev.tg4.ie\/corporate\/preas\/press-releases\/2015-2\/09-11-15\/"},"modified":"2019-06-25T11:30:57","modified_gmt":"2019-06-25T10:30:57","slug":"09-11-15","status":"publish","type":"page","link":"https:\/\/dev.tg4.ie\/ga\/eolas\/preas\/nuacht-raitis\/2015-2\/09-11-15\/","title":{"rendered":"09.11.15"},"content":{"rendered":"<p><strong>\u00d3 Loch Coirib go Sofia \u2013 amhr\u00e1na\u00ed \u00f3g Mhaigh Cuilinn buacach\u00a0Aimee ar a bealach go Sofia Junior Eurovision 2015<\/strong><\/p>\n<p>Thug cail\u00edn \u00f3g as Maigh Cuilinn i nGaeltacht na Gaillimhe an chraobh n\u00e1isi\u00fanta l\u00e9i ar\u00e9ir agus is \u00ed a sheasfaidh an f\u00f3d don t\u00edr seo nuair a ghlacfaimid p\u00e1irt, den ch\u00e9ad uair riamh, sa gCom\u00f3rtas Amhr\u00e1na\u00edochta S\u00f3isearach Eoraf\u00edse i Sofia na Bulg\u00e1ire faoi cheann coic\u00edse.<\/p>\n<p>Is \u00ed Aimee Banks, 13 bliain, an t-amhr\u00e1na\u00ed a roghnaigh na molt\u00f3ir\u00ed aitheanta, Niamh Kavanagh, Brian Kennedy agus Stiof\u00e1n \u00d3 Feara\u00edl ag deireadh sraithe teilif\u00edse inar ghlac 32 amhr\u00e1na\u00ed p\u00e1irt sa gcraobh n\u00e1isi\u00fanta. R\u00e9alta na Mara is teideal don amhr\u00e1n buacach a chum Aimee i bp\u00e1irt le Niall Mooney, Jonas Gladnikoff agus Brendan McCarthy.<\/p>\n<p>Bh\u00ed iomaitheoir\u00ed ann as gach ceard den oile\u00e1n agus amhr\u00e1in nua-chumtha Gaeilge acu, f\u00e9achaint leis an gcraobh \u00c9ireannach a bhuachan ar dt\u00fas agus ansin dul chuig na babhta\u00ed ceannais Eorpacha.<\/p>\n<p>Leath-ch\u00fapla \u00ed Aimee, dalta sa dara bliain i gCol\u00e1iste na Coiribe, Gaillimh. Is amhr\u00e1na\u00ed c\u00e1ili\u00fail \u00ed cheana f\u00e9in agus gan \u00ed ach ag t\u00fas a r\u00e9. Bhuaigh s\u00ed an duais ab airde \u00f3n gcom\u00f3rtas American Prot\u00e9g\u00e9 le gairid agus beidh s\u00ed ar an ard\u00e1n i Halla Carnegie i Nua Eabhrac, ceann de mh\u00f3r ionaid ceoil an domhain, faoi cheann m\u00edosa, 19 Nollaig. Thug s\u00ed ocht gcraobh clasaiceach l\u00e9i \u00f3n bhFeis Ceoil 2015, pr\u00edomh-chom\u00f3rtas ceoil clasaiceach na t\u00edre agus t\u00e1 duaiseanna, Amhr\u00e1na\u00ed is Fearr agus spar\u00e1nacht buaite aici freisin \u00f3 Fheis Cheoil L\u00e1rt\u00edre 2015.<\/p>\n<p>T\u00e1 dl\u00fathdhiosca eisithe aici, My Classical Spirit agus is d\u2019Oisp\u00eds Laura Lynn a thiomnaigh s\u00ed uaidh. Anois agus Craobh na h\u00c9ireann sa Junior Eurovision buaite aice, an ch\u00e9ad duine riamh a rinne an \u00e9acht seo, t\u00e1 tuilleadh taistil roimpi mar go mbeadh s\u00ed ag glacadh p\u00e1irt sa gCraobh Eorpach a bheidh ar bun san Armeec Arena i Sofia na Bulg\u00e1ire agus a bheo-chraolfar ar TG4 ar an Satharn 21 Samhain ag 6.30pm. T\u00e1 an Chraobh seo ar bun le tr\u00ed bliana d\u00e9ag agus glacfaidh 17 p\u00e1irt i gcom\u00f3rtas na bliana seo.<\/p>\n<p>Gu\u00edm\u00edd ar fad gach \u00e1dh ar Aimee agus ar a lucht taca\u00edochta. Is R\u00e9alta iad go cinnte.<\/p>\n","protected":false},"excerpt":{"rendered":"<p>\u00d3 Loch Coirib go Sofia \u2013 amhr\u00e1na\u00ed \u00f3g Mhaigh Cuilinn buacach\u00a0Aimee ar a bealach go Sofia Junior Eurovision 2015 Thug cail\u00edn \u00f3g as Maigh Cuilinn i nGaeltacht na Gaillimhe an chraobh n\u00e1isi\u00fanta l\u00e9i ar\u00e9ir agus is \u00ed a sheasfaidh an f\u00f3d don t\u00edr seo nuair a ghlacfaimid p\u00e1irt, den ch\u00e9ad uair riamh, sa gCom\u00f3rtas Amhr\u00e1na\u00edochta [&hellip;]<\/p>\n","protected":false},"author":4,"featured_media":4999,"parent":985,"menu_order":19,"comment_status":"closed","ping_status":"closed","template":"page-templates\/template-pr.php","meta":{"_acf_changed":false,"footnotes":""},"acf":[],"yoast_head":"<!-- This site is optimized with the Yoast SEO plugin v22.6 - https:\/\/yoast.com\/wordpress\/plugins\/seo\/ -->\n<title>09.11.15 - TG4<\/title>\n<meta name=\"robots\" content=\"index, follow, max-snippet:-1, max-image-preview:large, max-video-preview:-1\" \/>\n<meta property=\"og:locale\" content=\"en_US\" \/>\n<meta property=\"og:type\" content=\"article\" \/>\n<meta property=\"og:title\" content=\"09.11.15 - TG4\" \/>\n<meta property=\"og:description\" content=\"\u00d3 Loch Coirib go Sofia \u2013 amhr\u00e1na\u00ed \u00f3g Mhaigh Cuilinn buacach\u00a0Aimee ar a bealach go Sofia Junior Eurovision 2015 Thug cail\u00edn \u00f3g as Maigh Cuilinn i nGaeltacht na Gaillimhe an chraobh n\u00e1isi\u00fanta l\u00e9i ar\u00e9ir agus is \u00ed a sheasfaidh an f\u00f3d don t\u00edr seo nuair a ghlacfaimid p\u00e1irt, den ch\u00e9ad uair riamh, sa gCom\u00f3rtas Amhr\u00e1na\u00edochta [&hellip;]\" \/>\n<meta property=\"og:url\" content=\"https:\/\/dev.tg4.ie\/ga\/eolas\/preas\/nuacht-raitis\/2015-2\/09-11-15\/\" \/>\n<meta property=\"og:site_name\" content=\"TG4\" \/>\n<meta property=\"article:publisher\" content=\"https:\/\/www.facebook.com\/TG4TV\" \/>\n<meta property=\"article:modified_time\" content=\"2019-06-25T10:30:57+00:00\" \/>\n<meta property=\"og:image\" content=\"https:\/\/tg4-docs.s3.amazonaws.com\/tg4-redesign-2015\/wp-content\/uploads\/2015\/11\/JEuroV.jpg\" \/>\n\t<meta property=\"og:image:width\" content=\"1920\" \/>\n\t<meta property=\"og:image:height\" content=\"1080\" \/>\n\t<meta property=\"og:image:type\" content=\"image\/jpeg\" \/>\n<meta name=\"twitter:card\" content=\"summary_large_image\" \/>\n<meta name=\"twitter:site\" content=\"@TG4TV\" \/>\n<meta name=\"twitter:label1\" content=\"Est. reading time\" \/>\n\t<meta name=\"twitter:data1\" content=\"2 minutes\" \/>\n<script type=\"application\/ld+json\" class=\"yoast-schema-graph\">{\"@context\":\"https:\/\/schema.org\",\"@graph\":[{\"@type\":\"WebPage\",\"@id\":\"https:\/\/dev.tg4.ie\/ga\/eolas\/preas\/nuacht-raitis\/2015-2\/09-11-15\/\",\"url\":\"https:\/\/dev.tg4.ie\/ga\/eolas\/preas\/nuacht-raitis\/2015-2\/09-11-15\/\",\"name\":\"09.11.15 - TG4\",\"isPartOf\":{\"@id\":\"https:\/\/dev.tg4.ie\/en\/#website\"},\"primaryImageOfPage\":{\"@id\":\"https:\/\/dev.tg4.ie\/ga\/eolas\/preas\/nuacht-raitis\/2015-2\/09-11-15\/#primaryimage\"},\"image\":{\"@id\":\"https:\/\/dev.tg4.ie\/ga\/eolas\/preas\/nuacht-raitis\/2015-2\/09-11-15\/#primaryimage\"},\"thumbnailUrl\":\"https:\/\/tg4-docs.s3.amazonaws.com\/tg4-redesign-2015\/wp-content\/uploads\/2015\/11\/JEuroV.jpg\",\"datePublished\":\"2015-11-10T16:07:59+00:00\",\"dateModified\":\"2019-06-25T10:30:57+00:00\",\"breadcrumb\":{\"@id\":\"https:\/\/dev.tg4.ie\/ga\/eolas\/preas\/nuacht-raitis\/2015-2\/09-11-15\/#breadcrumb\"},\"inLanguage\":\"ga\",\"potentialAction\":[{\"@type\":\"ReadAction\",\"target\":[\"https:\/\/dev.tg4.ie\/ga\/eolas\/preas\/nuacht-raitis\/2015-2\/09-11-15\/\"]}]},{\"@type\":\"ImageObject\",\"inLanguage\":\"ga\",\"@id\":\"https:\/\/dev.tg4.ie\/ga\/eolas\/preas\/nuacht-raitis\/2015-2\/09-11-15\/#primaryimage\",\"url\":\"https:\/\/tg4-docs.s3.amazonaws.com\/tg4-redesign-2015\/wp-content\/uploads\/2015\/11\/JEuroV.jpg\",\"contentUrl\":\"https:\/\/tg4-docs.s3.amazonaws.com\/tg4-redesign-2015\/wp-content\/uploads\/2015\/11\/JEuroV.jpg\",\"width\":1920,\"height\":1080,\"caption\":\"Aimee Banks - Junior Eurovision Song Contest\"},{\"@type\":\"BreadcrumbList\",\"@id\":\"https:\/\/dev.tg4.ie\/ga\/eolas\/preas\/nuacht-raitis\/2015-2\/09-11-15\/#breadcrumb\",\"itemListElement\":[{\"@type\":\"ListItem\",\"position\":1,\"name\":\"Home\",\"item\":\"https:\/\/dev.tg4.ie\/ga\/\"},{\"@type\":\"ListItem\",\"position\":2,\"name\":\"Eolas\",\"item\":\"https:\/\/dev.tg4.ie\/ga\/eolas\/\"},{\"@type\":\"ListItem\",\"position\":3,\"name\":\"Preas\",\"item\":\"https:\/\/dev.tg4.ie\/ga\/eolas\/preas\/\"},{\"@type\":\"ListItem\",\"position\":4,\"name\":\"Nuacht R\u00e1itis\",\"item\":\"https:\/\/dev.tg4.ie\/ga\/eolas\/preas\/nuacht-raitis\/\"},{\"@type\":\"ListItem\",\"position\":5,\"name\":\"2015\",\"item\":\"https:\/\/dev.tg4.ie\/ga\/eolas\/preas\/nuacht-raitis\/2015-2\/\"},{\"@type\":\"ListItem\",\"position\":6,\"name\":\"09.11.15\"}]},{\"@type\":\"WebSite\",\"@id\":\"https:\/\/dev.tg4.ie\/en\/#website\",\"url\":\"https:\/\/dev.tg4.ie\/en\/\",\"name\":\"TG4\",\"description\":\"S\u00fail Eile\",\"potentialAction\":[{\"@type\":\"SearchAction\",\"target\":{\"@type\":\"EntryPoint\",\"urlTemplate\":\"https:\/\/dev.tg4.ie\/en\/?s={search_term_string}\"},\"query-input\":\"required name=search_term_string\"}],\"inLanguage\":\"ga\"}]}<\/script>\n<!-- \/ Yoast SEO plugin. -->","yoast_head_json":{"title":"09.11.15 - TG4","robots":{"index":"index","follow":"follow","max-snippet":"max-snippet:-1","max-image-preview":"max-image-preview:large","max-video-preview":"max-video-preview:-1"},"og_locale":"en_US","og_type":"article","og_title":"09.11.15 - TG4","og_description":"\u00d3 Loch Coirib go Sofia \u2013 amhr\u00e1na\u00ed \u00f3g Mhaigh Cuilinn buacach\u00a0Aimee ar a bealach go Sofia Junior Eurovision 2015 Thug cail\u00edn \u00f3g as Maigh Cuilinn i nGaeltacht na Gaillimhe an chraobh n\u00e1isi\u00fanta l\u00e9i ar\u00e9ir agus is \u00ed a sheasfaidh an f\u00f3d don t\u00edr seo nuair a ghlacfaimid p\u00e1irt, den ch\u00e9ad uair riamh, sa gCom\u00f3rtas Amhr\u00e1na\u00edochta [&hellip;]","og_url":"https:\/\/dev.tg4.ie\/ga\/eolas\/preas\/nuacht-raitis\/2015-2\/09-11-15\/","og_site_name":"TG4","article_publisher":"https:\/\/www.facebook.com\/TG4TV","article_modified_time":"2019-06-25T10:30:57+00:00","og_image":[{"width":1920,"height":1080,"url":"https:\/\/tg4-docs.s3.amazonaws.com\/tg4-redesign-2015\/wp-content\/uploads\/2015\/11\/JEuroV.jpg","type":"image\/jpeg"}],"twitter_card":"summary_large_image","twitter_site":"@TG4TV","twitter_misc":{"Est. reading time":"2 minutes"},"schema":{"@context":"https:\/\/schema.org","@graph":[{"@type":"WebPage","@id":"https:\/\/dev.tg4.ie\/ga\/eolas\/preas\/nuacht-raitis\/2015-2\/09-11-15\/","url":"https:\/\/dev.tg4.ie\/ga\/eolas\/preas\/nuacht-raitis\/2015-2\/09-11-15\/","name":"09.11.15 - TG4","isPartOf":{"@id":"https:\/\/dev.tg4.ie\/en\/#website"},"primaryImageOfPage":{"@id":"https:\/\/dev.tg4.ie\/ga\/eolas\/preas\/nuacht-raitis\/2015-2\/09-11-15\/#primaryimage"},"image":{"@id":"https:\/\/dev.tg4.ie\/ga\/eolas\/preas\/nuacht-raitis\/2015-2\/09-11-15\/#primaryimage"},"thumbnailUrl":"https:\/\/tg4-docs.s3.amazonaws.com\/tg4-redesign-2015\/wp-content\/uploads\/2015\/11\/JEuroV.jpg","datePublished":"2015-11-10T16:07:59+00:00","dateModified":"2019-06-25T10:30:57+00:00","breadcrumb":{"@id":"https:\/\/dev.tg4.ie\/ga\/eolas\/preas\/nuacht-raitis\/2015-2\/09-11-15\/#breadcrumb"},"inLanguage":"ga","potentialAction":[{"@type":"ReadAction","target":["https:\/\/dev.tg4.ie\/ga\/eolas\/preas\/nuacht-raitis\/2015-2\/09-11-15\/"]}]},{"@type":"ImageObject","inLanguage":"ga","@id":"https:\/\/dev.tg4.ie\/ga\/eolas\/preas\/nuacht-raitis\/2015-2\/09-11-15\/#primaryimage","url":"https:\/\/tg4-docs.s3.amazonaws.com\/tg4-redesign-2015\/wp-content\/uploads\/2015\/11\/JEuroV.jpg","contentUrl":"https:\/\/tg4-docs.s3.amazonaws.com\/tg4-redesign-2015\/wp-content\/uploads\/2015\/11\/JEuroV.jpg","width":1920,"height":1080,"caption":"Aimee Banks - Junior Eurovision Song Contest"},{"@type":"BreadcrumbList","@id":"https:\/\/dev.tg4.ie\/ga\/eolas\/preas\/nuacht-raitis\/2015-2\/09-11-15\/#breadcrumb","itemListElement":[{"@type":"ListItem","position":1,"name":"Home","item":"https:\/\/dev.tg4.ie\/ga\/"},{"@type":"ListItem","position":2,"name":"Eolas","item":"https:\/\/dev.tg4.ie\/ga\/eolas\/"},{"@type":"ListItem","position":3,"name":"Preas","item":"https:\/\/dev.tg4.ie\/ga\/eolas\/preas\/"},{"@type":"ListItem","position":4,"name":"Nuacht R\u00e1itis","item":"https:\/\/dev.tg4.ie\/ga\/eolas\/preas\/nuacht-raitis\/"},{"@type":"ListItem","position":5,"name":"2015","item":"https:\/\/dev.tg4.ie\/ga\/eolas\/preas\/nuacht-raitis\/2015-2\/"},{"@type":"ListItem","position":6,"name":"09.11.15"}]},{"@type":"WebSite","@id":"https:\/\/dev.tg4.ie\/en\/#website","url":"https:\/\/dev.tg4.ie\/en\/","name":"TG4","description":"S\u00fail Eile","potentialAction":[{"@type":"SearchAction","target":{"@type":"EntryPoint","urlTemplate":"https:\/\/dev.tg4.ie\/en\/?s={search_term_string}"},"query-input":"required name=search_term_string"}],"inLanguage":"ga"}]}},"_links":{"self":[{"href":"https:\/\/dev.tg4.ie\/ga\/wp-json\/wp\/v2\/pages\/4991"}],"collection":[{"href":"https:\/\/dev.tg4.ie\/ga\/wp-json\/wp\/v2\/pages"}],"about":[{"href":"https:\/\/dev.tg4.ie\/ga\/wp-json\/wp\/v2\/types\/page"}],"author":[{"embeddable":true,"href":"https:\/\/dev.tg4.ie\/ga\/wp-json\/wp\/v2\/users\/4"}],"replies":[{"embeddable":true,"href":"https:\/\/dev.tg4.ie\/ga\/wp-json\/wp\/v2\/comments?post=4991"}],"version-history":[{"count":0,"href":"https:\/\/dev.tg4.ie\/ga\/wp-json\/wp\/v2\/pages\/4991\/revisions"}],"up":[{"embeddable":true,"href":"https:\/\/dev.tg4.ie\/ga\/wp-json\/wp\/v2\/pages\/985"}],"wp:featuredmedia":[{"embeddable":true,"href":"https:\/\/dev.tg4.ie\/ga\/wp-json\/wp\/v2\/media\/4999"}],"wp:attachment":[{"href":"https:\/\/dev.tg4.ie\/ga\/wp-json\/wp\/v2\/media?parent=4991"}],"curies":[{"name":"wp","href":"https:\/\/api.w.org\/{rel}","templated":true}]}}