{"id":51803,"date":"2017-05-05T12:28:50","date_gmt":"2017-05-05T11:28:50","guid":{"rendered":"https:\/\/dev.tg4.ie\/?page_id=51803\/"},"modified":"2019-06-25T09:33:14","modified_gmt":"2019-06-25T08:33:14","slug":"03-05-17-2","status":"publish","type":"page","link":"https:\/\/dev.tg4.ie\/ga\/eolas\/preas\/nuacht-raitis\/2017-2\/03-05-17-2\/","title":{"rendered":"03.05.17 &#8211; Is Eola\u00ed M\u00e9"},"content":{"rendered":"<p>Sraith eolasach shiams\u00fail do ph\u00e1ist\u00ed 8-12 bliain \u00ed <em>Is eola\u00ed m\u00e9 <\/em>a thugann l\u00e9argas ar shaol na heola\u00edochta don aoisghr\u00fapa sin ar bhealach tarraingeach, f\u00edsi\u00fail, mealltach.\u00a0 D\u00edr\u00edonn gach eagr\u00e1n ar ghn\u00e9 n\u00f3 ar th\u00e9arma eola\u00edochta ar leith.\u00a0\u00a0 Is iad <strong>Peadar \u00d3 Goill<\/strong> agus <strong>\u00dana N\u00ed Fhlatharta<\/strong> na l\u00e1ithreoir\u00ed agus sol\u00e1thra\u00edonn siad neart spraoi do na p\u00e1ist\u00ed at\u00e1 leo ag foghlaim faoin eola\u00edocht le m\u00edreanna praitici\u00fala sa sti\u00faideo, tuairisc\u00ed \u00f3n l\u00e1thair agus dreasanna grinn freisin.<\/p>\n<p>L\u00e9iri\u00fa leis an gcomhlacht aitheanta neamhsple\u00e1ch Gaeltachta <em>Meangadh F\u00edb\u00edn Teoranta<\/em> \u00ed an tsraith agus fuair s\u00ed taca\u00edocht\u00a0 \u00f3 sc\u00e9im mhaoinithe <em>Fuaim agus F\u00eds <\/em>\u00dadar\u00e1s Craolach\u00e1in na h\u00c9ireann.<\/p>\n<p>Eagra\u00edtear F\u00e9ile na Me\u00e1n Ceilteach gach bliain in ionad \u00e9ags\u00fail sna cr\u00edocha Ceilteacha. Cuirtear iontr\u00e1lacha sna duais-rann\u00f3ga \u00e9ags\u00fala faoi mheas\u00fan\u00fa \u00f3 ghi\u00fair\u00e9 n\u00e1isi\u00fanta ina dt\u00edr f\u00e9in ar dt\u00fas.Roghna\u00edtear an scoth astu sin le dul san ioma\u00edocht sa gcom\u00f3rtas idirn\u00e1isi\u00fanta.T\u00e1 F\u00e9ile na bliana seo, an 38\u00fa ceann \u00f3 buna\u00edodh \u00ed\u00a0 ar bun i nDoolish, Oile\u00e1n Mhanainn, \u00f3 l\u00e1r an lae inniu go o\u00edche D\u00e9\u00a0 hAoine.(<span><a href=\"http:\/\/www.celticmediafestival.co.uk\/\" target=\"_New\" rel=\"noopener noreferrer\">www.celticmediafestival.co.uk<\/a><\/span>)<\/p>\n<p>Deir Sti\u00farth\u00f3ir Marga\u00edochta &amp; Forbartha TG4, L\u00eds N\u00ed Dh\u00e1laigh, gur \u00e1bhar m\u00f3rtais ar leith an duais seo don chain\u00e9al agus don l\u00e9iritheoir.\u00a0 \u201c<em>T\u00e1 na sc\u00f3rtha cain\u00e9al teilif\u00edse agus seirbh\u00eds\u00ed eile siamsa\u00edochta <\/em><em>ag freastal ar mhianta agus ar riachtanais fh\u00e9achana na h\u00f3ige<\/em>\u201d a d\u00fairt s\u00ed. <em>\u201cT\u00e1 acmhainn\u00ed go leor agus spar\u00e1n i bhfad n\u00edos m\u00f3 ag formh\u00f3r na gcain\u00e9al sin n\u00e1 mar at\u00e1 ar f\u00e1il d\u00fainne agus iad freisin ag craoladh i mB\u00e9arla, teanga mh\u00f3r dhomhanda na me\u00e1n.\u00a0 T\u00e1imidne in ioma\u00edocht d\u00edreach leo sin ar fad agus is m\u00f3r an t-ard\u00fa cro\u00ed d\u00fainn an duais th\u00e1bhachtach seo \u00f3 chom\u00f3rtas aitheanta idirn\u00e1isi\u00fanta do shaothar bunaidh Gaeilge.\u201d<\/em><\/p>\n<p>Is f\u00e9idir breathn\u00fa ar an tsraith ag:\u00a0<a href=\"https:\/\/dev.tg4.ie\/cula4\">www.tg4.ie\/cula4<\/a><\/p>\n","protected":false},"excerpt":{"rendered":"<p>Sraith eolasach shiams\u00fail do ph\u00e1ist\u00ed 8-12 bliain \u00ed Is eola\u00ed m\u00e9 a thugann l\u00e9argas ar shaol na heola\u00edochta don aoisghr\u00fapa sin ar bhealach tarraingeach, f\u00edsi\u00fail, mealltach.\u00a0 D\u00edr\u00edonn gach eagr\u00e1n ar ghn\u00e9 n\u00f3 ar th\u00e9arma eola\u00edochta ar leith.\u00a0\u00a0 Is iad Peadar \u00d3 Goill agus \u00dana N\u00ed Fhlatharta na l\u00e1ithreoir\u00ed agus sol\u00e1thra\u00edonn siad neart spraoi do na [&hellip;]<\/p>\n","protected":false},"author":4,"featured_media":30305,"parent":40345,"menu_order":5,"comment_status":"closed","ping_status":"closed","template":"page-templates\/template-pr.php","meta":{"_acf_changed":false,"footnotes":""},"acf":[],"yoast_head":"<!-- This site is optimized with the Yoast SEO plugin v22.6 - https:\/\/yoast.com\/wordpress\/plugins\/seo\/ -->\n<title>03.05.17 - Is Eola\u00ed M\u00e9 - TG4<\/title>\n<meta name=\"robots\" content=\"index, follow, max-snippet:-1, max-image-preview:large, max-video-preview:-1\" \/>\n<meta property=\"og:locale\" content=\"en_US\" \/>\n<meta property=\"og:type\" content=\"article\" \/>\n<meta property=\"og:title\" content=\"03.05.17 - Is Eola\u00ed M\u00e9 - TG4\" \/>\n<meta property=\"og:description\" content=\"Sraith eolasach shiams\u00fail do ph\u00e1ist\u00ed 8-12 bliain \u00ed Is eola\u00ed m\u00e9 a thugann l\u00e9argas ar shaol na heola\u00edochta don aoisghr\u00fapa sin ar bhealach tarraingeach, f\u00edsi\u00fail, mealltach.\u00a0 D\u00edr\u00edonn gach eagr\u00e1n ar ghn\u00e9 n\u00f3 ar th\u00e9arma eola\u00edochta ar leith.\u00a0\u00a0 Is iad Peadar \u00d3 Goill agus \u00dana N\u00ed Fhlatharta na l\u00e1ithreoir\u00ed agus sol\u00e1thra\u00edonn siad neart spraoi do na [&hellip;]\" \/>\n<meta property=\"og:url\" content=\"https:\/\/dev.tg4.ie\/ga\/eolas\/preas\/nuacht-raitis\/2017-2\/03-05-17-2\/\" \/>\n<meta property=\"og:site_name\" content=\"TG4\" \/>\n<meta property=\"article:publisher\" content=\"https:\/\/www.facebook.com\/TG4TV\" \/>\n<meta property=\"article:modified_time\" content=\"2019-06-25T08:33:14+00:00\" \/>\n<meta property=\"og:image\" content=\"https:\/\/tg4-docs.s3.amazonaws.com\/tg4-redesign-2015\/wp-content\/uploads\/2016\/09\/Peadar-%C3%93-Goill.jpg\" \/>\n\t<meta property=\"og:image:width\" content=\"1920\" \/>\n\t<meta property=\"og:image:height\" content=\"1080\" \/>\n\t<meta property=\"og:image:type\" content=\"image\/jpeg\" \/>\n<meta name=\"twitter:card\" content=\"summary_large_image\" \/>\n<meta name=\"twitter:site\" content=\"@TG4TV\" \/>\n<meta name=\"twitter:label1\" content=\"Est. reading time\" \/>\n\t<meta name=\"twitter:data1\" content=\"2 minutes\" \/>\n<script type=\"application\/ld+json\" class=\"yoast-schema-graph\">{\"@context\":\"https:\/\/schema.org\",\"@graph\":[{\"@type\":\"WebPage\",\"@id\":\"https:\/\/dev.tg4.ie\/ga\/eolas\/preas\/nuacht-raitis\/2017-2\/03-05-17-2\/\",\"url\":\"https:\/\/dev.tg4.ie\/ga\/eolas\/preas\/nuacht-raitis\/2017-2\/03-05-17-2\/\",\"name\":\"03.05.17 - Is Eola\u00ed M\u00e9 - TG4\",\"isPartOf\":{\"@id\":\"https:\/\/dev.tg4.ie\/en\/#website\"},\"primaryImageOfPage\":{\"@id\":\"https:\/\/dev.tg4.ie\/ga\/eolas\/preas\/nuacht-raitis\/2017-2\/03-05-17-2\/#primaryimage\"},\"image\":{\"@id\":\"https:\/\/dev.tg4.ie\/ga\/eolas\/preas\/nuacht-raitis\/2017-2\/03-05-17-2\/#primaryimage\"},\"thumbnailUrl\":\"https:\/\/tg4-docs.s3.amazonaws.com\/tg4-redesign-2015\/wp-content\/uploads\/2016\/09\/Peadar-%C3%93-Goill.jpg\",\"datePublished\":\"2017-05-05T11:28:50+00:00\",\"dateModified\":\"2019-06-25T08:33:14+00:00\",\"breadcrumb\":{\"@id\":\"https:\/\/dev.tg4.ie\/ga\/eolas\/preas\/nuacht-raitis\/2017-2\/03-05-17-2\/#breadcrumb\"},\"inLanguage\":\"ga\",\"potentialAction\":[{\"@type\":\"ReadAction\",\"target\":[\"https:\/\/dev.tg4.ie\/ga\/eolas\/preas\/nuacht-raitis\/2017-2\/03-05-17-2\/\"]}]},{\"@type\":\"ImageObject\",\"inLanguage\":\"ga\",\"@id\":\"https:\/\/dev.tg4.ie\/ga\/eolas\/preas\/nuacht-raitis\/2017-2\/03-05-17-2\/#primaryimage\",\"url\":\"https:\/\/tg4-docs.s3.amazonaws.com\/tg4-redesign-2015\/wp-content\/uploads\/2016\/09\/Peadar-%C3%93-Goill.jpg\",\"contentUrl\":\"https:\/\/tg4-docs.s3.amazonaws.com\/tg4-redesign-2015\/wp-content\/uploads\/2016\/09\/Peadar-%C3%93-Goill.jpg\",\"width\":1920,\"height\":1080,\"caption\":\"Peadar \u00d3 Goill\"},{\"@type\":\"BreadcrumbList\",\"@id\":\"https:\/\/dev.tg4.ie\/ga\/eolas\/preas\/nuacht-raitis\/2017-2\/03-05-17-2\/#breadcrumb\",\"itemListElement\":[{\"@type\":\"ListItem\",\"position\":1,\"name\":\"Home\",\"item\":\"https:\/\/dev.tg4.ie\/ga\/\"},{\"@type\":\"ListItem\",\"position\":2,\"name\":\"Eolas\",\"item\":\"https:\/\/dev.tg4.ie\/ga\/eolas\/\"},{\"@type\":\"ListItem\",\"position\":3,\"name\":\"Preas\",\"item\":\"https:\/\/dev.tg4.ie\/ga\/eolas\/preas\/\"},{\"@type\":\"ListItem\",\"position\":4,\"name\":\"Nuacht R\u00e1itis\",\"item\":\"https:\/\/dev.tg4.ie\/ga\/eolas\/preas\/nuacht-raitis\/\"},{\"@type\":\"ListItem\",\"position\":5,\"name\":\"2017\",\"item\":\"https:\/\/dev.tg4.ie\/ga\/eolas\/preas\/nuacht-raitis\/2017-2\/\"},{\"@type\":\"ListItem\",\"position\":6,\"name\":\"03.05.17 &#8211; Is Eola\u00ed M\u00e9\"}]},{\"@type\":\"WebSite\",\"@id\":\"https:\/\/dev.tg4.ie\/en\/#website\",\"url\":\"https:\/\/dev.tg4.ie\/en\/\",\"name\":\"TG4\",\"description\":\"S\u00fail Eile\",\"potentialAction\":[{\"@type\":\"SearchAction\",\"target\":{\"@type\":\"EntryPoint\",\"urlTemplate\":\"https:\/\/dev.tg4.ie\/en\/?s={search_term_string}\"},\"query-input\":\"required name=search_term_string\"}],\"inLanguage\":\"ga\"}]}<\/script>\n<!-- \/ Yoast SEO plugin. -->","yoast_head_json":{"title":"03.05.17 - Is Eola\u00ed M\u00e9 - TG4","robots":{"index":"index","follow":"follow","max-snippet":"max-snippet:-1","max-image-preview":"max-image-preview:large","max-video-preview":"max-video-preview:-1"},"og_locale":"en_US","og_type":"article","og_title":"03.05.17 - Is Eola\u00ed M\u00e9 - TG4","og_description":"Sraith eolasach shiams\u00fail do ph\u00e1ist\u00ed 8-12 bliain \u00ed Is eola\u00ed m\u00e9 a thugann l\u00e9argas ar shaol na heola\u00edochta don aoisghr\u00fapa sin ar bhealach tarraingeach, f\u00edsi\u00fail, mealltach.\u00a0 D\u00edr\u00edonn gach eagr\u00e1n ar ghn\u00e9 n\u00f3 ar th\u00e9arma eola\u00edochta ar leith.\u00a0\u00a0 Is iad Peadar \u00d3 Goill agus \u00dana N\u00ed Fhlatharta na l\u00e1ithreoir\u00ed agus sol\u00e1thra\u00edonn siad neart spraoi do na [&hellip;]","og_url":"https:\/\/dev.tg4.ie\/ga\/eolas\/preas\/nuacht-raitis\/2017-2\/03-05-17-2\/","og_site_name":"TG4","article_publisher":"https:\/\/www.facebook.com\/TG4TV","article_modified_time":"2019-06-25T08:33:14+00:00","og_image":[{"width":1920,"height":1080,"url":"https:\/\/tg4-docs.s3.amazonaws.com\/tg4-redesign-2015\/wp-content\/uploads\/2016\/09\/Peadar-%C3%93-Goill.jpg","type":"image\/jpeg"}],"twitter_card":"summary_large_image","twitter_site":"@TG4TV","twitter_misc":{"Est. reading time":"2 minutes"},"schema":{"@context":"https:\/\/schema.org","@graph":[{"@type":"WebPage","@id":"https:\/\/dev.tg4.ie\/ga\/eolas\/preas\/nuacht-raitis\/2017-2\/03-05-17-2\/","url":"https:\/\/dev.tg4.ie\/ga\/eolas\/preas\/nuacht-raitis\/2017-2\/03-05-17-2\/","name":"03.05.17 - Is Eola\u00ed M\u00e9 - TG4","isPartOf":{"@id":"https:\/\/dev.tg4.ie\/en\/#website"},"primaryImageOfPage":{"@id":"https:\/\/dev.tg4.ie\/ga\/eolas\/preas\/nuacht-raitis\/2017-2\/03-05-17-2\/#primaryimage"},"image":{"@id":"https:\/\/dev.tg4.ie\/ga\/eolas\/preas\/nuacht-raitis\/2017-2\/03-05-17-2\/#primaryimage"},"thumbnailUrl":"https:\/\/tg4-docs.s3.amazonaws.com\/tg4-redesign-2015\/wp-content\/uploads\/2016\/09\/Peadar-%C3%93-Goill.jpg","datePublished":"2017-05-05T11:28:50+00:00","dateModified":"2019-06-25T08:33:14+00:00","breadcrumb":{"@id":"https:\/\/dev.tg4.ie\/ga\/eolas\/preas\/nuacht-raitis\/2017-2\/03-05-17-2\/#breadcrumb"},"inLanguage":"ga","potentialAction":[{"@type":"ReadAction","target":["https:\/\/dev.tg4.ie\/ga\/eolas\/preas\/nuacht-raitis\/2017-2\/03-05-17-2\/"]}]},{"@type":"ImageObject","inLanguage":"ga","@id":"https:\/\/dev.tg4.ie\/ga\/eolas\/preas\/nuacht-raitis\/2017-2\/03-05-17-2\/#primaryimage","url":"https:\/\/tg4-docs.s3.amazonaws.com\/tg4-redesign-2015\/wp-content\/uploads\/2016\/09\/Peadar-%C3%93-Goill.jpg","contentUrl":"https:\/\/tg4-docs.s3.amazonaws.com\/tg4-redesign-2015\/wp-content\/uploads\/2016\/09\/Peadar-%C3%93-Goill.jpg","width":1920,"height":1080,"caption":"Peadar \u00d3 Goill"},{"@type":"BreadcrumbList","@id":"https:\/\/dev.tg4.ie\/ga\/eolas\/preas\/nuacht-raitis\/2017-2\/03-05-17-2\/#breadcrumb","itemListElement":[{"@type":"ListItem","position":1,"name":"Home","item":"https:\/\/dev.tg4.ie\/ga\/"},{"@type":"ListItem","position":2,"name":"Eolas","item":"https:\/\/dev.tg4.ie\/ga\/eolas\/"},{"@type":"ListItem","position":3,"name":"Preas","item":"https:\/\/dev.tg4.ie\/ga\/eolas\/preas\/"},{"@type":"ListItem","position":4,"name":"Nuacht R\u00e1itis","item":"https:\/\/dev.tg4.ie\/ga\/eolas\/preas\/nuacht-raitis\/"},{"@type":"ListItem","position":5,"name":"2017","item":"https:\/\/dev.tg4.ie\/ga\/eolas\/preas\/nuacht-raitis\/2017-2\/"},{"@type":"ListItem","position":6,"name":"03.05.17 &#8211; Is Eola\u00ed M\u00e9"}]},{"@type":"WebSite","@id":"https:\/\/dev.tg4.ie\/en\/#website","url":"https:\/\/dev.tg4.ie\/en\/","name":"TG4","description":"S\u00fail Eile","potentialAction":[{"@type":"SearchAction","target":{"@type":"EntryPoint","urlTemplate":"https:\/\/dev.tg4.ie\/en\/?s={search_term_string}"},"query-input":"required name=search_term_string"}],"inLanguage":"ga"}]}},"_links":{"self":[{"href":"https:\/\/dev.tg4.ie\/ga\/wp-json\/wp\/v2\/pages\/51803"}],"collection":[{"href":"https:\/\/dev.tg4.ie\/ga\/wp-json\/wp\/v2\/pages"}],"about":[{"href":"https:\/\/dev.tg4.ie\/ga\/wp-json\/wp\/v2\/types\/page"}],"author":[{"embeddable":true,"href":"https:\/\/dev.tg4.ie\/ga\/wp-json\/wp\/v2\/users\/4"}],"replies":[{"embeddable":true,"href":"https:\/\/dev.tg4.ie\/ga\/wp-json\/wp\/v2\/comments?post=51803"}],"version-history":[{"count":0,"href":"https:\/\/dev.tg4.ie\/ga\/wp-json\/wp\/v2\/pages\/51803\/revisions"}],"up":[{"embeddable":true,"href":"https:\/\/dev.tg4.ie\/ga\/wp-json\/wp\/v2\/pages\/40345"}],"wp:featuredmedia":[{"embeddable":true,"href":"https:\/\/dev.tg4.ie\/ga\/wp-json\/wp\/v2\/media\/30305"}],"wp:attachment":[{"href":"https:\/\/dev.tg4.ie\/ga\/wp-json\/wp\/v2\/media?parent=51803"}],"curies":[{"name":"wp","href":"https:\/\/api.w.org\/{rel}","templated":true}]}}