{"id":51809,"date":"2017-05-05T12:34:29","date_gmt":"2017-05-05T11:34:29","guid":{"rendered":"https:\/\/dev.tg4.ie\/?page_id=51809\/"},"modified":"2019-06-25T09:33:39","modified_gmt":"2019-06-25T08:33:39","slug":"04-05-17","status":"publish","type":"page","link":"https:\/\/dev.tg4.ie\/ga\/eolas\/preas\/nuacht-raitis\/2017-2\/04-05-17\/","title":{"rendered":"04.05.17 &#8211; Eoin McNeill"},"content":{"rendered":"<p>Cl\u00e1r uair an chloig faoin scol\u00e1ire, \u00fadar, polaiteoir agus athbheochan\u00f3ir \u00e9 seo, fear a d\u2019fh\u00e1g rian a l\u00e1imhe ar mh\u00f3r\u00e1n gn\u00e9ithe de thr\u00e9imhse chinni\u00fanach i stair na t\u00edre.\u00a0\u00a0 Bh\u00ed s\u00e9 ar dhuine de bhunaitheoir\u00ed Chonradh na Gaeilge in 1893 agus l\u00e1rnach san Athbheochan as sin amach.\u00a0 Sa bhliain 1913, scr\u00edobh s\u00e9 alt sa <em>gClaidheamh Solais, <\/em>iris an Chonartha, as ar buna\u00edodh \u00d3glaigh na h\u00c9ireann,\u00a0 bu\u00edon a raibh s\u00e9 ina Cheann Foirne uirthi ina dhiaidh sin.\u00a0\u00a0 An o\u00edche roimh \u00c9ir\u00ed Amach na C\u00e1sca 1916 d&#8217;eisigh s\u00e9 freasord\u00fa ag cur an \u00c9ir\u00ed Amach ar ceal, cinneadh a lean \u00e9 go b\u00e1s. F\u00e9achtar sa chl\u00e1r seo ar a shaol ild\u00e1nach agus ar an an tionchar a bh\u00ed ag an gCogadh Cathartha ar a mhuintir agus an t-\u00fadar a cheap s\u00e9 \u00c9ir\u00ed Amach na C\u00e1sca a chur ar ceal.<\/p>\n<p>Is \u00e9 an comhlacht neamhsple\u00e1ch l\u00e9iri\u00fach\u00e1in, Doubleband Films a l\u00e9irigh an cl\u00e1r seo ar choimisi\u00fan \u00f3 TG4 agus BBC Thuaisceart \u00c9ireann agus fuair an togra maoini\u00fa freisin \u00f3n gCiste Craolt\u00f3ireachta Gaeilge ansin.<\/p>\n<p>Eagra\u00edtear F\u00e9ile na Me\u00e1n Ceilteach gach bliain in ionad \u00e9ags\u00fail sna cr\u00edocha Ceilteacha.\u00a0\u00a0\u00a0\u00a0 Cuirtear iontr\u00e1lacha sna duais-rann\u00f3ga \u00e9ags\u00fala faoi mheas\u00fan\u00fa \u00f3 ghi\u00fair\u00e9 n\u00e1isi\u00fanta ina dt\u00edr f\u00e9in ar dt\u00fas.\u00a0 Roghna\u00edtear an scoth astu sin le dul san ioma\u00edocht sa gcom\u00f3rtas idirn\u00e1isi\u00fanta.\u00a0\u00a0 T\u00e1 f\u00e9ile na bliana seo, an 38\u00fa ceann go dt\u00ed seo,\u00a0 ar bun den ch\u00e9ad uair i nDoolish, Oile\u00e1n Mhanainn (<a href=\"http:\/\/www.celticmediafestival.co.uk\/\" target=\"_New\" rel=\"noopener noreferrer\">www.celticmediafestival.co.uk<\/a>).<\/p>\n<p>Deir Ardsti\u00farth\u00f3ir TG4, Alan Esslemont,\u00a0 gur duais shuntasach \u00ed seo do chl\u00e1r substainti\u00fail faoi phearsa ild\u00e1nach ar f\u00e1nach an aird a thugtar air go minic.\u00a0 &#8220;<em>T\u00e1 go leor scr\u00edofa, craolta agus r\u00e1ite le c\u00fapla bliain faoi cheannair\u00ed an \u00c9ir\u00ed Amach\u201d <\/em>a d\u00fairt s\u00e9<em> \u201c agus is ceart sin ach tugann an cl\u00e1r seo l\u00e9argas na \u2018s\u00faile eile\u2019\u00a0 ar dhuine a bh\u00ed l\u00e1rnach sa nGluaiseacht agus san Athbheochan agus i mblianta tosaigh an tSaorst\u00e1it ina dhiaidh sin<\/em>.\u201d<\/p>\n","protected":false},"excerpt":{"rendered":"<p>Cl\u00e1r uair an chloig faoin scol\u00e1ire, \u00fadar, polaiteoir agus athbheochan\u00f3ir \u00e9 seo, fear a d\u2019fh\u00e1g rian a l\u00e1imhe ar mh\u00f3r\u00e1n gn\u00e9ithe de thr\u00e9imhse chinni\u00fanach i stair na t\u00edre.\u00a0\u00a0 Bh\u00ed s\u00e9 ar dhuine de bhunaitheoir\u00ed Chonradh na Gaeilge in 1893 agus l\u00e1rnach san Athbheochan as sin amach.\u00a0 Sa bhliain 1913, scr\u00edobh s\u00e9 alt sa gClaidheamh Solais, [&hellip;]<\/p>\n","protected":false},"author":4,"featured_media":51810,"parent":40345,"menu_order":6,"comment_status":"closed","ping_status":"closed","template":"page-templates\/template-pr.php","meta":{"_acf_changed":false,"footnotes":""},"acf":[],"yoast_head":"<!-- This site is optimized with the Yoast SEO plugin v22.6 - https:\/\/yoast.com\/wordpress\/plugins\/seo\/ -->\n<title>04.05.17 - Eoin McNeill - TG4<\/title>\n<meta name=\"robots\" content=\"index, follow, max-snippet:-1, max-image-preview:large, max-video-preview:-1\" \/>\n<meta property=\"og:locale\" content=\"en_US\" \/>\n<meta property=\"og:type\" content=\"article\" \/>\n<meta property=\"og:title\" content=\"04.05.17 - Eoin McNeill - TG4\" \/>\n<meta property=\"og:description\" content=\"Cl\u00e1r uair an chloig faoin scol\u00e1ire, \u00fadar, polaiteoir agus athbheochan\u00f3ir \u00e9 seo, fear a d\u2019fh\u00e1g rian a l\u00e1imhe ar mh\u00f3r\u00e1n gn\u00e9ithe de thr\u00e9imhse chinni\u00fanach i stair na t\u00edre.\u00a0\u00a0 Bh\u00ed s\u00e9 ar dhuine de bhunaitheoir\u00ed Chonradh na Gaeilge in 1893 agus l\u00e1rnach san Athbheochan as sin amach.\u00a0 Sa bhliain 1913, scr\u00edobh s\u00e9 alt sa gClaidheamh Solais, [&hellip;]\" \/>\n<meta property=\"og:url\" content=\"https:\/\/dev.tg4.ie\/ga\/eolas\/preas\/nuacht-raitis\/2017-2\/04-05-17\/\" \/>\n<meta property=\"og:site_name\" content=\"TG4\" \/>\n<meta property=\"article:publisher\" content=\"https:\/\/www.facebook.com\/TG4TV\" \/>\n<meta property=\"article:modified_time\" content=\"2019-06-25T08:33:39+00:00\" \/>\n<meta property=\"og:image\" content=\"https:\/\/tg4-docs.s3.amazonaws.com\/tg4-redesign-2015\/wp-content\/uploads\/2017\/05\/Eoin_Mc_Neil_Fera_Dearmadta1916.jpg\" \/>\n\t<meta property=\"og:image:width\" content=\"1920\" \/>\n\t<meta property=\"og:image:height\" content=\"1080\" \/>\n\t<meta property=\"og:image:type\" content=\"image\/jpeg\" \/>\n<meta name=\"twitter:card\" content=\"summary_large_image\" \/>\n<meta name=\"twitter:site\" content=\"@TG4TV\" \/>\n<meta name=\"twitter:label1\" content=\"Est. reading time\" \/>\n\t<meta name=\"twitter:data1\" content=\"2 minutes\" \/>\n<script type=\"application\/ld+json\" class=\"yoast-schema-graph\">{\"@context\":\"https:\/\/schema.org\",\"@graph\":[{\"@type\":\"WebPage\",\"@id\":\"https:\/\/dev.tg4.ie\/ga\/eolas\/preas\/nuacht-raitis\/2017-2\/04-05-17\/\",\"url\":\"https:\/\/dev.tg4.ie\/ga\/eolas\/preas\/nuacht-raitis\/2017-2\/04-05-17\/\",\"name\":\"04.05.17 - Eoin McNeill - TG4\",\"isPartOf\":{\"@id\":\"https:\/\/dev.tg4.ie\/en\/#website\"},\"primaryImageOfPage\":{\"@id\":\"https:\/\/dev.tg4.ie\/ga\/eolas\/preas\/nuacht-raitis\/2017-2\/04-05-17\/#primaryimage\"},\"image\":{\"@id\":\"https:\/\/dev.tg4.ie\/ga\/eolas\/preas\/nuacht-raitis\/2017-2\/04-05-17\/#primaryimage\"},\"thumbnailUrl\":\"https:\/\/tg4-docs.s3.amazonaws.com\/tg4-redesign-2015\/wp-content\/uploads\/2017\/05\/Eoin_Mc_Neil_Fera_Dearmadta1916.jpg\",\"datePublished\":\"2017-05-05T11:34:29+00:00\",\"dateModified\":\"2019-06-25T08:33:39+00:00\",\"breadcrumb\":{\"@id\":\"https:\/\/dev.tg4.ie\/ga\/eolas\/preas\/nuacht-raitis\/2017-2\/04-05-17\/#breadcrumb\"},\"inLanguage\":\"ga\",\"potentialAction\":[{\"@type\":\"ReadAction\",\"target\":[\"https:\/\/dev.tg4.ie\/ga\/eolas\/preas\/nuacht-raitis\/2017-2\/04-05-17\/\"]}]},{\"@type\":\"ImageObject\",\"inLanguage\":\"ga\",\"@id\":\"https:\/\/dev.tg4.ie\/ga\/eolas\/preas\/nuacht-raitis\/2017-2\/04-05-17\/#primaryimage\",\"url\":\"https:\/\/tg4-docs.s3.amazonaws.com\/tg4-redesign-2015\/wp-content\/uploads\/2017\/05\/Eoin_Mc_Neil_Fera_Dearmadta1916.jpg\",\"contentUrl\":\"https:\/\/tg4-docs.s3.amazonaws.com\/tg4-redesign-2015\/wp-content\/uploads\/2017\/05\/Eoin_Mc_Neil_Fera_Dearmadta1916.jpg\",\"width\":1920,\"height\":1080,\"caption\":\"Eoin McN\u00e9ill\"},{\"@type\":\"BreadcrumbList\",\"@id\":\"https:\/\/dev.tg4.ie\/ga\/eolas\/preas\/nuacht-raitis\/2017-2\/04-05-17\/#breadcrumb\",\"itemListElement\":[{\"@type\":\"ListItem\",\"position\":1,\"name\":\"Home\",\"item\":\"https:\/\/dev.tg4.ie\/ga\/\"},{\"@type\":\"ListItem\",\"position\":2,\"name\":\"Eolas\",\"item\":\"https:\/\/dev.tg4.ie\/ga\/eolas\/\"},{\"@type\":\"ListItem\",\"position\":3,\"name\":\"Preas\",\"item\":\"https:\/\/dev.tg4.ie\/ga\/eolas\/preas\/\"},{\"@type\":\"ListItem\",\"position\":4,\"name\":\"Nuacht R\u00e1itis\",\"item\":\"https:\/\/dev.tg4.ie\/ga\/eolas\/preas\/nuacht-raitis\/\"},{\"@type\":\"ListItem\",\"position\":5,\"name\":\"2017\",\"item\":\"https:\/\/dev.tg4.ie\/ga\/eolas\/preas\/nuacht-raitis\/2017-2\/\"},{\"@type\":\"ListItem\",\"position\":6,\"name\":\"04.05.17 &#8211; Eoin McNeill\"}]},{\"@type\":\"WebSite\",\"@id\":\"https:\/\/dev.tg4.ie\/en\/#website\",\"url\":\"https:\/\/dev.tg4.ie\/en\/\",\"name\":\"TG4\",\"description\":\"S\u00fail Eile\",\"potentialAction\":[{\"@type\":\"SearchAction\",\"target\":{\"@type\":\"EntryPoint\",\"urlTemplate\":\"https:\/\/dev.tg4.ie\/en\/?s={search_term_string}\"},\"query-input\":\"required name=search_term_string\"}],\"inLanguage\":\"ga\"}]}<\/script>\n<!-- \/ Yoast SEO plugin. -->","yoast_head_json":{"title":"04.05.17 - Eoin McNeill - TG4","robots":{"index":"index","follow":"follow","max-snippet":"max-snippet:-1","max-image-preview":"max-image-preview:large","max-video-preview":"max-video-preview:-1"},"og_locale":"en_US","og_type":"article","og_title":"04.05.17 - Eoin McNeill - TG4","og_description":"Cl\u00e1r uair an chloig faoin scol\u00e1ire, \u00fadar, polaiteoir agus athbheochan\u00f3ir \u00e9 seo, fear a d\u2019fh\u00e1g rian a l\u00e1imhe ar mh\u00f3r\u00e1n gn\u00e9ithe de thr\u00e9imhse chinni\u00fanach i stair na t\u00edre.\u00a0\u00a0 Bh\u00ed s\u00e9 ar dhuine de bhunaitheoir\u00ed Chonradh na Gaeilge in 1893 agus l\u00e1rnach san Athbheochan as sin amach.\u00a0 Sa bhliain 1913, scr\u00edobh s\u00e9 alt sa gClaidheamh Solais, [&hellip;]","og_url":"https:\/\/dev.tg4.ie\/ga\/eolas\/preas\/nuacht-raitis\/2017-2\/04-05-17\/","og_site_name":"TG4","article_publisher":"https:\/\/www.facebook.com\/TG4TV","article_modified_time":"2019-06-25T08:33:39+00:00","og_image":[{"width":1920,"height":1080,"url":"https:\/\/tg4-docs.s3.amazonaws.com\/tg4-redesign-2015\/wp-content\/uploads\/2017\/05\/Eoin_Mc_Neil_Fera_Dearmadta1916.jpg","type":"image\/jpeg"}],"twitter_card":"summary_large_image","twitter_site":"@TG4TV","twitter_misc":{"Est. reading time":"2 minutes"},"schema":{"@context":"https:\/\/schema.org","@graph":[{"@type":"WebPage","@id":"https:\/\/dev.tg4.ie\/ga\/eolas\/preas\/nuacht-raitis\/2017-2\/04-05-17\/","url":"https:\/\/dev.tg4.ie\/ga\/eolas\/preas\/nuacht-raitis\/2017-2\/04-05-17\/","name":"04.05.17 - Eoin McNeill - TG4","isPartOf":{"@id":"https:\/\/dev.tg4.ie\/en\/#website"},"primaryImageOfPage":{"@id":"https:\/\/dev.tg4.ie\/ga\/eolas\/preas\/nuacht-raitis\/2017-2\/04-05-17\/#primaryimage"},"image":{"@id":"https:\/\/dev.tg4.ie\/ga\/eolas\/preas\/nuacht-raitis\/2017-2\/04-05-17\/#primaryimage"},"thumbnailUrl":"https:\/\/tg4-docs.s3.amazonaws.com\/tg4-redesign-2015\/wp-content\/uploads\/2017\/05\/Eoin_Mc_Neil_Fera_Dearmadta1916.jpg","datePublished":"2017-05-05T11:34:29+00:00","dateModified":"2019-06-25T08:33:39+00:00","breadcrumb":{"@id":"https:\/\/dev.tg4.ie\/ga\/eolas\/preas\/nuacht-raitis\/2017-2\/04-05-17\/#breadcrumb"},"inLanguage":"ga","potentialAction":[{"@type":"ReadAction","target":["https:\/\/dev.tg4.ie\/ga\/eolas\/preas\/nuacht-raitis\/2017-2\/04-05-17\/"]}]},{"@type":"ImageObject","inLanguage":"ga","@id":"https:\/\/dev.tg4.ie\/ga\/eolas\/preas\/nuacht-raitis\/2017-2\/04-05-17\/#primaryimage","url":"https:\/\/tg4-docs.s3.amazonaws.com\/tg4-redesign-2015\/wp-content\/uploads\/2017\/05\/Eoin_Mc_Neil_Fera_Dearmadta1916.jpg","contentUrl":"https:\/\/tg4-docs.s3.amazonaws.com\/tg4-redesign-2015\/wp-content\/uploads\/2017\/05\/Eoin_Mc_Neil_Fera_Dearmadta1916.jpg","width":1920,"height":1080,"caption":"Eoin McN\u00e9ill"},{"@type":"BreadcrumbList","@id":"https:\/\/dev.tg4.ie\/ga\/eolas\/preas\/nuacht-raitis\/2017-2\/04-05-17\/#breadcrumb","itemListElement":[{"@type":"ListItem","position":1,"name":"Home","item":"https:\/\/dev.tg4.ie\/ga\/"},{"@type":"ListItem","position":2,"name":"Eolas","item":"https:\/\/dev.tg4.ie\/ga\/eolas\/"},{"@type":"ListItem","position":3,"name":"Preas","item":"https:\/\/dev.tg4.ie\/ga\/eolas\/preas\/"},{"@type":"ListItem","position":4,"name":"Nuacht R\u00e1itis","item":"https:\/\/dev.tg4.ie\/ga\/eolas\/preas\/nuacht-raitis\/"},{"@type":"ListItem","position":5,"name":"2017","item":"https:\/\/dev.tg4.ie\/ga\/eolas\/preas\/nuacht-raitis\/2017-2\/"},{"@type":"ListItem","position":6,"name":"04.05.17 &#8211; Eoin McNeill"}]},{"@type":"WebSite","@id":"https:\/\/dev.tg4.ie\/en\/#website","url":"https:\/\/dev.tg4.ie\/en\/","name":"TG4","description":"S\u00fail Eile","potentialAction":[{"@type":"SearchAction","target":{"@type":"EntryPoint","urlTemplate":"https:\/\/dev.tg4.ie\/en\/?s={search_term_string}"},"query-input":"required name=search_term_string"}],"inLanguage":"ga"}]}},"_links":{"self":[{"href":"https:\/\/dev.tg4.ie\/ga\/wp-json\/wp\/v2\/pages\/51809"}],"collection":[{"href":"https:\/\/dev.tg4.ie\/ga\/wp-json\/wp\/v2\/pages"}],"about":[{"href":"https:\/\/dev.tg4.ie\/ga\/wp-json\/wp\/v2\/types\/page"}],"author":[{"embeddable":true,"href":"https:\/\/dev.tg4.ie\/ga\/wp-json\/wp\/v2\/users\/4"}],"replies":[{"embeddable":true,"href":"https:\/\/dev.tg4.ie\/ga\/wp-json\/wp\/v2\/comments?post=51809"}],"version-history":[{"count":0,"href":"https:\/\/dev.tg4.ie\/ga\/wp-json\/wp\/v2\/pages\/51809\/revisions"}],"up":[{"embeddable":true,"href":"https:\/\/dev.tg4.ie\/ga\/wp-json\/wp\/v2\/pages\/40345"}],"wp:featuredmedia":[{"embeddable":true,"href":"https:\/\/dev.tg4.ie\/ga\/wp-json\/wp\/v2\/media\/51810"}],"wp:attachment":[{"href":"https:\/\/dev.tg4.ie\/ga\/wp-json\/wp\/v2\/media?parent=51809"}],"curies":[{"name":"wp","href":"https:\/\/api.w.org\/{rel}","templated":true}]}}