{"id":51924,"date":"2017-05-08T10:14:27","date_gmt":"2017-05-08T09:14:27","guid":{"rendered":"https:\/\/dev.tg4.ie\/?page_id=51924\/"},"modified":"2019-06-25T09:36:17","modified_gmt":"2019-06-25T08:36:17","slug":"05-05-17","status":"publish","type":"page","link":"https:\/\/dev.tg4.ie\/ga\/eolas\/preas\/nuacht-raitis\/2017-2\/05-05-17\/","title":{"rendered":"Eoin MacNeill"},"content":{"rendered":"<p>Cl\u00e1r faisn\u00e9ise faoin scol\u00e1ire, \u00fadar, polaiteoir agus athbheochan\u00f3ir \u00e9 seo, fear a d\u2019fh\u00e1g rian a l\u00e1imhe ar mh\u00f3r\u00e1n gn\u00e9ithe de thr\u00e9imhse chinni\u00fanach i stair na t\u00edre. Bh\u00ed s\u00e9 ar dhuine de bhunaitheoir\u00ed Chonradh na Gaeilge in 1893 agus l\u00e1rnach san Athbheochan as sin amach. Sa bhliain 1913, scr\u00edobh s\u00e9 alt sa gClaidheamh Solais, iris an Chonartha, as ar buna\u00edodh \u00d3glaigh na h\u00c9ireann, bu\u00edon a raibh s\u00e9 ina Cheann Foirne uirthi ina dhiaidh sin. An o\u00edche roimh \u00c9ir\u00ed Amach na C\u00e1sca 1916 d&#8217;eisigh s\u00e9 freasord\u00fa ag cur an \u00c9ir\u00ed Amach ar ceal, cinneadh a lean \u00e9 go b\u00e1s. F\u00e9achtar sa chl\u00e1r seo ar a shaol ild\u00e1nach agus ar an tionchar a bh\u00ed ag an gCogadh Cathartha ar a mhuintir agus an t-\u00fadar a cheap s\u00e9 \u00c9ir\u00ed Amach na C\u00e1sca a chur ar ceal.<br \/>\nIs \u00e9 an comhlacht neamhsple\u00e1ch l\u00e9iri\u00fach\u00e1in, Doubleband Films a l\u00e9irigh an cl\u00e1r seo ar choimisi\u00fan \u00f3 TG4 agus BBC Thuaisceart \u00c9ireann agus fuair an togra maoini\u00fa freisin \u00f3n gCiste Craolt\u00f3ireachta Gaeilge ansin.<\/p>\n<p>Eagra\u00edtear F\u00e9ile na Me\u00e1n Ceilteach gach bliain in ionad \u00e9ags\u00fail sna cr\u00edocha Ceilteacha. Cuirtear iontr\u00e1lacha sna duais-rann\u00f3ga \u00e9ags\u00fala faoi mheas\u00fan\u00fa \u00f3 ghi\u00fair\u00e9 n\u00e1isi\u00fanta ina dt\u00edr f\u00e9in ar dt\u00fas. Roghna\u00edtear an scoth astu sin le dul san ioma\u00edocht sa gcom\u00f3rtas idirn\u00e1isi\u00fanta. Bh\u00ed F\u00e9ile na bliana seo, an 38\u00fa ceann go dt\u00ed seo, ar bun i nD\u00faghlas, Manainn, \u00f3 l\u00e1r na seachtaine den ch\u00e9ad uair (<a href=\"http:\/\/www.celticmediafestival.co.uk\/\" target=\"_New\" rel=\"noopener noreferrer\">www.celticmediafestival.co.uk<\/a>). Is \u00e9 \u201cSpiorad na F\u00e9ile\u201d an duais is airde agus is gradam\u00fala ar fad mar gur ar an saothar is fearr i dteanga Cheilteach a bronntar \u00ed.<\/p>\n<p>Deir Ardsti\u00farth\u00f3ir TG4, Alan Esslemont, go gcuireann an m\u00f3rdhuais idirn\u00e1isi\u00fanta seo an dlaoi mhullaigh ar an aitheantas at\u00e1 faighte cheana f\u00e9in ag an gcl\u00e1r seo. &#8220;Thuigeamar \u00f3n t\u00fas gur cl\u00e1r speisialta a bheadh anseo\u201d a d\u00fairt s\u00e9. \u201cFeicimid anois go raibh an meas c\u00e9anna air ag \u00e1r gcomhghleacaithe Ceilteacha, rud nach gcuireann aon iontas orainn ach a thugann s\u00e1samh ar leith d\u00fainn freisin\u201d.<\/p>\n","protected":false},"excerpt":{"rendered":"<p>Cl\u00e1r faisn\u00e9ise faoin scol\u00e1ire, \u00fadar, polaiteoir agus athbheochan\u00f3ir \u00e9 seo, fear a d\u2019fh\u00e1g rian a l\u00e1imhe ar mh\u00f3r\u00e1n gn\u00e9ithe de thr\u00e9imhse chinni\u00fanach i stair na t\u00edre. Bh\u00ed s\u00e9 ar dhuine de bhunaitheoir\u00ed Chonradh na Gaeilge in 1893 agus l\u00e1rnach san Athbheochan as sin amach. Sa bhliain 1913, scr\u00edobh s\u00e9 alt sa gClaidheamh Solais, iris an [&hellip;]<\/p>\n","protected":false},"author":999,"featured_media":51810,"parent":40345,"menu_order":7,"comment_status":"closed","ping_status":"closed","template":"page-templates\/template-pr.php","meta":{"_acf_changed":false,"footnotes":""},"acf":[],"yoast_head":"<!-- This site is optimized with the Yoast SEO plugin v22.6 - https:\/\/yoast.com\/wordpress\/plugins\/seo\/ -->\n<title>Eoin MacNeill - TG4<\/title>\n<meta name=\"robots\" content=\"index, follow, max-snippet:-1, max-image-preview:large, max-video-preview:-1\" \/>\n<meta property=\"og:locale\" content=\"en_US\" \/>\n<meta property=\"og:type\" content=\"article\" \/>\n<meta property=\"og:title\" content=\"Eoin MacNeill - TG4\" \/>\n<meta property=\"og:description\" content=\"Cl\u00e1r faisn\u00e9ise faoin scol\u00e1ire, \u00fadar, polaiteoir agus athbheochan\u00f3ir \u00e9 seo, fear a d\u2019fh\u00e1g rian a l\u00e1imhe ar mh\u00f3r\u00e1n gn\u00e9ithe de thr\u00e9imhse chinni\u00fanach i stair na t\u00edre. Bh\u00ed s\u00e9 ar dhuine de bhunaitheoir\u00ed Chonradh na Gaeilge in 1893 agus l\u00e1rnach san Athbheochan as sin amach. Sa bhliain 1913, scr\u00edobh s\u00e9 alt sa gClaidheamh Solais, iris an [&hellip;]\" \/>\n<meta property=\"og:url\" content=\"https:\/\/dev.tg4.ie\/ga\/eolas\/preas\/nuacht-raitis\/2017-2\/05-05-17\/\" \/>\n<meta property=\"og:site_name\" content=\"TG4\" \/>\n<meta property=\"article:publisher\" content=\"https:\/\/www.facebook.com\/TG4TV\" \/>\n<meta property=\"article:modified_time\" content=\"2019-06-25T08:36:17+00:00\" \/>\n<meta property=\"og:image\" content=\"https:\/\/tg4-docs.s3.amazonaws.com\/tg4-redesign-2015\/wp-content\/uploads\/2017\/05\/Eoin_Mc_Neil_Fera_Dearmadta1916.jpg\" \/>\n\t<meta property=\"og:image:width\" content=\"1920\" \/>\n\t<meta property=\"og:image:height\" content=\"1080\" \/>\n\t<meta property=\"og:image:type\" content=\"image\/jpeg\" \/>\n<meta name=\"twitter:card\" content=\"summary_large_image\" \/>\n<meta name=\"twitter:site\" content=\"@TG4TV\" \/>\n<meta name=\"twitter:label1\" content=\"Est. reading time\" \/>\n\t<meta name=\"twitter:data1\" content=\"2 minutes\" \/>\n<script type=\"application\/ld+json\" class=\"yoast-schema-graph\">{\"@context\":\"https:\/\/schema.org\",\"@graph\":[{\"@type\":\"WebPage\",\"@id\":\"https:\/\/dev.tg4.ie\/ga\/eolas\/preas\/nuacht-raitis\/2017-2\/05-05-17\/\",\"url\":\"https:\/\/dev.tg4.ie\/ga\/eolas\/preas\/nuacht-raitis\/2017-2\/05-05-17\/\",\"name\":\"Eoin MacNeill - TG4\",\"isPartOf\":{\"@id\":\"https:\/\/dev.tg4.ie\/en\/#website\"},\"primaryImageOfPage\":{\"@id\":\"https:\/\/dev.tg4.ie\/ga\/eolas\/preas\/nuacht-raitis\/2017-2\/05-05-17\/#primaryimage\"},\"image\":{\"@id\":\"https:\/\/dev.tg4.ie\/ga\/eolas\/preas\/nuacht-raitis\/2017-2\/05-05-17\/#primaryimage\"},\"thumbnailUrl\":\"https:\/\/tg4-docs.s3.amazonaws.com\/tg4-redesign-2015\/wp-content\/uploads\/2017\/05\/Eoin_Mc_Neil_Fera_Dearmadta1916.jpg\",\"datePublished\":\"2017-05-08T09:14:27+00:00\",\"dateModified\":\"2019-06-25T08:36:17+00:00\",\"breadcrumb\":{\"@id\":\"https:\/\/dev.tg4.ie\/ga\/eolas\/preas\/nuacht-raitis\/2017-2\/05-05-17\/#breadcrumb\"},\"inLanguage\":\"ga\",\"potentialAction\":[{\"@type\":\"ReadAction\",\"target\":[\"https:\/\/dev.tg4.ie\/ga\/eolas\/preas\/nuacht-raitis\/2017-2\/05-05-17\/\"]}]},{\"@type\":\"ImageObject\",\"inLanguage\":\"ga\",\"@id\":\"https:\/\/dev.tg4.ie\/ga\/eolas\/preas\/nuacht-raitis\/2017-2\/05-05-17\/#primaryimage\",\"url\":\"https:\/\/tg4-docs.s3.amazonaws.com\/tg4-redesign-2015\/wp-content\/uploads\/2017\/05\/Eoin_Mc_Neil_Fera_Dearmadta1916.jpg\",\"contentUrl\":\"https:\/\/tg4-docs.s3.amazonaws.com\/tg4-redesign-2015\/wp-content\/uploads\/2017\/05\/Eoin_Mc_Neil_Fera_Dearmadta1916.jpg\",\"width\":1920,\"height\":1080,\"caption\":\"Eoin McN\u00e9ill\"},{\"@type\":\"BreadcrumbList\",\"@id\":\"https:\/\/dev.tg4.ie\/ga\/eolas\/preas\/nuacht-raitis\/2017-2\/05-05-17\/#breadcrumb\",\"itemListElement\":[{\"@type\":\"ListItem\",\"position\":1,\"name\":\"Home\",\"item\":\"https:\/\/dev.tg4.ie\/ga\/\"},{\"@type\":\"ListItem\",\"position\":2,\"name\":\"Eolas\",\"item\":\"https:\/\/dev.tg4.ie\/ga\/eolas\/\"},{\"@type\":\"ListItem\",\"position\":3,\"name\":\"Preas\",\"item\":\"https:\/\/dev.tg4.ie\/ga\/eolas\/preas\/\"},{\"@type\":\"ListItem\",\"position\":4,\"name\":\"Nuacht R\u00e1itis\",\"item\":\"https:\/\/dev.tg4.ie\/ga\/eolas\/preas\/nuacht-raitis\/\"},{\"@type\":\"ListItem\",\"position\":5,\"name\":\"2017\",\"item\":\"https:\/\/dev.tg4.ie\/ga\/eolas\/preas\/nuacht-raitis\/2017-2\/\"},{\"@type\":\"ListItem\",\"position\":6,\"name\":\"Eoin MacNeill\"}]},{\"@type\":\"WebSite\",\"@id\":\"https:\/\/dev.tg4.ie\/en\/#website\",\"url\":\"https:\/\/dev.tg4.ie\/en\/\",\"name\":\"TG4\",\"description\":\"S\u00fail Eile\",\"potentialAction\":[{\"@type\":\"SearchAction\",\"target\":{\"@type\":\"EntryPoint\",\"urlTemplate\":\"https:\/\/dev.tg4.ie\/en\/?s={search_term_string}\"},\"query-input\":\"required name=search_term_string\"}],\"inLanguage\":\"ga\"}]}<\/script>\n<!-- \/ Yoast SEO plugin. -->","yoast_head_json":{"title":"Eoin MacNeill - TG4","robots":{"index":"index","follow":"follow","max-snippet":"max-snippet:-1","max-image-preview":"max-image-preview:large","max-video-preview":"max-video-preview:-1"},"og_locale":"en_US","og_type":"article","og_title":"Eoin MacNeill - TG4","og_description":"Cl\u00e1r faisn\u00e9ise faoin scol\u00e1ire, \u00fadar, polaiteoir agus athbheochan\u00f3ir \u00e9 seo, fear a d\u2019fh\u00e1g rian a l\u00e1imhe ar mh\u00f3r\u00e1n gn\u00e9ithe de thr\u00e9imhse chinni\u00fanach i stair na t\u00edre. Bh\u00ed s\u00e9 ar dhuine de bhunaitheoir\u00ed Chonradh na Gaeilge in 1893 agus l\u00e1rnach san Athbheochan as sin amach. Sa bhliain 1913, scr\u00edobh s\u00e9 alt sa gClaidheamh Solais, iris an [&hellip;]","og_url":"https:\/\/dev.tg4.ie\/ga\/eolas\/preas\/nuacht-raitis\/2017-2\/05-05-17\/","og_site_name":"TG4","article_publisher":"https:\/\/www.facebook.com\/TG4TV","article_modified_time":"2019-06-25T08:36:17+00:00","og_image":[{"width":1920,"height":1080,"url":"https:\/\/tg4-docs.s3.amazonaws.com\/tg4-redesign-2015\/wp-content\/uploads\/2017\/05\/Eoin_Mc_Neil_Fera_Dearmadta1916.jpg","type":"image\/jpeg"}],"twitter_card":"summary_large_image","twitter_site":"@TG4TV","twitter_misc":{"Est. reading time":"2 minutes"},"schema":{"@context":"https:\/\/schema.org","@graph":[{"@type":"WebPage","@id":"https:\/\/dev.tg4.ie\/ga\/eolas\/preas\/nuacht-raitis\/2017-2\/05-05-17\/","url":"https:\/\/dev.tg4.ie\/ga\/eolas\/preas\/nuacht-raitis\/2017-2\/05-05-17\/","name":"Eoin MacNeill - TG4","isPartOf":{"@id":"https:\/\/dev.tg4.ie\/en\/#website"},"primaryImageOfPage":{"@id":"https:\/\/dev.tg4.ie\/ga\/eolas\/preas\/nuacht-raitis\/2017-2\/05-05-17\/#primaryimage"},"image":{"@id":"https:\/\/dev.tg4.ie\/ga\/eolas\/preas\/nuacht-raitis\/2017-2\/05-05-17\/#primaryimage"},"thumbnailUrl":"https:\/\/tg4-docs.s3.amazonaws.com\/tg4-redesign-2015\/wp-content\/uploads\/2017\/05\/Eoin_Mc_Neil_Fera_Dearmadta1916.jpg","datePublished":"2017-05-08T09:14:27+00:00","dateModified":"2019-06-25T08:36:17+00:00","breadcrumb":{"@id":"https:\/\/dev.tg4.ie\/ga\/eolas\/preas\/nuacht-raitis\/2017-2\/05-05-17\/#breadcrumb"},"inLanguage":"ga","potentialAction":[{"@type":"ReadAction","target":["https:\/\/dev.tg4.ie\/ga\/eolas\/preas\/nuacht-raitis\/2017-2\/05-05-17\/"]}]},{"@type":"ImageObject","inLanguage":"ga","@id":"https:\/\/dev.tg4.ie\/ga\/eolas\/preas\/nuacht-raitis\/2017-2\/05-05-17\/#primaryimage","url":"https:\/\/tg4-docs.s3.amazonaws.com\/tg4-redesign-2015\/wp-content\/uploads\/2017\/05\/Eoin_Mc_Neil_Fera_Dearmadta1916.jpg","contentUrl":"https:\/\/tg4-docs.s3.amazonaws.com\/tg4-redesign-2015\/wp-content\/uploads\/2017\/05\/Eoin_Mc_Neil_Fera_Dearmadta1916.jpg","width":1920,"height":1080,"caption":"Eoin McN\u00e9ill"},{"@type":"BreadcrumbList","@id":"https:\/\/dev.tg4.ie\/ga\/eolas\/preas\/nuacht-raitis\/2017-2\/05-05-17\/#breadcrumb","itemListElement":[{"@type":"ListItem","position":1,"name":"Home","item":"https:\/\/dev.tg4.ie\/ga\/"},{"@type":"ListItem","position":2,"name":"Eolas","item":"https:\/\/dev.tg4.ie\/ga\/eolas\/"},{"@type":"ListItem","position":3,"name":"Preas","item":"https:\/\/dev.tg4.ie\/ga\/eolas\/preas\/"},{"@type":"ListItem","position":4,"name":"Nuacht R\u00e1itis","item":"https:\/\/dev.tg4.ie\/ga\/eolas\/preas\/nuacht-raitis\/"},{"@type":"ListItem","position":5,"name":"2017","item":"https:\/\/dev.tg4.ie\/ga\/eolas\/preas\/nuacht-raitis\/2017-2\/"},{"@type":"ListItem","position":6,"name":"Eoin MacNeill"}]},{"@type":"WebSite","@id":"https:\/\/dev.tg4.ie\/en\/#website","url":"https:\/\/dev.tg4.ie\/en\/","name":"TG4","description":"S\u00fail Eile","potentialAction":[{"@type":"SearchAction","target":{"@type":"EntryPoint","urlTemplate":"https:\/\/dev.tg4.ie\/en\/?s={search_term_string}"},"query-input":"required name=search_term_string"}],"inLanguage":"ga"}]}},"_links":{"self":[{"href":"https:\/\/dev.tg4.ie\/ga\/wp-json\/wp\/v2\/pages\/51924"}],"collection":[{"href":"https:\/\/dev.tg4.ie\/ga\/wp-json\/wp\/v2\/pages"}],"about":[{"href":"https:\/\/dev.tg4.ie\/ga\/wp-json\/wp\/v2\/types\/page"}],"author":[{"embeddable":true,"href":"https:\/\/dev.tg4.ie\/ga\/wp-json\/wp\/v2\/users\/999"}],"replies":[{"embeddable":true,"href":"https:\/\/dev.tg4.ie\/ga\/wp-json\/wp\/v2\/comments?post=51924"}],"version-history":[{"count":0,"href":"https:\/\/dev.tg4.ie\/ga\/wp-json\/wp\/v2\/pages\/51924\/revisions"}],"up":[{"embeddable":true,"href":"https:\/\/dev.tg4.ie\/ga\/wp-json\/wp\/v2\/pages\/40345"}],"wp:featuredmedia":[{"embeddable":true,"href":"https:\/\/dev.tg4.ie\/ga\/wp-json\/wp\/v2\/media\/51810"}],"wp:attachment":[{"href":"https:\/\/dev.tg4.ie\/ga\/wp-json\/wp\/v2\/media?parent=51924"}],"curies":[{"name":"wp","href":"https:\/\/api.w.org\/{rel}","templated":true}]}}