{"id":53307,"date":"2017-06-09T09:20:09","date_gmt":"2017-06-09T08:20:09","guid":{"rendered":"https:\/\/dev.tg4.ie\/?page_id=53307\/"},"modified":"2019-06-25T09:37:14","modified_gmt":"2019-06-25T08:37:14","slug":"09-06-17-oireachtas-na-samhna","status":"publish","type":"page","link":"https:\/\/dev.tg4.ie\/ga\/eolas\/preas\/nuacht-raitis\/2017-2\/09-06-17-oireachtas-na-samhna\/","title":{"rendered":"09.06.17 Oireachtas na Samhna"},"content":{"rendered":"<p><span>\u201cT\u00e1 r\u00edm\u00e9ad orainn an t-ard\u00e1n nua seo a bheith \u00e1 thabhairt ag TG4 do na heala\u00edona b\u00e9il traidisi\u00fanta\u201d, a d\u00fairt <strong>Liam \u00d3 Maolaodha,<\/strong> Sti\u00farth\u00f3ir an Oireachtais. \u00a0\u201cIs cuid f\u00edor-th\u00e1bhachtach iad d\u00e1r n-oidhreacht cult\u00fair agus teanga, agus feithicil luachmhar do shealbh\u00fa agus do bhuan\u00fa saibhreas Gaeilge i measc daoine \u00f3ga. T\u00e1 s\u00fail againn go spreagfaidh an cl\u00e1r nua seo tuilleadh daoine \u00f3ga le tabhairt faoi na heala\u00edona b\u00e9il.\u201d<\/span><\/p>\n<p>\u201cIs deas linn an fhorbairt is deireana\u00ed seo ar \u00e1r gcl\u00fadach Oireachtais a bheith d\u00edrithe ar an \u00f3ige\u201d a deir <strong>Alan Esslemont, <\/strong>Ardsti\u00farth\u00f3ir TG4.\u00a0 \u201cTugann an saibhreas teanga agus an deisbh\u00e9ala\u00edocht a fheictear sna com\u00f3rtais teanga-bhunaithe don \u00f3ige,\u00a0 siamsa\u00edocht don lucht f\u00e9achana agus spreagann d\u00f3chas agus misneach i bpobal na Gaeilge agus na Gaeltachta. T\u00e1 siad tr\u00e1th\u00fail ar gach bealach.\u201d<\/p>\n<p>Craolfar an cl\u00e1r ar TG4\u00a0 ar Aoine na f\u00e9ile, 3 Samhain 2017, \u00f3 8.00 p.m. \u2013 9.30 p.m agus beidh s\u00e9 ar f\u00e1il ar fud an domhain ar an Sheinnteoir TG4 <span><a href=\"http:\/\/www.tg4.tv\">www.tg4.tv<\/a><\/span><\/p>\n<p>I measc na gcraolta\u00ed beo eile a bheidh ar TG4 le linn Oireachtas na Samhna beidh\u00a0 <em>Nuacht TG4<\/em> \u00a0\u00a0tr\u00ed o\u00edche (D\u00e9 C\u00e9adaoin, D\u00e9ardaoin agus D\u00e9 hAoine) agus na pr\u00edomhchom\u00f3rtais damhsa ar an sean-n\u00f3s, \u00a0<em>Steip<\/em> ar Shatharn na F\u00e9ile. D\u00e9anfar sruth\u00fa beo ar shu\u00edomh idirl\u00edn TG4 ar Oscailt Oifigi\u00fail an Oireachtais, ar Bhronnadh na nGradam Cumars\u00e1ide agus ar na com\u00f3rtais daoine f\u00e1sta, ina measc, Corn U\u00ed Riada, Sean-N\u00f3s na mBan, Sean-N\u00f3s na bhFear, Agallamh Beirte, L\u00faib\u00edn\u00ed, Amhr\u00e1n Saothair agus Sceitse.<\/p>\n<p>Is i gCill Airne, Co. Chiarra\u00ed, a bheidh Oireachtas na Samhna ar si\u00fal, \u00f3 Ch\u00e9adaoin go Domhnach, 1 -5 Samhain 2017.\u00a0 Beidh an t-eolas is d\u00e9ana\u00ed ar f\u00e1il ar <span><a href=\"http:\/\/www.antoireachtas.ie\">www.antoireachtas.ie<\/a><\/span> idir seo agus an fh\u00e9ile.<\/p>\n<p><strong>Le haghaidh tuilleadh eolais:<\/strong><br \/>\nLouise N\u00ed Dh\u00e1ibh\u00e9id, Oireachtas na Gaeilge\u00a0 \u00a0 \u00a0 \u00a0 \u00a0 \u00a0 \u00a0T: 01 4753857 \u00a0 \u00a0 \u00a0 \u00a0 R:<a href=\"mailto:louise@antoireachtas.ie\">louise@antoireachtas.ie<\/a><\/p>\n","protected":false},"excerpt":{"rendered":"<p>\u201cT\u00e1 r\u00edm\u00e9ad orainn an t-ard\u00e1n nua seo a bheith \u00e1 thabhairt ag TG4 do na heala\u00edona b\u00e9il traidisi\u00fanta\u201d, a d\u00fairt Liam \u00d3 Maolaodha, Sti\u00farth\u00f3ir an Oireachtais. \u00a0\u201cIs cuid f\u00edor-th\u00e1bhachtach iad d\u00e1r n-oidhreacht cult\u00fair agus teanga, agus feithicil luachmhar do shealbh\u00fa agus do bhuan\u00fa saibhreas Gaeilge i measc daoine \u00f3ga. T\u00e1 s\u00fail againn go spreagfaidh an [&hellip;]<\/p>\n","protected":false},"author":999,"featured_media":53303,"parent":40345,"menu_order":8,"comment_status":"closed","ping_status":"closed","template":"page-templates\/template-pr.php","meta":{"_acf_changed":false,"footnotes":""},"acf":[],"yoast_head":"<!-- This site is optimized with the Yoast SEO plugin v22.6 - https:\/\/yoast.com\/wordpress\/plugins\/seo\/ -->\n<title>09.06.17 Oireachtas na Samhna - TG4<\/title>\n<meta name=\"robots\" content=\"index, follow, max-snippet:-1, max-image-preview:large, max-video-preview:-1\" \/>\n<meta property=\"og:locale\" content=\"en_US\" \/>\n<meta property=\"og:type\" content=\"article\" \/>\n<meta property=\"og:title\" content=\"09.06.17 Oireachtas na Samhna - TG4\" \/>\n<meta property=\"og:description\" content=\"\u201cT\u00e1 r\u00edm\u00e9ad orainn an t-ard\u00e1n nua seo a bheith \u00e1 thabhairt ag TG4 do na heala\u00edona b\u00e9il traidisi\u00fanta\u201d, a d\u00fairt Liam \u00d3 Maolaodha, Sti\u00farth\u00f3ir an Oireachtais. \u00a0\u201cIs cuid f\u00edor-th\u00e1bhachtach iad d\u00e1r n-oidhreacht cult\u00fair agus teanga, agus feithicil luachmhar do shealbh\u00fa agus do bhuan\u00fa saibhreas Gaeilge i measc daoine \u00f3ga. T\u00e1 s\u00fail againn go spreagfaidh an [&hellip;]\" \/>\n<meta property=\"og:url\" content=\"https:\/\/dev.tg4.ie\/ga\/eolas\/preas\/nuacht-raitis\/2017-2\/09-06-17-oireachtas-na-samhna\/\" \/>\n<meta property=\"og:site_name\" content=\"TG4\" \/>\n<meta property=\"article:publisher\" content=\"https:\/\/www.facebook.com\/TG4TV\" \/>\n<meta property=\"article:modified_time\" content=\"2019-06-25T08:37:14+00:00\" \/>\n<meta property=\"og:image\" content=\"https:\/\/tg4-docs.s3.amazonaws.com\/tg4-redesign-2015\/wp-content\/uploads\/2017\/06\/Oireachtas-LOGO.jpg\" \/>\n\t<meta property=\"og:image:width\" content=\"1920\" \/>\n\t<meta property=\"og:image:height\" content=\"1080\" \/>\n\t<meta property=\"og:image:type\" content=\"image\/jpeg\" \/>\n<meta name=\"twitter:card\" content=\"summary_large_image\" \/>\n<meta name=\"twitter:site\" content=\"@TG4TV\" \/>\n<meta name=\"twitter:label1\" content=\"Est. reading time\" \/>\n\t<meta name=\"twitter:data1\" content=\"2 minutes\" \/>\n<script type=\"application\/ld+json\" class=\"yoast-schema-graph\">{\"@context\":\"https:\/\/schema.org\",\"@graph\":[{\"@type\":\"WebPage\",\"@id\":\"https:\/\/dev.tg4.ie\/ga\/eolas\/preas\/nuacht-raitis\/2017-2\/09-06-17-oireachtas-na-samhna\/\",\"url\":\"https:\/\/dev.tg4.ie\/ga\/eolas\/preas\/nuacht-raitis\/2017-2\/09-06-17-oireachtas-na-samhna\/\",\"name\":\"09.06.17 Oireachtas na Samhna - TG4\",\"isPartOf\":{\"@id\":\"https:\/\/dev.tg4.ie\/en\/#website\"},\"primaryImageOfPage\":{\"@id\":\"https:\/\/dev.tg4.ie\/ga\/eolas\/preas\/nuacht-raitis\/2017-2\/09-06-17-oireachtas-na-samhna\/#primaryimage\"},\"image\":{\"@id\":\"https:\/\/dev.tg4.ie\/ga\/eolas\/preas\/nuacht-raitis\/2017-2\/09-06-17-oireachtas-na-samhna\/#primaryimage\"},\"thumbnailUrl\":\"https:\/\/tg4-docs.s3.amazonaws.com\/tg4-redesign-2015\/wp-content\/uploads\/2017\/06\/Oireachtas-LOGO.jpg\",\"datePublished\":\"2017-06-09T08:20:09+00:00\",\"dateModified\":\"2019-06-25T08:37:14+00:00\",\"breadcrumb\":{\"@id\":\"https:\/\/dev.tg4.ie\/ga\/eolas\/preas\/nuacht-raitis\/2017-2\/09-06-17-oireachtas-na-samhna\/#breadcrumb\"},\"inLanguage\":\"ga\",\"potentialAction\":[{\"@type\":\"ReadAction\",\"target\":[\"https:\/\/dev.tg4.ie\/ga\/eolas\/preas\/nuacht-raitis\/2017-2\/09-06-17-oireachtas-na-samhna\/\"]}]},{\"@type\":\"ImageObject\",\"inLanguage\":\"ga\",\"@id\":\"https:\/\/dev.tg4.ie\/ga\/eolas\/preas\/nuacht-raitis\/2017-2\/09-06-17-oireachtas-na-samhna\/#primaryimage\",\"url\":\"https:\/\/tg4-docs.s3.amazonaws.com\/tg4-redesign-2015\/wp-content\/uploads\/2017\/06\/Oireachtas-LOGO.jpg\",\"contentUrl\":\"https:\/\/tg4-docs.s3.amazonaws.com\/tg4-redesign-2015\/wp-content\/uploads\/2017\/06\/Oireachtas-LOGO.jpg\",\"width\":1920,\"height\":1080,\"caption\":\"Oireachtas\"},{\"@type\":\"BreadcrumbList\",\"@id\":\"https:\/\/dev.tg4.ie\/ga\/eolas\/preas\/nuacht-raitis\/2017-2\/09-06-17-oireachtas-na-samhna\/#breadcrumb\",\"itemListElement\":[{\"@type\":\"ListItem\",\"position\":1,\"name\":\"Home\",\"item\":\"https:\/\/dev.tg4.ie\/ga\/\"},{\"@type\":\"ListItem\",\"position\":2,\"name\":\"Eolas\",\"item\":\"https:\/\/dev.tg4.ie\/ga\/eolas\/\"},{\"@type\":\"ListItem\",\"position\":3,\"name\":\"Preas\",\"item\":\"https:\/\/dev.tg4.ie\/ga\/eolas\/preas\/\"},{\"@type\":\"ListItem\",\"position\":4,\"name\":\"Nuacht R\u00e1itis\",\"item\":\"https:\/\/dev.tg4.ie\/ga\/eolas\/preas\/nuacht-raitis\/\"},{\"@type\":\"ListItem\",\"position\":5,\"name\":\"2017\",\"item\":\"https:\/\/dev.tg4.ie\/ga\/eolas\/preas\/nuacht-raitis\/2017-2\/\"},{\"@type\":\"ListItem\",\"position\":6,\"name\":\"09.06.17 Oireachtas na Samhna\"}]},{\"@type\":\"WebSite\",\"@id\":\"https:\/\/dev.tg4.ie\/en\/#website\",\"url\":\"https:\/\/dev.tg4.ie\/en\/\",\"name\":\"TG4\",\"description\":\"S\u00fail Eile\",\"potentialAction\":[{\"@type\":\"SearchAction\",\"target\":{\"@type\":\"EntryPoint\",\"urlTemplate\":\"https:\/\/dev.tg4.ie\/en\/?s={search_term_string}\"},\"query-input\":\"required name=search_term_string\"}],\"inLanguage\":\"ga\"}]}<\/script>\n<!-- \/ Yoast SEO plugin. -->","yoast_head_json":{"title":"09.06.17 Oireachtas na Samhna - TG4","robots":{"index":"index","follow":"follow","max-snippet":"max-snippet:-1","max-image-preview":"max-image-preview:large","max-video-preview":"max-video-preview:-1"},"og_locale":"en_US","og_type":"article","og_title":"09.06.17 Oireachtas na Samhna - TG4","og_description":"\u201cT\u00e1 r\u00edm\u00e9ad orainn an t-ard\u00e1n nua seo a bheith \u00e1 thabhairt ag TG4 do na heala\u00edona b\u00e9il traidisi\u00fanta\u201d, a d\u00fairt Liam \u00d3 Maolaodha, Sti\u00farth\u00f3ir an Oireachtais. \u00a0\u201cIs cuid f\u00edor-th\u00e1bhachtach iad d\u00e1r n-oidhreacht cult\u00fair agus teanga, agus feithicil luachmhar do shealbh\u00fa agus do bhuan\u00fa saibhreas Gaeilge i measc daoine \u00f3ga. T\u00e1 s\u00fail againn go spreagfaidh an [&hellip;]","og_url":"https:\/\/dev.tg4.ie\/ga\/eolas\/preas\/nuacht-raitis\/2017-2\/09-06-17-oireachtas-na-samhna\/","og_site_name":"TG4","article_publisher":"https:\/\/www.facebook.com\/TG4TV","article_modified_time":"2019-06-25T08:37:14+00:00","og_image":[{"width":1920,"height":1080,"url":"https:\/\/tg4-docs.s3.amazonaws.com\/tg4-redesign-2015\/wp-content\/uploads\/2017\/06\/Oireachtas-LOGO.jpg","type":"image\/jpeg"}],"twitter_card":"summary_large_image","twitter_site":"@TG4TV","twitter_misc":{"Est. reading time":"2 minutes"},"schema":{"@context":"https:\/\/schema.org","@graph":[{"@type":"WebPage","@id":"https:\/\/dev.tg4.ie\/ga\/eolas\/preas\/nuacht-raitis\/2017-2\/09-06-17-oireachtas-na-samhna\/","url":"https:\/\/dev.tg4.ie\/ga\/eolas\/preas\/nuacht-raitis\/2017-2\/09-06-17-oireachtas-na-samhna\/","name":"09.06.17 Oireachtas na Samhna - TG4","isPartOf":{"@id":"https:\/\/dev.tg4.ie\/en\/#website"},"primaryImageOfPage":{"@id":"https:\/\/dev.tg4.ie\/ga\/eolas\/preas\/nuacht-raitis\/2017-2\/09-06-17-oireachtas-na-samhna\/#primaryimage"},"image":{"@id":"https:\/\/dev.tg4.ie\/ga\/eolas\/preas\/nuacht-raitis\/2017-2\/09-06-17-oireachtas-na-samhna\/#primaryimage"},"thumbnailUrl":"https:\/\/tg4-docs.s3.amazonaws.com\/tg4-redesign-2015\/wp-content\/uploads\/2017\/06\/Oireachtas-LOGO.jpg","datePublished":"2017-06-09T08:20:09+00:00","dateModified":"2019-06-25T08:37:14+00:00","breadcrumb":{"@id":"https:\/\/dev.tg4.ie\/ga\/eolas\/preas\/nuacht-raitis\/2017-2\/09-06-17-oireachtas-na-samhna\/#breadcrumb"},"inLanguage":"ga","potentialAction":[{"@type":"ReadAction","target":["https:\/\/dev.tg4.ie\/ga\/eolas\/preas\/nuacht-raitis\/2017-2\/09-06-17-oireachtas-na-samhna\/"]}]},{"@type":"ImageObject","inLanguage":"ga","@id":"https:\/\/dev.tg4.ie\/ga\/eolas\/preas\/nuacht-raitis\/2017-2\/09-06-17-oireachtas-na-samhna\/#primaryimage","url":"https:\/\/tg4-docs.s3.amazonaws.com\/tg4-redesign-2015\/wp-content\/uploads\/2017\/06\/Oireachtas-LOGO.jpg","contentUrl":"https:\/\/tg4-docs.s3.amazonaws.com\/tg4-redesign-2015\/wp-content\/uploads\/2017\/06\/Oireachtas-LOGO.jpg","width":1920,"height":1080,"caption":"Oireachtas"},{"@type":"BreadcrumbList","@id":"https:\/\/dev.tg4.ie\/ga\/eolas\/preas\/nuacht-raitis\/2017-2\/09-06-17-oireachtas-na-samhna\/#breadcrumb","itemListElement":[{"@type":"ListItem","position":1,"name":"Home","item":"https:\/\/dev.tg4.ie\/ga\/"},{"@type":"ListItem","position":2,"name":"Eolas","item":"https:\/\/dev.tg4.ie\/ga\/eolas\/"},{"@type":"ListItem","position":3,"name":"Preas","item":"https:\/\/dev.tg4.ie\/ga\/eolas\/preas\/"},{"@type":"ListItem","position":4,"name":"Nuacht R\u00e1itis","item":"https:\/\/dev.tg4.ie\/ga\/eolas\/preas\/nuacht-raitis\/"},{"@type":"ListItem","position":5,"name":"2017","item":"https:\/\/dev.tg4.ie\/ga\/eolas\/preas\/nuacht-raitis\/2017-2\/"},{"@type":"ListItem","position":6,"name":"09.06.17 Oireachtas na Samhna"}]},{"@type":"WebSite","@id":"https:\/\/dev.tg4.ie\/en\/#website","url":"https:\/\/dev.tg4.ie\/en\/","name":"TG4","description":"S\u00fail Eile","potentialAction":[{"@type":"SearchAction","target":{"@type":"EntryPoint","urlTemplate":"https:\/\/dev.tg4.ie\/en\/?s={search_term_string}"},"query-input":"required name=search_term_string"}],"inLanguage":"ga"}]}},"_links":{"self":[{"href":"https:\/\/dev.tg4.ie\/ga\/wp-json\/wp\/v2\/pages\/53307"}],"collection":[{"href":"https:\/\/dev.tg4.ie\/ga\/wp-json\/wp\/v2\/pages"}],"about":[{"href":"https:\/\/dev.tg4.ie\/ga\/wp-json\/wp\/v2\/types\/page"}],"author":[{"embeddable":true,"href":"https:\/\/dev.tg4.ie\/ga\/wp-json\/wp\/v2\/users\/999"}],"replies":[{"embeddable":true,"href":"https:\/\/dev.tg4.ie\/ga\/wp-json\/wp\/v2\/comments?post=53307"}],"version-history":[{"count":0,"href":"https:\/\/dev.tg4.ie\/ga\/wp-json\/wp\/v2\/pages\/53307\/revisions"}],"up":[{"embeddable":true,"href":"https:\/\/dev.tg4.ie\/ga\/wp-json\/wp\/v2\/pages\/40345"}],"wp:featuredmedia":[{"embeddable":true,"href":"https:\/\/dev.tg4.ie\/ga\/wp-json\/wp\/v2\/media\/53303"}],"wp:attachment":[{"href":"https:\/\/dev.tg4.ie\/ga\/wp-json\/wp\/v2\/media?parent=53307"}],"curies":[{"name":"wp","href":"https:\/\/api.w.org\/{rel}","templated":true}]}}