{"id":53944,"date":"2017-06-29T16:13:14","date_gmt":"2017-06-29T15:13:14","guid":{"rendered":"https:\/\/dev.tg4.ie\/?page_id=53944\/"},"modified":"2019-06-25T09:38:41","modified_gmt":"2019-06-25T08:38:41","slug":"29-06-17","status":"publish","type":"page","link":"https:\/\/dev.tg4.ie\/ga\/eolas\/preas\/nuacht-raitis\/2017-2\/29-06-17\/","title":{"rendered":"29.06.17 Amharc &#8211; Sc\u00e9im Nua Maoinithe"},"content":{"rendered":"<p>Tabharfaidh Amharc deis do dh\u00e9ant\u00f3ir\u00ed scann\u00e1n l\u00e9iri\u00fach\u00e1in shuntasacha uaillmhianacha a chruth\u00fa, l\u00e9iri\u00fach\u00e1in a chuirfidh le saibhreas phr\u00edomhsceideal cl\u00e1r BBC agus TG4 agus a thaispe\u00e1nfar sna hamharclanna chomh maith. Cuirfear gach r\u00e9imse eala\u00edne san \u00e1ireamh. Tabharfar t\u00fas \u00e1ite d\u2019\u00e1bhair chomhaimseartha ach glacfar le haon ch\u00f3iri\u00fa comhaimseartha ar shaothair stairi\u00fala leis.<\/p>\n<p>Leagfar b\u00e9im ar ch\u00f3irithe agus ar sc\u00e9ala\u00edocht at\u00e1 cruthaitheach nu\u00e1lach agus a bhfuil cur chuige acu a mheallfaidh an lucht f\u00e9achana is m\u00f3 agus is f\u00e9idir.<\/p>\n<p>\u00a3150,000 a bheidh sa phota maoinithe don ch\u00e9ad s\u00e9as\u00far den sc\u00e9im seo agus t\u00e1thar ag s\u00fail le dh\u00e1 thogra a mhaoini\u00fa. Ba cheart go mairfeadh na tionscadail 50-70 n\u00f3im\u00e9ad ar fad agus go mbeadh buis\u00e9ad \u00a375,000 ar a mh\u00e9ad acu. Mar sin f\u00e9in, d\u2019fh\u00e9adfadh go roghn\u00f3fa\u00ed togra\u00ed a bhfuil uaillmhian agus plean airgeadais n\u00edos m\u00f3 n\u00e1 sin acu ach iad cur isteach ar fhoins\u00ed eile airgid. N\u00ed m\u00f3r do na tionscadail a bheith i nGaeilge n\u00f3 d\u00e1theangach, ba ch\u00f3ir d\u00f3ibh a bheith ar HD agus n\u00ed m\u00f3r fotheidil Bh\u00e9arla a bheith leo chomh maith.<\/p>\n<p>T\u00e1thar ag s\u00fail go seolfar na tionscadail ag taispe\u00e1ntais amharclainne sula gcraolfar iad ar TG4 agus ar BBC go luath in 2019.<\/p>\n<p>Beidh an sc\u00e9im \u00e1 riar ag an CCG i gcomhar leis an BBC agus TG4 agus ba ch\u00f3ir go gcomhl\u00edonfadh na togra\u00ed tosa\u00edochta\u00ed agus aidhmeanna an CCG.<\/p>\n<p>Beidh ionadaithe \u00f3n CCG, TG4 agus BBC Thuaisceart \u00c9ireann freagrach as na hiarratais a roghn\u00fa.<\/p>\n<p>T\u00e1 tuilleadh eolais ar conas iarratas a dh\u00e9anamh anseo: <a href=\"http:\/\/www.northernirelandscreen.co.uk\/irish-language-broadcast-fund\/\">www.northernirelandscreen.co.uk\/irish-language-broadcast-fund\/<\/a><\/p>\n","protected":false},"excerpt":{"rendered":"<p>Tabharfaidh Amharc deis do dh\u00e9ant\u00f3ir\u00ed scann\u00e1n l\u00e9iri\u00fach\u00e1in shuntasacha uaillmhianacha a chruth\u00fa, l\u00e9iri\u00fach\u00e1in a chuirfidh le saibhreas phr\u00edomhsceideal cl\u00e1r BBC agus TG4 agus a thaispe\u00e1nfar sna hamharclanna chomh maith. Cuirfear gach r\u00e9imse eala\u00edne san \u00e1ireamh. Tabharfar t\u00fas \u00e1ite d\u2019\u00e1bhair chomhaimseartha ach glacfar le haon ch\u00f3iri\u00fa comhaimseartha ar shaothair stairi\u00fala leis. Leagfar b\u00e9im ar ch\u00f3irithe agus ar [&hellip;]<\/p>\n","protected":false},"author":999,"featured_media":53947,"parent":40345,"menu_order":9,"comment_status":"closed","ping_status":"closed","template":"page-templates\/template-pr.php","meta":{"_acf_changed":false,"footnotes":""},"acf":[],"yoast_head":"<!-- This site is optimized with the Yoast SEO plugin v22.6 - https:\/\/yoast.com\/wordpress\/plugins\/seo\/ -->\n<title>29.06.17 Amharc - Sc\u00e9im Nua Maoinithe - TG4<\/title>\n<meta name=\"robots\" content=\"index, follow, max-snippet:-1, max-image-preview:large, max-video-preview:-1\" \/>\n<meta property=\"og:locale\" content=\"en_US\" \/>\n<meta property=\"og:type\" content=\"article\" \/>\n<meta property=\"og:title\" content=\"29.06.17 Amharc - Sc\u00e9im Nua Maoinithe - TG4\" \/>\n<meta property=\"og:description\" content=\"Tabharfaidh Amharc deis do dh\u00e9ant\u00f3ir\u00ed scann\u00e1n l\u00e9iri\u00fach\u00e1in shuntasacha uaillmhianacha a chruth\u00fa, l\u00e9iri\u00fach\u00e1in a chuirfidh le saibhreas phr\u00edomhsceideal cl\u00e1r BBC agus TG4 agus a thaispe\u00e1nfar sna hamharclanna chomh maith. Cuirfear gach r\u00e9imse eala\u00edne san \u00e1ireamh. Tabharfar t\u00fas \u00e1ite d\u2019\u00e1bhair chomhaimseartha ach glacfar le haon ch\u00f3iri\u00fa comhaimseartha ar shaothair stairi\u00fala leis. Leagfar b\u00e9im ar ch\u00f3irithe agus ar [&hellip;]\" \/>\n<meta property=\"og:url\" content=\"https:\/\/dev.tg4.ie\/ga\/eolas\/preas\/nuacht-raitis\/2017-2\/29-06-17\/\" \/>\n<meta property=\"og:site_name\" content=\"TG4\" \/>\n<meta property=\"article:publisher\" content=\"https:\/\/www.facebook.com\/TG4TV\" \/>\n<meta property=\"article:modified_time\" content=\"2019-06-25T08:38:41+00:00\" \/>\n<meta property=\"og:image\" content=\"https:\/\/tg4-docs.s3.amazonaws.com\/tg4-redesign-2015\/wp-content\/uploads\/2017\/06\/BBC-Gaeilge.jpg\" \/>\n\t<meta property=\"og:image:width\" content=\"1920\" \/>\n\t<meta property=\"og:image:height\" content=\"1080\" \/>\n\t<meta property=\"og:image:type\" content=\"image\/jpeg\" \/>\n<meta name=\"twitter:card\" content=\"summary_large_image\" \/>\n<meta name=\"twitter:site\" content=\"@TG4TV\" \/>\n<meta name=\"twitter:label1\" content=\"Est. reading time\" \/>\n\t<meta name=\"twitter:data1\" content=\"1 minute\" \/>\n<script type=\"application\/ld+json\" class=\"yoast-schema-graph\">{\"@context\":\"https:\/\/schema.org\",\"@graph\":[{\"@type\":\"WebPage\",\"@id\":\"https:\/\/dev.tg4.ie\/ga\/eolas\/preas\/nuacht-raitis\/2017-2\/29-06-17\/\",\"url\":\"https:\/\/dev.tg4.ie\/ga\/eolas\/preas\/nuacht-raitis\/2017-2\/29-06-17\/\",\"name\":\"29.06.17 Amharc - Sc\u00e9im Nua Maoinithe - TG4\",\"isPartOf\":{\"@id\":\"https:\/\/dev.tg4.ie\/en\/#website\"},\"primaryImageOfPage\":{\"@id\":\"https:\/\/dev.tg4.ie\/ga\/eolas\/preas\/nuacht-raitis\/2017-2\/29-06-17\/#primaryimage\"},\"image\":{\"@id\":\"https:\/\/dev.tg4.ie\/ga\/eolas\/preas\/nuacht-raitis\/2017-2\/29-06-17\/#primaryimage\"},\"thumbnailUrl\":\"https:\/\/tg4-docs.s3.amazonaws.com\/tg4-redesign-2015\/wp-content\/uploads\/2017\/06\/BBC-Gaeilge.jpg\",\"datePublished\":\"2017-06-29T15:13:14+00:00\",\"dateModified\":\"2019-06-25T08:38:41+00:00\",\"breadcrumb\":{\"@id\":\"https:\/\/dev.tg4.ie\/ga\/eolas\/preas\/nuacht-raitis\/2017-2\/29-06-17\/#breadcrumb\"},\"inLanguage\":\"ga\",\"potentialAction\":[{\"@type\":\"ReadAction\",\"target\":[\"https:\/\/dev.tg4.ie\/ga\/eolas\/preas\/nuacht-raitis\/2017-2\/29-06-17\/\"]}]},{\"@type\":\"ImageObject\",\"inLanguage\":\"ga\",\"@id\":\"https:\/\/dev.tg4.ie\/ga\/eolas\/preas\/nuacht-raitis\/2017-2\/29-06-17\/#primaryimage\",\"url\":\"https:\/\/tg4-docs.s3.amazonaws.com\/tg4-redesign-2015\/wp-content\/uploads\/2017\/06\/BBC-Gaeilge.jpg\",\"contentUrl\":\"https:\/\/tg4-docs.s3.amazonaws.com\/tg4-redesign-2015\/wp-content\/uploads\/2017\/06\/BBC-Gaeilge.jpg\",\"width\":1920,\"height\":1080,\"caption\":\"Amharc\"},{\"@type\":\"BreadcrumbList\",\"@id\":\"https:\/\/dev.tg4.ie\/ga\/eolas\/preas\/nuacht-raitis\/2017-2\/29-06-17\/#breadcrumb\",\"itemListElement\":[{\"@type\":\"ListItem\",\"position\":1,\"name\":\"Home\",\"item\":\"https:\/\/dev.tg4.ie\/ga\/\"},{\"@type\":\"ListItem\",\"position\":2,\"name\":\"Eolas\",\"item\":\"https:\/\/dev.tg4.ie\/ga\/eolas\/\"},{\"@type\":\"ListItem\",\"position\":3,\"name\":\"Preas\",\"item\":\"https:\/\/dev.tg4.ie\/ga\/eolas\/preas\/\"},{\"@type\":\"ListItem\",\"position\":4,\"name\":\"Nuacht R\u00e1itis\",\"item\":\"https:\/\/dev.tg4.ie\/ga\/eolas\/preas\/nuacht-raitis\/\"},{\"@type\":\"ListItem\",\"position\":5,\"name\":\"2017\",\"item\":\"https:\/\/dev.tg4.ie\/ga\/eolas\/preas\/nuacht-raitis\/2017-2\/\"},{\"@type\":\"ListItem\",\"position\":6,\"name\":\"29.06.17 Amharc &#8211; Sc\u00e9im Nua Maoinithe\"}]},{\"@type\":\"WebSite\",\"@id\":\"https:\/\/dev.tg4.ie\/en\/#website\",\"url\":\"https:\/\/dev.tg4.ie\/en\/\",\"name\":\"TG4\",\"description\":\"S\u00fail Eile\",\"potentialAction\":[{\"@type\":\"SearchAction\",\"target\":{\"@type\":\"EntryPoint\",\"urlTemplate\":\"https:\/\/dev.tg4.ie\/en\/?s={search_term_string}\"},\"query-input\":\"required name=search_term_string\"}],\"inLanguage\":\"ga\"}]}<\/script>\n<!-- \/ Yoast SEO plugin. -->","yoast_head_json":{"title":"29.06.17 Amharc - Sc\u00e9im Nua Maoinithe - TG4","robots":{"index":"index","follow":"follow","max-snippet":"max-snippet:-1","max-image-preview":"max-image-preview:large","max-video-preview":"max-video-preview:-1"},"og_locale":"en_US","og_type":"article","og_title":"29.06.17 Amharc - Sc\u00e9im Nua Maoinithe - TG4","og_description":"Tabharfaidh Amharc deis do dh\u00e9ant\u00f3ir\u00ed scann\u00e1n l\u00e9iri\u00fach\u00e1in shuntasacha uaillmhianacha a chruth\u00fa, l\u00e9iri\u00fach\u00e1in a chuirfidh le saibhreas phr\u00edomhsceideal cl\u00e1r BBC agus TG4 agus a thaispe\u00e1nfar sna hamharclanna chomh maith. Cuirfear gach r\u00e9imse eala\u00edne san \u00e1ireamh. Tabharfar t\u00fas \u00e1ite d\u2019\u00e1bhair chomhaimseartha ach glacfar le haon ch\u00f3iri\u00fa comhaimseartha ar shaothair stairi\u00fala leis. Leagfar b\u00e9im ar ch\u00f3irithe agus ar [&hellip;]","og_url":"https:\/\/dev.tg4.ie\/ga\/eolas\/preas\/nuacht-raitis\/2017-2\/29-06-17\/","og_site_name":"TG4","article_publisher":"https:\/\/www.facebook.com\/TG4TV","article_modified_time":"2019-06-25T08:38:41+00:00","og_image":[{"width":1920,"height":1080,"url":"https:\/\/tg4-docs.s3.amazonaws.com\/tg4-redesign-2015\/wp-content\/uploads\/2017\/06\/BBC-Gaeilge.jpg","type":"image\/jpeg"}],"twitter_card":"summary_large_image","twitter_site":"@TG4TV","twitter_misc":{"Est. reading time":"1 minute"},"schema":{"@context":"https:\/\/schema.org","@graph":[{"@type":"WebPage","@id":"https:\/\/dev.tg4.ie\/ga\/eolas\/preas\/nuacht-raitis\/2017-2\/29-06-17\/","url":"https:\/\/dev.tg4.ie\/ga\/eolas\/preas\/nuacht-raitis\/2017-2\/29-06-17\/","name":"29.06.17 Amharc - Sc\u00e9im Nua Maoinithe - TG4","isPartOf":{"@id":"https:\/\/dev.tg4.ie\/en\/#website"},"primaryImageOfPage":{"@id":"https:\/\/dev.tg4.ie\/ga\/eolas\/preas\/nuacht-raitis\/2017-2\/29-06-17\/#primaryimage"},"image":{"@id":"https:\/\/dev.tg4.ie\/ga\/eolas\/preas\/nuacht-raitis\/2017-2\/29-06-17\/#primaryimage"},"thumbnailUrl":"https:\/\/tg4-docs.s3.amazonaws.com\/tg4-redesign-2015\/wp-content\/uploads\/2017\/06\/BBC-Gaeilge.jpg","datePublished":"2017-06-29T15:13:14+00:00","dateModified":"2019-06-25T08:38:41+00:00","breadcrumb":{"@id":"https:\/\/dev.tg4.ie\/ga\/eolas\/preas\/nuacht-raitis\/2017-2\/29-06-17\/#breadcrumb"},"inLanguage":"ga","potentialAction":[{"@type":"ReadAction","target":["https:\/\/dev.tg4.ie\/ga\/eolas\/preas\/nuacht-raitis\/2017-2\/29-06-17\/"]}]},{"@type":"ImageObject","inLanguage":"ga","@id":"https:\/\/dev.tg4.ie\/ga\/eolas\/preas\/nuacht-raitis\/2017-2\/29-06-17\/#primaryimage","url":"https:\/\/tg4-docs.s3.amazonaws.com\/tg4-redesign-2015\/wp-content\/uploads\/2017\/06\/BBC-Gaeilge.jpg","contentUrl":"https:\/\/tg4-docs.s3.amazonaws.com\/tg4-redesign-2015\/wp-content\/uploads\/2017\/06\/BBC-Gaeilge.jpg","width":1920,"height":1080,"caption":"Amharc"},{"@type":"BreadcrumbList","@id":"https:\/\/dev.tg4.ie\/ga\/eolas\/preas\/nuacht-raitis\/2017-2\/29-06-17\/#breadcrumb","itemListElement":[{"@type":"ListItem","position":1,"name":"Home","item":"https:\/\/dev.tg4.ie\/ga\/"},{"@type":"ListItem","position":2,"name":"Eolas","item":"https:\/\/dev.tg4.ie\/ga\/eolas\/"},{"@type":"ListItem","position":3,"name":"Preas","item":"https:\/\/dev.tg4.ie\/ga\/eolas\/preas\/"},{"@type":"ListItem","position":4,"name":"Nuacht R\u00e1itis","item":"https:\/\/dev.tg4.ie\/ga\/eolas\/preas\/nuacht-raitis\/"},{"@type":"ListItem","position":5,"name":"2017","item":"https:\/\/dev.tg4.ie\/ga\/eolas\/preas\/nuacht-raitis\/2017-2\/"},{"@type":"ListItem","position":6,"name":"29.06.17 Amharc &#8211; Sc\u00e9im Nua Maoinithe"}]},{"@type":"WebSite","@id":"https:\/\/dev.tg4.ie\/en\/#website","url":"https:\/\/dev.tg4.ie\/en\/","name":"TG4","description":"S\u00fail Eile","potentialAction":[{"@type":"SearchAction","target":{"@type":"EntryPoint","urlTemplate":"https:\/\/dev.tg4.ie\/en\/?s={search_term_string}"},"query-input":"required name=search_term_string"}],"inLanguage":"ga"}]}},"_links":{"self":[{"href":"https:\/\/dev.tg4.ie\/ga\/wp-json\/wp\/v2\/pages\/53944"}],"collection":[{"href":"https:\/\/dev.tg4.ie\/ga\/wp-json\/wp\/v2\/pages"}],"about":[{"href":"https:\/\/dev.tg4.ie\/ga\/wp-json\/wp\/v2\/types\/page"}],"author":[{"embeddable":true,"href":"https:\/\/dev.tg4.ie\/ga\/wp-json\/wp\/v2\/users\/999"}],"replies":[{"embeddable":true,"href":"https:\/\/dev.tg4.ie\/ga\/wp-json\/wp\/v2\/comments?post=53944"}],"version-history":[{"count":0,"href":"https:\/\/dev.tg4.ie\/ga\/wp-json\/wp\/v2\/pages\/53944\/revisions"}],"up":[{"embeddable":true,"href":"https:\/\/dev.tg4.ie\/ga\/wp-json\/wp\/v2\/pages\/40345"}],"wp:featuredmedia":[{"embeddable":true,"href":"https:\/\/dev.tg4.ie\/ga\/wp-json\/wp\/v2\/media\/53947"}],"wp:attachment":[{"href":"https:\/\/dev.tg4.ie\/ga\/wp-json\/wp\/v2\/media?parent=53944"}],"curies":[{"name":"wp","href":"https:\/\/api.w.org\/{rel}","templated":true}]}}