{"id":56258,"date":"2017-07-07T11:21:47","date_gmt":"2017-07-07T10:21:47","guid":{"rendered":"https:\/\/dev.tg4.ie\/?page_id=56258\/"},"modified":"2019-06-25T09:40:51","modified_gmt":"2019-06-25T08:40:51","slug":"song-granite","status":"publish","type":"page","link":"https:\/\/dev.tg4.ie\/ga\/eolas\/preas\/nuacht-raitis\/2017-2\/song-granite\/","title":{"rendered":"Song of Granite ag Fleadh Scann\u00e1n na Gaillimhe 2017"},"content":{"rendered":"<p>I measc na scann\u00e1n de chuid TG4 t\u00e1 <strong><em>Song of Granite <\/em><\/strong>arb \u00e9 an ch\u00e9ad scann\u00e1n \u00e9 a thaispe\u00e1nfar ag an bhf\u00e9ile an 11\u00fa I\u00fail. L\u00e9ir\u00edtear ann an saol a chaith an t-amhr\u00e1na\u00ed traidisi\u00fanta Gaeilge, Seosamh \u00d3 h\u00c9ana\u00ed agus mar a mh\u00fanlaigh t\u00edrdhreach \u00e1lainn ach achrannach Chonamara, lenar bhain miotas, finsc\u00e9alta agus amhr\u00e1in, an pearsa casta, cumasach seo.\u00a0\u00a0 Arna sti\u00faradh ag Pat Collins agus is iad Alan Maher agus Jessie Fisk \u00f3 Marcie Films a l\u00e9irigh an scann\u00e1n.<\/p>\n<p>An o\u00edche ina dhiaidh sin taispe\u00e1nfar <strong><em>Rocky Ros Muc<\/em><\/strong> ina scr\u00fada\u00edtear an spiorad a bhain le bheith ag troid sa bhf\u00e1inne agus an triobl\u00f3id lasmuigh de chomh maith le c\u00farsa\u00ed imirce agus an tionchar a bh\u00edonn aige ar fh\u00e9ini\u00falacht an duine.\u00a0\u00a0 I l\u00e1r na seacht\u00f3id\u00ed a d\u2019fh\u00e1g Se\u00e1n \u00d3 Mainn\u00edn Gaillimh le haghaidh a thabhairt ar Bhost\u00fan.\u00a0\u00a0 Ba mh\u00f3r an t-athr\u00fa \u00f3 bheith i Ros Muc go dt\u00ed bheith in ioma\u00edocht do chraobh an domhain sa dorn\u00e1la\u00edocht; \u00f3 bheith i do ch\u00f3na\u00ed i mbaile beag Gaeltachta i gConamara go dt\u00ed saol na coiri\u00falachta i measc \u2018Whitey\u2019 Bulger ar shr\u00e1ideanna achrannacha Bhost\u00fain.\u00a0\u00a0 Ins\u00edonn Rocky Ros Muc sc\u00e9al She\u00e1in U\u00ed Mhainn\u00edn; a shaol, a ghairm dorn\u00e1la\u00edochta, agus an thuas seal, th\u00edos seal a bhain lena shaol.\u00a0\u00a0 Fear a raibh anam agus cruas ann a raibh misneach agus m\u00f3rtas ag roinnt leis.\u00a0\u00a0 L\u00e9iri\u00fa \u00e9 seo de chuid Below the Radar i gcomhar leis an ILBF, MG Alba agus \u00dadar\u00e1s Craolach\u00e1in na h\u00c9ireann.\u00a0\u00a0 Arna sti\u00faradh ag Michael Fanning agus arna l\u00e9iri\u00fa ag\u00a0 M\u00e1ire Bhreathnach.\u00a0 \u00a0Is \u00e9 R\u00f3n\u00e1n Mac Con Iomaire a scr\u00edobh agus a bh\u00ed ina l\u00e9iritheoir comhlach.<\/p>\n<p>Taispe\u00e1nfar dr\u00e1ma staire Tom Collins <strong><em>Aithr\u00ed\/Penance <\/em><\/strong>\u00a0D\u00e9 Sathairn an 15\u00fa I\u00fail, sc\u00e9al a bhaineann leis an \u00c9ir\u00ed Amach i 1916 ach at\u00e1 lonnaithe n\u00edos gaire don am i l\u00e1thair.\u00a0 T\u00e1 an tAthair Eoin O\u2019Donnell cinnte nach bhfuil aon bhealach ach an l\u00e1mh l\u00e1idir leis na Sasanaigh a dh\u00edbirt as \u00c9irinn.\u00a0 Cuireann s\u00e9 ina lu\u00ed ar Antaine, fear \u00f3g ar furasta dul i bhfeidhm air, dul chun catha.\u00a0\u00a0 Ach t\u00e9ann ruda\u00ed \u00f3 smacht agus nuair a fh\u00e9achann Antaine \u00e9al\u00fa \u00f3 na p\u00f3il\u00edn\u00ed mara\u00edonn s\u00e9 a mh\u00e1thair de dhearmad. Tuigeann an tAthair Eoin an pointe sin go bhfuil an iomarca tionchair aige ar an bhfear \u00f3g.\u00a0\u00a0 \u00c9ala\u00edonn s\u00e9 go Doire, na m\u00edlte fada \u00f3 bhaile ag iarraidh aithr\u00ed.\u00a0\u00a0 Peter Coonan, Terry Byrne,<span>\u00a0<\/span>Barry Barnes &amp; Diona Doherty na pr\u00edomhaisteoir\u00ed sa scann\u00e1n seo a scr\u00edobh Greg \u00d3 Braon\u00e1in agus Tom Collins.\u00a0 Is \u00e9 Tom Collins in \u00e9ineacht le Edwina Forkin (Zanzibar Films) a l\u00e9irigh \u00e9. Arna mhaoini\u00fa ag Sc\u00e1ile\u00e1n Thuaisceart \u00c9ireann, Bord Scann\u00e1n an h\u00c9ireann, TG4 agus \u00dadar\u00e1s Craolach\u00e1in na h\u00c9ireann.<\/p>\n<p>D\u00e9anfaidh laoch m\u00f3r na hiom\u00e1na\u00edochta <strong>Ger Loughnane <\/strong>ini\u00fachadh ar an mbaint at\u00e1 ag \u00c9irinn leis an gcluiche haca oighir i gCeanada i <strong><em>Poc na nGael <\/em><\/strong>D\u00e9 Domhnaigh. \u00a0\u00a0Is cos\u00fail gur imircigh chun na t\u00edre a cheap an sp\u00f3rt, sp\u00f3rt a th\u00e1inig \u00f3n iom\u00e1int, sp\u00f3rt at\u00e1 an-ghar do chro\u00ed Ger.\u00a0\u00a0 Faigheann s\u00e9 amach mar a th\u00e1inig athr\u00fa ar an iom\u00e1int go dt\u00ed go raibh s\u00e9 ina haca.\u00a0\u00a0 Chuidigh an sp\u00f3rt a chum na Gaeil le hiad f\u00e9in a chur ar a gcosa i gCeanada freisin.\u00a0 \u00a0Bh\u00ed na h\u00c9ireannaigh i gcro\u00edl\u00e1r an chluiche a scaip fud fad n\u00e1isi\u00fan nua Cheanada.\u00a0\u00a0 Arna sti\u00faradh ag \u00c9amon \u00d3 Cual\u00e1in.\u00a0 I measc na rannph\u00e1irtithe t\u00e1 Ger Loughnane, Brendan Shanahon &amp; Geraldine Heaney. Sam Kingston, Niall Murphy &amp; Tadhg Mac Dhonnag\u00e1in a ch\u00f3irigh an script. \u00c9amonn \u00d3 Cual\u00e1in &amp; Sam Kingston a l\u00e9irigh.<\/p>\n<p>Taispe\u00e1nfar <strong><em>It Tolls for Thee<\/em><\/strong> D\u00e9ardaoin.\u00a0 Sc\u00e9al faoi chomhcheilg agus faoi mhisneach, n\u00ed hamh\u00e1in go raibh Mary Elmes, bean as \u00c9irinn, i gceartl\u00e1r cogadh amh\u00e1in sa fichi\u00fa haois ach bh\u00ed s\u00ed i gceartl\u00e1r p\u00e9ire. Le linn an chogaidh chathartha sa Sp\u00e1inn, thug Mary leana\u00ed go leor sl\u00e1n \u00f3 bhuama\u00ed a bh\u00ed \u00e1 scaoileadh as eitle\u00e1in de chuid na Gearm\u00e1ine agus na hIod\u00e1ile. Blianta gearra ina dhiaidh sin bh\u00ed an domhan i gcro\u00edl\u00e1r cogaidh eile nuair a f\u00e9achadh le dream ioml\u00e1n daoine a chur den tsaol ar fad.\u00a0\u00a0 N\u00ed bheadh Mary d\u00edomhaoin.\u00a0\u00a0 Arna insint ag Winona Ryder, t\u00e1 lear m\u00f3r picti\u00far sa scann\u00e1n seo \u00f3 chartlanna pr\u00edobh\u00e1ideacha chomh maith leo sin a th\u00e1inig sl\u00e1n, a bhu\u00edochas do Mary Elmes,\u00a0 a bheith p\u00e1irteach ann.\u00a0 Sc\u00e9al \u00e9 seo faoin maith ag f\u00e1il an cheann is fearr ar an olc.\u00a0\u00a0 Andrew Gallimore a scr\u00edobh an script agus a sti\u00fair an scann\u00e1n at\u00e1 \u00e1 insint ag Winona Ryder agus arna l\u00e9iri\u00fa ag Lucia Gavin.<\/p>\n<p>D\u00e9 hAoine a thaispe\u00e1nfar <strong><em>Ag Trasn\u00fa an Atlantaigh Dhuibh\/ Crossing the Black Atlantic<\/em><\/strong>. N\u00ed d\u00f3igh go bhfuil aon duine curtha i dtalamh in \u00c9irinn a bhfuil sc\u00e9al chomh sp\u00e9isi\u00fail ag baint leis le Tom Molineaux (1784-1818).\u00a0 Sular sheol s\u00e9 go Sasana, throid Molineaux lena dhoirne ar mhaithe lena \u00fain\u00e9ir agus leis an bpland\u00e1il a raibh s\u00e9 ina scl\u00e1bha\u00ed ann a thabhairt sl\u00e1n.\u00a0\u00a0 Ina dhiaidh sin i Sasana thug s\u00e9 d\u00fashl\u00e1n sheaimp\u00edn trom-mhe\u00e1chain an domhain, \u00f3c\u00e1id sp\u00f3irt a ndeirtear f\u00f3s faoi a bheith ar cheann de na h\u00f3c\u00e1id\u00ed is\u00a0 n\u00e1ir\u00ed i saol an sp\u00f3irt sa Bhreatain. \u00a0Rinneadh feall ar Molineaux agus f\u00e1gadh gan craobh gan pingin \u00e9 agus d\u00e1 thoradh thug s\u00e9 na cosa leis go h\u00c9irinn. Sc\u00e9al \u00e9 seo faoi mar a chr\u00edochnaigh scl\u00e1bha\u00ed agus seaimp\u00edn dorn\u00e1la\u00edochta in uaigh i nGaillimh.\u00a0\u00a0 Arna chomhsti\u00faradh ag Des Kilbane &amp; Andrew Gallimore. Arna l\u00e9iri\u00fa ag Orla Higgins &amp; Des Kilbane- Desk Productions.<\/p>\n<p>\u00c1 thaispe\u00e1int freisin D\u00e9 hAoine beidh <strong><em>Turas na hAilse. <\/em><\/strong>Faoi dh\u00f3 sa tseachtain, tugann othair ailse as D\u00fan na nGall faoi thuras bus 200 cilim\u00e9adar n\u00f3 aistear c\u00faig uair an chloig go Gaillimh chun radaiteiripe a fh\u00e1il in Ospid\u00e9al na hOllscoile Gaillimh \u2013 an t-ionad c\u00f3ire\u00e1la is gaire d\u00f3ibh.\u00a0\u00a0 I nGaillimh, cuireann siad f\u00fathu in Inis Aoibhinn, tearmann \u00f3n ospid\u00e9al. Rachaidh <em>Turas na hAilse \/ The Cancer Journey<\/em> ina dteannta ar an turas cr\u00f3ga, misni\u00fail seo agus l\u00e9ir\u00edonn spiorad agus anam na n-othar at\u00e1 i gceist. Arna l\u00e9iri\u00fa ag Hawkeye Films agus Phantom Limb Productions.<\/p>\n<p>&nbsp;<\/p>\n<p>Deir Ard-Sti\u00farth\u00f3ir TG4, <strong>Alan Esslemont<\/strong> <em>\u201cT\u00e1 dr\u00e1ma\u00edocht i gceartl\u00e1r na f\u00edse at\u00e1 ag TG4 d\u00e1 lucht f\u00e9achana \u00f3 buna\u00edodh an st\u00e1isi\u00fan agus t\u00e1 l\u00e9iritheoir\u00ed dr\u00e1ma\u00edochta TG4 ag buachan gradaim n\u00e1isi\u00fanta agus idirn\u00e1isi\u00fanta \u00f3 shin.\u00a0\u00a0 Is bre\u00e1 an rud an oiread scann\u00e1n de chuid TG4 a bheith \u00e1 dtaispe\u00e1int ag Fleadh Scann\u00e1n na Gaillimhe i mbliana.\u2019<\/em><br \/>\n<iframe loading=\"lazy\" width=\"560\" height=\"315\" src=\"https:\/\/www.youtube.com\/embed\/videoseries?list=PLZCDKZI5tB4qjKwJgX-EE74QPaeDZmeXH\" frameborder=\"0\" allowfullscreen><\/iframe><\/p>\n","protected":false},"excerpt":{"rendered":"<p>I measc na scann\u00e1n de chuid TG4 t\u00e1 Song of Granite arb \u00e9 an ch\u00e9ad scann\u00e1n \u00e9 a thaispe\u00e1nfar ag an bhf\u00e9ile an 11\u00fa I\u00fail. L\u00e9ir\u00edtear ann an saol a chaith an t-amhr\u00e1na\u00ed traidisi\u00fanta Gaeilge, Seosamh \u00d3 h\u00c9ana\u00ed agus mar a mh\u00fanlaigh t\u00edrdhreach \u00e1lainn ach achrannach Chonamara, lenar bhain miotas, finsc\u00e9alta agus amhr\u00e1in, an pearsa [&hellip;]<\/p>\n","protected":false},"author":999,"featured_media":56253,"parent":40345,"menu_order":10,"comment_status":"closed","ping_status":"closed","template":"page-templates\/template-pr.php","meta":{"_acf_changed":false,"footnotes":""},"acf":[],"yoast_head":"<!-- This site is optimized with the Yoast SEO plugin v22.6 - https:\/\/yoast.com\/wordpress\/plugins\/seo\/ -->\n<title>Song of Granite ag Fleadh Scann\u00e1n na Gaillimhe 2017 - TG4<\/title>\n<meta name=\"robots\" content=\"index, follow, max-snippet:-1, max-image-preview:large, max-video-preview:-1\" \/>\n<meta property=\"og:locale\" content=\"en_US\" \/>\n<meta property=\"og:type\" content=\"article\" \/>\n<meta property=\"og:title\" content=\"Song of Granite ag Fleadh Scann\u00e1n na Gaillimhe 2017 - TG4\" \/>\n<meta property=\"og:description\" content=\"I measc na scann\u00e1n de chuid TG4 t\u00e1 Song of Granite arb \u00e9 an ch\u00e9ad scann\u00e1n \u00e9 a thaispe\u00e1nfar ag an bhf\u00e9ile an 11\u00fa I\u00fail. L\u00e9ir\u00edtear ann an saol a chaith an t-amhr\u00e1na\u00ed traidisi\u00fanta Gaeilge, Seosamh \u00d3 h\u00c9ana\u00ed agus mar a mh\u00fanlaigh t\u00edrdhreach \u00e1lainn ach achrannach Chonamara, lenar bhain miotas, finsc\u00e9alta agus amhr\u00e1in, an pearsa [&hellip;]\" \/>\n<meta property=\"og:url\" content=\"https:\/\/dev.tg4.ie\/ga\/eolas\/preas\/nuacht-raitis\/2017-2\/song-granite\/\" \/>\n<meta property=\"og:site_name\" content=\"TG4\" \/>\n<meta property=\"article:publisher\" content=\"https:\/\/www.facebook.com\/TG4TV\" \/>\n<meta property=\"article:modified_time\" content=\"2019-06-25T08:40:51+00:00\" \/>\n<meta property=\"og:image\" content=\"https:\/\/tg4-docs.s3.amazonaws.com\/tg4-redesign-2015\/wp-content\/uploads\/2017\/07\/Rocky-Se%C3%A1n-%C3%93-Mainn%C3%ADn-sized.jpg\" \/>\n\t<meta property=\"og:image:width\" content=\"1280\" \/>\n\t<meta property=\"og:image:height\" content=\"855\" \/>\n\t<meta property=\"og:image:type\" content=\"image\/jpeg\" \/>\n<meta name=\"twitter:card\" content=\"summary_large_image\" \/>\n<meta name=\"twitter:site\" content=\"@TG4TV\" \/>\n<meta name=\"twitter:label1\" content=\"Est. reading time\" \/>\n\t<meta name=\"twitter:data1\" content=\"6 minutes\" \/>\n<script type=\"application\/ld+json\" class=\"yoast-schema-graph\">{\"@context\":\"https:\/\/schema.org\",\"@graph\":[{\"@type\":\"WebPage\",\"@id\":\"https:\/\/dev.tg4.ie\/ga\/eolas\/preas\/nuacht-raitis\/2017-2\/song-granite\/\",\"url\":\"https:\/\/dev.tg4.ie\/ga\/eolas\/preas\/nuacht-raitis\/2017-2\/song-granite\/\",\"name\":\"Song of Granite ag Fleadh Scann\u00e1n na Gaillimhe 2017 - TG4\",\"isPartOf\":{\"@id\":\"https:\/\/dev.tg4.ie\/en\/#website\"},\"primaryImageOfPage\":{\"@id\":\"https:\/\/dev.tg4.ie\/ga\/eolas\/preas\/nuacht-raitis\/2017-2\/song-granite\/#primaryimage\"},\"image\":{\"@id\":\"https:\/\/dev.tg4.ie\/ga\/eolas\/preas\/nuacht-raitis\/2017-2\/song-granite\/#primaryimage\"},\"thumbnailUrl\":\"https:\/\/tg4-docs.s3.amazonaws.com\/tg4-redesign-2015\/wp-content\/uploads\/2017\/07\/Rocky-Se%C3%A1n-%C3%93-Mainn%C3%ADn-sized.jpg\",\"datePublished\":\"2017-07-07T10:21:47+00:00\",\"dateModified\":\"2019-06-25T08:40:51+00:00\",\"breadcrumb\":{\"@id\":\"https:\/\/dev.tg4.ie\/ga\/eolas\/preas\/nuacht-raitis\/2017-2\/song-granite\/#breadcrumb\"},\"inLanguage\":\"ga\",\"potentialAction\":[{\"@type\":\"ReadAction\",\"target\":[\"https:\/\/dev.tg4.ie\/ga\/eolas\/preas\/nuacht-raitis\/2017-2\/song-granite\/\"]}]},{\"@type\":\"ImageObject\",\"inLanguage\":\"ga\",\"@id\":\"https:\/\/dev.tg4.ie\/ga\/eolas\/preas\/nuacht-raitis\/2017-2\/song-granite\/#primaryimage\",\"url\":\"https:\/\/tg4-docs.s3.amazonaws.com\/tg4-redesign-2015\/wp-content\/uploads\/2017\/07\/Rocky-Se%C3%A1n-%C3%93-Mainn%C3%ADn-sized.jpg\",\"contentUrl\":\"https:\/\/tg4-docs.s3.amazonaws.com\/tg4-redesign-2015\/wp-content\/uploads\/2017\/07\/Rocky-Se%C3%A1n-%C3%93-Mainn%C3%ADn-sized.jpg\",\"width\":1280,\"height\":855,\"caption\":\"Rocky Ros Muc Se\u00e1n \u00d3 Mainn\u00edn\"},{\"@type\":\"BreadcrumbList\",\"@id\":\"https:\/\/dev.tg4.ie\/ga\/eolas\/preas\/nuacht-raitis\/2017-2\/song-granite\/#breadcrumb\",\"itemListElement\":[{\"@type\":\"ListItem\",\"position\":1,\"name\":\"Home\",\"item\":\"https:\/\/dev.tg4.ie\/ga\/\"},{\"@type\":\"ListItem\",\"position\":2,\"name\":\"Eolas\",\"item\":\"https:\/\/dev.tg4.ie\/ga\/eolas\/\"},{\"@type\":\"ListItem\",\"position\":3,\"name\":\"Preas\",\"item\":\"https:\/\/dev.tg4.ie\/ga\/eolas\/preas\/\"},{\"@type\":\"ListItem\",\"position\":4,\"name\":\"Nuacht R\u00e1itis\",\"item\":\"https:\/\/dev.tg4.ie\/ga\/eolas\/preas\/nuacht-raitis\/\"},{\"@type\":\"ListItem\",\"position\":5,\"name\":\"2017\",\"item\":\"https:\/\/dev.tg4.ie\/ga\/eolas\/preas\/nuacht-raitis\/2017-2\/\"},{\"@type\":\"ListItem\",\"position\":6,\"name\":\"Song of Granite ag Fleadh Scann\u00e1n na Gaillimhe 2017\"}]},{\"@type\":\"WebSite\",\"@id\":\"https:\/\/dev.tg4.ie\/en\/#website\",\"url\":\"https:\/\/dev.tg4.ie\/en\/\",\"name\":\"TG4\",\"description\":\"S\u00fail Eile\",\"potentialAction\":[{\"@type\":\"SearchAction\",\"target\":{\"@type\":\"EntryPoint\",\"urlTemplate\":\"https:\/\/dev.tg4.ie\/en\/?s={search_term_string}\"},\"query-input\":\"required name=search_term_string\"}],\"inLanguage\":\"ga\"}]}<\/script>\n<!-- \/ Yoast SEO plugin. -->","yoast_head_json":{"title":"Song of Granite ag Fleadh Scann\u00e1n na Gaillimhe 2017 - TG4","robots":{"index":"index","follow":"follow","max-snippet":"max-snippet:-1","max-image-preview":"max-image-preview:large","max-video-preview":"max-video-preview:-1"},"og_locale":"en_US","og_type":"article","og_title":"Song of Granite ag Fleadh Scann\u00e1n na Gaillimhe 2017 - TG4","og_description":"I measc na scann\u00e1n de chuid TG4 t\u00e1 Song of Granite arb \u00e9 an ch\u00e9ad scann\u00e1n \u00e9 a thaispe\u00e1nfar ag an bhf\u00e9ile an 11\u00fa I\u00fail. L\u00e9ir\u00edtear ann an saol a chaith an t-amhr\u00e1na\u00ed traidisi\u00fanta Gaeilge, Seosamh \u00d3 h\u00c9ana\u00ed agus mar a mh\u00fanlaigh t\u00edrdhreach \u00e1lainn ach achrannach Chonamara, lenar bhain miotas, finsc\u00e9alta agus amhr\u00e1in, an pearsa [&hellip;]","og_url":"https:\/\/dev.tg4.ie\/ga\/eolas\/preas\/nuacht-raitis\/2017-2\/song-granite\/","og_site_name":"TG4","article_publisher":"https:\/\/www.facebook.com\/TG4TV","article_modified_time":"2019-06-25T08:40:51+00:00","og_image":[{"width":1280,"height":855,"url":"https:\/\/tg4-docs.s3.amazonaws.com\/tg4-redesign-2015\/wp-content\/uploads\/2017\/07\/Rocky-Se%C3%A1n-%C3%93-Mainn%C3%ADn-sized.jpg","type":"image\/jpeg"}],"twitter_card":"summary_large_image","twitter_site":"@TG4TV","twitter_misc":{"Est. reading time":"6 minutes"},"schema":{"@context":"https:\/\/schema.org","@graph":[{"@type":"WebPage","@id":"https:\/\/dev.tg4.ie\/ga\/eolas\/preas\/nuacht-raitis\/2017-2\/song-granite\/","url":"https:\/\/dev.tg4.ie\/ga\/eolas\/preas\/nuacht-raitis\/2017-2\/song-granite\/","name":"Song of Granite ag Fleadh Scann\u00e1n na Gaillimhe 2017 - TG4","isPartOf":{"@id":"https:\/\/dev.tg4.ie\/en\/#website"},"primaryImageOfPage":{"@id":"https:\/\/dev.tg4.ie\/ga\/eolas\/preas\/nuacht-raitis\/2017-2\/song-granite\/#primaryimage"},"image":{"@id":"https:\/\/dev.tg4.ie\/ga\/eolas\/preas\/nuacht-raitis\/2017-2\/song-granite\/#primaryimage"},"thumbnailUrl":"https:\/\/tg4-docs.s3.amazonaws.com\/tg4-redesign-2015\/wp-content\/uploads\/2017\/07\/Rocky-Se%C3%A1n-%C3%93-Mainn%C3%ADn-sized.jpg","datePublished":"2017-07-07T10:21:47+00:00","dateModified":"2019-06-25T08:40:51+00:00","breadcrumb":{"@id":"https:\/\/dev.tg4.ie\/ga\/eolas\/preas\/nuacht-raitis\/2017-2\/song-granite\/#breadcrumb"},"inLanguage":"ga","potentialAction":[{"@type":"ReadAction","target":["https:\/\/dev.tg4.ie\/ga\/eolas\/preas\/nuacht-raitis\/2017-2\/song-granite\/"]}]},{"@type":"ImageObject","inLanguage":"ga","@id":"https:\/\/dev.tg4.ie\/ga\/eolas\/preas\/nuacht-raitis\/2017-2\/song-granite\/#primaryimage","url":"https:\/\/tg4-docs.s3.amazonaws.com\/tg4-redesign-2015\/wp-content\/uploads\/2017\/07\/Rocky-Se%C3%A1n-%C3%93-Mainn%C3%ADn-sized.jpg","contentUrl":"https:\/\/tg4-docs.s3.amazonaws.com\/tg4-redesign-2015\/wp-content\/uploads\/2017\/07\/Rocky-Se%C3%A1n-%C3%93-Mainn%C3%ADn-sized.jpg","width":1280,"height":855,"caption":"Rocky Ros Muc Se\u00e1n \u00d3 Mainn\u00edn"},{"@type":"BreadcrumbList","@id":"https:\/\/dev.tg4.ie\/ga\/eolas\/preas\/nuacht-raitis\/2017-2\/song-granite\/#breadcrumb","itemListElement":[{"@type":"ListItem","position":1,"name":"Home","item":"https:\/\/dev.tg4.ie\/ga\/"},{"@type":"ListItem","position":2,"name":"Eolas","item":"https:\/\/dev.tg4.ie\/ga\/eolas\/"},{"@type":"ListItem","position":3,"name":"Preas","item":"https:\/\/dev.tg4.ie\/ga\/eolas\/preas\/"},{"@type":"ListItem","position":4,"name":"Nuacht R\u00e1itis","item":"https:\/\/dev.tg4.ie\/ga\/eolas\/preas\/nuacht-raitis\/"},{"@type":"ListItem","position":5,"name":"2017","item":"https:\/\/dev.tg4.ie\/ga\/eolas\/preas\/nuacht-raitis\/2017-2\/"},{"@type":"ListItem","position":6,"name":"Song of Granite ag Fleadh Scann\u00e1n na Gaillimhe 2017"}]},{"@type":"WebSite","@id":"https:\/\/dev.tg4.ie\/en\/#website","url":"https:\/\/dev.tg4.ie\/en\/","name":"TG4","description":"S\u00fail Eile","potentialAction":[{"@type":"SearchAction","target":{"@type":"EntryPoint","urlTemplate":"https:\/\/dev.tg4.ie\/en\/?s={search_term_string}"},"query-input":"required name=search_term_string"}],"inLanguage":"ga"}]}},"_links":{"self":[{"href":"https:\/\/dev.tg4.ie\/ga\/wp-json\/wp\/v2\/pages\/56258"}],"collection":[{"href":"https:\/\/dev.tg4.ie\/ga\/wp-json\/wp\/v2\/pages"}],"about":[{"href":"https:\/\/dev.tg4.ie\/ga\/wp-json\/wp\/v2\/types\/page"}],"author":[{"embeddable":true,"href":"https:\/\/dev.tg4.ie\/ga\/wp-json\/wp\/v2\/users\/999"}],"replies":[{"embeddable":true,"href":"https:\/\/dev.tg4.ie\/ga\/wp-json\/wp\/v2\/comments?post=56258"}],"version-history":[{"count":0,"href":"https:\/\/dev.tg4.ie\/ga\/wp-json\/wp\/v2\/pages\/56258\/revisions"}],"up":[{"embeddable":true,"href":"https:\/\/dev.tg4.ie\/ga\/wp-json\/wp\/v2\/pages\/40345"}],"wp:featuredmedia":[{"embeddable":true,"href":"https:\/\/dev.tg4.ie\/ga\/wp-json\/wp\/v2\/media\/56253"}],"wp:attachment":[{"href":"https:\/\/dev.tg4.ie\/ga\/wp-json\/wp\/v2\/media?parent=56258"}],"curies":[{"name":"wp","href":"https:\/\/api.w.org\/{rel}","templated":true}]}}