{"id":57690,"date":"2017-07-10T17:15:45","date_gmt":"2017-07-10T16:15:45","guid":{"rendered":"https:\/\/dev.tg4.ie\/?page_id=57690\/"},"modified":"2019-06-25T09:42:58","modified_gmt":"2019-06-25T08:42:58","slug":"rocky-ros-muc","status":"publish","type":"page","link":"https:\/\/dev.tg4.ie\/ga\/eolas\/preas\/nuacht-raitis\/2017-2\/rocky-ros-muc\/","title":{"rendered":"Rocky Ros Muc ag teacht abhaile"},"content":{"rendered":"<p>Scr\u00fada\u00edonn <strong><em>Rocky Ros Muc<\/em><\/strong> an spiorad a bhain le bheith ag troid sa bhf\u00e1inne agus an triobl\u00f3id lasmuigh de chomh maith le c\u00farsa\u00ed imirce agus an tionchar a bh\u00edonn aige ar fh\u00e9ini\u00falacht an duine.\u00a0\u00a0 I l\u00e1r na seacht\u00f3id\u00ed a d\u2019fh\u00e1g Se\u00e1n \u00d3 Mainn\u00edn Gaillimh le haghaidh a thabhairt ar Bhost\u00fan.\u00a0\u00a0 Ba mh\u00f3r an t-athr\u00fa \u00f3 bheith i Ros Muc go dt\u00ed bheith in ioma\u00edocht do chraobh an domhain sa dorn\u00e1la\u00edocht; \u00f3 bheith i do ch\u00f3na\u00ed i mbaile beag Gaeltachta i gConamara go dt\u00ed saol na coiri\u00falachta i measc \u2018Whitey\u2019 Bulger ar shr\u00e1ideanna achrannacha Bhost\u00fain.\u00a0\u00a0<\/p>\n<p>Ins\u00edonn Rocky Ros Muc sc\u00e9al She\u00e1in U\u00ed Mhainn\u00edn; a shaol, a ghairm dorn\u00e1la\u00edochta, agus an thuas seal, th\u00edos seal a bhain lena shaol.\u00a0\u00a0 Fear a raibh anam agus cruas ann a raibh misneach agus m\u00f3rtas ag roinnt leis.\u00a0\u00a0 L\u00e9iri\u00fa \u00e9 seo de chuid Below the Radar i gcomhar leis an ILBF, MG Alba agus \u00dadar\u00e1s Craolach\u00e1in na h\u00c9ireann.\u00a0\u00a0 Arna sti\u00faradh ag Michael Fanning agus arna l\u00e9iri\u00fa ag\u00a0 M\u00e1ire Bhreathnach.\u00a0\u00a0 Is \u00e9 R\u00f3n\u00e1n Mac Con Iomaire a scr\u00edobh agus a bh\u00ed ina l\u00e9iritheoir comhlach.<\/p>\n","protected":false},"excerpt":{"rendered":"<p>Scr\u00fada\u00edonn Rocky Ros Muc an spiorad a bhain le bheith ag troid sa bhf\u00e1inne agus an triobl\u00f3id lasmuigh de chomh maith le c\u00farsa\u00ed imirce agus an tionchar a bh\u00edonn aige ar fh\u00e9ini\u00falacht an duine.\u00a0\u00a0 I l\u00e1r na seacht\u00f3id\u00ed a d\u2019fh\u00e1g Se\u00e1n \u00d3 Mainn\u00edn Gaillimh le haghaidh a thabhairt ar Bhost\u00fan.\u00a0\u00a0 Ba mh\u00f3r an t-athr\u00fa \u00f3 [&hellip;]<\/p>\n","protected":false},"author":999,"featured_media":56253,"parent":40345,"menu_order":11,"comment_status":"closed","ping_status":"closed","template":"page-templates\/template-pr.php","meta":{"_acf_changed":false,"footnotes":""},"acf":[],"yoast_head":"<!-- This site is optimized with the Yoast SEO plugin v22.6 - https:\/\/yoast.com\/wordpress\/plugins\/seo\/ -->\n<title>Rocky Ros Muc ag teacht abhaile - TG4<\/title>\n<meta name=\"robots\" content=\"index, follow, max-snippet:-1, max-image-preview:large, max-video-preview:-1\" \/>\n<meta property=\"og:locale\" content=\"en_US\" \/>\n<meta property=\"og:type\" content=\"article\" \/>\n<meta property=\"og:title\" content=\"Rocky Ros Muc ag teacht abhaile - TG4\" \/>\n<meta property=\"og:description\" content=\"Scr\u00fada\u00edonn Rocky Ros Muc an spiorad a bhain le bheith ag troid sa bhf\u00e1inne agus an triobl\u00f3id lasmuigh de chomh maith le c\u00farsa\u00ed imirce agus an tionchar a bh\u00edonn aige ar fh\u00e9ini\u00falacht an duine.\u00a0\u00a0 I l\u00e1r na seacht\u00f3id\u00ed a d\u2019fh\u00e1g Se\u00e1n \u00d3 Mainn\u00edn Gaillimh le haghaidh a thabhairt ar Bhost\u00fan.\u00a0\u00a0 Ba mh\u00f3r an t-athr\u00fa \u00f3 [&hellip;]\" \/>\n<meta property=\"og:url\" content=\"https:\/\/dev.tg4.ie\/ga\/eolas\/preas\/nuacht-raitis\/2017-2\/rocky-ros-muc\/\" \/>\n<meta property=\"og:site_name\" content=\"TG4\" \/>\n<meta property=\"article:publisher\" content=\"https:\/\/www.facebook.com\/TG4TV\" \/>\n<meta property=\"article:modified_time\" content=\"2019-06-25T08:42:58+00:00\" \/>\n<meta property=\"og:image\" content=\"https:\/\/tg4-docs.s3.amazonaws.com\/tg4-redesign-2015\/wp-content\/uploads\/2017\/07\/Rocky-Se%C3%A1n-%C3%93-Mainn%C3%ADn-sized.jpg\" \/>\n\t<meta property=\"og:image:width\" content=\"1280\" \/>\n\t<meta property=\"og:image:height\" content=\"855\" \/>\n\t<meta property=\"og:image:type\" content=\"image\/jpeg\" \/>\n<meta name=\"twitter:card\" content=\"summary_large_image\" \/>\n<meta name=\"twitter:site\" content=\"@TG4TV\" \/>\n<meta name=\"twitter:label1\" content=\"Est. reading time\" \/>\n\t<meta name=\"twitter:data1\" content=\"1 minute\" \/>\n<script type=\"application\/ld+json\" class=\"yoast-schema-graph\">{\"@context\":\"https:\/\/schema.org\",\"@graph\":[{\"@type\":\"WebPage\",\"@id\":\"https:\/\/dev.tg4.ie\/ga\/eolas\/preas\/nuacht-raitis\/2017-2\/rocky-ros-muc\/\",\"url\":\"https:\/\/dev.tg4.ie\/ga\/eolas\/preas\/nuacht-raitis\/2017-2\/rocky-ros-muc\/\",\"name\":\"Rocky Ros Muc ag teacht abhaile - TG4\",\"isPartOf\":{\"@id\":\"https:\/\/dev.tg4.ie\/en\/#website\"},\"primaryImageOfPage\":{\"@id\":\"https:\/\/dev.tg4.ie\/ga\/eolas\/preas\/nuacht-raitis\/2017-2\/rocky-ros-muc\/#primaryimage\"},\"image\":{\"@id\":\"https:\/\/dev.tg4.ie\/ga\/eolas\/preas\/nuacht-raitis\/2017-2\/rocky-ros-muc\/#primaryimage\"},\"thumbnailUrl\":\"https:\/\/tg4-docs.s3.amazonaws.com\/tg4-redesign-2015\/wp-content\/uploads\/2017\/07\/Rocky-Se%C3%A1n-%C3%93-Mainn%C3%ADn-sized.jpg\",\"datePublished\":\"2017-07-10T16:15:45+00:00\",\"dateModified\":\"2019-06-25T08:42:58+00:00\",\"breadcrumb\":{\"@id\":\"https:\/\/dev.tg4.ie\/ga\/eolas\/preas\/nuacht-raitis\/2017-2\/rocky-ros-muc\/#breadcrumb\"},\"inLanguage\":\"ga\",\"potentialAction\":[{\"@type\":\"ReadAction\",\"target\":[\"https:\/\/dev.tg4.ie\/ga\/eolas\/preas\/nuacht-raitis\/2017-2\/rocky-ros-muc\/\"]}]},{\"@type\":\"ImageObject\",\"inLanguage\":\"ga\",\"@id\":\"https:\/\/dev.tg4.ie\/ga\/eolas\/preas\/nuacht-raitis\/2017-2\/rocky-ros-muc\/#primaryimage\",\"url\":\"https:\/\/tg4-docs.s3.amazonaws.com\/tg4-redesign-2015\/wp-content\/uploads\/2017\/07\/Rocky-Se%C3%A1n-%C3%93-Mainn%C3%ADn-sized.jpg\",\"contentUrl\":\"https:\/\/tg4-docs.s3.amazonaws.com\/tg4-redesign-2015\/wp-content\/uploads\/2017\/07\/Rocky-Se%C3%A1n-%C3%93-Mainn%C3%ADn-sized.jpg\",\"width\":1280,\"height\":855,\"caption\":\"Rocky Ros Muc Se\u00e1n \u00d3 Mainn\u00edn\"},{\"@type\":\"BreadcrumbList\",\"@id\":\"https:\/\/dev.tg4.ie\/ga\/eolas\/preas\/nuacht-raitis\/2017-2\/rocky-ros-muc\/#breadcrumb\",\"itemListElement\":[{\"@type\":\"ListItem\",\"position\":1,\"name\":\"Home\",\"item\":\"https:\/\/dev.tg4.ie\/ga\/\"},{\"@type\":\"ListItem\",\"position\":2,\"name\":\"Eolas\",\"item\":\"https:\/\/dev.tg4.ie\/ga\/eolas\/\"},{\"@type\":\"ListItem\",\"position\":3,\"name\":\"Preas\",\"item\":\"https:\/\/dev.tg4.ie\/ga\/eolas\/preas\/\"},{\"@type\":\"ListItem\",\"position\":4,\"name\":\"Nuacht R\u00e1itis\",\"item\":\"https:\/\/dev.tg4.ie\/ga\/eolas\/preas\/nuacht-raitis\/\"},{\"@type\":\"ListItem\",\"position\":5,\"name\":\"2017\",\"item\":\"https:\/\/dev.tg4.ie\/ga\/eolas\/preas\/nuacht-raitis\/2017-2\/\"},{\"@type\":\"ListItem\",\"position\":6,\"name\":\"Rocky Ros Muc ag teacht abhaile\"}]},{\"@type\":\"WebSite\",\"@id\":\"https:\/\/dev.tg4.ie\/en\/#website\",\"url\":\"https:\/\/dev.tg4.ie\/en\/\",\"name\":\"TG4\",\"description\":\"S\u00fail Eile\",\"potentialAction\":[{\"@type\":\"SearchAction\",\"target\":{\"@type\":\"EntryPoint\",\"urlTemplate\":\"https:\/\/dev.tg4.ie\/en\/?s={search_term_string}\"},\"query-input\":\"required name=search_term_string\"}],\"inLanguage\":\"ga\"}]}<\/script>\n<!-- \/ Yoast SEO plugin. -->","yoast_head_json":{"title":"Rocky Ros Muc ag teacht abhaile - TG4","robots":{"index":"index","follow":"follow","max-snippet":"max-snippet:-1","max-image-preview":"max-image-preview:large","max-video-preview":"max-video-preview:-1"},"og_locale":"en_US","og_type":"article","og_title":"Rocky Ros Muc ag teacht abhaile - TG4","og_description":"Scr\u00fada\u00edonn Rocky Ros Muc an spiorad a bhain le bheith ag troid sa bhf\u00e1inne agus an triobl\u00f3id lasmuigh de chomh maith le c\u00farsa\u00ed imirce agus an tionchar a bh\u00edonn aige ar fh\u00e9ini\u00falacht an duine.\u00a0\u00a0 I l\u00e1r na seacht\u00f3id\u00ed a d\u2019fh\u00e1g Se\u00e1n \u00d3 Mainn\u00edn Gaillimh le haghaidh a thabhairt ar Bhost\u00fan.\u00a0\u00a0 Ba mh\u00f3r an t-athr\u00fa \u00f3 [&hellip;]","og_url":"https:\/\/dev.tg4.ie\/ga\/eolas\/preas\/nuacht-raitis\/2017-2\/rocky-ros-muc\/","og_site_name":"TG4","article_publisher":"https:\/\/www.facebook.com\/TG4TV","article_modified_time":"2019-06-25T08:42:58+00:00","og_image":[{"width":1280,"height":855,"url":"https:\/\/tg4-docs.s3.amazonaws.com\/tg4-redesign-2015\/wp-content\/uploads\/2017\/07\/Rocky-Se%C3%A1n-%C3%93-Mainn%C3%ADn-sized.jpg","type":"image\/jpeg"}],"twitter_card":"summary_large_image","twitter_site":"@TG4TV","twitter_misc":{"Est. reading time":"1 minute"},"schema":{"@context":"https:\/\/schema.org","@graph":[{"@type":"WebPage","@id":"https:\/\/dev.tg4.ie\/ga\/eolas\/preas\/nuacht-raitis\/2017-2\/rocky-ros-muc\/","url":"https:\/\/dev.tg4.ie\/ga\/eolas\/preas\/nuacht-raitis\/2017-2\/rocky-ros-muc\/","name":"Rocky Ros Muc ag teacht abhaile - TG4","isPartOf":{"@id":"https:\/\/dev.tg4.ie\/en\/#website"},"primaryImageOfPage":{"@id":"https:\/\/dev.tg4.ie\/ga\/eolas\/preas\/nuacht-raitis\/2017-2\/rocky-ros-muc\/#primaryimage"},"image":{"@id":"https:\/\/dev.tg4.ie\/ga\/eolas\/preas\/nuacht-raitis\/2017-2\/rocky-ros-muc\/#primaryimage"},"thumbnailUrl":"https:\/\/tg4-docs.s3.amazonaws.com\/tg4-redesign-2015\/wp-content\/uploads\/2017\/07\/Rocky-Se%C3%A1n-%C3%93-Mainn%C3%ADn-sized.jpg","datePublished":"2017-07-10T16:15:45+00:00","dateModified":"2019-06-25T08:42:58+00:00","breadcrumb":{"@id":"https:\/\/dev.tg4.ie\/ga\/eolas\/preas\/nuacht-raitis\/2017-2\/rocky-ros-muc\/#breadcrumb"},"inLanguage":"ga","potentialAction":[{"@type":"ReadAction","target":["https:\/\/dev.tg4.ie\/ga\/eolas\/preas\/nuacht-raitis\/2017-2\/rocky-ros-muc\/"]}]},{"@type":"ImageObject","inLanguage":"ga","@id":"https:\/\/dev.tg4.ie\/ga\/eolas\/preas\/nuacht-raitis\/2017-2\/rocky-ros-muc\/#primaryimage","url":"https:\/\/tg4-docs.s3.amazonaws.com\/tg4-redesign-2015\/wp-content\/uploads\/2017\/07\/Rocky-Se%C3%A1n-%C3%93-Mainn%C3%ADn-sized.jpg","contentUrl":"https:\/\/tg4-docs.s3.amazonaws.com\/tg4-redesign-2015\/wp-content\/uploads\/2017\/07\/Rocky-Se%C3%A1n-%C3%93-Mainn%C3%ADn-sized.jpg","width":1280,"height":855,"caption":"Rocky Ros Muc Se\u00e1n \u00d3 Mainn\u00edn"},{"@type":"BreadcrumbList","@id":"https:\/\/dev.tg4.ie\/ga\/eolas\/preas\/nuacht-raitis\/2017-2\/rocky-ros-muc\/#breadcrumb","itemListElement":[{"@type":"ListItem","position":1,"name":"Home","item":"https:\/\/dev.tg4.ie\/ga\/"},{"@type":"ListItem","position":2,"name":"Eolas","item":"https:\/\/dev.tg4.ie\/ga\/eolas\/"},{"@type":"ListItem","position":3,"name":"Preas","item":"https:\/\/dev.tg4.ie\/ga\/eolas\/preas\/"},{"@type":"ListItem","position":4,"name":"Nuacht R\u00e1itis","item":"https:\/\/dev.tg4.ie\/ga\/eolas\/preas\/nuacht-raitis\/"},{"@type":"ListItem","position":5,"name":"2017","item":"https:\/\/dev.tg4.ie\/ga\/eolas\/preas\/nuacht-raitis\/2017-2\/"},{"@type":"ListItem","position":6,"name":"Rocky Ros Muc ag teacht abhaile"}]},{"@type":"WebSite","@id":"https:\/\/dev.tg4.ie\/en\/#website","url":"https:\/\/dev.tg4.ie\/en\/","name":"TG4","description":"S\u00fail Eile","potentialAction":[{"@type":"SearchAction","target":{"@type":"EntryPoint","urlTemplate":"https:\/\/dev.tg4.ie\/en\/?s={search_term_string}"},"query-input":"required name=search_term_string"}],"inLanguage":"ga"}]}},"_links":{"self":[{"href":"https:\/\/dev.tg4.ie\/ga\/wp-json\/wp\/v2\/pages\/57690"}],"collection":[{"href":"https:\/\/dev.tg4.ie\/ga\/wp-json\/wp\/v2\/pages"}],"about":[{"href":"https:\/\/dev.tg4.ie\/ga\/wp-json\/wp\/v2\/types\/page"}],"author":[{"embeddable":true,"href":"https:\/\/dev.tg4.ie\/ga\/wp-json\/wp\/v2\/users\/999"}],"replies":[{"embeddable":true,"href":"https:\/\/dev.tg4.ie\/ga\/wp-json\/wp\/v2\/comments?post=57690"}],"version-history":[{"count":0,"href":"https:\/\/dev.tg4.ie\/ga\/wp-json\/wp\/v2\/pages\/57690\/revisions"}],"up":[{"embeddable":true,"href":"https:\/\/dev.tg4.ie\/ga\/wp-json\/wp\/v2\/pages\/40345"}],"wp:featuredmedia":[{"embeddable":true,"href":"https:\/\/dev.tg4.ie\/ga\/wp-json\/wp\/v2\/media\/56253"}],"wp:attachment":[{"href":"https:\/\/dev.tg4.ie\/ga\/wp-json\/wp\/v2\/media?parent=57690"}],"curies":[{"name":"wp","href":"https:\/\/api.w.org\/{rel}","templated":true}]}}